{"id":78651,"date":"2025-10-27T17:10:16","date_gmt":"2025-10-27T15:10:16","guid":{"rendered":"https:\/\/kidsplay.lt\/produktas\/woopie-daugiafunkcine-rgb-lempa-bluetooth-garsiakalbis-karaoke-balso-moduliatorius\/"},"modified":"2026-04-07T10:16:39","modified_gmt":"2026-04-07T07:16:39","slug":"woopie-daugiafunkcine-rgb-lempa-bluetooth-garsiakalbis-karaoke-balso-moduliatorius","status":"publish","type":"product","link":"https:\/\/kidsplay.lt\/lv\/products\/woopie-daugiafunkcine-rgb-lempa-bluetooth-garsiakalbis-karaoke-balso-moduliatorius\/","title":{"rendered":"WOOPIE Daugiafunkcin\u0117 RGB lempa, Bluetooth garsiakalbis, Karaoke balso moduliatorius."},"content":{"rendered":"<p>L<\/p>\n<p>RGB lemput\u0117 su \u012fmontuotu prek\u0117s \u017eenklo garsiakalbiu\u00a0Woopie\u00a0tai pavers bet kur\u012f kambar\u012f muzikine scena!\u00a0Interaktyvus prane\u0161\u0117jas\u00a0ka\u010diuko formos su\u00a0laidinis mikrofonas\u00a0tai leid\u017eia vaikams dainuoti, klausytis m\u0117gstam\u0173 dain\u0173 ir m\u0117gautis spalvingu foniniu ap\u0161vietimu. Garso sistema\u00a0stereo 360\u00b0\u00a0tai leid\u017eia patogiai klausytis muzikos bet kurioje vietoje.\u00a0Intuityvus tvarkymas,\u00a0\u012fdomus dizainas ir daugyb\u0117 funkcij\u0173 suteiks valand\u0173 valandas labai smagu.<\/p>\n<p>PASI\u016aLYMAS TAIKOMAS TURKIO SPALVOS GAMINIUI<\/p>\n<p>Raksturojums:<\/p>\n<p> \t&#8211; Vaikams nuo\u00a03 metu<br \/>\n \t&#8211; Belaidis Bluetooth 5.0 ry\u0161ys<br \/>\n \t&#8211; Ilgas baterijos veikimo laikas iki\u00a06 valand\u0173<br \/>\n \t&#8211; AUX prievadas mikrofonui prijungti<br \/>\n \t&#8211; Laidinis mikrofonas<br \/>\n \t&#8211; MicroSD atminties kortel\u0117s palaikymas<br \/>\n \t&#8211; Daugiaspalvis LED foninis ap\u0161vietimas, lempa gali \u0161vyt\u0117ti 7 skirtingomis spalvomis<br \/>\n \t&#8211;\u00a03 Ry\u0161kumo lygiai\u00a0balta \u0161viesa<br \/>\n \t&#8211; Garsas\u00a0stereo 360\u00b0 garantuoja ai\u0161k\u0173 gars\u0105<br \/>\n \t&#8211; Karaoke re\u017eimas<br \/>\n \t&#8211; Balso moduliatorius konvertuos j\u016bs\u0173 bals\u0105 \u012f vien\u0105 i\u0161 4 galim\u0173 re\u017eim\u0173 (vaikas, ateivis, demonas, standartas)<br \/>\n \t&#8211; \u012ekrovimas per USB-C kabel\u012f<br \/>\n \t&#8211; Intuityvus veikimas ir dideli, \u012fskaitomi mygtukai ant korpuso<\/p>\n<p>Komplekt\u0101 ietilpst:<\/p>\n<p> \t&#8211; Kat\u0117s formos interaktyvus garsiakalbis<br \/>\n \t&#8211; Laidinis karaoke mikrofonas<br \/>\n \t&#8211; USB \u012fkrovimo kabelis<br \/>\n \t&#8211; Naudotojo vadovas<\/p>","protected":false},"excerpt":{"rendered":"<p>L RGB lemput\u0117 su \u012fmontuotu prek\u0117s \u017eenklo garsiakalbiu\u00a0Woopie\u00a0tai pavers bet kur\u012f kambar\u012f muzikine scena!\u00a0Interaktyvus prane\u0161\u0117jas\u00a0ka\u010diuko formos su\u00a0laidinis mikrofonas\u00a0tai leid\u017eia vaikams<\/p>","protected":false},"featured_media":78653,"template":"","meta":{"_acf_changed":false,"_glsr_average":0,"_glsr_ranking":0,"_glsr_reviews":0},"product_brand":[],"product_cat":[449,229],"product_tag":[],"class_list":{"0":"post-78651","1":"product","2":"type-product","3":"status-publish","4":"has-post-thumbnail","6":"product_cat-muzikiniai","7":"product_cat-zaislai-vaikams","8":"\"style=\"background-color: #2ecc711c;\"","10":"first","11":"instock","12":"purchasable","13":"product-type-simple"},"acf":[],"yoast_head":"<!-- This site is optimized with the Yoast SEO plugin v27.3 - https:\/\/yoast.com\/product\/yoast-seo-wordpress\/ -->\n<title>WOOPIE Daugiafunkcin\u0117 RGB lempa, Bluetooth garsiakalbis, Karaoke balso moduliatorius.<\/title>\n<meta name=\"description\" content=\"WOOPIE Daugiafunkcin\u0117 RGB lempa, Bluetooth garsiakalbis, Karaoke balso moduliatorius. - KidsPlay. Did\u017eiausias vaik\u0173 \u017eaisl\u0173 pasirinkimas.\" \/>\n<meta name=\"robots\" content=\"index, follow, max-snippet:-1, max-image-preview:large, max-video-preview:-1\" \/>\n<link rel=\"canonical\" href=\"https:\/\/kidsplay.lt\/lv\/products\/woopie-daugiafunkcine-rgb-lempa-bluetooth-garsiakalbis-karaoke-balso-moduliatorius\/\" \/>\n<meta property=\"og:locale\" content=\"lv_LV\" \/>\n<meta property=\"og:type\" content=\"article\" \/>\n<meta property=\"og:title\" content=\"WOOPIE Daugiafunkcin\u0117 RGB lempa, Bluetooth garsiakalbis, Karaoke balso moduliatorius.\" \/>\n<meta property=\"og:description\" content=\"WOOPIE Daugiafunkcin\u0117 RGB lempa, Bluetooth garsiakalbis, Karaoke balso moduliatorius. - KidsPlay. Did\u017eiausias vaik\u0173 \u017eaisl\u0173 pasirinkimas.\" \/>\n<meta property=\"og:url\" content=\"https:\/\/kidsplay.lt\/lv\/products\/woopie-daugiafunkcine-rgb-lempa-bluetooth-garsiakalbis-karaoke-balso-moduliatorius\/\" \/>\n<meta property=\"og:site_name\" content=\"KidsPlay\" \/>\n<meta property=\"article:publisher\" content=\"https:\/\/www.facebook.com\/www.kidsplay.lt\" \/>\n<meta property=\"article:modified_time\" content=\"2026-04-07T07:16:39+00:00\" \/>\n<meta property=\"og:image\" content=\"https:\/\/kidsplay.lt\/wp-content\/uploads\/2025\/10\/WOOPIE-Daugiafunkcine-RGB-lempa-Bluetooth-garsiakalbis-Karaoke-balso-moduliatorius.jpg\" \/>\n\t<meta property=\"og:image:width\" content=\"1000\" \/>\n\t<meta property=\"og:image:height\" content=\"1000\" \/>\n\t<meta property=\"og:image:type\" content=\"image\/jpeg\" \/>\n<meta name=\"twitter:card\" content=\"summary_large_image\" \/>\n<meta name=\"twitter:label1\" content=\"Est. reading time\" \/>\n\t<meta name=\"twitter:data1\" content=\"1 min\u016bte\" \/>\n<script type=\"application\/ld+json\" class=\"yoast-schema-graph\">{\"@context\":\"https:\\\/\\\/schema.org\",\"@graph\":[{\"@type\":\"WebPage\",\"@id\":\"https:\\\/\\\/kidsplay.lt\\\/produktas\\\/woopie-daugiafunkcine-rgb-lempa-bluetooth-garsiakalbis-karaoke-balso-moduliatorius\\\/\",\"url\":\"https:\\\/\\\/kidsplay.lt\\\/produktas\\\/woopie-daugiafunkcine-rgb-lempa-bluetooth-garsiakalbis-karaoke-balso-moduliatorius\\\/\",\"name\":\"WOOPIE Daugiafunkcin\u0117 RGB lempa, Bluetooth garsiakalbis, Karaoke balso moduliatorius.\",\"isPartOf\":{\"@id\":\"https:\\\/\\\/kidsplay.lt\\\/#website\"},\"primaryImageOfPage\":{\"@id\":\"https:\\\/\\\/kidsplay.lt\\\/produktas\\\/woopie-daugiafunkcine-rgb-lempa-bluetooth-garsiakalbis-karaoke-balso-moduliatorius\\\/#primaryimage\"},\"image\":{\"@id\":\"https:\\\/\\\/kidsplay.lt\\\/produktas\\\/woopie-daugiafunkcine-rgb-lempa-bluetooth-garsiakalbis-karaoke-balso-moduliatorius\\\/#primaryimage\"},\"thumbnailUrl\":\"https:\\\/\\\/kidsplay.lt\\\/wp-content\\\/uploads\\\/2025\\\/10\\\/WOOPIE-Daugiafunkcine-RGB-lempa-Bluetooth-garsiakalbis-Karaoke-balso-moduliatorius.jpg\",\"datePublished\":\"2025-10-27T15:10:16+00:00\",\"dateModified\":\"2026-04-07T07:16:39+00:00\",\"description\":\"WOOPIE Daugiafunkcin\u0117 RGB lempa, Bluetooth garsiakalbis, Karaoke balso moduliatorius. - KidsPlay. Did\u017eiausias vaik\u0173 \u017eaisl\u0173 pasirinkimas.\",\"breadcrumb\":{\"@id\":\"https:\\\/\\\/kidsplay.lt\\\/produktas\\\/woopie-daugiafunkcine-rgb-lempa-bluetooth-garsiakalbis-karaoke-balso-moduliatorius\\\/#breadcrumb\"},\"inLanguage\":\"lv-LV\",\"potentialAction\":[{\"@type\":\"ReadAction\",\"target\":[\"https:\\\/\\\/kidsplay.lt\\\/produktas\\\/woopie-daugiafunkcine-rgb-lempa-bluetooth-garsiakalbis-karaoke-balso-moduliatorius\\\/\"]}]},{\"@type\":\"ImageObject\",\"inLanguage\":\"lv-LV\",\"@id\":\"https:\\\/\\\/kidsplay.lt\\\/produktas\\\/woopie-daugiafunkcine-rgb-lempa-bluetooth-garsiakalbis-karaoke-balso-moduliatorius\\\/#primaryimage\",\"url\":\"https:\\\/\\\/kidsplay.lt\\\/wp-content\\\/uploads\\\/2025\\\/10\\\/WOOPIE-Daugiafunkcine-RGB-lempa-Bluetooth-garsiakalbis-Karaoke-balso-moduliatorius.jpg\",\"contentUrl\":\"https:\\\/\\\/kidsplay.lt\\\/wp-content\\\/uploads\\\/2025\\\/10\\\/WOOPIE-Daugiafunkcine-RGB-lempa-Bluetooth-garsiakalbis-Karaoke-balso-moduliatorius.jpg\",\"width\":1000,\"height\":1000,\"caption\":\"WOOPIE Daugiafunkcin\u0117 RGB lempa\"},{\"@type\":\"BreadcrumbList\",\"@id\":\"https:\\\/\\\/kidsplay.lt\\\/produktas\\\/woopie-daugiafunkcine-rgb-lempa-bluetooth-garsiakalbis-karaoke-balso-moduliatorius\\\/#breadcrumb\",\"itemListElement\":[{\"@type\":\"ListItem\",\"position\":1,\"name\":\"Pagrindinis\",\"item\":\"https:\\\/\\\/kidsplay.lt\\\/\"},{\"@type\":\"ListItem\",\"position\":2,\"name\":\"Parduotuv\u0117\",\"item\":\"https:\\\/\\\/kidsplay.lt\\\/parduotuve\\\/\"},{\"@type\":\"ListItem\",\"position\":3,\"name\":\"WOOPIE Daugiafunkcin\u0117 RGB lempa, Bluetooth garsiakalbis, Karaoke balso moduliatorius.\"}]},{\"@type\":\"WebSite\",\"@id\":\"https:\\\/\\\/kidsplay.lt\\\/#website\",\"url\":\"https:\\\/\\\/kidsplay.lt\\\/\",\"name\":\"Kidsplay.lt\",\"description\":\"\u012evairios prek\u0117s vaikams\",\"publisher\":{\"@id\":\"https:\\\/\\\/kidsplay.lt\\\/#organization\"},\"alternateName\":\"Kidsplay\",\"potentialAction\":[{\"@type\":\"SearchAction\",\"target\":{\"@type\":\"EntryPoint\",\"urlTemplate\":\"https:\\\/\\\/kidsplay.lt\\\/?s={search_term_string}\"},\"query-input\":{\"@type\":\"PropertyValueSpecification\",\"valueRequired\":true,\"valueName\":\"search_term_string\"}}],\"inLanguage\":\"lv-LV\"},{\"@type\":\"Organization\",\"@id\":\"https:\\\/\\\/kidsplay.lt\\\/#organization\",\"name\":\"KidsPlay\",\"url\":\"https:\\\/\\\/kidsplay.lt\\\/\",\"logo\":{\"@type\":\"ImageObject\",\"inLanguage\":\"lv-LV\",\"@id\":\"https:\\\/\\\/kidsplay.lt\\\/#\\\/schema\\\/logo\\\/image\\\/\",\"url\":\"https:\\\/\\\/kidsplay.lt\\\/wp-content\\\/uploads\\\/2023\\\/07\\\/kidsplay-logo.png\",\"contentUrl\":\"https:\\\/\\\/kidsplay.lt\\\/wp-content\\\/uploads\\\/2023\\\/07\\\/kidsplay-logo.png\",\"width\":451,\"height\":98,\"caption\":\"KidsPlay\"},\"image\":{\"@id\":\"https:\\\/\\\/kidsplay.lt\\\/#\\\/schema\\\/logo\\\/image\\\/\"},\"sameAs\":[\"https:\\\/\\\/www.facebook.com\\\/www.kidsplay.lt\"]}]}<\/script>\n<!-- \/ Yoast SEO plugin. -->","yoast_head_json":{"title":"WOOPIE Daugiafunkcin\u0117 RGB lempa, Bluetooth garsiakalbis, Karaoke balso moduliatorius.","description":"WOOPIE Daugiafunkcin\u0117 RGB lempa, Bluetooth garsiakalbis, Karaoke balso moduliatorius. - KidsPlay. Did\u017eiausias vaik\u0173 \u017eaisl\u0173 pasirinkimas.","robots":{"index":"index","follow":"follow","max-snippet":"max-snippet:-1","max-image-preview":"max-image-preview:large","max-video-preview":"max-video-preview:-1"},"canonical":"https:\/\/kidsplay.lt\/lv\/products\/woopie-daugiafunkcine-rgb-lempa-bluetooth-garsiakalbis-karaoke-balso-moduliatorius\/","og_locale":"lv_LV","og_type":"article","og_title":"WOOPIE Daugiafunkcin\u0117 RGB lempa, Bluetooth garsiakalbis, Karaoke balso moduliatorius.","og_description":"WOOPIE Daugiafunkcin\u0117 RGB lempa, Bluetooth garsiakalbis, Karaoke balso moduliatorius. - KidsPlay. Did\u017eiausias vaik\u0173 \u017eaisl\u0173 pasirinkimas.","og_url":"https:\/\/kidsplay.lt\/lv\/products\/woopie-daugiafunkcine-rgb-lempa-bluetooth-garsiakalbis-karaoke-balso-moduliatorius\/","og_site_name":"KidsPlay","article_publisher":"https:\/\/www.facebook.com\/www.kidsplay.lt","article_modified_time":"2026-04-07T07:16:39+00:00","og_image":[{"width":1000,"height":1000,"url":"https:\/\/kidsplay.lt\/wp-content\/uploads\/2025\/10\/WOOPIE-Daugiafunkcine-RGB-lempa-Bluetooth-garsiakalbis-Karaoke-balso-moduliatorius.jpg","type":"image\/jpeg"}],"twitter_card":"summary_large_image","twitter_misc":{"Est. reading time":"1 min\u016bte"},"schema":{"@context":"https:\/\/schema.org","@graph":[{"@type":"WebPage","@id":"https:\/\/kidsplay.lt\/produktas\/woopie-daugiafunkcine-rgb-lempa-bluetooth-garsiakalbis-karaoke-balso-moduliatorius\/","url":"https:\/\/kidsplay.lt\/produktas\/woopie-daugiafunkcine-rgb-lempa-bluetooth-garsiakalbis-karaoke-balso-moduliatorius\/","name":"WOOPIE Daugiafunkcin\u0117 RGB lempa, Bluetooth garsiakalbis, Karaoke balso moduliatorius.","isPartOf":{"@id":"https:\/\/kidsplay.lt\/#website"},"primaryImageOfPage":{"@id":"https:\/\/kidsplay.lt\/produktas\/woopie-daugiafunkcine-rgb-lempa-bluetooth-garsiakalbis-karaoke-balso-moduliatorius\/#primaryimage"},"image":{"@id":"https:\/\/kidsplay.lt\/produktas\/woopie-daugiafunkcine-rgb-lempa-bluetooth-garsiakalbis-karaoke-balso-moduliatorius\/#primaryimage"},"thumbnailUrl":"https:\/\/kidsplay.lt\/wp-content\/uploads\/2025\/10\/WOOPIE-Daugiafunkcine-RGB-lempa-Bluetooth-garsiakalbis-Karaoke-balso-moduliatorius.jpg","datePublished":"2025-10-27T15:10:16+00:00","dateModified":"2026-04-07T07:16:39+00:00","description":"WOOPIE Daugiafunkcin\u0117 RGB lempa, Bluetooth garsiakalbis, Karaoke balso moduliatorius. - KidsPlay. Did\u017eiausias vaik\u0173 \u017eaisl\u0173 pasirinkimas.","breadcrumb":{"@id":"https:\/\/kidsplay.lt\/produktas\/woopie-daugiafunkcine-rgb-lempa-bluetooth-garsiakalbis-karaoke-balso-moduliatorius\/#breadcrumb"},"inLanguage":"lv-LV","potentialAction":[{"@type":"ReadAction","target":["https:\/\/kidsplay.lt\/produktas\/woopie-daugiafunkcine-rgb-lempa-bluetooth-garsiakalbis-karaoke-balso-moduliatorius\/"]}]},{"@type":"ImageObject","inLanguage":"lv-LV","@id":"https:\/\/kidsplay.lt\/produktas\/woopie-daugiafunkcine-rgb-lempa-bluetooth-garsiakalbis-karaoke-balso-moduliatorius\/#primaryimage","url":"https:\/\/kidsplay.lt\/wp-content\/uploads\/2025\/10\/WOOPIE-Daugiafunkcine-RGB-lempa-Bluetooth-garsiakalbis-Karaoke-balso-moduliatorius.jpg","contentUrl":"https:\/\/kidsplay.lt\/wp-content\/uploads\/2025\/10\/WOOPIE-Daugiafunkcine-RGB-lempa-Bluetooth-garsiakalbis-Karaoke-balso-moduliatorius.jpg","width":1000,"height":1000,"caption":"WOOPIE Daugiafunkcin\u0117 RGB lempa"},{"@type":"BreadcrumbList","@id":"https:\/\/kidsplay.lt\/produktas\/woopie-daugiafunkcine-rgb-lempa-bluetooth-garsiakalbis-karaoke-balso-moduliatorius\/#breadcrumb","itemListElement":[{"@type":"ListItem","position":1,"name":"Pagrindinis","item":"https:\/\/kidsplay.lt\/"},{"@type":"ListItem","position":2,"name":"Parduotuv\u0117","item":"https:\/\/kidsplay.lt\/parduotuve\/"},{"@type":"ListItem","position":3,"name":"WOOPIE Daugiafunkcin\u0117 RGB lempa, Bluetooth garsiakalbis, Karaoke balso moduliatorius."}]},{"@type":"WebSite","@id":"https:\/\/kidsplay.lt\/#website","url":"https:\/\/kidsplay.lt\/","name":"B\u0113rnu sp\u0113les.lv","description":"\u012evairios prek\u0117s vaikams","publisher":{"@id":"https:\/\/kidsplay.lt\/#organization"},"alternateName":"Kidsplay","potentialAction":[{"@type":"SearchAction","target":{"@type":"EntryPoint","urlTemplate":"https:\/\/kidsplay.lt\/?s={search_term_string}"},"query-input":{"@type":"PropertyValueSpecification","valueRequired":true,"valueName":"search_term_string"}}],"inLanguage":"lv-LV"},{"@type":"Organization","@id":"https:\/\/kidsplay.lt\/#organization","name":"B\u0113rnu sp\u0113le","url":"https:\/\/kidsplay.lt\/","logo":{"@type":"ImageObject","inLanguage":"lv-LV","@id":"https:\/\/kidsplay.lt\/#\/schema\/logo\/image\/","url":"https:\/\/kidsplay.lt\/wp-content\/uploads\/2023\/07\/kidsplay-logo.png","contentUrl":"https:\/\/kidsplay.lt\/wp-content\/uploads\/2023\/07\/kidsplay-logo.png","width":451,"height":98,"caption":"KidsPlay"},"image":{"@id":"https:\/\/kidsplay.lt\/#\/schema\/logo\/image\/"},"sameAs":["https:\/\/www.facebook.com\/www.kidsplay.lt"]}]}},"_links":{"self":[{"href":"https:\/\/kidsplay.lt\/lv\/wp-json\/wp\/v2\/product\/78651","targetHints":{"allow":["GET"]}}],"collection":[{"href":"https:\/\/kidsplay.lt\/lv\/wp-json\/wp\/v2\/product"}],"about":[{"href":"https:\/\/kidsplay.lt\/lv\/wp-json\/wp\/v2\/types\/product"}],"version-history":[{"count":1,"href":"https:\/\/kidsplay.lt\/lv\/wp-json\/wp\/v2\/product\/78651\/revisions"}],"predecessor-version":[{"id":78652,"href":"https:\/\/kidsplay.lt\/lv\/wp-json\/wp\/v2\/product\/78651\/revisions\/78652"}],"wp:featuredmedia":[{"embeddable":true,"href":"https:\/\/kidsplay.lt\/lv\/wp-json\/wp\/v2\/media\/78653"}],"wp:attachment":[{"href":"https:\/\/kidsplay.lt\/lv\/wp-json\/wp\/v2\/media?parent=78651"}],"wp:term":[{"taxonomy":"product_brand","embeddable":true,"href":"https:\/\/kidsplay.lt\/lv\/wp-json\/wp\/v2\/product_brand?post=78651"},{"taxonomy":"product_cat","embeddable":true,"href":"https:\/\/kidsplay.lt\/lv\/wp-json\/wp\/v2\/product_cat?post=78651"},{"taxonomy":"product_tag","embeddable":true,"href":"https:\/\/kidsplay.lt\/lv\/wp-json\/wp\/v2\/product_tag?post=78651"}],"curies":[{"name":"wp","href":"https:\/\/api.w.org\/{rel}","templated":true}]}}