{"id":78656,"date":"2025-10-27T17:10:34","date_gmt":"2025-10-27T15:10:34","guid":{"rendered":"https:\/\/kidsplay.lt\/produktas\/woopie-daugiafunkcine-rgb-lempa-bluetooth-garsiakalbis-karaoke-balso-moduliatorius-sd-kortele-violetine\/"},"modified":"2026-04-07T10:16:42","modified_gmt":"2026-04-07T07:16:42","slug":"woopie-daugiafunkcine-rgb-lempa-bluetooth-garsiakalbis-karaoke-balso-moduliatorius-sd-kortele-violetine","status":"publish","type":"product","link":"https:\/\/kidsplay.lt\/lv\/products\/woopie-daugiafunkcine-rgb-lempa-bluetooth-garsiakalbis-karaoke-balso-moduliatorius-sd-kortele-violetine\/","title":{"rendered":"WOOPIE daudzfunkcion\u0101la RGB lampa Bluetooth ska\u013crunis karaoke balss modulators SD karte violets"},"content":{"rendered":"<p>\u0160i \u201eWoopie\u201c\u00a0RGB lempa su \u012fmontuotu garsiakalbiu\u00a0pavers bet kur\u012f kambar\u012f muzikine scena! \u0160is interaktyvus\u00a0kat\u0117s formos\u00a0garsiakalbis su\u00a0\u00a0laidiniu mikrofonu\u00a0leid\u017eia vaikams dainuoti, klausytis m\u0117gstam\u0173 dain\u0173 ir m\u0117gautis spalvingu ap\u0161vietimu.\u00a0360\u00b0 stereo\u00a0garso sistema leid\u017eia patogiai klausytis muzikos bet kokioje pad\u0117tyje.\u00a0Intuityvus valdymas,\u00a0patrauklus dizainas ir \u012fvairios funkcijos suteiks valand\u0173 valandas pramog\u0173.<\/p>\n<p>PASI\u016aLYMAS GALIOJA VIOLETIN\u0116S SPALVOS PRODUKTUI<\/p>\n<p>Rakstur\u012bgs:<\/p>\n<p> \t&#8211; Vaikams nuo\u00a03 met\u0173\u00a0am\u017eiaus<br \/>\n \t&#8211; Belaidis \u201eBluetooth 5.0\u201c ry\u0161ys<br \/>\n \t&#8211; Ilgas baterijos veikimo laikas, iki\u00a06 valand\u0173\u00a0\u00a0naudojimo vienu \u012fkrovimu<br \/>\n \t&#8211; AUX prievadas mikrofonui prijungti<br \/>\n \t&#8211; Laidinis mikrofonas<br \/>\n \t&#8211; Palaikymas \u201eMicroSD\u201c atminties kortel\u0117ms<br \/>\n \t&#8211; Daugiaspalvis LED foninis ap\u0161vietimas, lempa gali \u0161viesti 7 skirtingomis spalvomis<br \/>\n \t&#8211;\u00a0\u00a03\u00a0\u00a0baltos \u0161viesos ry\u0161kumo lygiai<br \/>\n \t&#8211; 360\u00b0 stereo\u00a0garsas\u00a0garantuoja ai\u0161k\u0173 ir skaidr\u0173 gars\u0105<br \/>\n \t&#8211; Karaoke re\u017eimas<br \/>\n \t&#8211; Balso moduliatorius pakeis j\u016bs\u0173 bals\u0105 \u012f vien\u0105 i\u0161 4 galim\u0173 re\u017eim\u0173 (vaikas, ateivis, demonas, standartinis)<br \/>\n \t&#8211; Pakabinimo kabliukas<br \/>\n \t&#8211; \u012ekrovimas per USB-C laid\u0105<br \/>\n \t&#8211; Intuityvus valdymas ir dideli, \u012fskaitomi mygtukai ant korpuso<\/p>\n<p>Komplekt\u0101 ietilpst:<\/p>\n<p> \t&#8211; Interaktyvus garsiakalbis kat\u0117s formos<br \/>\n \t&#8211; Laidinis karaoke mikrofonas<br \/>\n \t&#8211; USB \u012fkrovimo laidas<br \/>\n \t&#8211; Naudotojo vadovas<\/p>\n<p>Rota\u013clieta att\u012bst\u0101s:<\/p>\n<p> \t&#8211; Ritmo poj\u016btis<br \/>\n \t&#8211; K\u016brybi\u0161kumas<br \/>\n \t&#8211; Vaizduot\u0117<br \/>\n \t&#8211; Balsiniai geb\u0117jimai<br \/>\n \t&#8211; Susikaupimas ir kantryb\u0117<\/p>","protected":false},"excerpt":{"rendered":"<p>\u0160i \u201eWoopie\u201c\u00a0RGB lempa su \u012fmontuotu garsiakalbiu\u00a0pavers bet kur\u012f kambar\u012f muzikine scena! \u0160is interaktyvus\u00a0kat\u0117s formos\u00a0garsiakalbis su\u00a0\u00a0laidiniu mikrofonu\u00a0leid\u017eia vaikams dainuoti, klausytis m\u0117gstam\u0173<\/p>","protected":false},"featured_media":78658,"template":"","meta":{"_acf_changed":false,"_glsr_average":0,"_glsr_ranking":0,"_glsr_reviews":0},"product_brand":[],"product_cat":[449,229],"product_tag":[],"class_list":{"0":"post-78656","1":"product","2":"type-product","3":"status-publish","4":"has-post-thumbnail","6":"product_cat-muzikiniai","7":"product_cat-zaislai-vaikams","8":"\"style=\"background-color: #2ecc711c;\"","10":"first","11":"instock","12":"purchasable","13":"product-type-simple"},"acf":[],"yoast_head":"<!-- This site is optimized with the Yoast SEO plugin v27.3 - https:\/\/yoast.com\/product\/yoast-seo-wordpress\/ -->\n<title>WOOPIE daugiafunkcin\u0117 RGB lempa \u201eBluetooth\u201c garsiakalbis karaoke balso moduliatorius SD kortel\u0117 violetin\u0117<\/title>\n<meta name=\"description\" content=\"WOOPIE daugiafunkcin\u0117 RGB lempa \u201eBluetooth\u201c garsiakalbis karaoke balso moduliatorius SD kortel\u0117 violetin\u0117 - KidsPlay. Did\u017eiausias vaik\u0173 \u017eaisl\u0173 pasirinkimas.\" \/>\n<meta name=\"robots\" content=\"index, follow, max-snippet:-1, max-image-preview:large, max-video-preview:-1\" \/>\n<link rel=\"canonical\" href=\"https:\/\/kidsplay.lt\/lv\/products\/woopie-daugiafunkcine-rgb-lempa-bluetooth-garsiakalbis-karaoke-balso-moduliatorius-sd-kortele-violetine\/\" \/>\n<meta property=\"og:locale\" content=\"lv_LV\" \/>\n<meta property=\"og:type\" content=\"article\" \/>\n<meta property=\"og:title\" content=\"WOOPIE daugiafunkcin\u0117 RGB lempa \u201eBluetooth\u201c garsiakalbis karaoke balso moduliatorius SD kortel\u0117 violetin\u0117\" \/>\n<meta property=\"og:description\" content=\"WOOPIE daugiafunkcin\u0117 RGB lempa \u201eBluetooth\u201c garsiakalbis karaoke balso moduliatorius SD kortel\u0117 violetin\u0117 - KidsPlay. Did\u017eiausias vaik\u0173 \u017eaisl\u0173 pasirinkimas.\" \/>\n<meta property=\"og:url\" content=\"https:\/\/kidsplay.lt\/lv\/products\/woopie-daugiafunkcine-rgb-lempa-bluetooth-garsiakalbis-karaoke-balso-moduliatorius-sd-kortele-violetine\/\" \/>\n<meta property=\"og:site_name\" content=\"KidsPlay\" \/>\n<meta property=\"article:publisher\" content=\"https:\/\/www.facebook.com\/www.kidsplay.lt\" \/>\n<meta property=\"article:modified_time\" content=\"2026-04-07T07:16:42+00:00\" \/>\n<meta property=\"og:image\" content=\"https:\/\/kidsplay.lt\/wp-content\/uploads\/2025\/10\/WOOPIE-daugiafunkcine-RGB-lempa-\u201eBluetooth-garsiakalbis-karaoke-balso-moduliatorius-SD-kortele-violetine.jpg\" \/>\n\t<meta property=\"og:image:width\" content=\"1000\" \/>\n\t<meta property=\"og:image:height\" content=\"1000\" \/>\n\t<meta property=\"og:image:type\" content=\"image\/jpeg\" \/>\n<meta name=\"twitter:card\" content=\"summary_large_image\" \/>\n<meta name=\"twitter:label1\" content=\"Est. reading time\" \/>\n\t<meta name=\"twitter:data1\" content=\"1 min\u016bte\" \/>\n<script type=\"application\/ld+json\" class=\"yoast-schema-graph\">{\"@context\":\"https:\\\/\\\/schema.org\",\"@graph\":[{\"@type\":\"WebPage\",\"@id\":\"https:\\\/\\\/kidsplay.lt\\\/produktas\\\/woopie-daugiafunkcine-rgb-lempa-bluetooth-garsiakalbis-karaoke-balso-moduliatorius-sd-kortele-violetine\\\/\",\"url\":\"https:\\\/\\\/kidsplay.lt\\\/produktas\\\/woopie-daugiafunkcine-rgb-lempa-bluetooth-garsiakalbis-karaoke-balso-moduliatorius-sd-kortele-violetine\\\/\",\"name\":\"WOOPIE daugiafunkcin\u0117 RGB lempa \u201eBluetooth\u201c garsiakalbis karaoke balso moduliatorius SD kortel\u0117 violetin\u0117\",\"isPartOf\":{\"@id\":\"https:\\\/\\\/kidsplay.lt\\\/#website\"},\"primaryImageOfPage\":{\"@id\":\"https:\\\/\\\/kidsplay.lt\\\/produktas\\\/woopie-daugiafunkcine-rgb-lempa-bluetooth-garsiakalbis-karaoke-balso-moduliatorius-sd-kortele-violetine\\\/#primaryimage\"},\"image\":{\"@id\":\"https:\\\/\\\/kidsplay.lt\\\/produktas\\\/woopie-daugiafunkcine-rgb-lempa-bluetooth-garsiakalbis-karaoke-balso-moduliatorius-sd-kortele-violetine\\\/#primaryimage\"},\"thumbnailUrl\":\"https:\\\/\\\/kidsplay.lt\\\/wp-content\\\/uploads\\\/2025\\\/10\\\/WOOPIE-daugiafunkcine-RGB-lempa-\u201eBluetooth-garsiakalbis-karaoke-balso-moduliatorius-SD-kortele-violetine.jpg\",\"datePublished\":\"2025-10-27T15:10:34+00:00\",\"dateModified\":\"2026-04-07T07:16:42+00:00\",\"description\":\"WOOPIE daugiafunkcin\u0117 RGB lempa \u201eBluetooth\u201c garsiakalbis karaoke balso moduliatorius SD kortel\u0117 violetin\u0117 - KidsPlay. Did\u017eiausias vaik\u0173 \u017eaisl\u0173 pasirinkimas.\",\"breadcrumb\":{\"@id\":\"https:\\\/\\\/kidsplay.lt\\\/produktas\\\/woopie-daugiafunkcine-rgb-lempa-bluetooth-garsiakalbis-karaoke-balso-moduliatorius-sd-kortele-violetine\\\/#breadcrumb\"},\"inLanguage\":\"lv-LV\",\"potentialAction\":[{\"@type\":\"ReadAction\",\"target\":[\"https:\\\/\\\/kidsplay.lt\\\/produktas\\\/woopie-daugiafunkcine-rgb-lempa-bluetooth-garsiakalbis-karaoke-balso-moduliatorius-sd-kortele-violetine\\\/\"]}]},{\"@type\":\"ImageObject\",\"inLanguage\":\"lv-LV\",\"@id\":\"https:\\\/\\\/kidsplay.lt\\\/produktas\\\/woopie-daugiafunkcine-rgb-lempa-bluetooth-garsiakalbis-karaoke-balso-moduliatorius-sd-kortele-violetine\\\/#primaryimage\",\"url\":\"https:\\\/\\\/kidsplay.lt\\\/wp-content\\\/uploads\\\/2025\\\/10\\\/WOOPIE-daugiafunkcine-RGB-lempa-\u201eBluetooth-garsiakalbis-karaoke-balso-moduliatorius-SD-kortele-violetine.jpg\",\"contentUrl\":\"https:\\\/\\\/kidsplay.lt\\\/wp-content\\\/uploads\\\/2025\\\/10\\\/WOOPIE-daugiafunkcine-RGB-lempa-\u201eBluetooth-garsiakalbis-karaoke-balso-moduliatorius-SD-kortele-violetine.jpg\",\"width\":1000,\"height\":1000,\"caption\":\"WOOPIE daugiafunkcin\u0117 RGB lempa \u201eBluetooth\u201c garsiakalbis karaoke balso moduliatorius SD kortel\u0117 violetin\u0117\"},{\"@type\":\"BreadcrumbList\",\"@id\":\"https:\\\/\\\/kidsplay.lt\\\/produktas\\\/woopie-daugiafunkcine-rgb-lempa-bluetooth-garsiakalbis-karaoke-balso-moduliatorius-sd-kortele-violetine\\\/#breadcrumb\",\"itemListElement\":[{\"@type\":\"ListItem\",\"position\":1,\"name\":\"Pagrindinis\",\"item\":\"https:\\\/\\\/kidsplay.lt\\\/\"},{\"@type\":\"ListItem\",\"position\":2,\"name\":\"Parduotuv\u0117\",\"item\":\"https:\\\/\\\/kidsplay.lt\\\/parduotuve\\\/\"},{\"@type\":\"ListItem\",\"position\":3,\"name\":\"WOOPIE daugiafunkcin\u0117 RGB lempa \u201eBluetooth\u201c garsiakalbis karaoke balso moduliatorius SD kortel\u0117 violetin\u0117\"}]},{\"@type\":\"WebSite\",\"@id\":\"https:\\\/\\\/kidsplay.lt\\\/#website\",\"url\":\"https:\\\/\\\/kidsplay.lt\\\/\",\"name\":\"Kidsplay.lt\",\"description\":\"\u012evairios prek\u0117s vaikams\",\"publisher\":{\"@id\":\"https:\\\/\\\/kidsplay.lt\\\/#organization\"},\"alternateName\":\"Kidsplay\",\"potentialAction\":[{\"@type\":\"SearchAction\",\"target\":{\"@type\":\"EntryPoint\",\"urlTemplate\":\"https:\\\/\\\/kidsplay.lt\\\/?s={search_term_string}\"},\"query-input\":{\"@type\":\"PropertyValueSpecification\",\"valueRequired\":true,\"valueName\":\"search_term_string\"}}],\"inLanguage\":\"lv-LV\"},{\"@type\":\"Organization\",\"@id\":\"https:\\\/\\\/kidsplay.lt\\\/#organization\",\"name\":\"KidsPlay\",\"url\":\"https:\\\/\\\/kidsplay.lt\\\/\",\"logo\":{\"@type\":\"ImageObject\",\"inLanguage\":\"lv-LV\",\"@id\":\"https:\\\/\\\/kidsplay.lt\\\/#\\\/schema\\\/logo\\\/image\\\/\",\"url\":\"https:\\\/\\\/kidsplay.lt\\\/wp-content\\\/uploads\\\/2023\\\/07\\\/kidsplay-logo.png\",\"contentUrl\":\"https:\\\/\\\/kidsplay.lt\\\/wp-content\\\/uploads\\\/2023\\\/07\\\/kidsplay-logo.png\",\"width\":451,\"height\":98,\"caption\":\"KidsPlay\"},\"image\":{\"@id\":\"https:\\\/\\\/kidsplay.lt\\\/#\\\/schema\\\/logo\\\/image\\\/\"},\"sameAs\":[\"https:\\\/\\\/www.facebook.com\\\/www.kidsplay.lt\"]}]}<\/script>\n<!-- \/ Yoast SEO plugin. -->","yoast_head_json":{"title":"WOOPIE daudzfunkcion\u0101la RGB lampa Bluetooth ska\u013crunis karaoke balss modulators SD karte violets","description":"WOOPIE daugiafunkcin\u0117 RGB lempa \u201eBluetooth\u201c garsiakalbis karaoke balso moduliatorius SD kortel\u0117 violetin\u0117 - KidsPlay. Did\u017eiausias vaik\u0173 \u017eaisl\u0173 pasirinkimas.","robots":{"index":"index","follow":"follow","max-snippet":"max-snippet:-1","max-image-preview":"max-image-preview:large","max-video-preview":"max-video-preview:-1"},"canonical":"https:\/\/kidsplay.lt\/lv\/products\/woopie-daugiafunkcine-rgb-lempa-bluetooth-garsiakalbis-karaoke-balso-moduliatorius-sd-kortele-violetine\/","og_locale":"lv_LV","og_type":"article","og_title":"WOOPIE daugiafunkcin\u0117 RGB lempa \u201eBluetooth\u201c garsiakalbis karaoke balso moduliatorius SD kortel\u0117 violetin\u0117","og_description":"WOOPIE daugiafunkcin\u0117 RGB lempa \u201eBluetooth\u201c garsiakalbis karaoke balso moduliatorius SD kortel\u0117 violetin\u0117 - KidsPlay. Did\u017eiausias vaik\u0173 \u017eaisl\u0173 pasirinkimas.","og_url":"https:\/\/kidsplay.lt\/lv\/products\/woopie-daugiafunkcine-rgb-lempa-bluetooth-garsiakalbis-karaoke-balso-moduliatorius-sd-kortele-violetine\/","og_site_name":"KidsPlay","article_publisher":"https:\/\/www.facebook.com\/www.kidsplay.lt","article_modified_time":"2026-04-07T07:16:42+00:00","og_image":[{"width":1000,"height":1000,"url":"https:\/\/kidsplay.lt\/wp-content\/uploads\/2025\/10\/WOOPIE-daugiafunkcine-RGB-lempa-\u201eBluetooth-garsiakalbis-karaoke-balso-moduliatorius-SD-kortele-violetine.jpg","type":"image\/jpeg"}],"twitter_card":"summary_large_image","twitter_misc":{"Est. reading time":"1 min\u016bte"},"schema":{"@context":"https:\/\/schema.org","@graph":[{"@type":"WebPage","@id":"https:\/\/kidsplay.lt\/produktas\/woopie-daugiafunkcine-rgb-lempa-bluetooth-garsiakalbis-karaoke-balso-moduliatorius-sd-kortele-violetine\/","url":"https:\/\/kidsplay.lt\/produktas\/woopie-daugiafunkcine-rgb-lempa-bluetooth-garsiakalbis-karaoke-balso-moduliatorius-sd-kortele-violetine\/","name":"WOOPIE daudzfunkcion\u0101la RGB lampa Bluetooth ska\u013crunis karaoke balss modulators SD karte violets","isPartOf":{"@id":"https:\/\/kidsplay.lt\/#website"},"primaryImageOfPage":{"@id":"https:\/\/kidsplay.lt\/produktas\/woopie-daugiafunkcine-rgb-lempa-bluetooth-garsiakalbis-karaoke-balso-moduliatorius-sd-kortele-violetine\/#primaryimage"},"image":{"@id":"https:\/\/kidsplay.lt\/produktas\/woopie-daugiafunkcine-rgb-lempa-bluetooth-garsiakalbis-karaoke-balso-moduliatorius-sd-kortele-violetine\/#primaryimage"},"thumbnailUrl":"https:\/\/kidsplay.lt\/wp-content\/uploads\/2025\/10\/WOOPIE-daugiafunkcine-RGB-lempa-\u201eBluetooth-garsiakalbis-karaoke-balso-moduliatorius-SD-kortele-violetine.jpg","datePublished":"2025-10-27T15:10:34+00:00","dateModified":"2026-04-07T07:16:42+00:00","description":"WOOPIE daugiafunkcin\u0117 RGB lempa \u201eBluetooth\u201c garsiakalbis karaoke balso moduliatorius SD kortel\u0117 violetin\u0117 - KidsPlay. Did\u017eiausias vaik\u0173 \u017eaisl\u0173 pasirinkimas.","breadcrumb":{"@id":"https:\/\/kidsplay.lt\/produktas\/woopie-daugiafunkcine-rgb-lempa-bluetooth-garsiakalbis-karaoke-balso-moduliatorius-sd-kortele-violetine\/#breadcrumb"},"inLanguage":"lv-LV","potentialAction":[{"@type":"ReadAction","target":["https:\/\/kidsplay.lt\/produktas\/woopie-daugiafunkcine-rgb-lempa-bluetooth-garsiakalbis-karaoke-balso-moduliatorius-sd-kortele-violetine\/"]}]},{"@type":"ImageObject","inLanguage":"lv-LV","@id":"https:\/\/kidsplay.lt\/produktas\/woopie-daugiafunkcine-rgb-lempa-bluetooth-garsiakalbis-karaoke-balso-moduliatorius-sd-kortele-violetine\/#primaryimage","url":"https:\/\/kidsplay.lt\/wp-content\/uploads\/2025\/10\/WOOPIE-daugiafunkcine-RGB-lempa-\u201eBluetooth-garsiakalbis-karaoke-balso-moduliatorius-SD-kortele-violetine.jpg","contentUrl":"https:\/\/kidsplay.lt\/wp-content\/uploads\/2025\/10\/WOOPIE-daugiafunkcine-RGB-lempa-\u201eBluetooth-garsiakalbis-karaoke-balso-moduliatorius-SD-kortele-violetine.jpg","width":1000,"height":1000,"caption":"WOOPIE daugiafunkcin\u0117 RGB lempa \u201eBluetooth\u201c garsiakalbis karaoke balso moduliatorius SD kortel\u0117 violetin\u0117"},{"@type":"BreadcrumbList","@id":"https:\/\/kidsplay.lt\/produktas\/woopie-daugiafunkcine-rgb-lempa-bluetooth-garsiakalbis-karaoke-balso-moduliatorius-sd-kortele-violetine\/#breadcrumb","itemListElement":[{"@type":"ListItem","position":1,"name":"Pagrindinis","item":"https:\/\/kidsplay.lt\/"},{"@type":"ListItem","position":2,"name":"Parduotuv\u0117","item":"https:\/\/kidsplay.lt\/parduotuve\/"},{"@type":"ListItem","position":3,"name":"WOOPIE daugiafunkcin\u0117 RGB lempa \u201eBluetooth\u201c garsiakalbis karaoke balso moduliatorius SD kortel\u0117 violetin\u0117"}]},{"@type":"WebSite","@id":"https:\/\/kidsplay.lt\/#website","url":"https:\/\/kidsplay.lt\/","name":"B\u0113rnu sp\u0113les.lv","description":"\u012evairios prek\u0117s vaikams","publisher":{"@id":"https:\/\/kidsplay.lt\/#organization"},"alternateName":"Kidsplay","potentialAction":[{"@type":"SearchAction","target":{"@type":"EntryPoint","urlTemplate":"https:\/\/kidsplay.lt\/?s={search_term_string}"},"query-input":{"@type":"PropertyValueSpecification","valueRequired":true,"valueName":"search_term_string"}}],"inLanguage":"lv-LV"},{"@type":"Organization","@id":"https:\/\/kidsplay.lt\/#organization","name":"B\u0113rnu sp\u0113le","url":"https:\/\/kidsplay.lt\/","logo":{"@type":"ImageObject","inLanguage":"lv-LV","@id":"https:\/\/kidsplay.lt\/#\/schema\/logo\/image\/","url":"https:\/\/kidsplay.lt\/wp-content\/uploads\/2023\/07\/kidsplay-logo.png","contentUrl":"https:\/\/kidsplay.lt\/wp-content\/uploads\/2023\/07\/kidsplay-logo.png","width":451,"height":98,"caption":"KidsPlay"},"image":{"@id":"https:\/\/kidsplay.lt\/#\/schema\/logo\/image\/"},"sameAs":["https:\/\/www.facebook.com\/www.kidsplay.lt"]}]}},"_links":{"self":[{"href":"https:\/\/kidsplay.lt\/lv\/wp-json\/wp\/v2\/product\/78656","targetHints":{"allow":["GET"]}}],"collection":[{"href":"https:\/\/kidsplay.lt\/lv\/wp-json\/wp\/v2\/product"}],"about":[{"href":"https:\/\/kidsplay.lt\/lv\/wp-json\/wp\/v2\/types\/product"}],"version-history":[{"count":1,"href":"https:\/\/kidsplay.lt\/lv\/wp-json\/wp\/v2\/product\/78656\/revisions"}],"predecessor-version":[{"id":78657,"href":"https:\/\/kidsplay.lt\/lv\/wp-json\/wp\/v2\/product\/78656\/revisions\/78657"}],"wp:featuredmedia":[{"embeddable":true,"href":"https:\/\/kidsplay.lt\/lv\/wp-json\/wp\/v2\/media\/78658"}],"wp:attachment":[{"href":"https:\/\/kidsplay.lt\/lv\/wp-json\/wp\/v2\/media?parent=78656"}],"wp:term":[{"taxonomy":"product_brand","embeddable":true,"href":"https:\/\/kidsplay.lt\/lv\/wp-json\/wp\/v2\/product_brand?post=78656"},{"taxonomy":"product_cat","embeddable":true,"href":"https:\/\/kidsplay.lt\/lv\/wp-json\/wp\/v2\/product_cat?post=78656"},{"taxonomy":"product_tag","embeddable":true,"href":"https:\/\/kidsplay.lt\/lv\/wp-json\/wp\/v2\/product_tag?post=78656"}],"curies":[{"name":"wp","href":"https:\/\/api.w.org\/{rel}","templated":true}]}}