{"id":78661,"date":"2025-10-27T17:10:51","date_gmt":"2025-10-27T15:10:51","guid":{"rendered":"https:\/\/kidsplay.lt\/produktas\/woopie-magnetiniai-statybiniai-blokai-3d-mokomasis-rinkinys-mokytis-skaiciuoti\/"},"modified":"2026-04-13T14:37:39","modified_gmt":"2026-04-13T11:37:39","slug":"woopie-3d-magnetinis-konstruktorius-mokytis-skaiciuoti","status":"publish","type":"product","link":"https:\/\/kidsplay.lt\/lv\/products\/woopie-3d-magnetinis-konstruktorius-mokytis-skaiciuoti\/","title":{"rendered":"WOOPIE 3D magn\u0113tiskais konstruktors skait\u012b\u0161anas apguvei"},"content":{"rendered":"<p>Magnetiniai prek\u0117s \u017eenklo edukaciniai blokai\u00a0Woopie\u00a0tai unikalus \u017eaislas, atveriantis pasaul\u012f vaikui\u00a0mokslas ir k\u016brybi\u0161kumas.\u00a0Tvirti, spalvingi elementai leid\u017eia lengvai statyti \u012fvairias konstrukcijas jas vystant\u00a0vaizduot\u0117 ir rankiniai \u012fg\u016bd\u017eiai.\u00a0Rinkinyje yra kortel\u0117s su atraminiais skai\u010diais\u00a0mokymasis skai\u010diuoti k\u016brybi\u0161kai smagiai leid\u017eiant laik\u0105.\u00a0Stiprios magnetin\u0117s jungtys leid\u017eia statyti daugelio tip\u0173 konstrukcijas ir u\u017etikrinti\u00a0stabilumas ir saugumas\u00a0\u017eaisdamas.<br \/>\nRaksturojums:<\/p>\n<p>&#8211; Vaikams nuo\u00a03 metu<br \/>\n&#8211; Pagaminta i\u0161 auk\u0161tos kokyb\u0117s med\u017eiag\u0173 &#8211; Tvirti magnetai leid\u017eia\u00a0lengva prijungti ir atskirti\u00a0elementai<br \/>\n&#8211; \u012e spalving\u0105 rinkin\u012f \u012feina kortel\u0117s su skai\u010diais, kurios pad\u0117s i\u0161mokti skai\u010diuoti<br \/>\n&#8211; Didelis element\u0173 skai\u010dius leid\u017eia statyti didelius ir \u012fvairius statinius<\/p>\n<p>Komplekt\u0101 ietilpst:<\/p>\n<p>&#8211; 8 M\u0117lyni kvadrat\u0117liai<br \/>\n&#8211; 7 Raudoni kvadrat\u0117liai<br \/>\n&#8211; 9 Pilki kvadrat\u0117liai<br \/>\n&#8211; 7 Violetiniai kvadratai<br \/>\n&#8211; 9 \u017dali kvadrat\u0117liai<br \/>\n&#8211; 30 mokom\u0173j\u0173 korteli\u0173 su skai\u010diais ir matematiniais \u017eenklais<\/p>","protected":false},"excerpt":{"rendered":"<p>Magnetiniai prek\u0117s \u017eenklo edukaciniai blokai\u00a0Woopie\u00a0tai unikalus \u017eaislas, atveriantis pasaul\u012f vaikui\u00a0mokslas ir k\u016brybi\u0161kumas.\u00a0Tvirti, spalvingi elementai leid\u017eia lengvai statyti \u012fvairias konstrukcijas jas<\/p>","protected":false},"featured_media":78663,"template":"","meta":{"_acf_changed":false,"_glsr_average":0,"_glsr_ranking":0,"_glsr_reviews":0},"product_brand":[],"product_cat":[446,229],"product_tag":[],"class_list":{"0":"post-78661","1":"product","2":"type-product","3":"status-publish","4":"has-post-thumbnail","6":"product_cat-konstruktoriai","7":"product_cat-zaislai-vaikams","8":"\"style=\"background-color: #2ecc711c;\"","10":"first","11":"instock","12":"purchasable","13":"product-type-simple"},"acf":[],"yoast_head":"<!-- This site is optimized with the Yoast SEO plugin v27.4 - https:\/\/yoast.com\/product\/yoast-seo-wordpress\/ -->\n<title>WOOPIE 3D magnetinis konstruktorius mokytis skai\u010diuoti<\/title>\n<meta name=\"description\" content=\"WOOPIE magnetiniai statybiniai blokai 3D mokomasis rinkinys mokytis skai\u010diuoti - KidsPlay. Did\u017eiausias vaik\u0173 \u017eaisl\u0173 pasirinkimas.\" \/>\n<meta name=\"robots\" content=\"index, follow, max-snippet:-1, max-image-preview:large, max-video-preview:-1\" \/>\n<link rel=\"canonical\" href=\"https:\/\/kidsplay.lt\/lv\/products\/woopie-3d-magnetinis-konstruktorius-mokytis-skaiciuoti\/\" \/>\n<meta property=\"og:locale\" content=\"lv_LV\" \/>\n<meta property=\"og:type\" content=\"article\" \/>\n<meta property=\"og:title\" content=\"WOOPIE 3D magnetinis konstruktorius mokytis skai\u010diuoti\" \/>\n<meta property=\"og:description\" content=\"WOOPIE magnetiniai statybiniai blokai 3D mokomasis rinkinys mokytis skai\u010diuoti - KidsPlay. Did\u017eiausias vaik\u0173 \u017eaisl\u0173 pasirinkimas.\" \/>\n<meta property=\"og:url\" content=\"https:\/\/kidsplay.lt\/lv\/products\/woopie-3d-magnetinis-konstruktorius-mokytis-skaiciuoti\/\" \/>\n<meta property=\"og:site_name\" content=\"KidsPlay\" \/>\n<meta property=\"article:publisher\" content=\"https:\/\/www.facebook.com\/www.kidsplay.lt\" \/>\n<meta property=\"article:modified_time\" content=\"2026-04-13T11:37:39+00:00\" \/>\n<meta property=\"og:image\" content=\"https:\/\/kidsplay.lt\/wp-content\/uploads\/2025\/10\/WOOPIE-magnetiniai-statybiniai-blokai-3D-mokomasis-rinkinys-mokytis-skaiciuoti.jpg\" \/>\n\t<meta property=\"og:image:width\" content=\"1000\" \/>\n\t<meta property=\"og:image:height\" content=\"1000\" \/>\n\t<meta property=\"og:image:type\" content=\"image\/jpeg\" \/>\n<meta name=\"twitter:card\" content=\"summary_large_image\" \/>\n<meta name=\"twitter:label1\" content=\"Est. reading time\" \/>\n\t<meta name=\"twitter:data1\" content=\"1 min\u016bte\" \/>\n<script type=\"application\/ld+json\" class=\"yoast-schema-graph\">{\"@context\":\"https:\\\/\\\/schema.org\",\"@graph\":[{\"@type\":\"WebPage\",\"@id\":\"https:\\\/\\\/kidsplay.lt\\\/produktas\\\/woopie-3d-magnetinis-konstruktorius-mokytis-skaiciuoti\\\/\",\"url\":\"https:\\\/\\\/kidsplay.lt\\\/produktas\\\/woopie-3d-magnetinis-konstruktorius-mokytis-skaiciuoti\\\/\",\"name\":\"WOOPIE 3D magnetinis konstruktorius mokytis skai\u010diuoti\",\"isPartOf\":{\"@id\":\"https:\\\/\\\/kidsplay.lt\\\/#website\"},\"primaryImageOfPage\":{\"@id\":\"https:\\\/\\\/kidsplay.lt\\\/produktas\\\/woopie-3d-magnetinis-konstruktorius-mokytis-skaiciuoti\\\/#primaryimage\"},\"image\":{\"@id\":\"https:\\\/\\\/kidsplay.lt\\\/produktas\\\/woopie-3d-magnetinis-konstruktorius-mokytis-skaiciuoti\\\/#primaryimage\"},\"thumbnailUrl\":\"https:\\\/\\\/kidsplay.lt\\\/wp-content\\\/uploads\\\/2025\\\/10\\\/WOOPIE-magnetiniai-statybiniai-blokai-3D-mokomasis-rinkinys-mokytis-skaiciuoti.jpg\",\"datePublished\":\"2025-10-27T15:10:51+00:00\",\"dateModified\":\"2026-04-13T11:37:39+00:00\",\"description\":\"WOOPIE magnetiniai statybiniai blokai 3D mokomasis rinkinys mokytis skai\u010diuoti - KidsPlay. Did\u017eiausias vaik\u0173 \u017eaisl\u0173 pasirinkimas.\",\"breadcrumb\":{\"@id\":\"https:\\\/\\\/kidsplay.lt\\\/produktas\\\/woopie-3d-magnetinis-konstruktorius-mokytis-skaiciuoti\\\/#breadcrumb\"},\"inLanguage\":\"lv-LV\",\"potentialAction\":[{\"@type\":\"ReadAction\",\"target\":[\"https:\\\/\\\/kidsplay.lt\\\/produktas\\\/woopie-3d-magnetinis-konstruktorius-mokytis-skaiciuoti\\\/\"]}]},{\"@type\":\"ImageObject\",\"inLanguage\":\"lv-LV\",\"@id\":\"https:\\\/\\\/kidsplay.lt\\\/produktas\\\/woopie-3d-magnetinis-konstruktorius-mokytis-skaiciuoti\\\/#primaryimage\",\"url\":\"https:\\\/\\\/kidsplay.lt\\\/wp-content\\\/uploads\\\/2025\\\/10\\\/WOOPIE-magnetiniai-statybiniai-blokai-3D-mokomasis-rinkinys-mokytis-skaiciuoti.jpg\",\"contentUrl\":\"https:\\\/\\\/kidsplay.lt\\\/wp-content\\\/uploads\\\/2025\\\/10\\\/WOOPIE-magnetiniai-statybiniai-blokai-3D-mokomasis-rinkinys-mokytis-skaiciuoti.jpg\",\"width\":1000,\"height\":1000,\"caption\":\"WOOPIE magnetiniai statybiniai blokai 3D mokomasis rinkinys mokytis skai\u010diuoti\"},{\"@type\":\"BreadcrumbList\",\"@id\":\"https:\\\/\\\/kidsplay.lt\\\/produktas\\\/woopie-3d-magnetinis-konstruktorius-mokytis-skaiciuoti\\\/#breadcrumb\",\"itemListElement\":[{\"@type\":\"ListItem\",\"position\":1,\"name\":\"Pagrindinis\",\"item\":\"https:\\\/\\\/kidsplay.lt\\\/\"},{\"@type\":\"ListItem\",\"position\":2,\"name\":\"Parduotuv\u0117\",\"item\":\"https:\\\/\\\/kidsplay.lt\\\/parduotuve\\\/\"},{\"@type\":\"ListItem\",\"position\":3,\"name\":\"WOOPIE 3D magnetinis konstruktorius mokytis skai\u010diuoti\"}]},{\"@type\":\"WebSite\",\"@id\":\"https:\\\/\\\/kidsplay.lt\\\/#website\",\"url\":\"https:\\\/\\\/kidsplay.lt\\\/\",\"name\":\"Kidsplay.lt\",\"description\":\"\u012evairios prek\u0117s vaikams\",\"publisher\":{\"@id\":\"https:\\\/\\\/kidsplay.lt\\\/#organization\"},\"alternateName\":\"Kidsplay\",\"potentialAction\":[{\"@type\":\"SearchAction\",\"target\":{\"@type\":\"EntryPoint\",\"urlTemplate\":\"https:\\\/\\\/kidsplay.lt\\\/?s={search_term_string}\"},\"query-input\":{\"@type\":\"PropertyValueSpecification\",\"valueRequired\":true,\"valueName\":\"search_term_string\"}}],\"inLanguage\":\"lv-LV\"},{\"@type\":\"Organization\",\"@id\":\"https:\\\/\\\/kidsplay.lt\\\/#organization\",\"name\":\"KidsPlay\",\"url\":\"https:\\\/\\\/kidsplay.lt\\\/\",\"logo\":{\"@type\":\"ImageObject\",\"inLanguage\":\"lv-LV\",\"@id\":\"https:\\\/\\\/kidsplay.lt\\\/#\\\/schema\\\/logo\\\/image\\\/\",\"url\":\"https:\\\/\\\/kidsplay.lt\\\/wp-content\\\/uploads\\\/2023\\\/07\\\/kidsplay-logo.png\",\"contentUrl\":\"https:\\\/\\\/kidsplay.lt\\\/wp-content\\\/uploads\\\/2023\\\/07\\\/kidsplay-logo.png\",\"width\":451,\"height\":98,\"caption\":\"KidsPlay\"},\"image\":{\"@id\":\"https:\\\/\\\/kidsplay.lt\\\/#\\\/schema\\\/logo\\\/image\\\/\"},\"sameAs\":[\"https:\\\/\\\/www.facebook.com\\\/www.kidsplay.lt\"]}]}<\/script>\n<!-- \/ Yoast SEO plugin. -->","yoast_head_json":{"title":"WOOPIE 3D magn\u0113tiskais konstruktors skait\u012b\u0161anas apguvei","description":"WOOPIE magnetiniai statybiniai blokai 3D mokomasis rinkinys mokytis skai\u010diuoti - KidsPlay. Did\u017eiausias vaik\u0173 \u017eaisl\u0173 pasirinkimas.","robots":{"index":"index","follow":"follow","max-snippet":"max-snippet:-1","max-image-preview":"max-image-preview:large","max-video-preview":"max-video-preview:-1"},"canonical":"https:\/\/kidsplay.lt\/lv\/products\/woopie-3d-magnetinis-konstruktorius-mokytis-skaiciuoti\/","og_locale":"lv_LV","og_type":"article","og_title":"WOOPIE 3D magnetinis konstruktorius mokytis skai\u010diuoti","og_description":"WOOPIE magnetiniai statybiniai blokai 3D mokomasis rinkinys mokytis skai\u010diuoti - KidsPlay. Did\u017eiausias vaik\u0173 \u017eaisl\u0173 pasirinkimas.","og_url":"https:\/\/kidsplay.lt\/lv\/products\/woopie-3d-magnetinis-konstruktorius-mokytis-skaiciuoti\/","og_site_name":"KidsPlay","article_publisher":"https:\/\/www.facebook.com\/www.kidsplay.lt","article_modified_time":"2026-04-13T11:37:39+00:00","og_image":[{"width":1000,"height":1000,"url":"https:\/\/kidsplay.lt\/wp-content\/uploads\/2025\/10\/WOOPIE-magnetiniai-statybiniai-blokai-3D-mokomasis-rinkinys-mokytis-skaiciuoti.jpg","type":"image\/jpeg"}],"twitter_card":"summary_large_image","twitter_misc":{"Est. reading time":"1 min\u016bte"},"schema":{"@context":"https:\/\/schema.org","@graph":[{"@type":"WebPage","@id":"https:\/\/kidsplay.lt\/produktas\/woopie-3d-magnetinis-konstruktorius-mokytis-skaiciuoti\/","url":"https:\/\/kidsplay.lt\/produktas\/woopie-3d-magnetinis-konstruktorius-mokytis-skaiciuoti\/","name":"WOOPIE 3D magn\u0113tiskais konstruktors skait\u012b\u0161anas apguvei","isPartOf":{"@id":"https:\/\/kidsplay.lt\/#website"},"primaryImageOfPage":{"@id":"https:\/\/kidsplay.lt\/produktas\/woopie-3d-magnetinis-konstruktorius-mokytis-skaiciuoti\/#primaryimage"},"image":{"@id":"https:\/\/kidsplay.lt\/produktas\/woopie-3d-magnetinis-konstruktorius-mokytis-skaiciuoti\/#primaryimage"},"thumbnailUrl":"https:\/\/kidsplay.lt\/wp-content\/uploads\/2025\/10\/WOOPIE-magnetiniai-statybiniai-blokai-3D-mokomasis-rinkinys-mokytis-skaiciuoti.jpg","datePublished":"2025-10-27T15:10:51+00:00","dateModified":"2026-04-13T11:37:39+00:00","description":"WOOPIE magnetiniai statybiniai blokai 3D mokomasis rinkinys mokytis skai\u010diuoti - KidsPlay. Did\u017eiausias vaik\u0173 \u017eaisl\u0173 pasirinkimas.","breadcrumb":{"@id":"https:\/\/kidsplay.lt\/produktas\/woopie-3d-magnetinis-konstruktorius-mokytis-skaiciuoti\/#breadcrumb"},"inLanguage":"lv-LV","potentialAction":[{"@type":"ReadAction","target":["https:\/\/kidsplay.lt\/produktas\/woopie-3d-magnetinis-konstruktorius-mokytis-skaiciuoti\/"]}]},{"@type":"ImageObject","inLanguage":"lv-LV","@id":"https:\/\/kidsplay.lt\/produktas\/woopie-3d-magnetinis-konstruktorius-mokytis-skaiciuoti\/#primaryimage","url":"https:\/\/kidsplay.lt\/wp-content\/uploads\/2025\/10\/WOOPIE-magnetiniai-statybiniai-blokai-3D-mokomasis-rinkinys-mokytis-skaiciuoti.jpg","contentUrl":"https:\/\/kidsplay.lt\/wp-content\/uploads\/2025\/10\/WOOPIE-magnetiniai-statybiniai-blokai-3D-mokomasis-rinkinys-mokytis-skaiciuoti.jpg","width":1000,"height":1000,"caption":"WOOPIE magnetiniai statybiniai blokai 3D mokomasis rinkinys mokytis skai\u010diuoti"},{"@type":"BreadcrumbList","@id":"https:\/\/kidsplay.lt\/produktas\/woopie-3d-magnetinis-konstruktorius-mokytis-skaiciuoti\/#breadcrumb","itemListElement":[{"@type":"ListItem","position":1,"name":"Pagrindinis","item":"https:\/\/kidsplay.lt\/"},{"@type":"ListItem","position":2,"name":"Parduotuv\u0117","item":"https:\/\/kidsplay.lt\/parduotuve\/"},{"@type":"ListItem","position":3,"name":"WOOPIE 3D magnetinis konstruktorius mokytis skai\u010diuoti"}]},{"@type":"WebSite","@id":"https:\/\/kidsplay.lt\/#website","url":"https:\/\/kidsplay.lt\/","name":"B\u0113rnu sp\u0113les.lv","description":"\u012evairios prek\u0117s vaikams","publisher":{"@id":"https:\/\/kidsplay.lt\/#organization"},"alternateName":"Kidsplay","potentialAction":[{"@type":"SearchAction","target":{"@type":"EntryPoint","urlTemplate":"https:\/\/kidsplay.lt\/?s={search_term_string}"},"query-input":{"@type":"PropertyValueSpecification","valueRequired":true,"valueName":"search_term_string"}}],"inLanguage":"lv-LV"},{"@type":"Organization","@id":"https:\/\/kidsplay.lt\/#organization","name":"B\u0113rnu sp\u0113le","url":"https:\/\/kidsplay.lt\/","logo":{"@type":"ImageObject","inLanguage":"lv-LV","@id":"https:\/\/kidsplay.lt\/#\/schema\/logo\/image\/","url":"https:\/\/kidsplay.lt\/wp-content\/uploads\/2023\/07\/kidsplay-logo.png","contentUrl":"https:\/\/kidsplay.lt\/wp-content\/uploads\/2023\/07\/kidsplay-logo.png","width":451,"height":98,"caption":"KidsPlay"},"image":{"@id":"https:\/\/kidsplay.lt\/#\/schema\/logo\/image\/"},"sameAs":["https:\/\/www.facebook.com\/www.kidsplay.lt"]}]}},"_links":{"self":[{"href":"https:\/\/kidsplay.lt\/lv\/wp-json\/wp\/v2\/product\/78661","targetHints":{"allow":["GET"]}}],"collection":[{"href":"https:\/\/kidsplay.lt\/lv\/wp-json\/wp\/v2\/product"}],"about":[{"href":"https:\/\/kidsplay.lt\/lv\/wp-json\/wp\/v2\/types\/product"}],"version-history":[{"count":3,"href":"https:\/\/kidsplay.lt\/lv\/wp-json\/wp\/v2\/product\/78661\/revisions"}],"predecessor-version":[{"id":83541,"href":"https:\/\/kidsplay.lt\/lv\/wp-json\/wp\/v2\/product\/78661\/revisions\/83541"}],"wp:featuredmedia":[{"embeddable":true,"href":"https:\/\/kidsplay.lt\/lv\/wp-json\/wp\/v2\/media\/78663"}],"wp:attachment":[{"href":"https:\/\/kidsplay.lt\/lv\/wp-json\/wp\/v2\/media?parent=78661"}],"wp:term":[{"taxonomy":"product_brand","embeddable":true,"href":"https:\/\/kidsplay.lt\/lv\/wp-json\/wp\/v2\/product_brand?post=78661"},{"taxonomy":"product_cat","embeddable":true,"href":"https:\/\/kidsplay.lt\/lv\/wp-json\/wp\/v2\/product_cat?post=78661"},{"taxonomy":"product_tag","embeddable":true,"href":"https:\/\/kidsplay.lt\/lv\/wp-json\/wp\/v2\/product_tag?post=78661"}],"curies":[{"name":"wp","href":"https:\/\/api.w.org\/{rel}","templated":true}]}}