{"id":78666,"date":"2025-10-27T17:11:10","date_gmt":"2025-10-27T15:11:10","guid":{"rendered":"https:\/\/kidsplay.lt\/produktas\/woopie-interaktyvus-pliusinis-zaislas-su-morka-baltas\/"},"modified":"2026-04-07T10:16:49","modified_gmt":"2026-04-07T07:16:49","slug":"woopie-interaktyvus-pliusinis-zaislas-su-morka-baltas","status":"publish","type":"product","link":"https:\/\/kidsplay.lt\/lv\/products\/woopie-interaktyvus-pliusinis-zaislas-su-morka-baltas\/","title":{"rendered":"WOOPIE interaktyvus pliu\u0161inis \u017eaislas su morka, baltas"},"content":{"rendered":"<p>Susipa\u017einkite su interaktyviu pliu\u0161iniu zuiku\u010diu\u00a0\u201eWoopie\u201c\u00a0\u00a0\u2013 mink\u0161tu, \u017eavingu vaik\u0173 nuotyki\u0173 kompanionu, kuris\u00a0juda ir skleid\u017eia garsus\u00a0! Tai daugiau nei pliu\u0161inis \u017eaislas \u2013 \u0161is\u00a0interaktyvus gyv\u016bnas\u00a0skatina aktyv\u0173 \u017eaidim\u0105, r\u016bpest\u012f ir praktin\u012f mokym\u0105si. D\u0117l\u00a0tikrovi\u0161k\u0173 judesi\u0173\u00a0, mink\u0161tos tekst\u016bros ir interaktyvi\u0173 savybi\u0173 zuikutis puikiai atitinka ma\u017eyli\u0173 poreikius. \u0160is \u017eaislas ne tik linksmina ir linksmina, bet ir\u00a0lavina svarbius socialinius, rankinius ir emocinius \u012fg\u016bd\u017eius\u00a0. Nesvarbu, ar vaikas \u017eaid\u017eia vienas, ar su bendraam\u017eiais, interaktyvus zuikis tampa kiekvieno \u017eaidimo dalimi, mokydamas empatijos, r\u016bpes\u010dio ir atsakomyb\u0117s.<\/p>\n<p>Rakstur\u012bgs:<\/p>\n<p> \t&#8211;\u00a0\u00a0Mink\u0161ta, p\u016bkuota med\u017eiaga\u00a0&#8211;\u00a0saugi ir maloni liesti\u00a0, puikiai tinka glamon\u0117ti<br \/>\n \t&#8211; Maitinamas baterijomis \u2013\u00a0lengvas\u00a0baterij\u0173 keitimas\u00a0, ilgos pramogos (2 x AA baterijos, nepridedamos)<br \/>\n \t&#8211; \u017daislas vaikams nuo\u00a03 met\u0173 am\u017eiaus<\/p>\n<p>Funkcijas:<\/p>\n<p> \t&#8211; Zuikis vaik\u0161to<br \/>\n \t&#8211;\u00a0\u00a0Judina ausis ir uodeg\u0105<br \/>\n \t&#8211; Skleid\u017eia tikrovi\u0161kus garsus<\/p>\n<p>Komplekt\u0101 ietilpst:<\/p>\n<p> \t&#8211; Baltas zuikis<br \/>\n \t&#8211; Morka<\/p>\n<p>\u017daislas vystosi\u00a0:<\/p>\n<p> \t&#8211; Empatija ir r\u016bpestis \u2013 vaikas i\u0161moksta r\u016bpintis \u201eaugintiniu\u201c, j\u012f maitindamas ir juo r\u016bpindamasis.<br \/>\n \t&#8211; Smulkioji motorika \u2013 \u017eaidimas su morka ir bendravimas su zuiku\u010diu padeda lavinti tikslius rank\u0173 judesius<br \/>\n \t&#8211; Aki\u0173 ir rank\u0173 koordinacija \u2013 me\u0161kiuko judesi\u0173 steb\u0117jimas ir reagavimas \u012f juos lavina suvokim\u0105<br \/>\n \t&#8211; Vaizduot\u0117 ir k\u016brybi\u0161kumas \u2013 vaikai kuria savo istorijas ir \u017eaid\u017eia scenarijus<br \/>\n \t&#8211; Socialiniai \u012fg\u016bd\u017eiai \u2013 \u017eaidimas kartu su bendraam\u017eiais moko bendradarbiavimo ir dalijimosi<\/p>","protected":false},"excerpt":{"rendered":"<p>Susipa\u017einkite su interaktyviu pliu\u0161iniu zuiku\u010diu\u00a0\u201eWoopie\u201c\u00a0\u00a0\u2013 mink\u0161tu, \u017eavingu vaik\u0173 nuotyki\u0173 kompanionu, kuris\u00a0juda ir skleid\u017eia garsus\u00a0! Tai daugiau nei pliu\u0161inis \u017eaislas \u2013<\/p>","protected":false},"featured_media":78668,"template":"","meta":{"_acf_changed":false,"_glsr_average":0,"_glsr_ranking":0,"_glsr_reviews":0},"product_brand":[],"product_cat":[375,229],"product_tag":[],"class_list":{"0":"post-78666","1":"product","2":"type-product","3":"status-publish","4":"has-post-thumbnail","6":"product_cat-pliusiniai-zaislai","7":"product_cat-zaislai-vaikams","8":"\"style=\"background-color: #2ecc711c;\"","10":"first","11":"instock","12":"purchasable","13":"product-type-simple"},"acf":[],"yoast_head":"<!-- This site is optimized with the Yoast SEO plugin v27.3 - https:\/\/yoast.com\/product\/yoast-seo-wordpress\/ -->\n<title>WOOPIE interaktyvus pliu\u0161inis \u017eaislas su morka, baltas<\/title>\n<meta name=\"description\" content=\"WOOPIE interaktyvus pliu\u0161inis \u017eaislas su morka, baltas - KidsPlay. Did\u017eiausias vaik\u0173 \u017eaisl\u0173 pasirinkimas.\" \/>\n<meta name=\"robots\" content=\"index, follow, max-snippet:-1, max-image-preview:large, max-video-preview:-1\" \/>\n<link rel=\"canonical\" href=\"https:\/\/kidsplay.lt\/lv\/products\/woopie-interaktyvus-pliusinis-zaislas-su-morka-baltas\/\" \/>\n<meta property=\"og:locale\" content=\"lv_LV\" \/>\n<meta property=\"og:type\" content=\"article\" \/>\n<meta property=\"og:title\" content=\"WOOPIE interaktyvus pliu\u0161inis \u017eaislas su morka, baltas\" \/>\n<meta property=\"og:description\" content=\"WOOPIE interaktyvus pliu\u0161inis \u017eaislas su morka, baltas - KidsPlay. Did\u017eiausias vaik\u0173 \u017eaisl\u0173 pasirinkimas.\" \/>\n<meta property=\"og:url\" content=\"https:\/\/kidsplay.lt\/lv\/products\/woopie-interaktyvus-pliusinis-zaislas-su-morka-baltas\/\" \/>\n<meta property=\"og:site_name\" content=\"KidsPlay\" \/>\n<meta property=\"article:publisher\" content=\"https:\/\/www.facebook.com\/www.kidsplay.lt\" \/>\n<meta property=\"article:modified_time\" content=\"2026-04-07T07:16:49+00:00\" \/>\n<meta property=\"og:image\" content=\"https:\/\/kidsplay.lt\/wp-content\/uploads\/2025\/10\/WOOPIE-interaktyvus-pliusinis-zaislas-su-morka-baltas.jpg\" \/>\n\t<meta property=\"og:image:width\" content=\"1000\" \/>\n\t<meta property=\"og:image:height\" content=\"1000\" \/>\n\t<meta property=\"og:image:type\" content=\"image\/jpeg\" \/>\n<meta name=\"twitter:card\" content=\"summary_large_image\" \/>\n<meta name=\"twitter:label1\" content=\"Est. reading time\" \/>\n\t<meta name=\"twitter:data1\" content=\"1 min\u016bte\" \/>\n<script type=\"application\/ld+json\" class=\"yoast-schema-graph\">{\"@context\":\"https:\\\/\\\/schema.org\",\"@graph\":[{\"@type\":\"WebPage\",\"@id\":\"https:\\\/\\\/kidsplay.lt\\\/produktas\\\/woopie-interaktyvus-pliusinis-zaislas-su-morka-baltas\\\/\",\"url\":\"https:\\\/\\\/kidsplay.lt\\\/produktas\\\/woopie-interaktyvus-pliusinis-zaislas-su-morka-baltas\\\/\",\"name\":\"WOOPIE interaktyvus pliu\u0161inis \u017eaislas su morka, baltas\",\"isPartOf\":{\"@id\":\"https:\\\/\\\/kidsplay.lt\\\/#website\"},\"primaryImageOfPage\":{\"@id\":\"https:\\\/\\\/kidsplay.lt\\\/produktas\\\/woopie-interaktyvus-pliusinis-zaislas-su-morka-baltas\\\/#primaryimage\"},\"image\":{\"@id\":\"https:\\\/\\\/kidsplay.lt\\\/produktas\\\/woopie-interaktyvus-pliusinis-zaislas-su-morka-baltas\\\/#primaryimage\"},\"thumbnailUrl\":\"https:\\\/\\\/kidsplay.lt\\\/wp-content\\\/uploads\\\/2025\\\/10\\\/WOOPIE-interaktyvus-pliusinis-zaislas-su-morka-baltas.jpg\",\"datePublished\":\"2025-10-27T15:11:10+00:00\",\"dateModified\":\"2026-04-07T07:16:49+00:00\",\"description\":\"WOOPIE interaktyvus pliu\u0161inis \u017eaislas su morka, baltas - KidsPlay. Did\u017eiausias vaik\u0173 \u017eaisl\u0173 pasirinkimas.\",\"breadcrumb\":{\"@id\":\"https:\\\/\\\/kidsplay.lt\\\/produktas\\\/woopie-interaktyvus-pliusinis-zaislas-su-morka-baltas\\\/#breadcrumb\"},\"inLanguage\":\"lv-LV\",\"potentialAction\":[{\"@type\":\"ReadAction\",\"target\":[\"https:\\\/\\\/kidsplay.lt\\\/produktas\\\/woopie-interaktyvus-pliusinis-zaislas-su-morka-baltas\\\/\"]}]},{\"@type\":\"ImageObject\",\"inLanguage\":\"lv-LV\",\"@id\":\"https:\\\/\\\/kidsplay.lt\\\/produktas\\\/woopie-interaktyvus-pliusinis-zaislas-su-morka-baltas\\\/#primaryimage\",\"url\":\"https:\\\/\\\/kidsplay.lt\\\/wp-content\\\/uploads\\\/2025\\\/10\\\/WOOPIE-interaktyvus-pliusinis-zaislas-su-morka-baltas.jpg\",\"contentUrl\":\"https:\\\/\\\/kidsplay.lt\\\/wp-content\\\/uploads\\\/2025\\\/10\\\/WOOPIE-interaktyvus-pliusinis-zaislas-su-morka-baltas.jpg\",\"width\":1000,\"height\":1000,\"caption\":\"WOOPIE interaktyvus pliu\u0161inis \u017eaislas su morka\"},{\"@type\":\"BreadcrumbList\",\"@id\":\"https:\\\/\\\/kidsplay.lt\\\/produktas\\\/woopie-interaktyvus-pliusinis-zaislas-su-morka-baltas\\\/#breadcrumb\",\"itemListElement\":[{\"@type\":\"ListItem\",\"position\":1,\"name\":\"Pagrindinis\",\"item\":\"https:\\\/\\\/kidsplay.lt\\\/\"},{\"@type\":\"ListItem\",\"position\":2,\"name\":\"Parduotuv\u0117\",\"item\":\"https:\\\/\\\/kidsplay.lt\\\/parduotuve\\\/\"},{\"@type\":\"ListItem\",\"position\":3,\"name\":\"WOOPIE interaktyvus pliu\u0161inis \u017eaislas su morka, baltas\"}]},{\"@type\":\"WebSite\",\"@id\":\"https:\\\/\\\/kidsplay.lt\\\/#website\",\"url\":\"https:\\\/\\\/kidsplay.lt\\\/\",\"name\":\"Kidsplay.lt\",\"description\":\"\u012evairios prek\u0117s vaikams\",\"publisher\":{\"@id\":\"https:\\\/\\\/kidsplay.lt\\\/#organization\"},\"alternateName\":\"Kidsplay\",\"potentialAction\":[{\"@type\":\"SearchAction\",\"target\":{\"@type\":\"EntryPoint\",\"urlTemplate\":\"https:\\\/\\\/kidsplay.lt\\\/?s={search_term_string}\"},\"query-input\":{\"@type\":\"PropertyValueSpecification\",\"valueRequired\":true,\"valueName\":\"search_term_string\"}}],\"inLanguage\":\"lv-LV\"},{\"@type\":\"Organization\",\"@id\":\"https:\\\/\\\/kidsplay.lt\\\/#organization\",\"name\":\"KidsPlay\",\"url\":\"https:\\\/\\\/kidsplay.lt\\\/\",\"logo\":{\"@type\":\"ImageObject\",\"inLanguage\":\"lv-LV\",\"@id\":\"https:\\\/\\\/kidsplay.lt\\\/#\\\/schema\\\/logo\\\/image\\\/\",\"url\":\"https:\\\/\\\/kidsplay.lt\\\/wp-content\\\/uploads\\\/2023\\\/07\\\/kidsplay-logo.png\",\"contentUrl\":\"https:\\\/\\\/kidsplay.lt\\\/wp-content\\\/uploads\\\/2023\\\/07\\\/kidsplay-logo.png\",\"width\":451,\"height\":98,\"caption\":\"KidsPlay\"},\"image\":{\"@id\":\"https:\\\/\\\/kidsplay.lt\\\/#\\\/schema\\\/logo\\\/image\\\/\"},\"sameAs\":[\"https:\\\/\\\/www.facebook.com\\\/www.kidsplay.lt\"]}]}<\/script>\n<!-- \/ Yoast SEO plugin. -->","yoast_head_json":{"title":"WOOPIE interaktyvus pliu\u0161inis \u017eaislas su morka, baltas","description":"WOOPIE interaktyvus pliu\u0161inis \u017eaislas su morka, baltas - KidsPlay. Did\u017eiausias vaik\u0173 \u017eaisl\u0173 pasirinkimas.","robots":{"index":"index","follow":"follow","max-snippet":"max-snippet:-1","max-image-preview":"max-image-preview:large","max-video-preview":"max-video-preview:-1"},"canonical":"https:\/\/kidsplay.lt\/lv\/products\/woopie-interaktyvus-pliusinis-zaislas-su-morka-baltas\/","og_locale":"lv_LV","og_type":"article","og_title":"WOOPIE interaktyvus pliu\u0161inis \u017eaislas su morka, baltas","og_description":"WOOPIE interaktyvus pliu\u0161inis \u017eaislas su morka, baltas - KidsPlay. Did\u017eiausias vaik\u0173 \u017eaisl\u0173 pasirinkimas.","og_url":"https:\/\/kidsplay.lt\/lv\/products\/woopie-interaktyvus-pliusinis-zaislas-su-morka-baltas\/","og_site_name":"KidsPlay","article_publisher":"https:\/\/www.facebook.com\/www.kidsplay.lt","article_modified_time":"2026-04-07T07:16:49+00:00","og_image":[{"width":1000,"height":1000,"url":"https:\/\/kidsplay.lt\/wp-content\/uploads\/2025\/10\/WOOPIE-interaktyvus-pliusinis-zaislas-su-morka-baltas.jpg","type":"image\/jpeg"}],"twitter_card":"summary_large_image","twitter_misc":{"Est. reading time":"1 min\u016bte"},"schema":{"@context":"https:\/\/schema.org","@graph":[{"@type":"WebPage","@id":"https:\/\/kidsplay.lt\/produktas\/woopie-interaktyvus-pliusinis-zaislas-su-morka-baltas\/","url":"https:\/\/kidsplay.lt\/produktas\/woopie-interaktyvus-pliusinis-zaislas-su-morka-baltas\/","name":"WOOPIE interaktyvus pliu\u0161inis \u017eaislas su morka, baltas","isPartOf":{"@id":"https:\/\/kidsplay.lt\/#website"},"primaryImageOfPage":{"@id":"https:\/\/kidsplay.lt\/produktas\/woopie-interaktyvus-pliusinis-zaislas-su-morka-baltas\/#primaryimage"},"image":{"@id":"https:\/\/kidsplay.lt\/produktas\/woopie-interaktyvus-pliusinis-zaislas-su-morka-baltas\/#primaryimage"},"thumbnailUrl":"https:\/\/kidsplay.lt\/wp-content\/uploads\/2025\/10\/WOOPIE-interaktyvus-pliusinis-zaislas-su-morka-baltas.jpg","datePublished":"2025-10-27T15:11:10+00:00","dateModified":"2026-04-07T07:16:49+00:00","description":"WOOPIE interaktyvus pliu\u0161inis \u017eaislas su morka, baltas - KidsPlay. Did\u017eiausias vaik\u0173 \u017eaisl\u0173 pasirinkimas.","breadcrumb":{"@id":"https:\/\/kidsplay.lt\/produktas\/woopie-interaktyvus-pliusinis-zaislas-su-morka-baltas\/#breadcrumb"},"inLanguage":"lv-LV","potentialAction":[{"@type":"ReadAction","target":["https:\/\/kidsplay.lt\/produktas\/woopie-interaktyvus-pliusinis-zaislas-su-morka-baltas\/"]}]},{"@type":"ImageObject","inLanguage":"lv-LV","@id":"https:\/\/kidsplay.lt\/produktas\/woopie-interaktyvus-pliusinis-zaislas-su-morka-baltas\/#primaryimage","url":"https:\/\/kidsplay.lt\/wp-content\/uploads\/2025\/10\/WOOPIE-interaktyvus-pliusinis-zaislas-su-morka-baltas.jpg","contentUrl":"https:\/\/kidsplay.lt\/wp-content\/uploads\/2025\/10\/WOOPIE-interaktyvus-pliusinis-zaislas-su-morka-baltas.jpg","width":1000,"height":1000,"caption":"WOOPIE interaktyvus pliu\u0161inis \u017eaislas su morka"},{"@type":"BreadcrumbList","@id":"https:\/\/kidsplay.lt\/produktas\/woopie-interaktyvus-pliusinis-zaislas-su-morka-baltas\/#breadcrumb","itemListElement":[{"@type":"ListItem","position":1,"name":"Pagrindinis","item":"https:\/\/kidsplay.lt\/"},{"@type":"ListItem","position":2,"name":"Parduotuv\u0117","item":"https:\/\/kidsplay.lt\/parduotuve\/"},{"@type":"ListItem","position":3,"name":"WOOPIE interaktyvus pliu\u0161inis \u017eaislas su morka, baltas"}]},{"@type":"WebSite","@id":"https:\/\/kidsplay.lt\/#website","url":"https:\/\/kidsplay.lt\/","name":"B\u0113rnu sp\u0113les.lv","description":"\u012evairios prek\u0117s vaikams","publisher":{"@id":"https:\/\/kidsplay.lt\/#organization"},"alternateName":"Kidsplay","potentialAction":[{"@type":"SearchAction","target":{"@type":"EntryPoint","urlTemplate":"https:\/\/kidsplay.lt\/?s={search_term_string}"},"query-input":{"@type":"PropertyValueSpecification","valueRequired":true,"valueName":"search_term_string"}}],"inLanguage":"lv-LV"},{"@type":"Organization","@id":"https:\/\/kidsplay.lt\/#organization","name":"B\u0113rnu sp\u0113le","url":"https:\/\/kidsplay.lt\/","logo":{"@type":"ImageObject","inLanguage":"lv-LV","@id":"https:\/\/kidsplay.lt\/#\/schema\/logo\/image\/","url":"https:\/\/kidsplay.lt\/wp-content\/uploads\/2023\/07\/kidsplay-logo.png","contentUrl":"https:\/\/kidsplay.lt\/wp-content\/uploads\/2023\/07\/kidsplay-logo.png","width":451,"height":98,"caption":"KidsPlay"},"image":{"@id":"https:\/\/kidsplay.lt\/#\/schema\/logo\/image\/"},"sameAs":["https:\/\/www.facebook.com\/www.kidsplay.lt"]}]}},"_links":{"self":[{"href":"https:\/\/kidsplay.lt\/lv\/wp-json\/wp\/v2\/product\/78666","targetHints":{"allow":["GET"]}}],"collection":[{"href":"https:\/\/kidsplay.lt\/lv\/wp-json\/wp\/v2\/product"}],"about":[{"href":"https:\/\/kidsplay.lt\/lv\/wp-json\/wp\/v2\/types\/product"}],"version-history":[{"count":1,"href":"https:\/\/kidsplay.lt\/lv\/wp-json\/wp\/v2\/product\/78666\/revisions"}],"predecessor-version":[{"id":78667,"href":"https:\/\/kidsplay.lt\/lv\/wp-json\/wp\/v2\/product\/78666\/revisions\/78667"}],"wp:featuredmedia":[{"embeddable":true,"href":"https:\/\/kidsplay.lt\/lv\/wp-json\/wp\/v2\/media\/78668"}],"wp:attachment":[{"href":"https:\/\/kidsplay.lt\/lv\/wp-json\/wp\/v2\/media?parent=78666"}],"wp:term":[{"taxonomy":"product_brand","embeddable":true,"href":"https:\/\/kidsplay.lt\/lv\/wp-json\/wp\/v2\/product_brand?post=78666"},{"taxonomy":"product_cat","embeddable":true,"href":"https:\/\/kidsplay.lt\/lv\/wp-json\/wp\/v2\/product_cat?post=78666"},{"taxonomy":"product_tag","embeddable":true,"href":"https:\/\/kidsplay.lt\/lv\/wp-json\/wp\/v2\/product_tag?post=78666"}],"curies":[{"name":"wp","href":"https:\/\/api.w.org\/{rel}","templated":true}]}}