{"id":78704,"date":"2025-10-27T17:16:08","date_gmt":"2025-10-27T15:16:08","guid":{"rendered":"https:\/\/kidsplay.lt\/produktas\/classic-world-medine-manipuliavimo-lenta-daugiafunkcis-motorizuotas-vairas\/"},"modified":"2026-04-07T09:45:25","modified_gmt":"2026-04-07T06:45:25","slug":"classic-world-medine-manipuliavimo-lenta-daugiafunkcis-motorizuotas-vairas","status":"publish","type":"product","link":"https:\/\/kidsplay.lt\/lv\/product\/classic-world-medine-manipuliavimo-lenta-daugiafunkcis-motorizuotas-vairas\/","title":{"rendered":"CLASSIC WORLD Medin\u0117 manipuliavimo lenta Daugiafunkcis motorizuotas vairas"},"content":{"rendered":"<p>\u201eClassic World\u201c\u00a0\u00a0medin\u0117 vairo formos manipuliavimo lenta\u00a0\u00a0yra\u00a0unikalus \u017eaislas\u00a0, skirtas lavinti rankinius \u012fg\u016bd\u017eius, paver\u010diantis bet kur\u012f kambar\u012f juoko ir k\u016brybi\u0161ko \u017eaidimo vieta. Su tokiais\u00a0tikrovi\u0161kais elementais\u00a0kaip pavar\u0173 perjungimo svirtis, temperat\u016bros matuoklis, spidometras ir judantis vairas su garso efektais, ma\u017eyliai gali pasijusti tikrais vairuotojais! \u017daidimas ne tik teikia d\u017eiaugsmo, bet ir\u00a0lavina vaik\u0173 vaizduot\u0119\u00a0,\u00a0motorinius \u012fg\u016bd\u017eius\u00a0ir\u00a0login\u012f m\u0105stym\u0105\u00a0.\u00a0Tvirta medin\u0117 konstrukcija\u00a0daro lent\u0105\u00a0saugi\u0105 ir patvari\u0105\u00a0, o daugyb\u0117 spalving\u0173 pried\u0173 pavers kiekvien\u0105 kelion\u0119 nepamir\u0161tama.<\/p>\n<p>&#8211; Vaikams nuo\u00a03 met\u0173\u00a0am\u017eiaus<br \/>\n&#8211;\u00a0Realisti\u0161kas\u00a0vairuotojo \u017eaidimo skydelis<br \/>\n&#8211;\u00a0Judantys, spalvingi elementai\u00a0, kurie skatina vaizduot\u0119<br \/>\n&#8211; Garso mygtukas, signalas, \u012fmontuotas \u012f vair\u0105<br \/>\n&#8211;\u00a0Saugi, patvari ir ekologi\u0161ka konstrukcija,\u00a0pagaminta i\u0161 auk\u0161tos kokyb\u0117s medienos<br \/>\n&#8211;\u00a0Paprastas, intuityvus mechanizmas\u00a0\u2013 \u017eaislui nereikia naudoti \u012franki\u0173<br \/>\n&#8211;\u00a0Vairo formos manipuliavimo lenta\u00a0rankiniams \u012fg\u016bd\u017eiams\u00a0(\u201esmulkiosios motorikos \u012fg\u016bd\u017eiams\u201c) lavinti<\/p>\n<p>Rinkinio komponentai:<\/p>\n<p>&#8211; Medin\u0117 lenta su vairu<br \/>\n&#8211; Spidometras<br \/>\n&#8211; Degal\u0173 matuoklis<br \/>\n&#8211; Alyvos temperat\u016bros matuoklis<br \/>\n&#8211; Avarinio \u017eibinto mygtukas<br \/>\n&#8211; U\u017edegimo jungiklis su raktu<br \/>\n&#8211; Oro kondicionieriaus mygtukas<br \/>\nGPS<br \/>\n&#8211; Pos\u016bkio signalo jungiklis<br \/>\n&#8211; Judinamas \u0161oninis veidrod\u0117lis<br \/>\n&#8211; Mediniai aksesuarai: akiniai, telefonas, \u017eibintuv\u0117lis<br \/>\n&#8211; \u012e vair\u0105 integruotas signalas<\/p>\n<p>Rota\u013clieta att\u012bst\u0101s:<\/p>\n<p>&#8211; Motoriniai \u012fg\u016bd\u017eiai<br \/>\n&#8211; Rank\u0173 ir aki\u0173 koordinacija<br \/>\n&#8211; Vaizduot\u0117<br \/>\n&#8211; K\u016brybi\u0161kumas<br \/>\n&#8211; Loginis m\u0105stymas<br \/>\n&#8211; Sensorin\u0117 integracija<\/p>","protected":false},"excerpt":{"rendered":"<p>\u201eClassic World\u201c\u00a0\u00a0medin\u0117 vairo formos manipuliavimo lenta\u00a0\u00a0yra\u00a0unikalus \u017eaislas\u00a0, skirtas lavinti rankinius \u012fg\u016bd\u017eius, paver\u010diantis bet kur\u012f kambar\u012f juoko ir k\u016brybi\u0161ko \u017eaidimo vieta.<\/p>","protected":false},"featured_media":78706,"template":"","meta":{"_acf_changed":false,"_glsr_average":0,"_glsr_ranking":0,"_glsr_reviews":0},"product_brand":[],"product_cat":[72,549,229],"product_tag":[],"class_list":{"0":"post-78704","1":"product","2":"type-product","3":"status-publish","4":"has-post-thumbnail","6":"product_cat-ispardavimas","7":"product_cat-manipuliacines-lentos","8":"product_cat-zaislai-vaikams","9":"\"style=\"background-color: #2ecc711c;\"","11":"first","12":"instock","13":"sale","14":"purchasable","15":"product-type-simple"},"acf":[],"yoast_head":"<!-- This site is optimized with the Yoast SEO plugin v27.3 - https:\/\/yoast.com\/product\/yoast-seo-wordpress\/ -->\n<title>CLASSIC WORLD Medin\u0117 manipuliavimo lenta Daugiafunkcis motorizuotas vairas<\/title>\n<meta name=\"description\" content=\"CLASSIC WORLD Medin\u0117 manipuliavimo lenta Daugiafunkcis motorizuotas vairas - KidsPlay. Did\u017eiausias vaik\u0173 \u017eaisl\u0173 pasirinkimas.\" \/>\n<meta name=\"robots\" content=\"index, follow, max-snippet:-1, max-image-preview:large, max-video-preview:-1\" \/>\n<link rel=\"canonical\" href=\"https:\/\/kidsplay.lt\/lv\/product\/classic-world-medine-manipuliavimo-lenta-daugiafunkcis-motorizuotas-vairas\/\" \/>\n<meta property=\"og:locale\" content=\"lv_LV\" \/>\n<meta property=\"og:type\" content=\"article\" \/>\n<meta property=\"og:title\" content=\"CLASSIC WORLD Medin\u0117 manipuliavimo lenta Daugiafunkcis motorizuotas vairas\" \/>\n<meta property=\"og:description\" content=\"CLASSIC WORLD Medin\u0117 manipuliavimo lenta Daugiafunkcis motorizuotas vairas - KidsPlay. Did\u017eiausias vaik\u0173 \u017eaisl\u0173 pasirinkimas.\" \/>\n<meta property=\"og:url\" content=\"https:\/\/kidsplay.lt\/lv\/product\/classic-world-medine-manipuliavimo-lenta-daugiafunkcis-motorizuotas-vairas\/\" \/>\n<meta property=\"og:site_name\" content=\"KidsPlay\" \/>\n<meta property=\"article:publisher\" content=\"https:\/\/www.facebook.com\/www.kidsplay.lt\" \/>\n<meta property=\"article:modified_time\" content=\"2026-04-07T06:45:25+00:00\" \/>\n<meta property=\"og:image\" content=\"https:\/\/kidsplay.lt\/wp-content\/uploads\/2025\/10\/CLASSIC-WORLD-Medine-manipuliavimo-lenta-Daugiafunkcis-motorizuotas-vairas.jpg\" \/>\n\t<meta property=\"og:image:width\" content=\"2560\" \/>\n\t<meta property=\"og:image:height\" content=\"2560\" \/>\n\t<meta property=\"og:image:type\" content=\"image\/jpeg\" \/>\n<meta name=\"twitter:card\" content=\"summary_large_image\" \/>\n<meta name=\"twitter:label1\" content=\"Est. reading time\" \/>\n\t<meta name=\"twitter:data1\" content=\"2 min\u016btes\" \/>\n<script type=\"application\/ld+json\" class=\"yoast-schema-graph\">{\"@context\":\"https:\\\/\\\/schema.org\",\"@graph\":[{\"@type\":\"WebPage\",\"@id\":\"https:\\\/\\\/kidsplay.lt\\\/produktas\\\/classic-world-medine-manipuliavimo-lenta-daugiafunkcis-motorizuotas-vairas\\\/\",\"url\":\"https:\\\/\\\/kidsplay.lt\\\/produktas\\\/classic-world-medine-manipuliavimo-lenta-daugiafunkcis-motorizuotas-vairas\\\/\",\"name\":\"CLASSIC WORLD Medin\u0117 manipuliavimo lenta Daugiafunkcis motorizuotas vairas\",\"isPartOf\":{\"@id\":\"https:\\\/\\\/kidsplay.lt\\\/#website\"},\"primaryImageOfPage\":{\"@id\":\"https:\\\/\\\/kidsplay.lt\\\/produktas\\\/classic-world-medine-manipuliavimo-lenta-daugiafunkcis-motorizuotas-vairas\\\/#primaryimage\"},\"image\":{\"@id\":\"https:\\\/\\\/kidsplay.lt\\\/produktas\\\/classic-world-medine-manipuliavimo-lenta-daugiafunkcis-motorizuotas-vairas\\\/#primaryimage\"},\"thumbnailUrl\":\"https:\\\/\\\/kidsplay.lt\\\/wp-content\\\/uploads\\\/2025\\\/10\\\/CLASSIC-WORLD-Medine-manipuliavimo-lenta-Daugiafunkcis-motorizuotas-vairas.jpg\",\"datePublished\":\"2025-10-27T15:16:08+00:00\",\"dateModified\":\"2026-04-07T06:45:25+00:00\",\"description\":\"CLASSIC WORLD Medin\u0117 manipuliavimo lenta Daugiafunkcis motorizuotas vairas - KidsPlay. Did\u017eiausias vaik\u0173 \u017eaisl\u0173 pasirinkimas.\",\"breadcrumb\":{\"@id\":\"https:\\\/\\\/kidsplay.lt\\\/produktas\\\/classic-world-medine-manipuliavimo-lenta-daugiafunkcis-motorizuotas-vairas\\\/#breadcrumb\"},\"inLanguage\":\"lv-LV\",\"potentialAction\":[{\"@type\":\"ReadAction\",\"target\":[\"https:\\\/\\\/kidsplay.lt\\\/produktas\\\/classic-world-medine-manipuliavimo-lenta-daugiafunkcis-motorizuotas-vairas\\\/\"]}]},{\"@type\":\"ImageObject\",\"inLanguage\":\"lv-LV\",\"@id\":\"https:\\\/\\\/kidsplay.lt\\\/produktas\\\/classic-world-medine-manipuliavimo-lenta-daugiafunkcis-motorizuotas-vairas\\\/#primaryimage\",\"url\":\"https:\\\/\\\/kidsplay.lt\\\/wp-content\\\/uploads\\\/2025\\\/10\\\/CLASSIC-WORLD-Medine-manipuliavimo-lenta-Daugiafunkcis-motorizuotas-vairas.jpg\",\"contentUrl\":\"https:\\\/\\\/kidsplay.lt\\\/wp-content\\\/uploads\\\/2025\\\/10\\\/CLASSIC-WORLD-Medine-manipuliavimo-lenta-Daugiafunkcis-motorizuotas-vairas.jpg\",\"width\":2560,\"height\":2560,\"caption\":\"CLASSIC WORLD Medin\u0117 manipuliavimo lenta Daugiafunkcis motorizuotas vairas\"},{\"@type\":\"BreadcrumbList\",\"@id\":\"https:\\\/\\\/kidsplay.lt\\\/produktas\\\/classic-world-medine-manipuliavimo-lenta-daugiafunkcis-motorizuotas-vairas\\\/#breadcrumb\",\"itemListElement\":[{\"@type\":\"ListItem\",\"position\":1,\"name\":\"Pagrindinis\",\"item\":\"https:\\\/\\\/kidsplay.lt\\\/\"},{\"@type\":\"ListItem\",\"position\":2,\"name\":\"Parduotuv\u0117\",\"item\":\"https:\\\/\\\/kidsplay.lt\\\/parduotuve\\\/\"},{\"@type\":\"ListItem\",\"position\":3,\"name\":\"CLASSIC WORLD Medin\u0117 manipuliavimo lenta Daugiafunkcis motorizuotas vairas\"}]},{\"@type\":\"WebSite\",\"@id\":\"https:\\\/\\\/kidsplay.lt\\\/#website\",\"url\":\"https:\\\/\\\/kidsplay.lt\\\/\",\"name\":\"Kidsplay.lt\",\"description\":\"\u012evairios prek\u0117s vaikams\",\"publisher\":{\"@id\":\"https:\\\/\\\/kidsplay.lt\\\/#organization\"},\"alternateName\":\"Kidsplay\",\"potentialAction\":[{\"@type\":\"SearchAction\",\"target\":{\"@type\":\"EntryPoint\",\"urlTemplate\":\"https:\\\/\\\/kidsplay.lt\\\/?s={search_term_string}\"},\"query-input\":{\"@type\":\"PropertyValueSpecification\",\"valueRequired\":true,\"valueName\":\"search_term_string\"}}],\"inLanguage\":\"lv-LV\"},{\"@type\":\"Organization\",\"@id\":\"https:\\\/\\\/kidsplay.lt\\\/#organization\",\"name\":\"KidsPlay\",\"url\":\"https:\\\/\\\/kidsplay.lt\\\/\",\"logo\":{\"@type\":\"ImageObject\",\"inLanguage\":\"lv-LV\",\"@id\":\"https:\\\/\\\/kidsplay.lt\\\/#\\\/schema\\\/logo\\\/image\\\/\",\"url\":\"https:\\\/\\\/kidsplay.lt\\\/wp-content\\\/uploads\\\/2023\\\/07\\\/kidsplay-logo.png\",\"contentUrl\":\"https:\\\/\\\/kidsplay.lt\\\/wp-content\\\/uploads\\\/2023\\\/07\\\/kidsplay-logo.png\",\"width\":451,\"height\":98,\"caption\":\"KidsPlay\"},\"image\":{\"@id\":\"https:\\\/\\\/kidsplay.lt\\\/#\\\/schema\\\/logo\\\/image\\\/\"},\"sameAs\":[\"https:\\\/\\\/www.facebook.com\\\/www.kidsplay.lt\"]}]}<\/script>\n<!-- \/ Yoast SEO plugin. -->","yoast_head_json":{"title":"CLASSIC WORLD Medin\u0117 manipuliavimo lenta Daugiafunkcis motorizuotas vairas","description":"CLASSIC WORLD Medin\u0117 manipuliavimo lenta Daugiafunkcis motorizuotas vairas - KidsPlay. Did\u017eiausias vaik\u0173 \u017eaisl\u0173 pasirinkimas.","robots":{"index":"index","follow":"follow","max-snippet":"max-snippet:-1","max-image-preview":"max-image-preview:large","max-video-preview":"max-video-preview:-1"},"canonical":"https:\/\/kidsplay.lt\/lv\/product\/classic-world-medine-manipuliavimo-lenta-daugiafunkcis-motorizuotas-vairas\/","og_locale":"lv_LV","og_type":"article","og_title":"CLASSIC WORLD Medin\u0117 manipuliavimo lenta Daugiafunkcis motorizuotas vairas","og_description":"CLASSIC WORLD Medin\u0117 manipuliavimo lenta Daugiafunkcis motorizuotas vairas - KidsPlay. Did\u017eiausias vaik\u0173 \u017eaisl\u0173 pasirinkimas.","og_url":"https:\/\/kidsplay.lt\/lv\/product\/classic-world-medine-manipuliavimo-lenta-daugiafunkcis-motorizuotas-vairas\/","og_site_name":"KidsPlay","article_publisher":"https:\/\/www.facebook.com\/www.kidsplay.lt","article_modified_time":"2026-04-07T06:45:25+00:00","og_image":[{"width":2560,"height":2560,"url":"https:\/\/kidsplay.lt\/wp-content\/uploads\/2025\/10\/CLASSIC-WORLD-Medine-manipuliavimo-lenta-Daugiafunkcis-motorizuotas-vairas.jpg","type":"image\/jpeg"}],"twitter_card":"summary_large_image","twitter_misc":{"Est. reading time":"2 min\u016btes"},"schema":{"@context":"https:\/\/schema.org","@graph":[{"@type":"WebPage","@id":"https:\/\/kidsplay.lt\/produktas\/classic-world-medine-manipuliavimo-lenta-daugiafunkcis-motorizuotas-vairas\/","url":"https:\/\/kidsplay.lt\/produktas\/classic-world-medine-manipuliavimo-lenta-daugiafunkcis-motorizuotas-vairas\/","name":"CLASSIC WORLD Medin\u0117 manipuliavimo lenta Daugiafunkcis motorizuotas vairas","isPartOf":{"@id":"https:\/\/kidsplay.lt\/#website"},"primaryImageOfPage":{"@id":"https:\/\/kidsplay.lt\/produktas\/classic-world-medine-manipuliavimo-lenta-daugiafunkcis-motorizuotas-vairas\/#primaryimage"},"image":{"@id":"https:\/\/kidsplay.lt\/produktas\/classic-world-medine-manipuliavimo-lenta-daugiafunkcis-motorizuotas-vairas\/#primaryimage"},"thumbnailUrl":"https:\/\/kidsplay.lt\/wp-content\/uploads\/2025\/10\/CLASSIC-WORLD-Medine-manipuliavimo-lenta-Daugiafunkcis-motorizuotas-vairas.jpg","datePublished":"2025-10-27T15:16:08+00:00","dateModified":"2026-04-07T06:45:25+00:00","description":"CLASSIC WORLD Medin\u0117 manipuliavimo lenta Daugiafunkcis motorizuotas vairas - KidsPlay. Did\u017eiausias vaik\u0173 \u017eaisl\u0173 pasirinkimas.","breadcrumb":{"@id":"https:\/\/kidsplay.lt\/produktas\/classic-world-medine-manipuliavimo-lenta-daugiafunkcis-motorizuotas-vairas\/#breadcrumb"},"inLanguage":"lv-LV","potentialAction":[{"@type":"ReadAction","target":["https:\/\/kidsplay.lt\/produktas\/classic-world-medine-manipuliavimo-lenta-daugiafunkcis-motorizuotas-vairas\/"]}]},{"@type":"ImageObject","inLanguage":"lv-LV","@id":"https:\/\/kidsplay.lt\/produktas\/classic-world-medine-manipuliavimo-lenta-daugiafunkcis-motorizuotas-vairas\/#primaryimage","url":"https:\/\/kidsplay.lt\/wp-content\/uploads\/2025\/10\/CLASSIC-WORLD-Medine-manipuliavimo-lenta-Daugiafunkcis-motorizuotas-vairas.jpg","contentUrl":"https:\/\/kidsplay.lt\/wp-content\/uploads\/2025\/10\/CLASSIC-WORLD-Medine-manipuliavimo-lenta-Daugiafunkcis-motorizuotas-vairas.jpg","width":2560,"height":2560,"caption":"CLASSIC WORLD Medin\u0117 manipuliavimo lenta Daugiafunkcis motorizuotas vairas"},{"@type":"BreadcrumbList","@id":"https:\/\/kidsplay.lt\/produktas\/classic-world-medine-manipuliavimo-lenta-daugiafunkcis-motorizuotas-vairas\/#breadcrumb","itemListElement":[{"@type":"ListItem","position":1,"name":"Pagrindinis","item":"https:\/\/kidsplay.lt\/"},{"@type":"ListItem","position":2,"name":"Parduotuv\u0117","item":"https:\/\/kidsplay.lt\/parduotuve\/"},{"@type":"ListItem","position":3,"name":"CLASSIC WORLD Medin\u0117 manipuliavimo lenta Daugiafunkcis motorizuotas vairas"}]},{"@type":"WebSite","@id":"https:\/\/kidsplay.lt\/#website","url":"https:\/\/kidsplay.lt\/","name":"B\u0113rnu sp\u0113les.lv","description":"\u012evairios prek\u0117s vaikams","publisher":{"@id":"https:\/\/kidsplay.lt\/#organization"},"alternateName":"Kidsplay","potentialAction":[{"@type":"SearchAction","target":{"@type":"EntryPoint","urlTemplate":"https:\/\/kidsplay.lt\/?s={search_term_string}"},"query-input":{"@type":"PropertyValueSpecification","valueRequired":true,"valueName":"search_term_string"}}],"inLanguage":"lv-LV"},{"@type":"Organization","@id":"https:\/\/kidsplay.lt\/#organization","name":"B\u0113rnu sp\u0113le","url":"https:\/\/kidsplay.lt\/","logo":{"@type":"ImageObject","inLanguage":"lv-LV","@id":"https:\/\/kidsplay.lt\/#\/schema\/logo\/image\/","url":"https:\/\/kidsplay.lt\/wp-content\/uploads\/2023\/07\/kidsplay-logo.png","contentUrl":"https:\/\/kidsplay.lt\/wp-content\/uploads\/2023\/07\/kidsplay-logo.png","width":451,"height":98,"caption":"KidsPlay"},"image":{"@id":"https:\/\/kidsplay.lt\/#\/schema\/logo\/image\/"},"sameAs":["https:\/\/www.facebook.com\/www.kidsplay.lt"]}]}},"_links":{"self":[{"href":"https:\/\/kidsplay.lt\/lv\/wp-json\/wp\/v2\/product\/78704","targetHints":{"allow":["GET"]}}],"collection":[{"href":"https:\/\/kidsplay.lt\/lv\/wp-json\/wp\/v2\/product"}],"about":[{"href":"https:\/\/kidsplay.lt\/lv\/wp-json\/wp\/v2\/types\/product"}],"version-history":[{"count":2,"href":"https:\/\/kidsplay.lt\/lv\/wp-json\/wp\/v2\/product\/78704\/revisions"}],"predecessor-version":[{"id":80753,"href":"https:\/\/kidsplay.lt\/lv\/wp-json\/wp\/v2\/product\/78704\/revisions\/80753"}],"wp:featuredmedia":[{"embeddable":true,"href":"https:\/\/kidsplay.lt\/lv\/wp-json\/wp\/v2\/media\/78706"}],"wp:attachment":[{"href":"https:\/\/kidsplay.lt\/lv\/wp-json\/wp\/v2\/media?parent=78704"}],"wp:term":[{"taxonomy":"product_brand","embeddable":true,"href":"https:\/\/kidsplay.lt\/lv\/wp-json\/wp\/v2\/product_brand?post=78704"},{"taxonomy":"product_cat","embeddable":true,"href":"https:\/\/kidsplay.lt\/lv\/wp-json\/wp\/v2\/product_cat?post=78704"},{"taxonomy":"product_tag","embeddable":true,"href":"https:\/\/kidsplay.lt\/lv\/wp-json\/wp\/v2\/product_tag?post=78704"}],"curies":[{"name":"wp","href":"https:\/\/api.w.org\/{rel}","templated":true}]}}