{"id":78719,"date":"2025-10-27T17:17:49","date_gmt":"2025-10-27T15:17:49","guid":{"rendered":"https:\/\/kidsplay.lt\/produktas\/woopie-2-viename-vandens-stalas-piratu-laivo-smelio-deze-xl-su-burbulu-aparatu\/"},"modified":"2026-04-13T14:38:53","modified_gmt":"2026-04-13T11:38:53","slug":"woopie-2-viename-vandens-stalas-piratu-laivo-smelio-deze-xl-su-burbulu-aparatu","status":"publish","type":"product","link":"https:\/\/kidsplay.lt\/lv\/products\/woopie-2-viename-vandens-stalas-piratu-laivo-smelio-deze-xl-su-burbulu-aparatu\/","title":{"rendered":"WOOPIE 2-in-1 \u016bdens galds, pir\u0101tu ku\u0123a smil\u0161u kaste, XL ar burbu\u013cu ma\u0161\u012bnu"},"content":{"rendered":"<p>\u201eWoopie\u201c\u00a0pirat\u0173\u00a0valties formos vandens staliukas\u00a0yra unikalus \u017eaislas, kuris nukelia vaikus \u012f pirat\u0173 nuotyki\u0173 pasaul\u012f ir suteikia valand\u0173 valandas k\u016brybi\u0161k\u0173 \u017eaidim\u0173 lauke. Tur\u0117dami gaus\u0173 spalving\u0173 pried\u0173, judan\u010di\u0173 dali\u0173 ir pirat\u0173 bok\u0161to rinkin\u012f, ma\u017eyliai gali eksperimentuoti su vandeniu, \u017eaisti su burbulais, sukti vandens rat\u0105 ir atrasti begal\u0119 \u017eaidimo galimybi\u0173. Paprasta, tvirta konstrukcija ir didelis dydis daro stal\u0105 patog\u0173 ir patraukl\u0173 net keliems vaikams vienu metu.<\/p>\n<p>Rakstur\u012bgs:<\/p>\n<p>\u2013 B\u0113rniem no 3 gadu vecuma<br \/>\n&#8211; Stabili ir lengvai surenkama konstrukcija, pagaminta i\u0161 patvaraus plastiko<br \/>\n&#8211; Puikiai tinka sodui ar sm\u0117lio d\u0117\u017eei<br \/>\n&#8211; Paprastas dizainas leid\u017eia greitai i\u0161tu\u0161tinti ir i\u0161valyti stal\u0105<br \/>\n&#8211; D\u0117l didelio dyd\u017eio stalas leid\u017eia keliems vaikams \u017eaisti kartu<br \/>\n&#8211; Visi elementai yra apvali\u0173 form\u0173, kurios u\u017etikrina komfort\u0105 ir saugum\u0105 \u017eaid\u017eiant.<\/p>\n<p>Komplekt\u0101 ietilpst:<\/p>\n<p>&#8211; Gruntinis vanduo<br \/>\n&#8211; Vandens patranka<br \/>\n&#8211; Burbul\u0173 aparatas<br \/>\n&#8211; Vandens \u010diuo\u017eykla<br \/>\n&#8211; Inkaras<br \/>\n&#8211; Stiebas su varnos lizdu<br \/>\n&#8211; Pirato fig\u016br\u0117l\u0117<br \/>\n&#8211; 6 ma\u017ei vandens ratai<br \/>\n&#8211; Didelis vandens ratas<br \/>\n&#8211; 3 plaukiojantys gyv\u016bnai<br \/>\n&#8211; 4 puodeliai vandeniui u\u017epilti<\/p>\n<p>Rota\u013clieta att\u012bst\u0101s:<\/p>\n<p>\u2013 Motorisk\u0101s prasmes<br \/>\n\u2013 Roku-acu koordin\u0101cija<br \/>\n&#8211; K\u016brybi\u0161kumas<br \/>\n&#8211; Vaizduot\u0117<br \/>\n\u2013 Lo\u0123ika<br \/>\n&#8211; Problem\u0173 sprendimo \u012fg\u016bd\u017eiai<br \/>\n&#8211; Sensorin\u0117 integracija<\/p>","protected":false},"excerpt":{"rendered":"<p>\u201eWoopie\u201c\u00a0pirat\u0173\u00a0valties formos vandens staliukas\u00a0yra unikalus \u017eaislas, kuris nukelia vaikus \u012f pirat\u0173 nuotyki\u0173 pasaul\u012f ir suteikia valand\u0173 valandas k\u016brybi\u0161k\u0173 \u017eaidim\u0173 lauke.<\/p>","protected":false},"featured_media":78721,"template":"","meta":{"_acf_changed":false,"_glsr_average":0,"_glsr_ranking":0,"_glsr_reviews":0},"product_brand":[],"product_cat":[233,327,395,229],"product_tag":[],"class_list":{"0":"post-78719","1":"product","2":"type-product","3":"status-publish","4":"has-post-thumbnail","6":"product_cat-lauko-pramogos","7":"product_cat-smelio-dezes-ir-priedai","8":"product_cat-vandens-ir-smelio-staliukai","9":"product_cat-zaislai-vaikams","10":"\"style=\"background-color: #2ecc711c;\"","12":"first","13":"instock","14":"purchasable","15":"product-type-simple"},"acf":[],"yoast_head":"<!-- This site is optimized with the Yoast SEO plugin v27.4 - https:\/\/yoast.com\/product\/yoast-seo-wordpress\/ -->\n<title>WOOPIE 2 viename vandens stalas, pirat\u0173 laivo sm\u0117lio d\u0117\u017e\u0117, XL su burbul\u0173 aparatu<\/title>\n<meta name=\"description\" content=\"WOOPIE 2 viename vandens stalas, pirat\u0173 laivo sm\u0117lio d\u0117\u017e\u0117, XL su burbul\u0173 aparatu - KidsPlay. Did\u017eiausias vaik\u0173 \u017eaisl\u0173 pasirinkimas.\" \/>\n<meta name=\"robots\" content=\"index, follow, max-snippet:-1, max-image-preview:large, max-video-preview:-1\" \/>\n<link rel=\"canonical\" href=\"https:\/\/kidsplay.lt\/lv\/products\/woopie-2-viename-vandens-stalas-piratu-laivo-smelio-deze-xl-su-burbulu-aparatu\/\" \/>\n<meta property=\"og:locale\" content=\"lv_LV\" \/>\n<meta property=\"og:type\" content=\"article\" \/>\n<meta property=\"og:title\" content=\"WOOPIE 2 viename vandens stalas, pirat\u0173 laivo sm\u0117lio d\u0117\u017e\u0117, XL su burbul\u0173 aparatu\" \/>\n<meta property=\"og:description\" content=\"WOOPIE 2 viename vandens stalas, pirat\u0173 laivo sm\u0117lio d\u0117\u017e\u0117, XL su burbul\u0173 aparatu - KidsPlay. Did\u017eiausias vaik\u0173 \u017eaisl\u0173 pasirinkimas.\" \/>\n<meta property=\"og:url\" content=\"https:\/\/kidsplay.lt\/lv\/products\/woopie-2-viename-vandens-stalas-piratu-laivo-smelio-deze-xl-su-burbulu-aparatu\/\" \/>\n<meta property=\"og:site_name\" content=\"KidsPlay\" \/>\n<meta property=\"article:publisher\" content=\"https:\/\/www.facebook.com\/www.kidsplay.lt\" \/>\n<meta property=\"article:modified_time\" content=\"2026-04-13T11:38:53+00:00\" \/>\n<meta property=\"og:image\" content=\"https:\/\/kidsplay.lt\/wp-content\/uploads\/2025\/10\/WOOPIE-2-viename-vandens-stalas-piratu-laivo-smelio-deze-XL-su-burbulu-aparatu.jpg\" \/>\n\t<meta property=\"og:image:width\" content=\"1000\" \/>\n\t<meta property=\"og:image:height\" content=\"1000\" \/>\n\t<meta property=\"og:image:type\" content=\"image\/jpeg\" \/>\n<meta name=\"twitter:card\" content=\"summary_large_image\" \/>\n<meta name=\"twitter:label1\" content=\"Est. reading time\" \/>\n\t<meta name=\"twitter:data1\" content=\"2 min\u016btes\" \/>\n<script type=\"application\/ld+json\" class=\"yoast-schema-graph\">{\"@context\":\"https:\\\/\\\/schema.org\",\"@graph\":[{\"@type\":\"WebPage\",\"@id\":\"https:\\\/\\\/kidsplay.lt\\\/produktas\\\/woopie-2-viename-vandens-stalas-piratu-laivo-smelio-deze-xl-su-burbulu-aparatu\\\/\",\"url\":\"https:\\\/\\\/kidsplay.lt\\\/produktas\\\/woopie-2-viename-vandens-stalas-piratu-laivo-smelio-deze-xl-su-burbulu-aparatu\\\/\",\"name\":\"WOOPIE 2 viename vandens stalas, pirat\u0173 laivo sm\u0117lio d\u0117\u017e\u0117, XL su burbul\u0173 aparatu\",\"isPartOf\":{\"@id\":\"https:\\\/\\\/kidsplay.lt\\\/#website\"},\"primaryImageOfPage\":{\"@id\":\"https:\\\/\\\/kidsplay.lt\\\/produktas\\\/woopie-2-viename-vandens-stalas-piratu-laivo-smelio-deze-xl-su-burbulu-aparatu\\\/#primaryimage\"},\"image\":{\"@id\":\"https:\\\/\\\/kidsplay.lt\\\/produktas\\\/woopie-2-viename-vandens-stalas-piratu-laivo-smelio-deze-xl-su-burbulu-aparatu\\\/#primaryimage\"},\"thumbnailUrl\":\"https:\\\/\\\/kidsplay.lt\\\/wp-content\\\/uploads\\\/2025\\\/10\\\/WOOPIE-2-viename-vandens-stalas-piratu-laivo-smelio-deze-XL-su-burbulu-aparatu.jpg\",\"datePublished\":\"2025-10-27T15:17:49+00:00\",\"dateModified\":\"2026-04-13T11:38:53+00:00\",\"description\":\"WOOPIE 2 viename vandens stalas, pirat\u0173 laivo sm\u0117lio d\u0117\u017e\u0117, XL su burbul\u0173 aparatu - KidsPlay. Did\u017eiausias vaik\u0173 \u017eaisl\u0173 pasirinkimas.\",\"breadcrumb\":{\"@id\":\"https:\\\/\\\/kidsplay.lt\\\/produktas\\\/woopie-2-viename-vandens-stalas-piratu-laivo-smelio-deze-xl-su-burbulu-aparatu\\\/#breadcrumb\"},\"inLanguage\":\"lv-LV\",\"potentialAction\":[{\"@type\":\"ReadAction\",\"target\":[\"https:\\\/\\\/kidsplay.lt\\\/produktas\\\/woopie-2-viename-vandens-stalas-piratu-laivo-smelio-deze-xl-su-burbulu-aparatu\\\/\"]}]},{\"@type\":\"ImageObject\",\"inLanguage\":\"lv-LV\",\"@id\":\"https:\\\/\\\/kidsplay.lt\\\/produktas\\\/woopie-2-viename-vandens-stalas-piratu-laivo-smelio-deze-xl-su-burbulu-aparatu\\\/#primaryimage\",\"url\":\"https:\\\/\\\/kidsplay.lt\\\/wp-content\\\/uploads\\\/2025\\\/10\\\/WOOPIE-2-viename-vandens-stalas-piratu-laivo-smelio-deze-XL-su-burbulu-aparatu.jpg\",\"contentUrl\":\"https:\\\/\\\/kidsplay.lt\\\/wp-content\\\/uploads\\\/2025\\\/10\\\/WOOPIE-2-viename-vandens-stalas-piratu-laivo-smelio-deze-XL-su-burbulu-aparatu.jpg\",\"width\":1000,\"height\":1000,\"caption\":\"WOOPIE 2 viename vandens stalas\"},{\"@type\":\"BreadcrumbList\",\"@id\":\"https:\\\/\\\/kidsplay.lt\\\/produktas\\\/woopie-2-viename-vandens-stalas-piratu-laivo-smelio-deze-xl-su-burbulu-aparatu\\\/#breadcrumb\",\"itemListElement\":[{\"@type\":\"ListItem\",\"position\":1,\"name\":\"Pagrindinis\",\"item\":\"https:\\\/\\\/kidsplay.lt\\\/\"},{\"@type\":\"ListItem\",\"position\":2,\"name\":\"Parduotuv\u0117\",\"item\":\"https:\\\/\\\/kidsplay.lt\\\/parduotuve\\\/\"},{\"@type\":\"ListItem\",\"position\":3,\"name\":\"WOOPIE 2 viename vandens stalas, pirat\u0173 laivo sm\u0117lio d\u0117\u017e\u0117, XL su burbul\u0173 aparatu\"}]},{\"@type\":\"WebSite\",\"@id\":\"https:\\\/\\\/kidsplay.lt\\\/#website\",\"url\":\"https:\\\/\\\/kidsplay.lt\\\/\",\"name\":\"Kidsplay.lt\",\"description\":\"\u012evairios prek\u0117s vaikams\",\"publisher\":{\"@id\":\"https:\\\/\\\/kidsplay.lt\\\/#organization\"},\"alternateName\":\"Kidsplay\",\"potentialAction\":[{\"@type\":\"SearchAction\",\"target\":{\"@type\":\"EntryPoint\",\"urlTemplate\":\"https:\\\/\\\/kidsplay.lt\\\/?s={search_term_string}\"},\"query-input\":{\"@type\":\"PropertyValueSpecification\",\"valueRequired\":true,\"valueName\":\"search_term_string\"}}],\"inLanguage\":\"lv-LV\"},{\"@type\":\"Organization\",\"@id\":\"https:\\\/\\\/kidsplay.lt\\\/#organization\",\"name\":\"KidsPlay\",\"url\":\"https:\\\/\\\/kidsplay.lt\\\/\",\"logo\":{\"@type\":\"ImageObject\",\"inLanguage\":\"lv-LV\",\"@id\":\"https:\\\/\\\/kidsplay.lt\\\/#\\\/schema\\\/logo\\\/image\\\/\",\"url\":\"https:\\\/\\\/kidsplay.lt\\\/wp-content\\\/uploads\\\/2023\\\/07\\\/kidsplay-logo.png\",\"contentUrl\":\"https:\\\/\\\/kidsplay.lt\\\/wp-content\\\/uploads\\\/2023\\\/07\\\/kidsplay-logo.png\",\"width\":451,\"height\":98,\"caption\":\"KidsPlay\"},\"image\":{\"@id\":\"https:\\\/\\\/kidsplay.lt\\\/#\\\/schema\\\/logo\\\/image\\\/\"},\"sameAs\":[\"https:\\\/\\\/www.facebook.com\\\/www.kidsplay.lt\"]}]}<\/script>\n<!-- \/ Yoast SEO plugin. -->","yoast_head_json":{"title":"WOOPIE 2-in-1 \u016bdens galds, pir\u0101tu ku\u0123a smil\u0161u kaste, XL ar burbu\u013cu ma\u0161\u012bnu","description":"WOOPIE 2 viename vandens stalas, pirat\u0173 laivo sm\u0117lio d\u0117\u017e\u0117, XL su burbul\u0173 aparatu - KidsPlay. Did\u017eiausias vaik\u0173 \u017eaisl\u0173 pasirinkimas.","robots":{"index":"index","follow":"follow","max-snippet":"max-snippet:-1","max-image-preview":"max-image-preview:large","max-video-preview":"max-video-preview:-1"},"canonical":"https:\/\/kidsplay.lt\/lv\/products\/woopie-2-viename-vandens-stalas-piratu-laivo-smelio-deze-xl-su-burbulu-aparatu\/","og_locale":"lv_LV","og_type":"article","og_title":"WOOPIE 2 viename vandens stalas, pirat\u0173 laivo sm\u0117lio d\u0117\u017e\u0117, XL su burbul\u0173 aparatu","og_description":"WOOPIE 2 viename vandens stalas, pirat\u0173 laivo sm\u0117lio d\u0117\u017e\u0117, XL su burbul\u0173 aparatu - KidsPlay. Did\u017eiausias vaik\u0173 \u017eaisl\u0173 pasirinkimas.","og_url":"https:\/\/kidsplay.lt\/lv\/products\/woopie-2-viename-vandens-stalas-piratu-laivo-smelio-deze-xl-su-burbulu-aparatu\/","og_site_name":"KidsPlay","article_publisher":"https:\/\/www.facebook.com\/www.kidsplay.lt","article_modified_time":"2026-04-13T11:38:53+00:00","og_image":[{"width":1000,"height":1000,"url":"https:\/\/kidsplay.lt\/wp-content\/uploads\/2025\/10\/WOOPIE-2-viename-vandens-stalas-piratu-laivo-smelio-deze-XL-su-burbulu-aparatu.jpg","type":"image\/jpeg"}],"twitter_card":"summary_large_image","twitter_misc":{"Est. reading time":"2 min\u016btes"},"schema":{"@context":"https:\/\/schema.org","@graph":[{"@type":"WebPage","@id":"https:\/\/kidsplay.lt\/produktas\/woopie-2-viename-vandens-stalas-piratu-laivo-smelio-deze-xl-su-burbulu-aparatu\/","url":"https:\/\/kidsplay.lt\/produktas\/woopie-2-viename-vandens-stalas-piratu-laivo-smelio-deze-xl-su-burbulu-aparatu\/","name":"WOOPIE 2-in-1 \u016bdens galds, pir\u0101tu ku\u0123a smil\u0161u kaste, XL ar burbu\u013cu ma\u0161\u012bnu","isPartOf":{"@id":"https:\/\/kidsplay.lt\/#website"},"primaryImageOfPage":{"@id":"https:\/\/kidsplay.lt\/produktas\/woopie-2-viename-vandens-stalas-piratu-laivo-smelio-deze-xl-su-burbulu-aparatu\/#primaryimage"},"image":{"@id":"https:\/\/kidsplay.lt\/produktas\/woopie-2-viename-vandens-stalas-piratu-laivo-smelio-deze-xl-su-burbulu-aparatu\/#primaryimage"},"thumbnailUrl":"https:\/\/kidsplay.lt\/wp-content\/uploads\/2025\/10\/WOOPIE-2-viename-vandens-stalas-piratu-laivo-smelio-deze-XL-su-burbulu-aparatu.jpg","datePublished":"2025-10-27T15:17:49+00:00","dateModified":"2026-04-13T11:38:53+00:00","description":"WOOPIE 2 viename vandens stalas, pirat\u0173 laivo sm\u0117lio d\u0117\u017e\u0117, XL su burbul\u0173 aparatu - KidsPlay. Did\u017eiausias vaik\u0173 \u017eaisl\u0173 pasirinkimas.","breadcrumb":{"@id":"https:\/\/kidsplay.lt\/produktas\/woopie-2-viename-vandens-stalas-piratu-laivo-smelio-deze-xl-su-burbulu-aparatu\/#breadcrumb"},"inLanguage":"lv-LV","potentialAction":[{"@type":"ReadAction","target":["https:\/\/kidsplay.lt\/produktas\/woopie-2-viename-vandens-stalas-piratu-laivo-smelio-deze-xl-su-burbulu-aparatu\/"]}]},{"@type":"ImageObject","inLanguage":"lv-LV","@id":"https:\/\/kidsplay.lt\/produktas\/woopie-2-viename-vandens-stalas-piratu-laivo-smelio-deze-xl-su-burbulu-aparatu\/#primaryimage","url":"https:\/\/kidsplay.lt\/wp-content\/uploads\/2025\/10\/WOOPIE-2-viename-vandens-stalas-piratu-laivo-smelio-deze-XL-su-burbulu-aparatu.jpg","contentUrl":"https:\/\/kidsplay.lt\/wp-content\/uploads\/2025\/10\/WOOPIE-2-viename-vandens-stalas-piratu-laivo-smelio-deze-XL-su-burbulu-aparatu.jpg","width":1000,"height":1000,"caption":"WOOPIE 2 viename vandens stalas"},{"@type":"BreadcrumbList","@id":"https:\/\/kidsplay.lt\/produktas\/woopie-2-viename-vandens-stalas-piratu-laivo-smelio-deze-xl-su-burbulu-aparatu\/#breadcrumb","itemListElement":[{"@type":"ListItem","position":1,"name":"Pagrindinis","item":"https:\/\/kidsplay.lt\/"},{"@type":"ListItem","position":2,"name":"Parduotuv\u0117","item":"https:\/\/kidsplay.lt\/parduotuve\/"},{"@type":"ListItem","position":3,"name":"WOOPIE 2 viename vandens stalas, pirat\u0173 laivo sm\u0117lio d\u0117\u017e\u0117, XL su burbul\u0173 aparatu"}]},{"@type":"WebSite","@id":"https:\/\/kidsplay.lt\/#website","url":"https:\/\/kidsplay.lt\/","name":"B\u0113rnu sp\u0113les.lv","description":"\u012evairios prek\u0117s vaikams","publisher":{"@id":"https:\/\/kidsplay.lt\/#organization"},"alternateName":"Kidsplay","potentialAction":[{"@type":"SearchAction","target":{"@type":"EntryPoint","urlTemplate":"https:\/\/kidsplay.lt\/?s={search_term_string}"},"query-input":{"@type":"PropertyValueSpecification","valueRequired":true,"valueName":"search_term_string"}}],"inLanguage":"lv-LV"},{"@type":"Organization","@id":"https:\/\/kidsplay.lt\/#organization","name":"B\u0113rnu sp\u0113le","url":"https:\/\/kidsplay.lt\/","logo":{"@type":"ImageObject","inLanguage":"lv-LV","@id":"https:\/\/kidsplay.lt\/#\/schema\/logo\/image\/","url":"https:\/\/kidsplay.lt\/wp-content\/uploads\/2023\/07\/kidsplay-logo.png","contentUrl":"https:\/\/kidsplay.lt\/wp-content\/uploads\/2023\/07\/kidsplay-logo.png","width":451,"height":98,"caption":"KidsPlay"},"image":{"@id":"https:\/\/kidsplay.lt\/#\/schema\/logo\/image\/"},"sameAs":["https:\/\/www.facebook.com\/www.kidsplay.lt"]}]}},"_links":{"self":[{"href":"https:\/\/kidsplay.lt\/lv\/wp-json\/wp\/v2\/product\/78719","targetHints":{"allow":["GET"]}}],"collection":[{"href":"https:\/\/kidsplay.lt\/lv\/wp-json\/wp\/v2\/product"}],"about":[{"href":"https:\/\/kidsplay.lt\/lv\/wp-json\/wp\/v2\/types\/product"}],"version-history":[{"count":2,"href":"https:\/\/kidsplay.lt\/lv\/wp-json\/wp\/v2\/product\/78719\/revisions"}],"predecessor-version":[{"id":83642,"href":"https:\/\/kidsplay.lt\/lv\/wp-json\/wp\/v2\/product\/78719\/revisions\/83642"}],"wp:featuredmedia":[{"embeddable":true,"href":"https:\/\/kidsplay.lt\/lv\/wp-json\/wp\/v2\/media\/78721"}],"wp:attachment":[{"href":"https:\/\/kidsplay.lt\/lv\/wp-json\/wp\/v2\/media?parent=78719"}],"wp:term":[{"taxonomy":"product_brand","embeddable":true,"href":"https:\/\/kidsplay.lt\/lv\/wp-json\/wp\/v2\/product_brand?post=78719"},{"taxonomy":"product_cat","embeddable":true,"href":"https:\/\/kidsplay.lt\/lv\/wp-json\/wp\/v2\/product_cat?post=78719"},{"taxonomy":"product_tag","embeddable":true,"href":"https:\/\/kidsplay.lt\/lv\/wp-json\/wp\/v2\/product_tag?post=78719"}],"curies":[{"name":"wp","href":"https:\/\/api.w.org\/{rel}","templated":true}]}}