{"id":78724,"date":"2025-10-27T17:18:39","date_gmt":"2025-10-27T15:18:39","guid":{"rendered":"https:\/\/kidsplay.lt\/produktas\/woopie-sensoriniai-pusiausvyros-akmenys-5-vnt\/"},"modified":"2026-04-13T14:39:00","modified_gmt":"2026-04-13T11:39:00","slug":"woopie-sensoriniai-pusiausvyros-akmenys-5-vnt","status":"publish","type":"product","link":"https:\/\/kidsplay.lt\/lv\/products\/woopie-sensoriniai-pusiausvyros-akmenys-5-vnt\/","title":{"rendered":"WOOPIE sensoriniai pusiausvyros akmenys 5 vnt"},"content":{"rendered":"<p>\u012ene\u0161kite dinami\u0161ko ir stimuliuojan\u010dio \u017eaidimo \u012f savo vaiko pasaul\u012f su \u201e\u00a0Woopie \u201c\u00a0balansuojan\u010di\u0173 akmen\u0173 rinkiniu\u00a0!\u00a0\u0160ie\u00a0spalvingi\u00a0, \u012fvairaus auk\u0161\u010dio ir dyd\u017eio \u201eup\u0117s akmenys\u201c yra puiki priemon\u0117\u00a0lavinti pusiausvyr\u0105, koordinacij\u0105 ir motorinius \u012fg\u016bd\u017eius\u00a0. \u0160is \u017eaislas skatina aktyv\u0173 i\u0161\u0161\u016bki\u0173 sprendim\u0105, \u0161okin\u0117jim\u0105 ir\u00a0balansavim\u0105\u00a0, taip pat stimuliuoja propriorecepcij\u0105. D\u0117l\u00a0neslystan\u010di\u0173 pagrind\u0173\u00a0ir tvirtos konstrukcijos jie yra saug\u016bs ir stabil\u016bs, puikiai tinka naudoti tiek\u00a0patalpose, tiek lauke\u00a0\u2013 sode, \u017eaidim\u0173 aik\u0161tel\u0117je ar net ant sm\u0117lio. Tai puikus b\u016bdas suderinti pramogas su mokymusi ir treniruot\u0117mis!<\/p>\n<p>Rakstur\u012bgs:<\/p>\n<p> \t&#8211; Vaikams\u00a0nuo 3 met\u0173 am\u017eiaus<br \/>\n \t&#8211; \u012evairi\u0173 dyd\u017ei\u0173 akmenys padidina \u017eaidimo sud\u0117tingum\u0105 ir patrauklum\u0105<br \/>\n \t&#8211; Tekst\u016bruotas pavir\u0161ius<br \/>\n \t&#8211; Intensyvios spalvos<br \/>\n \t&#8211; Patvari PP med\u017eiaga<br \/>\n \t&#8211; Puikiai tinka \u017eaisti namuose, sode, \u017eaidim\u0173 aik\u0161tel\u0117je ar papl\u016bdimyje<br \/>\n \t&#8211; Sudedama viena ant kitos, kad b\u016bt\u0173 lengva laikyti ir transportuoti<\/p>\n<p>Komplekt\u0101 ietilpst:<\/p>\n<p> \t&#8211; 5 skirting\u0173 dyd\u017ei\u0173 ir spalv\u0173 balansuojantys akmenys<br \/>\n \t&#8211; Neslystan\u010dios pagalv\u0117l\u0117s<\/p>\n<p>Rota\u013clieta att\u012bst\u0101s:<\/p>\n<p> \t&#8211; Pusiausvyros poj\u016btis ir motorin\u0117 koordinacija<br \/>\n \t&#8211; Bendrieji motoriniai \u012fg\u016bd\u017eiai<br \/>\n \t&#8211; Jud\u0117jimo planavimas<br \/>\n \t&#8211; Pasitik\u0117jimas savimi ir dr\u0105sa<br \/>\n \t&#8211; Spalv\u0173 atpa\u017einimas<\/p>\n<p>Gaminio matmenys (apytiksliai, atskiri akmenys):<\/p>\n<p> \t&#8211; Ma\u017ei 2 vnt.: apie 20 cm (skersmuo) x 4,5 cm (auk\u0161tis)<br \/>\n \t&#8211; Vidutinis: apie 24,5 cm (skersmuo) x 8,5 cm (auk\u0161tis)<br \/>\n \t&#8211; Didelis: apie 29 cm (skersmuo) x 12 cm (auk\u0161tis)<br \/>\n \t&#8211; Ypa\u010d didelis: apie 33,5 cm (skersmuo) x 16 cm (auk\u0161tis)<\/p>","protected":false},"excerpt":{"rendered":"<p>\u012ene\u0161kite dinami\u0161ko ir stimuliuojan\u010dio \u017eaidimo \u012f savo vaiko pasaul\u012f su \u201e\u00a0Woopie \u201c\u00a0balansuojan\u010di\u0173 akmen\u0173 rinkiniu\u00a0!\u00a0\u0160ie\u00a0spalvingi\u00a0, \u012fvairaus auk\u0161\u010dio ir dyd\u017eio \u201eup\u0117s akmenys\u201c<\/p>","protected":false},"featured_media":78726,"template":"","meta":{"_acf_changed":false,"_glsr_average":0,"_glsr_ranking":0,"_glsr_reviews":0},"product_brand":[],"product_cat":[388,229],"product_tag":[],"class_list":{"0":"post-78724","1":"product","2":"type-product","3":"status-publish","4":"has-post-thumbnail","6":"product_cat-edukaciniai-lavinamieji-zaislai","7":"product_cat-zaislai-vaikams","8":"\"style=\"background-color: #2ecc711c;\"","10":"first","11":"instock","12":"sale","13":"purchasable","14":"product-type-simple"},"acf":[],"yoast_head":"<!-- This site is optimized with the Yoast SEO plugin v27.4 - https:\/\/yoast.com\/product\/yoast-seo-wordpress\/ -->\n<title>WOOPIE sensoriniai pusiausvyros akmenys 5 vnt<\/title>\n<meta name=\"description\" content=\"WOOPIE sensoriniai pusiausvyros akmenys 5 vnt - KidsPlay. Did\u017eiausias vaik\u0173 \u017eaisl\u0173 pasirinkimas.\" \/>\n<meta name=\"robots\" content=\"index, follow, max-snippet:-1, max-image-preview:large, max-video-preview:-1\" \/>\n<link rel=\"canonical\" href=\"https:\/\/kidsplay.lt\/lv\/products\/woopie-sensoriniai-pusiausvyros-akmenys-5-vnt\/\" \/>\n<meta property=\"og:locale\" content=\"lv_LV\" \/>\n<meta property=\"og:type\" content=\"article\" \/>\n<meta property=\"og:title\" content=\"WOOPIE sensoriniai pusiausvyros akmenys 5 vnt\" \/>\n<meta property=\"og:description\" content=\"WOOPIE sensoriniai pusiausvyros akmenys 5 vnt - KidsPlay. Did\u017eiausias vaik\u0173 \u017eaisl\u0173 pasirinkimas.\" \/>\n<meta property=\"og:url\" content=\"https:\/\/kidsplay.lt\/lv\/products\/woopie-sensoriniai-pusiausvyros-akmenys-5-vnt\/\" \/>\n<meta property=\"og:site_name\" content=\"KidsPlay\" \/>\n<meta property=\"article:publisher\" content=\"https:\/\/www.facebook.com\/www.kidsplay.lt\" \/>\n<meta property=\"article:modified_time\" content=\"2026-04-13T11:39:00+00:00\" \/>\n<meta property=\"og:image\" content=\"https:\/\/kidsplay.lt\/wp-content\/uploads\/2025\/10\/WOOPIE-sensoriniai-pusiausvyros-akmenys-5-vnt.jpg\" \/>\n\t<meta property=\"og:image:width\" content=\"2560\" \/>\n\t<meta property=\"og:image:height\" content=\"2560\" \/>\n\t<meta property=\"og:image:type\" content=\"image\/jpeg\" \/>\n<meta name=\"twitter:card\" content=\"summary_large_image\" \/>\n<meta name=\"twitter:label1\" content=\"Est. reading time\" \/>\n\t<meta name=\"twitter:data1\" content=\"1 min\u016bte\" \/>\n<script type=\"application\/ld+json\" class=\"yoast-schema-graph\">{\"@context\":\"https:\\\/\\\/schema.org\",\"@graph\":[{\"@type\":\"WebPage\",\"@id\":\"https:\\\/\\\/kidsplay.lt\\\/produktas\\\/woopie-sensoriniai-pusiausvyros-akmenys-5-vnt\\\/\",\"url\":\"https:\\\/\\\/kidsplay.lt\\\/produktas\\\/woopie-sensoriniai-pusiausvyros-akmenys-5-vnt\\\/\",\"name\":\"WOOPIE sensoriniai pusiausvyros akmenys 5 vnt\",\"isPartOf\":{\"@id\":\"https:\\\/\\\/kidsplay.lt\\\/#website\"},\"primaryImageOfPage\":{\"@id\":\"https:\\\/\\\/kidsplay.lt\\\/produktas\\\/woopie-sensoriniai-pusiausvyros-akmenys-5-vnt\\\/#primaryimage\"},\"image\":{\"@id\":\"https:\\\/\\\/kidsplay.lt\\\/produktas\\\/woopie-sensoriniai-pusiausvyros-akmenys-5-vnt\\\/#primaryimage\"},\"thumbnailUrl\":\"https:\\\/\\\/kidsplay.lt\\\/wp-content\\\/uploads\\\/2025\\\/10\\\/WOOPIE-sensoriniai-pusiausvyros-akmenys-5-vnt.jpg\",\"datePublished\":\"2025-10-27T15:18:39+00:00\",\"dateModified\":\"2026-04-13T11:39:00+00:00\",\"description\":\"WOOPIE sensoriniai pusiausvyros akmenys 5 vnt - KidsPlay. Did\u017eiausias vaik\u0173 \u017eaisl\u0173 pasirinkimas.\",\"breadcrumb\":{\"@id\":\"https:\\\/\\\/kidsplay.lt\\\/produktas\\\/woopie-sensoriniai-pusiausvyros-akmenys-5-vnt\\\/#breadcrumb\"},\"inLanguage\":\"lv-LV\",\"potentialAction\":[{\"@type\":\"ReadAction\",\"target\":[\"https:\\\/\\\/kidsplay.lt\\\/produktas\\\/woopie-sensoriniai-pusiausvyros-akmenys-5-vnt\\\/\"]}]},{\"@type\":\"ImageObject\",\"inLanguage\":\"lv-LV\",\"@id\":\"https:\\\/\\\/kidsplay.lt\\\/produktas\\\/woopie-sensoriniai-pusiausvyros-akmenys-5-vnt\\\/#primaryimage\",\"url\":\"https:\\\/\\\/kidsplay.lt\\\/wp-content\\\/uploads\\\/2025\\\/10\\\/WOOPIE-sensoriniai-pusiausvyros-akmenys-5-vnt.jpg\",\"contentUrl\":\"https:\\\/\\\/kidsplay.lt\\\/wp-content\\\/uploads\\\/2025\\\/10\\\/WOOPIE-sensoriniai-pusiausvyros-akmenys-5-vnt.jpg\",\"width\":2560,\"height\":2560,\"caption\":\"WOOPIE sensoriniai pusiausvyros akmenys 5 vnt\"},{\"@type\":\"BreadcrumbList\",\"@id\":\"https:\\\/\\\/kidsplay.lt\\\/produktas\\\/woopie-sensoriniai-pusiausvyros-akmenys-5-vnt\\\/#breadcrumb\",\"itemListElement\":[{\"@type\":\"ListItem\",\"position\":1,\"name\":\"Pagrindinis\",\"item\":\"https:\\\/\\\/kidsplay.lt\\\/\"},{\"@type\":\"ListItem\",\"position\":2,\"name\":\"Parduotuv\u0117\",\"item\":\"https:\\\/\\\/kidsplay.lt\\\/parduotuve\\\/\"},{\"@type\":\"ListItem\",\"position\":3,\"name\":\"WOOPIE sensoriniai pusiausvyros akmenys 5 vnt\"}]},{\"@type\":\"WebSite\",\"@id\":\"https:\\\/\\\/kidsplay.lt\\\/#website\",\"url\":\"https:\\\/\\\/kidsplay.lt\\\/\",\"name\":\"Kidsplay.lt\",\"description\":\"\u012evairios prek\u0117s vaikams\",\"publisher\":{\"@id\":\"https:\\\/\\\/kidsplay.lt\\\/#organization\"},\"alternateName\":\"Kidsplay\",\"potentialAction\":[{\"@type\":\"SearchAction\",\"target\":{\"@type\":\"EntryPoint\",\"urlTemplate\":\"https:\\\/\\\/kidsplay.lt\\\/?s={search_term_string}\"},\"query-input\":{\"@type\":\"PropertyValueSpecification\",\"valueRequired\":true,\"valueName\":\"search_term_string\"}}],\"inLanguage\":\"lv-LV\"},{\"@type\":\"Organization\",\"@id\":\"https:\\\/\\\/kidsplay.lt\\\/#organization\",\"name\":\"KidsPlay\",\"url\":\"https:\\\/\\\/kidsplay.lt\\\/\",\"logo\":{\"@type\":\"ImageObject\",\"inLanguage\":\"lv-LV\",\"@id\":\"https:\\\/\\\/kidsplay.lt\\\/#\\\/schema\\\/logo\\\/image\\\/\",\"url\":\"https:\\\/\\\/kidsplay.lt\\\/wp-content\\\/uploads\\\/2023\\\/07\\\/kidsplay-logo.png\",\"contentUrl\":\"https:\\\/\\\/kidsplay.lt\\\/wp-content\\\/uploads\\\/2023\\\/07\\\/kidsplay-logo.png\",\"width\":451,\"height\":98,\"caption\":\"KidsPlay\"},\"image\":{\"@id\":\"https:\\\/\\\/kidsplay.lt\\\/#\\\/schema\\\/logo\\\/image\\\/\"},\"sameAs\":[\"https:\\\/\\\/www.facebook.com\\\/www.kidsplay.lt\"]}]}<\/script>\n<!-- \/ Yoast SEO plugin. -->","yoast_head_json":{"title":"WOOPIE sensoriniai pusiausvyros akmenys 5 vnt","description":"WOOPIE sensoriniai pusiausvyros akmenys 5 vnt - KidsPlay. Did\u017eiausias vaik\u0173 \u017eaisl\u0173 pasirinkimas.","robots":{"index":"index","follow":"follow","max-snippet":"max-snippet:-1","max-image-preview":"max-image-preview:large","max-video-preview":"max-video-preview:-1"},"canonical":"https:\/\/kidsplay.lt\/lv\/products\/woopie-sensoriniai-pusiausvyros-akmenys-5-vnt\/","og_locale":"lv_LV","og_type":"article","og_title":"WOOPIE sensoriniai pusiausvyros akmenys 5 vnt","og_description":"WOOPIE sensoriniai pusiausvyros akmenys 5 vnt - KidsPlay. Did\u017eiausias vaik\u0173 \u017eaisl\u0173 pasirinkimas.","og_url":"https:\/\/kidsplay.lt\/lv\/products\/woopie-sensoriniai-pusiausvyros-akmenys-5-vnt\/","og_site_name":"KidsPlay","article_publisher":"https:\/\/www.facebook.com\/www.kidsplay.lt","article_modified_time":"2026-04-13T11:39:00+00:00","og_image":[{"width":2560,"height":2560,"url":"https:\/\/kidsplay.lt\/wp-content\/uploads\/2025\/10\/WOOPIE-sensoriniai-pusiausvyros-akmenys-5-vnt.jpg","type":"image\/jpeg"}],"twitter_card":"summary_large_image","twitter_misc":{"Est. reading time":"1 min\u016bte"},"schema":{"@context":"https:\/\/schema.org","@graph":[{"@type":"WebPage","@id":"https:\/\/kidsplay.lt\/produktas\/woopie-sensoriniai-pusiausvyros-akmenys-5-vnt\/","url":"https:\/\/kidsplay.lt\/produktas\/woopie-sensoriniai-pusiausvyros-akmenys-5-vnt\/","name":"WOOPIE sensoriniai pusiausvyros akmenys 5 vnt","isPartOf":{"@id":"https:\/\/kidsplay.lt\/#website"},"primaryImageOfPage":{"@id":"https:\/\/kidsplay.lt\/produktas\/woopie-sensoriniai-pusiausvyros-akmenys-5-vnt\/#primaryimage"},"image":{"@id":"https:\/\/kidsplay.lt\/produktas\/woopie-sensoriniai-pusiausvyros-akmenys-5-vnt\/#primaryimage"},"thumbnailUrl":"https:\/\/kidsplay.lt\/wp-content\/uploads\/2025\/10\/WOOPIE-sensoriniai-pusiausvyros-akmenys-5-vnt.jpg","datePublished":"2025-10-27T15:18:39+00:00","dateModified":"2026-04-13T11:39:00+00:00","description":"WOOPIE sensoriniai pusiausvyros akmenys 5 vnt - KidsPlay. Did\u017eiausias vaik\u0173 \u017eaisl\u0173 pasirinkimas.","breadcrumb":{"@id":"https:\/\/kidsplay.lt\/produktas\/woopie-sensoriniai-pusiausvyros-akmenys-5-vnt\/#breadcrumb"},"inLanguage":"lv-LV","potentialAction":[{"@type":"ReadAction","target":["https:\/\/kidsplay.lt\/produktas\/woopie-sensoriniai-pusiausvyros-akmenys-5-vnt\/"]}]},{"@type":"ImageObject","inLanguage":"lv-LV","@id":"https:\/\/kidsplay.lt\/produktas\/woopie-sensoriniai-pusiausvyros-akmenys-5-vnt\/#primaryimage","url":"https:\/\/kidsplay.lt\/wp-content\/uploads\/2025\/10\/WOOPIE-sensoriniai-pusiausvyros-akmenys-5-vnt.jpg","contentUrl":"https:\/\/kidsplay.lt\/wp-content\/uploads\/2025\/10\/WOOPIE-sensoriniai-pusiausvyros-akmenys-5-vnt.jpg","width":2560,"height":2560,"caption":"WOOPIE sensoriniai pusiausvyros akmenys 5 vnt"},{"@type":"BreadcrumbList","@id":"https:\/\/kidsplay.lt\/produktas\/woopie-sensoriniai-pusiausvyros-akmenys-5-vnt\/#breadcrumb","itemListElement":[{"@type":"ListItem","position":1,"name":"Pagrindinis","item":"https:\/\/kidsplay.lt\/"},{"@type":"ListItem","position":2,"name":"Parduotuv\u0117","item":"https:\/\/kidsplay.lt\/parduotuve\/"},{"@type":"ListItem","position":3,"name":"WOOPIE sensoriniai pusiausvyros akmenys 5 vnt"}]},{"@type":"WebSite","@id":"https:\/\/kidsplay.lt\/#website","url":"https:\/\/kidsplay.lt\/","name":"B\u0113rnu sp\u0113les.lv","description":"\u012evairios prek\u0117s vaikams","publisher":{"@id":"https:\/\/kidsplay.lt\/#organization"},"alternateName":"Kidsplay","potentialAction":[{"@type":"SearchAction","target":{"@type":"EntryPoint","urlTemplate":"https:\/\/kidsplay.lt\/?s={search_term_string}"},"query-input":{"@type":"PropertyValueSpecification","valueRequired":true,"valueName":"search_term_string"}}],"inLanguage":"lv-LV"},{"@type":"Organization","@id":"https:\/\/kidsplay.lt\/#organization","name":"B\u0113rnu sp\u0113le","url":"https:\/\/kidsplay.lt\/","logo":{"@type":"ImageObject","inLanguage":"lv-LV","@id":"https:\/\/kidsplay.lt\/#\/schema\/logo\/image\/","url":"https:\/\/kidsplay.lt\/wp-content\/uploads\/2023\/07\/kidsplay-logo.png","contentUrl":"https:\/\/kidsplay.lt\/wp-content\/uploads\/2023\/07\/kidsplay-logo.png","width":451,"height":98,"caption":"KidsPlay"},"image":{"@id":"https:\/\/kidsplay.lt\/#\/schema\/logo\/image\/"},"sameAs":["https:\/\/www.facebook.com\/www.kidsplay.lt"]}]}},"_links":{"self":[{"href":"https:\/\/kidsplay.lt\/lv\/wp-json\/wp\/v2\/product\/78724","targetHints":{"allow":["GET"]}}],"collection":[{"href":"https:\/\/kidsplay.lt\/lv\/wp-json\/wp\/v2\/product"}],"about":[{"href":"https:\/\/kidsplay.lt\/lv\/wp-json\/wp\/v2\/types\/product"}],"version-history":[{"count":1,"href":"https:\/\/kidsplay.lt\/lv\/wp-json\/wp\/v2\/product\/78724\/revisions"}],"predecessor-version":[{"id":78725,"href":"https:\/\/kidsplay.lt\/lv\/wp-json\/wp\/v2\/product\/78724\/revisions\/78725"}],"wp:featuredmedia":[{"embeddable":true,"href":"https:\/\/kidsplay.lt\/lv\/wp-json\/wp\/v2\/media\/78726"}],"wp:attachment":[{"href":"https:\/\/kidsplay.lt\/lv\/wp-json\/wp\/v2\/media?parent=78724"}],"wp:term":[{"taxonomy":"product_brand","embeddable":true,"href":"https:\/\/kidsplay.lt\/lv\/wp-json\/wp\/v2\/product_brand?post=78724"},{"taxonomy":"product_cat","embeddable":true,"href":"https:\/\/kidsplay.lt\/lv\/wp-json\/wp\/v2\/product_cat?post=78724"},{"taxonomy":"product_tag","embeddable":true,"href":"https:\/\/kidsplay.lt\/lv\/wp-json\/wp\/v2\/product_tag?post=78724"}],"curies":[{"name":"wp","href":"https:\/\/api.w.org\/{rel}","templated":true}]}}