{"id":78790,"date":"2025-10-27T17:27:27","date_gmt":"2025-10-27T15:27:27","guid":{"rendered":"https:\/\/kidsplay.lt\/produktas\/tooky-toy-2-viename-medinis-arkadinis-zaidimas-trauk-vabzdzius-vaikams\/"},"modified":"2026-04-13T14:41:33","modified_gmt":"2026-04-13T11:41:33","slug":"tooky-toy-2-viename-medinis-arkadinis-zaidimas-trauk-vabzdzius-vaikams","status":"publish","type":"product","link":"https:\/\/kidsplay.lt\/lv\/products\/tooky-toy-2-viename-medinis-arkadinis-zaidimas-trauk-vabzdzius-vaikams\/","title":{"rendered":"TOOKY TOY 2 viename medinis arkadinis \u017eaidimas \u201eTrauk vabzd\u017eius\u201c vaikams"},"content":{"rendered":"<p>\u0160is spalvingas, medinis magnetinis vik\u0161r\u0173 gaudymo \u017eaidimas i\u0161\u00a0TOOKY TOY\u00a0su \u017eaviu geniu derina \u012fgudus\u012f \u017eaidim\u0105 su lavinimu. Pridedamos\u00a0medin\u0117s lentos\u00a0leid\u017eia\u00a0mokytis spalv\u0173, skai\u010di\u0173, form\u0173 ir gyv\u016bn\u0173.\u00a0Besisukantys lapai u\u017estoja vik\u0161rus, taip suteikdami\u00a0\u017eaidimui\u00a0i\u0161\u0161\u016bk\u012f .\u00a0Tvirta,\u00a0lygi konstrukcija ir magnetai u\u017etikrina, kad kiekvien\u0105 kart\u0105 i\u0161traukus vik\u0161r\u0105,\u00a0tai b\u016bt\u0173 naudinga ir skatint\u0173 toliau \u017eaisti.<\/p>\n<p>Rakstur\u012bgs:<\/p>\n<p>&#8211; Vaikams nuo\u00a03 met\u0173\u00a0am\u017eiaus<br \/>\n\u2013 Izgatavots no augstas kvalit\u0101tes materi\u0101liem<br \/>\n&#8211; Medinis pagrindas ir priedai su lygiais kra\u0161tais, da\u017eyti saugiais da\u017eais<br \/>\n&#8211; Pauk\u0161\u010dio magnetinis snapas leid\u017eia lengvai sugriebti vik\u0161rus ir perkelti juos \u012f urvus.<br \/>\n&#8211; Kei\u010diamos, spalvingos, medin\u0117s lentos<br \/>\n&#8211; Elementai pritaikyti ma\u017e\u0173 vaik\u0173 rankyt\u0117ms<\/p>\n<p>Komplekt\u0101 ietilpst:<\/p>\n<p>&#8211; Medinis pagrindas<br \/>\n&#8211; Magnetinis genys<br \/>\n&#8211; 3 lapai<br \/>\n&#8211; 3 lap\u0173 priedai<br \/>\n&#8211; 8 spalvotos lentos<br \/>\n&#8211; 10 vik\u0161r\u0173<\/p>\n<p>Rota\u013clieta att\u012bst\u0101s:<\/p>\n<p>&#8211; Motoriniai \u012fg\u016bd\u017eiai<br \/>\n&#8211; Vikrumas<br \/>\n\u2013 Roku-acu koordin\u0101cija<br \/>\n\u2013 Koncentr\u0101cija<br \/>\n&#8211; Kantryb\u0117<br \/>\n&#8211; Geb\u0117jimas atpa\u017einti skai\u010dius, spalvas ir formas<\/p>","protected":false},"excerpt":{"rendered":"<p>\u0160is spalvingas, medinis magnetinis vik\u0161r\u0173 gaudymo \u017eaidimas i\u0161\u00a0TOOKY TOY\u00a0su \u017eaviu geniu derina \u012fgudus\u012f \u017eaidim\u0105 su lavinimu. Pridedamos\u00a0medin\u0117s lentos\u00a0leid\u017eia\u00a0mokytis spalv\u0173, skai\u010di\u0173,<\/p>","protected":false},"featured_media":78792,"template":"","meta":{"_acf_changed":false,"_glsr_average":0,"_glsr_ranking":0,"_glsr_reviews":0},"product_brand":[],"product_cat":[72],"product_tag":[],"class_list":{"0":"post-78790","1":"product","2":"type-product","3":"status-publish","4":"has-post-thumbnail","6":"product_cat-ispardavimas","7":"\"style=\"background-color: #2ecc711c;\"","9":"first","10":"instock","11":"sale","12":"purchasable","13":"product-type-simple"},"acf":[],"yoast_head":"<!-- This site is optimized with the Yoast SEO plugin v27.3 - https:\/\/yoast.com\/product\/yoast-seo-wordpress\/ -->\n<title>TOOKY TOY 2 viename medinis arkadinis \u017eaidimas \u201eTrauk vabzd\u017eius\u201c vaikams<\/title>\n<meta name=\"description\" content=\"TOOKY TOY 2 viename medinis arkadinis \u017eaidimas \u201eTrauk vabzd\u017eius\u201c vaikams - KidsPlay. Did\u017eiausias vaik\u0173 \u017eaisl\u0173 pasirinkimas.\" \/>\n<meta name=\"robots\" content=\"index, follow, max-snippet:-1, max-image-preview:large, max-video-preview:-1\" \/>\n<link rel=\"canonical\" href=\"https:\/\/kidsplay.lt\/lv\/products\/tooky-toy-2-viename-medinis-arkadinis-zaidimas-trauk-vabzdzius-vaikams\/\" \/>\n<meta property=\"og:locale\" content=\"lv_LV\" \/>\n<meta property=\"og:type\" content=\"article\" \/>\n<meta property=\"og:title\" content=\"TOOKY TOY 2 viename medinis arkadinis \u017eaidimas \u201eTrauk vabzd\u017eius\u201c vaikams\" \/>\n<meta property=\"og:description\" content=\"TOOKY TOY 2 viename medinis arkadinis \u017eaidimas \u201eTrauk vabzd\u017eius\u201c vaikams - KidsPlay. Did\u017eiausias vaik\u0173 \u017eaisl\u0173 pasirinkimas.\" \/>\n<meta property=\"og:url\" content=\"https:\/\/kidsplay.lt\/lv\/products\/tooky-toy-2-viename-medinis-arkadinis-zaidimas-trauk-vabzdzius-vaikams\/\" \/>\n<meta property=\"og:site_name\" content=\"KidsPlay\" \/>\n<meta property=\"article:publisher\" content=\"https:\/\/www.facebook.com\/www.kidsplay.lt\" \/>\n<meta property=\"article:modified_time\" content=\"2026-04-13T11:41:33+00:00\" \/>\n<meta property=\"og:image\" content=\"https:\/\/kidsplay.lt\/wp-content\/uploads\/2025\/10\/TOOKY-TOY-2-viename-medinis-arkadinis-zaidimas-\u201eTrauk-vabzdzius-vaikams.jpg\" \/>\n\t<meta property=\"og:image:width\" content=\"1000\" \/>\n\t<meta property=\"og:image:height\" content=\"1000\" \/>\n\t<meta property=\"og:image:type\" content=\"image\/jpeg\" \/>\n<meta name=\"twitter:card\" content=\"summary_large_image\" \/>\n<meta name=\"twitter:label1\" content=\"Est. reading time\" \/>\n\t<meta name=\"twitter:data1\" content=\"1 min\u016bte\" \/>\n<script type=\"application\/ld+json\" class=\"yoast-schema-graph\">{\"@context\":\"https:\\\/\\\/schema.org\",\"@graph\":[{\"@type\":\"WebPage\",\"@id\":\"https:\\\/\\\/kidsplay.lt\\\/produktas\\\/tooky-toy-2-viename-medinis-arkadinis-zaidimas-trauk-vabzdzius-vaikams\\\/\",\"url\":\"https:\\\/\\\/kidsplay.lt\\\/produktas\\\/tooky-toy-2-viename-medinis-arkadinis-zaidimas-trauk-vabzdzius-vaikams\\\/\",\"name\":\"TOOKY TOY 2 viename medinis arkadinis \u017eaidimas \u201eTrauk vabzd\u017eius\u201c vaikams\",\"isPartOf\":{\"@id\":\"https:\\\/\\\/kidsplay.lt\\\/#website\"},\"primaryImageOfPage\":{\"@id\":\"https:\\\/\\\/kidsplay.lt\\\/produktas\\\/tooky-toy-2-viename-medinis-arkadinis-zaidimas-trauk-vabzdzius-vaikams\\\/#primaryimage\"},\"image\":{\"@id\":\"https:\\\/\\\/kidsplay.lt\\\/produktas\\\/tooky-toy-2-viename-medinis-arkadinis-zaidimas-trauk-vabzdzius-vaikams\\\/#primaryimage\"},\"thumbnailUrl\":\"https:\\\/\\\/kidsplay.lt\\\/wp-content\\\/uploads\\\/2025\\\/10\\\/TOOKY-TOY-2-viename-medinis-arkadinis-zaidimas-\u201eTrauk-vabzdzius-vaikams.jpg\",\"datePublished\":\"2025-10-27T15:27:27+00:00\",\"dateModified\":\"2026-04-13T11:41:33+00:00\",\"description\":\"TOOKY TOY 2 viename medinis arkadinis \u017eaidimas \u201eTrauk vabzd\u017eius\u201c vaikams - KidsPlay. Did\u017eiausias vaik\u0173 \u017eaisl\u0173 pasirinkimas.\",\"breadcrumb\":{\"@id\":\"https:\\\/\\\/kidsplay.lt\\\/produktas\\\/tooky-toy-2-viename-medinis-arkadinis-zaidimas-trauk-vabzdzius-vaikams\\\/#breadcrumb\"},\"inLanguage\":\"lv-LV\",\"potentialAction\":[{\"@type\":\"ReadAction\",\"target\":[\"https:\\\/\\\/kidsplay.lt\\\/produktas\\\/tooky-toy-2-viename-medinis-arkadinis-zaidimas-trauk-vabzdzius-vaikams\\\/\"]}]},{\"@type\":\"ImageObject\",\"inLanguage\":\"lv-LV\",\"@id\":\"https:\\\/\\\/kidsplay.lt\\\/produktas\\\/tooky-toy-2-viename-medinis-arkadinis-zaidimas-trauk-vabzdzius-vaikams\\\/#primaryimage\",\"url\":\"https:\\\/\\\/kidsplay.lt\\\/wp-content\\\/uploads\\\/2025\\\/10\\\/TOOKY-TOY-2-viename-medinis-arkadinis-zaidimas-\u201eTrauk-vabzdzius-vaikams.jpg\",\"contentUrl\":\"https:\\\/\\\/kidsplay.lt\\\/wp-content\\\/uploads\\\/2025\\\/10\\\/TOOKY-TOY-2-viename-medinis-arkadinis-zaidimas-\u201eTrauk-vabzdzius-vaikams.jpg\",\"width\":1000,\"height\":1000,\"caption\":\"TOOKY TOY 2 viename medinis arkadinis \u017eaidimas \u201eTrauk vabzd\u017eius\u201c vaikams\"},{\"@type\":\"BreadcrumbList\",\"@id\":\"https:\\\/\\\/kidsplay.lt\\\/produktas\\\/tooky-toy-2-viename-medinis-arkadinis-zaidimas-trauk-vabzdzius-vaikams\\\/#breadcrumb\",\"itemListElement\":[{\"@type\":\"ListItem\",\"position\":1,\"name\":\"Pagrindinis\",\"item\":\"https:\\\/\\\/kidsplay.lt\\\/\"},{\"@type\":\"ListItem\",\"position\":2,\"name\":\"Parduotuv\u0117\",\"item\":\"https:\\\/\\\/kidsplay.lt\\\/parduotuve\\\/\"},{\"@type\":\"ListItem\",\"position\":3,\"name\":\"TOOKY TOY 2 viename medinis arkadinis \u017eaidimas \u201eTrauk vabzd\u017eius\u201c vaikams\"}]},{\"@type\":\"WebSite\",\"@id\":\"https:\\\/\\\/kidsplay.lt\\\/#website\",\"url\":\"https:\\\/\\\/kidsplay.lt\\\/\",\"name\":\"Kidsplay.lt\",\"description\":\"\u012evairios prek\u0117s vaikams\",\"publisher\":{\"@id\":\"https:\\\/\\\/kidsplay.lt\\\/#organization\"},\"alternateName\":\"Kidsplay\",\"potentialAction\":[{\"@type\":\"SearchAction\",\"target\":{\"@type\":\"EntryPoint\",\"urlTemplate\":\"https:\\\/\\\/kidsplay.lt\\\/?s={search_term_string}\"},\"query-input\":{\"@type\":\"PropertyValueSpecification\",\"valueRequired\":true,\"valueName\":\"search_term_string\"}}],\"inLanguage\":\"lv-LV\"},{\"@type\":\"Organization\",\"@id\":\"https:\\\/\\\/kidsplay.lt\\\/#organization\",\"name\":\"KidsPlay\",\"url\":\"https:\\\/\\\/kidsplay.lt\\\/\",\"logo\":{\"@type\":\"ImageObject\",\"inLanguage\":\"lv-LV\",\"@id\":\"https:\\\/\\\/kidsplay.lt\\\/#\\\/schema\\\/logo\\\/image\\\/\",\"url\":\"https:\\\/\\\/kidsplay.lt\\\/wp-content\\\/uploads\\\/2023\\\/07\\\/kidsplay-logo.png\",\"contentUrl\":\"https:\\\/\\\/kidsplay.lt\\\/wp-content\\\/uploads\\\/2023\\\/07\\\/kidsplay-logo.png\",\"width\":451,\"height\":98,\"caption\":\"KidsPlay\"},\"image\":{\"@id\":\"https:\\\/\\\/kidsplay.lt\\\/#\\\/schema\\\/logo\\\/image\\\/\"},\"sameAs\":[\"https:\\\/\\\/www.facebook.com\\\/www.kidsplay.lt\"]}]}<\/script>\n<!-- \/ Yoast SEO plugin. -->","yoast_head_json":{"title":"TOOKY TOY 2 viename medinis arkadinis \u017eaidimas \u201eTrauk vabzd\u017eius\u201c vaikams","description":"TOOKY TOY 2 viename medinis arkadinis \u017eaidimas \u201eTrauk vabzd\u017eius\u201c vaikams - KidsPlay. Did\u017eiausias vaik\u0173 \u017eaisl\u0173 pasirinkimas.","robots":{"index":"index","follow":"follow","max-snippet":"max-snippet:-1","max-image-preview":"max-image-preview:large","max-video-preview":"max-video-preview:-1"},"canonical":"https:\/\/kidsplay.lt\/lv\/products\/tooky-toy-2-viename-medinis-arkadinis-zaidimas-trauk-vabzdzius-vaikams\/","og_locale":"lv_LV","og_type":"article","og_title":"TOOKY TOY 2 viename medinis arkadinis \u017eaidimas \u201eTrauk vabzd\u017eius\u201c vaikams","og_description":"TOOKY TOY 2 viename medinis arkadinis \u017eaidimas \u201eTrauk vabzd\u017eius\u201c vaikams - KidsPlay. Did\u017eiausias vaik\u0173 \u017eaisl\u0173 pasirinkimas.","og_url":"https:\/\/kidsplay.lt\/lv\/products\/tooky-toy-2-viename-medinis-arkadinis-zaidimas-trauk-vabzdzius-vaikams\/","og_site_name":"KidsPlay","article_publisher":"https:\/\/www.facebook.com\/www.kidsplay.lt","article_modified_time":"2026-04-13T11:41:33+00:00","og_image":[{"width":1000,"height":1000,"url":"https:\/\/kidsplay.lt\/wp-content\/uploads\/2025\/10\/TOOKY-TOY-2-viename-medinis-arkadinis-zaidimas-\u201eTrauk-vabzdzius-vaikams.jpg","type":"image\/jpeg"}],"twitter_card":"summary_large_image","twitter_misc":{"Est. reading time":"1 min\u016bte"},"schema":{"@context":"https:\/\/schema.org","@graph":[{"@type":"WebPage","@id":"https:\/\/kidsplay.lt\/produktas\/tooky-toy-2-viename-medinis-arkadinis-zaidimas-trauk-vabzdzius-vaikams\/","url":"https:\/\/kidsplay.lt\/produktas\/tooky-toy-2-viename-medinis-arkadinis-zaidimas-trauk-vabzdzius-vaikams\/","name":"TOOKY TOY 2 viename medinis arkadinis \u017eaidimas \u201eTrauk vabzd\u017eius\u201c vaikams","isPartOf":{"@id":"https:\/\/kidsplay.lt\/#website"},"primaryImageOfPage":{"@id":"https:\/\/kidsplay.lt\/produktas\/tooky-toy-2-viename-medinis-arkadinis-zaidimas-trauk-vabzdzius-vaikams\/#primaryimage"},"image":{"@id":"https:\/\/kidsplay.lt\/produktas\/tooky-toy-2-viename-medinis-arkadinis-zaidimas-trauk-vabzdzius-vaikams\/#primaryimage"},"thumbnailUrl":"https:\/\/kidsplay.lt\/wp-content\/uploads\/2025\/10\/TOOKY-TOY-2-viename-medinis-arkadinis-zaidimas-\u201eTrauk-vabzdzius-vaikams.jpg","datePublished":"2025-10-27T15:27:27+00:00","dateModified":"2026-04-13T11:41:33+00:00","description":"TOOKY TOY 2 viename medinis arkadinis \u017eaidimas \u201eTrauk vabzd\u017eius\u201c vaikams - KidsPlay. Did\u017eiausias vaik\u0173 \u017eaisl\u0173 pasirinkimas.","breadcrumb":{"@id":"https:\/\/kidsplay.lt\/produktas\/tooky-toy-2-viename-medinis-arkadinis-zaidimas-trauk-vabzdzius-vaikams\/#breadcrumb"},"inLanguage":"lv-LV","potentialAction":[{"@type":"ReadAction","target":["https:\/\/kidsplay.lt\/produktas\/tooky-toy-2-viename-medinis-arkadinis-zaidimas-trauk-vabzdzius-vaikams\/"]}]},{"@type":"ImageObject","inLanguage":"lv-LV","@id":"https:\/\/kidsplay.lt\/produktas\/tooky-toy-2-viename-medinis-arkadinis-zaidimas-trauk-vabzdzius-vaikams\/#primaryimage","url":"https:\/\/kidsplay.lt\/wp-content\/uploads\/2025\/10\/TOOKY-TOY-2-viename-medinis-arkadinis-zaidimas-\u201eTrauk-vabzdzius-vaikams.jpg","contentUrl":"https:\/\/kidsplay.lt\/wp-content\/uploads\/2025\/10\/TOOKY-TOY-2-viename-medinis-arkadinis-zaidimas-\u201eTrauk-vabzdzius-vaikams.jpg","width":1000,"height":1000,"caption":"TOOKY TOY 2 viename medinis arkadinis \u017eaidimas \u201eTrauk vabzd\u017eius\u201c vaikams"},{"@type":"BreadcrumbList","@id":"https:\/\/kidsplay.lt\/produktas\/tooky-toy-2-viename-medinis-arkadinis-zaidimas-trauk-vabzdzius-vaikams\/#breadcrumb","itemListElement":[{"@type":"ListItem","position":1,"name":"Pagrindinis","item":"https:\/\/kidsplay.lt\/"},{"@type":"ListItem","position":2,"name":"Parduotuv\u0117","item":"https:\/\/kidsplay.lt\/parduotuve\/"},{"@type":"ListItem","position":3,"name":"TOOKY TOY 2 viename medinis arkadinis \u017eaidimas \u201eTrauk vabzd\u017eius\u201c vaikams"}]},{"@type":"WebSite","@id":"https:\/\/kidsplay.lt\/#website","url":"https:\/\/kidsplay.lt\/","name":"B\u0113rnu sp\u0113les.lv","description":"\u012evairios prek\u0117s vaikams","publisher":{"@id":"https:\/\/kidsplay.lt\/#organization"},"alternateName":"Kidsplay","potentialAction":[{"@type":"SearchAction","target":{"@type":"EntryPoint","urlTemplate":"https:\/\/kidsplay.lt\/?s={search_term_string}"},"query-input":{"@type":"PropertyValueSpecification","valueRequired":true,"valueName":"search_term_string"}}],"inLanguage":"lv-LV"},{"@type":"Organization","@id":"https:\/\/kidsplay.lt\/#organization","name":"B\u0113rnu sp\u0113le","url":"https:\/\/kidsplay.lt\/","logo":{"@type":"ImageObject","inLanguage":"lv-LV","@id":"https:\/\/kidsplay.lt\/#\/schema\/logo\/image\/","url":"https:\/\/kidsplay.lt\/wp-content\/uploads\/2023\/07\/kidsplay-logo.png","contentUrl":"https:\/\/kidsplay.lt\/wp-content\/uploads\/2023\/07\/kidsplay-logo.png","width":451,"height":98,"caption":"KidsPlay"},"image":{"@id":"https:\/\/kidsplay.lt\/#\/schema\/logo\/image\/"},"sameAs":["https:\/\/www.facebook.com\/www.kidsplay.lt"]}]}},"_links":{"self":[{"href":"https:\/\/kidsplay.lt\/lv\/wp-json\/wp\/v2\/product\/78790","targetHints":{"allow":["GET"]}}],"collection":[{"href":"https:\/\/kidsplay.lt\/lv\/wp-json\/wp\/v2\/product"}],"about":[{"href":"https:\/\/kidsplay.lt\/lv\/wp-json\/wp\/v2\/types\/product"}],"version-history":[{"count":2,"href":"https:\/\/kidsplay.lt\/lv\/wp-json\/wp\/v2\/product\/78790\/revisions"}],"predecessor-version":[{"id":80757,"href":"https:\/\/kidsplay.lt\/lv\/wp-json\/wp\/v2\/product\/78790\/revisions\/80757"}],"wp:featuredmedia":[{"embeddable":true,"href":"https:\/\/kidsplay.lt\/lv\/wp-json\/wp\/v2\/media\/78792"}],"wp:attachment":[{"href":"https:\/\/kidsplay.lt\/lv\/wp-json\/wp\/v2\/media?parent=78790"}],"wp:term":[{"taxonomy":"product_brand","embeddable":true,"href":"https:\/\/kidsplay.lt\/lv\/wp-json\/wp\/v2\/product_brand?post=78790"},{"taxonomy":"product_cat","embeddable":true,"href":"https:\/\/kidsplay.lt\/lv\/wp-json\/wp\/v2\/product_cat?post=78790"},{"taxonomy":"product_tag","embeddable":true,"href":"https:\/\/kidsplay.lt\/lv\/wp-json\/wp\/v2\/product_tag?post=78790"}],"curies":[{"name":"wp","href":"https:\/\/api.w.org\/{rel}","templated":true}]}}