{"id":79085,"date":"2025-10-27T17:58:23","date_gmt":"2025-10-27T15:58:23","guid":{"rendered":"https:\/\/kidsplay.lt\/produktas\/woopie-baby-interaktyvus-automobilio-rakteliai-su-nuotolinio-valdymo-pultu-2in1-kramtukas\/"},"modified":"2026-04-13T13:49:14","modified_gmt":"2026-04-13T10:49:14","slug":"woopie-baby-interaktyvus-automobilio-rakteliai-su-nuotolinio-valdymo-pultu-2in1-kramtukas","status":"publish","type":"product","link":"https:\/\/kidsplay.lt\/lv\/products\/woopie-baby-interaktyvus-automobilio-rakteliai-su-nuotolinio-valdymo-pultu-2in1-kramtukas\/","title":{"rendered":"WOOPIE BABY interakt\u012bv\u0101s automa\u0161\u012bnas atsl\u0113gas ar t\u0101lvad\u012bbas pulti 2in1 zobu d\u0113lis"},"content":{"rendered":"<p>\u201eWoopie Baby\u201c\u00a0interaktyv\u016bs raktai\u00a0yra daugiafunkcis \u017eaislas, kuriame dera pramogos ir lavinamasis turinys. Keturi spalvingi raktai, kurie aktyvuoja\u00a0garso\u00a0ir\u00a0\u0161viesos\u00a0efektus (automobilio atrakinimo simuliacija, signalas, u\u017edegimas ir skambutis), realisti\u0161kas \u017eaidimas suteiks j\u016bs\u0173 ma\u017eyliui daug d\u017eiaugsmo ir jaudulio. \u0160ie unikal\u016bs raktai taip pat veikia kaip\u00a0kramtukas\u00a0, mal\u0161inantys dant\u0173 dygimo skausm\u0105 ir skatinantys k\u016bdikio sensorin\u012f vystym\u0105si. Be to, j\u016bs\u0173 ma\u017eyliui yra\u00a010 melodij\u0173\u00a0, kurios lavina ritmo ir muzikalumo poj\u016bt\u012f.<\/p>\n<p>Rakstur\u012bgs:<\/p>\n<p>&#8211; \u017daislas\u00a0nuo 6 m\u0117nesi\u0173\u00a0am\u017eiaus<br \/>\n&#8211;\u00a0Keturi spalvoti klavi\u0161ai\u00a0, kurie \u012fjungia garso ir \u0161viesos efektus<br \/>\n&#8211;\u00a0Kramtuk\u0173 funkcija\u00a0\u2013 palengv\u0117jimas dygstant dantukams<br \/>\n&#8211;\u00a010\u00a0skirting\u0173\u00a0melodij\u0173<br \/>\n&#8211;\u00a0\u00a0Realisti\u0161ki\u00a0\u00a0automobili\u0173\u00a0 efektai<\/p>\n<p>Rota\u013clieta att\u012bst\u0101s:<\/p>\n<p>&#8211; Klausos poj\u016btis<br \/>\n\u2013 Motorisk\u0101s prasmes<br \/>\n&#8211; Sensorinis vystymasis<br \/>\n&#8211; Ritmas ir muzikinis poj\u016btis<\/p>","protected":false},"excerpt":{"rendered":"<p>\u201eWoopie Baby\u201c\u00a0interaktyv\u016bs raktai\u00a0yra daugiafunkcis \u017eaislas, kuriame dera pramogos ir lavinamasis turinys. Keturi spalvingi raktai, kurie aktyvuoja\u00a0garso\u00a0ir\u00a0\u0161viesos\u00a0efektus (automobilio atrakinimo simuliacija, signalas,<\/p>","protected":false},"featured_media":79087,"template":"","meta":{"_acf_changed":false,"_glsr_average":0,"_glsr_ranking":0,"_glsr_reviews":0},"product_brand":[],"product_cat":[72,396,229],"product_tag":[],"class_list":{"0":"post-79085","1":"product","2":"type-product","3":"status-publish","4":"has-post-thumbnail","6":"product_cat-ispardavimas","7":"product_cat-kudikiu-zaislai-vaikams2","8":"product_cat-zaislai-vaikams","9":"\"style=\"background-color: #2ecc711c;\"","11":"first","12":"instock","13":"sale","14":"purchasable","15":"product-type-simple"},"acf":[],"yoast_head":"<!-- This site is optimized with the Yoast SEO plugin v27.4 - https:\/\/yoast.com\/product\/yoast-seo-wordpress\/ -->\n<title>WOOPIE BABY interaktyv\u016bs automobilio rakteliai su nuotolinio valdymo pultu 2in1 kramtukas<\/title>\n<meta name=\"description\" content=\"WOOPIE BABY interaktyv\u016bs automobilio rakteliai su nuotolinio valdymo pultu 2in1 kramtukas - KidsPlay. Did\u017eiausias vaik\u0173 \u017eaisl\u0173 pasirinkimas.\" \/>\n<meta name=\"robots\" content=\"index, follow, max-snippet:-1, max-image-preview:large, max-video-preview:-1\" \/>\n<link rel=\"canonical\" href=\"https:\/\/kidsplay.lt\/lv\/products\/woopie-baby-interaktyvus-automobilio-rakteliai-su-nuotolinio-valdymo-pultu-2in1-kramtukas\/\" \/>\n<meta property=\"og:locale\" content=\"lv_LV\" \/>\n<meta property=\"og:type\" content=\"article\" \/>\n<meta property=\"og:title\" content=\"WOOPIE BABY interaktyv\u016bs automobilio rakteliai su nuotolinio valdymo pultu 2in1 kramtukas\" \/>\n<meta property=\"og:description\" content=\"WOOPIE BABY interaktyv\u016bs automobilio rakteliai su nuotolinio valdymo pultu 2in1 kramtukas - KidsPlay. Did\u017eiausias vaik\u0173 \u017eaisl\u0173 pasirinkimas.\" \/>\n<meta property=\"og:url\" content=\"https:\/\/kidsplay.lt\/lv\/products\/woopie-baby-interaktyvus-automobilio-rakteliai-su-nuotolinio-valdymo-pultu-2in1-kramtukas\/\" \/>\n<meta property=\"og:site_name\" content=\"KidsPlay\" \/>\n<meta property=\"article:publisher\" content=\"https:\/\/www.facebook.com\/www.kidsplay.lt\" \/>\n<meta property=\"article:modified_time\" content=\"2026-04-13T10:49:14+00:00\" \/>\n<meta property=\"og:image\" content=\"https:\/\/kidsplay.lt\/wp-content\/uploads\/2025\/10\/WOOPIE-BABY-interaktyvus-automobilio-rakteliai-su-nuotolinio-valdymo-pultu-2in1-kramtukas.jpg\" \/>\n\t<meta property=\"og:image:width\" content=\"2560\" \/>\n\t<meta property=\"og:image:height\" content=\"2560\" \/>\n\t<meta property=\"og:image:type\" content=\"image\/jpeg\" \/>\n<meta name=\"twitter:card\" content=\"summary_large_image\" \/>\n<meta name=\"twitter:label1\" content=\"Est. reading time\" \/>\n\t<meta name=\"twitter:data1\" content=\"1 min\u016bte\" \/>\n<script type=\"application\/ld+json\" class=\"yoast-schema-graph\">{\"@context\":\"https:\\\/\\\/schema.org\",\"@graph\":[{\"@type\":\"WebPage\",\"@id\":\"https:\\\/\\\/kidsplay.lt\\\/produktas\\\/woopie-baby-interaktyvus-automobilio-rakteliai-su-nuotolinio-valdymo-pultu-2in1-kramtukas\\\/\",\"url\":\"https:\\\/\\\/kidsplay.lt\\\/produktas\\\/woopie-baby-interaktyvus-automobilio-rakteliai-su-nuotolinio-valdymo-pultu-2in1-kramtukas\\\/\",\"name\":\"WOOPIE BABY interaktyv\u016bs automobilio rakteliai su nuotolinio valdymo pultu 2in1 kramtukas\",\"isPartOf\":{\"@id\":\"https:\\\/\\\/kidsplay.lt\\\/#website\"},\"primaryImageOfPage\":{\"@id\":\"https:\\\/\\\/kidsplay.lt\\\/produktas\\\/woopie-baby-interaktyvus-automobilio-rakteliai-su-nuotolinio-valdymo-pultu-2in1-kramtukas\\\/#primaryimage\"},\"image\":{\"@id\":\"https:\\\/\\\/kidsplay.lt\\\/produktas\\\/woopie-baby-interaktyvus-automobilio-rakteliai-su-nuotolinio-valdymo-pultu-2in1-kramtukas\\\/#primaryimage\"},\"thumbnailUrl\":\"https:\\\/\\\/kidsplay.lt\\\/wp-content\\\/uploads\\\/2025\\\/10\\\/WOOPIE-BABY-interaktyvus-automobilio-rakteliai-su-nuotolinio-valdymo-pultu-2in1-kramtukas.jpg\",\"datePublished\":\"2025-10-27T15:58:23+00:00\",\"dateModified\":\"2026-04-13T10:49:14+00:00\",\"description\":\"WOOPIE BABY interaktyv\u016bs automobilio rakteliai su nuotolinio valdymo pultu 2in1 kramtukas - KidsPlay. Did\u017eiausias vaik\u0173 \u017eaisl\u0173 pasirinkimas.\",\"breadcrumb\":{\"@id\":\"https:\\\/\\\/kidsplay.lt\\\/produktas\\\/woopie-baby-interaktyvus-automobilio-rakteliai-su-nuotolinio-valdymo-pultu-2in1-kramtukas\\\/#breadcrumb\"},\"inLanguage\":\"lv-LV\",\"potentialAction\":[{\"@type\":\"ReadAction\",\"target\":[\"https:\\\/\\\/kidsplay.lt\\\/produktas\\\/woopie-baby-interaktyvus-automobilio-rakteliai-su-nuotolinio-valdymo-pultu-2in1-kramtukas\\\/\"]}]},{\"@type\":\"ImageObject\",\"inLanguage\":\"lv-LV\",\"@id\":\"https:\\\/\\\/kidsplay.lt\\\/produktas\\\/woopie-baby-interaktyvus-automobilio-rakteliai-su-nuotolinio-valdymo-pultu-2in1-kramtukas\\\/#primaryimage\",\"url\":\"https:\\\/\\\/kidsplay.lt\\\/wp-content\\\/uploads\\\/2025\\\/10\\\/WOOPIE-BABY-interaktyvus-automobilio-rakteliai-su-nuotolinio-valdymo-pultu-2in1-kramtukas.jpg\",\"contentUrl\":\"https:\\\/\\\/kidsplay.lt\\\/wp-content\\\/uploads\\\/2025\\\/10\\\/WOOPIE-BABY-interaktyvus-automobilio-rakteliai-su-nuotolinio-valdymo-pultu-2in1-kramtukas.jpg\",\"width\":2560,\"height\":2560,\"caption\":\"WOOPIE BABY interaktyv\u016bs automobilio rakteliai su nuotolinio valdymo pultu 2in1 kramtukas\"},{\"@type\":\"BreadcrumbList\",\"@id\":\"https:\\\/\\\/kidsplay.lt\\\/produktas\\\/woopie-baby-interaktyvus-automobilio-rakteliai-su-nuotolinio-valdymo-pultu-2in1-kramtukas\\\/#breadcrumb\",\"itemListElement\":[{\"@type\":\"ListItem\",\"position\":1,\"name\":\"Pagrindinis\",\"item\":\"https:\\\/\\\/kidsplay.lt\\\/\"},{\"@type\":\"ListItem\",\"position\":2,\"name\":\"Parduotuv\u0117\",\"item\":\"https:\\\/\\\/kidsplay.lt\\\/parduotuve\\\/\"},{\"@type\":\"ListItem\",\"position\":3,\"name\":\"WOOPIE BABY interaktyv\u016bs automobilio rakteliai su nuotolinio valdymo pultu 2in1 kramtukas\"}]},{\"@type\":\"WebSite\",\"@id\":\"https:\\\/\\\/kidsplay.lt\\\/#website\",\"url\":\"https:\\\/\\\/kidsplay.lt\\\/\",\"name\":\"Kidsplay.lt\",\"description\":\"\u012evairios prek\u0117s vaikams\",\"publisher\":{\"@id\":\"https:\\\/\\\/kidsplay.lt\\\/#organization\"},\"alternateName\":\"Kidsplay\",\"potentialAction\":[{\"@type\":\"SearchAction\",\"target\":{\"@type\":\"EntryPoint\",\"urlTemplate\":\"https:\\\/\\\/kidsplay.lt\\\/?s={search_term_string}\"},\"query-input\":{\"@type\":\"PropertyValueSpecification\",\"valueRequired\":true,\"valueName\":\"search_term_string\"}}],\"inLanguage\":\"lv-LV\"},{\"@type\":\"Organization\",\"@id\":\"https:\\\/\\\/kidsplay.lt\\\/#organization\",\"name\":\"KidsPlay\",\"url\":\"https:\\\/\\\/kidsplay.lt\\\/\",\"logo\":{\"@type\":\"ImageObject\",\"inLanguage\":\"lv-LV\",\"@id\":\"https:\\\/\\\/kidsplay.lt\\\/#\\\/schema\\\/logo\\\/image\\\/\",\"url\":\"https:\\\/\\\/kidsplay.lt\\\/wp-content\\\/uploads\\\/2023\\\/07\\\/kidsplay-logo.png\",\"contentUrl\":\"https:\\\/\\\/kidsplay.lt\\\/wp-content\\\/uploads\\\/2023\\\/07\\\/kidsplay-logo.png\",\"width\":451,\"height\":98,\"caption\":\"KidsPlay\"},\"image\":{\"@id\":\"https:\\\/\\\/kidsplay.lt\\\/#\\\/schema\\\/logo\\\/image\\\/\"},\"sameAs\":[\"https:\\\/\\\/www.facebook.com\\\/www.kidsplay.lt\"]}]}<\/script>\n<!-- \/ Yoast SEO plugin. -->","yoast_head_json":{"title":"WOOPIE BABY interakt\u012bv\u0101s automa\u0161\u012bnas atsl\u0113gas ar t\u0101lvad\u012bbas pulti 2in1 zobu d\u0113lis","description":"WOOPIE BABY interaktyv\u016bs automobilio rakteliai su nuotolinio valdymo pultu 2in1 kramtukas - KidsPlay. Did\u017eiausias vaik\u0173 \u017eaisl\u0173 pasirinkimas.","robots":{"index":"index","follow":"follow","max-snippet":"max-snippet:-1","max-image-preview":"max-image-preview:large","max-video-preview":"max-video-preview:-1"},"canonical":"https:\/\/kidsplay.lt\/lv\/products\/woopie-baby-interaktyvus-automobilio-rakteliai-su-nuotolinio-valdymo-pultu-2in1-kramtukas\/","og_locale":"lv_LV","og_type":"article","og_title":"WOOPIE BABY interaktyv\u016bs automobilio rakteliai su nuotolinio valdymo pultu 2in1 kramtukas","og_description":"WOOPIE BABY interaktyv\u016bs automobilio rakteliai su nuotolinio valdymo pultu 2in1 kramtukas - KidsPlay. Did\u017eiausias vaik\u0173 \u017eaisl\u0173 pasirinkimas.","og_url":"https:\/\/kidsplay.lt\/lv\/products\/woopie-baby-interaktyvus-automobilio-rakteliai-su-nuotolinio-valdymo-pultu-2in1-kramtukas\/","og_site_name":"KidsPlay","article_publisher":"https:\/\/www.facebook.com\/www.kidsplay.lt","article_modified_time":"2026-04-13T10:49:14+00:00","og_image":[{"width":2560,"height":2560,"url":"https:\/\/kidsplay.lt\/wp-content\/uploads\/2025\/10\/WOOPIE-BABY-interaktyvus-automobilio-rakteliai-su-nuotolinio-valdymo-pultu-2in1-kramtukas.jpg","type":"image\/jpeg"}],"twitter_card":"summary_large_image","twitter_misc":{"Est. reading time":"1 min\u016bte"},"schema":{"@context":"https:\/\/schema.org","@graph":[{"@type":"WebPage","@id":"https:\/\/kidsplay.lt\/produktas\/woopie-baby-interaktyvus-automobilio-rakteliai-su-nuotolinio-valdymo-pultu-2in1-kramtukas\/","url":"https:\/\/kidsplay.lt\/produktas\/woopie-baby-interaktyvus-automobilio-rakteliai-su-nuotolinio-valdymo-pultu-2in1-kramtukas\/","name":"WOOPIE BABY interakt\u012bv\u0101s automa\u0161\u012bnas atsl\u0113gas ar t\u0101lvad\u012bbas pulti 2in1 zobu d\u0113lis","isPartOf":{"@id":"https:\/\/kidsplay.lt\/#website"},"primaryImageOfPage":{"@id":"https:\/\/kidsplay.lt\/produktas\/woopie-baby-interaktyvus-automobilio-rakteliai-su-nuotolinio-valdymo-pultu-2in1-kramtukas\/#primaryimage"},"image":{"@id":"https:\/\/kidsplay.lt\/produktas\/woopie-baby-interaktyvus-automobilio-rakteliai-su-nuotolinio-valdymo-pultu-2in1-kramtukas\/#primaryimage"},"thumbnailUrl":"https:\/\/kidsplay.lt\/wp-content\/uploads\/2025\/10\/WOOPIE-BABY-interaktyvus-automobilio-rakteliai-su-nuotolinio-valdymo-pultu-2in1-kramtukas.jpg","datePublished":"2025-10-27T15:58:23+00:00","dateModified":"2026-04-13T10:49:14+00:00","description":"WOOPIE BABY interaktyv\u016bs automobilio rakteliai su nuotolinio valdymo pultu 2in1 kramtukas - KidsPlay. Did\u017eiausias vaik\u0173 \u017eaisl\u0173 pasirinkimas.","breadcrumb":{"@id":"https:\/\/kidsplay.lt\/produktas\/woopie-baby-interaktyvus-automobilio-rakteliai-su-nuotolinio-valdymo-pultu-2in1-kramtukas\/#breadcrumb"},"inLanguage":"lv-LV","potentialAction":[{"@type":"ReadAction","target":["https:\/\/kidsplay.lt\/produktas\/woopie-baby-interaktyvus-automobilio-rakteliai-su-nuotolinio-valdymo-pultu-2in1-kramtukas\/"]}]},{"@type":"ImageObject","inLanguage":"lv-LV","@id":"https:\/\/kidsplay.lt\/produktas\/woopie-baby-interaktyvus-automobilio-rakteliai-su-nuotolinio-valdymo-pultu-2in1-kramtukas\/#primaryimage","url":"https:\/\/kidsplay.lt\/wp-content\/uploads\/2025\/10\/WOOPIE-BABY-interaktyvus-automobilio-rakteliai-su-nuotolinio-valdymo-pultu-2in1-kramtukas.jpg","contentUrl":"https:\/\/kidsplay.lt\/wp-content\/uploads\/2025\/10\/WOOPIE-BABY-interaktyvus-automobilio-rakteliai-su-nuotolinio-valdymo-pultu-2in1-kramtukas.jpg","width":2560,"height":2560,"caption":"WOOPIE BABY interaktyv\u016bs automobilio rakteliai su nuotolinio valdymo pultu 2in1 kramtukas"},{"@type":"BreadcrumbList","@id":"https:\/\/kidsplay.lt\/produktas\/woopie-baby-interaktyvus-automobilio-rakteliai-su-nuotolinio-valdymo-pultu-2in1-kramtukas\/#breadcrumb","itemListElement":[{"@type":"ListItem","position":1,"name":"Pagrindinis","item":"https:\/\/kidsplay.lt\/"},{"@type":"ListItem","position":2,"name":"Parduotuv\u0117","item":"https:\/\/kidsplay.lt\/parduotuve\/"},{"@type":"ListItem","position":3,"name":"WOOPIE BABY interaktyv\u016bs automobilio rakteliai su nuotolinio valdymo pultu 2in1 kramtukas"}]},{"@type":"WebSite","@id":"https:\/\/kidsplay.lt\/#website","url":"https:\/\/kidsplay.lt\/","name":"B\u0113rnu sp\u0113les.lv","description":"\u012evairios prek\u0117s vaikams","publisher":{"@id":"https:\/\/kidsplay.lt\/#organization"},"alternateName":"Kidsplay","potentialAction":[{"@type":"SearchAction","target":{"@type":"EntryPoint","urlTemplate":"https:\/\/kidsplay.lt\/?s={search_term_string}"},"query-input":{"@type":"PropertyValueSpecification","valueRequired":true,"valueName":"search_term_string"}}],"inLanguage":"lv-LV"},{"@type":"Organization","@id":"https:\/\/kidsplay.lt\/#organization","name":"B\u0113rnu sp\u0113le","url":"https:\/\/kidsplay.lt\/","logo":{"@type":"ImageObject","inLanguage":"lv-LV","@id":"https:\/\/kidsplay.lt\/#\/schema\/logo\/image\/","url":"https:\/\/kidsplay.lt\/wp-content\/uploads\/2023\/07\/kidsplay-logo.png","contentUrl":"https:\/\/kidsplay.lt\/wp-content\/uploads\/2023\/07\/kidsplay-logo.png","width":451,"height":98,"caption":"KidsPlay"},"image":{"@id":"https:\/\/kidsplay.lt\/#\/schema\/logo\/image\/"},"sameAs":["https:\/\/www.facebook.com\/www.kidsplay.lt"]}]}},"_links":{"self":[{"href":"https:\/\/kidsplay.lt\/lv\/wp-json\/wp\/v2\/product\/79085","targetHints":{"allow":["GET"]}}],"collection":[{"href":"https:\/\/kidsplay.lt\/lv\/wp-json\/wp\/v2\/product"}],"about":[{"href":"https:\/\/kidsplay.lt\/lv\/wp-json\/wp\/v2\/types\/product"}],"version-history":[{"count":2,"href":"https:\/\/kidsplay.lt\/lv\/wp-json\/wp\/v2\/product\/79085\/revisions"}],"predecessor-version":[{"id":80985,"href":"https:\/\/kidsplay.lt\/lv\/wp-json\/wp\/v2\/product\/79085\/revisions\/80985"}],"wp:featuredmedia":[{"embeddable":true,"href":"https:\/\/kidsplay.lt\/lv\/wp-json\/wp\/v2\/media\/79087"}],"wp:attachment":[{"href":"https:\/\/kidsplay.lt\/lv\/wp-json\/wp\/v2\/media?parent=79085"}],"wp:term":[{"taxonomy":"product_brand","embeddable":true,"href":"https:\/\/kidsplay.lt\/lv\/wp-json\/wp\/v2\/product_brand?post=79085"},{"taxonomy":"product_cat","embeddable":true,"href":"https:\/\/kidsplay.lt\/lv\/wp-json\/wp\/v2\/product_cat?post=79085"},{"taxonomy":"product_tag","embeddable":true,"href":"https:\/\/kidsplay.lt\/lv\/wp-json\/wp\/v2\/product_tag?post=79085"}],"curies":[{"name":"wp","href":"https:\/\/api.w.org\/{rel}","templated":true}]}}