{"id":79159,"date":"2025-10-27T18:15:05","date_gmt":"2025-10-27T16:15:05","guid":{"rendered":"https:\/\/kidsplay.lt\/produktas\/woopie-green-medinis-deliones-plaktukas-su-vinimis-20-rastu-82-vnt\/"},"modified":"2026-04-07T10:29:05","modified_gmt":"2026-04-07T07:29:05","slug":"woopie-green-medine-delione-su-plaktuku","status":"publish","type":"product","link":"https:\/\/kidsplay.lt\/lv\/products\/woopie-green-medine-delione-su-plaktuku\/","title":{"rendered":"WOOPIE GREEN koka puzle ar \u0101muru"},"content":{"rendered":"<p>\u201eWoopie Green\u201c edukacin\u0117 nag\u0173 dail\u0117 \u2013 prikalk, sud\u0117k ir kurk!<\/p>\n<p>WOOPIE\u00a0GREEN\u00a0kam\u0161tinis v\u0117jo mal\u016bnas\u00a0yra puikus \u017eaislas\u00a0bet kuriam ma\u017eajam statybininkui!\u00a0\u0160is rinkinys leid\u017eia vaikams kurti spalvingus paveiksl\u0117lius su kalad\u0117l\u0117mis, kurios smeigtukais pritvirtinamos prie kam\u0161tin\u0117s lentos. Jie gali naudoti i\u0161 anksto paruo\u0161tus dizainus arba&#8230;\u00a0sugalvoti k\u0105 nors visi\u0161kai naujo!\u00a0Su\u00a082 detal\u0117mis\u00a0, \u012fvairiomis formomis ir spalvomis bei trimis sud\u0117tingumo lygiais, \u017eaidimas niekada nepabos. Tai ne tik smagu \u2013 jis taip pat\u00a0lavina susikaupim\u0105, k\u016brybi\u0161kum\u0105 ir login\u012f m\u0105stym\u0105\u00a0!<\/p>\n<p>Rakstur\u012bgs:<\/p>\n<p>&#8211; \u017eaislas tinka vaikams nuo 4 met\u0173 am\u017eiaus<br \/>\n&#8211; 20 ra\u0161t\u0173, kuriuos galima i\u0161d\u0117styti \u2013 iki 3 sud\u0117tingumo lygi\u0173<br \/>\n&#8211; kalad\u0117li\u0173 tvirtinimas prie lentos plaktuku ir kai\u0161\u010diais<br \/>\n&#8211; galimyb\u0117 kurti savo kompozicijas<br \/>\n&#8211; apval\u016bs, saug\u016bs mediniai elementai<br \/>\n&#8211; pa\u012fvairinti linksmybes prisimenant ir atkuriant modelius<\/p>\n<p>Komplekta saturs:<\/p>\n<p>&#8211; 30 spalving\u0173 skirting\u0173 form\u0173 blok\u0173<br \/>\n&#8211; 40 kai\u0161\u010di\u0173<br \/>\n&#8211; 10 dvipusi\u0173 korteli\u0173 su 20 ra\u0161t\u0173 (3 sud\u0117tingumo lygiai)<br \/>\n&#8211; kam\u0161tin\u0117 lenta<br \/>\n&#8211; medinis plaktukas<\/p>\n<p>Rota\u013clieta att\u012bst\u0101s:<\/p>\n<p>&#8211;\u00a0Rankiniai \u012fg\u016bd\u017eiai\u00a0\u2013 ma\u017e\u0173 element\u0173 kalimas reikalauja tikslumo, o tai labai padeda lavinti smulki\u0105j\u0105 motorik\u0105 ir rank\u0173 miklum\u0105.<br \/>\n&#8211;\u00a0Vaizduot\u0117 ir k\u016brybi\u0161kumas\u00a0\u2013 vaikai gali kurti savo ra\u0161tus ir i\u0161d\u0117stymus, o tai skatina j\u0173 i\u0161radingum\u0105 ir lavina k\u016brybin\u012f m\u0105stym\u0105.<br \/>\n&#8211;\u00a0Loginis m\u0105stymas\u00a0\u2013 korteli\u0173 ra\u0161t\u0173 kopijavimas lavina form\u0173, spalv\u0173 ir erdv\u0117s analiz\u0119, o tai lavina prie\u017easties ir pasekm\u0117s m\u0105stym\u0105.<br \/>\n&#8211;\u00a0Susikaupimas\u00a0\u2013 d\u0117mesio sutelkimas \u012f atitinkamus elementus ir tikslus j\u0173 \u012fkalimas ugdo kantryb\u0119 ir geb\u0117jim\u0105 susikaupti ties u\u017eduotimi.<br \/>\n&#8211;\u00a0\u012esiminimas\u00a0\u2013 \u017eaidim\u0105 galima praturtinti atminties pratimais, kuri\u0173 metu reikia atkurti modelius ne\u017ei\u016brint \u012f kortel\u0119, o tai stiprina trumpalaik\u0119 atmint\u012f.<\/p>","protected":false},"excerpt":{"rendered":"<p>\u201eWoopie Green\u201c edukacin\u0117 nag\u0173 dail\u0117 \u2013 prikalk, sud\u0117k ir kurk! WOOPIE\u00a0GREEN\u00a0kam\u0161tinis v\u0117jo mal\u016bnas\u00a0yra puikus \u017eaislas\u00a0bet kuriam ma\u017eajam statybininkui!\u00a0\u0160is rinkinys leid\u017eia<\/p>","protected":false},"featured_media":79161,"template":"","meta":{"_acf_changed":false,"_glsr_average":0,"_glsr_ranking":0,"_glsr_reviews":0},"product_brand":[],"product_cat":[884,72,883,229],"product_tag":[],"class_list":{"0":"post-79159","1":"product","2":"type-product","3":"status-publish","4":"has-post-thumbnail","6":"product_cat-edukaciniai-lavinamieji-mediniai-zaislai","7":"product_cat-ispardavimas","8":"product_cat-mediniai-zaislai-2","9":"product_cat-zaislai-vaikams","10":"\"style=\"background-color: #2ecc711c;\"","12":"first","13":"instock","14":"sale","15":"purchasable","16":"product-type-simple"},"acf":[],"yoast_head":"<!-- This site is optimized with the Yoast SEO plugin v27.3 - https:\/\/yoast.com\/product\/yoast-seo-wordpress\/ -->\n<title>WOOPIE GREEN medin\u0117 d\u0117lion\u0117 su plaktuku<\/title>\n<meta name=\"description\" content=\"WOOPIE GREEN medinis d\u0117lion\u0117s plaktukas su vinimis, 20 ra\u0161t\u0173, 82 vnt. - KidsPlay. Did\u017eiausias vaik\u0173 \u017eaisl\u0173 pasirinkimas.\" \/>\n<meta name=\"robots\" content=\"index, follow, max-snippet:-1, max-image-preview:large, max-video-preview:-1\" \/>\n<link rel=\"canonical\" href=\"https:\/\/kidsplay.lt\/lv\/products\/woopie-green-medine-delione-su-plaktuku\/\" \/>\n<meta property=\"og:locale\" content=\"lv_LV\" \/>\n<meta property=\"og:type\" content=\"article\" \/>\n<meta property=\"og:title\" content=\"WOOPIE GREEN medin\u0117 d\u0117lion\u0117 su plaktuku\" \/>\n<meta property=\"og:description\" content=\"WOOPIE GREEN medinis d\u0117lion\u0117s plaktukas su vinimis, 20 ra\u0161t\u0173, 82 vnt. - KidsPlay. Did\u017eiausias vaik\u0173 \u017eaisl\u0173 pasirinkimas.\" \/>\n<meta property=\"og:url\" content=\"https:\/\/kidsplay.lt\/lv\/products\/woopie-green-medine-delione-su-plaktuku\/\" \/>\n<meta property=\"og:site_name\" content=\"KidsPlay\" \/>\n<meta property=\"article:publisher\" content=\"https:\/\/www.facebook.com\/www.kidsplay.lt\" \/>\n<meta property=\"article:modified_time\" content=\"2026-04-07T07:29:05+00:00\" \/>\n<meta property=\"og:image\" content=\"https:\/\/kidsplay.lt\/wp-content\/uploads\/2025\/10\/WOOPIE-GREEN-medinis-deliones-plaktukas-su-vinimis-20-rastu-82-vnt.jpg\" \/>\n\t<meta property=\"og:image:width\" content=\"1000\" \/>\n\t<meta property=\"og:image:height\" content=\"1000\" \/>\n\t<meta property=\"og:image:type\" content=\"image\/jpeg\" \/>\n<meta name=\"twitter:card\" content=\"summary_large_image\" \/>\n<meta name=\"twitter:label1\" content=\"Est. reading time\" \/>\n\t<meta name=\"twitter:data1\" content=\"2 min\u016btes\" \/>\n<script type=\"application\/ld+json\" class=\"yoast-schema-graph\">{\"@context\":\"https:\\\/\\\/schema.org\",\"@graph\":[{\"@type\":\"WebPage\",\"@id\":\"https:\\\/\\\/kidsplay.lt\\\/produktas\\\/woopie-green-medine-delione-su-plaktuku\\\/\",\"url\":\"https:\\\/\\\/kidsplay.lt\\\/produktas\\\/woopie-green-medine-delione-su-plaktuku\\\/\",\"name\":\"WOOPIE GREEN medin\u0117 d\u0117lion\u0117 su plaktuku\",\"isPartOf\":{\"@id\":\"https:\\\/\\\/kidsplay.lt\\\/#website\"},\"primaryImageOfPage\":{\"@id\":\"https:\\\/\\\/kidsplay.lt\\\/produktas\\\/woopie-green-medine-delione-su-plaktuku\\\/#primaryimage\"},\"image\":{\"@id\":\"https:\\\/\\\/kidsplay.lt\\\/produktas\\\/woopie-green-medine-delione-su-plaktuku\\\/#primaryimage\"},\"thumbnailUrl\":\"https:\\\/\\\/kidsplay.lt\\\/wp-content\\\/uploads\\\/2025\\\/10\\\/WOOPIE-GREEN-medinis-deliones-plaktukas-su-vinimis-20-rastu-82-vnt.jpg\",\"datePublished\":\"2025-10-27T16:15:05+00:00\",\"dateModified\":\"2026-04-07T07:29:05+00:00\",\"description\":\"WOOPIE GREEN medinis d\u0117lion\u0117s plaktukas su vinimis, 20 ra\u0161t\u0173, 82 vnt. - KidsPlay. Did\u017eiausias vaik\u0173 \u017eaisl\u0173 pasirinkimas.\",\"breadcrumb\":{\"@id\":\"https:\\\/\\\/kidsplay.lt\\\/produktas\\\/woopie-green-medine-delione-su-plaktuku\\\/#breadcrumb\"},\"inLanguage\":\"lv-LV\",\"potentialAction\":[{\"@type\":\"ReadAction\",\"target\":[\"https:\\\/\\\/kidsplay.lt\\\/produktas\\\/woopie-green-medine-delione-su-plaktuku\\\/\"]}]},{\"@type\":\"ImageObject\",\"inLanguage\":\"lv-LV\",\"@id\":\"https:\\\/\\\/kidsplay.lt\\\/produktas\\\/woopie-green-medine-delione-su-plaktuku\\\/#primaryimage\",\"url\":\"https:\\\/\\\/kidsplay.lt\\\/wp-content\\\/uploads\\\/2025\\\/10\\\/WOOPIE-GREEN-medinis-deliones-plaktukas-su-vinimis-20-rastu-82-vnt.jpg\",\"contentUrl\":\"https:\\\/\\\/kidsplay.lt\\\/wp-content\\\/uploads\\\/2025\\\/10\\\/WOOPIE-GREEN-medinis-deliones-plaktukas-su-vinimis-20-rastu-82-vnt.jpg\",\"width\":1000,\"height\":1000,\"caption\":\"WOOPIE GREEN medinis d\u0117lion\u0117s plaktukas su vinimis\"},{\"@type\":\"BreadcrumbList\",\"@id\":\"https:\\\/\\\/kidsplay.lt\\\/produktas\\\/woopie-green-medine-delione-su-plaktuku\\\/#breadcrumb\",\"itemListElement\":[{\"@type\":\"ListItem\",\"position\":1,\"name\":\"Pagrindinis\",\"item\":\"https:\\\/\\\/kidsplay.lt\\\/\"},{\"@type\":\"ListItem\",\"position\":2,\"name\":\"Parduotuv\u0117\",\"item\":\"https:\\\/\\\/kidsplay.lt\\\/parduotuve\\\/\"},{\"@type\":\"ListItem\",\"position\":3,\"name\":\"WOOPIE GREEN medin\u0117 d\u0117lion\u0117 su plaktuku\"}]},{\"@type\":\"WebSite\",\"@id\":\"https:\\\/\\\/kidsplay.lt\\\/#website\",\"url\":\"https:\\\/\\\/kidsplay.lt\\\/\",\"name\":\"Kidsplay.lt\",\"description\":\"\u012evairios prek\u0117s vaikams\",\"publisher\":{\"@id\":\"https:\\\/\\\/kidsplay.lt\\\/#organization\"},\"alternateName\":\"Kidsplay\",\"potentialAction\":[{\"@type\":\"SearchAction\",\"target\":{\"@type\":\"EntryPoint\",\"urlTemplate\":\"https:\\\/\\\/kidsplay.lt\\\/?s={search_term_string}\"},\"query-input\":{\"@type\":\"PropertyValueSpecification\",\"valueRequired\":true,\"valueName\":\"search_term_string\"}}],\"inLanguage\":\"lv-LV\"},{\"@type\":\"Organization\",\"@id\":\"https:\\\/\\\/kidsplay.lt\\\/#organization\",\"name\":\"KidsPlay\",\"url\":\"https:\\\/\\\/kidsplay.lt\\\/\",\"logo\":{\"@type\":\"ImageObject\",\"inLanguage\":\"lv-LV\",\"@id\":\"https:\\\/\\\/kidsplay.lt\\\/#\\\/schema\\\/logo\\\/image\\\/\",\"url\":\"https:\\\/\\\/kidsplay.lt\\\/wp-content\\\/uploads\\\/2023\\\/07\\\/kidsplay-logo.png\",\"contentUrl\":\"https:\\\/\\\/kidsplay.lt\\\/wp-content\\\/uploads\\\/2023\\\/07\\\/kidsplay-logo.png\",\"width\":451,\"height\":98,\"caption\":\"KidsPlay\"},\"image\":{\"@id\":\"https:\\\/\\\/kidsplay.lt\\\/#\\\/schema\\\/logo\\\/image\\\/\"},\"sameAs\":[\"https:\\\/\\\/www.facebook.com\\\/www.kidsplay.lt\"]}]}<\/script>\n<!-- \/ Yoast SEO plugin. -->","yoast_head_json":{"title":"WOOPIE GREEN koka puzle ar \u0101muru","description":"WOOPIE GREEN medinis d\u0117lion\u0117s plaktukas su vinimis, 20 ra\u0161t\u0173, 82 vnt. - KidsPlay. Did\u017eiausias vaik\u0173 \u017eaisl\u0173 pasirinkimas.","robots":{"index":"index","follow":"follow","max-snippet":"max-snippet:-1","max-image-preview":"max-image-preview:large","max-video-preview":"max-video-preview:-1"},"canonical":"https:\/\/kidsplay.lt\/lv\/products\/woopie-green-medine-delione-su-plaktuku\/","og_locale":"lv_LV","og_type":"article","og_title":"WOOPIE GREEN medin\u0117 d\u0117lion\u0117 su plaktuku","og_description":"WOOPIE GREEN medinis d\u0117lion\u0117s plaktukas su vinimis, 20 ra\u0161t\u0173, 82 vnt. - KidsPlay. Did\u017eiausias vaik\u0173 \u017eaisl\u0173 pasirinkimas.","og_url":"https:\/\/kidsplay.lt\/lv\/products\/woopie-green-medine-delione-su-plaktuku\/","og_site_name":"KidsPlay","article_publisher":"https:\/\/www.facebook.com\/www.kidsplay.lt","article_modified_time":"2026-04-07T07:29:05+00:00","og_image":[{"width":1000,"height":1000,"url":"https:\/\/kidsplay.lt\/wp-content\/uploads\/2025\/10\/WOOPIE-GREEN-medinis-deliones-plaktukas-su-vinimis-20-rastu-82-vnt.jpg","type":"image\/jpeg"}],"twitter_card":"summary_large_image","twitter_misc":{"Est. reading time":"2 min\u016btes"},"schema":{"@context":"https:\/\/schema.org","@graph":[{"@type":"WebPage","@id":"https:\/\/kidsplay.lt\/produktas\/woopie-green-medine-delione-su-plaktuku\/","url":"https:\/\/kidsplay.lt\/produktas\/woopie-green-medine-delione-su-plaktuku\/","name":"WOOPIE GREEN koka puzle ar \u0101muru","isPartOf":{"@id":"https:\/\/kidsplay.lt\/#website"},"primaryImageOfPage":{"@id":"https:\/\/kidsplay.lt\/produktas\/woopie-green-medine-delione-su-plaktuku\/#primaryimage"},"image":{"@id":"https:\/\/kidsplay.lt\/produktas\/woopie-green-medine-delione-su-plaktuku\/#primaryimage"},"thumbnailUrl":"https:\/\/kidsplay.lt\/wp-content\/uploads\/2025\/10\/WOOPIE-GREEN-medinis-deliones-plaktukas-su-vinimis-20-rastu-82-vnt.jpg","datePublished":"2025-10-27T16:15:05+00:00","dateModified":"2026-04-07T07:29:05+00:00","description":"WOOPIE GREEN medinis d\u0117lion\u0117s plaktukas su vinimis, 20 ra\u0161t\u0173, 82 vnt. - KidsPlay. Did\u017eiausias vaik\u0173 \u017eaisl\u0173 pasirinkimas.","breadcrumb":{"@id":"https:\/\/kidsplay.lt\/produktas\/woopie-green-medine-delione-su-plaktuku\/#breadcrumb"},"inLanguage":"lv-LV","potentialAction":[{"@type":"ReadAction","target":["https:\/\/kidsplay.lt\/produktas\/woopie-green-medine-delione-su-plaktuku\/"]}]},{"@type":"ImageObject","inLanguage":"lv-LV","@id":"https:\/\/kidsplay.lt\/produktas\/woopie-green-medine-delione-su-plaktuku\/#primaryimage","url":"https:\/\/kidsplay.lt\/wp-content\/uploads\/2025\/10\/WOOPIE-GREEN-medinis-deliones-plaktukas-su-vinimis-20-rastu-82-vnt.jpg","contentUrl":"https:\/\/kidsplay.lt\/wp-content\/uploads\/2025\/10\/WOOPIE-GREEN-medinis-deliones-plaktukas-su-vinimis-20-rastu-82-vnt.jpg","width":1000,"height":1000,"caption":"WOOPIE GREEN medinis d\u0117lion\u0117s plaktukas su vinimis"},{"@type":"BreadcrumbList","@id":"https:\/\/kidsplay.lt\/produktas\/woopie-green-medine-delione-su-plaktuku\/#breadcrumb","itemListElement":[{"@type":"ListItem","position":1,"name":"Pagrindinis","item":"https:\/\/kidsplay.lt\/"},{"@type":"ListItem","position":2,"name":"Parduotuv\u0117","item":"https:\/\/kidsplay.lt\/parduotuve\/"},{"@type":"ListItem","position":3,"name":"WOOPIE GREEN medin\u0117 d\u0117lion\u0117 su plaktuku"}]},{"@type":"WebSite","@id":"https:\/\/kidsplay.lt\/#website","url":"https:\/\/kidsplay.lt\/","name":"B\u0113rnu sp\u0113les.lv","description":"\u012evairios prek\u0117s vaikams","publisher":{"@id":"https:\/\/kidsplay.lt\/#organization"},"alternateName":"Kidsplay","potentialAction":[{"@type":"SearchAction","target":{"@type":"EntryPoint","urlTemplate":"https:\/\/kidsplay.lt\/?s={search_term_string}"},"query-input":{"@type":"PropertyValueSpecification","valueRequired":true,"valueName":"search_term_string"}}],"inLanguage":"lv-LV"},{"@type":"Organization","@id":"https:\/\/kidsplay.lt\/#organization","name":"B\u0113rnu sp\u0113le","url":"https:\/\/kidsplay.lt\/","logo":{"@type":"ImageObject","inLanguage":"lv-LV","@id":"https:\/\/kidsplay.lt\/#\/schema\/logo\/image\/","url":"https:\/\/kidsplay.lt\/wp-content\/uploads\/2023\/07\/kidsplay-logo.png","contentUrl":"https:\/\/kidsplay.lt\/wp-content\/uploads\/2023\/07\/kidsplay-logo.png","width":451,"height":98,"caption":"KidsPlay"},"image":{"@id":"https:\/\/kidsplay.lt\/#\/schema\/logo\/image\/"},"sameAs":["https:\/\/www.facebook.com\/www.kidsplay.lt"]}]}},"_links":{"self":[{"href":"https:\/\/kidsplay.lt\/lv\/wp-json\/wp\/v2\/product\/79159","targetHints":{"allow":["GET"]}}],"collection":[{"href":"https:\/\/kidsplay.lt\/lv\/wp-json\/wp\/v2\/product"}],"about":[{"href":"https:\/\/kidsplay.lt\/lv\/wp-json\/wp\/v2\/types\/product"}],"version-history":[{"count":3,"href":"https:\/\/kidsplay.lt\/lv\/wp-json\/wp\/v2\/product\/79159\/revisions"}],"predecessor-version":[{"id":83476,"href":"https:\/\/kidsplay.lt\/lv\/wp-json\/wp\/v2\/product\/79159\/revisions\/83476"}],"wp:featuredmedia":[{"embeddable":true,"href":"https:\/\/kidsplay.lt\/lv\/wp-json\/wp\/v2\/media\/79161"}],"wp:attachment":[{"href":"https:\/\/kidsplay.lt\/lv\/wp-json\/wp\/v2\/media?parent=79159"}],"wp:term":[{"taxonomy":"product_brand","embeddable":true,"href":"https:\/\/kidsplay.lt\/lv\/wp-json\/wp\/v2\/product_brand?post=79159"},{"taxonomy":"product_cat","embeddable":true,"href":"https:\/\/kidsplay.lt\/lv\/wp-json\/wp\/v2\/product_cat?post=79159"},{"taxonomy":"product_tag","embeddable":true,"href":"https:\/\/kidsplay.lt\/lv\/wp-json\/wp\/v2\/product_tag?post=79159"}],"curies":[{"name":"wp","href":"https:\/\/api.w.org\/{rel}","templated":true}]}}