{"id":79215,"date":"2025-10-27T18:19:24","date_gmt":"2025-10-27T16:19:24","guid":{"rendered":"https:\/\/kidsplay.lt\/produktas\/woopie-green-mediniai-neriniai-5-viename-gyvunai-siulams-verti\/"},"modified":"2026-04-20T08:20:40","modified_gmt":"2026-04-20T05:20:40","slug":"woopie-green-mediniai-neriniai-mokytis-verimo","status":"publish","type":"product","link":"https:\/\/kidsplay.lt\/lv\/products\/woopie-green-mediniai-neriniai-mokytis-verimo\/","title":{"rendered":"WOOPIE GREEN koka me\u017e\u0123\u012bnes tambor\u0113\u0161anas apguvei"},"content":{"rendered":"<p>Mediniai batrai\u0161\u010diai 5 viename &#8211; mokykis ir \u017eaisk su WOOPIE GREEN!<br \/>\nWOOPIE\u00a0GREEN\u00a05 viename mediniai si\u016bl\u0173 v\u0117rimo gyv\u016bnai\u00a0yra \u017eavus ir lavinamasis rinkinys, kuris nukelia vaikus \u012f k\u016brybini\u0173 \u017eaidim\u0173 pasaul\u012f. Spalvingi mediniai gyv\u016bnai su si\u016bl\u0173 v\u0117rimo skylut\u0117mis skatina ma\u017eylius lavinti rank\u0173 miklum\u0105 ir smulki\u0105j\u0105 motorik\u0105.\u00a0Papildomas privalumas \u2013 jie gali \u201eprisi\u016bti\u201c detales\u00a0prie kiekvieno gyv\u016bno \u2013\u00a0puiki \u012f\u017eanga \u012f ra\u0161ymo ir darbo su ma\u017eais objektais mokym\u0105si.\u00a0Rinkinys pagamintas i\u0161 auk\u0161tos kokyb\u0117s medienos ir da\u017eytas netoksi\u0161kais da\u017eais, tod\u0117l yra visi\u0161kai saugus vaikams.\u00a0Puikiai tinka ma\u017eoms rankyt\u0117ms ir didelei vaizduotei!<br \/>\nRakstur\u012bgs:<\/p>\n<p>&#8211; \u017eaislas, skirtas vaikams nuo\u00a03 met\u0173 am\u017eiaus<br \/>\n&#8211; rinkin\u012f sudaro net 20 element\u0173<br \/>\n&#8211;\u00a0puikus pasiruo\u0161imas mokytis ra\u0161yti<br \/>\n&#8211; pagaminta i\u0161 med\u017eio, da\u017eyta netoksi\u0161kais da\u017eais ir lakais<br \/>\n&#8211; produktas yra 100\u00a0% saugus\u00a0vaikams<\/p>\n<p>Komplekt\u0101 ietilpst:<\/p>\n<p>&#8211; 5 mediniai gyv\u016bnai: me\u0161kiukas, li\u016btas, krokodilas, kiaul\u0117 ir lap\u0117<br \/>\n&#8211; 5 elementai, kuriuos galima \u201eprisi\u016bti\u201c<br \/>\n&#8211; 5 spalvingos virvel\u0117s v\u0117rimui<\/p>\n<p>Rota\u013clieta att\u012bst\u0101s:<\/p>\n<p>&#8211; Motoriniai \u012fg\u016bd\u017eiai\u00a0\u2013 element\u0173 judinimas ir manipuliavimas padeda vystytis ma\u017eiems rank\u0173 ir pir\u0161t\u0173 raumenims, paruo\u0161iant vaik\u0105 ra\u0161ymo mokymuisi.<br \/>\n&#8211; Vikrumas\u00a0\u2013 tiksl\u016bs si\u016blo \u012fv\u0117rimo judesiai lavina rank\u0173 miklum\u0105 ir aki\u0173 bei rank\u0173 koordinacij\u0105<br \/>\n&#8211; K\u016brybi\u0161kumas\u00a0\u2013 vaikas gali laisvai rinktis spalvas ir derinti elementus, kurdamas savo derinius<br \/>\n&#8211; Spalv\u0173 ir gyv\u016bn\u0173 atpa\u017einimas\u00a0\u2013 \u017eaidimas su rinkiniu padeda j\u016bs\u0173 ma\u017eyliui i\u0161mokti spalv\u0173 ir gyv\u016bn\u0173 pavadinimus bei lavinti pa\u017eintinius ir kalbinius \u012fg\u016bd\u017eius<\/p>","protected":false},"excerpt":{"rendered":"<p>Mediniai batrai\u0161\u010diai 5 viename &#8211; mokykis ir \u017eaisk su WOOPIE GREEN! WOOPIE\u00a0GREEN\u00a05 viename mediniai si\u016bl\u0173 v\u0117rimo gyv\u016bnai\u00a0yra \u017eavus ir lavinamasis<\/p>","protected":false},"featured_media":79217,"template":"","meta":{"_acf_changed":false,"_glsr_average":0,"_glsr_ranking":0,"_glsr_reviews":0},"product_brand":[],"product_cat":[884,883,229],"product_tag":[],"class_list":{"0":"post-79215","1":"product","2":"type-product","3":"status-publish","4":"has-post-thumbnail","6":"product_cat-edukaciniai-lavinamieji-mediniai-zaislai","7":"product_cat-mediniai-zaislai-2","8":"product_cat-zaislai-vaikams","9":"\"style=\"background-color: #2ecc711c;\"","11":"first","12":"instock","13":"purchasable","14":"product-type-simple"},"acf":[],"yoast_head":"<!-- This site is optimized with the Yoast SEO plugin v27.4 - https:\/\/yoast.com\/product\/yoast-seo-wordpress\/ -->\n<title>WOOPIE GREEN mediniai n\u0117riniai mokytis v\u0117rimo<\/title>\n<meta name=\"description\" content=\"WOOPIE GREEN mediniai n\u0117riniai 5 viename gyv\u016bnai si\u016blams v\u0117rti - KidsPlay. Did\u017eiausias vaik\u0173 \u017eaisl\u0173 pasirinkimas.\" \/>\n<meta name=\"robots\" content=\"index, follow, max-snippet:-1, max-image-preview:large, max-video-preview:-1\" \/>\n<link rel=\"canonical\" href=\"https:\/\/kidsplay.lt\/lv\/products\/woopie-green-mediniai-neriniai-mokytis-verimo\/\" \/>\n<meta property=\"og:locale\" content=\"lv_LV\" \/>\n<meta property=\"og:type\" content=\"article\" \/>\n<meta property=\"og:title\" content=\"WOOPIE GREEN mediniai n\u0117riniai mokytis v\u0117rimo\" \/>\n<meta property=\"og:description\" content=\"WOOPIE GREEN mediniai n\u0117riniai 5 viename gyv\u016bnai si\u016blams v\u0117rti - KidsPlay. Did\u017eiausias vaik\u0173 \u017eaisl\u0173 pasirinkimas.\" \/>\n<meta property=\"og:url\" content=\"https:\/\/kidsplay.lt\/lv\/products\/woopie-green-mediniai-neriniai-mokytis-verimo\/\" \/>\n<meta property=\"og:site_name\" content=\"KidsPlay\" \/>\n<meta property=\"article:publisher\" content=\"https:\/\/www.facebook.com\/www.kidsplay.lt\" \/>\n<meta property=\"article:modified_time\" content=\"2026-04-20T05:20:40+00:00\" \/>\n<meta property=\"og:image\" content=\"https:\/\/kidsplay.lt\/wp-content\/uploads\/2025\/10\/WOOPIE-GREEN-mediniai-neriniai-5-viename-gyvunai-siulams-verti.jpg\" \/>\n\t<meta property=\"og:image:width\" content=\"2000\" \/>\n\t<meta property=\"og:image:height\" content=\"2000\" \/>\n\t<meta property=\"og:image:type\" content=\"image\/jpeg\" \/>\n<meta name=\"twitter:card\" content=\"summary_large_image\" \/>\n<meta name=\"twitter:label1\" content=\"Est. reading time\" \/>\n\t<meta name=\"twitter:data1\" content=\"2 min\u016btes\" \/>\n<script type=\"application\/ld+json\" class=\"yoast-schema-graph\">{\"@context\":\"https:\\\/\\\/schema.org\",\"@graph\":[{\"@type\":\"WebPage\",\"@id\":\"https:\\\/\\\/kidsplay.lt\\\/produktas\\\/woopie-green-mediniai-neriniai-mokytis-verimo\\\/\",\"url\":\"https:\\\/\\\/kidsplay.lt\\\/produktas\\\/woopie-green-mediniai-neriniai-mokytis-verimo\\\/\",\"name\":\"WOOPIE GREEN mediniai n\u0117riniai mokytis v\u0117rimo\",\"isPartOf\":{\"@id\":\"https:\\\/\\\/kidsplay.lt\\\/#website\"},\"primaryImageOfPage\":{\"@id\":\"https:\\\/\\\/kidsplay.lt\\\/produktas\\\/woopie-green-mediniai-neriniai-mokytis-verimo\\\/#primaryimage\"},\"image\":{\"@id\":\"https:\\\/\\\/kidsplay.lt\\\/produktas\\\/woopie-green-mediniai-neriniai-mokytis-verimo\\\/#primaryimage\"},\"thumbnailUrl\":\"https:\\\/\\\/kidsplay.lt\\\/wp-content\\\/uploads\\\/2025\\\/10\\\/WOOPIE-GREEN-mediniai-neriniai-5-viename-gyvunai-siulams-verti.jpg\",\"datePublished\":\"2025-10-27T16:19:24+00:00\",\"dateModified\":\"2026-04-20T05:20:40+00:00\",\"description\":\"WOOPIE GREEN mediniai n\u0117riniai 5 viename gyv\u016bnai si\u016blams v\u0117rti - KidsPlay. Did\u017eiausias vaik\u0173 \u017eaisl\u0173 pasirinkimas.\",\"breadcrumb\":{\"@id\":\"https:\\\/\\\/kidsplay.lt\\\/produktas\\\/woopie-green-mediniai-neriniai-mokytis-verimo\\\/#breadcrumb\"},\"inLanguage\":\"lv-LV\",\"potentialAction\":[{\"@type\":\"ReadAction\",\"target\":[\"https:\\\/\\\/kidsplay.lt\\\/produktas\\\/woopie-green-mediniai-neriniai-mokytis-verimo\\\/\"]}]},{\"@type\":\"ImageObject\",\"inLanguage\":\"lv-LV\",\"@id\":\"https:\\\/\\\/kidsplay.lt\\\/produktas\\\/woopie-green-mediniai-neriniai-mokytis-verimo\\\/#primaryimage\",\"url\":\"https:\\\/\\\/kidsplay.lt\\\/wp-content\\\/uploads\\\/2025\\\/10\\\/WOOPIE-GREEN-mediniai-neriniai-5-viename-gyvunai-siulams-verti.jpg\",\"contentUrl\":\"https:\\\/\\\/kidsplay.lt\\\/wp-content\\\/uploads\\\/2025\\\/10\\\/WOOPIE-GREEN-mediniai-neriniai-5-viename-gyvunai-siulams-verti.jpg\",\"width\":2000,\"height\":2000,\"caption\":\"WOOPIE GREEN mediniai n\u0117riniai 5 viename gyv\u016bnai si\u016blams v\u0117rti\"},{\"@type\":\"BreadcrumbList\",\"@id\":\"https:\\\/\\\/kidsplay.lt\\\/produktas\\\/woopie-green-mediniai-neriniai-mokytis-verimo\\\/#breadcrumb\",\"itemListElement\":[{\"@type\":\"ListItem\",\"position\":1,\"name\":\"Pagrindinis\",\"item\":\"https:\\\/\\\/kidsplay.lt\\\/\"},{\"@type\":\"ListItem\",\"position\":2,\"name\":\"Parduotuv\u0117\",\"item\":\"https:\\\/\\\/kidsplay.lt\\\/parduotuve\\\/\"},{\"@type\":\"ListItem\",\"position\":3,\"name\":\"WOOPIE GREEN mediniai n\u0117riniai mokytis v\u0117rimo\"}]},{\"@type\":\"WebSite\",\"@id\":\"https:\\\/\\\/kidsplay.lt\\\/#website\",\"url\":\"https:\\\/\\\/kidsplay.lt\\\/\",\"name\":\"Kidsplay.lt\",\"description\":\"\u012evairios prek\u0117s vaikams\",\"publisher\":{\"@id\":\"https:\\\/\\\/kidsplay.lt\\\/#organization\"},\"alternateName\":\"Kidsplay\",\"potentialAction\":[{\"@type\":\"SearchAction\",\"target\":{\"@type\":\"EntryPoint\",\"urlTemplate\":\"https:\\\/\\\/kidsplay.lt\\\/?s={search_term_string}\"},\"query-input\":{\"@type\":\"PropertyValueSpecification\",\"valueRequired\":true,\"valueName\":\"search_term_string\"}}],\"inLanguage\":\"lv-LV\"},{\"@type\":\"Organization\",\"@id\":\"https:\\\/\\\/kidsplay.lt\\\/#organization\",\"name\":\"KidsPlay\",\"url\":\"https:\\\/\\\/kidsplay.lt\\\/\",\"logo\":{\"@type\":\"ImageObject\",\"inLanguage\":\"lv-LV\",\"@id\":\"https:\\\/\\\/kidsplay.lt\\\/#\\\/schema\\\/logo\\\/image\\\/\",\"url\":\"https:\\\/\\\/kidsplay.lt\\\/wp-content\\\/uploads\\\/2023\\\/07\\\/kidsplay-logo.png\",\"contentUrl\":\"https:\\\/\\\/kidsplay.lt\\\/wp-content\\\/uploads\\\/2023\\\/07\\\/kidsplay-logo.png\",\"width\":451,\"height\":98,\"caption\":\"KidsPlay\"},\"image\":{\"@id\":\"https:\\\/\\\/kidsplay.lt\\\/#\\\/schema\\\/logo\\\/image\\\/\"},\"sameAs\":[\"https:\\\/\\\/www.facebook.com\\\/www.kidsplay.lt\"]}]}<\/script>\n<!-- \/ Yoast SEO plugin. -->","yoast_head_json":{"title":"WOOPIE GREEN koka me\u017e\u0123\u012bnes tambor\u0113\u0161anas apguvei","description":"WOOPIE GREEN mediniai n\u0117riniai 5 viename gyv\u016bnai si\u016blams v\u0117rti - KidsPlay. Did\u017eiausias vaik\u0173 \u017eaisl\u0173 pasirinkimas.","robots":{"index":"index","follow":"follow","max-snippet":"max-snippet:-1","max-image-preview":"max-image-preview:large","max-video-preview":"max-video-preview:-1"},"canonical":"https:\/\/kidsplay.lt\/lv\/products\/woopie-green-mediniai-neriniai-mokytis-verimo\/","og_locale":"lv_LV","og_type":"article","og_title":"WOOPIE GREEN mediniai n\u0117riniai mokytis v\u0117rimo","og_description":"WOOPIE GREEN mediniai n\u0117riniai 5 viename gyv\u016bnai si\u016blams v\u0117rti - KidsPlay. Did\u017eiausias vaik\u0173 \u017eaisl\u0173 pasirinkimas.","og_url":"https:\/\/kidsplay.lt\/lv\/products\/woopie-green-mediniai-neriniai-mokytis-verimo\/","og_site_name":"KidsPlay","article_publisher":"https:\/\/www.facebook.com\/www.kidsplay.lt","article_modified_time":"2026-04-20T05:20:40+00:00","og_image":[{"width":2000,"height":2000,"url":"https:\/\/kidsplay.lt\/wp-content\/uploads\/2025\/10\/WOOPIE-GREEN-mediniai-neriniai-5-viename-gyvunai-siulams-verti.jpg","type":"image\/jpeg"}],"twitter_card":"summary_large_image","twitter_misc":{"Est. reading time":"2 min\u016btes"},"schema":{"@context":"https:\/\/schema.org","@graph":[{"@type":"WebPage","@id":"https:\/\/kidsplay.lt\/produktas\/woopie-green-mediniai-neriniai-mokytis-verimo\/","url":"https:\/\/kidsplay.lt\/produktas\/woopie-green-mediniai-neriniai-mokytis-verimo\/","name":"WOOPIE GREEN koka me\u017e\u0123\u012bnes tambor\u0113\u0161anas apguvei","isPartOf":{"@id":"https:\/\/kidsplay.lt\/#website"},"primaryImageOfPage":{"@id":"https:\/\/kidsplay.lt\/produktas\/woopie-green-mediniai-neriniai-mokytis-verimo\/#primaryimage"},"image":{"@id":"https:\/\/kidsplay.lt\/produktas\/woopie-green-mediniai-neriniai-mokytis-verimo\/#primaryimage"},"thumbnailUrl":"https:\/\/kidsplay.lt\/wp-content\/uploads\/2025\/10\/WOOPIE-GREEN-mediniai-neriniai-5-viename-gyvunai-siulams-verti.jpg","datePublished":"2025-10-27T16:19:24+00:00","dateModified":"2026-04-20T05:20:40+00:00","description":"WOOPIE GREEN mediniai n\u0117riniai 5 viename gyv\u016bnai si\u016blams v\u0117rti - KidsPlay. Did\u017eiausias vaik\u0173 \u017eaisl\u0173 pasirinkimas.","breadcrumb":{"@id":"https:\/\/kidsplay.lt\/produktas\/woopie-green-mediniai-neriniai-mokytis-verimo\/#breadcrumb"},"inLanguage":"lv-LV","potentialAction":[{"@type":"ReadAction","target":["https:\/\/kidsplay.lt\/produktas\/woopie-green-mediniai-neriniai-mokytis-verimo\/"]}]},{"@type":"ImageObject","inLanguage":"lv-LV","@id":"https:\/\/kidsplay.lt\/produktas\/woopie-green-mediniai-neriniai-mokytis-verimo\/#primaryimage","url":"https:\/\/kidsplay.lt\/wp-content\/uploads\/2025\/10\/WOOPIE-GREEN-mediniai-neriniai-5-viename-gyvunai-siulams-verti.jpg","contentUrl":"https:\/\/kidsplay.lt\/wp-content\/uploads\/2025\/10\/WOOPIE-GREEN-mediniai-neriniai-5-viename-gyvunai-siulams-verti.jpg","width":2000,"height":2000,"caption":"WOOPIE GREEN mediniai n\u0117riniai 5 viename gyv\u016bnai si\u016blams v\u0117rti"},{"@type":"BreadcrumbList","@id":"https:\/\/kidsplay.lt\/produktas\/woopie-green-mediniai-neriniai-mokytis-verimo\/#breadcrumb","itemListElement":[{"@type":"ListItem","position":1,"name":"Pagrindinis","item":"https:\/\/kidsplay.lt\/"},{"@type":"ListItem","position":2,"name":"Parduotuv\u0117","item":"https:\/\/kidsplay.lt\/parduotuve\/"},{"@type":"ListItem","position":3,"name":"WOOPIE GREEN mediniai n\u0117riniai mokytis v\u0117rimo"}]},{"@type":"WebSite","@id":"https:\/\/kidsplay.lt\/#website","url":"https:\/\/kidsplay.lt\/","name":"B\u0113rnu sp\u0113les.lv","description":"\u012evairios prek\u0117s vaikams","publisher":{"@id":"https:\/\/kidsplay.lt\/#organization"},"alternateName":"Kidsplay","potentialAction":[{"@type":"SearchAction","target":{"@type":"EntryPoint","urlTemplate":"https:\/\/kidsplay.lt\/?s={search_term_string}"},"query-input":{"@type":"PropertyValueSpecification","valueRequired":true,"valueName":"search_term_string"}}],"inLanguage":"lv-LV"},{"@type":"Organization","@id":"https:\/\/kidsplay.lt\/#organization","name":"B\u0113rnu sp\u0113le","url":"https:\/\/kidsplay.lt\/","logo":{"@type":"ImageObject","inLanguage":"lv-LV","@id":"https:\/\/kidsplay.lt\/#\/schema\/logo\/image\/","url":"https:\/\/kidsplay.lt\/wp-content\/uploads\/2023\/07\/kidsplay-logo.png","contentUrl":"https:\/\/kidsplay.lt\/wp-content\/uploads\/2023\/07\/kidsplay-logo.png","width":451,"height":98,"caption":"KidsPlay"},"image":{"@id":"https:\/\/kidsplay.lt\/#\/schema\/logo\/image\/"},"sameAs":["https:\/\/www.facebook.com\/www.kidsplay.lt"]}]}},"_links":{"self":[{"href":"https:\/\/kidsplay.lt\/lv\/wp-json\/wp\/v2\/product\/79215","targetHints":{"allow":["GET"]}}],"collection":[{"href":"https:\/\/kidsplay.lt\/lv\/wp-json\/wp\/v2\/product"}],"about":[{"href":"https:\/\/kidsplay.lt\/lv\/wp-json\/wp\/v2\/types\/product"}],"version-history":[{"count":3,"href":"https:\/\/kidsplay.lt\/lv\/wp-json\/wp\/v2\/product\/79215\/revisions"}],"predecessor-version":[{"id":83538,"href":"https:\/\/kidsplay.lt\/lv\/wp-json\/wp\/v2\/product\/79215\/revisions\/83538"}],"wp:featuredmedia":[{"embeddable":true,"href":"https:\/\/kidsplay.lt\/lv\/wp-json\/wp\/v2\/media\/79217"}],"wp:attachment":[{"href":"https:\/\/kidsplay.lt\/lv\/wp-json\/wp\/v2\/media?parent=79215"}],"wp:term":[{"taxonomy":"product_brand","embeddable":true,"href":"https:\/\/kidsplay.lt\/lv\/wp-json\/wp\/v2\/product_brand?post=79215"},{"taxonomy":"product_cat","embeddable":true,"href":"https:\/\/kidsplay.lt\/lv\/wp-json\/wp\/v2\/product_cat?post=79215"},{"taxonomy":"product_tag","embeddable":true,"href":"https:\/\/kidsplay.lt\/lv\/wp-json\/wp\/v2\/product_tag?post=79215"}],"curies":[{"name":"wp","href":"https:\/\/api.w.org\/{rel}","templated":true}]}}