{"id":79240,"date":"2025-10-27T18:22:29","date_gmt":"2025-10-27T16:22:29","guid":{"rendered":"https:\/\/kidsplay.lt\/produktas\/masterkidz-montessori-skonio-pojucio-ugdymo-taryba\/"},"modified":"2026-04-07T10:30:02","modified_gmt":"2026-04-07T07:30:02","slug":"masterkidz-montessori-skonio-pojucio-ugdymo-taryba","status":"publish","type":"product","link":"https:\/\/kidsplay.lt\/lv\/products\/masterkidz-montessori-skonio-pojucio-ugdymo-taryba\/","title":{"rendered":"MASTERKIDZ Montessori skonio poj\u016b\u010dio ugdymo taryba"},"content":{"rendered":"<p>\u201eMasterkidz\u201c lavinamosios lentos\u00a0\u00a0leid\u017eia vaikams lavinti daug \u012fg\u016bd\u017ei\u0173 vienu metu. Kiekviena lenta moko vaikus, kaip funkcionuoti visuomen\u0117je, pasitelkdama \u012fvairias \u012fdomias temas, ir leid\u017eia jiems tyrin\u0117ti juos supant\u012f pasaul\u012f. Galime tur\u0117ti kelias lentas ir jas lengvai keisti, o special\u016bs r\u0117meliai puikiai laiko lent\u0105 prie sienos.\u00a0<\/p>\n<p>Rakstur\u012bgs:<\/p>\n<p> \t\u2013 Galime tur\u0117ti kelias lentas ir jas lengvai pakeisti, o special\u016bs r\u0117mai puikiai laiko lent\u0105 prie sienos.\u00a0<br \/>\n \t&#8211; Lent\u0105 taip pat galima naudoti be r\u0117mo, pvz., ant stalo ar grind\u0173<br \/>\n \t&#8211; lenta rodo vaikams,\u00a0\u00a0kaip m\u016bs\u0173 k\u016bnas atpa\u017e\u012fsta skonius<br \/>\n \t&#8211; vaikai su\u017eino, kad\u00a0\u00a0m\u016bs\u0173 lie\u017euvis atpa\u017e\u012fsta keturis skonius ir kuri lie\u017euvio dalis yra atsakinga u\u017e kiekvien\u0105 skon\u012f\u00a0\u00a0&#8211; specialios lazdel\u0117s d\u0117ka vaikai perkelia skirtingus produktus \u012f tam tikr\u0105 lie\u017euvio viet\u0105<br \/>\n \t&#8211; kair\u0117je lentos pus\u0117je &#8211; vaikas turi\u00a0\u00a0suskirstyti dalykus, kuriuos \u017emogus gali i\u0161bandyti ir paragauti, ir tuos, kuri\u0173 negalima i\u0161bandyti<br \/>\n \t&#8211; lentos d\u0117ka vaikas taip pat i\u0161moks saugoti skonio poj\u016bt\u012f \u2013\u00a0\u00a0vengti kar\u0161to maisto, laikyti lie\u017euv\u012f atokiau nuo a\u0161tri\u0173 daikt\u0173 ir valytis dantis<\/p>\n<p>Rota\u013clieta att\u012bst\u0101s:<\/p>\n<p> \t&#8211; motoriniai \u012fg\u016bd\u017eiai<br \/>\n \t&#8211; sensorinis<br \/>\n \t&#8211; aki\u0173-rank\u0173 koordinacija<br \/>\n \t&#8211; vaizduot\u0117<br \/>\n \t&#8211; koncentracija<br \/>\n \t&#8211; smalsumas<\/p>","protected":false},"excerpt":{"rendered":"<p>\u201eMasterkidz\u201c lavinamosios lentos\u00a0\u00a0leid\u017eia vaikams lavinti daug \u012fg\u016bd\u017ei\u0173 vienu metu. Kiekviena lenta moko vaikus, kaip funkcionuoti visuomen\u0117je, pasitelkdama \u012fvairias \u012fdomias temas,<\/p>","protected":false},"featured_media":79242,"template":"","meta":{"_acf_changed":false,"_glsr_average":0,"_glsr_ranking":0,"_glsr_reviews":0},"product_brand":[],"product_cat":[673,229],"product_tag":[],"class_list":{"0":"post-79240","1":"product","2":"type-product","3":"status-publish","4":"has-post-thumbnail","6":"product_cat-ugdomosios-priemones","7":"product_cat-zaislai-vaikams","8":"\"style=\"background-color: #2ecc711c;\"","10":"first","11":"instock","12":"purchasable","13":"product-type-simple"},"acf":[],"yoast_head":"<!-- This site is optimized with the Yoast SEO plugin v27.3 - https:\/\/yoast.com\/product\/yoast-seo-wordpress\/ -->\n<title>MASTERKIDZ Montessori skonio poj\u016b\u010dio ugdymo taryba<\/title>\n<meta name=\"description\" content=\"MASTERKIDZ Montessori skonio poj\u016b\u010dio ugdymo taryba - KidsPlay. Did\u017eiausias vaik\u0173 \u017eaisl\u0173 pasirinkimas.\" \/>\n<meta name=\"robots\" content=\"index, follow, max-snippet:-1, max-image-preview:large, max-video-preview:-1\" \/>\n<link rel=\"canonical\" href=\"https:\/\/kidsplay.lt\/lv\/products\/masterkidz-montessori-skonio-pojucio-ugdymo-taryba\/\" \/>\n<meta property=\"og:locale\" content=\"lv_LV\" \/>\n<meta property=\"og:type\" content=\"article\" \/>\n<meta property=\"og:title\" content=\"MASTERKIDZ Montessori skonio poj\u016b\u010dio ugdymo taryba\" \/>\n<meta property=\"og:description\" content=\"MASTERKIDZ Montessori skonio poj\u016b\u010dio ugdymo taryba - KidsPlay. Did\u017eiausias vaik\u0173 \u017eaisl\u0173 pasirinkimas.\" \/>\n<meta property=\"og:url\" content=\"https:\/\/kidsplay.lt\/lv\/products\/masterkidz-montessori-skonio-pojucio-ugdymo-taryba\/\" \/>\n<meta property=\"og:site_name\" content=\"KidsPlay\" \/>\n<meta property=\"article:publisher\" content=\"https:\/\/www.facebook.com\/www.kidsplay.lt\" \/>\n<meta property=\"article:modified_time\" content=\"2026-04-07T07:30:02+00:00\" \/>\n<meta property=\"og:image\" content=\"https:\/\/kidsplay.lt\/wp-content\/uploads\/2025\/10\/MASTERKIDZ-Montessori-skonio-pojucio-ugdymo-taryba-800x800.jpg\" \/>\n\t<meta property=\"og:image:width\" content=\"800\" \/>\n\t<meta property=\"og:image:height\" content=\"800\" \/>\n\t<meta property=\"og:image:type\" content=\"image\/jpeg\" \/>\n<meta name=\"twitter:card\" content=\"summary_large_image\" \/>\n<meta name=\"twitter:label1\" content=\"Est. reading time\" \/>\n\t<meta name=\"twitter:data1\" content=\"1 min\u016bte\" \/>\n<script type=\"application\/ld+json\" class=\"yoast-schema-graph\">{\"@context\":\"https:\\\/\\\/schema.org\",\"@graph\":[{\"@type\":\"WebPage\",\"@id\":\"https:\\\/\\\/kidsplay.lt\\\/produktas\\\/masterkidz-montessori-skonio-pojucio-ugdymo-taryba\\\/\",\"url\":\"https:\\\/\\\/kidsplay.lt\\\/produktas\\\/masterkidz-montessori-skonio-pojucio-ugdymo-taryba\\\/\",\"name\":\"MASTERKIDZ Montessori skonio poj\u016b\u010dio ugdymo taryba\",\"isPartOf\":{\"@id\":\"https:\\\/\\\/kidsplay.lt\\\/#website\"},\"primaryImageOfPage\":{\"@id\":\"https:\\\/\\\/kidsplay.lt\\\/produktas\\\/masterkidz-montessori-skonio-pojucio-ugdymo-taryba\\\/#primaryimage\"},\"image\":{\"@id\":\"https:\\\/\\\/kidsplay.lt\\\/produktas\\\/masterkidz-montessori-skonio-pojucio-ugdymo-taryba\\\/#primaryimage\"},\"thumbnailUrl\":\"https:\\\/\\\/kidsplay.lt\\\/wp-content\\\/uploads\\\/2025\\\/10\\\/MASTERKIDZ-Montessori-skonio-pojucio-ugdymo-taryba.jpg\",\"datePublished\":\"2025-10-27T16:22:29+00:00\",\"dateModified\":\"2026-04-07T07:30:02+00:00\",\"description\":\"MASTERKIDZ Montessori skonio poj\u016b\u010dio ugdymo taryba - KidsPlay. Did\u017eiausias vaik\u0173 \u017eaisl\u0173 pasirinkimas.\",\"breadcrumb\":{\"@id\":\"https:\\\/\\\/kidsplay.lt\\\/produktas\\\/masterkidz-montessori-skonio-pojucio-ugdymo-taryba\\\/#breadcrumb\"},\"inLanguage\":\"lv-LV\",\"potentialAction\":[{\"@type\":\"ReadAction\",\"target\":[\"https:\\\/\\\/kidsplay.lt\\\/produktas\\\/masterkidz-montessori-skonio-pojucio-ugdymo-taryba\\\/\"]}]},{\"@type\":\"ImageObject\",\"inLanguage\":\"lv-LV\",\"@id\":\"https:\\\/\\\/kidsplay.lt\\\/produktas\\\/masterkidz-montessori-skonio-pojucio-ugdymo-taryba\\\/#primaryimage\",\"url\":\"https:\\\/\\\/kidsplay.lt\\\/wp-content\\\/uploads\\\/2025\\\/10\\\/MASTERKIDZ-Montessori-skonio-pojucio-ugdymo-taryba.jpg\",\"contentUrl\":\"https:\\\/\\\/kidsplay.lt\\\/wp-content\\\/uploads\\\/2025\\\/10\\\/MASTERKIDZ-Montessori-skonio-pojucio-ugdymo-taryba.jpg\",\"width\":2500,\"height\":2500,\"caption\":\"MASTERKIDZ Montessori skonio poj\u016b\u010dio ugdymo taryba\"},{\"@type\":\"BreadcrumbList\",\"@id\":\"https:\\\/\\\/kidsplay.lt\\\/produktas\\\/masterkidz-montessori-skonio-pojucio-ugdymo-taryba\\\/#breadcrumb\",\"itemListElement\":[{\"@type\":\"ListItem\",\"position\":1,\"name\":\"Pagrindinis\",\"item\":\"https:\\\/\\\/kidsplay.lt\\\/\"},{\"@type\":\"ListItem\",\"position\":2,\"name\":\"Parduotuv\u0117\",\"item\":\"https:\\\/\\\/kidsplay.lt\\\/parduotuve\\\/\"},{\"@type\":\"ListItem\",\"position\":3,\"name\":\"MASTERKIDZ Montessori skonio poj\u016b\u010dio ugdymo taryba\"}]},{\"@type\":\"WebSite\",\"@id\":\"https:\\\/\\\/kidsplay.lt\\\/#website\",\"url\":\"https:\\\/\\\/kidsplay.lt\\\/\",\"name\":\"Kidsplay.lt\",\"description\":\"\u012evairios prek\u0117s vaikams\",\"publisher\":{\"@id\":\"https:\\\/\\\/kidsplay.lt\\\/#organization\"},\"alternateName\":\"Kidsplay\",\"potentialAction\":[{\"@type\":\"SearchAction\",\"target\":{\"@type\":\"EntryPoint\",\"urlTemplate\":\"https:\\\/\\\/kidsplay.lt\\\/?s={search_term_string}\"},\"query-input\":{\"@type\":\"PropertyValueSpecification\",\"valueRequired\":true,\"valueName\":\"search_term_string\"}}],\"inLanguage\":\"lv-LV\"},{\"@type\":\"Organization\",\"@id\":\"https:\\\/\\\/kidsplay.lt\\\/#organization\",\"name\":\"KidsPlay\",\"url\":\"https:\\\/\\\/kidsplay.lt\\\/\",\"logo\":{\"@type\":\"ImageObject\",\"inLanguage\":\"lv-LV\",\"@id\":\"https:\\\/\\\/kidsplay.lt\\\/#\\\/schema\\\/logo\\\/image\\\/\",\"url\":\"https:\\\/\\\/kidsplay.lt\\\/wp-content\\\/uploads\\\/2023\\\/07\\\/kidsplay-logo.png\",\"contentUrl\":\"https:\\\/\\\/kidsplay.lt\\\/wp-content\\\/uploads\\\/2023\\\/07\\\/kidsplay-logo.png\",\"width\":451,\"height\":98,\"caption\":\"KidsPlay\"},\"image\":{\"@id\":\"https:\\\/\\\/kidsplay.lt\\\/#\\\/schema\\\/logo\\\/image\\\/\"},\"sameAs\":[\"https:\\\/\\\/www.facebook.com\\\/www.kidsplay.lt\"]}]}<\/script>\n<!-- \/ Yoast SEO plugin. -->","yoast_head_json":{"title":"MASTERKIDZ Montessori skonio poj\u016b\u010dio ugdymo taryba","description":"MASTERKIDZ Montessori skonio poj\u016b\u010dio ugdymo taryba - KidsPlay. Did\u017eiausias vaik\u0173 \u017eaisl\u0173 pasirinkimas.","robots":{"index":"index","follow":"follow","max-snippet":"max-snippet:-1","max-image-preview":"max-image-preview:large","max-video-preview":"max-video-preview:-1"},"canonical":"https:\/\/kidsplay.lt\/lv\/products\/masterkidz-montessori-skonio-pojucio-ugdymo-taryba\/","og_locale":"lv_LV","og_type":"article","og_title":"MASTERKIDZ Montessori skonio poj\u016b\u010dio ugdymo taryba","og_description":"MASTERKIDZ Montessori skonio poj\u016b\u010dio ugdymo taryba - KidsPlay. Did\u017eiausias vaik\u0173 \u017eaisl\u0173 pasirinkimas.","og_url":"https:\/\/kidsplay.lt\/lv\/products\/masterkidz-montessori-skonio-pojucio-ugdymo-taryba\/","og_site_name":"KidsPlay","article_publisher":"https:\/\/www.facebook.com\/www.kidsplay.lt","article_modified_time":"2026-04-07T07:30:02+00:00","og_image":[{"width":800,"height":800,"url":"https:\/\/kidsplay.lt\/wp-content\/uploads\/2025\/10\/MASTERKIDZ-Montessori-skonio-pojucio-ugdymo-taryba-800x800.jpg","type":"image\/jpeg"}],"twitter_card":"summary_large_image","twitter_misc":{"Est. reading time":"1 min\u016bte"},"schema":{"@context":"https:\/\/schema.org","@graph":[{"@type":"WebPage","@id":"https:\/\/kidsplay.lt\/produktas\/masterkidz-montessori-skonio-pojucio-ugdymo-taryba\/","url":"https:\/\/kidsplay.lt\/produktas\/masterkidz-montessori-skonio-pojucio-ugdymo-taryba\/","name":"MASTERKIDZ Montessori skonio poj\u016b\u010dio ugdymo taryba","isPartOf":{"@id":"https:\/\/kidsplay.lt\/#website"},"primaryImageOfPage":{"@id":"https:\/\/kidsplay.lt\/produktas\/masterkidz-montessori-skonio-pojucio-ugdymo-taryba\/#primaryimage"},"image":{"@id":"https:\/\/kidsplay.lt\/produktas\/masterkidz-montessori-skonio-pojucio-ugdymo-taryba\/#primaryimage"},"thumbnailUrl":"https:\/\/kidsplay.lt\/wp-content\/uploads\/2025\/10\/MASTERKIDZ-Montessori-skonio-pojucio-ugdymo-taryba.jpg","datePublished":"2025-10-27T16:22:29+00:00","dateModified":"2026-04-07T07:30:02+00:00","description":"MASTERKIDZ Montessori skonio poj\u016b\u010dio ugdymo taryba - KidsPlay. Did\u017eiausias vaik\u0173 \u017eaisl\u0173 pasirinkimas.","breadcrumb":{"@id":"https:\/\/kidsplay.lt\/produktas\/masterkidz-montessori-skonio-pojucio-ugdymo-taryba\/#breadcrumb"},"inLanguage":"lv-LV","potentialAction":[{"@type":"ReadAction","target":["https:\/\/kidsplay.lt\/produktas\/masterkidz-montessori-skonio-pojucio-ugdymo-taryba\/"]}]},{"@type":"ImageObject","inLanguage":"lv-LV","@id":"https:\/\/kidsplay.lt\/produktas\/masterkidz-montessori-skonio-pojucio-ugdymo-taryba\/#primaryimage","url":"https:\/\/kidsplay.lt\/wp-content\/uploads\/2025\/10\/MASTERKIDZ-Montessori-skonio-pojucio-ugdymo-taryba.jpg","contentUrl":"https:\/\/kidsplay.lt\/wp-content\/uploads\/2025\/10\/MASTERKIDZ-Montessori-skonio-pojucio-ugdymo-taryba.jpg","width":2500,"height":2500,"caption":"MASTERKIDZ Montessori skonio poj\u016b\u010dio ugdymo taryba"},{"@type":"BreadcrumbList","@id":"https:\/\/kidsplay.lt\/produktas\/masterkidz-montessori-skonio-pojucio-ugdymo-taryba\/#breadcrumb","itemListElement":[{"@type":"ListItem","position":1,"name":"Pagrindinis","item":"https:\/\/kidsplay.lt\/"},{"@type":"ListItem","position":2,"name":"Parduotuv\u0117","item":"https:\/\/kidsplay.lt\/parduotuve\/"},{"@type":"ListItem","position":3,"name":"MASTERKIDZ Montessori skonio poj\u016b\u010dio ugdymo taryba"}]},{"@type":"WebSite","@id":"https:\/\/kidsplay.lt\/#website","url":"https:\/\/kidsplay.lt\/","name":"B\u0113rnu sp\u0113les.lv","description":"\u012evairios prek\u0117s vaikams","publisher":{"@id":"https:\/\/kidsplay.lt\/#organization"},"alternateName":"Kidsplay","potentialAction":[{"@type":"SearchAction","target":{"@type":"EntryPoint","urlTemplate":"https:\/\/kidsplay.lt\/?s={search_term_string}"},"query-input":{"@type":"PropertyValueSpecification","valueRequired":true,"valueName":"search_term_string"}}],"inLanguage":"lv-LV"},{"@type":"Organization","@id":"https:\/\/kidsplay.lt\/#organization","name":"B\u0113rnu sp\u0113le","url":"https:\/\/kidsplay.lt\/","logo":{"@type":"ImageObject","inLanguage":"lv-LV","@id":"https:\/\/kidsplay.lt\/#\/schema\/logo\/image\/","url":"https:\/\/kidsplay.lt\/wp-content\/uploads\/2023\/07\/kidsplay-logo.png","contentUrl":"https:\/\/kidsplay.lt\/wp-content\/uploads\/2023\/07\/kidsplay-logo.png","width":451,"height":98,"caption":"KidsPlay"},"image":{"@id":"https:\/\/kidsplay.lt\/#\/schema\/logo\/image\/"},"sameAs":["https:\/\/www.facebook.com\/www.kidsplay.lt"]}]}},"_links":{"self":[{"href":"https:\/\/kidsplay.lt\/lv\/wp-json\/wp\/v2\/product\/79240","targetHints":{"allow":["GET"]}}],"collection":[{"href":"https:\/\/kidsplay.lt\/lv\/wp-json\/wp\/v2\/product"}],"about":[{"href":"https:\/\/kidsplay.lt\/lv\/wp-json\/wp\/v2\/types\/product"}],"version-history":[{"count":1,"href":"https:\/\/kidsplay.lt\/lv\/wp-json\/wp\/v2\/product\/79240\/revisions"}],"predecessor-version":[{"id":79241,"href":"https:\/\/kidsplay.lt\/lv\/wp-json\/wp\/v2\/product\/79240\/revisions\/79241"}],"wp:featuredmedia":[{"embeddable":true,"href":"https:\/\/kidsplay.lt\/lv\/wp-json\/wp\/v2\/media\/79242"}],"wp:attachment":[{"href":"https:\/\/kidsplay.lt\/lv\/wp-json\/wp\/v2\/media?parent=79240"}],"wp:term":[{"taxonomy":"product_brand","embeddable":true,"href":"https:\/\/kidsplay.lt\/lv\/wp-json\/wp\/v2\/product_brand?post=79240"},{"taxonomy":"product_cat","embeddable":true,"href":"https:\/\/kidsplay.lt\/lv\/wp-json\/wp\/v2\/product_cat?post=79240"},{"taxonomy":"product_tag","embeddable":true,"href":"https:\/\/kidsplay.lt\/lv\/wp-json\/wp\/v2\/product_tag?post=79240"}],"curies":[{"name":"wp","href":"https:\/\/api.w.org\/{rel}","templated":true}]}}