{"id":79245,"date":"2025-10-27T18:22:52","date_gmt":"2025-10-27T16:22:52","guid":{"rendered":"https:\/\/kidsplay.lt\/produktas\/tooky-toy-mediniai-igudziu-zaidimo-lankai-metyk-i-taikini-15-vnt\/"},"modified":"2026-04-13T14:52:03","modified_gmt":"2026-04-13T11:52:03","slug":"tooky-toy-medinis-ziedu-metymo-zaidimas","status":"publish","type":"product","link":"https:\/\/kidsplay.lt\/lv\/products\/tooky-toy-medinis-ziedu-metymo-zaidimas\/","title":{"rendered":"TOOKY TOY koka gredzenu me\u0161anas sp\u0113le"},"content":{"rendered":"<p>\u201e Tooky Toy\u00a0\u201c \u017eied\u0173\u00a0metimas\u00a0\u2013 tai\u00a0\u012fg\u016bd\u017ei\u0173 lavinimo \u017eaidimas\u00a0, teikiantis valand\u0173 valandas pramog\u0173 ir lavinantis aki\u0173 bei rank\u0173 koordinacij\u0105. Rinkin\u012f sudaro\u00a05 ant pagrind\u0173 pritvirtintos gyv\u016bn\u0173 fig\u016br\u0117l\u0117s\u00a0\u2013 tigras, lokys, li\u016btas, dramblys ir \u017eirafa \u2013 ir\u00a05 \u017eiedai\u00a0. Medines detales galima i\u0161d\u0117styti bet kokia konfig\u016bracija, o \u017eaid\u017eiant toliau, galite didinti sud\u0117tingum\u0105, d\u0117liodami \u017eiedus toliau vienas nuo kito, taip k\u016brybi\u0161kai susikurdami savo \u017eaidimo versij\u0105. \u017daidimas puikiai tinka \u017eaisti su draugais ir \u0161eima, skatina socialin\u0119 s\u0105veik\u0105.<\/p>\n<p>Rakstur\u012bgs:<\/p>\n<p>&#8211; \u017eaidimas vaikams\u00a0nuo 3 met\u0173<br \/>\n&#8211; rinkinyje yra\u00a015 element\u0173<br \/>\n&#8211; neribotas \u017eaid\u0117j\u0173 skai\u010dius<br \/>\n&#8211; \u017eaidim\u0105 galima \u017eaisti bet kur \u2013 namuose ir lauke<\/p>\n<p>Sp\u0113les noteikumi:<\/p>\n<p>&#8211; \u017eaidimas apima \u017eied\u0173 m\u0117tym\u0105 ant kuoliuk\u0173<br \/>\n&#8211; stov\u0105 su kuoliukais pastatome tinkamu atstumu vienas nuo kito<br \/>\n&#8211; kiekvienas i\u0161 j\u0173 turi skirting\u0105 ta\u0161k\u0173 vert\u0119<\/p>\n<p>Rota\u013clieta att\u012bst\u0101s:<\/p>\n<p>&#8211; aki\u0173-rank\u0173 koordinacija<br \/>\n&#8211; rankiniai \u012fg\u016bd\u017eiai<br \/>\n&#8211; miklumas<br \/>\n&#8211; koncentracija<br \/>\n&#8211; kantryb\u0117<\/p>","protected":false},"excerpt":{"rendered":"<p>\u201e Tooky Toy\u00a0\u201c \u017eied\u0173\u00a0metimas\u00a0\u2013 tai\u00a0\u012fg\u016bd\u017ei\u0173 lavinimo \u017eaidimas\u00a0, teikiantis valand\u0173 valandas pramog\u0173 ir lavinantis aki\u0173 bei rank\u0173 koordinacij\u0105. Rinkin\u012f sudaro\u00a05 ant<\/p>","protected":false},"featured_media":79247,"template":"","meta":{"_acf_changed":false,"_glsr_average":0,"_glsr_ranking":0,"_glsr_reviews":0},"product_brand":[],"product_cat":[406,883,229],"product_tag":[],"class_list":{"0":"post-79245","1":"product","2":"type-product","3":"status-publish","4":"has-post-thumbnail","6":"product_cat-mediniai-zaidimai","7":"product_cat-mediniai-zaislai-2","8":"product_cat-zaislai-vaikams","9":"\"style=\"background-color: #2ecc711c;\"","11":"first","12":"instock","13":"purchasable","14":"product-type-simple"},"acf":[],"yoast_head":"<!-- This site is optimized with the Yoast SEO plugin v27.4 - https:\/\/yoast.com\/product\/yoast-seo-wordpress\/ -->\n<title>TOOKY TOY Medinis \u017eied\u0173 m\u0117tymo \u017eaidimas<\/title>\n<meta name=\"description\" content=\"TOOKY TOY Mediniai \u012fg\u016bd\u017ei\u0173 \u017eaidimo lankai \u201eM\u0117tyk \u012f taikin\u012f\u201c, 15 vnt. - KidsPlay. Did\u017eiausias vaik\u0173 \u017eaisl\u0173 pasirinkimas.\" \/>\n<meta name=\"robots\" content=\"index, follow, max-snippet:-1, max-image-preview:large, max-video-preview:-1\" \/>\n<link rel=\"canonical\" href=\"https:\/\/kidsplay.lt\/lv\/products\/tooky-toy-medinis-ziedu-metymo-zaidimas\/\" \/>\n<meta property=\"og:locale\" content=\"lv_LV\" \/>\n<meta property=\"og:type\" content=\"article\" \/>\n<meta property=\"og:title\" content=\"TOOKY TOY Medinis \u017eied\u0173 m\u0117tymo \u017eaidimas\" \/>\n<meta property=\"og:description\" content=\"TOOKY TOY Mediniai \u012fg\u016bd\u017ei\u0173 \u017eaidimo lankai \u201eM\u0117tyk \u012f taikin\u012f\u201c, 15 vnt. - KidsPlay. Did\u017eiausias vaik\u0173 \u017eaisl\u0173 pasirinkimas.\" \/>\n<meta property=\"og:url\" content=\"https:\/\/kidsplay.lt\/lv\/products\/tooky-toy-medinis-ziedu-metymo-zaidimas\/\" \/>\n<meta property=\"og:site_name\" content=\"KidsPlay\" \/>\n<meta property=\"article:publisher\" content=\"https:\/\/www.facebook.com\/www.kidsplay.lt\" \/>\n<meta property=\"article:modified_time\" content=\"2026-04-13T11:52:03+00:00\" \/>\n<meta property=\"og:image\" content=\"https:\/\/kidsplay.lt\/wp-content\/uploads\/2025\/10\/TOOKY-TOY-Mediniai-igudziu-zaidimo-lankai-\u201eMetyk-i-taikini-15-vnt.jpg\" \/>\n\t<meta property=\"og:image:width\" content=\"2500\" \/>\n\t<meta property=\"og:image:height\" content=\"2500\" \/>\n\t<meta property=\"og:image:type\" content=\"image\/jpeg\" \/>\n<meta name=\"twitter:card\" content=\"summary_large_image\" \/>\n<meta name=\"twitter:label1\" content=\"Est. reading time\" \/>\n\t<meta name=\"twitter:data1\" content=\"1 min\u016bte\" \/>\n<script type=\"application\/ld+json\" class=\"yoast-schema-graph\">{\"@context\":\"https:\\\/\\\/schema.org\",\"@graph\":[{\"@type\":\"WebPage\",\"@id\":\"https:\\\/\\\/kidsplay.lt\\\/produktas\\\/tooky-toy-medinis-ziedu-metymo-zaidimas\\\/\",\"url\":\"https:\\\/\\\/kidsplay.lt\\\/produktas\\\/tooky-toy-medinis-ziedu-metymo-zaidimas\\\/\",\"name\":\"TOOKY TOY Medinis \u017eied\u0173 m\u0117tymo \u017eaidimas\",\"isPartOf\":{\"@id\":\"https:\\\/\\\/kidsplay.lt\\\/#website\"},\"primaryImageOfPage\":{\"@id\":\"https:\\\/\\\/kidsplay.lt\\\/produktas\\\/tooky-toy-medinis-ziedu-metymo-zaidimas\\\/#primaryimage\"},\"image\":{\"@id\":\"https:\\\/\\\/kidsplay.lt\\\/produktas\\\/tooky-toy-medinis-ziedu-metymo-zaidimas\\\/#primaryimage\"},\"thumbnailUrl\":\"https:\\\/\\\/kidsplay.lt\\\/wp-content\\\/uploads\\\/2025\\\/10\\\/TOOKY-TOY-Mediniai-igudziu-zaidimo-lankai-\u201eMetyk-i-taikini-15-vnt.jpg\",\"datePublished\":\"2025-10-27T16:22:52+00:00\",\"dateModified\":\"2026-04-13T11:52:03+00:00\",\"description\":\"TOOKY TOY Mediniai \u012fg\u016bd\u017ei\u0173 \u017eaidimo lankai \u201eM\u0117tyk \u012f taikin\u012f\u201c, 15 vnt. - KidsPlay. Did\u017eiausias vaik\u0173 \u017eaisl\u0173 pasirinkimas.\",\"breadcrumb\":{\"@id\":\"https:\\\/\\\/kidsplay.lt\\\/produktas\\\/tooky-toy-medinis-ziedu-metymo-zaidimas\\\/#breadcrumb\"},\"inLanguage\":\"lv-LV\",\"potentialAction\":[{\"@type\":\"ReadAction\",\"target\":[\"https:\\\/\\\/kidsplay.lt\\\/produktas\\\/tooky-toy-medinis-ziedu-metymo-zaidimas\\\/\"]}]},{\"@type\":\"ImageObject\",\"inLanguage\":\"lv-LV\",\"@id\":\"https:\\\/\\\/kidsplay.lt\\\/produktas\\\/tooky-toy-medinis-ziedu-metymo-zaidimas\\\/#primaryimage\",\"url\":\"https:\\\/\\\/kidsplay.lt\\\/wp-content\\\/uploads\\\/2025\\\/10\\\/TOOKY-TOY-Mediniai-igudziu-zaidimo-lankai-\u201eMetyk-i-taikini-15-vnt.jpg\",\"contentUrl\":\"https:\\\/\\\/kidsplay.lt\\\/wp-content\\\/uploads\\\/2025\\\/10\\\/TOOKY-TOY-Mediniai-igudziu-zaidimo-lankai-\u201eMetyk-i-taikini-15-vnt.jpg\",\"width\":2500,\"height\":2500,\"caption\":\"TOOKY TOY Mediniai \u012fg\u016bd\u017ei\u0173 \u017eaidimo lankai \u201eM\u0117tyk \u012f taikin\u012f\u201c\"},{\"@type\":\"BreadcrumbList\",\"@id\":\"https:\\\/\\\/kidsplay.lt\\\/produktas\\\/tooky-toy-medinis-ziedu-metymo-zaidimas\\\/#breadcrumb\",\"itemListElement\":[{\"@type\":\"ListItem\",\"position\":1,\"name\":\"Pagrindinis\",\"item\":\"https:\\\/\\\/kidsplay.lt\\\/\"},{\"@type\":\"ListItem\",\"position\":2,\"name\":\"Parduotuv\u0117\",\"item\":\"https:\\\/\\\/kidsplay.lt\\\/parduotuve\\\/\"},{\"@type\":\"ListItem\",\"position\":3,\"name\":\"TOOKY TOY Medinis \u017eied\u0173 m\u0117tymo \u017eaidimas\"}]},{\"@type\":\"WebSite\",\"@id\":\"https:\\\/\\\/kidsplay.lt\\\/#website\",\"url\":\"https:\\\/\\\/kidsplay.lt\\\/\",\"name\":\"Kidsplay.lt\",\"description\":\"\u012evairios prek\u0117s vaikams\",\"publisher\":{\"@id\":\"https:\\\/\\\/kidsplay.lt\\\/#organization\"},\"alternateName\":\"Kidsplay\",\"potentialAction\":[{\"@type\":\"SearchAction\",\"target\":{\"@type\":\"EntryPoint\",\"urlTemplate\":\"https:\\\/\\\/kidsplay.lt\\\/?s={search_term_string}\"},\"query-input\":{\"@type\":\"PropertyValueSpecification\",\"valueRequired\":true,\"valueName\":\"search_term_string\"}}],\"inLanguage\":\"lv-LV\"},{\"@type\":\"Organization\",\"@id\":\"https:\\\/\\\/kidsplay.lt\\\/#organization\",\"name\":\"KidsPlay\",\"url\":\"https:\\\/\\\/kidsplay.lt\\\/\",\"logo\":{\"@type\":\"ImageObject\",\"inLanguage\":\"lv-LV\",\"@id\":\"https:\\\/\\\/kidsplay.lt\\\/#\\\/schema\\\/logo\\\/image\\\/\",\"url\":\"https:\\\/\\\/kidsplay.lt\\\/wp-content\\\/uploads\\\/2023\\\/07\\\/kidsplay-logo.png\",\"contentUrl\":\"https:\\\/\\\/kidsplay.lt\\\/wp-content\\\/uploads\\\/2023\\\/07\\\/kidsplay-logo.png\",\"width\":451,\"height\":98,\"caption\":\"KidsPlay\"},\"image\":{\"@id\":\"https:\\\/\\\/kidsplay.lt\\\/#\\\/schema\\\/logo\\\/image\\\/\"},\"sameAs\":[\"https:\\\/\\\/www.facebook.com\\\/www.kidsplay.lt\"]}]}<\/script>\n<!-- \/ Yoast SEO plugin. -->","yoast_head_json":{"title":"TOOKY TOY koka gredzenu me\u0161anas sp\u0113le","description":"TOOKY TOY Mediniai \u012fg\u016bd\u017ei\u0173 \u017eaidimo lankai \u201eM\u0117tyk \u012f taikin\u012f\u201c, 15 vnt. - KidsPlay. Did\u017eiausias vaik\u0173 \u017eaisl\u0173 pasirinkimas.","robots":{"index":"index","follow":"follow","max-snippet":"max-snippet:-1","max-image-preview":"max-image-preview:large","max-video-preview":"max-video-preview:-1"},"canonical":"https:\/\/kidsplay.lt\/lv\/products\/tooky-toy-medinis-ziedu-metymo-zaidimas\/","og_locale":"lv_LV","og_type":"article","og_title":"TOOKY TOY Medinis \u017eied\u0173 m\u0117tymo \u017eaidimas","og_description":"TOOKY TOY Mediniai \u012fg\u016bd\u017ei\u0173 \u017eaidimo lankai \u201eM\u0117tyk \u012f taikin\u012f\u201c, 15 vnt. - KidsPlay. Did\u017eiausias vaik\u0173 \u017eaisl\u0173 pasirinkimas.","og_url":"https:\/\/kidsplay.lt\/lv\/products\/tooky-toy-medinis-ziedu-metymo-zaidimas\/","og_site_name":"KidsPlay","article_publisher":"https:\/\/www.facebook.com\/www.kidsplay.lt","article_modified_time":"2026-04-13T11:52:03+00:00","og_image":[{"width":2500,"height":2500,"url":"https:\/\/kidsplay.lt\/wp-content\/uploads\/2025\/10\/TOOKY-TOY-Mediniai-igudziu-zaidimo-lankai-\u201eMetyk-i-taikini-15-vnt.jpg","type":"image\/jpeg"}],"twitter_card":"summary_large_image","twitter_misc":{"Est. reading time":"1 min\u016bte"},"schema":{"@context":"https:\/\/schema.org","@graph":[{"@type":"WebPage","@id":"https:\/\/kidsplay.lt\/produktas\/tooky-toy-medinis-ziedu-metymo-zaidimas\/","url":"https:\/\/kidsplay.lt\/produktas\/tooky-toy-medinis-ziedu-metymo-zaidimas\/","name":"TOOKY TOY koka gredzenu me\u0161anas sp\u0113le","isPartOf":{"@id":"https:\/\/kidsplay.lt\/#website"},"primaryImageOfPage":{"@id":"https:\/\/kidsplay.lt\/produktas\/tooky-toy-medinis-ziedu-metymo-zaidimas\/#primaryimage"},"image":{"@id":"https:\/\/kidsplay.lt\/produktas\/tooky-toy-medinis-ziedu-metymo-zaidimas\/#primaryimage"},"thumbnailUrl":"https:\/\/kidsplay.lt\/wp-content\/uploads\/2025\/10\/TOOKY-TOY-Mediniai-igudziu-zaidimo-lankai-\u201eMetyk-i-taikini-15-vnt.jpg","datePublished":"2025-10-27T16:22:52+00:00","dateModified":"2026-04-13T11:52:03+00:00","description":"TOOKY TOY Mediniai \u012fg\u016bd\u017ei\u0173 \u017eaidimo lankai \u201eM\u0117tyk \u012f taikin\u012f\u201c, 15 vnt. - KidsPlay. Did\u017eiausias vaik\u0173 \u017eaisl\u0173 pasirinkimas.","breadcrumb":{"@id":"https:\/\/kidsplay.lt\/produktas\/tooky-toy-medinis-ziedu-metymo-zaidimas\/#breadcrumb"},"inLanguage":"lv-LV","potentialAction":[{"@type":"ReadAction","target":["https:\/\/kidsplay.lt\/produktas\/tooky-toy-medinis-ziedu-metymo-zaidimas\/"]}]},{"@type":"ImageObject","inLanguage":"lv-LV","@id":"https:\/\/kidsplay.lt\/produktas\/tooky-toy-medinis-ziedu-metymo-zaidimas\/#primaryimage","url":"https:\/\/kidsplay.lt\/wp-content\/uploads\/2025\/10\/TOOKY-TOY-Mediniai-igudziu-zaidimo-lankai-\u201eMetyk-i-taikini-15-vnt.jpg","contentUrl":"https:\/\/kidsplay.lt\/wp-content\/uploads\/2025\/10\/TOOKY-TOY-Mediniai-igudziu-zaidimo-lankai-\u201eMetyk-i-taikini-15-vnt.jpg","width":2500,"height":2500,"caption":"TOOKY TOY Mediniai \u012fg\u016bd\u017ei\u0173 \u017eaidimo lankai \u201eM\u0117tyk \u012f taikin\u012f\u201c"},{"@type":"BreadcrumbList","@id":"https:\/\/kidsplay.lt\/produktas\/tooky-toy-medinis-ziedu-metymo-zaidimas\/#breadcrumb","itemListElement":[{"@type":"ListItem","position":1,"name":"Pagrindinis","item":"https:\/\/kidsplay.lt\/"},{"@type":"ListItem","position":2,"name":"Parduotuv\u0117","item":"https:\/\/kidsplay.lt\/parduotuve\/"},{"@type":"ListItem","position":3,"name":"TOOKY TOY Medinis \u017eied\u0173 m\u0117tymo \u017eaidimas"}]},{"@type":"WebSite","@id":"https:\/\/kidsplay.lt\/#website","url":"https:\/\/kidsplay.lt\/","name":"B\u0113rnu sp\u0113les.lv","description":"\u012evairios prek\u0117s vaikams","publisher":{"@id":"https:\/\/kidsplay.lt\/#organization"},"alternateName":"Kidsplay","potentialAction":[{"@type":"SearchAction","target":{"@type":"EntryPoint","urlTemplate":"https:\/\/kidsplay.lt\/?s={search_term_string}"},"query-input":{"@type":"PropertyValueSpecification","valueRequired":true,"valueName":"search_term_string"}}],"inLanguage":"lv-LV"},{"@type":"Organization","@id":"https:\/\/kidsplay.lt\/#organization","name":"B\u0113rnu sp\u0113le","url":"https:\/\/kidsplay.lt\/","logo":{"@type":"ImageObject","inLanguage":"lv-LV","@id":"https:\/\/kidsplay.lt\/#\/schema\/logo\/image\/","url":"https:\/\/kidsplay.lt\/wp-content\/uploads\/2023\/07\/kidsplay-logo.png","contentUrl":"https:\/\/kidsplay.lt\/wp-content\/uploads\/2023\/07\/kidsplay-logo.png","width":451,"height":98,"caption":"KidsPlay"},"image":{"@id":"https:\/\/kidsplay.lt\/#\/schema\/logo\/image\/"},"sameAs":["https:\/\/www.facebook.com\/www.kidsplay.lt"]}]}},"_links":{"self":[{"href":"https:\/\/kidsplay.lt\/lv\/wp-json\/wp\/v2\/product\/79245","targetHints":{"allow":["GET"]}}],"collection":[{"href":"https:\/\/kidsplay.lt\/lv\/wp-json\/wp\/v2\/product"}],"about":[{"href":"https:\/\/kidsplay.lt\/lv\/wp-json\/wp\/v2\/types\/product"}],"version-history":[{"count":4,"href":"https:\/\/kidsplay.lt\/lv\/wp-json\/wp\/v2\/product\/79245\/revisions"}],"predecessor-version":[{"id":83571,"href":"https:\/\/kidsplay.lt\/lv\/wp-json\/wp\/v2\/product\/79245\/revisions\/83571"}],"wp:featuredmedia":[{"embeddable":true,"href":"https:\/\/kidsplay.lt\/lv\/wp-json\/wp\/v2\/media\/79247"}],"wp:attachment":[{"href":"https:\/\/kidsplay.lt\/lv\/wp-json\/wp\/v2\/media?parent=79245"}],"wp:term":[{"taxonomy":"product_brand","embeddable":true,"href":"https:\/\/kidsplay.lt\/lv\/wp-json\/wp\/v2\/product_brand?post=79245"},{"taxonomy":"product_cat","embeddable":true,"href":"https:\/\/kidsplay.lt\/lv\/wp-json\/wp\/v2\/product_cat?post=79245"},{"taxonomy":"product_tag","embeddable":true,"href":"https:\/\/kidsplay.lt\/lv\/wp-json\/wp\/v2\/product_tag?post=79245"}],"curies":[{"name":"wp","href":"https:\/\/api.w.org\/{rel}","templated":true}]}}