{"id":79250,"date":"2025-10-27T18:23:18","date_gmt":"2025-10-27T16:23:18","guid":{"rendered":"https:\/\/kidsplay.lt\/produktas\/zaislinis-medinis-traukinys-zoo-traukinys-magnetiniais-begiais-lagamine\/"},"modified":"2026-04-07T11:27:06","modified_gmt":"2026-04-07T08:27:06","slug":"medinis-zoo-traukinys-lagamine","status":"publish","type":"product","link":"https:\/\/kidsplay.lt\/lv\/products\/medinis-zoo-traukinys-lagamine\/","title":{"rendered":"KOKA ZOO vilcieni\u0146\u0161 kofer\u012b"},"content":{"rendered":"<p>\u0160is spalvingas medinis \u017eaidim\u0173 rinkinys i\u0161\u00a0\u201eTooky Toy\u201c\u00a0yra ne tik unikali atrakcija vaikams, bet ir prakti\u0161kas sprendimas t\u0117vams. Jis si\u016blo vaikams ne tik\u00a0zoologijos sodo tematikos traukinio b\u0117gius\u00a0su \u017eavingomis\u00a0gyv\u016bn\u0173 fig\u016br\u0117l\u0117mis\u00a0, bet ir\u00a0medin\u0119 transporto priemon\u0119 su\u00a0magnetu pritvirtintais\u00a0vagonais\u00a0, kuri patenka pro\u00a0\u017eavingus zoologijos sodo vartus\u00a0.<\/p>\n<p>\u0160is \u017eaislas i\u0161siskiria savo funkcionalumu. \u0160\u012f rinkin\u012f galima transformuoti \u012f\u00a0prakti\u0161k\u0105 lagamin\u0105\u00a0, kad b\u016bt\u0173\u00a0lengva j\u012f laikyti\u00a0. Po \u017eaidimo j\u012f galima sulankstyti \u012f kompakti\u0161k\u0105 lagamin\u0105, tod\u0117l jis puikiai tinka kelion\u0117ms, draug\u0173 lankymui ar \u0161eimos i\u0161vykoms.<\/p>\n<p>Rakstur\u012bgs:<\/p>\n<p>&#8211; \u017eaislas, skirtas\u00a0vaikams nuo 3 met\u0173 am\u017eiaus<br \/>\n&#8211; rinkin\u012f sudaro: mediniai lagamino formos b\u0117giai, transporto priemon\u0117 su magnetiniais ve\u017eim\u0117liais, 5 gyv\u016bnai ir sulankstomi zoologijos sodo vartai<br \/>\n&#8211; Sulankstytas rinkinys susilanksto \u012f patog\u0173 laikymo ir ne\u0161iojimo d\u0117kl\u0105<br \/>\n&#8211; pagaminta i\u0161 med\u017eio, gra\u017ei\u0173 spalv\u0173 ir da\u017eyta saugiais bei patvariais da\u017eais<\/p>\n<p>Rota\u013clieta att\u012bst\u0101s:<\/p>\n<p>&#8211; vaizduot\u0117,<br \/>\n&#8211; rankinio darbo \u012fg\u016bd\u017eiai,<br \/>\n&#8211; kognityviniai geb\u0117jimai,<br \/>\n&#8211; geb\u0117jimas logi\u0161kai m\u0105styti.<\/p>\n<p>Traukinys tinka daugumai \u017einom\u0173 gamintoj\u0173 medini\u0173 b\u0117gi\u0173, pvz., \u201eBrico\u201c, \u201eIKEA\u201c, \u201eLittle Steps\u201c, \u201eELC\u201c, \u201eWoodyland\u201c, \u201eTesco\u201c, \u201eCarousel\u201c, \u201eEichhorn\u201c ir kt. (b\u0117gi\u0173 plotis &#8211; 4 cm, a\u0161ies plotis 2,5 cm).<\/p>\n<p>\u201eTooky Toy\u201c\u00a0 \u2013 tai\u00a0medini\u0173 \u017eaisl\u0173\u00a0\u00a0vaikams gamintoja\u00a0\u00a0, rinkoje veikianti nuo 2004 m. Daugiau nei de\u0161imties met\u0173 patirtis \u0161ioje srityje garantuoja auk\u0161tos kokyb\u0117s gaminius, pagamintus atsi\u017evelgiant \u012f vaik\u0173 saugum\u0105.\u00a0\u00a0\u201eTooky Toy\u201c \u017eaislai turi daugyb\u0119 sertifikat\u0173, patvirtinan\u010di\u0173 \u0161i\u0173 ekologi\u0161k\u0173 gamini\u0173 saugum\u0105\u00a0\u00a0. Gerai nupoliruoti, be atplai\u0161\u0173 ir a\u0161tri\u0173 briaun\u0173, \u017eaislai padengti tik saugiais, netoksi\u0161kais da\u017eais, da\u017eikliais ir lakais. Visa tai daro\u00a0\u00a0\u201eTooky Toy\u201c\u00a0\u017eaislus \u00a0mylimus vaik\u0173 ir vertinamus t\u0117v\u0173 visame pasaulyje.<\/p>","protected":false},"excerpt":{"rendered":"<p>\u0160is spalvingas medinis \u017eaidim\u0173 rinkinys i\u0161\u00a0\u201eTooky Toy\u201c\u00a0yra ne tik unikali atrakcija vaikams, bet ir prakti\u0161kas sprendimas t\u0117vams. Jis si\u016blo vaikams<\/p>","protected":false},"featured_media":55594,"template":"","meta":{"_acf_changed":false,"_glsr_average":0,"_glsr_ranking":0,"_glsr_reviews":0},"product_brand":[],"product_cat":[72,891,883,229],"product_tag":[],"class_list":{"0":"post-79250","1":"product","2":"type-product","3":"status-publish","4":"has-post-thumbnail","6":"product_cat-ispardavimas","7":"product_cat-medines-transporto-priemones","8":"product_cat-mediniai-zaislai-2","9":"product_cat-zaislai-vaikams","10":"\"style=\"background-color: #2ecc711c;\"","12":"first","13":"instock","14":"sale","15":"purchasable","16":"product-type-simple"},"acf":[],"yoast_head":"<!-- This site is optimized with the Yoast SEO plugin v27.3 - https:\/\/yoast.com\/product\/yoast-seo-wordpress\/ -->\n<title>\u017dAISLINIS MEDINIS TRAUKINYS ZOO TRAUKINYS MAGNETINIAIS B\u0116GIAIS LAGAMINE<\/title>\n<meta name=\"description\" content=\"\u017dAISLINIS MEDINIS TRAUKINYS ZOO TRAUKINYS MAGNETINIAIS B\u0116GIAIS LAGAMINE - KidsPlay. Did\u017eiausias vaik\u0173 \u017eaisl\u0173 pasirinkimas.\" \/>\n<meta name=\"robots\" content=\"index, follow, max-snippet:-1, max-image-preview:large, max-video-preview:-1\" \/>\n<link rel=\"canonical\" href=\"https:\/\/kidsplay.lt\/lv\/products\/medinis-zoo-traukinys-lagamine\/\" \/>\n<meta property=\"og:locale\" content=\"lv_LV\" \/>\n<meta property=\"og:type\" content=\"article\" \/>\n<meta property=\"og:title\" content=\"\u017dAISLINIS MEDINIS TRAUKINYS ZOO TRAUKINYS MAGNETINIAIS B\u0116GIAIS LAGAMINE\" \/>\n<meta property=\"og:description\" content=\"\u017dAISLINIS MEDINIS TRAUKINYS ZOO TRAUKINYS MAGNETINIAIS B\u0116GIAIS LAGAMINE - KidsPlay. Did\u017eiausias vaik\u0173 \u017eaisl\u0173 pasirinkimas.\" \/>\n<meta property=\"og:url\" content=\"https:\/\/kidsplay.lt\/lv\/products\/medinis-zoo-traukinys-lagamine\/\" \/>\n<meta property=\"og:site_name\" content=\"KidsPlay\" \/>\n<meta property=\"article:publisher\" content=\"https:\/\/www.facebook.com\/www.kidsplay.lt\" \/>\n<meta property=\"article:modified_time\" content=\"2026-04-07T08:27:06+00:00\" \/>\n<meta property=\"og:image\" content=\"https:\/\/kidsplay.lt\/wp-content\/uploads\/2024\/09\/Medinis-lagaminas-gyvunai-transporto-priemoniu-vagonai-800x800.jpg\" \/>\n\t<meta property=\"og:image:width\" content=\"800\" \/>\n\t<meta property=\"og:image:height\" content=\"800\" \/>\n\t<meta property=\"og:image:type\" content=\"image\/png\" \/>\n<meta name=\"twitter:card\" content=\"summary_large_image\" \/>\n<meta name=\"twitter:label1\" content=\"Est. reading time\" \/>\n\t<meta name=\"twitter:data1\" content=\"2 min\u016btes\" \/>\n<script type=\"application\/ld+json\" class=\"yoast-schema-graph\">{\"@context\":\"https:\\\/\\\/schema.org\",\"@graph\":[{\"@type\":\"WebPage\",\"@id\":\"https:\\\/\\\/kidsplay.lt\\\/produktas\\\/medinis-zoo-traukinys-lagamine\\\/\",\"url\":\"https:\\\/\\\/kidsplay.lt\\\/produktas\\\/medinis-zoo-traukinys-lagamine\\\/\",\"name\":\"\u017dAISLINIS MEDINIS TRAUKINYS ZOO TRAUKINYS MAGNETINIAIS B\u0116GIAIS LAGAMINE\",\"isPartOf\":{\"@id\":\"https:\\\/\\\/kidsplay.lt\\\/#website\"},\"primaryImageOfPage\":{\"@id\":\"https:\\\/\\\/kidsplay.lt\\\/produktas\\\/medinis-zoo-traukinys-lagamine\\\/#primaryimage\"},\"image\":{\"@id\":\"https:\\\/\\\/kidsplay.lt\\\/produktas\\\/medinis-zoo-traukinys-lagamine\\\/#primaryimage\"},\"thumbnailUrl\":\"https:\\\/\\\/kidsplay.lt\\\/wp-content\\\/uploads\\\/2024\\\/09\\\/Medinis-lagaminas-gyvunai-transporto-priemoniu-vagonai.jpg\",\"datePublished\":\"2025-10-27T16:23:18+00:00\",\"dateModified\":\"2026-04-07T08:27:06+00:00\",\"description\":\"\u017dAISLINIS MEDINIS TRAUKINYS ZOO TRAUKINYS MAGNETINIAIS B\u0116GIAIS LAGAMINE - KidsPlay. Did\u017eiausias vaik\u0173 \u017eaisl\u0173 pasirinkimas.\",\"breadcrumb\":{\"@id\":\"https:\\\/\\\/kidsplay.lt\\\/produktas\\\/medinis-zoo-traukinys-lagamine\\\/#breadcrumb\"},\"inLanguage\":\"lv-LV\",\"potentialAction\":[{\"@type\":\"ReadAction\",\"target\":[\"https:\\\/\\\/kidsplay.lt\\\/produktas\\\/medinis-zoo-traukinys-lagamine\\\/\"]}]},{\"@type\":\"ImageObject\",\"inLanguage\":\"lv-LV\",\"@id\":\"https:\\\/\\\/kidsplay.lt\\\/produktas\\\/medinis-zoo-traukinys-lagamine\\\/#primaryimage\",\"url\":\"https:\\\/\\\/kidsplay.lt\\\/wp-content\\\/uploads\\\/2024\\\/09\\\/Medinis-lagaminas-gyvunai-transporto-priemoniu-vagonai.jpg\",\"contentUrl\":\"https:\\\/\\\/kidsplay.lt\\\/wp-content\\\/uploads\\\/2024\\\/09\\\/Medinis-lagaminas-gyvunai-transporto-priemoniu-vagonai.jpg\",\"width\":2560,\"height\":2560,\"caption\":\"\u017dAISLINIS MEDINIS TRAUKINYS ZOO TRAUKINYS MAGNETINIAIS B\u0116GIAIS LAGAMINE\"},{\"@type\":\"BreadcrumbList\",\"@id\":\"https:\\\/\\\/kidsplay.lt\\\/produktas\\\/medinis-zoo-traukinys-lagamine\\\/#breadcrumb\",\"itemListElement\":[{\"@type\":\"ListItem\",\"position\":1,\"name\":\"Pagrindinis\",\"item\":\"https:\\\/\\\/kidsplay.lt\\\/\"},{\"@type\":\"ListItem\",\"position\":2,\"name\":\"Parduotuv\u0117\",\"item\":\"https:\\\/\\\/kidsplay.lt\\\/parduotuve\\\/\"},{\"@type\":\"ListItem\",\"position\":3,\"name\":\"MEDINIS ZOO traukinys lagamine\"}]},{\"@type\":\"WebSite\",\"@id\":\"https:\\\/\\\/kidsplay.lt\\\/#website\",\"url\":\"https:\\\/\\\/kidsplay.lt\\\/\",\"name\":\"Kidsplay.lt\",\"description\":\"\u012evairios prek\u0117s vaikams\",\"publisher\":{\"@id\":\"https:\\\/\\\/kidsplay.lt\\\/#organization\"},\"alternateName\":\"Kidsplay\",\"potentialAction\":[{\"@type\":\"SearchAction\",\"target\":{\"@type\":\"EntryPoint\",\"urlTemplate\":\"https:\\\/\\\/kidsplay.lt\\\/?s={search_term_string}\"},\"query-input\":{\"@type\":\"PropertyValueSpecification\",\"valueRequired\":true,\"valueName\":\"search_term_string\"}}],\"inLanguage\":\"lv-LV\"},{\"@type\":\"Organization\",\"@id\":\"https:\\\/\\\/kidsplay.lt\\\/#organization\",\"name\":\"KidsPlay\",\"url\":\"https:\\\/\\\/kidsplay.lt\\\/\",\"logo\":{\"@type\":\"ImageObject\",\"inLanguage\":\"lv-LV\",\"@id\":\"https:\\\/\\\/kidsplay.lt\\\/#\\\/schema\\\/logo\\\/image\\\/\",\"url\":\"https:\\\/\\\/kidsplay.lt\\\/wp-content\\\/uploads\\\/2023\\\/07\\\/kidsplay-logo.png\",\"contentUrl\":\"https:\\\/\\\/kidsplay.lt\\\/wp-content\\\/uploads\\\/2023\\\/07\\\/kidsplay-logo.png\",\"width\":451,\"height\":98,\"caption\":\"KidsPlay\"},\"image\":{\"@id\":\"https:\\\/\\\/kidsplay.lt\\\/#\\\/schema\\\/logo\\\/image\\\/\"},\"sameAs\":[\"https:\\\/\\\/www.facebook.com\\\/www.kidsplay.lt\"]}]}<\/script>\n<!-- \/ Yoast SEO plugin. -->","yoast_head_json":{"title":"\u017dAISLINIS MEDINIS TRAUKINYS ZOO TRAUKINYS MAGNETINIAIS B\u0116GIAIS LAGAMINE","description":"\u017dAISLINIS MEDINIS TRAUKINYS ZOO TRAUKINYS MAGNETINIAIS B\u0116GIAIS LAGAMINE - KidsPlay. Did\u017eiausias vaik\u0173 \u017eaisl\u0173 pasirinkimas.","robots":{"index":"index","follow":"follow","max-snippet":"max-snippet:-1","max-image-preview":"max-image-preview:large","max-video-preview":"max-video-preview:-1"},"canonical":"https:\/\/kidsplay.lt\/lv\/products\/medinis-zoo-traukinys-lagamine\/","og_locale":"lv_LV","og_type":"article","og_title":"\u017dAISLINIS MEDINIS TRAUKINYS ZOO TRAUKINYS MAGNETINIAIS B\u0116GIAIS LAGAMINE","og_description":"\u017dAISLINIS MEDINIS TRAUKINYS ZOO TRAUKINYS MAGNETINIAIS B\u0116GIAIS LAGAMINE - KidsPlay. Did\u017eiausias vaik\u0173 \u017eaisl\u0173 pasirinkimas.","og_url":"https:\/\/kidsplay.lt\/lv\/products\/medinis-zoo-traukinys-lagamine\/","og_site_name":"KidsPlay","article_publisher":"https:\/\/www.facebook.com\/www.kidsplay.lt","article_modified_time":"2026-04-07T08:27:06+00:00","og_image":[{"width":800,"height":800,"url":"https:\/\/kidsplay.lt\/wp-content\/uploads\/2024\/09\/Medinis-lagaminas-gyvunai-transporto-priemoniu-vagonai-800x800.jpg","type":"image\/png"}],"twitter_card":"summary_large_image","twitter_misc":{"Est. reading time":"2 min\u016btes"},"schema":{"@context":"https:\/\/schema.org","@graph":[{"@type":"WebPage","@id":"https:\/\/kidsplay.lt\/produktas\/medinis-zoo-traukinys-lagamine\/","url":"https:\/\/kidsplay.lt\/produktas\/medinis-zoo-traukinys-lagamine\/","name":"\u017dAISLINIS MEDINIS TRAUKINYS ZOO TRAUKINYS MAGNETINIAIS B\u0116GIAIS LAGAMINE","isPartOf":{"@id":"https:\/\/kidsplay.lt\/#website"},"primaryImageOfPage":{"@id":"https:\/\/kidsplay.lt\/produktas\/medinis-zoo-traukinys-lagamine\/#primaryimage"},"image":{"@id":"https:\/\/kidsplay.lt\/produktas\/medinis-zoo-traukinys-lagamine\/#primaryimage"},"thumbnailUrl":"https:\/\/kidsplay.lt\/wp-content\/uploads\/2024\/09\/Medinis-lagaminas-gyvunai-transporto-priemoniu-vagonai.jpg","datePublished":"2025-10-27T16:23:18+00:00","dateModified":"2026-04-07T08:27:06+00:00","description":"\u017dAISLINIS MEDINIS TRAUKINYS ZOO TRAUKINYS MAGNETINIAIS B\u0116GIAIS LAGAMINE - KidsPlay. Did\u017eiausias vaik\u0173 \u017eaisl\u0173 pasirinkimas.","breadcrumb":{"@id":"https:\/\/kidsplay.lt\/produktas\/medinis-zoo-traukinys-lagamine\/#breadcrumb"},"inLanguage":"lv-LV","potentialAction":[{"@type":"ReadAction","target":["https:\/\/kidsplay.lt\/produktas\/medinis-zoo-traukinys-lagamine\/"]}]},{"@type":"ImageObject","inLanguage":"lv-LV","@id":"https:\/\/kidsplay.lt\/produktas\/medinis-zoo-traukinys-lagamine\/#primaryimage","url":"https:\/\/kidsplay.lt\/wp-content\/uploads\/2024\/09\/Medinis-lagaminas-gyvunai-transporto-priemoniu-vagonai.jpg","contentUrl":"https:\/\/kidsplay.lt\/wp-content\/uploads\/2024\/09\/Medinis-lagaminas-gyvunai-transporto-priemoniu-vagonai.jpg","width":2560,"height":2560,"caption":"\u017dAISLINIS MEDINIS TRAUKINYS ZOO TRAUKINYS MAGNETINIAIS B\u0116GIAIS LAGAMINE"},{"@type":"BreadcrumbList","@id":"https:\/\/kidsplay.lt\/produktas\/medinis-zoo-traukinys-lagamine\/#breadcrumb","itemListElement":[{"@type":"ListItem","position":1,"name":"Pagrindinis","item":"https:\/\/kidsplay.lt\/"},{"@type":"ListItem","position":2,"name":"Parduotuv\u0117","item":"https:\/\/kidsplay.lt\/parduotuve\/"},{"@type":"ListItem","position":3,"name":"MEDINIS ZOO traukinys lagamine"}]},{"@type":"WebSite","@id":"https:\/\/kidsplay.lt\/#website","url":"https:\/\/kidsplay.lt\/","name":"B\u0113rnu sp\u0113les.lv","description":"\u012evairios prek\u0117s vaikams","publisher":{"@id":"https:\/\/kidsplay.lt\/#organization"},"alternateName":"Kidsplay","potentialAction":[{"@type":"SearchAction","target":{"@type":"EntryPoint","urlTemplate":"https:\/\/kidsplay.lt\/?s={search_term_string}"},"query-input":{"@type":"PropertyValueSpecification","valueRequired":true,"valueName":"search_term_string"}}],"inLanguage":"lv-LV"},{"@type":"Organization","@id":"https:\/\/kidsplay.lt\/#organization","name":"B\u0113rnu sp\u0113le","url":"https:\/\/kidsplay.lt\/","logo":{"@type":"ImageObject","inLanguage":"lv-LV","@id":"https:\/\/kidsplay.lt\/#\/schema\/logo\/image\/","url":"https:\/\/kidsplay.lt\/wp-content\/uploads\/2023\/07\/kidsplay-logo.png","contentUrl":"https:\/\/kidsplay.lt\/wp-content\/uploads\/2023\/07\/kidsplay-logo.png","width":451,"height":98,"caption":"KidsPlay"},"image":{"@id":"https:\/\/kidsplay.lt\/#\/schema\/logo\/image\/"},"sameAs":["https:\/\/www.facebook.com\/www.kidsplay.lt"]}]}},"_links":{"self":[{"href":"https:\/\/kidsplay.lt\/lv\/wp-json\/wp\/v2\/product\/79250","targetHints":{"allow":["GET"]}}],"collection":[{"href":"https:\/\/kidsplay.lt\/lv\/wp-json\/wp\/v2\/product"}],"about":[{"href":"https:\/\/kidsplay.lt\/lv\/wp-json\/wp\/v2\/types\/product"}],"version-history":[{"count":4,"href":"https:\/\/kidsplay.lt\/lv\/wp-json\/wp\/v2\/product\/79250\/revisions"}],"predecessor-version":[{"id":96230,"href":"https:\/\/kidsplay.lt\/lv\/wp-json\/wp\/v2\/product\/79250\/revisions\/96230"}],"wp:featuredmedia":[{"embeddable":true,"href":"https:\/\/kidsplay.lt\/lv\/wp-json\/wp\/v2\/media\/55594"}],"wp:attachment":[{"href":"https:\/\/kidsplay.lt\/lv\/wp-json\/wp\/v2\/media?parent=79250"}],"wp:term":[{"taxonomy":"product_brand","embeddable":true,"href":"https:\/\/kidsplay.lt\/lv\/wp-json\/wp\/v2\/product_brand?post=79250"},{"taxonomy":"product_cat","embeddable":true,"href":"https:\/\/kidsplay.lt\/lv\/wp-json\/wp\/v2\/product_cat?post=79250"},{"taxonomy":"product_tag","embeddable":true,"href":"https:\/\/kidsplay.lt\/lv\/wp-json\/wp\/v2\/product_tag?post=79250"}],"curies":[{"name":"wp","href":"https:\/\/api.w.org\/{rel}","templated":true}]}}