{"id":79299,"date":"2025-10-28T07:37:28","date_gmt":"2025-10-28T05:37:28","guid":{"rendered":"https:\/\/kidsplay.lt\/?post_type=product&#038;p=79299"},"modified":"2025-12-30T09:28:42","modified_gmt":"2025-12-30T07:28:42","slug":"k-pop-demonu-medziotoju-advento-kalendorius-su-figurelemis","status":"publish","type":"product","link":"https:\/\/kidsplay.lt\/lv\/products\/k-pop-demonu-medziotoju-advento-kalendorius-su-figurelemis\/","title":{"rendered":"K-pop demon\u0173 med\u017eiotoj\u0173 advento kalendorius su fig\u016br\u0117l\u0117mis"},"content":{"rendered":"<div class=\"mpof_ki myre_zn myre_8v_l m389_6m_l\">\n<div class=\"mp4t_16_s mryx_16_s mr3m_1 mli2_1 mh85_56 mh85_0_l\">\n<div class=\"mgn2_16 _0d3bd_am0a-\">\n<h1><span dir=\"auto\">\u2b50K-POP DEMON\u0172 MED\u017dIOTOJ\u0172 Advento kalendorius \u2b50<\/span><\/h1>\n<\/div>\n<\/div>\n<\/div>\n<div class=\"mpof_ki myre_zn myre_8v_l m389_6m_l\">\n<div class=\"mp4t_16_s mryx_16_s mr3m_1 mli2_1 mh85_56 mh85_0_l\">\n<div class=\"mgn2_16 _0d3bd_am0a-\">\n<p><span dir=\"auto\">Atraskite Kal\u0117d\u0173 d\u017eiaugsm\u0105 su\u00a0\u00a0<\/span><b><span dir=\"auto\">K-POP DEMON HUNTERS Advento kalendoriumi,<\/span><\/b><span dir=\"auto\">\u00a0kuris kiekvien\u0105 dien\u0105 prideda kal\u0117dinio jaudulio!<\/span><\/p>\n<p><b><span dir=\"auto\">Kasdien<\/span><\/b><span dir=\"auto\">\u00a0atidar\u0119 po vien\u0105 i\u0161 24 langeli\u0173,\u00a0\u00a0vaikai gal\u0117s m\u0117gautis staigmenomis, kurios gruod\u012f pavers dar magi\u0161kesniu.<\/span><\/p>\n<p><span dir=\"auto\">K-POP DEMON HUNTERS Advento kalendorius yra puikus\u00a0<\/span><b><span dir=\"auto\">kal\u0117din\u0117s dovanos<\/span><\/b><span dir=\"auto\">\u00a0pasirinkimas \u0161io hito gerb\u0117jams.<\/span><\/p>\n<p><span dir=\"auto\">Pakuot\u0117je yra\u00a0<\/span><b><span dir=\"auto\">pasl\u0117pt\u0173 fig\u016br\u0117li\u0173<\/span><\/b><span dir=\"auto\">\u00a0, kurios skatins\u00a0<\/span><b><span dir=\"auto\">k\u016brybin\u012f \u017eaidim\u0105.<\/span><\/b><\/p>\n<\/div>\n<\/div>\n<\/div>\n<div class=\"mpof_ki myre_zn myre_8v_l m389_6m_l\">\n<div class=\"mp4t_16_s mryx_16_s mr3m_1 mli2_1 mh85_56 mh85_0_l\">\n<div class=\"mg9e_8 mj7a_8 mg9e_0_s mvrt_0_s mj7a_0_s mh36_0_s mzmg_6m munh_16_l m3h2_16_l\">\n<div class=\"mp4t_0 mryx_0 munh_56 m3h2_56\">\n<div class=\"mp7g_oh\"><button class=\"mg9e_0 mvrt_0 mj7a_0 mh36_0 mp4t_0 m3h2_0 mryx_0 munh_0 mqen_m6 mpof_z0 mx7m_0 m7er_k4 mse2_k4 msts_pt\" data-analytics-interaction=\"true\" data-analytics-interaction-label=\"zoomable-image-open\" aria-disabled=\"true\"><img decoding=\"async\" class=\"msub_k4 mupj_5k mjru_k4 mse2_k4 mp7g_f6 mq1m_0 mj7u_0 m7er_k4 mqen_m6 m31c_d8 m0ux_fp lazyloaded\" src=\"https:\/\/a.allegroimg.com\/original\/11468d\/5cd707504af0a74150b32bcd3e13\/Kalendarz-Adwentowy-FIGURKI-lowczynie-demonow-K-pop-kpop-demon-hunters-Rumi\" sizes=\"100vw\" srcset=\"https:\/\/a.allegroimg.com\/s360\/11468d\/5cd707504af0a74150b32bcd3e13\/Kalendarz-Adwentowy-FIGURKI-lowczynie-demonow-K-pop-kpop-demon-hunters-Rumi 360w,https:\/\/a.allegroimg.com\/s720\/11468d\/5cd707504af0a74150b32bcd3e13\/Kalendarz-Adwentowy-FIGURKI-lowczynie-demonow-K-pop-kpop-demon-hunters-Rumi 720w,https:\/\/a.allegroimg.com\/s1024\/11468d\/5cd707504af0a74150b32bcd3e13\/Kalendarz-Adwentowy-FIGURKI-lowczynie-demonow-K-pop-kpop-demon-hunters-Rumi 1023w,https:\/\/a.allegroimg.com\/s1440\/11468d\/5cd707504af0a74150b32bcd3e13\/Kalendarz-Adwentowy-FIGURKI-lowczynie-demonow-K-pop-kpop-demon-hunters-Rumi 1440w,https:\/\/a.allegroimg.com\/original\/11468d\/5cd707504af0a74150b32bcd3e13\/Kalendarz-Adwentowy-FIGURKI-lowczynie-demonow-K-pop-kpop-demon-hunters-Rumi 1997w\" alt=\"K-pop demon\u0173 med\u017eiotoj\u0173 advento kalendoriaus fig\u016br\u0117l\u0117s Rumi\" width=\"1997px\" data-srcset=\"\" \/><\/button><\/div>\n<\/div>\n<\/div>\n<\/div>\n<\/div>\n<div class=\"mpof_ki myre_zn myre_8v_l m389_6m_l\">\n<div class=\"mp4t_16_s mryx_16_s mr3m_1 mli2_1 mh85_56 mh85_0_l\">\n<div class=\"mgn2_16 _0d3bd_am0a-\">\n<h2><span dir=\"auto\">Ma\u017eos staigmenos teikia daugiausia d\u017eiaugsmo!<\/span><\/h2>\n<ul>\n<li><span dir=\"auto\">Spalvingos fig\u016br\u0117l\u0117s, pagamintos i\u0161 labai mink\u0161to silikono<\/span><\/li>\n<li><span dir=\"auto\">J\u016bs\u0173 vaiko m\u0117gstamiausi persona\u017eai i\u0161 K-pop serialo \u201eDemon\u0173 med\u017eiotojai\u201c<\/span><\/li>\n<li><span dir=\"auto\">Kalendoriuje yra fig\u016br\u0117li\u0173, kurias galima panaudoti didelei kolekcijai sukurti<\/span><\/li>\n<\/ul>\n<\/div>\n<\/div>\n<div class=\"mp4t_16_s mryx_16_s mr3m_1 mli2_1 mh85_56 mh85_0_l\">\n<div class=\"mg9e_8 mj7a_8 mg9e_0_s mvrt_0_s mj7a_0_s mh36_0_s mzmg_6m munh_16_l m3h2_16_l\">\n<div class=\"mp4t_0 mryx_0 munh_56 m3h2_56\">\n<div class=\"mp7g_oh\"><button class=\"mg9e_0 mvrt_0 mj7a_0 mh36_0 mp4t_0 m3h2_0 mryx_0 munh_0 mqen_m6 mpof_z0 mx7m_0 m7er_k4 mse2_k4 msts_pt\" data-analytics-interaction=\"true\" data-analytics-interaction-label=\"zoomable-image-open\" aria-disabled=\"true\"><img decoding=\"async\" class=\"msub_k4 mupj_5k mjru_k4 mse2_k4 mp7g_f6 mq1m_0 mj7u_0 m7er_k4 mqen_m6 m31c_d8 m0ux_fp lazyloaded\" src=\"https:\/\/a.allegroimg.com\/original\/113c43\/1b6744004a18aada1cd9b9ed9163\/Kalendarz-Adwentowy-FIGURKI-lowczynie-demonow-K-pop-kpop-demon-hunters-Rumi-EAN-GTIN-5905331700849\" sizes=\"(min-width: 1200px) 560px, (min-width: 992px) 50vw, 100vw\" srcset=\"https:\/\/a.allegroimg.com\/s360\/113c43\/1b6744004a18aada1cd9b9ed9163\/Kalendarz-Adwentowy-FIGURKI-lowczynie-demonow-K-pop-kpop-demon-hunters-Rumi-EAN-GTIN-5905331700849 360w,https:\/\/a.allegroimg.com\/s720\/113c43\/1b6744004a18aada1cd9b9ed9163\/Kalendarz-Adwentowy-FIGURKI-lowczynie-demonow-K-pop-kpop-demon-hunters-Rumi-EAN-GTIN-5905331700849 720w,https:\/\/a.allegroimg.com\/s1024\/113c43\/1b6744004a18aada1cd9b9ed9163\/Kalendarz-Adwentowy-FIGURKI-lowczynie-demonow-K-pop-kpop-demon-hunters-Rumi-EAN-GTIN-5905331700849 1024w,https:\/\/a.allegroimg.com\/s1440\/113c43\/1b6744004a18aada1cd9b9ed9163\/Kalendarz-Adwentowy-FIGURKI-lowczynie-demonow-K-pop-kpop-demon-hunters-Rumi-EAN-GTIN-5905331700849 1440w,https:\/\/a.allegroimg.com\/original\/113c43\/1b6744004a18aada1cd9b9ed9163\/Kalendarz-Adwentowy-FIGURKI-lowczynie-demonow-K-pop-kpop-demon-hunters-Rumi-EAN-GTIN-5905331700849 1536w\" alt=\"Advento kalendorius FIG\u016aRA demon\u0173 med\u017eiotojai K-pop kpop demon\u0173 med\u017eiotojai Rumi EAN (GTIN) 5905331700849\" width=\"1536px\" data-srcset=\"\" \/><\/button><\/div>\n<\/div>\n<\/div>\n<\/div>\n<\/div>\n<div class=\"mpof_ki myre_zn myre_8v_l m389_6m_l\">\n<div class=\"mp4t_16_s mryx_16_s mr3m_1 mli2_1 mh85_56 mh85_0_l\">\n<div class=\"mgn2_16 _0d3bd_am0a-\">\n<p><b><span dir=\"auto\">DIDEL\u0116S trimat\u0117s FIG\u016aR\u0116L\u0116S, kurias galima paversti rakt\u0173 pakabukais<\/span><\/b><span dir=\"auto\">\u00a0(jos turi \u017eiedus pakabukui pritvirtinti)<\/span><\/p>\n<\/div>\n<\/div>\n<\/div>","protected":false},"excerpt":{"rendered":"<p>https:\/\/business.allegro.pl\/oferta\/kalendarz-adwentowy-figurki-lowczynie-demonow-k-pop-kpop-demon-hunters-rumi-18025792339<\/p>","protected":false},"featured_media":79300,"template":"","meta":{"_acf_changed":false,"_glsr_average":0,"_glsr_ranking":0,"_glsr_reviews":0},"product_brand":[],"product_cat":[360,372],"product_tag":[],"class_list":{"0":"post-79299","1":"product","2":"type-product","3":"status-publish","4":"has-post-thumbnail","6":"product_cat-advento-kalendoriai","7":"product_cat-vaiku-sventems","8":"\"style=\"background-color: #2ecc711c;\"","10":"first","11":"instock","12":"shipping-taxable","13":"purchasable","14":"product-type-simple"},"acf":[],"yoast_head":"<!-- This site is optimized with the Yoast SEO plugin v27.3 - https:\/\/yoast.com\/product\/yoast-seo-wordpress\/ -->\n<title>K-pop demon\u0173 med\u017eiotoj\u0173 advento kalendorius su fig\u016br\u0117l\u0117mis - KidsPlay<\/title>\n<meta name=\"description\" content=\"K-pop demon\u0173 med\u017eiotoj\u0173 advento kalendorius su fig\u016br\u0117l\u0117mis - KidsPlay. Did\u017eiausias vaik\u0173 \u017eaisl\u0173 pasirinkimas.\" \/>\n<meta name=\"robots\" content=\"index, follow, max-snippet:-1, max-image-preview:large, max-video-preview:-1\" \/>\n<link rel=\"canonical\" href=\"https:\/\/kidsplay.lt\/lv\/products\/k-pop-demonu-medziotoju-advento-kalendorius-su-figurelemis\/\" \/>\n<meta property=\"og:locale\" content=\"lv_LV\" \/>\n<meta property=\"og:type\" content=\"article\" \/>\n<meta property=\"og:title\" content=\"K-pop demon\u0173 med\u017eiotoj\u0173 advento kalendorius su fig\u016br\u0117l\u0117mis - KidsPlay\" \/>\n<meta property=\"og:description\" content=\"K-pop demon\u0173 med\u017eiotoj\u0173 advento kalendorius su fig\u016br\u0117l\u0117mis - KidsPlay. Did\u017eiausias vaik\u0173 \u017eaisl\u0173 pasirinkimas.\" \/>\n<meta property=\"og:url\" content=\"https:\/\/kidsplay.lt\/lv\/products\/k-pop-demonu-medziotoju-advento-kalendorius-su-figurelemis\/\" \/>\n<meta property=\"og:site_name\" content=\"KidsPlay\" \/>\n<meta property=\"article:publisher\" content=\"https:\/\/www.facebook.com\/www.kidsplay.lt\" \/>\n<meta property=\"article:modified_time\" content=\"2025-12-30T07:28:42+00:00\" \/>\n<meta property=\"og:image\" content=\"https:\/\/kidsplay.lt\/wp-content\/uploads\/2025\/10\/Screenshot_685-1.png\" \/>\n\t<meta property=\"og:image:width\" content=\"604\" \/>\n\t<meta property=\"og:image:height\" content=\"442\" \/>\n\t<meta property=\"og:image:type\" content=\"image\/png\" \/>\n<meta name=\"twitter:card\" content=\"summary_large_image\" \/>\n<meta name=\"twitter:label1\" content=\"Est. reading time\" \/>\n\t<meta name=\"twitter:data1\" content=\"2 min\u016btes\" \/>\n<script type=\"application\/ld+json\" class=\"yoast-schema-graph\">{\"@context\":\"https:\\\/\\\/schema.org\",\"@graph\":[{\"@type\":\"WebPage\",\"@id\":\"https:\\\/\\\/kidsplay.lt\\\/produktas\\\/k-pop-demonu-medziotoju-advento-kalendorius-su-figurelemis\\\/\",\"url\":\"https:\\\/\\\/kidsplay.lt\\\/produktas\\\/k-pop-demonu-medziotoju-advento-kalendorius-su-figurelemis\\\/\",\"name\":\"K-pop demon\u0173 med\u017eiotoj\u0173 advento kalendorius su fig\u016br\u0117l\u0117mis - KidsPlay\",\"isPartOf\":{\"@id\":\"https:\\\/\\\/kidsplay.lt\\\/#website\"},\"primaryImageOfPage\":{\"@id\":\"https:\\\/\\\/kidsplay.lt\\\/produktas\\\/k-pop-demonu-medziotoju-advento-kalendorius-su-figurelemis\\\/#primaryimage\"},\"image\":{\"@id\":\"https:\\\/\\\/kidsplay.lt\\\/produktas\\\/k-pop-demonu-medziotoju-advento-kalendorius-su-figurelemis\\\/#primaryimage\"},\"thumbnailUrl\":\"https:\\\/\\\/kidsplay.lt\\\/wp-content\\\/uploads\\\/2025\\\/10\\\/Screenshot_685-1.png\",\"datePublished\":\"2025-10-28T05:37:28+00:00\",\"dateModified\":\"2025-12-30T07:28:42+00:00\",\"description\":\"K-pop demon\u0173 med\u017eiotoj\u0173 advento kalendorius su fig\u016br\u0117l\u0117mis - KidsPlay. Did\u017eiausias vaik\u0173 \u017eaisl\u0173 pasirinkimas.\",\"breadcrumb\":{\"@id\":\"https:\\\/\\\/kidsplay.lt\\\/produktas\\\/k-pop-demonu-medziotoju-advento-kalendorius-su-figurelemis\\\/#breadcrumb\"},\"inLanguage\":\"lv-LV\",\"potentialAction\":[{\"@type\":\"ReadAction\",\"target\":[\"https:\\\/\\\/kidsplay.lt\\\/produktas\\\/k-pop-demonu-medziotoju-advento-kalendorius-su-figurelemis\\\/\"]}]},{\"@type\":\"ImageObject\",\"inLanguage\":\"lv-LV\",\"@id\":\"https:\\\/\\\/kidsplay.lt\\\/produktas\\\/k-pop-demonu-medziotoju-advento-kalendorius-su-figurelemis\\\/#primaryimage\",\"url\":\"https:\\\/\\\/kidsplay.lt\\\/wp-content\\\/uploads\\\/2025\\\/10\\\/Screenshot_685-1.png\",\"contentUrl\":\"https:\\\/\\\/kidsplay.lt\\\/wp-content\\\/uploads\\\/2025\\\/10\\\/Screenshot_685-1.png\",\"width\":604,\"height\":442},{\"@type\":\"BreadcrumbList\",\"@id\":\"https:\\\/\\\/kidsplay.lt\\\/produktas\\\/k-pop-demonu-medziotoju-advento-kalendorius-su-figurelemis\\\/#breadcrumb\",\"itemListElement\":[{\"@type\":\"ListItem\",\"position\":1,\"name\":\"Pagrindinis\",\"item\":\"https:\\\/\\\/kidsplay.lt\\\/\"},{\"@type\":\"ListItem\",\"position\":2,\"name\":\"Parduotuv\u0117\",\"item\":\"https:\\\/\\\/kidsplay.lt\\\/parduotuve\\\/\"},{\"@type\":\"ListItem\",\"position\":3,\"name\":\"K-pop demon\u0173 med\u017eiotoj\u0173 advento kalendorius su fig\u016br\u0117l\u0117mis\"}]},{\"@type\":\"WebSite\",\"@id\":\"https:\\\/\\\/kidsplay.lt\\\/#website\",\"url\":\"https:\\\/\\\/kidsplay.lt\\\/\",\"name\":\"Kidsplay.lt\",\"description\":\"\u012evairios prek\u0117s vaikams\",\"publisher\":{\"@id\":\"https:\\\/\\\/kidsplay.lt\\\/#organization\"},\"alternateName\":\"Kidsplay\",\"potentialAction\":[{\"@type\":\"SearchAction\",\"target\":{\"@type\":\"EntryPoint\",\"urlTemplate\":\"https:\\\/\\\/kidsplay.lt\\\/?s={search_term_string}\"},\"query-input\":{\"@type\":\"PropertyValueSpecification\",\"valueRequired\":true,\"valueName\":\"search_term_string\"}}],\"inLanguage\":\"lv-LV\"},{\"@type\":\"Organization\",\"@id\":\"https:\\\/\\\/kidsplay.lt\\\/#organization\",\"name\":\"KidsPlay\",\"url\":\"https:\\\/\\\/kidsplay.lt\\\/\",\"logo\":{\"@type\":\"ImageObject\",\"inLanguage\":\"lv-LV\",\"@id\":\"https:\\\/\\\/kidsplay.lt\\\/#\\\/schema\\\/logo\\\/image\\\/\",\"url\":\"https:\\\/\\\/kidsplay.lt\\\/wp-content\\\/uploads\\\/2023\\\/07\\\/kidsplay-logo.png\",\"contentUrl\":\"https:\\\/\\\/kidsplay.lt\\\/wp-content\\\/uploads\\\/2023\\\/07\\\/kidsplay-logo.png\",\"width\":451,\"height\":98,\"caption\":\"KidsPlay\"},\"image\":{\"@id\":\"https:\\\/\\\/kidsplay.lt\\\/#\\\/schema\\\/logo\\\/image\\\/\"},\"sameAs\":[\"https:\\\/\\\/www.facebook.com\\\/www.kidsplay.lt\"]}]}<\/script>\n<!-- \/ Yoast SEO plugin. -->","yoast_head_json":{"title":"K-pop demon\u0173 med\u017eiotoj\u0173 advento kalendorius su fig\u016br\u0117l\u0117mis - KidsPlay","description":"K-pop demon\u0173 med\u017eiotoj\u0173 advento kalendorius su fig\u016br\u0117l\u0117mis - KidsPlay. Did\u017eiausias vaik\u0173 \u017eaisl\u0173 pasirinkimas.","robots":{"index":"index","follow":"follow","max-snippet":"max-snippet:-1","max-image-preview":"max-image-preview:large","max-video-preview":"max-video-preview:-1"},"canonical":"https:\/\/kidsplay.lt\/lv\/products\/k-pop-demonu-medziotoju-advento-kalendorius-su-figurelemis\/","og_locale":"lv_LV","og_type":"article","og_title":"K-pop demon\u0173 med\u017eiotoj\u0173 advento kalendorius su fig\u016br\u0117l\u0117mis - KidsPlay","og_description":"K-pop demon\u0173 med\u017eiotoj\u0173 advento kalendorius su fig\u016br\u0117l\u0117mis - KidsPlay. Did\u017eiausias vaik\u0173 \u017eaisl\u0173 pasirinkimas.","og_url":"https:\/\/kidsplay.lt\/lv\/products\/k-pop-demonu-medziotoju-advento-kalendorius-su-figurelemis\/","og_site_name":"KidsPlay","article_publisher":"https:\/\/www.facebook.com\/www.kidsplay.lt","article_modified_time":"2025-12-30T07:28:42+00:00","og_image":[{"width":604,"height":442,"url":"https:\/\/kidsplay.lt\/wp-content\/uploads\/2025\/10\/Screenshot_685-1.png","type":"image\/png"}],"twitter_card":"summary_large_image","twitter_misc":{"Est. reading time":"2 min\u016btes"},"schema":{"@context":"https:\/\/schema.org","@graph":[{"@type":"WebPage","@id":"https:\/\/kidsplay.lt\/produktas\/k-pop-demonu-medziotoju-advento-kalendorius-su-figurelemis\/","url":"https:\/\/kidsplay.lt\/produktas\/k-pop-demonu-medziotoju-advento-kalendorius-su-figurelemis\/","name":"K-pop demon\u0173 med\u017eiotoj\u0173 advento kalendorius su fig\u016br\u0117l\u0117mis - KidsPlay","isPartOf":{"@id":"https:\/\/kidsplay.lt\/#website"},"primaryImageOfPage":{"@id":"https:\/\/kidsplay.lt\/produktas\/k-pop-demonu-medziotoju-advento-kalendorius-su-figurelemis\/#primaryimage"},"image":{"@id":"https:\/\/kidsplay.lt\/produktas\/k-pop-demonu-medziotoju-advento-kalendorius-su-figurelemis\/#primaryimage"},"thumbnailUrl":"https:\/\/kidsplay.lt\/wp-content\/uploads\/2025\/10\/Screenshot_685-1.png","datePublished":"2025-10-28T05:37:28+00:00","dateModified":"2025-12-30T07:28:42+00:00","description":"K-pop demon\u0173 med\u017eiotoj\u0173 advento kalendorius su fig\u016br\u0117l\u0117mis - KidsPlay. Did\u017eiausias vaik\u0173 \u017eaisl\u0173 pasirinkimas.","breadcrumb":{"@id":"https:\/\/kidsplay.lt\/produktas\/k-pop-demonu-medziotoju-advento-kalendorius-su-figurelemis\/#breadcrumb"},"inLanguage":"lv-LV","potentialAction":[{"@type":"ReadAction","target":["https:\/\/kidsplay.lt\/produktas\/k-pop-demonu-medziotoju-advento-kalendorius-su-figurelemis\/"]}]},{"@type":"ImageObject","inLanguage":"lv-LV","@id":"https:\/\/kidsplay.lt\/produktas\/k-pop-demonu-medziotoju-advento-kalendorius-su-figurelemis\/#primaryimage","url":"https:\/\/kidsplay.lt\/wp-content\/uploads\/2025\/10\/Screenshot_685-1.png","contentUrl":"https:\/\/kidsplay.lt\/wp-content\/uploads\/2025\/10\/Screenshot_685-1.png","width":604,"height":442},{"@type":"BreadcrumbList","@id":"https:\/\/kidsplay.lt\/produktas\/k-pop-demonu-medziotoju-advento-kalendorius-su-figurelemis\/#breadcrumb","itemListElement":[{"@type":"ListItem","position":1,"name":"Pagrindinis","item":"https:\/\/kidsplay.lt\/"},{"@type":"ListItem","position":2,"name":"Parduotuv\u0117","item":"https:\/\/kidsplay.lt\/parduotuve\/"},{"@type":"ListItem","position":3,"name":"K-pop demon\u0173 med\u017eiotoj\u0173 advento kalendorius su fig\u016br\u0117l\u0117mis"}]},{"@type":"WebSite","@id":"https:\/\/kidsplay.lt\/#website","url":"https:\/\/kidsplay.lt\/","name":"B\u0113rnu sp\u0113les.lv","description":"\u012evairios prek\u0117s vaikams","publisher":{"@id":"https:\/\/kidsplay.lt\/#organization"},"alternateName":"Kidsplay","potentialAction":[{"@type":"SearchAction","target":{"@type":"EntryPoint","urlTemplate":"https:\/\/kidsplay.lt\/?s={search_term_string}"},"query-input":{"@type":"PropertyValueSpecification","valueRequired":true,"valueName":"search_term_string"}}],"inLanguage":"lv-LV"},{"@type":"Organization","@id":"https:\/\/kidsplay.lt\/#organization","name":"B\u0113rnu sp\u0113le","url":"https:\/\/kidsplay.lt\/","logo":{"@type":"ImageObject","inLanguage":"lv-LV","@id":"https:\/\/kidsplay.lt\/#\/schema\/logo\/image\/","url":"https:\/\/kidsplay.lt\/wp-content\/uploads\/2023\/07\/kidsplay-logo.png","contentUrl":"https:\/\/kidsplay.lt\/wp-content\/uploads\/2023\/07\/kidsplay-logo.png","width":451,"height":98,"caption":"KidsPlay"},"image":{"@id":"https:\/\/kidsplay.lt\/#\/schema\/logo\/image\/"},"sameAs":["https:\/\/www.facebook.com\/www.kidsplay.lt"]}]}},"_links":{"self":[{"href":"https:\/\/kidsplay.lt\/lv\/wp-json\/wp\/v2\/product\/79299","targetHints":{"allow":["GET"]}}],"collection":[{"href":"https:\/\/kidsplay.lt\/lv\/wp-json\/wp\/v2\/product"}],"about":[{"href":"https:\/\/kidsplay.lt\/lv\/wp-json\/wp\/v2\/types\/product"}],"version-history":[{"count":2,"href":"https:\/\/kidsplay.lt\/lv\/wp-json\/wp\/v2\/product\/79299\/revisions"}],"predecessor-version":[{"id":82723,"href":"https:\/\/kidsplay.lt\/lv\/wp-json\/wp\/v2\/product\/79299\/revisions\/82723"}],"wp:featuredmedia":[{"embeddable":true,"href":"https:\/\/kidsplay.lt\/lv\/wp-json\/wp\/v2\/media\/79300"}],"wp:attachment":[{"href":"https:\/\/kidsplay.lt\/lv\/wp-json\/wp\/v2\/media?parent=79299"}],"wp:term":[{"taxonomy":"product_brand","embeddable":true,"href":"https:\/\/kidsplay.lt\/lv\/wp-json\/wp\/v2\/product_brand?post=79299"},{"taxonomy":"product_cat","embeddable":true,"href":"https:\/\/kidsplay.lt\/lv\/wp-json\/wp\/v2\/product_cat?post=79299"},{"taxonomy":"product_tag","embeddable":true,"href":"https:\/\/kidsplay.lt\/lv\/wp-json\/wp\/v2\/product_tag?post=79299"}],"curies":[{"name":"wp","href":"https:\/\/api.w.org\/{rel}","templated":true}]}}