{"id":79314,"date":"2025-10-28T07:43:25","date_gmt":"2025-10-28T05:43:25","guid":{"rendered":"https:\/\/kidsplay.lt\/?post_type=product&#038;p=79314"},"modified":"2025-10-28T07:43:25","modified_gmt":"2025-10-28T05:43:25","slug":"frozen-advento-kalendorius","status":"publish","type":"product","link":"https:\/\/kidsplay.lt\/lv\/products\/frozen-advento-kalendorius\/","title":{"rendered":"Sald\u0113juma adventes kalend\u0101rs"},"content":{"rendered":"<div class=\"mpof_ki myre_zn myre_8v_l m389_6m_l\">\n<div class=\"mp4t_16_s mryx_16_s mr3m_1 mli2_1 mh85_56 mh85_0_l\">\n<div class=\"mgn2_16 _0d3bd_am0a-\">\n<p><b><span dir=\"auto\">Apraksts<\/span><\/b><\/p>\n<p><span dir=\"auto\">\u0160is \u017eavus Advento kalendorius \u012fne\u0161 \u0161ventin\u0117s dvasios \u012f bet kurio vaiko kambar\u012f! 24 skirtingos staigmenos pasaldins did\u017eiojo vakar\u0117lio laukim\u0105 ir suteiks daug d\u017eiaugsmo. Su \u0161iomis nuostabiomis popierin\u0117mis staigmenomis j\u016bs\u0173 vaikai gal\u0117s k\u016brybi\u0161kai pasireik\u0161ti \u0161iuo Advento laikotarpiu ir sukurti gra\u017eias dovanas draugams ir \u0161eimos nariams.<\/span><\/p>\n<p><span dir=\"auto\">Turinys:<\/span><\/p>\n<ul>\n<li><span dir=\"auto\">1x gal\u0105stuvas<\/span><\/li>\n<li><span dir=\"auto\">3x trintukas<\/span><\/li>\n<li><span dir=\"auto\">2x mini d\u0117lion\u0117s<\/span><\/li>\n<li><span dir=\"auto\">6 kart\u0173 mini antspaudas<\/span><\/li>\n<li><span dir=\"auto\">1x u\u017era\u0161\u0173 knygel\u0117<\/span><\/li>\n<li><span dir=\"auto\">3x metalinis lipdukas<\/span><\/li>\n<li><span dir=\"auto\">1x mini pie\u0161tukas<\/span><\/li>\n<li><span dir=\"auto\">1x mini i\u0161\u0161okantis pie\u0161tukas<\/span><\/li>\n<li><span dir=\"auto\">1x s\u0105var\u017e\u0117l\u0117<\/span><\/li>\n<li><span dir=\"auto\">2x nestabil\u016bs lipdukai<\/span><\/li>\n<li><span dir=\"auto\">1x rakt\u0173 pakabukas<\/span><\/li>\n<li><span dir=\"auto\">1x mini juosta<\/span><\/li>\n<li><span dir=\"auto\">1x \u017eym\u0117<\/span><\/li>\n<\/ul>\n<p><span dir=\"auto\">Tema: Su\u0161alusi \u017eem\u0117 Kiekis: 24 lobiai<\/span><\/p>\n<p><span dir=\"auto\">Pastaba: \u0160is produktas netinka vaikams iki 3 met\u0173 am\u017eiaus.<\/span><\/p>\n<\/div>\n<\/div>\n<\/div>\n<div class=\"mpof_ki myre_zn myre_8v_l m389_6m_l\">\n<div class=\"mp4t_16_s mryx_16_s mr3m_1 mli2_1 mh85_56 mh85_0_l\">\n<div class=\"mg9e_8 mj7a_8 mg9e_0_s mvrt_0_s mj7a_0_s mh36_0_s mzmg_6m munh_16_l m3h2_16_l\">\n<div class=\"mp4t_0 mryx_0 munh_56 m3h2_56\">\n<div class=\"mp7g_oh\"><button class=\"mg9e_0 mvrt_0 mj7a_0 mh36_0 mp4t_0 m3h2_0 mryx_0 munh_0 mqen_m6 mpof_z0 mx7m_0 m7er_k4 mse2_k4 msts_pt\" data-analytics-interaction=\"true\" data-analytics-interaction-label=\"zoomable-image-open\" aria-disabled=\"true\"><img decoding=\"async\" class=\"msub_k4 mupj_5k mjru_k4 mse2_k4 mp7g_f6 mq1m_0 mj7u_0 m7er_k4 mqen_m6 m31c_d8 m0ux_fp lazyloaded\" src=\"https:\/\/a.allegroimg.com\/original\/11ff93\/8f0036c942f2ae357ddfdeb5baf8\/KALENDARZ-ADWENTOWY-DISNEY-FROZEN-II-KRAINA-LODU-EAN-GTIN-4043946286172\" sizes=\"100vw\" srcset=\"https:\/\/a.allegroimg.com\/s360\/11ff93\/8f0036c942f2ae357ddfdeb5baf8\/KALENDARZ-ADWENTOWY-DISNEY-FROZEN-II-KRAINA-LODU-EAN-GTIN-4043946286172 360w,https:\/\/a.allegroimg.com\/s720\/11ff93\/8f0036c942f2ae357ddfdeb5baf8\/KALENDARZ-ADWENTOWY-DISNEY-FROZEN-II-KRAINA-LODU-EAN-GTIN-4043946286172 720w,https:\/\/a.allegroimg.com\/s1024\/11ff93\/8f0036c942f2ae357ddfdeb5baf8\/KALENDARZ-ADWENTOWY-DISNEY-FROZEN-II-KRAINA-LODU-EAN-GTIN-4043946286172 1000w,https:\/\/a.allegroimg.com\/original\/11ff93\/8f0036c942f2ae357ddfdeb5baf8\/KALENDARZ-ADWENTOWY-DISNEY-FROZEN-II-KRAINA-LODU-EAN-GTIN-4043946286172 1000w\" alt=\"DISNEY FROZEN II ADVENTO KALENDORIUS EAN (GTIN) 4043946286172\" width=\"1000px\" data-srcset=\"\" \/><\/button><\/div>\n<\/div>\n<\/div>\n<\/div>\n<\/div>","protected":false},"excerpt":{"rendered":"<p>Apra\u0161ymas \u0160is \u017eavus Advento kalendorius \u012fne\u0161 \u0161ventin\u0117s dvasios \u012f bet kurio vaiko kambar\u012f! 24 skirtingos staigmenos pasaldins did\u017eiojo vakar\u0117lio laukim\u0105<\/p>","protected":false},"featured_media":79315,"template":"","meta":{"_acf_changed":false,"_glsr_average":0,"_glsr_ranking":0,"_glsr_reviews":0},"product_brand":[],"product_cat":[360,372],"product_tag":[],"class_list":{"0":"post-79314","1":"product","2":"type-product","3":"status-publish","4":"has-post-thumbnail","6":"product_cat-advento-kalendoriai","7":"product_cat-vaiku-sventems","8":"\"style=\"background-color: #2ecc711c;\"","10":"first","11":"instock","12":"shipping-taxable","13":"purchasable","14":"product-type-simple"},"acf":[],"yoast_head":"<!-- This site is optimized with the Yoast SEO plugin v27.4 - https:\/\/yoast.com\/product\/yoast-seo-wordpress\/ -->\n<title>Frozen advento kalendorius - KidsPlay<\/title>\n<meta name=\"description\" content=\"Frozen advento kalendorius - KidsPlay. Did\u017eiausias vaik\u0173 \u017eaisl\u0173 pasirinkimas.\" \/>\n<meta name=\"robots\" content=\"index, follow, max-snippet:-1, max-image-preview:large, max-video-preview:-1\" \/>\n<link rel=\"canonical\" href=\"https:\/\/kidsplay.lt\/lv\/products\/frozen-advento-kalendorius\/\" \/>\n<meta property=\"og:locale\" content=\"lv_LV\" \/>\n<meta property=\"og:type\" content=\"article\" \/>\n<meta property=\"og:title\" content=\"Frozen advento kalendorius - KidsPlay\" \/>\n<meta property=\"og:description\" content=\"Frozen advento kalendorius - KidsPlay. Did\u017eiausias vaik\u0173 \u017eaisl\u0173 pasirinkimas.\" \/>\n<meta property=\"og:url\" content=\"https:\/\/kidsplay.lt\/lv\/products\/frozen-advento-kalendorius\/\" \/>\n<meta property=\"og:site_name\" content=\"KidsPlay\" \/>\n<meta property=\"article:publisher\" content=\"https:\/\/www.facebook.com\/www.kidsplay.lt\" \/>\n<meta property=\"og:image\" content=\"https:\/\/kidsplay.lt\/wp-content\/uploads\/2025\/10\/Screenshot_694-1.png\" \/>\n\t<meta property=\"og:image:width\" content=\"491\" \/>\n\t<meta property=\"og:image:height\" content=\"350\" \/>\n\t<meta property=\"og:image:type\" content=\"image\/png\" \/>\n<meta name=\"twitter:card\" content=\"summary_large_image\" \/>\n<meta name=\"twitter:label1\" content=\"Est. reading time\" \/>\n\t<meta name=\"twitter:data1\" content=\"1 min\u016bte\" \/>\n<script type=\"application\/ld+json\" class=\"yoast-schema-graph\">{\"@context\":\"https:\\\/\\\/schema.org\",\"@graph\":[{\"@type\":\"WebPage\",\"@id\":\"https:\\\/\\\/kidsplay.lt\\\/produktas\\\/frozen-advento-kalendorius\\\/\",\"url\":\"https:\\\/\\\/kidsplay.lt\\\/produktas\\\/frozen-advento-kalendorius\\\/\",\"name\":\"Frozen advento kalendorius - KidsPlay\",\"isPartOf\":{\"@id\":\"https:\\\/\\\/kidsplay.lt\\\/#website\"},\"primaryImageOfPage\":{\"@id\":\"https:\\\/\\\/kidsplay.lt\\\/produktas\\\/frozen-advento-kalendorius\\\/#primaryimage\"},\"image\":{\"@id\":\"https:\\\/\\\/kidsplay.lt\\\/produktas\\\/frozen-advento-kalendorius\\\/#primaryimage\"},\"thumbnailUrl\":\"https:\\\/\\\/kidsplay.lt\\\/wp-content\\\/uploads\\\/2025\\\/10\\\/Screenshot_694-1.png\",\"datePublished\":\"2025-10-28T05:43:25+00:00\",\"description\":\"Frozen advento kalendorius - KidsPlay. Did\u017eiausias vaik\u0173 \u017eaisl\u0173 pasirinkimas.\",\"breadcrumb\":{\"@id\":\"https:\\\/\\\/kidsplay.lt\\\/produktas\\\/frozen-advento-kalendorius\\\/#breadcrumb\"},\"inLanguage\":\"lv-LV\",\"potentialAction\":[{\"@type\":\"ReadAction\",\"target\":[\"https:\\\/\\\/kidsplay.lt\\\/produktas\\\/frozen-advento-kalendorius\\\/\"]}]},{\"@type\":\"ImageObject\",\"inLanguage\":\"lv-LV\",\"@id\":\"https:\\\/\\\/kidsplay.lt\\\/produktas\\\/frozen-advento-kalendorius\\\/#primaryimage\",\"url\":\"https:\\\/\\\/kidsplay.lt\\\/wp-content\\\/uploads\\\/2025\\\/10\\\/Screenshot_694-1.png\",\"contentUrl\":\"https:\\\/\\\/kidsplay.lt\\\/wp-content\\\/uploads\\\/2025\\\/10\\\/Screenshot_694-1.png\",\"width\":491,\"height\":350},{\"@type\":\"BreadcrumbList\",\"@id\":\"https:\\\/\\\/kidsplay.lt\\\/produktas\\\/frozen-advento-kalendorius\\\/#breadcrumb\",\"itemListElement\":[{\"@type\":\"ListItem\",\"position\":1,\"name\":\"Pagrindinis\",\"item\":\"https:\\\/\\\/kidsplay.lt\\\/\"},{\"@type\":\"ListItem\",\"position\":2,\"name\":\"Parduotuv\u0117\",\"item\":\"https:\\\/\\\/kidsplay.lt\\\/parduotuve\\\/\"},{\"@type\":\"ListItem\",\"position\":3,\"name\":\"Frozen advento kalendorius\"}]},{\"@type\":\"WebSite\",\"@id\":\"https:\\\/\\\/kidsplay.lt\\\/#website\",\"url\":\"https:\\\/\\\/kidsplay.lt\\\/\",\"name\":\"Kidsplay.lt\",\"description\":\"\u012evairios prek\u0117s vaikams\",\"publisher\":{\"@id\":\"https:\\\/\\\/kidsplay.lt\\\/#organization\"},\"alternateName\":\"Kidsplay\",\"potentialAction\":[{\"@type\":\"SearchAction\",\"target\":{\"@type\":\"EntryPoint\",\"urlTemplate\":\"https:\\\/\\\/kidsplay.lt\\\/?s={search_term_string}\"},\"query-input\":{\"@type\":\"PropertyValueSpecification\",\"valueRequired\":true,\"valueName\":\"search_term_string\"}}],\"inLanguage\":\"lv-LV\"},{\"@type\":\"Organization\",\"@id\":\"https:\\\/\\\/kidsplay.lt\\\/#organization\",\"name\":\"KidsPlay\",\"url\":\"https:\\\/\\\/kidsplay.lt\\\/\",\"logo\":{\"@type\":\"ImageObject\",\"inLanguage\":\"lv-LV\",\"@id\":\"https:\\\/\\\/kidsplay.lt\\\/#\\\/schema\\\/logo\\\/image\\\/\",\"url\":\"https:\\\/\\\/kidsplay.lt\\\/wp-content\\\/uploads\\\/2023\\\/07\\\/kidsplay-logo.png\",\"contentUrl\":\"https:\\\/\\\/kidsplay.lt\\\/wp-content\\\/uploads\\\/2023\\\/07\\\/kidsplay-logo.png\",\"width\":451,\"height\":98,\"caption\":\"KidsPlay\"},\"image\":{\"@id\":\"https:\\\/\\\/kidsplay.lt\\\/#\\\/schema\\\/logo\\\/image\\\/\"},\"sameAs\":[\"https:\\\/\\\/www.facebook.com\\\/www.kidsplay.lt\"]}]}<\/script>\n<!-- \/ Yoast SEO plugin. -->","yoast_head_json":{"title":"Frozen advento kalendorius - KidsPlay","description":"Frozen advento kalendorius - KidsPlay. Did\u017eiausias vaik\u0173 \u017eaisl\u0173 pasirinkimas.","robots":{"index":"index","follow":"follow","max-snippet":"max-snippet:-1","max-image-preview":"max-image-preview:large","max-video-preview":"max-video-preview:-1"},"canonical":"https:\/\/kidsplay.lt\/lv\/products\/frozen-advento-kalendorius\/","og_locale":"lv_LV","og_type":"article","og_title":"Frozen advento kalendorius - KidsPlay","og_description":"Frozen advento kalendorius - KidsPlay. Did\u017eiausias vaik\u0173 \u017eaisl\u0173 pasirinkimas.","og_url":"https:\/\/kidsplay.lt\/lv\/products\/frozen-advento-kalendorius\/","og_site_name":"KidsPlay","article_publisher":"https:\/\/www.facebook.com\/www.kidsplay.lt","og_image":[{"width":491,"height":350,"url":"https:\/\/kidsplay.lt\/wp-content\/uploads\/2025\/10\/Screenshot_694-1.png","type":"image\/png"}],"twitter_card":"summary_large_image","twitter_misc":{"Est. reading time":"1 min\u016bte"},"schema":{"@context":"https:\/\/schema.org","@graph":[{"@type":"WebPage","@id":"https:\/\/kidsplay.lt\/produktas\/frozen-advento-kalendorius\/","url":"https:\/\/kidsplay.lt\/produktas\/frozen-advento-kalendorius\/","name":"Frozen advento kalendorius - KidsPlay","isPartOf":{"@id":"https:\/\/kidsplay.lt\/#website"},"primaryImageOfPage":{"@id":"https:\/\/kidsplay.lt\/produktas\/frozen-advento-kalendorius\/#primaryimage"},"image":{"@id":"https:\/\/kidsplay.lt\/produktas\/frozen-advento-kalendorius\/#primaryimage"},"thumbnailUrl":"https:\/\/kidsplay.lt\/wp-content\/uploads\/2025\/10\/Screenshot_694-1.png","datePublished":"2025-10-28T05:43:25+00:00","description":"Frozen advento kalendorius - KidsPlay. Did\u017eiausias vaik\u0173 \u017eaisl\u0173 pasirinkimas.","breadcrumb":{"@id":"https:\/\/kidsplay.lt\/produktas\/frozen-advento-kalendorius\/#breadcrumb"},"inLanguage":"lv-LV","potentialAction":[{"@type":"ReadAction","target":["https:\/\/kidsplay.lt\/produktas\/frozen-advento-kalendorius\/"]}]},{"@type":"ImageObject","inLanguage":"lv-LV","@id":"https:\/\/kidsplay.lt\/produktas\/frozen-advento-kalendorius\/#primaryimage","url":"https:\/\/kidsplay.lt\/wp-content\/uploads\/2025\/10\/Screenshot_694-1.png","contentUrl":"https:\/\/kidsplay.lt\/wp-content\/uploads\/2025\/10\/Screenshot_694-1.png","width":491,"height":350},{"@type":"BreadcrumbList","@id":"https:\/\/kidsplay.lt\/produktas\/frozen-advento-kalendorius\/#breadcrumb","itemListElement":[{"@type":"ListItem","position":1,"name":"Pagrindinis","item":"https:\/\/kidsplay.lt\/"},{"@type":"ListItem","position":2,"name":"Parduotuv\u0117","item":"https:\/\/kidsplay.lt\/parduotuve\/"},{"@type":"ListItem","position":3,"name":"Frozen advento kalendorius"}]},{"@type":"WebSite","@id":"https:\/\/kidsplay.lt\/#website","url":"https:\/\/kidsplay.lt\/","name":"B\u0113rnu sp\u0113les.lv","description":"\u012evairios prek\u0117s vaikams","publisher":{"@id":"https:\/\/kidsplay.lt\/#organization"},"alternateName":"Kidsplay","potentialAction":[{"@type":"SearchAction","target":{"@type":"EntryPoint","urlTemplate":"https:\/\/kidsplay.lt\/?s={search_term_string}"},"query-input":{"@type":"PropertyValueSpecification","valueRequired":true,"valueName":"search_term_string"}}],"inLanguage":"lv-LV"},{"@type":"Organization","@id":"https:\/\/kidsplay.lt\/#organization","name":"B\u0113rnu sp\u0113le","url":"https:\/\/kidsplay.lt\/","logo":{"@type":"ImageObject","inLanguage":"lv-LV","@id":"https:\/\/kidsplay.lt\/#\/schema\/logo\/image\/","url":"https:\/\/kidsplay.lt\/wp-content\/uploads\/2023\/07\/kidsplay-logo.png","contentUrl":"https:\/\/kidsplay.lt\/wp-content\/uploads\/2023\/07\/kidsplay-logo.png","width":451,"height":98,"caption":"KidsPlay"},"image":{"@id":"https:\/\/kidsplay.lt\/#\/schema\/logo\/image\/"},"sameAs":["https:\/\/www.facebook.com\/www.kidsplay.lt"]}]}},"_links":{"self":[{"href":"https:\/\/kidsplay.lt\/lv\/wp-json\/wp\/v2\/product\/79314","targetHints":{"allow":["GET"]}}],"collection":[{"href":"https:\/\/kidsplay.lt\/lv\/wp-json\/wp\/v2\/product"}],"about":[{"href":"https:\/\/kidsplay.lt\/lv\/wp-json\/wp\/v2\/types\/product"}],"version-history":[{"count":1,"href":"https:\/\/kidsplay.lt\/lv\/wp-json\/wp\/v2\/product\/79314\/revisions"}],"predecessor-version":[{"id":79317,"href":"https:\/\/kidsplay.lt\/lv\/wp-json\/wp\/v2\/product\/79314\/revisions\/79317"}],"wp:featuredmedia":[{"embeddable":true,"href":"https:\/\/kidsplay.lt\/lv\/wp-json\/wp\/v2\/media\/79315"}],"wp:attachment":[{"href":"https:\/\/kidsplay.lt\/lv\/wp-json\/wp\/v2\/media?parent=79314"}],"wp:term":[{"taxonomy":"product_brand","embeddable":true,"href":"https:\/\/kidsplay.lt\/lv\/wp-json\/wp\/v2\/product_brand?post=79314"},{"taxonomy":"product_cat","embeddable":true,"href":"https:\/\/kidsplay.lt\/lv\/wp-json\/wp\/v2\/product_cat?post=79314"},{"taxonomy":"product_tag","embeddable":true,"href":"https:\/\/kidsplay.lt\/lv\/wp-json\/wp\/v2\/product_tag?post=79314"}],"curies":[{"name":"wp","href":"https:\/\/api.w.org\/{rel}","templated":true}]}}