{"id":79352,"date":"2025-10-28T13:01:46","date_gmt":"2025-10-28T11:01:46","guid":{"rendered":"https:\/\/kidsplay.lt\/?post_type=product&#038;p=79352"},"modified":"2026-02-11T05:52:51","modified_gmt":"2026-02-11T03:52:51","slug":"skraidanti-lele-feja","status":"publish","type":"product","link":"https:\/\/kidsplay.lt\/lv\/products\/skraidanti-lele-feja\/","title":{"rendered":"Skraidanti l\u0117l\u0117 f\u0117ja"},"content":{"rendered":"<div class=\"mpof_ki myre_zn myre_8v_l m389_6m_l\">\n<div class=\"mp4t_16_s mryx_16_s mr3m_1 mli2_1 mh85_56 mh85_0_l\">\n<div class=\"mgn2_16 _0d3bd_am0a-\">\n<h2><span dir=\"auto\">\u201eHatchimals\u201c kri\u0161tolin\u0117s skraidykl\u0117s skraidan\u010dios f\u0117jos l\u0117l\u0117<\/span><\/h2>\n<p><span dir=\"auto\">Sukurtas populiarios ir gerbiamos kompanijos \u201e\u00a0\u00a0<\/span><b><span dir=\"auto\">Spin Master\u201c<\/span><\/b><span dir=\"auto\">\u00a0, \u0161is \u017eaisliukas priklauso\u00a0\u00a0<\/span><b><span dir=\"auto\">\u201eHatchimals\u201c<\/span><\/b><span dir=\"auto\">\u00a0serijai \u2013 \u017eavingoms, magi\u0161koms b\u016btyb\u0117ms, i\u0161siritan\u010dioms i\u0161 kiau\u0161ini\u0173. \u0160ioje serijoje vaizduojamos \u017eavingos\u00a0\u00a0<\/span><b><span dir=\"auto\">Pixies<\/span><\/b><span dir=\"auto\">\u00a0f\u0117jos , kurios gali skraidyti.<\/span><\/p>\n<p><b><span dir=\"auto\">\u201eCrystal Flyers\u201c<\/span><\/b><span dir=\"auto\">\u00a0\u00a0\u2013 tai interaktyvi, magi\u0161ka l\u0117l\u0117, kuri tikrai skraido! Apr\u016bpinta gra\u017eiais kri\u0161toliniais sparnais ir \u017evilgan\u010diais plaukais, l\u0117l\u0117 kybo ore ir, d\u0117ka \u012fmontuot\u0173 jutikli\u0173, reaguoja \u012f j\u016bs\u0173 rank\u0173 judesius, leisdama jums valdyti jos skryd\u012f.<\/span><\/p>\n<\/div>\n<\/div>\n<div class=\"mp4t_16_s mryx_16_s mr3m_1 mli2_1 mh85_56 mh85_0_l\">\n<div class=\"mg9e_8 mj7a_8 mg9e_0_s mvrt_0_s mj7a_0_s mh36_0_s mzmg_6m munh_16_l m3h2_16_l\">\n<div class=\"mp4t_0 mryx_0 munh_56 m3h2_56\">\n<div class=\"mp7g_oh\"><button class=\"mg9e_0 mvrt_0 mj7a_0 mh36_0 mp4t_0 m3h2_0 mryx_0 munh_0 mqen_m6 mpof_z0 mx7m_0 m7er_k4 mse2_k4 msts_pt\" data-analytics-interaction=\"true\" data-analytics-interaction-label=\"zoomable-image-open\" aria-disabled=\"true\"><img decoding=\"async\" class=\"msub_k4 mupj_5k mjru_k4 mse2_k4 mp7g_f6 mq1m_0 mj7u_0 m7er_k4 mqen_m6 m31c_d8 m0ux_fp lazyloaded\" src=\"https:\/\/a.allegroimg.com\/original\/111d77\/754653c04944b01ae0980533d61e\/LATAJACA-WROZKA-LALKA-STEROWANA-CRYSTAL-FLYERS-UNOSI-SIE-W-POWIETRZU\" sizes=\"(min-width: 1200px) 560px, (min-width: 992px) 50vw, 100vw\" srcset=\"https:\/\/a.allegroimg.com\/s360\/111d77\/754653c04944b01ae0980533d61e\/LATAJACA-WROZKA-LALKA-STEROWANA-CRYSTAL-FLYERS-UNOSI-SIE-W-POWIETRZU 360w,https:\/\/a.allegroimg.com\/s720\/111d77\/754653c04944b01ae0980533d61e\/LATAJACA-WROZKA-LALKA-STEROWANA-CRYSTAL-FLYERS-UNOSI-SIE-W-POWIETRZU 720w,https:\/\/a.allegroimg.com\/s1024\/111d77\/754653c04944b01ae0980533d61e\/LATAJACA-WROZKA-LALKA-STEROWANA-CRYSTAL-FLYERS-UNOSI-SIE-W-POWIETRZU 1024w,https:\/\/a.allegroimg.com\/s1440\/111d77\/754653c04944b01ae0980533d61e\/LATAJACA-WROZKA-LALKA-STEROWANA-CRYSTAL-FLYERS-UNOSI-SIE-W-POWIETRZU 1440w,https:\/\/a.allegroimg.com\/original\/111d77\/754653c04944b01ae0980533d61e\/LATAJACA-WROZKA-LALKA-STEROWANA-CRYSTAL-FLYERS-UNOSI-SIE-W-POWIETRZU 2000w\" alt=\"SKRAIDANTI F\u0116J\u0172 L\u0116L\u0116, VALDOMA KRISTALINI\u0172 SKRAUTUVI\u0172, KLEJOJA ORE\" width=\"2000px\" data-srcset=\"\" \/><\/button><\/div>\n<\/div>\n<\/div>\n<\/div>\n<\/div>\n<div class=\"mpof_ki myre_zn myre_8v_l m389_6m_l\">\n<div class=\"mp4t_16_s mryx_16_s mr3m_1 mli2_1 mh85_56 mh85_0_l\">\n<div class=\"mg9e_8 mj7a_8 mg9e_0_s mvrt_0_s mj7a_0_s mh36_0_s mzmg_6m munh_16_l m3h2_16_l\">\n<div class=\"mp4t_0 mryx_0 munh_56 m3h2_56\">\n<div class=\"mp7g_oh\"><button class=\"mg9e_0 mvrt_0 mj7a_0 mh36_0 mp4t_0 m3h2_0 mryx_0 munh_0 mqen_m6 mpof_z0 mx7m_0 m7er_k4 mse2_k4 msts_pt\" data-analytics-interaction=\"true\" data-analytics-interaction-label=\"zoomable-image-open\" aria-disabled=\"true\"><img decoding=\"async\" class=\"msub_k4 mupj_5k mjru_k4 mse2_k4 mp7g_f6 mq1m_0 mj7u_0 m7er_k4 mqen_m6 m31c_d8 m0ux_fp lazyloaded\" src=\"https:\/\/a.allegroimg.com\/original\/118990\/c82dd8e74ad3a967aea261374a68\/LATAJACA-WROZKA-LALKA-STEROWANA-CRYSTAL-FLYERS-UNOSI-SIE-W-POWIETRZU-Minimalny-wiek-dziecka-5\" sizes=\"(min-width: 1200px) 560px, (min-width: 992px) 50vw, 100vw\" srcset=\"https:\/\/a.allegroimg.com\/s360\/118990\/c82dd8e74ad3a967aea261374a68\/LATAJACA-WROZKA-LALKA-STEROWANA-CRYSTAL-FLYERS-UNOSI-SIE-W-POWIETRZU-Minimalny-wiek-dziecka-5 360w,https:\/\/a.allegroimg.com\/s720\/118990\/c82dd8e74ad3a967aea261374a68\/LATAJACA-WROZKA-LALKA-STEROWANA-CRYSTAL-FLYERS-UNOSI-SIE-W-POWIETRZU-Minimalny-wiek-dziecka-5 720w,https:\/\/a.allegroimg.com\/s1024\/118990\/c82dd8e74ad3a967aea261374a68\/LATAJACA-WROZKA-LALKA-STEROWANA-CRYSTAL-FLYERS-UNOSI-SIE-W-POWIETRZU-Minimalny-wiek-dziecka-5 1024w,https:\/\/a.allegroimg.com\/s1440\/118990\/c82dd8e74ad3a967aea261374a68\/LATAJACA-WROZKA-LALKA-STEROWANA-CRYSTAL-FLYERS-UNOSI-SIE-W-POWIETRZU-Minimalny-wiek-dziecka-5 1440w,https:\/\/a.allegroimg.com\/original\/118990\/c82dd8e74ad3a967aea261374a68\/LATAJACA-WROZKA-LALKA-STEROWANA-CRYSTAL-FLYERS-UNOSI-SIE-W-POWIETRZU-Minimalny-wiek-dziecka-5 2000w\" alt=\"SKRAIDAN\u010cIOS F\u0116J\u0172 L\u0116L\u0116S VALDOMI KRISTALINIAI SKRAIDYKL\u0116S SKYDA ORE. Minimalus vaiko am\u017eius 5 metai.\" width=\"2000px\" data-srcset=\"\" \/><\/button><\/div>\n<\/div>\n<\/div>\n<\/div>\n<div class=\"mp4t_16_s mryx_16_s mr3m_1 mli2_1 mh85_56 mh85_0_l\">\n<div class=\"mgn2_16 _0d3bd_am0a-\">\n<p><b><span dir=\"auto\">D\u0117l Pixie<\/span><\/b><span dir=\"auto\">\u00a0galios l\u0117l\u0117\u00a0\u00a0\u00a0gali pajusti, ar rankos yra auk\u0161tai, ar \u017eemai. Palietus jos sparnus, ji nustoja skraidyti ir krenta \u017eemyn.<\/span><\/p>\n<p><span dir=\"auto\">\u017daislas skraido mechanizmo d\u0117ka, kur\u012f galima\u00a0\u00a0<\/span><b><span dir=\"auto\">\u012fkrauti<\/span><\/b><span dir=\"auto\">\u00a0\u00a0naudojant pridedam\u0105\u00a0\u00a0<\/span><b><span dir=\"auto\">USB laid\u0105<\/span><\/b><span dir=\"auto\">\u00a0.<\/span><\/p>\n<ul>\n<li><b><span dir=\"auto\">l\u0117l\u0117 plasnojan\u010diais sparnais,<\/span><\/b><\/li>\n<li><b><span dir=\"auto\">USB \u012fkrovimo laidas,<\/span><\/b><\/li>\n<li><span dir=\"auto\">nurodymas.<\/span><\/li>\n<\/ul>\n<p><span dir=\"auto\">Tai puiki dovana gimtadieniui ar kitai progai, lavinanti vaik\u0173 vaizduot\u0119 ir rankinius \u012fg\u016bd\u017eius.<\/span><\/p>\n<p><b><span dir=\"auto\">Auginkite savo \u201eHatchimals\u201c<\/span><\/b><span dir=\"auto\">\u00a0kolekcij\u0105\u00a0\u00a0\u00a0ir tyrin\u0117kite j\u0173 pasaul\u012f!<\/span><\/p>\n<ul>\n<li><span dir=\"auto\">rinkinys skirtas\u00a0\u00a0<\/span><b><span dir=\"auto\">vaikams nuo 5 met\u0173 am\u017eiaus<\/span><\/b><\/li>\n<li><span dir=\"auto\">l\u0117l\u0117s auk\u0161tis: apie 17 cm<\/span><\/li>\n<li><span dir=\"auto\">Pakuot\u0117s matmenys: 26 x 18 x 8 cm<\/span><\/li>\n<li><span dir=\"auto\">gamintojo kodas: 6068672 20144903<\/span><\/li>\n<\/ul>\n<\/div>\n<\/div>\n<\/div>\n<div class=\"mpof_ki myre_zn myre_8v_l m389_6m_l\">\n<div class=\"mp4t_16_s mryx_16_s mr3m_1 mli2_1 mh85_56 mh85_0_l\">\n<div class=\"mg9e_8 mj7a_8 mg9e_0_s mvrt_0_s mj7a_0_s mh36_0_s mzmg_6m munh_16_l m3h2_16_l\">\n<div class=\"mp4t_0 mryx_0 munh_56 m3h2_56\">\n<div class=\"mp7g_oh\"><button class=\"mg9e_0 mvrt_0 mj7a_0 mh36_0 mp4t_0 m3h2_0 mryx_0 munh_0 mqen_m6 mpof_z0 mx7m_0 m7er_k4 mse2_k4 msts_pt\" data-analytics-interaction=\"true\" data-analytics-interaction-label=\"zoomable-image-open\" aria-disabled=\"true\"><img decoding=\"async\" class=\"msub_k4 mupj_5k mjru_k4 mse2_k4 mp7g_f6 mq1m_0 mj7u_0 m7er_k4 mqen_m6 m31c_d8 m0ux_fp lazyloaded\" src=\"https:\/\/a.allegroimg.com\/original\/11b0ed\/0309f50e49aab7047f2a36894ba4\/LATAJACA-WROZKA-LALKA-STEROWANA-CRYSTAL-FLYERS-UNOSI-SIE-W-POWIETRZU-Plec-chlopcy-dziewczynki\" sizes=\"(min-width: 1200px) 560px, (min-width: 992px) 50vw, 100vw\" srcset=\"https:\/\/a.allegroimg.com\/s360\/11b0ed\/0309f50e49aab7047f2a36894ba4\/LATAJACA-WROZKA-LALKA-STEROWANA-CRYSTAL-FLYERS-UNOSI-SIE-W-POWIETRZU-Plec-chlopcy-dziewczynki 250w,https:\/\/a.allegroimg.com\/s720\/11b0ed\/0309f50e49aab7047f2a36894ba4\/LATAJACA-WROZKA-LALKA-STEROWANA-CRYSTAL-FLYERS-UNOSI-SIE-W-POWIETRZU-Plec-chlopcy-dziewczynki 500w,https:\/\/a.allegroimg.com\/s1024\/11b0ed\/0309f50e49aab7047f2a36894ba4\/LATAJACA-WROZKA-LALKA-STEROWANA-CRYSTAL-FLYERS-UNOSI-SIE-W-POWIETRZU-Plec-chlopcy-dziewczynki 712w,https:\/\/a.allegroimg.com\/s1440\/11b0ed\/0309f50e49aab7047f2a36894ba4\/LATAJACA-WROZKA-LALKA-STEROWANA-CRYSTAL-FLYERS-UNOSI-SIE-W-POWIETRZU-Plec-chlopcy-dziewczynki 1001w,https:\/\/a.allegroimg.com\/original\/11b0ed\/0309f50e49aab7047f2a36894ba4\/LATAJACA-WROZKA-LALKA-STEROWANA-CRYSTAL-FLYERS-UNOSI-SIE-W-POWIETRZU-Plec-chlopcy-dziewczynki 1348w\" alt=\"SKRAIDANTI F\u0116J\u0172 L\u0116L\u0116, VALDOMA KRISTALINIAIS SKRAUTUVAIS, SKYDA ORE. Lytis: berniukai, mergait\u0117s.\" width=\"1348px\" data-srcset=\"\" \/><\/button><\/div>\n<\/div>\n<\/div>\n<\/div>\n<div class=\"mp4t_16_s mryx_16_s mr3m_1 mli2_1 mh85_56 mh85_0_l\">\n<div class=\"mg9e_8 mj7a_8 mg9e_0_s mvrt_0_s mj7a_0_s mh36_0_s mzmg_6m munh_16_l m3h2_16_l\">\n<div class=\"mp4t_0 mryx_0 munh_56 m3h2_56\">\n<div class=\"mp7g_oh\"><button class=\"mg9e_0 mvrt_0 mj7a_0 mh36_0 mp4t_0 m3h2_0 mryx_0 munh_0 mqen_m6 mpof_z0 mx7m_0 m7er_k4 mse2_k4 msts_pt\" data-analytics-interaction=\"true\" data-analytics-interaction-label=\"zoomable-image-open\" aria-disabled=\"true\"><img decoding=\"async\" class=\"msub_k4 mupj_5k mjru_k4 mse2_k4 mp7g_f6 mq1m_0 mj7u_0 m7er_k4 mqen_m6 m31c_d8 m0ux_fp lazyloaded\" src=\"https:\/\/a.allegroimg.com\/original\/114668\/b7320ff74ccdbc6a215d4d6b5064\/LATAJACA-WROZKA-LALKA-STEROWANA-CRYSTAL-FLYERS-UNOSI-SIE-W-POWIETRZU-EAN-GTIN-778988504161\" sizes=\"(min-width: 1200px) 560px, (min-width: 992px) 50vw, 100vw\" srcset=\"https:\/\/a.allegroimg.com\/s360\/114668\/b7320ff74ccdbc6a215d4d6b5064\/LATAJACA-WROZKA-LALKA-STEROWANA-CRYSTAL-FLYERS-UNOSI-SIE-W-POWIETRZU-EAN-GTIN-778988504161 320w,https:\/\/a.allegroimg.com\/s720\/114668\/b7320ff74ccdbc6a215d4d6b5064\/LATAJACA-WROZKA-LALKA-STEROWANA-CRYSTAL-FLYERS-UNOSI-SIE-W-POWIETRZU-EAN-GTIN-778988504161 640w,https:\/\/a.allegroimg.com\/s1024\/114668\/b7320ff74ccdbc6a215d4d6b5064\/LATAJACA-WROZKA-LALKA-STEROWANA-CRYSTAL-FLYERS-UNOSI-SIE-W-POWIETRZU-EAN-GTIN-778988504161 910w,https:\/\/a.allegroimg.com\/s1440\/114668\/b7320ff74ccdbc6a215d4d6b5064\/LATAJACA-WROZKA-LALKA-STEROWANA-CRYSTAL-FLYERS-UNOSI-SIE-W-POWIETRZU-EAN-GTIN-778988504161 1280w,https:\/\/a.allegroimg.com\/original\/114668\/b7320ff74ccdbc6a215d4d6b5064\/LATAJACA-WROZKA-LALKA-STEROWANA-CRYSTAL-FLYERS-UNOSI-SIE-W-POWIETRZU-EAN-GTIN-778988504161 1705w\" alt=\"SKRAIDAN\u010cIOS F\u0116JOS L\u0116L\u0116S VALDOMI KRISTALINIAI SKRAIDYKL\u0116S SKYDA ORE EAN (GTIN) 778988504161\" width=\"1705px\" data-srcset=\"\" \/><\/button><\/div>\n<\/div>\n<\/div>\n<\/div>\n<\/div>\n<div class=\"mpof_ki myre_zn myre_8v_l m389_6m_l\">\n<div class=\"mp4t_16_s mryx_16_s mr3m_1 mli2_1 mh85_56 mh85_0_l\">\n<div class=\"mg9e_8 mj7a_8 mg9e_0_s mvrt_0_s mj7a_0_s mh36_0_s mzmg_6m munh_16_l m3h2_16_l\">\n<div class=\"mp4t_0 mryx_0 munh_56 m3h2_56\">\n<div class=\"mp7g_oh\"><button class=\"mg9e_0 mvrt_0 mj7a_0 mh36_0 mp4t_0 m3h2_0 mryx_0 munh_0 mqen_m6 mpof_z0 mx7m_0 m7er_k4 mse2_k4 msts_pt\" data-analytics-interaction=\"true\" data-analytics-interaction-label=\"zoomable-image-open\" aria-disabled=\"true\"><img decoding=\"async\" class=\"msub_k4 mupj_5k mjru_k4 mse2_k4 mp7g_f6 mq1m_0 mj7u_0 m7er_k4 mqen_m6 m31c_d8 m0ux_fp lazyloaded\" src=\"https:\/\/a.allegroimg.com\/original\/110b35\/c38063b84bdfa5e233bb866b08d7\/LATAJACA-WROZKA-LALKA-STEROWANA-CRYSTAL-FLYERS-UNOSI-SIE-W-POWIETRZU-Kod-producenta-6068672\" sizes=\"(min-width: 1200px) 560px, (min-width: 992px) 50vw, 100vw\" srcset=\"https:\/\/a.allegroimg.com\/s360\/110b35\/c38063b84bdfa5e233bb866b08d7\/LATAJACA-WROZKA-LALKA-STEROWANA-CRYSTAL-FLYERS-UNOSI-SIE-W-POWIETRZU-Kod-producenta-6068672 360w,https:\/\/a.allegroimg.com\/s720\/110b35\/c38063b84bdfa5e233bb866b08d7\/LATAJACA-WROZKA-LALKA-STEROWANA-CRYSTAL-FLYERS-UNOSI-SIE-W-POWIETRZU-Kod-producenta-6068672 720w,https:\/\/a.allegroimg.com\/s1024\/110b35\/c38063b84bdfa5e233bb866b08d7\/LATAJACA-WROZKA-LALKA-STEROWANA-CRYSTAL-FLYERS-UNOSI-SIE-W-POWIETRZU-Kod-producenta-6068672 1024w,https:\/\/a.allegroimg.com\/s1440\/110b35\/c38063b84bdfa5e233bb866b08d7\/LATAJACA-WROZKA-LALKA-STEROWANA-CRYSTAL-FLYERS-UNOSI-SIE-W-POWIETRZU-Kod-producenta-6068672 1440w,https:\/\/a.allegroimg.com\/original\/110b35\/c38063b84bdfa5e233bb866b08d7\/LATAJACA-WROZKA-LALKA-STEROWANA-CRYSTAL-FLYERS-UNOSI-SIE-W-POWIETRZU-Kod-producenta-6068672 2000w\" alt=\"SKRAIDAN\u010cIOS F\u0116J\u0172 L\u0116L\u0116S VALDOMI KRISTALIN\u0116S SKRAIDYKL\u0116S SKYDA ORE Gamintojo kodas 6068672\" width=\"2000px\" data-srcset=\"\" \/><\/button><\/div>\n<\/div>\n<\/div>\n<\/div>\n<div class=\"mp4t_16_s mryx_16_s mr3m_1 mli2_1 mh85_56 mh85_0_l\">\n<div class=\"mg9e_8 mj7a_8 mg9e_0_s mvrt_0_s mj7a_0_s mh36_0_s mzmg_6m munh_16_l m3h2_16_l\">\n<div class=\"mp4t_0 mryx_0 munh_56 m3h2_56\">\n<div class=\"mp7g_oh\"><button class=\"mg9e_0 mvrt_0 mj7a_0 mh36_0 mp4t_0 m3h2_0 mryx_0 munh_0 mqen_m6 mpof_z0 mx7m_0 m7er_k4 mse2_k4 msts_pt\" data-analytics-interaction=\"true\" data-analytics-interaction-label=\"zoomable-image-open\" aria-disabled=\"true\"><img decoding=\"async\" class=\"msub_k4 mupj_5k mjru_k4 mse2_k4 mp7g_f6 mq1m_0 mj7u_0 m7er_k4 mqen_m6 m31c_d8 m0ux_fp lazyloaded\" src=\"https:\/\/a.allegroimg.com\/original\/11b0d6\/48b4ef884dd5be272c7152b4769a\/LATAJACA-WROZKA-LALKA-STEROWANA-CRYSTAL-FLYERS-UNOSI-SIE-W-POWIETRZU-Liczba-sztuk-1-szt\" sizes=\"(min-width: 1200px) 560px, (min-width: 992px) 50vw, 100vw\" srcset=\"https:\/\/a.allegroimg.com\/s360\/11b0d6\/48b4ef884dd5be272c7152b4769a\/LATAJACA-WROZKA-LALKA-STEROWANA-CRYSTAL-FLYERS-UNOSI-SIE-W-POWIETRZU-Liczba-sztuk-1-szt 288w,https:\/\/a.allegroimg.com\/s720\/11b0d6\/48b4ef884dd5be272c7152b4769a\/LATAJACA-WROZKA-LALKA-STEROWANA-CRYSTAL-FLYERS-UNOSI-SIE-W-POWIETRZU-Liczba-sztuk-1-szt 576w,https:\/\/a.allegroimg.com\/s1024\/11b0d6\/48b4ef884dd5be272c7152b4769a\/LATAJACA-WROZKA-LALKA-STEROWANA-CRYSTAL-FLYERS-UNOSI-SIE-W-POWIETRZU-Liczba-sztuk-1-szt 820w,https:\/\/a.allegroimg.com\/s1440\/11b0d6\/48b4ef884dd5be272c7152b4769a\/LATAJACA-WROZKA-LALKA-STEROWANA-CRYSTAL-FLYERS-UNOSI-SIE-W-POWIETRZU-Liczba-sztuk-1-szt 1153w,https:\/\/a.allegroimg.com\/original\/11b0d6\/48b4ef884dd5be272c7152b4769a\/LATAJACA-WROZKA-LALKA-STEROWANA-CRYSTAL-FLYERS-UNOSI-SIE-W-POWIETRZU-Liczba-sztuk-1-szt 1581w\" alt=\"SKRAIDAN\u010cIOS F\u0116J\u0172 L\u0116L\u0116S VALDOMI KRISTALIN\u0116S SKRAIDYKL\u0116S SKYDA ORE Kiekis: 1 vnt.\" width=\"1581px\" data-srcset=\"\" \/><\/button><\/div>\n<\/div>\n<\/div>\n<\/div>\n<\/div>","protected":false},"excerpt":{"rendered":"<p>\u201eHatchimals\u201c kri\u0161tolin\u0117s skraidykl\u0117s skraidan\u010dios f\u0117jos l\u0117l\u0117 Sukurtas populiarios ir gerbiamos kompanijos \u201e\u00a0\u00a0Spin Master\u201c\u00a0, \u0161is \u017eaisliukas priklauso\u00a0\u00a0\u201eHatchimals\u201c\u00a0serijai \u2013 \u017eavingoms, magi\u0161koms b\u016btyb\u0117ms,<\/p>","protected":false},"featured_media":79353,"template":"","meta":{"_acf_changed":false,"_glsr_average":0,"_glsr_ranking":0,"_glsr_reviews":0},"product_brand":[],"product_cat":[443,229],"product_tag":[],"class_list":{"0":"post-79352","1":"product","2":"type-product","3":"status-publish","4":"has-post-thumbnail","6":"product_cat-leles-ir-priedai","7":"product_cat-zaislai-vaikams","8":"\"style=\"background-color: #2ecc711c;\"","10":"first","11":"instock","12":"shipping-taxable","13":"purchasable","14":"product-type-simple"},"acf":[],"yoast_head":"<!-- This site is optimized with the Yoast SEO plugin v27.3 - https:\/\/yoast.com\/product\/yoast-seo-wordpress\/ -->\n<title>Skraidanti l\u0117l\u0117 f\u0117ja - KidsPlay<\/title>\n<meta name=\"description\" content=\"Skraidanti l\u0117l\u0117 f\u0117ja - KidsPlay. Did\u017eiausias vaik\u0173 \u017eaisl\u0173 pasirinkimas.\" \/>\n<meta name=\"robots\" content=\"index, follow, max-snippet:-1, max-image-preview:large, max-video-preview:-1\" \/>\n<link rel=\"canonical\" href=\"https:\/\/kidsplay.lt\/lv\/products\/skraidanti-lele-feja\/\" \/>\n<meta property=\"og:locale\" content=\"lv_LV\" \/>\n<meta property=\"og:type\" content=\"article\" \/>\n<meta property=\"og:title\" content=\"Skraidanti l\u0117l\u0117 f\u0117ja - KidsPlay\" \/>\n<meta property=\"og:description\" content=\"Skraidanti l\u0117l\u0117 f\u0117ja - KidsPlay. Did\u017eiausias vaik\u0173 \u017eaisl\u0173 pasirinkimas.\" \/>\n<meta property=\"og:url\" content=\"https:\/\/kidsplay.lt\/lv\/products\/skraidanti-lele-feja\/\" \/>\n<meta property=\"og:site_name\" content=\"KidsPlay\" \/>\n<meta property=\"article:publisher\" content=\"https:\/\/www.facebook.com\/www.kidsplay.lt\" \/>\n<meta property=\"article:modified_time\" content=\"2026-02-11T03:52:51+00:00\" \/>\n<meta property=\"og:image\" content=\"https:\/\/kidsplay.lt\/wp-content\/uploads\/2025\/10\/Screenshot_773-1.png\" \/>\n\t<meta property=\"og:image:width\" content=\"576\" \/>\n\t<meta property=\"og:image:height\" content=\"517\" \/>\n\t<meta property=\"og:image:type\" content=\"image\/png\" \/>\n<meta name=\"twitter:card\" content=\"summary_large_image\" \/>\n<meta name=\"twitter:label1\" content=\"Est. reading time\" \/>\n\t<meta name=\"twitter:data1\" content=\"3 min\u016btes\" \/>\n<script type=\"application\/ld+json\" class=\"yoast-schema-graph\">{\"@context\":\"https:\\\/\\\/schema.org\",\"@graph\":[{\"@type\":\"WebPage\",\"@id\":\"https:\\\/\\\/kidsplay.lt\\\/produktas\\\/skraidanti-lele-feja\\\/\",\"url\":\"https:\\\/\\\/kidsplay.lt\\\/produktas\\\/skraidanti-lele-feja\\\/\",\"name\":\"Skraidanti l\u0117l\u0117 f\u0117ja - KidsPlay\",\"isPartOf\":{\"@id\":\"https:\\\/\\\/kidsplay.lt\\\/#website\"},\"primaryImageOfPage\":{\"@id\":\"https:\\\/\\\/kidsplay.lt\\\/produktas\\\/skraidanti-lele-feja\\\/#primaryimage\"},\"image\":{\"@id\":\"https:\\\/\\\/kidsplay.lt\\\/produktas\\\/skraidanti-lele-feja\\\/#primaryimage\"},\"thumbnailUrl\":\"https:\\\/\\\/kidsplay.lt\\\/wp-content\\\/uploads\\\/2025\\\/10\\\/Screenshot_773-1.png\",\"datePublished\":\"2025-10-28T11:01:46+00:00\",\"dateModified\":\"2026-02-11T03:52:51+00:00\",\"description\":\"Skraidanti l\u0117l\u0117 f\u0117ja - KidsPlay. Did\u017eiausias vaik\u0173 \u017eaisl\u0173 pasirinkimas.\",\"breadcrumb\":{\"@id\":\"https:\\\/\\\/kidsplay.lt\\\/produktas\\\/skraidanti-lele-feja\\\/#breadcrumb\"},\"inLanguage\":\"lv-LV\",\"potentialAction\":[{\"@type\":\"ReadAction\",\"target\":[\"https:\\\/\\\/kidsplay.lt\\\/produktas\\\/skraidanti-lele-feja\\\/\"]}]},{\"@type\":\"ImageObject\",\"inLanguage\":\"lv-LV\",\"@id\":\"https:\\\/\\\/kidsplay.lt\\\/produktas\\\/skraidanti-lele-feja\\\/#primaryimage\",\"url\":\"https:\\\/\\\/kidsplay.lt\\\/wp-content\\\/uploads\\\/2025\\\/10\\\/Screenshot_773-1.png\",\"contentUrl\":\"https:\\\/\\\/kidsplay.lt\\\/wp-content\\\/uploads\\\/2025\\\/10\\\/Screenshot_773-1.png\",\"width\":576,\"height\":517},{\"@type\":\"BreadcrumbList\",\"@id\":\"https:\\\/\\\/kidsplay.lt\\\/produktas\\\/skraidanti-lele-feja\\\/#breadcrumb\",\"itemListElement\":[{\"@type\":\"ListItem\",\"position\":1,\"name\":\"Pagrindinis\",\"item\":\"https:\\\/\\\/kidsplay.lt\\\/\"},{\"@type\":\"ListItem\",\"position\":2,\"name\":\"Parduotuv\u0117\",\"item\":\"https:\\\/\\\/kidsplay.lt\\\/parduotuve\\\/\"},{\"@type\":\"ListItem\",\"position\":3,\"name\":\"Skraidanti l\u0117l\u0117 f\u0117ja\"}]},{\"@type\":\"WebSite\",\"@id\":\"https:\\\/\\\/kidsplay.lt\\\/#website\",\"url\":\"https:\\\/\\\/kidsplay.lt\\\/\",\"name\":\"Kidsplay.lt\",\"description\":\"\u012evairios prek\u0117s vaikams\",\"publisher\":{\"@id\":\"https:\\\/\\\/kidsplay.lt\\\/#organization\"},\"alternateName\":\"Kidsplay\",\"potentialAction\":[{\"@type\":\"SearchAction\",\"target\":{\"@type\":\"EntryPoint\",\"urlTemplate\":\"https:\\\/\\\/kidsplay.lt\\\/?s={search_term_string}\"},\"query-input\":{\"@type\":\"PropertyValueSpecification\",\"valueRequired\":true,\"valueName\":\"search_term_string\"}}],\"inLanguage\":\"lv-LV\"},{\"@type\":\"Organization\",\"@id\":\"https:\\\/\\\/kidsplay.lt\\\/#organization\",\"name\":\"KidsPlay\",\"url\":\"https:\\\/\\\/kidsplay.lt\\\/\",\"logo\":{\"@type\":\"ImageObject\",\"inLanguage\":\"lv-LV\",\"@id\":\"https:\\\/\\\/kidsplay.lt\\\/#\\\/schema\\\/logo\\\/image\\\/\",\"url\":\"https:\\\/\\\/kidsplay.lt\\\/wp-content\\\/uploads\\\/2023\\\/07\\\/kidsplay-logo.png\",\"contentUrl\":\"https:\\\/\\\/kidsplay.lt\\\/wp-content\\\/uploads\\\/2023\\\/07\\\/kidsplay-logo.png\",\"width\":451,\"height\":98,\"caption\":\"KidsPlay\"},\"image\":{\"@id\":\"https:\\\/\\\/kidsplay.lt\\\/#\\\/schema\\\/logo\\\/image\\\/\"},\"sameAs\":[\"https:\\\/\\\/www.facebook.com\\\/www.kidsplay.lt\"]}]}<\/script>\n<!-- \/ Yoast SEO plugin. -->","yoast_head_json":{"title":"Skraidanti l\u0117l\u0117 f\u0117ja - KidsPlay","description":"Skraidanti l\u0117l\u0117 f\u0117ja - KidsPlay. Did\u017eiausias vaik\u0173 \u017eaisl\u0173 pasirinkimas.","robots":{"index":"index","follow":"follow","max-snippet":"max-snippet:-1","max-image-preview":"max-image-preview:large","max-video-preview":"max-video-preview:-1"},"canonical":"https:\/\/kidsplay.lt\/lv\/products\/skraidanti-lele-feja\/","og_locale":"lv_LV","og_type":"article","og_title":"Skraidanti l\u0117l\u0117 f\u0117ja - KidsPlay","og_description":"Skraidanti l\u0117l\u0117 f\u0117ja - KidsPlay. Did\u017eiausias vaik\u0173 \u017eaisl\u0173 pasirinkimas.","og_url":"https:\/\/kidsplay.lt\/lv\/products\/skraidanti-lele-feja\/","og_site_name":"KidsPlay","article_publisher":"https:\/\/www.facebook.com\/www.kidsplay.lt","article_modified_time":"2026-02-11T03:52:51+00:00","og_image":[{"width":576,"height":517,"url":"https:\/\/kidsplay.lt\/wp-content\/uploads\/2025\/10\/Screenshot_773-1.png","type":"image\/png"}],"twitter_card":"summary_large_image","twitter_misc":{"Est. reading time":"3 min\u016btes"},"schema":{"@context":"https:\/\/schema.org","@graph":[{"@type":"WebPage","@id":"https:\/\/kidsplay.lt\/produktas\/skraidanti-lele-feja\/","url":"https:\/\/kidsplay.lt\/produktas\/skraidanti-lele-feja\/","name":"Skraidanti l\u0117l\u0117 f\u0117ja - KidsPlay","isPartOf":{"@id":"https:\/\/kidsplay.lt\/#website"},"primaryImageOfPage":{"@id":"https:\/\/kidsplay.lt\/produktas\/skraidanti-lele-feja\/#primaryimage"},"image":{"@id":"https:\/\/kidsplay.lt\/produktas\/skraidanti-lele-feja\/#primaryimage"},"thumbnailUrl":"https:\/\/kidsplay.lt\/wp-content\/uploads\/2025\/10\/Screenshot_773-1.png","datePublished":"2025-10-28T11:01:46+00:00","dateModified":"2026-02-11T03:52:51+00:00","description":"Skraidanti l\u0117l\u0117 f\u0117ja - KidsPlay. Did\u017eiausias vaik\u0173 \u017eaisl\u0173 pasirinkimas.","breadcrumb":{"@id":"https:\/\/kidsplay.lt\/produktas\/skraidanti-lele-feja\/#breadcrumb"},"inLanguage":"lv-LV","potentialAction":[{"@type":"ReadAction","target":["https:\/\/kidsplay.lt\/produktas\/skraidanti-lele-feja\/"]}]},{"@type":"ImageObject","inLanguage":"lv-LV","@id":"https:\/\/kidsplay.lt\/produktas\/skraidanti-lele-feja\/#primaryimage","url":"https:\/\/kidsplay.lt\/wp-content\/uploads\/2025\/10\/Screenshot_773-1.png","contentUrl":"https:\/\/kidsplay.lt\/wp-content\/uploads\/2025\/10\/Screenshot_773-1.png","width":576,"height":517},{"@type":"BreadcrumbList","@id":"https:\/\/kidsplay.lt\/produktas\/skraidanti-lele-feja\/#breadcrumb","itemListElement":[{"@type":"ListItem","position":1,"name":"Pagrindinis","item":"https:\/\/kidsplay.lt\/"},{"@type":"ListItem","position":2,"name":"Parduotuv\u0117","item":"https:\/\/kidsplay.lt\/parduotuve\/"},{"@type":"ListItem","position":3,"name":"Skraidanti l\u0117l\u0117 f\u0117ja"}]},{"@type":"WebSite","@id":"https:\/\/kidsplay.lt\/#website","url":"https:\/\/kidsplay.lt\/","name":"B\u0113rnu sp\u0113les.lv","description":"\u012evairios prek\u0117s vaikams","publisher":{"@id":"https:\/\/kidsplay.lt\/#organization"},"alternateName":"Kidsplay","potentialAction":[{"@type":"SearchAction","target":{"@type":"EntryPoint","urlTemplate":"https:\/\/kidsplay.lt\/?s={search_term_string}"},"query-input":{"@type":"PropertyValueSpecification","valueRequired":true,"valueName":"search_term_string"}}],"inLanguage":"lv-LV"},{"@type":"Organization","@id":"https:\/\/kidsplay.lt\/#organization","name":"B\u0113rnu sp\u0113le","url":"https:\/\/kidsplay.lt\/","logo":{"@type":"ImageObject","inLanguage":"lv-LV","@id":"https:\/\/kidsplay.lt\/#\/schema\/logo\/image\/","url":"https:\/\/kidsplay.lt\/wp-content\/uploads\/2023\/07\/kidsplay-logo.png","contentUrl":"https:\/\/kidsplay.lt\/wp-content\/uploads\/2023\/07\/kidsplay-logo.png","width":451,"height":98,"caption":"KidsPlay"},"image":{"@id":"https:\/\/kidsplay.lt\/#\/schema\/logo\/image\/"},"sameAs":["https:\/\/www.facebook.com\/www.kidsplay.lt"]}]}},"_links":{"self":[{"href":"https:\/\/kidsplay.lt\/lv\/wp-json\/wp\/v2\/product\/79352","targetHints":{"allow":["GET"]}}],"collection":[{"href":"https:\/\/kidsplay.lt\/lv\/wp-json\/wp\/v2\/product"}],"about":[{"href":"https:\/\/kidsplay.lt\/lv\/wp-json\/wp\/v2\/types\/product"}],"version-history":[{"count":1,"href":"https:\/\/kidsplay.lt\/lv\/wp-json\/wp\/v2\/product\/79352\/revisions"}],"predecessor-version":[{"id":79357,"href":"https:\/\/kidsplay.lt\/lv\/wp-json\/wp\/v2\/product\/79352\/revisions\/79357"}],"wp:featuredmedia":[{"embeddable":true,"href":"https:\/\/kidsplay.lt\/lv\/wp-json\/wp\/v2\/media\/79353"}],"wp:attachment":[{"href":"https:\/\/kidsplay.lt\/lv\/wp-json\/wp\/v2\/media?parent=79352"}],"wp:term":[{"taxonomy":"product_brand","embeddable":true,"href":"https:\/\/kidsplay.lt\/lv\/wp-json\/wp\/v2\/product_brand?post=79352"},{"taxonomy":"product_cat","embeddable":true,"href":"https:\/\/kidsplay.lt\/lv\/wp-json\/wp\/v2\/product_cat?post=79352"},{"taxonomy":"product_tag","embeddable":true,"href":"https:\/\/kidsplay.lt\/lv\/wp-json\/wp\/v2\/product_tag?post=79352"}],"curies":[{"name":"wp","href":"https:\/\/api.w.org\/{rel}","templated":true}]}}