{"id":79393,"date":"2025-10-30T09:54:21","date_gmt":"2025-10-30T07:54:21","guid":{"rendered":"https:\/\/kidsplay.lt\/produktas\/tooky-toy-mediniai-siulo-verimo-kaladeles-viksrui-mokantis-skaiciuoti-20-vnt\/"},"modified":"2026-04-13T14:52:37","modified_gmt":"2026-04-13T11:52:37","slug":"tooky-toy-mediniai-siulo-verimo-kaladeles-viksrui-mokantis-skaiciuoti-20-vnt","status":"publish","type":"product","link":"https:\/\/kidsplay.lt\/lv\/products\/tooky-toy-mediniai-siulo-verimo-kaladeles-viksrui-mokantis-skaiciuoti-20-vnt\/","title":{"rendered":"TOOKY TOY mediniai si\u016blo v\u0117rimo kalad\u0117l\u0117s vik\u0161rui, mokantis skai\u010diuoti, 20 vnt."},"content":{"rendered":"<p>\u201eTOOKY TOY\u201c suvarstomas vik\u0161ras yra\u00a0\u00a0medinis \u017eaislas vaikams, leid\u017eiantis jiems sukurti \u017eav\u0173, spalving\u0105 vik\u0161r\u0105 su ry\u0161kiu, besi\u0161ypsan\u010diu veidu. Tai puikus \u017eaidimas\u00a0\u00a0lavinti smulki\u0105j\u0105 motorik\u0105\u00a0, b\u016btin\u0105 ankstyvajam vystymuisi. \u0160is \u017eaislas suteiks valand\u0173 valandas pramogos, kol vaikai vers si\u016blus per skylutes. Kiekviena detal\u0117 pagaminta i\u0161 auk\u0161tos kokyb\u0117s medienos ir da\u017eyta netoksi\u0161kais da\u017eais. Si\u016bl\u0173 v\u0117rimas ir rai\u0161teli\u0173 v\u0117rimas\u00a0\u00a0lavina ma\u017e\u0173j\u0173 pir\u0161t\u0173 koordinacij\u0105\u00a0\u00a0ir\u00a0\u00a0kantryb\u0119\u00a0. \u0160is medinis lavinamasis \u017eaislas si\u016blo daug galimybi\u0173, pavyzd\u017eiui, skai\u010di\u0173 v\u0117rim\u0105 teisinga did\u0117jan\u010dia arba ma\u017e\u0117jan\u010dia tvarka, tik lygini\u0173 skai\u010di\u0173 v\u0117rim\u0105 ir spalv\u0173 bei form\u0173 atpa\u017einim\u0105. D\u0117l a\u0161tri\u0173 briaun\u0173 nebuvimo \u0161is gaminys yra 100 % saugus vaikams.<br \/>\nRakstur\u012bgs:\u00a0<\/p>\n<p> \t&#8211; rinkin\u012f sudaro\u00a0\u00a020 element\u0173,<br \/>\n \t&#8211; kalad\u0117l\u0117s ir virvel\u0117\u00a0pridedami\u00a0 ,<br \/>\n \t&#8211; elementai pagaminti i\u0161 med\u017eio,<br \/>\n \t&#8211; da\u017eyta\u00a0\u00a0netoksi\u0161kais da\u017eais,<br \/>\n \t&#8211; aplinkai ir vaikams draugi\u0161kas produktas.<\/p>\n<p>\u017daislas:\u00a0<\/p>\n<p> \t&#8211; lavina motorinius \u012fg\u016bd\u017eius,<br \/>\n \t&#8211; lavina miklum\u0105,<br \/>\n \t&#8211; lavina geb\u0117jim\u0105 atskirti spalvas ir formas,<br \/>\n \t&#8211; moko skai\u010di\u0173,<br \/>\n \t&#8211; ugdo k\u016brybi\u0161kum\u0105.<\/p>","protected":false},"excerpt":{"rendered":"<p>\u201eTOOKY TOY\u201c suvarstomas vik\u0161ras yra\u00a0\u00a0medinis \u017eaislas vaikams, leid\u017eiantis jiems sukurti \u017eav\u0173, spalving\u0105 vik\u0161r\u0105 su ry\u0161kiu, besi\u0161ypsan\u010diu veidu. Tai puikus \u017eaidimas\u00a0\u00a0lavinti<\/p>","protected":false},"featured_media":79395,"template":"","meta":{"_acf_changed":false,"_glsr_average":0,"_glsr_ranking":0,"_glsr_reviews":0},"product_brand":[],"product_cat":[884,883,229],"product_tag":[],"class_list":{"0":"post-79393","1":"product","2":"type-product","3":"status-publish","4":"has-post-thumbnail","6":"product_cat-edukaciniai-lavinamieji-mediniai-zaislai","7":"product_cat-mediniai-zaislai-2","8":"product_cat-zaislai-vaikams","9":"\"style=\"background-color: #2ecc711c;\"","11":"first","12":"instock","13":"purchasable","14":"product-type-simple"},"acf":[],"yoast_head":"<!-- This site is optimized with the Yoast SEO plugin v27.3 - https:\/\/yoast.com\/product\/yoast-seo-wordpress\/ -->\n<title>TOOKY TOY mediniai si\u016blo v\u0117rimo kalad\u0117l\u0117s vik\u0161rui, mokantis skai\u010diuoti, 20 vnt.<\/title>\n<meta name=\"description\" content=\"TOOKY TOY mediniai si\u016blo v\u0117rimo kalad\u0117l\u0117s vik\u0161rui, mokantis skai\u010diuoti, 20 vnt. - KidsPlay. Did\u017eiausias vaik\u0173 \u017eaisl\u0173 pasirinkimas.\" \/>\n<meta name=\"robots\" content=\"index, follow, max-snippet:-1, max-image-preview:large, max-video-preview:-1\" \/>\n<link rel=\"canonical\" href=\"https:\/\/kidsplay.lt\/lv\/products\/tooky-toy-mediniai-siulo-verimo-kaladeles-viksrui-mokantis-skaiciuoti-20-vnt\/\" \/>\n<meta property=\"og:locale\" content=\"lv_LV\" \/>\n<meta property=\"og:type\" content=\"article\" \/>\n<meta property=\"og:title\" content=\"TOOKY TOY mediniai si\u016blo v\u0117rimo kalad\u0117l\u0117s vik\u0161rui, mokantis skai\u010diuoti, 20 vnt.\" \/>\n<meta property=\"og:description\" content=\"TOOKY TOY mediniai si\u016blo v\u0117rimo kalad\u0117l\u0117s vik\u0161rui, mokantis skai\u010diuoti, 20 vnt. - KidsPlay. Did\u017eiausias vaik\u0173 \u017eaisl\u0173 pasirinkimas.\" \/>\n<meta property=\"og:url\" content=\"https:\/\/kidsplay.lt\/lv\/products\/tooky-toy-mediniai-siulo-verimo-kaladeles-viksrui-mokantis-skaiciuoti-20-vnt\/\" \/>\n<meta property=\"og:site_name\" content=\"KidsPlay\" \/>\n<meta property=\"article:publisher\" content=\"https:\/\/www.facebook.com\/www.kidsplay.lt\" \/>\n<meta property=\"article:modified_time\" content=\"2026-04-13T11:52:37+00:00\" \/>\n<meta property=\"og:image\" content=\"https:\/\/kidsplay.lt\/wp-content\/uploads\/2025\/10\/TOOKY-TOY-mediniai-siulo-verimo-kaladeles-viksrui-mokantis-skaiciuoti-20-vnt-800x800.jpg\" \/>\n\t<meta property=\"og:image:width\" content=\"800\" \/>\n\t<meta property=\"og:image:height\" content=\"800\" \/>\n\t<meta property=\"og:image:type\" content=\"image\/png\" \/>\n<meta name=\"twitter:card\" content=\"summary_large_image\" \/>\n<meta name=\"twitter:label1\" content=\"Est. reading time\" \/>\n\t<meta name=\"twitter:data1\" content=\"1 min\u016bte\" \/>\n<script type=\"application\/ld+json\" class=\"yoast-schema-graph\">{\"@context\":\"https:\\\/\\\/schema.org\",\"@graph\":[{\"@type\":\"WebPage\",\"@id\":\"https:\\\/\\\/kidsplay.lt\\\/produktas\\\/tooky-toy-mediniai-siulo-verimo-kaladeles-viksrui-mokantis-skaiciuoti-20-vnt\\\/\",\"url\":\"https:\\\/\\\/kidsplay.lt\\\/produktas\\\/tooky-toy-mediniai-siulo-verimo-kaladeles-viksrui-mokantis-skaiciuoti-20-vnt\\\/\",\"name\":\"TOOKY TOY mediniai si\u016blo v\u0117rimo kalad\u0117l\u0117s vik\u0161rui, mokantis skai\u010diuoti, 20 vnt.\",\"isPartOf\":{\"@id\":\"https:\\\/\\\/kidsplay.lt\\\/#website\"},\"primaryImageOfPage\":{\"@id\":\"https:\\\/\\\/kidsplay.lt\\\/produktas\\\/tooky-toy-mediniai-siulo-verimo-kaladeles-viksrui-mokantis-skaiciuoti-20-vnt\\\/#primaryimage\"},\"image\":{\"@id\":\"https:\\\/\\\/kidsplay.lt\\\/produktas\\\/tooky-toy-mediniai-siulo-verimo-kaladeles-viksrui-mokantis-skaiciuoti-20-vnt\\\/#primaryimage\"},\"thumbnailUrl\":\"https:\\\/\\\/kidsplay.lt\\\/wp-content\\\/uploads\\\/2025\\\/10\\\/TOOKY-TOY-mediniai-siulo-verimo-kaladeles-viksrui-mokantis-skaiciuoti-20-vnt.jpg\",\"datePublished\":\"2025-10-30T07:54:21+00:00\",\"dateModified\":\"2026-04-13T11:52:37+00:00\",\"description\":\"TOOKY TOY mediniai si\u016blo v\u0117rimo kalad\u0117l\u0117s vik\u0161rui, mokantis skai\u010diuoti, 20 vnt. - KidsPlay. Did\u017eiausias vaik\u0173 \u017eaisl\u0173 pasirinkimas.\",\"breadcrumb\":{\"@id\":\"https:\\\/\\\/kidsplay.lt\\\/produktas\\\/tooky-toy-mediniai-siulo-verimo-kaladeles-viksrui-mokantis-skaiciuoti-20-vnt\\\/#breadcrumb\"},\"inLanguage\":\"lv-LV\",\"potentialAction\":[{\"@type\":\"ReadAction\",\"target\":[\"https:\\\/\\\/kidsplay.lt\\\/produktas\\\/tooky-toy-mediniai-siulo-verimo-kaladeles-viksrui-mokantis-skaiciuoti-20-vnt\\\/\"]}]},{\"@type\":\"ImageObject\",\"inLanguage\":\"lv-LV\",\"@id\":\"https:\\\/\\\/kidsplay.lt\\\/produktas\\\/tooky-toy-mediniai-siulo-verimo-kaladeles-viksrui-mokantis-skaiciuoti-20-vnt\\\/#primaryimage\",\"url\":\"https:\\\/\\\/kidsplay.lt\\\/wp-content\\\/uploads\\\/2025\\\/10\\\/TOOKY-TOY-mediniai-siulo-verimo-kaladeles-viksrui-mokantis-skaiciuoti-20-vnt.jpg\",\"contentUrl\":\"https:\\\/\\\/kidsplay.lt\\\/wp-content\\\/uploads\\\/2025\\\/10\\\/TOOKY-TOY-mediniai-siulo-verimo-kaladeles-viksrui-mokantis-skaiciuoti-20-vnt.jpg\",\"width\":2560,\"height\":2560,\"caption\":\"TOOKY TOY mediniai si\u016blo v\u0117rimo kalad\u0117l\u0117s vik\u0161rui\"},{\"@type\":\"BreadcrumbList\",\"@id\":\"https:\\\/\\\/kidsplay.lt\\\/produktas\\\/tooky-toy-mediniai-siulo-verimo-kaladeles-viksrui-mokantis-skaiciuoti-20-vnt\\\/#breadcrumb\",\"itemListElement\":[{\"@type\":\"ListItem\",\"position\":1,\"name\":\"Pagrindinis\",\"item\":\"https:\\\/\\\/kidsplay.lt\\\/\"},{\"@type\":\"ListItem\",\"position\":2,\"name\":\"Parduotuv\u0117\",\"item\":\"https:\\\/\\\/kidsplay.lt\\\/parduotuve\\\/\"},{\"@type\":\"ListItem\",\"position\":3,\"name\":\"TOOKY TOY mediniai si\u016blo v\u0117rimo kalad\u0117l\u0117s vik\u0161rui, mokantis skai\u010diuoti, 20 vnt.\"}]},{\"@type\":\"WebSite\",\"@id\":\"https:\\\/\\\/kidsplay.lt\\\/#website\",\"url\":\"https:\\\/\\\/kidsplay.lt\\\/\",\"name\":\"Kidsplay.lt\",\"description\":\"\u012evairios prek\u0117s vaikams\",\"publisher\":{\"@id\":\"https:\\\/\\\/kidsplay.lt\\\/#organization\"},\"alternateName\":\"Kidsplay\",\"potentialAction\":[{\"@type\":\"SearchAction\",\"target\":{\"@type\":\"EntryPoint\",\"urlTemplate\":\"https:\\\/\\\/kidsplay.lt\\\/?s={search_term_string}\"},\"query-input\":{\"@type\":\"PropertyValueSpecification\",\"valueRequired\":true,\"valueName\":\"search_term_string\"}}],\"inLanguage\":\"lv-LV\"},{\"@type\":\"Organization\",\"@id\":\"https:\\\/\\\/kidsplay.lt\\\/#organization\",\"name\":\"KidsPlay\",\"url\":\"https:\\\/\\\/kidsplay.lt\\\/\",\"logo\":{\"@type\":\"ImageObject\",\"inLanguage\":\"lv-LV\",\"@id\":\"https:\\\/\\\/kidsplay.lt\\\/#\\\/schema\\\/logo\\\/image\\\/\",\"url\":\"https:\\\/\\\/kidsplay.lt\\\/wp-content\\\/uploads\\\/2023\\\/07\\\/kidsplay-logo.png\",\"contentUrl\":\"https:\\\/\\\/kidsplay.lt\\\/wp-content\\\/uploads\\\/2023\\\/07\\\/kidsplay-logo.png\",\"width\":451,\"height\":98,\"caption\":\"KidsPlay\"},\"image\":{\"@id\":\"https:\\\/\\\/kidsplay.lt\\\/#\\\/schema\\\/logo\\\/image\\\/\"},\"sameAs\":[\"https:\\\/\\\/www.facebook.com\\\/www.kidsplay.lt\"]}]}<\/script>\n<!-- \/ Yoast SEO plugin. -->","yoast_head_json":{"title":"TOOKY TOY mediniai si\u016blo v\u0117rimo kalad\u0117l\u0117s vik\u0161rui, mokantis skai\u010diuoti, 20 vnt.","description":"TOOKY TOY mediniai si\u016blo v\u0117rimo kalad\u0117l\u0117s vik\u0161rui, mokantis skai\u010diuoti, 20 vnt. - KidsPlay. Did\u017eiausias vaik\u0173 \u017eaisl\u0173 pasirinkimas.","robots":{"index":"index","follow":"follow","max-snippet":"max-snippet:-1","max-image-preview":"max-image-preview:large","max-video-preview":"max-video-preview:-1"},"canonical":"https:\/\/kidsplay.lt\/lv\/products\/tooky-toy-mediniai-siulo-verimo-kaladeles-viksrui-mokantis-skaiciuoti-20-vnt\/","og_locale":"lv_LV","og_type":"article","og_title":"TOOKY TOY mediniai si\u016blo v\u0117rimo kalad\u0117l\u0117s vik\u0161rui, mokantis skai\u010diuoti, 20 vnt.","og_description":"TOOKY TOY mediniai si\u016blo v\u0117rimo kalad\u0117l\u0117s vik\u0161rui, mokantis skai\u010diuoti, 20 vnt. - KidsPlay. Did\u017eiausias vaik\u0173 \u017eaisl\u0173 pasirinkimas.","og_url":"https:\/\/kidsplay.lt\/lv\/products\/tooky-toy-mediniai-siulo-verimo-kaladeles-viksrui-mokantis-skaiciuoti-20-vnt\/","og_site_name":"KidsPlay","article_publisher":"https:\/\/www.facebook.com\/www.kidsplay.lt","article_modified_time":"2026-04-13T11:52:37+00:00","og_image":[{"width":800,"height":800,"url":"https:\/\/kidsplay.lt\/wp-content\/uploads\/2025\/10\/TOOKY-TOY-mediniai-siulo-verimo-kaladeles-viksrui-mokantis-skaiciuoti-20-vnt-800x800.jpg","type":"image\/png"}],"twitter_card":"summary_large_image","twitter_misc":{"Est. reading time":"1 min\u016bte"},"schema":{"@context":"https:\/\/schema.org","@graph":[{"@type":"WebPage","@id":"https:\/\/kidsplay.lt\/produktas\/tooky-toy-mediniai-siulo-verimo-kaladeles-viksrui-mokantis-skaiciuoti-20-vnt\/","url":"https:\/\/kidsplay.lt\/produktas\/tooky-toy-mediniai-siulo-verimo-kaladeles-viksrui-mokantis-skaiciuoti-20-vnt\/","name":"TOOKY TOY mediniai si\u016blo v\u0117rimo kalad\u0117l\u0117s vik\u0161rui, mokantis skai\u010diuoti, 20 vnt.","isPartOf":{"@id":"https:\/\/kidsplay.lt\/#website"},"primaryImageOfPage":{"@id":"https:\/\/kidsplay.lt\/produktas\/tooky-toy-mediniai-siulo-verimo-kaladeles-viksrui-mokantis-skaiciuoti-20-vnt\/#primaryimage"},"image":{"@id":"https:\/\/kidsplay.lt\/produktas\/tooky-toy-mediniai-siulo-verimo-kaladeles-viksrui-mokantis-skaiciuoti-20-vnt\/#primaryimage"},"thumbnailUrl":"https:\/\/kidsplay.lt\/wp-content\/uploads\/2025\/10\/TOOKY-TOY-mediniai-siulo-verimo-kaladeles-viksrui-mokantis-skaiciuoti-20-vnt.jpg","datePublished":"2025-10-30T07:54:21+00:00","dateModified":"2026-04-13T11:52:37+00:00","description":"TOOKY TOY mediniai si\u016blo v\u0117rimo kalad\u0117l\u0117s vik\u0161rui, mokantis skai\u010diuoti, 20 vnt. - KidsPlay. Did\u017eiausias vaik\u0173 \u017eaisl\u0173 pasirinkimas.","breadcrumb":{"@id":"https:\/\/kidsplay.lt\/produktas\/tooky-toy-mediniai-siulo-verimo-kaladeles-viksrui-mokantis-skaiciuoti-20-vnt\/#breadcrumb"},"inLanguage":"lv-LV","potentialAction":[{"@type":"ReadAction","target":["https:\/\/kidsplay.lt\/produktas\/tooky-toy-mediniai-siulo-verimo-kaladeles-viksrui-mokantis-skaiciuoti-20-vnt\/"]}]},{"@type":"ImageObject","inLanguage":"lv-LV","@id":"https:\/\/kidsplay.lt\/produktas\/tooky-toy-mediniai-siulo-verimo-kaladeles-viksrui-mokantis-skaiciuoti-20-vnt\/#primaryimage","url":"https:\/\/kidsplay.lt\/wp-content\/uploads\/2025\/10\/TOOKY-TOY-mediniai-siulo-verimo-kaladeles-viksrui-mokantis-skaiciuoti-20-vnt.jpg","contentUrl":"https:\/\/kidsplay.lt\/wp-content\/uploads\/2025\/10\/TOOKY-TOY-mediniai-siulo-verimo-kaladeles-viksrui-mokantis-skaiciuoti-20-vnt.jpg","width":2560,"height":2560,"caption":"TOOKY TOY mediniai si\u016blo v\u0117rimo kalad\u0117l\u0117s vik\u0161rui"},{"@type":"BreadcrumbList","@id":"https:\/\/kidsplay.lt\/produktas\/tooky-toy-mediniai-siulo-verimo-kaladeles-viksrui-mokantis-skaiciuoti-20-vnt\/#breadcrumb","itemListElement":[{"@type":"ListItem","position":1,"name":"Pagrindinis","item":"https:\/\/kidsplay.lt\/"},{"@type":"ListItem","position":2,"name":"Parduotuv\u0117","item":"https:\/\/kidsplay.lt\/parduotuve\/"},{"@type":"ListItem","position":3,"name":"TOOKY TOY mediniai si\u016blo v\u0117rimo kalad\u0117l\u0117s vik\u0161rui, mokantis skai\u010diuoti, 20 vnt."}]},{"@type":"WebSite","@id":"https:\/\/kidsplay.lt\/#website","url":"https:\/\/kidsplay.lt\/","name":"B\u0113rnu sp\u0113les.lv","description":"\u012evairios prek\u0117s vaikams","publisher":{"@id":"https:\/\/kidsplay.lt\/#organization"},"alternateName":"Kidsplay","potentialAction":[{"@type":"SearchAction","target":{"@type":"EntryPoint","urlTemplate":"https:\/\/kidsplay.lt\/?s={search_term_string}"},"query-input":{"@type":"PropertyValueSpecification","valueRequired":true,"valueName":"search_term_string"}}],"inLanguage":"lv-LV"},{"@type":"Organization","@id":"https:\/\/kidsplay.lt\/#organization","name":"B\u0113rnu sp\u0113le","url":"https:\/\/kidsplay.lt\/","logo":{"@type":"ImageObject","inLanguage":"lv-LV","@id":"https:\/\/kidsplay.lt\/#\/schema\/logo\/image\/","url":"https:\/\/kidsplay.lt\/wp-content\/uploads\/2023\/07\/kidsplay-logo.png","contentUrl":"https:\/\/kidsplay.lt\/wp-content\/uploads\/2023\/07\/kidsplay-logo.png","width":451,"height":98,"caption":"KidsPlay"},"image":{"@id":"https:\/\/kidsplay.lt\/#\/schema\/logo\/image\/"},"sameAs":["https:\/\/www.facebook.com\/www.kidsplay.lt"]}]}},"_links":{"self":[{"href":"https:\/\/kidsplay.lt\/lv\/wp-json\/wp\/v2\/product\/79393","targetHints":{"allow":["GET"]}}],"collection":[{"href":"https:\/\/kidsplay.lt\/lv\/wp-json\/wp\/v2\/product"}],"about":[{"href":"https:\/\/kidsplay.lt\/lv\/wp-json\/wp\/v2\/types\/product"}],"version-history":[{"count":1,"href":"https:\/\/kidsplay.lt\/lv\/wp-json\/wp\/v2\/product\/79393\/revisions"}],"predecessor-version":[{"id":79394,"href":"https:\/\/kidsplay.lt\/lv\/wp-json\/wp\/v2\/product\/79393\/revisions\/79394"}],"wp:featuredmedia":[{"embeddable":true,"href":"https:\/\/kidsplay.lt\/lv\/wp-json\/wp\/v2\/media\/79395"}],"wp:attachment":[{"href":"https:\/\/kidsplay.lt\/lv\/wp-json\/wp\/v2\/media?parent=79393"}],"wp:term":[{"taxonomy":"product_brand","embeddable":true,"href":"https:\/\/kidsplay.lt\/lv\/wp-json\/wp\/v2\/product_brand?post=79393"},{"taxonomy":"product_cat","embeddable":true,"href":"https:\/\/kidsplay.lt\/lv\/wp-json\/wp\/v2\/product_cat?post=79393"},{"taxonomy":"product_tag","embeddable":true,"href":"https:\/\/kidsplay.lt\/lv\/wp-json\/wp\/v2\/product_tag?post=79393"}],"curies":[{"name":"wp","href":"https:\/\/api.w.org\/{rel}","templated":true}]}}