{"id":79418,"date":"2025-10-30T09:56:00","date_gmt":"2025-10-30T07:56:00","guid":{"rendered":"https:\/\/kidsplay.lt\/produktas\/classic-world-edu-medinis-edukacinis-molbertas\/"},"modified":"2026-04-13T14:52:50","modified_gmt":"2026-04-13T11:52:50","slug":"classic-world-edu-medinis-edukacinis-molbertas","status":"publish","type":"product","link":"https:\/\/kidsplay.lt\/lv\/products\/classic-world-edu-medinis-edukacinis-molbertas\/","title":{"rendered":"CLASSIC WORLD EDU koka izgl\u012btojo\u0161ais molberts"},"content":{"rendered":"<p>Didelis medinis molbertas\u00a0visiems pradedantiesiems ma\u017eiesiems menininkams \u2013\u00a0\u0161i lenta i\u0161 garsaus\u00a0\u201eClassic World\u201c\u00a0prek\u0117s \u017eenklo\u00a0\u00a0\u00a0yra puiki dovana. Puikiai tinka lavinti smulki\u0105j\u0105\u00a0motorik\u0105\u00a0,\u00a0praktikuoti pie\u0161im\u0105, tapyb\u0105 ir ra\u0161yti raides\u00a0.Produktas pagamintas i\u0161\u00a0auk\u0161tos kokyb\u0117s medienos\u00a0ir da\u017eytas netoksi\u0161ku\u00a0, vaikams saugiu\u00a0impregnavimo da\u017eais\u00a0.\u00a0Lenta lavina\u00a0\u00a0smulki\u0105j\u0105 motorik\u0105\u00a0ir skatina\u00a0 vaik\u0173\u00a0k\u016brybi\u0161kum\u0105\u00a0\u00a0. Tvirta medin\u0117 konstrukcija u\u017etikrina ilgesn\u012f gaminio tarnavimo laik\u0105. Molbertas pagamintas i\u0161\u00a0dvipusio organinio stiklo\u00a0, tod\u0117l galima pie\u0161ti i\u0161 abiej\u0173 pusi\u0173. Kad b\u016bt\u0173 lengviau pie\u0161ti, ant lentynos po lenta galima pad\u0117ti da\u017e\u0173 ind\u0105.<\/p>\n<p>Rakstur\u012bgs:<\/p>\n<p> \t&#8211; produktas\u00a0nuo 3 met\u0173 am\u017eiaus,<br \/>\n \t&#8211; galimyb\u0117 i\u0161trinti\u00a0pie\u0161inius,<br \/>\n \t&#8211;\u00a0dvipus\u0117\u00a0lenta\u00a0su organiniu stiklu,<br \/>\n \t&#8211; tvirta medin\u0117 konstrukcija,<br \/>\n \t&#8211; puikiai tinka \u017eaisti sode,<br \/>\n \t&#8211; tinka dar\u017eeliams ir priva\u010diam naudojimui,<br \/>\n \t&#8211; auk\u0161\u010diausios kokyb\u0117s med\u017eiaga.<\/p>\n<p>Rota\u013clieta att\u012bst\u0101s:<\/p>\n<p> \t&#8211; motoriniai \u012fg\u016bd\u017eiai,<br \/>\n \t&#8211; k\u016brybi\u0161kumas,<br \/>\n \t&#8211; ra\u0161ymo \u012fg\u016bd\u017eiai,<br \/>\n \t&#8211; meniniai geb\u0117jimai.<\/p>\n<p>Ekologi\u0161ki \u017eaislai\u00a0\u00a0 skirti net ir patiems ma\u017eiausiems vaikams ir yra pagaminti i\u0161 visi\u0161kai nat\u016brali\u0173, biologi\u0161kai skaid\u017ei\u0173 ir hipoalergini\u0173 med\u017eiag\u0173, tod\u0117l jie yra 100 % saug\u016bs ir nekenksmingi ne tik aplinkai, bet ir j\u016bs\u0173 vaikui.<\/p>\n<p>\u201eClassic World\u201c\u00a0\u017eaislai\u00a0\u00a0supa\u017eindina vaikus su nauju fantasti\u0161ko \u017eaidimo matmeniu!\u00a0\u201eClassic World\u201c\u00a0si\u016blo medinius, ekologi\u0161kus \u017eaislus, sukurtus ne tik linksmintis, bet ir lavinti k\u016brybi\u0161kum\u0105, skatinti emocin\u012f jautrum\u0105 bei mokyti draugyst\u0117s. \u201eClassic World\u201c muzikiniai \u017eaislai nusipelno ypatingo pripa\u017einimo \u2013 jie padeda ugdyti ma\u017eiausi\u0173 vaik\u0173 muzikin\u012f jautrum\u0105.<\/p>","protected":false},"excerpt":{"rendered":"<p>Didelis medinis molbertas\u00a0visiems pradedantiesiems ma\u017eiesiems menininkams \u2013\u00a0\u0161i lenta i\u0161 garsaus\u00a0\u201eClassic World\u201c\u00a0prek\u0117s \u017eenklo\u00a0\u00a0\u00a0yra puiki dovana. Puikiai tinka lavinti smulki\u0105j\u0105\u00a0motorik\u0105\u00a0,\u00a0praktikuoti pie\u0161im\u0105, tapyb\u0105<\/p>","protected":false},"featured_media":79420,"template":"","meta":{"_acf_changed":false,"_glsr_average":0,"_glsr_ranking":0,"_glsr_reviews":0},"product_brand":[],"product_cat":[673,229],"product_tag":[],"class_list":{"0":"post-79418","1":"product","2":"type-product","3":"status-publish","4":"has-post-thumbnail","6":"product_cat-ugdomosios-priemones","7":"product_cat-zaislai-vaikams","8":"\"style=\"background-color: #2ecc711c;\"","10":"first","11":"instock","12":"purchasable","13":"product-type-simple"},"acf":[],"yoast_head":"<!-- This site is optimized with the Yoast SEO plugin v27.4 - https:\/\/yoast.com\/product\/yoast-seo-wordpress\/ -->\n<title>CLASSIC WORLD EDU medinis edukacinis molbertas<\/title>\n<meta name=\"description\" content=\"CLASSIC WORLD EDU medinis edukacinis molbertas - KidsPlay. Did\u017eiausias vaik\u0173 \u017eaisl\u0173 pasirinkimas.\" \/>\n<meta name=\"robots\" content=\"index, follow, max-snippet:-1, max-image-preview:large, max-video-preview:-1\" \/>\n<link rel=\"canonical\" href=\"https:\/\/kidsplay.lt\/lv\/products\/classic-world-edu-medinis-edukacinis-molbertas\/\" \/>\n<meta property=\"og:locale\" content=\"lv_LV\" \/>\n<meta property=\"og:type\" content=\"article\" \/>\n<meta property=\"og:title\" content=\"CLASSIC WORLD EDU medinis edukacinis molbertas\" \/>\n<meta property=\"og:description\" content=\"CLASSIC WORLD EDU medinis edukacinis molbertas - KidsPlay. Did\u017eiausias vaik\u0173 \u017eaisl\u0173 pasirinkimas.\" \/>\n<meta property=\"og:url\" content=\"https:\/\/kidsplay.lt\/lv\/products\/classic-world-edu-medinis-edukacinis-molbertas\/\" \/>\n<meta property=\"og:site_name\" content=\"KidsPlay\" \/>\n<meta property=\"article:publisher\" content=\"https:\/\/www.facebook.com\/www.kidsplay.lt\" \/>\n<meta property=\"article:modified_time\" content=\"2026-04-13T11:52:50+00:00\" \/>\n<meta property=\"og:image\" content=\"https:\/\/kidsplay.lt\/wp-content\/uploads\/2025\/10\/CLASSIC-WORLD-EDU-medinis-edukacinis-molbertas.jpg\" \/>\n\t<meta property=\"og:image:width\" content=\"1841\" \/>\n\t<meta property=\"og:image:height\" content=\"2560\" \/>\n\t<meta property=\"og:image:type\" content=\"image\/jpeg\" \/>\n<meta name=\"twitter:card\" content=\"summary_large_image\" \/>\n<meta name=\"twitter:label1\" content=\"Est. reading time\" \/>\n\t<meta name=\"twitter:data1\" content=\"1 min\u016bte\" \/>\n<script type=\"application\/ld+json\" class=\"yoast-schema-graph\">{\"@context\":\"https:\\\/\\\/schema.org\",\"@graph\":[{\"@type\":\"WebPage\",\"@id\":\"https:\\\/\\\/kidsplay.lt\\\/produktas\\\/classic-world-edu-medinis-edukacinis-molbertas\\\/\",\"url\":\"https:\\\/\\\/kidsplay.lt\\\/produktas\\\/classic-world-edu-medinis-edukacinis-molbertas\\\/\",\"name\":\"CLASSIC WORLD EDU medinis edukacinis molbertas\",\"isPartOf\":{\"@id\":\"https:\\\/\\\/kidsplay.lt\\\/#website\"},\"primaryImageOfPage\":{\"@id\":\"https:\\\/\\\/kidsplay.lt\\\/produktas\\\/classic-world-edu-medinis-edukacinis-molbertas\\\/#primaryimage\"},\"image\":{\"@id\":\"https:\\\/\\\/kidsplay.lt\\\/produktas\\\/classic-world-edu-medinis-edukacinis-molbertas\\\/#primaryimage\"},\"thumbnailUrl\":\"https:\\\/\\\/kidsplay.lt\\\/wp-content\\\/uploads\\\/2025\\\/10\\\/CLASSIC-WORLD-EDU-medinis-edukacinis-molbertas.jpg\",\"datePublished\":\"2025-10-30T07:56:00+00:00\",\"dateModified\":\"2026-04-13T11:52:50+00:00\",\"description\":\"CLASSIC WORLD EDU medinis edukacinis molbertas - KidsPlay. Did\u017eiausias vaik\u0173 \u017eaisl\u0173 pasirinkimas.\",\"breadcrumb\":{\"@id\":\"https:\\\/\\\/kidsplay.lt\\\/produktas\\\/classic-world-edu-medinis-edukacinis-molbertas\\\/#breadcrumb\"},\"inLanguage\":\"lv-LV\",\"potentialAction\":[{\"@type\":\"ReadAction\",\"target\":[\"https:\\\/\\\/kidsplay.lt\\\/produktas\\\/classic-world-edu-medinis-edukacinis-molbertas\\\/\"]}]},{\"@type\":\"ImageObject\",\"inLanguage\":\"lv-LV\",\"@id\":\"https:\\\/\\\/kidsplay.lt\\\/produktas\\\/classic-world-edu-medinis-edukacinis-molbertas\\\/#primaryimage\",\"url\":\"https:\\\/\\\/kidsplay.lt\\\/wp-content\\\/uploads\\\/2025\\\/10\\\/CLASSIC-WORLD-EDU-medinis-edukacinis-molbertas.jpg\",\"contentUrl\":\"https:\\\/\\\/kidsplay.lt\\\/wp-content\\\/uploads\\\/2025\\\/10\\\/CLASSIC-WORLD-EDU-medinis-edukacinis-molbertas.jpg\",\"width\":1841,\"height\":2560,\"caption\":\"CLASSIC WORLD EDU medinis edukacinis molbertas\"},{\"@type\":\"BreadcrumbList\",\"@id\":\"https:\\\/\\\/kidsplay.lt\\\/produktas\\\/classic-world-edu-medinis-edukacinis-molbertas\\\/#breadcrumb\",\"itemListElement\":[{\"@type\":\"ListItem\",\"position\":1,\"name\":\"Pagrindinis\",\"item\":\"https:\\\/\\\/kidsplay.lt\\\/\"},{\"@type\":\"ListItem\",\"position\":2,\"name\":\"Parduotuv\u0117\",\"item\":\"https:\\\/\\\/kidsplay.lt\\\/parduotuve\\\/\"},{\"@type\":\"ListItem\",\"position\":3,\"name\":\"CLASSIC WORLD EDU medinis edukacinis molbertas\"}]},{\"@type\":\"WebSite\",\"@id\":\"https:\\\/\\\/kidsplay.lt\\\/#website\",\"url\":\"https:\\\/\\\/kidsplay.lt\\\/\",\"name\":\"Kidsplay.lt\",\"description\":\"\u012evairios prek\u0117s vaikams\",\"publisher\":{\"@id\":\"https:\\\/\\\/kidsplay.lt\\\/#organization\"},\"alternateName\":\"Kidsplay\",\"potentialAction\":[{\"@type\":\"SearchAction\",\"target\":{\"@type\":\"EntryPoint\",\"urlTemplate\":\"https:\\\/\\\/kidsplay.lt\\\/?s={search_term_string}\"},\"query-input\":{\"@type\":\"PropertyValueSpecification\",\"valueRequired\":true,\"valueName\":\"search_term_string\"}}],\"inLanguage\":\"lv-LV\"},{\"@type\":\"Organization\",\"@id\":\"https:\\\/\\\/kidsplay.lt\\\/#organization\",\"name\":\"KidsPlay\",\"url\":\"https:\\\/\\\/kidsplay.lt\\\/\",\"logo\":{\"@type\":\"ImageObject\",\"inLanguage\":\"lv-LV\",\"@id\":\"https:\\\/\\\/kidsplay.lt\\\/#\\\/schema\\\/logo\\\/image\\\/\",\"url\":\"https:\\\/\\\/kidsplay.lt\\\/wp-content\\\/uploads\\\/2023\\\/07\\\/kidsplay-logo.png\",\"contentUrl\":\"https:\\\/\\\/kidsplay.lt\\\/wp-content\\\/uploads\\\/2023\\\/07\\\/kidsplay-logo.png\",\"width\":451,\"height\":98,\"caption\":\"KidsPlay\"},\"image\":{\"@id\":\"https:\\\/\\\/kidsplay.lt\\\/#\\\/schema\\\/logo\\\/image\\\/\"},\"sameAs\":[\"https:\\\/\\\/www.facebook.com\\\/www.kidsplay.lt\"]}]}<\/script>\n<!-- \/ Yoast SEO plugin. -->","yoast_head_json":{"title":"CLASSIC WORLD EDU koka izgl\u012btojo\u0161ais molberts","description":"CLASSIC WORLD EDU medinis edukacinis molbertas - KidsPlay. Did\u017eiausias vaik\u0173 \u017eaisl\u0173 pasirinkimas.","robots":{"index":"index","follow":"follow","max-snippet":"max-snippet:-1","max-image-preview":"max-image-preview:large","max-video-preview":"max-video-preview:-1"},"canonical":"https:\/\/kidsplay.lt\/lv\/products\/classic-world-edu-medinis-edukacinis-molbertas\/","og_locale":"lv_LV","og_type":"article","og_title":"CLASSIC WORLD EDU medinis edukacinis molbertas","og_description":"CLASSIC WORLD EDU medinis edukacinis molbertas - KidsPlay. Did\u017eiausias vaik\u0173 \u017eaisl\u0173 pasirinkimas.","og_url":"https:\/\/kidsplay.lt\/lv\/products\/classic-world-edu-medinis-edukacinis-molbertas\/","og_site_name":"KidsPlay","article_publisher":"https:\/\/www.facebook.com\/www.kidsplay.lt","article_modified_time":"2026-04-13T11:52:50+00:00","og_image":[{"width":1841,"height":2560,"url":"https:\/\/kidsplay.lt\/wp-content\/uploads\/2025\/10\/CLASSIC-WORLD-EDU-medinis-edukacinis-molbertas.jpg","type":"image\/jpeg"}],"twitter_card":"summary_large_image","twitter_misc":{"Est. reading time":"1 min\u016bte"},"schema":{"@context":"https:\/\/schema.org","@graph":[{"@type":"WebPage","@id":"https:\/\/kidsplay.lt\/produktas\/classic-world-edu-medinis-edukacinis-molbertas\/","url":"https:\/\/kidsplay.lt\/produktas\/classic-world-edu-medinis-edukacinis-molbertas\/","name":"CLASSIC WORLD EDU koka izgl\u012btojo\u0161ais molberts","isPartOf":{"@id":"https:\/\/kidsplay.lt\/#website"},"primaryImageOfPage":{"@id":"https:\/\/kidsplay.lt\/produktas\/classic-world-edu-medinis-edukacinis-molbertas\/#primaryimage"},"image":{"@id":"https:\/\/kidsplay.lt\/produktas\/classic-world-edu-medinis-edukacinis-molbertas\/#primaryimage"},"thumbnailUrl":"https:\/\/kidsplay.lt\/wp-content\/uploads\/2025\/10\/CLASSIC-WORLD-EDU-medinis-edukacinis-molbertas.jpg","datePublished":"2025-10-30T07:56:00+00:00","dateModified":"2026-04-13T11:52:50+00:00","description":"CLASSIC WORLD EDU medinis edukacinis molbertas - KidsPlay. Did\u017eiausias vaik\u0173 \u017eaisl\u0173 pasirinkimas.","breadcrumb":{"@id":"https:\/\/kidsplay.lt\/produktas\/classic-world-edu-medinis-edukacinis-molbertas\/#breadcrumb"},"inLanguage":"lv-LV","potentialAction":[{"@type":"ReadAction","target":["https:\/\/kidsplay.lt\/produktas\/classic-world-edu-medinis-edukacinis-molbertas\/"]}]},{"@type":"ImageObject","inLanguage":"lv-LV","@id":"https:\/\/kidsplay.lt\/produktas\/classic-world-edu-medinis-edukacinis-molbertas\/#primaryimage","url":"https:\/\/kidsplay.lt\/wp-content\/uploads\/2025\/10\/CLASSIC-WORLD-EDU-medinis-edukacinis-molbertas.jpg","contentUrl":"https:\/\/kidsplay.lt\/wp-content\/uploads\/2025\/10\/CLASSIC-WORLD-EDU-medinis-edukacinis-molbertas.jpg","width":1841,"height":2560,"caption":"CLASSIC WORLD EDU medinis edukacinis molbertas"},{"@type":"BreadcrumbList","@id":"https:\/\/kidsplay.lt\/produktas\/classic-world-edu-medinis-edukacinis-molbertas\/#breadcrumb","itemListElement":[{"@type":"ListItem","position":1,"name":"Pagrindinis","item":"https:\/\/kidsplay.lt\/"},{"@type":"ListItem","position":2,"name":"Parduotuv\u0117","item":"https:\/\/kidsplay.lt\/parduotuve\/"},{"@type":"ListItem","position":3,"name":"CLASSIC WORLD EDU medinis edukacinis molbertas"}]},{"@type":"WebSite","@id":"https:\/\/kidsplay.lt\/#website","url":"https:\/\/kidsplay.lt\/","name":"B\u0113rnu sp\u0113les.lv","description":"\u012evairios prek\u0117s vaikams","publisher":{"@id":"https:\/\/kidsplay.lt\/#organization"},"alternateName":"Kidsplay","potentialAction":[{"@type":"SearchAction","target":{"@type":"EntryPoint","urlTemplate":"https:\/\/kidsplay.lt\/?s={search_term_string}"},"query-input":{"@type":"PropertyValueSpecification","valueRequired":true,"valueName":"search_term_string"}}],"inLanguage":"lv-LV"},{"@type":"Organization","@id":"https:\/\/kidsplay.lt\/#organization","name":"B\u0113rnu sp\u0113le","url":"https:\/\/kidsplay.lt\/","logo":{"@type":"ImageObject","inLanguage":"lv-LV","@id":"https:\/\/kidsplay.lt\/#\/schema\/logo\/image\/","url":"https:\/\/kidsplay.lt\/wp-content\/uploads\/2023\/07\/kidsplay-logo.png","contentUrl":"https:\/\/kidsplay.lt\/wp-content\/uploads\/2023\/07\/kidsplay-logo.png","width":451,"height":98,"caption":"KidsPlay"},"image":{"@id":"https:\/\/kidsplay.lt\/#\/schema\/logo\/image\/"},"sameAs":["https:\/\/www.facebook.com\/www.kidsplay.lt"]}]}},"_links":{"self":[{"href":"https:\/\/kidsplay.lt\/lv\/wp-json\/wp\/v2\/product\/79418","targetHints":{"allow":["GET"]}}],"collection":[{"href":"https:\/\/kidsplay.lt\/lv\/wp-json\/wp\/v2\/product"}],"about":[{"href":"https:\/\/kidsplay.lt\/lv\/wp-json\/wp\/v2\/types\/product"}],"version-history":[{"count":1,"href":"https:\/\/kidsplay.lt\/lv\/wp-json\/wp\/v2\/product\/79418\/revisions"}],"predecessor-version":[{"id":79419,"href":"https:\/\/kidsplay.lt\/lv\/wp-json\/wp\/v2\/product\/79418\/revisions\/79419"}],"wp:featuredmedia":[{"embeddable":true,"href":"https:\/\/kidsplay.lt\/lv\/wp-json\/wp\/v2\/media\/79420"}],"wp:attachment":[{"href":"https:\/\/kidsplay.lt\/lv\/wp-json\/wp\/v2\/media?parent=79418"}],"wp:term":[{"taxonomy":"product_brand","embeddable":true,"href":"https:\/\/kidsplay.lt\/lv\/wp-json\/wp\/v2\/product_brand?post=79418"},{"taxonomy":"product_cat","embeddable":true,"href":"https:\/\/kidsplay.lt\/lv\/wp-json\/wp\/v2\/product_cat?post=79418"},{"taxonomy":"product_tag","embeddable":true,"href":"https:\/\/kidsplay.lt\/lv\/wp-json\/wp\/v2\/product_tag?post=79418"}],"curies":[{"name":"wp","href":"https:\/\/api.w.org\/{rel}","templated":true}]}}