{"id":79468,"date":"2025-10-30T10:01:00","date_gmt":"2025-10-30T08:01:00","guid":{"rendered":"https:\/\/kidsplay.lt\/produktas\/woopie-kudikio-interaktyvus-sensorinis-pultelis\/"},"modified":"2026-04-07T10:31:31","modified_gmt":"2026-04-07T07:31:31","slug":"woopie-kudikio-interaktyvus-sensorinis-pultelis","status":"publish","type":"product","link":"https:\/\/kidsplay.lt\/lv\/products\/woopie-kudikio-interaktyvus-sensorinis-pultelis\/","title":{"rendered":"WOOPIE k\u016bdikio interaktyvus sensorinis pultelis"},"content":{"rendered":"<p>Interaktyvus WOOPIE valdymo svirtis\u00a0yra unikalus \u017eaislas, kuris su\u017eav\u0117s kiekvien\u0105 vaik\u0105 ir pad\u0117s lavinti motorinius bei sensorinius \u012fg\u016bd\u017eius. \u017daisle yra judanti raketa, leid\u017eianti kiekvienam ma\u017eyliui pakilti \u012f linksmybi\u0173 pasaul\u012f. Valdymo svirtyje yra 10 skirting\u0173 judan\u010di\u0173 element\u0173 su \u0161viesos ir garso funkcijomis. \u017daisdami vaikai\u00a0lavina\u00a0smulki\u0105j\u0105 motorik\u0105 ir mokosi apie formas bei garsus.<\/p>\n<p>Rakstur\u012bgs:<\/p>\n<p> \t&#8211; \u017eaislas nuo 18 m\u0117nesi\u0173 am\u017eiaus.<br \/>\n \t&#8211; funkcijos: garsas, \u0161viesa, sensorin\u0117.<br \/>\n \t&#8211; judantys elementai.<br \/>\n \t&#8211; maitinamas baterijomis.<\/p>\n<p>\u017eaislo funkcijos:<\/p>\n<p> \t&#8211; \u017eaisle \u0161vie\u010dia saul\u0117.<br \/>\n \t&#8211; judanti raketa.<br \/>\n \t&#8211; \u017eaislas turi mygtukus viduryje, kurie veikia labai pana\u0161iai kaip ir j\u012f atidarant<br \/>\n \t&#8211; visi kiti mygtukai sukasi arba spragsi.<br \/>\n \t&#8211; varpas juda \u012f kair\u0119 ir \u012f de\u0161in\u0119.<br \/>\n \t&#8211; \u017eaisle esantys mygtukai, grojantys muzik\u0105.<\/p>\n<p>Rota\u013clieta att\u012bst\u0101s:<\/p>\n<p> \t&#8211; Smulk\u016bs motoriniai \u012fg\u016bd\u017eiai ir judesi\u0173 tikslumas<br \/>\n \t&#8211; Aki\u0173 ir rank\u0173 koordinacija<br \/>\n \t&#8211; Klausos poj\u016btis per interaktyvius garsus<br \/>\n \t&#8211; Reg\u0117jimo poj\u016btis d\u0117l spalvot\u0173 \u0161vies\u0173<br \/>\n \t&#8211; Lyt\u0117jimo suvokimas ir formos atpa\u017einimas<br \/>\n \t&#8211; K\u016brybi\u0161kumas ir vaizduot\u0117<br \/>\n \t&#8211; Smalsumas ir geb\u0117jimas tyrin\u0117ti<\/p>","protected":false},"excerpt":{"rendered":"<p>Interaktyvus WOOPIE valdymo svirtis\u00a0yra unikalus \u017eaislas, kuris su\u017eav\u0117s kiekvien\u0105 vaik\u0105 ir pad\u0117s lavinti motorinius bei sensorinius \u012fg\u016bd\u017eius. \u017daisle yra judanti<\/p>","protected":false},"featured_media":79470,"template":"","meta":{"_acf_changed":false,"_glsr_average":0,"_glsr_ranking":0,"_glsr_reviews":0},"product_brand":[],"product_cat":[396,229],"product_tag":[],"class_list":{"0":"post-79468","1":"product","2":"type-product","3":"status-publish","4":"has-post-thumbnail","6":"product_cat-kudikiu-zaislai-vaikams2","7":"product_cat-zaislai-vaikams","8":"\"style=\"background-color: #2ecc711c;\"","10":"first","11":"instock","12":"purchasable","13":"product-type-simple"},"acf":[],"yoast_head":"<!-- This site is optimized with the Yoast SEO plugin v27.3 - https:\/\/yoast.com\/product\/yoast-seo-wordpress\/ -->\n<title>WOOPIE k\u016bdikio interaktyvus sensorinis pultelis<\/title>\n<meta name=\"description\" content=\"WOOPIE k\u016bdikio interaktyvus sensorinis pultelis - KidsPlay. Did\u017eiausias vaik\u0173 \u017eaisl\u0173 pasirinkimas.\" \/>\n<meta name=\"robots\" content=\"index, follow, max-snippet:-1, max-image-preview:large, max-video-preview:-1\" \/>\n<link rel=\"canonical\" href=\"https:\/\/kidsplay.lt\/lv\/products\/woopie-kudikio-interaktyvus-sensorinis-pultelis\/\" \/>\n<meta property=\"og:locale\" content=\"lv_LV\" \/>\n<meta property=\"og:type\" content=\"article\" \/>\n<meta property=\"og:title\" content=\"WOOPIE k\u016bdikio interaktyvus sensorinis pultelis\" \/>\n<meta property=\"og:description\" content=\"WOOPIE k\u016bdikio interaktyvus sensorinis pultelis - KidsPlay. Did\u017eiausias vaik\u0173 \u017eaisl\u0173 pasirinkimas.\" \/>\n<meta property=\"og:url\" content=\"https:\/\/kidsplay.lt\/lv\/products\/woopie-kudikio-interaktyvus-sensorinis-pultelis\/\" \/>\n<meta property=\"og:site_name\" content=\"KidsPlay\" \/>\n<meta property=\"article:publisher\" content=\"https:\/\/www.facebook.com\/www.kidsplay.lt\" \/>\n<meta property=\"article:modified_time\" content=\"2026-04-07T07:31:31+00:00\" \/>\n<meta property=\"og:image\" content=\"https:\/\/kidsplay.lt\/wp-content\/uploads\/2025\/10\/WOOPIE-kudikio-interaktyvus-sensorinis-pultelis.jpg\" \/>\n\t<meta property=\"og:image:width\" content=\"2560\" \/>\n\t<meta property=\"og:image:height\" content=\"2560\" \/>\n\t<meta property=\"og:image:type\" content=\"image\/jpeg\" \/>\n<meta name=\"twitter:card\" content=\"summary_large_image\" \/>\n<meta name=\"twitter:label1\" content=\"Est. reading time\" \/>\n\t<meta name=\"twitter:data1\" content=\"1 min\u016bte\" \/>\n<script type=\"application\/ld+json\" class=\"yoast-schema-graph\">{\"@context\":\"https:\\\/\\\/schema.org\",\"@graph\":[{\"@type\":\"WebPage\",\"@id\":\"https:\\\/\\\/kidsplay.lt\\\/produktas\\\/woopie-kudikio-interaktyvus-sensorinis-pultelis\\\/\",\"url\":\"https:\\\/\\\/kidsplay.lt\\\/produktas\\\/woopie-kudikio-interaktyvus-sensorinis-pultelis\\\/\",\"name\":\"WOOPIE k\u016bdikio interaktyvus sensorinis pultelis\",\"isPartOf\":{\"@id\":\"https:\\\/\\\/kidsplay.lt\\\/#website\"},\"primaryImageOfPage\":{\"@id\":\"https:\\\/\\\/kidsplay.lt\\\/produktas\\\/woopie-kudikio-interaktyvus-sensorinis-pultelis\\\/#primaryimage\"},\"image\":{\"@id\":\"https:\\\/\\\/kidsplay.lt\\\/produktas\\\/woopie-kudikio-interaktyvus-sensorinis-pultelis\\\/#primaryimage\"},\"thumbnailUrl\":\"https:\\\/\\\/kidsplay.lt\\\/wp-content\\\/uploads\\\/2025\\\/10\\\/WOOPIE-kudikio-interaktyvus-sensorinis-pultelis.jpg\",\"datePublished\":\"2025-10-30T08:01:00+00:00\",\"dateModified\":\"2026-04-07T07:31:31+00:00\",\"description\":\"WOOPIE k\u016bdikio interaktyvus sensorinis pultelis - KidsPlay. Did\u017eiausias vaik\u0173 \u017eaisl\u0173 pasirinkimas.\",\"breadcrumb\":{\"@id\":\"https:\\\/\\\/kidsplay.lt\\\/produktas\\\/woopie-kudikio-interaktyvus-sensorinis-pultelis\\\/#breadcrumb\"},\"inLanguage\":\"lv-LV\",\"potentialAction\":[{\"@type\":\"ReadAction\",\"target\":[\"https:\\\/\\\/kidsplay.lt\\\/produktas\\\/woopie-kudikio-interaktyvus-sensorinis-pultelis\\\/\"]}]},{\"@type\":\"ImageObject\",\"inLanguage\":\"lv-LV\",\"@id\":\"https:\\\/\\\/kidsplay.lt\\\/produktas\\\/woopie-kudikio-interaktyvus-sensorinis-pultelis\\\/#primaryimage\",\"url\":\"https:\\\/\\\/kidsplay.lt\\\/wp-content\\\/uploads\\\/2025\\\/10\\\/WOOPIE-kudikio-interaktyvus-sensorinis-pultelis.jpg\",\"contentUrl\":\"https:\\\/\\\/kidsplay.lt\\\/wp-content\\\/uploads\\\/2025\\\/10\\\/WOOPIE-kudikio-interaktyvus-sensorinis-pultelis.jpg\",\"width\":2560,\"height\":2560,\"caption\":\"WOOPIE k\u016bdikio interaktyvus sensorinis pultelis\"},{\"@type\":\"BreadcrumbList\",\"@id\":\"https:\\\/\\\/kidsplay.lt\\\/produktas\\\/woopie-kudikio-interaktyvus-sensorinis-pultelis\\\/#breadcrumb\",\"itemListElement\":[{\"@type\":\"ListItem\",\"position\":1,\"name\":\"Pagrindinis\",\"item\":\"https:\\\/\\\/kidsplay.lt\\\/\"},{\"@type\":\"ListItem\",\"position\":2,\"name\":\"Parduotuv\u0117\",\"item\":\"https:\\\/\\\/kidsplay.lt\\\/parduotuve\\\/\"},{\"@type\":\"ListItem\",\"position\":3,\"name\":\"WOOPIE k\u016bdikio interaktyvus sensorinis pultelis\"}]},{\"@type\":\"WebSite\",\"@id\":\"https:\\\/\\\/kidsplay.lt\\\/#website\",\"url\":\"https:\\\/\\\/kidsplay.lt\\\/\",\"name\":\"Kidsplay.lt\",\"description\":\"\u012evairios prek\u0117s vaikams\",\"publisher\":{\"@id\":\"https:\\\/\\\/kidsplay.lt\\\/#organization\"},\"alternateName\":\"Kidsplay\",\"potentialAction\":[{\"@type\":\"SearchAction\",\"target\":{\"@type\":\"EntryPoint\",\"urlTemplate\":\"https:\\\/\\\/kidsplay.lt\\\/?s={search_term_string}\"},\"query-input\":{\"@type\":\"PropertyValueSpecification\",\"valueRequired\":true,\"valueName\":\"search_term_string\"}}],\"inLanguage\":\"lv-LV\"},{\"@type\":\"Organization\",\"@id\":\"https:\\\/\\\/kidsplay.lt\\\/#organization\",\"name\":\"KidsPlay\",\"url\":\"https:\\\/\\\/kidsplay.lt\\\/\",\"logo\":{\"@type\":\"ImageObject\",\"inLanguage\":\"lv-LV\",\"@id\":\"https:\\\/\\\/kidsplay.lt\\\/#\\\/schema\\\/logo\\\/image\\\/\",\"url\":\"https:\\\/\\\/kidsplay.lt\\\/wp-content\\\/uploads\\\/2023\\\/07\\\/kidsplay-logo.png\",\"contentUrl\":\"https:\\\/\\\/kidsplay.lt\\\/wp-content\\\/uploads\\\/2023\\\/07\\\/kidsplay-logo.png\",\"width\":451,\"height\":98,\"caption\":\"KidsPlay\"},\"image\":{\"@id\":\"https:\\\/\\\/kidsplay.lt\\\/#\\\/schema\\\/logo\\\/image\\\/\"},\"sameAs\":[\"https:\\\/\\\/www.facebook.com\\\/www.kidsplay.lt\"]}]}<\/script>\n<!-- \/ Yoast SEO plugin. -->","yoast_head_json":{"title":"WOOPIE k\u016bdikio interaktyvus sensorinis pultelis","description":"WOOPIE k\u016bdikio interaktyvus sensorinis pultelis - KidsPlay. Did\u017eiausias vaik\u0173 \u017eaisl\u0173 pasirinkimas.","robots":{"index":"index","follow":"follow","max-snippet":"max-snippet:-1","max-image-preview":"max-image-preview:large","max-video-preview":"max-video-preview:-1"},"canonical":"https:\/\/kidsplay.lt\/lv\/products\/woopie-kudikio-interaktyvus-sensorinis-pultelis\/","og_locale":"lv_LV","og_type":"article","og_title":"WOOPIE k\u016bdikio interaktyvus sensorinis pultelis","og_description":"WOOPIE k\u016bdikio interaktyvus sensorinis pultelis - KidsPlay. Did\u017eiausias vaik\u0173 \u017eaisl\u0173 pasirinkimas.","og_url":"https:\/\/kidsplay.lt\/lv\/products\/woopie-kudikio-interaktyvus-sensorinis-pultelis\/","og_site_name":"KidsPlay","article_publisher":"https:\/\/www.facebook.com\/www.kidsplay.lt","article_modified_time":"2026-04-07T07:31:31+00:00","og_image":[{"width":2560,"height":2560,"url":"https:\/\/kidsplay.lt\/wp-content\/uploads\/2025\/10\/WOOPIE-kudikio-interaktyvus-sensorinis-pultelis.jpg","type":"image\/jpeg"}],"twitter_card":"summary_large_image","twitter_misc":{"Est. reading time":"1 min\u016bte"},"schema":{"@context":"https:\/\/schema.org","@graph":[{"@type":"WebPage","@id":"https:\/\/kidsplay.lt\/produktas\/woopie-kudikio-interaktyvus-sensorinis-pultelis\/","url":"https:\/\/kidsplay.lt\/produktas\/woopie-kudikio-interaktyvus-sensorinis-pultelis\/","name":"WOOPIE k\u016bdikio interaktyvus sensorinis pultelis","isPartOf":{"@id":"https:\/\/kidsplay.lt\/#website"},"primaryImageOfPage":{"@id":"https:\/\/kidsplay.lt\/produktas\/woopie-kudikio-interaktyvus-sensorinis-pultelis\/#primaryimage"},"image":{"@id":"https:\/\/kidsplay.lt\/produktas\/woopie-kudikio-interaktyvus-sensorinis-pultelis\/#primaryimage"},"thumbnailUrl":"https:\/\/kidsplay.lt\/wp-content\/uploads\/2025\/10\/WOOPIE-kudikio-interaktyvus-sensorinis-pultelis.jpg","datePublished":"2025-10-30T08:01:00+00:00","dateModified":"2026-04-07T07:31:31+00:00","description":"WOOPIE k\u016bdikio interaktyvus sensorinis pultelis - KidsPlay. Did\u017eiausias vaik\u0173 \u017eaisl\u0173 pasirinkimas.","breadcrumb":{"@id":"https:\/\/kidsplay.lt\/produktas\/woopie-kudikio-interaktyvus-sensorinis-pultelis\/#breadcrumb"},"inLanguage":"lv-LV","potentialAction":[{"@type":"ReadAction","target":["https:\/\/kidsplay.lt\/produktas\/woopie-kudikio-interaktyvus-sensorinis-pultelis\/"]}]},{"@type":"ImageObject","inLanguage":"lv-LV","@id":"https:\/\/kidsplay.lt\/produktas\/woopie-kudikio-interaktyvus-sensorinis-pultelis\/#primaryimage","url":"https:\/\/kidsplay.lt\/wp-content\/uploads\/2025\/10\/WOOPIE-kudikio-interaktyvus-sensorinis-pultelis.jpg","contentUrl":"https:\/\/kidsplay.lt\/wp-content\/uploads\/2025\/10\/WOOPIE-kudikio-interaktyvus-sensorinis-pultelis.jpg","width":2560,"height":2560,"caption":"WOOPIE k\u016bdikio interaktyvus sensorinis pultelis"},{"@type":"BreadcrumbList","@id":"https:\/\/kidsplay.lt\/produktas\/woopie-kudikio-interaktyvus-sensorinis-pultelis\/#breadcrumb","itemListElement":[{"@type":"ListItem","position":1,"name":"Pagrindinis","item":"https:\/\/kidsplay.lt\/"},{"@type":"ListItem","position":2,"name":"Parduotuv\u0117","item":"https:\/\/kidsplay.lt\/parduotuve\/"},{"@type":"ListItem","position":3,"name":"WOOPIE k\u016bdikio interaktyvus sensorinis pultelis"}]},{"@type":"WebSite","@id":"https:\/\/kidsplay.lt\/#website","url":"https:\/\/kidsplay.lt\/","name":"B\u0113rnu sp\u0113les.lv","description":"\u012evairios prek\u0117s vaikams","publisher":{"@id":"https:\/\/kidsplay.lt\/#organization"},"alternateName":"Kidsplay","potentialAction":[{"@type":"SearchAction","target":{"@type":"EntryPoint","urlTemplate":"https:\/\/kidsplay.lt\/?s={search_term_string}"},"query-input":{"@type":"PropertyValueSpecification","valueRequired":true,"valueName":"search_term_string"}}],"inLanguage":"lv-LV"},{"@type":"Organization","@id":"https:\/\/kidsplay.lt\/#organization","name":"B\u0113rnu sp\u0113le","url":"https:\/\/kidsplay.lt\/","logo":{"@type":"ImageObject","inLanguage":"lv-LV","@id":"https:\/\/kidsplay.lt\/#\/schema\/logo\/image\/","url":"https:\/\/kidsplay.lt\/wp-content\/uploads\/2023\/07\/kidsplay-logo.png","contentUrl":"https:\/\/kidsplay.lt\/wp-content\/uploads\/2023\/07\/kidsplay-logo.png","width":451,"height":98,"caption":"KidsPlay"},"image":{"@id":"https:\/\/kidsplay.lt\/#\/schema\/logo\/image\/"},"sameAs":["https:\/\/www.facebook.com\/www.kidsplay.lt"]}]}},"_links":{"self":[{"href":"https:\/\/kidsplay.lt\/lv\/wp-json\/wp\/v2\/product\/79468","targetHints":{"allow":["GET"]}}],"collection":[{"href":"https:\/\/kidsplay.lt\/lv\/wp-json\/wp\/v2\/product"}],"about":[{"href":"https:\/\/kidsplay.lt\/lv\/wp-json\/wp\/v2\/types\/product"}],"version-history":[{"count":1,"href":"https:\/\/kidsplay.lt\/lv\/wp-json\/wp\/v2\/product\/79468\/revisions"}],"predecessor-version":[{"id":79469,"href":"https:\/\/kidsplay.lt\/lv\/wp-json\/wp\/v2\/product\/79468\/revisions\/79469"}],"wp:featuredmedia":[{"embeddable":true,"href":"https:\/\/kidsplay.lt\/lv\/wp-json\/wp\/v2\/media\/79470"}],"wp:attachment":[{"href":"https:\/\/kidsplay.lt\/lv\/wp-json\/wp\/v2\/media?parent=79468"}],"wp:term":[{"taxonomy":"product_brand","embeddable":true,"href":"https:\/\/kidsplay.lt\/lv\/wp-json\/wp\/v2\/product_brand?post=79468"},{"taxonomy":"product_cat","embeddable":true,"href":"https:\/\/kidsplay.lt\/lv\/wp-json\/wp\/v2\/product_cat?post=79468"},{"taxonomy":"product_tag","embeddable":true,"href":"https:\/\/kidsplay.lt\/lv\/wp-json\/wp\/v2\/product_tag?post=79468"}],"curies":[{"name":"wp","href":"https:\/\/api.w.org\/{rel}","templated":true}]}}