{"id":79478,"date":"2025-10-30T10:03:25","date_gmt":"2025-10-30T08:03:25","guid":{"rendered":"https:\/\/kidsplay.lt\/produktas\/tooky-toy-pagauk-zuvi-montessori-delione-igudziu-zaidimas\/"},"modified":"2026-04-13T14:54:26","modified_gmt":"2026-04-13T11:54:26","slug":"tooky-toy-pagauk-zuvi-montessori-delione-igudziu-zaidimas","status":"publish","type":"product","link":"https:\/\/kidsplay.lt\/lv\/products\/tooky-toy-pagauk-zuvi-montessori-delione-igudziu-zaidimas\/","title":{"rendered":"TOOKY TOY Montessori m\u012bklu un prasmju sp\u0113le &quot;No\u0137er zivi&quot;"},"content":{"rendered":"<p>Tyrin\u0117kite \u017eav\u0173 povandenini\u0173 pramog\u0173 pasaul\u012f su\u00a0\u201eTooky Toy\u201c\u00a0\u017eaidimu\u00a0\u201eOcean Underwater\u201c\u00a0. Tai vandenyno tematikos \u017eaidimas, kuris klasikin\u0119 \u017evejyb\u0105 pakelia \u012f kit\u0105 lyg\u012f.\u00a0Dviej\u0173 \u017eaid\u0117j\u0173 rinkin\u012f\u00a0sudaro dvi\u00a0me\u0161ker\u0117s su magnetiniais antgaliais, skirtos\u00a0spalvingoms j\u016bros gyv\u0117ms\u00a0gaudyti\u00a0. \u017daidim\u0105 dar \u012fdomesn\u012f daro pasl\u0117pti padarai, kuriuos galima pasl\u0117pti viename i\u0161 dviej\u0173 lentoje esan\u010di\u0173 akmenini\u0173 basein\u0117li\u0173 \u2013 atraskite juos mai\u0161ydami lent\u0105 arba naudodami me\u0161ker\u0119, kad juos i\u0161trauktum\u0117te.<\/p>\n<p>Be \u017evejybos, \u017eaislas si\u016blo\u00a0ir kit\u0173 k\u016brybini\u0173 veikl\u0173\u00a0:<\/p>\n<p>&#8211; Balansavimas \u2013 u\u017ed\u0117kite detales ant banginio fig\u016br\u0117l\u0117s, stengdamiesi i\u0161laikyti pusiausvyr\u0105<\/p>\n<p>&#8211; Form\u0173 r\u016b\u0161iavimas &#8211; Priskirkite tinkamus j\u016bros gyv\u016bnus tinkamoms lentos skylut\u0117ms<\/p>\n<p>Rakstur\u012bgs:<\/p>\n<p> \t&#8211; \u017eaislas vaikams nuo 3 met\u0173 am\u017eiaus<br \/>\n \t&#8211; Rinkin\u012f sudaro 22 elementai: medin\u0117 lenta, j\u016bros gyv\u016bnai ir dvi me\u0161ker\u0117s su magnetais<br \/>\n \t&#8211; \u017eaislas pagamintas i\u0161 FSC sertifikuotos medienos ir da\u017eytas saugiais, netoksi\u0161kais da\u017eais<\/p>\n<p>Rota\u013clieta att\u012bst\u0101s:<\/p>\n<p> \t&#8211; miklumas<br \/>\n \t&#8211; tikslumas<br \/>\n \t\u2013 izt\u0113le<\/p>","protected":false},"excerpt":{"rendered":"<p>Tyrin\u0117kite \u017eav\u0173 povandenini\u0173 pramog\u0173 pasaul\u012f su\u00a0\u201eTooky Toy\u201c\u00a0\u017eaidimu\u00a0\u201eOcean Underwater\u201c\u00a0. Tai vandenyno tematikos \u017eaidimas, kuris klasikin\u0119 \u017evejyb\u0105 pakelia \u012f kit\u0105 lyg\u012f.\u00a0Dviej\u0173 \u017eaid\u0117j\u0173<\/p>","protected":false},"featured_media":79480,"template":"","meta":{"_acf_changed":false,"_glsr_average":0,"_glsr_ranking":0,"_glsr_reviews":0},"product_brand":[],"product_cat":[884,883,229],"product_tag":[],"class_list":{"0":"post-79478","1":"product","2":"type-product","3":"status-publish","4":"has-post-thumbnail","6":"product_cat-edukaciniai-lavinamieji-mediniai-zaislai","7":"product_cat-mediniai-zaislai-2","8":"product_cat-zaislai-vaikams","9":"\"style=\"background-color: #2ecc711c;\"","11":"first","12":"instock","13":"purchasable","14":"product-type-simple"},"acf":[],"yoast_head":"<!-- This site is optimized with the Yoast SEO plugin v27.4 - https:\/\/yoast.com\/product\/yoast-seo-wordpress\/ -->\n<title>TOOKY TOY Pagauk \u017euv\u012f Montessori d\u0117lion\u0117 \u012fg\u016bd\u017ei\u0173 \u017eaidimas<\/title>\n<meta name=\"description\" content=\"TOOKY TOY Pagauk \u017euv\u012f Montessori d\u0117lion\u0117 \u012fg\u016bd\u017ei\u0173 \u017eaidimas - KidsPlay. Did\u017eiausias vaik\u0173 \u017eaisl\u0173 pasirinkimas.\" \/>\n<meta name=\"robots\" content=\"index, follow, max-snippet:-1, max-image-preview:large, max-video-preview:-1\" \/>\n<link rel=\"canonical\" href=\"https:\/\/kidsplay.lt\/lv\/products\/tooky-toy-pagauk-zuvi-montessori-delione-igudziu-zaidimas\/\" \/>\n<meta property=\"og:locale\" content=\"lv_LV\" \/>\n<meta property=\"og:type\" content=\"article\" \/>\n<meta property=\"og:title\" content=\"TOOKY TOY Pagauk \u017euv\u012f Montessori d\u0117lion\u0117 \u012fg\u016bd\u017ei\u0173 \u017eaidimas\" \/>\n<meta property=\"og:description\" content=\"TOOKY TOY Pagauk \u017euv\u012f Montessori d\u0117lion\u0117 \u012fg\u016bd\u017ei\u0173 \u017eaidimas - KidsPlay. Did\u017eiausias vaik\u0173 \u017eaisl\u0173 pasirinkimas.\" \/>\n<meta property=\"og:url\" content=\"https:\/\/kidsplay.lt\/lv\/products\/tooky-toy-pagauk-zuvi-montessori-delione-igudziu-zaidimas\/\" \/>\n<meta property=\"og:site_name\" content=\"KidsPlay\" \/>\n<meta property=\"article:publisher\" content=\"https:\/\/www.facebook.com\/www.kidsplay.lt\" \/>\n<meta property=\"article:modified_time\" content=\"2026-04-13T11:54:26+00:00\" \/>\n<meta property=\"og:image\" content=\"https:\/\/kidsplay.lt\/wp-content\/uploads\/2025\/10\/TOOKY-TOY-Pagauk-zuvi-Montessori-delione-igudziu-zaidimas.jpg\" \/>\n\t<meta property=\"og:image:width\" content=\"2500\" \/>\n\t<meta property=\"og:image:height\" content=\"2500\" \/>\n\t<meta property=\"og:image:type\" content=\"image\/jpeg\" \/>\n<meta name=\"twitter:card\" content=\"summary_large_image\" \/>\n<meta name=\"twitter:label1\" content=\"Est. reading time\" \/>\n\t<meta name=\"twitter:data1\" content=\"1 min\u016bte\" \/>\n<script type=\"application\/ld+json\" class=\"yoast-schema-graph\">{\"@context\":\"https:\\\/\\\/schema.org\",\"@graph\":[{\"@type\":\"WebPage\",\"@id\":\"https:\\\/\\\/kidsplay.lt\\\/produktas\\\/tooky-toy-pagauk-zuvi-montessori-delione-igudziu-zaidimas\\\/\",\"url\":\"https:\\\/\\\/kidsplay.lt\\\/produktas\\\/tooky-toy-pagauk-zuvi-montessori-delione-igudziu-zaidimas\\\/\",\"name\":\"TOOKY TOY Pagauk \u017euv\u012f Montessori d\u0117lion\u0117 \u012fg\u016bd\u017ei\u0173 \u017eaidimas\",\"isPartOf\":{\"@id\":\"https:\\\/\\\/kidsplay.lt\\\/#website\"},\"primaryImageOfPage\":{\"@id\":\"https:\\\/\\\/kidsplay.lt\\\/produktas\\\/tooky-toy-pagauk-zuvi-montessori-delione-igudziu-zaidimas\\\/#primaryimage\"},\"image\":{\"@id\":\"https:\\\/\\\/kidsplay.lt\\\/produktas\\\/tooky-toy-pagauk-zuvi-montessori-delione-igudziu-zaidimas\\\/#primaryimage\"},\"thumbnailUrl\":\"https:\\\/\\\/kidsplay.lt\\\/wp-content\\\/uploads\\\/2025\\\/10\\\/TOOKY-TOY-Pagauk-zuvi-Montessori-delione-igudziu-zaidimas.jpg\",\"datePublished\":\"2025-10-30T08:03:25+00:00\",\"dateModified\":\"2026-04-13T11:54:26+00:00\",\"description\":\"TOOKY TOY Pagauk \u017euv\u012f Montessori d\u0117lion\u0117 \u012fg\u016bd\u017ei\u0173 \u017eaidimas - KidsPlay. Did\u017eiausias vaik\u0173 \u017eaisl\u0173 pasirinkimas.\",\"breadcrumb\":{\"@id\":\"https:\\\/\\\/kidsplay.lt\\\/produktas\\\/tooky-toy-pagauk-zuvi-montessori-delione-igudziu-zaidimas\\\/#breadcrumb\"},\"inLanguage\":\"lv-LV\",\"potentialAction\":[{\"@type\":\"ReadAction\",\"target\":[\"https:\\\/\\\/kidsplay.lt\\\/produktas\\\/tooky-toy-pagauk-zuvi-montessori-delione-igudziu-zaidimas\\\/\"]}]},{\"@type\":\"ImageObject\",\"inLanguage\":\"lv-LV\",\"@id\":\"https:\\\/\\\/kidsplay.lt\\\/produktas\\\/tooky-toy-pagauk-zuvi-montessori-delione-igudziu-zaidimas\\\/#primaryimage\",\"url\":\"https:\\\/\\\/kidsplay.lt\\\/wp-content\\\/uploads\\\/2025\\\/10\\\/TOOKY-TOY-Pagauk-zuvi-Montessori-delione-igudziu-zaidimas.jpg\",\"contentUrl\":\"https:\\\/\\\/kidsplay.lt\\\/wp-content\\\/uploads\\\/2025\\\/10\\\/TOOKY-TOY-Pagauk-zuvi-Montessori-delione-igudziu-zaidimas.jpg\",\"width\":2500,\"height\":2500,\"caption\":\"TOOKY TOY Pagauk \u017euv\u012f Montessori d\u0117lion\u0117 \u012fg\u016bd\u017ei\u0173 \u017eaidimas\"},{\"@type\":\"BreadcrumbList\",\"@id\":\"https:\\\/\\\/kidsplay.lt\\\/produktas\\\/tooky-toy-pagauk-zuvi-montessori-delione-igudziu-zaidimas\\\/#breadcrumb\",\"itemListElement\":[{\"@type\":\"ListItem\",\"position\":1,\"name\":\"Pagrindinis\",\"item\":\"https:\\\/\\\/kidsplay.lt\\\/\"},{\"@type\":\"ListItem\",\"position\":2,\"name\":\"Parduotuv\u0117\",\"item\":\"https:\\\/\\\/kidsplay.lt\\\/parduotuve\\\/\"},{\"@type\":\"ListItem\",\"position\":3,\"name\":\"TOOKY TOY Pagauk \u017euv\u012f Montessori d\u0117lion\u0117 \u012fg\u016bd\u017ei\u0173 \u017eaidimas\"}]},{\"@type\":\"WebSite\",\"@id\":\"https:\\\/\\\/kidsplay.lt\\\/#website\",\"url\":\"https:\\\/\\\/kidsplay.lt\\\/\",\"name\":\"Kidsplay.lt\",\"description\":\"\u012evairios prek\u0117s vaikams\",\"publisher\":{\"@id\":\"https:\\\/\\\/kidsplay.lt\\\/#organization\"},\"alternateName\":\"Kidsplay\",\"potentialAction\":[{\"@type\":\"SearchAction\",\"target\":{\"@type\":\"EntryPoint\",\"urlTemplate\":\"https:\\\/\\\/kidsplay.lt\\\/?s={search_term_string}\"},\"query-input\":{\"@type\":\"PropertyValueSpecification\",\"valueRequired\":true,\"valueName\":\"search_term_string\"}}],\"inLanguage\":\"lv-LV\"},{\"@type\":\"Organization\",\"@id\":\"https:\\\/\\\/kidsplay.lt\\\/#organization\",\"name\":\"KidsPlay\",\"url\":\"https:\\\/\\\/kidsplay.lt\\\/\",\"logo\":{\"@type\":\"ImageObject\",\"inLanguage\":\"lv-LV\",\"@id\":\"https:\\\/\\\/kidsplay.lt\\\/#\\\/schema\\\/logo\\\/image\\\/\",\"url\":\"https:\\\/\\\/kidsplay.lt\\\/wp-content\\\/uploads\\\/2023\\\/07\\\/kidsplay-logo.png\",\"contentUrl\":\"https:\\\/\\\/kidsplay.lt\\\/wp-content\\\/uploads\\\/2023\\\/07\\\/kidsplay-logo.png\",\"width\":451,\"height\":98,\"caption\":\"KidsPlay\"},\"image\":{\"@id\":\"https:\\\/\\\/kidsplay.lt\\\/#\\\/schema\\\/logo\\\/image\\\/\"},\"sameAs\":[\"https:\\\/\\\/www.facebook.com\\\/www.kidsplay.lt\"]}]}<\/script>\n<!-- \/ Yoast SEO plugin. -->","yoast_head_json":{"title":"TOOKY TOY Montessori m\u012bklu un prasmju sp\u0113le &quot;No\u0137er zivi&quot;","description":"TOOKY TOY Pagauk \u017euv\u012f Montessori d\u0117lion\u0117 \u012fg\u016bd\u017ei\u0173 \u017eaidimas - KidsPlay. Did\u017eiausias vaik\u0173 \u017eaisl\u0173 pasirinkimas.","robots":{"index":"index","follow":"follow","max-snippet":"max-snippet:-1","max-image-preview":"max-image-preview:large","max-video-preview":"max-video-preview:-1"},"canonical":"https:\/\/kidsplay.lt\/lv\/products\/tooky-toy-pagauk-zuvi-montessori-delione-igudziu-zaidimas\/","og_locale":"lv_LV","og_type":"article","og_title":"TOOKY TOY Pagauk \u017euv\u012f Montessori d\u0117lion\u0117 \u012fg\u016bd\u017ei\u0173 \u017eaidimas","og_description":"TOOKY TOY Pagauk \u017euv\u012f Montessori d\u0117lion\u0117 \u012fg\u016bd\u017ei\u0173 \u017eaidimas - KidsPlay. Did\u017eiausias vaik\u0173 \u017eaisl\u0173 pasirinkimas.","og_url":"https:\/\/kidsplay.lt\/lv\/products\/tooky-toy-pagauk-zuvi-montessori-delione-igudziu-zaidimas\/","og_site_name":"KidsPlay","article_publisher":"https:\/\/www.facebook.com\/www.kidsplay.lt","article_modified_time":"2026-04-13T11:54:26+00:00","og_image":[{"width":2500,"height":2500,"url":"https:\/\/kidsplay.lt\/wp-content\/uploads\/2025\/10\/TOOKY-TOY-Pagauk-zuvi-Montessori-delione-igudziu-zaidimas.jpg","type":"image\/jpeg"}],"twitter_card":"summary_large_image","twitter_misc":{"Est. reading time":"1 min\u016bte"},"schema":{"@context":"https:\/\/schema.org","@graph":[{"@type":"WebPage","@id":"https:\/\/kidsplay.lt\/produktas\/tooky-toy-pagauk-zuvi-montessori-delione-igudziu-zaidimas\/","url":"https:\/\/kidsplay.lt\/produktas\/tooky-toy-pagauk-zuvi-montessori-delione-igudziu-zaidimas\/","name":"TOOKY TOY Montessori m\u012bklu un prasmju sp\u0113le &quot;No\u0137er zivi&quot;","isPartOf":{"@id":"https:\/\/kidsplay.lt\/#website"},"primaryImageOfPage":{"@id":"https:\/\/kidsplay.lt\/produktas\/tooky-toy-pagauk-zuvi-montessori-delione-igudziu-zaidimas\/#primaryimage"},"image":{"@id":"https:\/\/kidsplay.lt\/produktas\/tooky-toy-pagauk-zuvi-montessori-delione-igudziu-zaidimas\/#primaryimage"},"thumbnailUrl":"https:\/\/kidsplay.lt\/wp-content\/uploads\/2025\/10\/TOOKY-TOY-Pagauk-zuvi-Montessori-delione-igudziu-zaidimas.jpg","datePublished":"2025-10-30T08:03:25+00:00","dateModified":"2026-04-13T11:54:26+00:00","description":"TOOKY TOY Pagauk \u017euv\u012f Montessori d\u0117lion\u0117 \u012fg\u016bd\u017ei\u0173 \u017eaidimas - KidsPlay. Did\u017eiausias vaik\u0173 \u017eaisl\u0173 pasirinkimas.","breadcrumb":{"@id":"https:\/\/kidsplay.lt\/produktas\/tooky-toy-pagauk-zuvi-montessori-delione-igudziu-zaidimas\/#breadcrumb"},"inLanguage":"lv-LV","potentialAction":[{"@type":"ReadAction","target":["https:\/\/kidsplay.lt\/produktas\/tooky-toy-pagauk-zuvi-montessori-delione-igudziu-zaidimas\/"]}]},{"@type":"ImageObject","inLanguage":"lv-LV","@id":"https:\/\/kidsplay.lt\/produktas\/tooky-toy-pagauk-zuvi-montessori-delione-igudziu-zaidimas\/#primaryimage","url":"https:\/\/kidsplay.lt\/wp-content\/uploads\/2025\/10\/TOOKY-TOY-Pagauk-zuvi-Montessori-delione-igudziu-zaidimas.jpg","contentUrl":"https:\/\/kidsplay.lt\/wp-content\/uploads\/2025\/10\/TOOKY-TOY-Pagauk-zuvi-Montessori-delione-igudziu-zaidimas.jpg","width":2500,"height":2500,"caption":"TOOKY TOY Pagauk \u017euv\u012f Montessori d\u0117lion\u0117 \u012fg\u016bd\u017ei\u0173 \u017eaidimas"},{"@type":"BreadcrumbList","@id":"https:\/\/kidsplay.lt\/produktas\/tooky-toy-pagauk-zuvi-montessori-delione-igudziu-zaidimas\/#breadcrumb","itemListElement":[{"@type":"ListItem","position":1,"name":"Pagrindinis","item":"https:\/\/kidsplay.lt\/"},{"@type":"ListItem","position":2,"name":"Parduotuv\u0117","item":"https:\/\/kidsplay.lt\/parduotuve\/"},{"@type":"ListItem","position":3,"name":"TOOKY TOY Pagauk \u017euv\u012f Montessori d\u0117lion\u0117 \u012fg\u016bd\u017ei\u0173 \u017eaidimas"}]},{"@type":"WebSite","@id":"https:\/\/kidsplay.lt\/#website","url":"https:\/\/kidsplay.lt\/","name":"B\u0113rnu sp\u0113les.lv","description":"\u012evairios prek\u0117s vaikams","publisher":{"@id":"https:\/\/kidsplay.lt\/#organization"},"alternateName":"Kidsplay","potentialAction":[{"@type":"SearchAction","target":{"@type":"EntryPoint","urlTemplate":"https:\/\/kidsplay.lt\/?s={search_term_string}"},"query-input":{"@type":"PropertyValueSpecification","valueRequired":true,"valueName":"search_term_string"}}],"inLanguage":"lv-LV"},{"@type":"Organization","@id":"https:\/\/kidsplay.lt\/#organization","name":"B\u0113rnu sp\u0113le","url":"https:\/\/kidsplay.lt\/","logo":{"@type":"ImageObject","inLanguage":"lv-LV","@id":"https:\/\/kidsplay.lt\/#\/schema\/logo\/image\/","url":"https:\/\/kidsplay.lt\/wp-content\/uploads\/2023\/07\/kidsplay-logo.png","contentUrl":"https:\/\/kidsplay.lt\/wp-content\/uploads\/2023\/07\/kidsplay-logo.png","width":451,"height":98,"caption":"KidsPlay"},"image":{"@id":"https:\/\/kidsplay.lt\/#\/schema\/logo\/image\/"},"sameAs":["https:\/\/www.facebook.com\/www.kidsplay.lt"]}]}},"_links":{"self":[{"href":"https:\/\/kidsplay.lt\/lv\/wp-json\/wp\/v2\/product\/79478","targetHints":{"allow":["GET"]}}],"collection":[{"href":"https:\/\/kidsplay.lt\/lv\/wp-json\/wp\/v2\/product"}],"about":[{"href":"https:\/\/kidsplay.lt\/lv\/wp-json\/wp\/v2\/types\/product"}],"version-history":[{"count":1,"href":"https:\/\/kidsplay.lt\/lv\/wp-json\/wp\/v2\/product\/79478\/revisions"}],"predecessor-version":[{"id":79479,"href":"https:\/\/kidsplay.lt\/lv\/wp-json\/wp\/v2\/product\/79478\/revisions\/79479"}],"wp:featuredmedia":[{"embeddable":true,"href":"https:\/\/kidsplay.lt\/lv\/wp-json\/wp\/v2\/media\/79480"}],"wp:attachment":[{"href":"https:\/\/kidsplay.lt\/lv\/wp-json\/wp\/v2\/media?parent=79478"}],"wp:term":[{"taxonomy":"product_brand","embeddable":true,"href":"https:\/\/kidsplay.lt\/lv\/wp-json\/wp\/v2\/product_brand?post=79478"},{"taxonomy":"product_cat","embeddable":true,"href":"https:\/\/kidsplay.lt\/lv\/wp-json\/wp\/v2\/product_cat?post=79478"},{"taxonomy":"product_tag","embeddable":true,"href":"https:\/\/kidsplay.lt\/lv\/wp-json\/wp\/v2\/product_tag?post=79478"}],"curies":[{"name":"wp","href":"https:\/\/api.w.org\/{rel}","templated":true}]}}