{"id":79507,"date":"2025-10-30T11:25:12","date_gmt":"2025-10-30T09:25:12","guid":{"rendered":"https:\/\/kidsplay.lt\/?post_type=product&#038;p=79507"},"modified":"2025-10-30T11:25:12","modified_gmt":"2025-10-30T09:25:12","slug":"medinis-namas-su-kopeciomis-ir-ciuozykla-zaidimu-aikstele-namams","status":"publish","type":"product","link":"https:\/\/kidsplay.lt\/lv\/products\/medinis-namas-su-kopeciomis-ir-ciuozykla-zaidimu-aikstele-namams\/","title":{"rendered":"Koka m\u0101ja ar k\u0101pn\u0113m un slidkalni\u0146u - rota\u013cu laukums m\u0101jai"},"content":{"rendered":"<div class=\"mpof_ki myre_zn myre_8v_l m389_6m_l\">\n<div class=\"mp4t_16_s mryx_16_s mr3m_1 mli2_1 mh85_56 mh85_0_l\">\n<div class=\"mgn2_16 _0d3bd_am0a-\">\n<h1><span dir=\"auto\">\u2b50Medin\u0117 vaik\u0173 \u017eaidim\u0173 aik\u0161tel\u0117 viduje \u2013 namelis su kop\u0117\u010diomis ir \u010diuo\u017eykla\u2b50<\/span><\/h1>\n<p><b><span dir=\"auto\">\u2705Prek\u0117s \u017eenklas:<\/span><\/b><span dir=\"auto\">\u00a0\u00a0Mamabrum<\/span><\/p>\n<p><b><span dir=\"auto\">\u2705Modelis:<\/span><\/b><span dir=\"auto\">\u00a0\u00a0MAM260 \u017eaidim\u0173 aik\u0161tel\u0117<\/span><\/p>\n<\/div>\n<\/div>\n<\/div>\n<div class=\"mpof_ki myre_zn myre_8v_l m389_6m_l\">\n<div class=\"mp4t_16_s mryx_16_s mr3m_1 mli2_1 mh85_56 mh85_0_l\">\n<div class=\"mgn2_16 _0d3bd_am0a-\">\n<h2><span dir=\"auto\">\u25b6\ufe0f Jud\u0117jimo ir linksmybi\u0173 centras J\u016bs\u0173 vaiko kambaryje!<\/span><\/h2>\n<p><span dir=\"auto\">Padovanokite savo vaikui tikr\u0105 \u017eaidim\u0173 aik\u0161tel\u0119&#8230; tiesiog jo paties kambaryje! Medinis laipiojimo namelis \u201eMamabrum\u201c apjungia gimnastikos kop\u0117\u010dias, laipiojimo sien\u0105, tinkl\u0105, apvali\u0105 ang\u0105 laipiojimui ir stog\u0105 laipiojimui. D\u0117l savo universalumo tai yra veiklos centras, skatinantis jud\u0117jim\u0105, lavinantis fizin\u012f pasirengim\u0105 ir suteikiantis valand\u0173 valandas pramog\u0173.<\/span><\/p>\n<\/div>\n<\/div>\n<\/div>\n<div class=\"mpof_ki myre_zn myre_8v_l m389_6m_l\">\n<div class=\"mp4t_16_s mryx_16_s mr3m_1 mli2_1 mh85_56 mh85_0_l\">\n<div class=\"mgn2_16 _0d3bd_am0a-\">\n<h2><span dir=\"auto\">\u2611\ufe0fPagrindin\u0117s savyb\u0117s:<\/span><\/h2>\n<p><b><span dir=\"auto\">\u2611\ufe0fDaugiafunkcis dizainas<\/span><\/b><span dir=\"auto\">\u00a0\u00a0\u2013 daug pramog\u0173 ir mank\u0161tos galimybi\u0173 viename gaminyje.<\/span><\/p>\n<p><b><span dir=\"auto\">\u2611\ufe0fNam\u0173 \u017eaidim\u0173 aik\u0161tel\u0117<\/span><\/b><span dir=\"auto\">\u00a0\u00a0\u2013 puikiai tinka vaiko kambariui, \u017eaidim\u0173 kambariui ar dar\u017eeliui.<\/span><\/p>\n<p><b><span dir=\"auto\">\u2611\ufe0f Namo formos konstrukcija<\/span><\/b><span dir=\"auto\">\u00a0\u00a0skatina k\u016brybi\u0161k\u0105 \u017eaidim\u0105, vaidmen\u0173 \u017eaidim\u0105 ir savo scenarij\u0173 k\u016brim\u0105.<\/span><\/p>\n<p><b><span dir=\"auto\">\u2611\ufe0fDaugiama\u010diai pratimai<\/span><\/b><span dir=\"auto\">\u00a0\u00a0\u2013 laipiojimas, balansavimas, kab\u0117jimas ir kli\u016b\u010di\u0173 \u012fveikimas viename rinkinyje.<\/span><\/p>\n<p><b><span dir=\"auto\">\u2611\ufe0fSaugi konstrukcija<\/span><\/b><span dir=\"auto\">\u00a0\u00a0\u2013 stabili konstrukcija, tvirtumas iki 50 kg.<\/span><\/p>\n<p><b><span dir=\"auto\">\u2611\ufe0fVystymas per judes\u012f<\/span><\/b><span dir=\"auto\">\u00a0\u00a0\u2013 lavina stambi\u0105j\u0105 motorik\u0105, koordinacij\u0105, pusiausvyr\u0105 ir pasitik\u0117jim\u0105 savimi.<\/span><\/p>\n<p><b><span dir=\"auto\">\u2611\ufe0fNat\u016bralios med\u017eiagos<\/span><\/b><span dir=\"auto\">\u00a0\u00a0\u2013 mediena ir virv\u0117, be a\u0161tri\u0173 briaun\u0173.<\/span><\/p>\n<\/div>\n<\/div>\n<\/div>\n<div class=\"mpof_ki myre_zn myre_8v_l m389_6m_l\">\n<div class=\"mp4t_16_s mryx_16_s mr3m_1 mli2_1 mh85_56 mh85_0_l\">\n<div class=\"mgn2_16 _0d3bd_am0a-\">\n<h2><span dir=\"auto\">\u25b6\ufe0fStebuklingi namai, pilni nuotyki\u0173<\/span><\/h2>\n<p><span dir=\"auto\">Namo formos statinys vaikams suteikia ne tik laipiojimo ir mank\u0161tos \u012frang\u0105, bet ir\u00a0\u00a0<\/span><b><span dir=\"auto\">unikali\u0105 erdv\u0119 vaidmen\u0173 \u017eaidimams bei k\u016brybiniam \u017eaidimui.<\/span><\/b><span dir=\"auto\">\u00a0\u00a0Vien\u0105 akimirk\u0105 jis virsta\u00a0\u00a0<\/span><b><span dir=\"auto\">pirat\u0173 laivu<\/span><\/b><span dir=\"auto\">\u00a0, kit\u0105 \u2013\u00a0\u00a0<\/span><b><span dir=\"auto\">kosmoso baze<\/span><\/b><span dir=\"auto\">\u00a0\u00a0arba\u00a0\u00a0<\/span><b><span dir=\"auto\">slapta sl\u0117ptuve<\/span><\/b><span dir=\"auto\">\u00a0. Tai vieta, kurioje vaikai lavina savo vaizduot\u0119, mokosi bendradarbiauti ir kurti savo unikalius \u017eaidimo scenarijus. Namas derina fizin\u012f aktyvum\u0105 su nesibaigian\u010diais nuotykiais \u2013 ir skatina vaikus nor\u0117ti \u012f j\u012f sugr\u012f\u017eti kiekvien\u0105 dien\u0105!<\/span><\/p>\n<\/div>\n<\/div>\n<\/div>\n<div class=\"mpof_ki myre_zn myre_8v_l m389_6m_l\">\n<div class=\"mp4t_16_s mryx_16_s mr3m_1 mli2_1 mh85_56 mh85_0_l\">\n<div class=\"mgn2_16 _0d3bd_am0a-\">\n<h2><span dir=\"auto\">\u2611\ufe0f\u017daidim\u0173 aik\u0161tel\u0117s elementai:<\/span><\/h2>\n<p><b><span dir=\"auto\">\u2714\ufe0fDidel\u0117, medin\u0117 namo formos konstrukcija<\/span><\/b><span dir=\"auto\">\u00a0\u00a0\u2013 stabili, saugi ir \u012fkvepianti k\u016brybiniam \u017eaidimui.<\/span><\/p>\n<p><b><span dir=\"auto\">\u2714\ufe0fDvigubos funkcijos rampa<\/span><\/b><span dir=\"auto\">\u00a0\u00a0\u2013 vienoje pus\u0117je\u00a0\u00a0<\/span><b><span dir=\"auto\">laipiojimo siena<\/span><\/b><span dir=\"auto\">\u00a0\u00a0su rankenomis, kitoje \u2013 lygi\u00a0\u00a0<\/span><b><span dir=\"auto\">\u010diuo\u017eykla<\/span><\/b><span dir=\"auto\">\u00a0.<\/span><\/p>\n<p><b><span dir=\"auto\">\u2714\ufe0fLaipimosi tinklas<\/span><\/b><span dir=\"auto\">\u00a0\u00a0\u2013 gerina pusiausvyr\u0105 ir koordinacij\u0105.<\/span><\/p>\n<p><b><span dir=\"auto\">\u2714\ufe0fApvali anga su virv\u0117mis (tunelis)<\/span><\/b><span dir=\"auto\">\u00a0\u00a0\u2013 \u012fdomus pra\u0117jimas tarsi kli\u016b\u010di\u0173 ruo\u017ee.<\/span><\/p>\n<p><b><span dir=\"auto\">\u2714\ufe0fVertikalios ir stogo kop\u0117\u010dios<\/span><\/b><span dir=\"auto\">\u00a0\u00a0\u2013 laipiojimui, kab\u0117jimui ir viso k\u016bno raumen\u0173 lavinimui.<\/span><\/p>\n<\/div>\n<\/div>\n<\/div>\n<div class=\"mpof_ki myre_zn myre_8v_l m389_6m_l\">\n<div class=\"mp4t_16_s mryx_16_s mr3m_1 mli2_1 mh85_56 mh85_0_l\">\n<div class=\"mgn2_16 _0d3bd_am0a-\">\n<h2><span dir=\"auto\">\u25b6\ufe0fDvipus\u0117 rampa su auk\u0161\u010dio reguliavimu<\/span><\/h2>\n<p><span dir=\"auto\">\u0160i rampa \u2013 tai funkcija, kuri \u012ftrauks vaikus!\u00a0\u00a0<\/span><b><span dir=\"auto\">Dvi funkcijos vienoje \u2013 laipiojimo sienel\u0117 su spalvingomis rankenomis ir sklandi \u010diuo\u017eykla<\/span><\/b><span dir=\"auto\">\u00a0\u00a0\u2013 rei\u0161kia, kad j\u016bs\u0173 ma\u017eylis kiekvien\u0105 dien\u0105 gali patirti vis kitoki\u0105 \u017eaidimo patirt\u012f. Reguliuojant rampos auk\u0161t\u012f, \u017eaidimas prisitaiko prie vaiko am\u017eiaus ir dr\u0105sos \u2013 nuo \u200b\u200bpirm\u0173j\u0173 bandym\u0173 lipti iki \u012fdomi\u0173 nusileidim\u0173. \u0160is paprastas papildymas paver\u010dia \u017eaidim\u0173 namel\u012f tikru veiklos ir d\u017eiaugsmo centru.<\/span><\/p>\n<\/div>\n<\/div>\n<\/div>\n<div class=\"mpof_ki myre_zn myre_8v_l m389_6m_l\">\n<div class=\"mp4t_16_s mryx_16_s mr3m_1 mli2_1 mh85_56 mh85_0_l\">\n<div class=\"mgn2_16 _0d3bd_am0a-\">\n<h2><span dir=\"auto\">\u25b6\ufe0fNam\u0173 \u017eaidim\u0173 aik\u0161tel\u0117 i\u0161tisus metus<\/span><\/h2>\n<p><b><span dir=\"auto\">Jums nebereikia laukti gero oro,<\/span><\/b><span dir=\"auto\">\u00a0\u00a0kad j\u016bs\u0173 vaikas gal\u0117t\u0173 smagiai praleisti laik\u0105 \u017eaidim\u0173 aik\u0161tel\u0117je. Medinis laipiojimo namelis atne\u0161a d\u017eiaugsm\u0105 tiesiai \u012f j\u016bs\u0173 ma\u017eylio kambar\u012f. Lietus, v\u0117jas ar \u0161altis n\u0117ra kli\u016btis \u2013 energija ir k\u016brybi\u0161kumas randa i\u0161rai\u0161k\u0105 saugiuose j\u016bs\u0173 namuose. Tai\u00a0\u00a0<\/span><b><span dir=\"auto\">garantuoja kasdien\u0119 mank\u0161tos doz\u0119,<\/span><\/b><span dir=\"auto\">\u00a0\u00a0nepriklausomai nuo oro s\u0105lyg\u0173!<\/span><\/p>\n<\/div>\n<\/div>\n<\/div>\n<div class=\"mpof_ki myre_zn myre_8v_l m389_6m_l\">\n<div class=\"mp4t_16_s mryx_16_s mr3m_1 mli2_1 mh85_56 mh85_0_l\">\n<div class=\"mgn2_16 _0d3bd_am0a-\">\n<h2><span dir=\"auto\">\u25b6\ufe0f Jud\u0117jimas, kuris ugdo pasitik\u0117jim\u0105 savimi<\/span><\/h2>\n<p><span dir=\"auto\">Kiekvienas lipimas kop\u0117\u010diomis, perlipimas tinklu ar nusileidimas rampa\u00a0\u00a0<\/span><b><span dir=\"auto\">vaikui yra ne tik smagus u\u017esi\u0117mimas, bet ir ma\u017eas pasiekimas<\/span><\/b><span dir=\"auto\">\u00a0. Laipiojimo namelis moko atkaklumo, dr\u0105sos ir savaranki\u0161kumo, o nauj\u0173 \u201evir\u0161\u016bni\u0173\u201c \u012fveikimas stiprina pasitik\u0117jim\u0105 savimi. \u0160i \u012franga ne tik lavina k\u016bn\u0105, bet ir ugdo charakter\u012f bei suteikia vaikams pasidid\u017eiavimo savo pasiekimais jausm\u0105. Tai taip pat\u00a0\u00a0<\/span><b><span dir=\"auto\">puiki alternatyva elektronikai<\/span><\/b><span dir=\"auto\">\u00a0\u00a0ir pasyviems \u017eaidimams \u2013 vaikai laik\u0105 leid\u017eia aktyviai, u\u017esiimdami judesio ir \u012fsp\u016bd\u017ei\u0173 kupina veikla.<\/span><\/p>\n<\/div>\n<\/div>\n<\/div>\n<div class=\"mpof_ki myre_zn myre_8v_l m389_6m_l\">\n<div class=\"mp4t_16_s mryx_16_s mr3m_1 mli2_1 mh85_56 mh85_0_l\">\n<div class=\"mgn2_16 _0d3bd_am0a-\">\n<h2><span dir=\"auto\">\u26a0\ufe0fSpecifikacija<\/span><\/h2>\n<p><span dir=\"auto\">\u2705Matmenys: 152 x 92 x 118 cm<\/span><\/p>\n<p><span dir=\"auto\">\u2705Pakuot\u0117s matmenys: 123 x 80,5 x 12 cm<\/span><\/p>\n<p><span dir=\"auto\">\u2705Panduso matmenys: 79,5 x 38,5 cm<\/span><\/p>\n<p><span dir=\"auto\">\u2705Med\u017eiaga: fanera, pu\u0161ies mediena, virv\u0117<\/span><\/p>\n<p><span dir=\"auto\">\u2705Am\u017eius: 3+<\/span><\/p>\n<p><span dir=\"auto\">\u2705Svoris: 16,6 kg<\/span><\/p>\n<p><span dir=\"auto\">\u2705Svoris su pakuote: 18,8 kg<\/span><\/p>\n<p><span dir=\"auto\">\u2705Did\u017eiausia apkrova: 50 kg<\/span><\/p>\n<\/div>\n<\/div>\n<\/div>\n<div class=\"mpof_ki myre_zn myre_8v_l m389_6m_l\">\n<div class=\"mp4t_16_s mryx_16_s mr3m_1 mli2_1 mh85_56 mh85_0_l\">\n<div class=\"mgn2_16 _0d3bd_am0a-\">\n<h2><span dir=\"auto\">\u2728Saugumas pirmiausia\u2728<\/span><\/h2>\n<p><span dir=\"auto\">Pagamintas i\u0161 nat\u016bralios medienos, su lygia apdaila ir be a\u0161tri\u0173 briaun\u0173, atitinka\u00a0\u00a0<\/span><b><span dir=\"auto\">Europos CE ir EN71 standartus.<\/span><\/b><\/p>\n<\/div>\n<\/div>\n<\/div>","protected":false},"excerpt":{"rendered":"<p>\u2b50Medin\u0117 vaik\u0173 \u017eaidim\u0173 aik\u0161tel\u0117 viduje \u2013 namelis su kop\u0117\u010diomis ir \u010diuo\u017eykla\u2b50 \u2705Prek\u0117s \u017eenklas:\u00a0\u00a0Mamabrum \u2705Modelis:\u00a0\u00a0MAM260 \u017eaidim\u0173 aik\u0161tel\u0117 \u25b6\ufe0f Jud\u0117jimo ir linksmybi\u0173<\/p>","protected":false},"featured_media":79509,"template":"","meta":{"_acf_changed":false,"_glsr_average":0,"_glsr_ranking":0,"_glsr_reviews":0},"product_brand":[],"product_cat":[674,254],"product_tag":[],"class_list":{"0":"post-79507","1":"product","2":"type-product","3":"status-publish","4":"has-post-thumbnail","6":"product_cat-namu-zaidimo-aiksteles","7":"product_cat-vaiko-kambarys","8":"\"style=\"background-color: #2ecc711c;\"","10":"first","11":"instock","12":"shipping-taxable","13":"purchasable","14":"product-type-simple"},"acf":[],"yoast_head":"<!-- This site is optimized with the Yoast SEO plugin v27.3 - https:\/\/yoast.com\/product\/yoast-seo-wordpress\/ -->\n<title>Medinis namas su kop\u0117\u010diomis ir \u010diuo\u017eykla \u2013 \u017eaidim\u0173 aik\u0161tel\u0117 namams - KidsPlay<\/title>\n<meta name=\"description\" content=\"Medinis namas su kop\u0117\u010diomis ir \u010diuo\u017eykla \u2013 \u017eaidim\u0173 aik\u0161tel\u0117 namams - KidsPlay. Did\u017eiausias vaik\u0173 \u017eaisl\u0173 pasirinkimas.\" \/>\n<meta name=\"robots\" content=\"index, follow, max-snippet:-1, max-image-preview:large, max-video-preview:-1\" \/>\n<link rel=\"canonical\" href=\"https:\/\/kidsplay.lt\/lv\/products\/medinis-namas-su-kopeciomis-ir-ciuozykla-zaidimu-aikstele-namams\/\" \/>\n<meta property=\"og:locale\" content=\"lv_LV\" \/>\n<meta property=\"og:type\" content=\"article\" \/>\n<meta property=\"og:title\" content=\"Medinis namas su kop\u0117\u010diomis ir \u010diuo\u017eykla \u2013 \u017eaidim\u0173 aik\u0161tel\u0117 namams - KidsPlay\" \/>\n<meta property=\"og:description\" content=\"Medinis namas su kop\u0117\u010diomis ir \u010diuo\u017eykla \u2013 \u017eaidim\u0173 aik\u0161tel\u0117 namams - KidsPlay. Did\u017eiausias vaik\u0173 \u017eaisl\u0173 pasirinkimas.\" \/>\n<meta property=\"og:url\" content=\"https:\/\/kidsplay.lt\/lv\/products\/medinis-namas-su-kopeciomis-ir-ciuozykla-zaidimu-aikstele-namams\/\" \/>\n<meta property=\"og:site_name\" content=\"KidsPlay\" \/>\n<meta property=\"article:publisher\" content=\"https:\/\/www.facebook.com\/www.kidsplay.lt\" \/>\n<meta property=\"og:image\" content=\"https:\/\/kidsplay.lt\/wp-content\/uploads\/2025\/10\/Screenshot_796.png\" \/>\n\t<meta property=\"og:image:width\" content=\"586\" \/>\n\t<meta property=\"og:image:height\" content=\"523\" \/>\n\t<meta property=\"og:image:type\" content=\"image\/png\" \/>\n<meta name=\"twitter:card\" content=\"summary_large_image\" \/>\n<meta name=\"twitter:label1\" content=\"Est. reading time\" \/>\n\t<meta name=\"twitter:data1\" content=\"3 min\u016btes\" \/>\n<script type=\"application\/ld+json\" class=\"yoast-schema-graph\">{\"@context\":\"https:\\\/\\\/schema.org\",\"@graph\":[{\"@type\":\"WebPage\",\"@id\":\"https:\\\/\\\/kidsplay.lt\\\/produktas\\\/medinis-namas-su-kopeciomis-ir-ciuozykla-zaidimu-aikstele-namams\\\/\",\"url\":\"https:\\\/\\\/kidsplay.lt\\\/produktas\\\/medinis-namas-su-kopeciomis-ir-ciuozykla-zaidimu-aikstele-namams\\\/\",\"name\":\"Medinis namas su kop\u0117\u010diomis ir \u010diuo\u017eykla \u2013 \u017eaidim\u0173 aik\u0161tel\u0117 namams - KidsPlay\",\"isPartOf\":{\"@id\":\"https:\\\/\\\/kidsplay.lt\\\/#website\"},\"primaryImageOfPage\":{\"@id\":\"https:\\\/\\\/kidsplay.lt\\\/produktas\\\/medinis-namas-su-kopeciomis-ir-ciuozykla-zaidimu-aikstele-namams\\\/#primaryimage\"},\"image\":{\"@id\":\"https:\\\/\\\/kidsplay.lt\\\/produktas\\\/medinis-namas-su-kopeciomis-ir-ciuozykla-zaidimu-aikstele-namams\\\/#primaryimage\"},\"thumbnailUrl\":\"https:\\\/\\\/kidsplay.lt\\\/wp-content\\\/uploads\\\/2025\\\/10\\\/Screenshot_796.png\",\"datePublished\":\"2025-10-30T09:25:12+00:00\",\"description\":\"Medinis namas su kop\u0117\u010diomis ir \u010diuo\u017eykla \u2013 \u017eaidim\u0173 aik\u0161tel\u0117 namams - KidsPlay. Did\u017eiausias vaik\u0173 \u017eaisl\u0173 pasirinkimas.\",\"breadcrumb\":{\"@id\":\"https:\\\/\\\/kidsplay.lt\\\/produktas\\\/medinis-namas-su-kopeciomis-ir-ciuozykla-zaidimu-aikstele-namams\\\/#breadcrumb\"},\"inLanguage\":\"lv-LV\",\"potentialAction\":[{\"@type\":\"ReadAction\",\"target\":[\"https:\\\/\\\/kidsplay.lt\\\/produktas\\\/medinis-namas-su-kopeciomis-ir-ciuozykla-zaidimu-aikstele-namams\\\/\"]}]},{\"@type\":\"ImageObject\",\"inLanguage\":\"lv-LV\",\"@id\":\"https:\\\/\\\/kidsplay.lt\\\/produktas\\\/medinis-namas-su-kopeciomis-ir-ciuozykla-zaidimu-aikstele-namams\\\/#primaryimage\",\"url\":\"https:\\\/\\\/kidsplay.lt\\\/wp-content\\\/uploads\\\/2025\\\/10\\\/Screenshot_796.png\",\"contentUrl\":\"https:\\\/\\\/kidsplay.lt\\\/wp-content\\\/uploads\\\/2025\\\/10\\\/Screenshot_796.png\",\"width\":586,\"height\":523},{\"@type\":\"BreadcrumbList\",\"@id\":\"https:\\\/\\\/kidsplay.lt\\\/produktas\\\/medinis-namas-su-kopeciomis-ir-ciuozykla-zaidimu-aikstele-namams\\\/#breadcrumb\",\"itemListElement\":[{\"@type\":\"ListItem\",\"position\":1,\"name\":\"Pagrindinis\",\"item\":\"https:\\\/\\\/kidsplay.lt\\\/\"},{\"@type\":\"ListItem\",\"position\":2,\"name\":\"Parduotuv\u0117\",\"item\":\"https:\\\/\\\/kidsplay.lt\\\/parduotuve\\\/\"},{\"@type\":\"ListItem\",\"position\":3,\"name\":\"Medinis namas su kop\u0117\u010diomis ir \u010diuo\u017eykla \u2013 \u017eaidim\u0173 aik\u0161tel\u0117 namams\"}]},{\"@type\":\"WebSite\",\"@id\":\"https:\\\/\\\/kidsplay.lt\\\/#website\",\"url\":\"https:\\\/\\\/kidsplay.lt\\\/\",\"name\":\"Kidsplay.lt\",\"description\":\"\u012evairios prek\u0117s vaikams\",\"publisher\":{\"@id\":\"https:\\\/\\\/kidsplay.lt\\\/#organization\"},\"alternateName\":\"Kidsplay\",\"potentialAction\":[{\"@type\":\"SearchAction\",\"target\":{\"@type\":\"EntryPoint\",\"urlTemplate\":\"https:\\\/\\\/kidsplay.lt\\\/?s={search_term_string}\"},\"query-input\":{\"@type\":\"PropertyValueSpecification\",\"valueRequired\":true,\"valueName\":\"search_term_string\"}}],\"inLanguage\":\"lv-LV\"},{\"@type\":\"Organization\",\"@id\":\"https:\\\/\\\/kidsplay.lt\\\/#organization\",\"name\":\"KidsPlay\",\"url\":\"https:\\\/\\\/kidsplay.lt\\\/\",\"logo\":{\"@type\":\"ImageObject\",\"inLanguage\":\"lv-LV\",\"@id\":\"https:\\\/\\\/kidsplay.lt\\\/#\\\/schema\\\/logo\\\/image\\\/\",\"url\":\"https:\\\/\\\/kidsplay.lt\\\/wp-content\\\/uploads\\\/2023\\\/07\\\/kidsplay-logo.png\",\"contentUrl\":\"https:\\\/\\\/kidsplay.lt\\\/wp-content\\\/uploads\\\/2023\\\/07\\\/kidsplay-logo.png\",\"width\":451,\"height\":98,\"caption\":\"KidsPlay\"},\"image\":{\"@id\":\"https:\\\/\\\/kidsplay.lt\\\/#\\\/schema\\\/logo\\\/image\\\/\"},\"sameAs\":[\"https:\\\/\\\/www.facebook.com\\\/www.kidsplay.lt\"]}]}<\/script>\n<!-- \/ Yoast SEO plugin. -->","yoast_head_json":{"title":"Medinis namas su kop\u0117\u010diomis ir \u010diuo\u017eykla \u2013 \u017eaidim\u0173 aik\u0161tel\u0117 namams - KidsPlay","description":"Medinis namas su kop\u0117\u010diomis ir \u010diuo\u017eykla \u2013 \u017eaidim\u0173 aik\u0161tel\u0117 namams - KidsPlay. Did\u017eiausias vaik\u0173 \u017eaisl\u0173 pasirinkimas.","robots":{"index":"index","follow":"follow","max-snippet":"max-snippet:-1","max-image-preview":"max-image-preview:large","max-video-preview":"max-video-preview:-1"},"canonical":"https:\/\/kidsplay.lt\/lv\/products\/medinis-namas-su-kopeciomis-ir-ciuozykla-zaidimu-aikstele-namams\/","og_locale":"lv_LV","og_type":"article","og_title":"Medinis namas su kop\u0117\u010diomis ir \u010diuo\u017eykla \u2013 \u017eaidim\u0173 aik\u0161tel\u0117 namams - KidsPlay","og_description":"Medinis namas su kop\u0117\u010diomis ir \u010diuo\u017eykla \u2013 \u017eaidim\u0173 aik\u0161tel\u0117 namams - KidsPlay. Did\u017eiausias vaik\u0173 \u017eaisl\u0173 pasirinkimas.","og_url":"https:\/\/kidsplay.lt\/lv\/products\/medinis-namas-su-kopeciomis-ir-ciuozykla-zaidimu-aikstele-namams\/","og_site_name":"KidsPlay","article_publisher":"https:\/\/www.facebook.com\/www.kidsplay.lt","og_image":[{"width":586,"height":523,"url":"https:\/\/kidsplay.lt\/wp-content\/uploads\/2025\/10\/Screenshot_796.png","type":"image\/png"}],"twitter_card":"summary_large_image","twitter_misc":{"Est. reading time":"3 min\u016btes"},"schema":{"@context":"https:\/\/schema.org","@graph":[{"@type":"WebPage","@id":"https:\/\/kidsplay.lt\/produktas\/medinis-namas-su-kopeciomis-ir-ciuozykla-zaidimu-aikstele-namams\/","url":"https:\/\/kidsplay.lt\/produktas\/medinis-namas-su-kopeciomis-ir-ciuozykla-zaidimu-aikstele-namams\/","name":"Medinis namas su kop\u0117\u010diomis ir \u010diuo\u017eykla \u2013 \u017eaidim\u0173 aik\u0161tel\u0117 namams - KidsPlay","isPartOf":{"@id":"https:\/\/kidsplay.lt\/#website"},"primaryImageOfPage":{"@id":"https:\/\/kidsplay.lt\/produktas\/medinis-namas-su-kopeciomis-ir-ciuozykla-zaidimu-aikstele-namams\/#primaryimage"},"image":{"@id":"https:\/\/kidsplay.lt\/produktas\/medinis-namas-su-kopeciomis-ir-ciuozykla-zaidimu-aikstele-namams\/#primaryimage"},"thumbnailUrl":"https:\/\/kidsplay.lt\/wp-content\/uploads\/2025\/10\/Screenshot_796.png","datePublished":"2025-10-30T09:25:12+00:00","description":"Medinis namas su kop\u0117\u010diomis ir \u010diuo\u017eykla \u2013 \u017eaidim\u0173 aik\u0161tel\u0117 namams - KidsPlay. Did\u017eiausias vaik\u0173 \u017eaisl\u0173 pasirinkimas.","breadcrumb":{"@id":"https:\/\/kidsplay.lt\/produktas\/medinis-namas-su-kopeciomis-ir-ciuozykla-zaidimu-aikstele-namams\/#breadcrumb"},"inLanguage":"lv-LV","potentialAction":[{"@type":"ReadAction","target":["https:\/\/kidsplay.lt\/produktas\/medinis-namas-su-kopeciomis-ir-ciuozykla-zaidimu-aikstele-namams\/"]}]},{"@type":"ImageObject","inLanguage":"lv-LV","@id":"https:\/\/kidsplay.lt\/produktas\/medinis-namas-su-kopeciomis-ir-ciuozykla-zaidimu-aikstele-namams\/#primaryimage","url":"https:\/\/kidsplay.lt\/wp-content\/uploads\/2025\/10\/Screenshot_796.png","contentUrl":"https:\/\/kidsplay.lt\/wp-content\/uploads\/2025\/10\/Screenshot_796.png","width":586,"height":523},{"@type":"BreadcrumbList","@id":"https:\/\/kidsplay.lt\/produktas\/medinis-namas-su-kopeciomis-ir-ciuozykla-zaidimu-aikstele-namams\/#breadcrumb","itemListElement":[{"@type":"ListItem","position":1,"name":"Pagrindinis","item":"https:\/\/kidsplay.lt\/"},{"@type":"ListItem","position":2,"name":"Parduotuv\u0117","item":"https:\/\/kidsplay.lt\/parduotuve\/"},{"@type":"ListItem","position":3,"name":"Medinis namas su kop\u0117\u010diomis ir \u010diuo\u017eykla \u2013 \u017eaidim\u0173 aik\u0161tel\u0117 namams"}]},{"@type":"WebSite","@id":"https:\/\/kidsplay.lt\/#website","url":"https:\/\/kidsplay.lt\/","name":"B\u0113rnu sp\u0113les.lv","description":"\u012evairios prek\u0117s vaikams","publisher":{"@id":"https:\/\/kidsplay.lt\/#organization"},"alternateName":"Kidsplay","potentialAction":[{"@type":"SearchAction","target":{"@type":"EntryPoint","urlTemplate":"https:\/\/kidsplay.lt\/?s={search_term_string}"},"query-input":{"@type":"PropertyValueSpecification","valueRequired":true,"valueName":"search_term_string"}}],"inLanguage":"lv-LV"},{"@type":"Organization","@id":"https:\/\/kidsplay.lt\/#organization","name":"B\u0113rnu sp\u0113le","url":"https:\/\/kidsplay.lt\/","logo":{"@type":"ImageObject","inLanguage":"lv-LV","@id":"https:\/\/kidsplay.lt\/#\/schema\/logo\/image\/","url":"https:\/\/kidsplay.lt\/wp-content\/uploads\/2023\/07\/kidsplay-logo.png","contentUrl":"https:\/\/kidsplay.lt\/wp-content\/uploads\/2023\/07\/kidsplay-logo.png","width":451,"height":98,"caption":"KidsPlay"},"image":{"@id":"https:\/\/kidsplay.lt\/#\/schema\/logo\/image\/"},"sameAs":["https:\/\/www.facebook.com\/www.kidsplay.lt"]}]}},"_links":{"self":[{"href":"https:\/\/kidsplay.lt\/lv\/wp-json\/wp\/v2\/product\/79507","targetHints":{"allow":["GET"]}}],"collection":[{"href":"https:\/\/kidsplay.lt\/lv\/wp-json\/wp\/v2\/product"}],"about":[{"href":"https:\/\/kidsplay.lt\/lv\/wp-json\/wp\/v2\/types\/product"}],"version-history":[{"count":1,"href":"https:\/\/kidsplay.lt\/lv\/wp-json\/wp\/v2\/product\/79507\/revisions"}],"predecessor-version":[{"id":79514,"href":"https:\/\/kidsplay.lt\/lv\/wp-json\/wp\/v2\/product\/79507\/revisions\/79514"}],"wp:featuredmedia":[{"embeddable":true,"href":"https:\/\/kidsplay.lt\/lv\/wp-json\/wp\/v2\/media\/79509"}],"wp:attachment":[{"href":"https:\/\/kidsplay.lt\/lv\/wp-json\/wp\/v2\/media?parent=79507"}],"wp:term":[{"taxonomy":"product_brand","embeddable":true,"href":"https:\/\/kidsplay.lt\/lv\/wp-json\/wp\/v2\/product_brand?post=79507"},{"taxonomy":"product_cat","embeddable":true,"href":"https:\/\/kidsplay.lt\/lv\/wp-json\/wp\/v2\/product_cat?post=79507"},{"taxonomy":"product_tag","embeddable":true,"href":"https:\/\/kidsplay.lt\/lv\/wp-json\/wp\/v2\/product_tag?post=79507"}],"curies":[{"name":"wp","href":"https:\/\/api.w.org\/{rel}","templated":true}]}}