{"id":79573,"date":"2025-10-31T12:46:39","date_gmt":"2025-10-31T10:46:39","guid":{"rendered":"https:\/\/kidsplay.lt\/?post_type=product&#038;p=79573"},"modified":"2025-12-30T09:37:55","modified_gmt":"2025-12-30T07:37:55","slug":"nesiojama-mini-retro-konsole-dviem-zaidejams-400-zaidimu","status":"publish","type":"product","link":"https:\/\/kidsplay.lt\/lv\/products\/nesiojama-mini-retro-konsole-dviem-zaidejams-400-zaidimu\/","title":{"rendered":"P\u0101rn\u0113s\u0101jama mini retro sp\u0113\u013cu konsole diviem sp\u0113l\u0113t\u0101jiem, 400 sp\u0113les"},"content":{"rendered":"<div class=\"mpof_ki myre_zn myre_8v_l m389_6m_l\">\n<div class=\"mp4t_16_s mryx_16_s mr3m_1 mli2_1 mh85_56 mh85_0_l\">\n<div class=\"mgn2_16 _0d3bd_am0a-\">\n<p><b><span dir=\"auto\">Mini konsol\u0117 \u2013 tai \u012frenginys, kuris nukelia vartotojus \u012f nostalgijos ir senovini\u0173 vaizdo \u017eaidim\u0173 pasaul\u012f, tuo pa\u010diu si\u016blydamas kompakti\u0161k\u0105 dyd\u012f ir patogi\u0105 \u017eaidimo patirt\u012f. Ji leid\u017eia m\u0117gautis retro \u017eaidimais bet kada ir bet kur. Konsol\u0117 yra puikus \u012frenginys \u012fvairaus am\u017eiaus vaizdo \u017eaidim\u0173 entuziastams, skatinantis tiek jaunus, tiek senus gr\u012f\u017eti prie klasikini\u0173 \u017eaidim\u0173.<\/span><\/b><\/p>\n<\/div>\n<\/div>\n<\/div>\n<div class=\"mpof_ki myre_zn myre_8v_l m389_6m_l\">\n<div class=\"mp4t_16_s mryx_16_s mr3m_1 mli2_1 mh85_56 mh85_0_l\">\n<div class=\"mgn2_16 _0d3bd_am0a-\">\n<h2><span dir=\"auto\">Konsol\u0117s akumuliatori\u0173 apsaugo apsaugin\u0117 pl\u0117vel\u0117, kuri\u0105 reikia nuimti prie\u0161 naudojim\u0105. \u0160i pl\u0117vel\u0117 skirta apsaugoti akumuliatori\u0173 transportavimo metu.<\/span><\/h2>\n<\/div>\n<\/div>\n<\/div>\n<div class=\"mpof_ki myre_zn myre_8v_l m389_6m_l\">\n<div class=\"mp4t_16_s mryx_16_s mr3m_1 mli2_1 mh85_56 mh85_0_l\">\n<div class=\"mgn2_16 _0d3bd_am0a-\">\n<h1><span dir=\"auto\">\u27a1\ufe0f NE\u0160IOJAMA MINI RETRO KONSOL\u0116 SU 400 \u017dAIDIM\u0172<\/span><\/h1>\n<p><span dir=\"auto\">\u2b50 Konsol\u0117je yra\u00a0\u00a0<\/span><b><span dir=\"auto\">400 integruot\u0173 \u017eaidim\u0173.<\/span><\/b><\/p>\n<p><span dir=\"auto\">\u2b50 Jame yra\u00a0\u00a0<\/span><b><span dir=\"auto\">2,4 colio spalvotas ekranas<\/span><\/b><span dir=\"auto\">\u00a0.<\/span><\/p>\n<p><span dir=\"auto\">\u2b50 J\u012f maitina\u00a0\u00a0<b>400<\/b>\u00a0mAh\u00a0\u00a0<\/span><b><span dir=\"auto\">baterija\u00a0<\/span><\/b><span dir=\"auto\">\u00a0.<\/span><b><\/b><\/p>\n<p><span dir=\"auto\">\u2b50 \u017daidimams b\u016bdinga\u00a0\u00a0<\/span><b><span dir=\"auto\">auk\u0161tos kokyb\u0117s<\/span><\/b><span dir=\"auto\">\u00a0\u00a0muzika ir grafika.<\/span><\/p>\n<p><span dir=\"auto\">\u2b50\u00a0\u00a0<\/span><b><span dir=\"auto\">Valdymas\u00a0<\/span><\/b><span dir=\"auto\">\u00a0angl\u0173 kalba yra\u00a0\u00a0<\/span><b><span dir=\"auto\">paprastas ir intuityvus<\/span><\/b><span dir=\"auto\">\u00a0.<\/span><\/p>\n<p><span dir=\"auto\">\u2b50\u00a0\u00a0<\/span><b><span dir=\"auto\">Integruoti garsiakalbiai<\/span><\/b><span dir=\"auto\">\u00a0\u00a0su garsumo valdymu.<\/span><\/p>\n<p><span dir=\"auto\">\u2b50\u00a0\u00a0<\/span><b><span dir=\"auto\">Galima prijungti prie televizoriaus<\/span><\/b><span dir=\"auto\">\u00a0\u00a0naudojant komplekte esant\u012f laid\u0105.<\/span><\/p>\n<p><span dir=\"auto\">\u2b50 Konsol\u0117 pasi\u017eymi\u00a0\u00a0<\/span><b><span dir=\"auto\">ma\u017eais matmenimis<\/span><\/b><span dir=\"auto\">\u00a0.<\/span><\/p>\n<\/div>\n<\/div>\n<div class=\"mp4t_16_s mryx_16_s mr3m_1 mli2_1 mh85_56 mh85_0_l\">\n<div class=\"mg9e_8 mj7a_8 mg9e_0_s mvrt_0_s mj7a_0_s mh36_0_s mzmg_6m munh_16_l m3h2_16_l\">\n<div class=\"mp4t_0 mryx_0 munh_56 m3h2_56\">\n<div class=\"mp7g_oh\"><button class=\"mg9e_0 mvrt_0 mj7a_0 mh36_0 mp4t_0 m3h2_0 mryx_0 munh_0 mqen_m6 mpof_z0 mx7m_0 m7er_k4 mse2_k4 msts_pt\" data-analytics-interaction=\"true\" data-analytics-interaction-label=\"zoomable-image-open\" aria-disabled=\"true\"><img decoding=\"async\" class=\"msub_k4 mupj_5k mjru_k4 mse2_k4 mp7g_f6 mq1m_0 mj7u_0 m7er_k4 mqen_m6 m31c_d8 m0ux_fp lazyloaded\" src=\"https:\/\/a.allegroimg.com\/original\/114fb4\/03acd2ec43ae9a28db97f9aa1f12\/PRZENOSNA-MINI-RETRO-KONSOLA-DWOCH-GRACZY-400-GIER-2-4-TV-AV\" sizes=\"(min-width: 1200px) 560px, (min-width: 992px) 50vw, 100vw\" srcset=\"https:\/\/a.allegroimg.com\/s360\/114fb4\/03acd2ec43ae9a28db97f9aa1f12\/PRZENOSNA-MINI-RETRO-KONSOLA-DWOCH-GRACZY-400-GIER-2-4-TV-AV 360w,https:\/\/a.allegroimg.com\/s720\/114fb4\/03acd2ec43ae9a28db97f9aa1f12\/PRZENOSNA-MINI-RETRO-KONSOLA-DWOCH-GRACZY-400-GIER-2-4-TV-AV 720w,https:\/\/a.allegroimg.com\/s1024\/114fb4\/03acd2ec43ae9a28db97f9aa1f12\/PRZENOSNA-MINI-RETRO-KONSOLA-DWOCH-GRACZY-400-GIER-2-4-TV-AV 1024w,https:\/\/a.allegroimg.com\/s1440\/114fb4\/03acd2ec43ae9a28db97f9aa1f12\/PRZENOSNA-MINI-RETRO-KONSOLA-DWOCH-GRACZY-400-GIER-2-4-TV-AV 1440w,https:\/\/a.allegroimg.com\/original\/114fb4\/03acd2ec43ae9a28db97f9aa1f12\/PRZENOSNA-MINI-RETRO-KONSOLA-DWOCH-GRACZY-400-GIER-2-4-TV-AV 2560w\" alt=\"PRZENO\u015aNA MINI RETRO KONSOLA DW\u00d3CH GRACZY 400 GIER 2,4&amp;quot; TV AV\" width=\"2560px\" data-srcset=\"\" \/><\/button><\/div>\n<\/div>\n<\/div>\n<\/div>\n<\/div>\n<div class=\"mpof_ki myre_zn myre_8v_l m389_6m_l\">\n<div class=\"mp4t_16_s mryx_16_s mr3m_1 mli2_1 mh85_56 mh85_0_l\">\n<div class=\"mgn2_16 _0d3bd_am0a-\">\n<h1><span dir=\"auto\">\u27a1\ufe0f TARP 400 GALIM\u0172 \u017dAIDIM\u0172 GALITE RASTI TIKR\u0172 PERLIUK\u0172, TOKI\u0172 KAIP<\/span><\/h1>\n<p><b><span dir=\"auto\">\u201eContra\u201c, \u201eSuper Contra\u201c,<\/span><\/b><span dir=\"auto\">\u00a0\u201eChip &amp; Dale\u201c,\u00a0<\/span><b><span dir=\"auto\">\u201eWorld Cup Soccer\u201c, \u201eTetris 2\u201c<\/span><\/b><span dir=\"auto\">\u00a0, \u201eTank A1990\u201c, \u201eStreet Fighter V\u201c,\u00a0<\/span><b><span dir=\"auto\">legendiniai \u201eSuper Mario Bros\u201c,<\/span><\/b><span dir=\"auto\">\u00a0\u201eSuper\u00a0<\/span><b><span dir=\"auto\">Mario Bros 3\u201c,<\/span><\/b><span dir=\"auto\">\u00a0\u201eSuper Mario Bros 6\u201c, \u201eSuper Mario 14\u201c, taip pat:\u00a0<\/span><b><span dir=\"auto\">\u201eBatman\u201c, \u201eSpider-Man\u201c, \u201eTom &amp; Jerry\u201c, \u201ePac-Mania\u201c,<\/span><\/b><span dir=\"auto\">\u00a0\u201e1942\u201c,\u00a0<\/span><b><span dir=\"auto\">\u201eAngry Birds\u201c,<\/span><\/b><span dir=\"auto\">\u00a0\u201eArkanoid\u201c, \u201eDr. Mario\u201c,\u00a0<\/span><b><span dir=\"auto\">\u201eF1 Race\u201c,<\/span><\/b><span dir=\"auto\">\u00a0\u201ePac-Man\u201c,\u00a0<\/span><b><span dir=\"auto\">\u201eDonkey Kong\u201c,<\/span><\/b><span dir=\"auto\">\u00a0\u201eBomberman\u201c, \u201eGalaga\u201c, \u201eGalaxian\u201c,\u00a0<\/span><b><span dir=\"auto\">nepamir\u0161tamas<\/span><\/b><b><span dir=\"auto\"> \u201ePinball\u201c,<\/span><\/b><span dir=\"auto\">\u00a0\u201eSpace Invaders\u201c ir\u00a0<\/span><b><span dir=\"auto\">\u201eZippy Race\u201c<\/span><\/b><span dir=\"auto\"> \u2013 tai tik keletas nuostabi\u0173 \u017eaidim\u0173, prieinam\u0173 \u0161ioje konsol\u0117je.\u00a0<\/span><\/p>\n<div class=\"mpof_ki myre_zn myre_8v_l m389_6m_l\">\n<div class=\"mp4t_16_s mryx_16_s mr3m_1 mli2_1 mh85_56 mh85_0_l\">\n<div class=\"mgn2_16 _0d3bd_am0a-\">\n<h1><span dir=\"auto\">\u27a1\ufe0f PAPILDOMAS \u017dAIDIM\u0172 VALDYMAS DVIEM \u017dAID\u0116JAMS!<\/span><\/h1>\n<p><b><span dir=\"auto\">Konsol\u0117 turi papildom\u0105 valdymo svirt\u012f<\/span><\/b><span dir=\"auto\">\u00a0, leid\u017eian\u010di\u0105 \u017eaisti dviem \u017eaid\u0117jams.\u00a0<\/span><b><span dir=\"auto\">Tiesiog pasirinkite<\/span><\/b><span dir=\"auto\">\u00a0dviej\u0173 \u017eaid\u0117j\u0173 \u017eaidim\u0105 i\u0161 konsol\u0117s atminties\u00a0<\/span><b><span dir=\"auto\">.<\/span><\/b><span dir=\"auto\">\u00a0Pirmasis \u017eaid\u0117jas naudoja\u00a0<\/span><b><span dir=\"auto\">konsol\u0117s mygtukus,<\/span><\/b><span dir=\"auto\">\u00a0o antrasis \u017eaid\u0117jas \u2013\u00a0<\/span><b><span dir=\"auto\">pridedam\u0105 valdikl\u012f.<\/span><\/b><\/p>\n<\/div>\n<\/div>\n<\/div>\n<div class=\"mpof_ki myre_zn myre_8v_l m389_6m_l\">\n<div class=\"mp4t_16_s mryx_16_s mr3m_1 mli2_1 mh85_56 mh85_0_l\">\n<div class=\"mgn2_16 _0d3bd_am0a-\">\n<h1><span dir=\"auto\">\u27a1\ufe0f NAUJA TELEVIZORIAUS PRIJUNGIMO FUNKCIJA<\/span><\/h1>\n<p><b><span dir=\"auto\">Konsol\u0117 buvo kruop\u0161\u010diai sukurta taip, kad atspind\u0117t\u0173\u00a0<\/span><\/b><b><span dir=\"auto\">praeities konsoli\u0173<\/span><\/b><span dir=\"auto\">\u00a0atmosfer\u0105\u00a0, kartu \u012ftraukiant\u00a0<\/span><b><span dir=\"auto\">nauj\u0105,<\/span><\/b><span dir=\"auto\">\u00a0nauding\u0105 funkcij\u0105, kurios nebuvo\u00a0<\/span><b><span dir=\"auto\">senesniuose modeliuose.<\/span><\/b><span dir=\"auto\">\u00a0Pakuot\u0117je\u00a0<\/span><b><span dir=\"auto\">yra<\/span><\/b><span dir=\"auto\">\u00a0laidas, jungiantis konsol\u0119 prie televizoriaus\u00a0<\/span><b><span dir=\"auto\">, ir AV laidas,<\/span><\/b><span dir=\"auto\">\u00a0skirtas \u012frenginiui prijungti\u00a0<\/span><b><span dir=\"auto\">prie televizoriaus.<\/span><\/b><span dir=\"auto\">\u00a0Dabar galite\u00a0<\/span><b><span dir=\"auto\">m\u0117gautis \u017eaidimais dideliame ekrane!<\/span><\/b><\/p>\n<\/div>\n<\/div>\n<div class=\"mp4t_16_s mryx_16_s mr3m_1 mli2_1 mh85_56 mh85_0_l\">\n<div class=\"mg9e_8 mj7a_8 mg9e_0_s mvrt_0_s mj7a_0_s mh36_0_s mzmg_6m munh_16_l m3h2_16_l\">\n<div class=\"mp4t_0 mryx_0 munh_56 m3h2_56\">\n<div class=\"mp7g_oh\"><button class=\"mg9e_0 mvrt_0 mj7a_0 mh36_0 mp4t_0 m3h2_0 mryx_0 munh_0 mqen_m6 mpof_z0 mx7m_0 m7er_k4 mse2_k4 msts_pt\" data-analytics-interaction=\"true\" data-analytics-interaction-label=\"zoomable-image-open\" aria-disabled=\"true\"><img decoding=\"async\" class=\"msub_k4 mupj_5k mjru_k4 mse2_k4 mp7g_f6 mq1m_0 mj7u_0 m7er_k4 mqen_m6 m31c_d8 m0ux_fp lazyloaded\" src=\"https:\/\/a.allegroimg.com\/original\/11464a\/aac404204179856c9d8523d14737\/PRZENOSNA-MINI-RETRO-KONSOLA-DWOCH-GRACZY-400-GIER-2-4-TV-AV-Model-Portable-Retro-Gaming-Console\" sizes=\"(min-width: 1200px) 560px, (min-width: 992px) 50vw, 100vw\" srcset=\"https:\/\/a.allegroimg.com\/s360\/11464a\/aac404204179856c9d8523d14737\/PRZENOSNA-MINI-RETRO-KONSOLA-DWOCH-GRACZY-400-GIER-2-4-TV-AV-Model-Portable-Retro-Gaming-Console 360w,https:\/\/a.allegroimg.com\/s720\/11464a\/aac404204179856c9d8523d14737\/PRZENOSNA-MINI-RETRO-KONSOLA-DWOCH-GRACZY-400-GIER-2-4-TV-AV-Model-Portable-Retro-Gaming-Console 720w,https:\/\/a.allegroimg.com\/s1024\/11464a\/aac404204179856c9d8523d14737\/PRZENOSNA-MINI-RETRO-KONSOLA-DWOCH-GRACZY-400-GIER-2-4-TV-AV-Model-Portable-Retro-Gaming-Console 1024w,https:\/\/a.allegroimg.com\/s1440\/11464a\/aac404204179856c9d8523d14737\/PRZENOSNA-MINI-RETRO-KONSOLA-DWOCH-GRACZY-400-GIER-2-4-TV-AV-Model-Portable-Retro-Gaming-Console 1440w,https:\/\/a.allegroimg.com\/original\/11464a\/aac404204179856c9d8523d14737\/PRZENOSNA-MINI-RETRO-KONSOLA-DWOCH-GRACZY-400-GIER-2-4-TV-AV-Model-Portable-Retro-Gaming-Console 2560w\" alt=\"NE\u0160IOJAMA MINI RETRO KONSOL\u0116 DVIEM \u017dAID\u0116JAMS 400 \u017dAIDIM\u0172 2,4&quot; TV AV modelis Ne\u0161iojama retro \u017eaidim\u0173 konsol\u0117\" width=\"2560px\" data-srcset=\"\" \/><\/button><\/div>\n<\/div>\n<\/div>\n<\/div>\n<\/div>\n<div class=\"mpof_ki myre_zn myre_8v_l m389_6m_l\">\n<div class=\"mp4t_16_s mryx_16_s mr3m_1 mli2_1 mh85_56 mh85_0_l\">\n<div class=\"mgn2_16 _0d3bd_am0a-\">\n<h1><span dir=\"auto\">\u27a1\ufe0f SPECIFIKACIJA<\/span><\/h1>\n<ul>\n<li><b><span dir=\"auto\">Izm\u0113ri:\u00a0<\/span><\/b><span dir=\"auto\">\u00a012 x 8 x 2 cm<\/span><\/li>\n<li><b><span dir=\"auto\">Svoris:\u00a0<\/span><\/b><span dir=\"auto\">\u00a0100 g<\/span><\/li>\n<li><b><span dir=\"auto\">Ekranas:<\/span><\/b><span dir=\"auto\">\u00a0\u00a02,6 colio LCD<\/span><\/li>\n<li><b><span dir=\"auto\">Baterija:<\/span><\/b><span dir=\"auto\">\u00a0\u00a0li\u010dio jon\u0173 baterija<\/span><\/li>\n<li><b><span dir=\"auto\">Baterijos talpa:\u00a0<\/span><\/b><span dir=\"auto\">\u00a0400 mAh<\/span><\/li>\n<li><b><span dir=\"auto\">Darbo laikas:<\/span><\/b><span dir=\"auto\">\u00a0\u00a0iki 5 valand\u0173<\/span><\/li>\n<li><b><span dir=\"auto\">\u017daidim\u0173 skai\u010dius:<\/span><\/b><span dir=\"auto\">\u00a0\u00a0400<\/span><\/li>\n<\/ul>\n<\/div>\n<\/div>\n<div class=\"mp4t_16_s mryx_16_s mr3m_1 mli2_1 mh85_56 mh85_0_l\">\n<div class=\"mg9e_8 mj7a_8 mg9e_0_s mvrt_0_s mj7a_0_s mh36_0_s mzmg_6m munh_16_l m3h2_16_l\">\n<div class=\"mp4t_0 mryx_0 munh_56 m3h2_56\">\n<div class=\"mp7g_oh\"><button class=\"mg9e_0 mvrt_0 mj7a_0 mh36_0 mp4t_0 m3h2_0 mryx_0 munh_0 mqen_m6 mpof_z0 mx7m_0 m7er_k4 mse2_k4 msts_pt\" data-analytics-interaction=\"true\" data-analytics-interaction-label=\"zoomable-image-open\" aria-disabled=\"true\"><img decoding=\"async\" class=\"msub_k4 mupj_5k mjru_k4 mse2_k4 mp7g_f6 mq1m_0 mj7u_0 m7er_k4 mqen_m6 m31c_d8 m0ux_fp lazyloaded\" src=\"https:\/\/a.allegroimg.com\/original\/114fb4\/03acd2ec43ae9a28db97f9aa1f12\/PRZENOSNA-MINI-RETRO-KONSOLA-DWOCH-GRACZY-400-GIER-2-4-TV-AV\" sizes=\"(min-width: 1200px) 560px, (min-width: 992px) 50vw, 100vw\" srcset=\"https:\/\/a.allegroimg.com\/s360\/114fb4\/03acd2ec43ae9a28db97f9aa1f12\/PRZENOSNA-MINI-RETRO-KONSOLA-DWOCH-GRACZY-400-GIER-2-4-TV-AV 360w,https:\/\/a.allegroimg.com\/s720\/114fb4\/03acd2ec43ae9a28db97f9aa1f12\/PRZENOSNA-MINI-RETRO-KONSOLA-DWOCH-GRACZY-400-GIER-2-4-TV-AV 720w,https:\/\/a.allegroimg.com\/s1024\/114fb4\/03acd2ec43ae9a28db97f9aa1f12\/PRZENOSNA-MINI-RETRO-KONSOLA-DWOCH-GRACZY-400-GIER-2-4-TV-AV 1024w,https:\/\/a.allegroimg.com\/s1440\/114fb4\/03acd2ec43ae9a28db97f9aa1f12\/PRZENOSNA-MINI-RETRO-KONSOLA-DWOCH-GRACZY-400-GIER-2-4-TV-AV 1440w,https:\/\/a.allegroimg.com\/original\/114fb4\/03acd2ec43ae9a28db97f9aa1f12\/PRZENOSNA-MINI-RETRO-KONSOLA-DWOCH-GRACZY-400-GIER-2-4-TV-AV 2560w\" alt=\"Ne\u0161iojama mini retro konsol\u0117 dviem \u017eaid\u0117jams, 400 \u017eaidim\u0173, 2,4 colio televizorius ir audiovizualinis ekranas\" width=\"2560px\" data-srcset=\"\" \/><\/button><\/div>\n<\/div>\n<\/div>\n<\/div>\n<\/div>\n<\/div>\n<\/div>\n<\/div>","protected":false},"excerpt":{"rendered":"<p>Mini konsol\u0117 \u2013 tai \u012frenginys, kuris nukelia vartotojus \u012f nostalgijos ir senovini\u0173 vaizdo \u017eaidim\u0173 pasaul\u012f, tuo pa\u010diu si\u016blydamas kompakti\u0161k\u0105 dyd\u012f<\/p>","protected":false},"featured_media":79574,"template":"","meta":{"_acf_changed":false,"_glsr_average":0,"_glsr_ranking":0,"_glsr_reviews":0},"product_brand":[],"product_cat":[388,229],"product_tag":[],"class_list":{"0":"post-79573","1":"product","2":"type-product","3":"status-publish","4":"has-post-thumbnail","6":"product_cat-edukaciniai-lavinamieji-zaislai","7":"product_cat-zaislai-vaikams","8":"\"style=\"background-color: #2ecc711c;\"","10":"first","11":"instock","12":"shipping-taxable","13":"purchasable","14":"product-type-simple"},"acf":[],"yoast_head":"<!-- This site is optimized with the Yoast SEO plugin v27.3 - https:\/\/yoast.com\/product\/yoast-seo-wordpress\/ -->\n<title>Ne\u0161iojama mini retro konsol\u0117 dviem \u017eaid\u0117jams, 400 \u017eaidim\u0173 - KidsPlay<\/title>\n<meta name=\"description\" content=\"Ne\u0161iojama mini retro konsol\u0117 dviem \u017eaid\u0117jams, 400 \u017eaidim\u0173 - KidsPlay. Did\u017eiausias vaik\u0173 \u017eaisl\u0173 pasirinkimas.\" \/>\n<meta name=\"robots\" content=\"index, follow, max-snippet:-1, max-image-preview:large, max-video-preview:-1\" \/>\n<link rel=\"canonical\" href=\"https:\/\/kidsplay.lt\/lv\/products\/nesiojama-mini-retro-konsole-dviem-zaidejams-400-zaidimu\/\" \/>\n<meta property=\"og:locale\" content=\"lv_LV\" \/>\n<meta property=\"og:type\" content=\"article\" \/>\n<meta property=\"og:title\" content=\"Ne\u0161iojama mini retro konsol\u0117 dviem \u017eaid\u0117jams, 400 \u017eaidim\u0173 - KidsPlay\" \/>\n<meta property=\"og:description\" content=\"Ne\u0161iojama mini retro konsol\u0117 dviem \u017eaid\u0117jams, 400 \u017eaidim\u0173 - KidsPlay. Did\u017eiausias vaik\u0173 \u017eaisl\u0173 pasirinkimas.\" \/>\n<meta property=\"og:url\" content=\"https:\/\/kidsplay.lt\/lv\/products\/nesiojama-mini-retro-konsole-dviem-zaidejams-400-zaidimu\/\" \/>\n<meta property=\"og:site_name\" content=\"KidsPlay\" \/>\n<meta property=\"article:publisher\" content=\"https:\/\/www.facebook.com\/www.kidsplay.lt\" \/>\n<meta property=\"article:modified_time\" content=\"2025-12-30T07:37:55+00:00\" \/>\n<meta property=\"og:image\" content=\"https:\/\/kidsplay.lt\/wp-content\/uploads\/2025\/10\/Screenshot_855-1.png\" \/>\n\t<meta property=\"og:image:width\" content=\"533\" \/>\n\t<meta property=\"og:image:height\" content=\"515\" \/>\n\t<meta property=\"og:image:type\" content=\"image\/png\" \/>\n<meta name=\"twitter:card\" content=\"summary_large_image\" \/>\n<meta name=\"twitter:label1\" content=\"Est. reading time\" \/>\n\t<meta name=\"twitter:data1\" content=\"3 min\u016btes\" \/>\n<script type=\"application\/ld+json\" class=\"yoast-schema-graph\">{\"@context\":\"https:\\\/\\\/schema.org\",\"@graph\":[{\"@type\":\"WebPage\",\"@id\":\"https:\\\/\\\/kidsplay.lt\\\/produktas\\\/nesiojama-mini-retro-konsole-dviem-zaidejams-400-zaidimu\\\/\",\"url\":\"https:\\\/\\\/kidsplay.lt\\\/produktas\\\/nesiojama-mini-retro-konsole-dviem-zaidejams-400-zaidimu\\\/\",\"name\":\"Ne\u0161iojama mini retro konsol\u0117 dviem \u017eaid\u0117jams, 400 \u017eaidim\u0173 - KidsPlay\",\"isPartOf\":{\"@id\":\"https:\\\/\\\/kidsplay.lt\\\/#website\"},\"primaryImageOfPage\":{\"@id\":\"https:\\\/\\\/kidsplay.lt\\\/produktas\\\/nesiojama-mini-retro-konsole-dviem-zaidejams-400-zaidimu\\\/#primaryimage\"},\"image\":{\"@id\":\"https:\\\/\\\/kidsplay.lt\\\/produktas\\\/nesiojama-mini-retro-konsole-dviem-zaidejams-400-zaidimu\\\/#primaryimage\"},\"thumbnailUrl\":\"https:\\\/\\\/kidsplay.lt\\\/wp-content\\\/uploads\\\/2025\\\/10\\\/Screenshot_855-1.png\",\"datePublished\":\"2025-10-31T10:46:39+00:00\",\"dateModified\":\"2025-12-30T07:37:55+00:00\",\"description\":\"Ne\u0161iojama mini retro konsol\u0117 dviem \u017eaid\u0117jams, 400 \u017eaidim\u0173 - KidsPlay. Did\u017eiausias vaik\u0173 \u017eaisl\u0173 pasirinkimas.\",\"breadcrumb\":{\"@id\":\"https:\\\/\\\/kidsplay.lt\\\/produktas\\\/nesiojama-mini-retro-konsole-dviem-zaidejams-400-zaidimu\\\/#breadcrumb\"},\"inLanguage\":\"lv-LV\",\"potentialAction\":[{\"@type\":\"ReadAction\",\"target\":[\"https:\\\/\\\/kidsplay.lt\\\/produktas\\\/nesiojama-mini-retro-konsole-dviem-zaidejams-400-zaidimu\\\/\"]}]},{\"@type\":\"ImageObject\",\"inLanguage\":\"lv-LV\",\"@id\":\"https:\\\/\\\/kidsplay.lt\\\/produktas\\\/nesiojama-mini-retro-konsole-dviem-zaidejams-400-zaidimu\\\/#primaryimage\",\"url\":\"https:\\\/\\\/kidsplay.lt\\\/wp-content\\\/uploads\\\/2025\\\/10\\\/Screenshot_855-1.png\",\"contentUrl\":\"https:\\\/\\\/kidsplay.lt\\\/wp-content\\\/uploads\\\/2025\\\/10\\\/Screenshot_855-1.png\",\"width\":533,\"height\":515},{\"@type\":\"BreadcrumbList\",\"@id\":\"https:\\\/\\\/kidsplay.lt\\\/produktas\\\/nesiojama-mini-retro-konsole-dviem-zaidejams-400-zaidimu\\\/#breadcrumb\",\"itemListElement\":[{\"@type\":\"ListItem\",\"position\":1,\"name\":\"Pagrindinis\",\"item\":\"https:\\\/\\\/kidsplay.lt\\\/\"},{\"@type\":\"ListItem\",\"position\":2,\"name\":\"Parduotuv\u0117\",\"item\":\"https:\\\/\\\/kidsplay.lt\\\/parduotuve\\\/\"},{\"@type\":\"ListItem\",\"position\":3,\"name\":\"Ne\u0161iojama mini retro konsol\u0117 dviem \u017eaid\u0117jams, 400 \u017eaidim\u0173\"}]},{\"@type\":\"WebSite\",\"@id\":\"https:\\\/\\\/kidsplay.lt\\\/#website\",\"url\":\"https:\\\/\\\/kidsplay.lt\\\/\",\"name\":\"Kidsplay.lt\",\"description\":\"\u012evairios prek\u0117s vaikams\",\"publisher\":{\"@id\":\"https:\\\/\\\/kidsplay.lt\\\/#organization\"},\"alternateName\":\"Kidsplay\",\"potentialAction\":[{\"@type\":\"SearchAction\",\"target\":{\"@type\":\"EntryPoint\",\"urlTemplate\":\"https:\\\/\\\/kidsplay.lt\\\/?s={search_term_string}\"},\"query-input\":{\"@type\":\"PropertyValueSpecification\",\"valueRequired\":true,\"valueName\":\"search_term_string\"}}],\"inLanguage\":\"lv-LV\"},{\"@type\":\"Organization\",\"@id\":\"https:\\\/\\\/kidsplay.lt\\\/#organization\",\"name\":\"KidsPlay\",\"url\":\"https:\\\/\\\/kidsplay.lt\\\/\",\"logo\":{\"@type\":\"ImageObject\",\"inLanguage\":\"lv-LV\",\"@id\":\"https:\\\/\\\/kidsplay.lt\\\/#\\\/schema\\\/logo\\\/image\\\/\",\"url\":\"https:\\\/\\\/kidsplay.lt\\\/wp-content\\\/uploads\\\/2023\\\/07\\\/kidsplay-logo.png\",\"contentUrl\":\"https:\\\/\\\/kidsplay.lt\\\/wp-content\\\/uploads\\\/2023\\\/07\\\/kidsplay-logo.png\",\"width\":451,\"height\":98,\"caption\":\"KidsPlay\"},\"image\":{\"@id\":\"https:\\\/\\\/kidsplay.lt\\\/#\\\/schema\\\/logo\\\/image\\\/\"},\"sameAs\":[\"https:\\\/\\\/www.facebook.com\\\/www.kidsplay.lt\"]}]}<\/script>\n<!-- \/ Yoast SEO plugin. -->","yoast_head_json":{"title":"Ne\u0161iojama mini retro konsol\u0117 dviem \u017eaid\u0117jams, 400 \u017eaidim\u0173 - KidsPlay","description":"Ne\u0161iojama mini retro konsol\u0117 dviem \u017eaid\u0117jams, 400 \u017eaidim\u0173 - KidsPlay. Did\u017eiausias vaik\u0173 \u017eaisl\u0173 pasirinkimas.","robots":{"index":"index","follow":"follow","max-snippet":"max-snippet:-1","max-image-preview":"max-image-preview:large","max-video-preview":"max-video-preview:-1"},"canonical":"https:\/\/kidsplay.lt\/lv\/products\/nesiojama-mini-retro-konsole-dviem-zaidejams-400-zaidimu\/","og_locale":"lv_LV","og_type":"article","og_title":"Ne\u0161iojama mini retro konsol\u0117 dviem \u017eaid\u0117jams, 400 \u017eaidim\u0173 - KidsPlay","og_description":"Ne\u0161iojama mini retro konsol\u0117 dviem \u017eaid\u0117jams, 400 \u017eaidim\u0173 - KidsPlay. Did\u017eiausias vaik\u0173 \u017eaisl\u0173 pasirinkimas.","og_url":"https:\/\/kidsplay.lt\/lv\/products\/nesiojama-mini-retro-konsole-dviem-zaidejams-400-zaidimu\/","og_site_name":"KidsPlay","article_publisher":"https:\/\/www.facebook.com\/www.kidsplay.lt","article_modified_time":"2025-12-30T07:37:55+00:00","og_image":[{"width":533,"height":515,"url":"https:\/\/kidsplay.lt\/wp-content\/uploads\/2025\/10\/Screenshot_855-1.png","type":"image\/png"}],"twitter_card":"summary_large_image","twitter_misc":{"Est. reading time":"3 min\u016btes"},"schema":{"@context":"https:\/\/schema.org","@graph":[{"@type":"WebPage","@id":"https:\/\/kidsplay.lt\/produktas\/nesiojama-mini-retro-konsole-dviem-zaidejams-400-zaidimu\/","url":"https:\/\/kidsplay.lt\/produktas\/nesiojama-mini-retro-konsole-dviem-zaidejams-400-zaidimu\/","name":"Ne\u0161iojama mini retro konsol\u0117 dviem \u017eaid\u0117jams, 400 \u017eaidim\u0173 - KidsPlay","isPartOf":{"@id":"https:\/\/kidsplay.lt\/#website"},"primaryImageOfPage":{"@id":"https:\/\/kidsplay.lt\/produktas\/nesiojama-mini-retro-konsole-dviem-zaidejams-400-zaidimu\/#primaryimage"},"image":{"@id":"https:\/\/kidsplay.lt\/produktas\/nesiojama-mini-retro-konsole-dviem-zaidejams-400-zaidimu\/#primaryimage"},"thumbnailUrl":"https:\/\/kidsplay.lt\/wp-content\/uploads\/2025\/10\/Screenshot_855-1.png","datePublished":"2025-10-31T10:46:39+00:00","dateModified":"2025-12-30T07:37:55+00:00","description":"Ne\u0161iojama mini retro konsol\u0117 dviem \u017eaid\u0117jams, 400 \u017eaidim\u0173 - KidsPlay. Did\u017eiausias vaik\u0173 \u017eaisl\u0173 pasirinkimas.","breadcrumb":{"@id":"https:\/\/kidsplay.lt\/produktas\/nesiojama-mini-retro-konsole-dviem-zaidejams-400-zaidimu\/#breadcrumb"},"inLanguage":"lv-LV","potentialAction":[{"@type":"ReadAction","target":["https:\/\/kidsplay.lt\/produktas\/nesiojama-mini-retro-konsole-dviem-zaidejams-400-zaidimu\/"]}]},{"@type":"ImageObject","inLanguage":"lv-LV","@id":"https:\/\/kidsplay.lt\/produktas\/nesiojama-mini-retro-konsole-dviem-zaidejams-400-zaidimu\/#primaryimage","url":"https:\/\/kidsplay.lt\/wp-content\/uploads\/2025\/10\/Screenshot_855-1.png","contentUrl":"https:\/\/kidsplay.lt\/wp-content\/uploads\/2025\/10\/Screenshot_855-1.png","width":533,"height":515},{"@type":"BreadcrumbList","@id":"https:\/\/kidsplay.lt\/produktas\/nesiojama-mini-retro-konsole-dviem-zaidejams-400-zaidimu\/#breadcrumb","itemListElement":[{"@type":"ListItem","position":1,"name":"Pagrindinis","item":"https:\/\/kidsplay.lt\/"},{"@type":"ListItem","position":2,"name":"Parduotuv\u0117","item":"https:\/\/kidsplay.lt\/parduotuve\/"},{"@type":"ListItem","position":3,"name":"Ne\u0161iojama mini retro konsol\u0117 dviem \u017eaid\u0117jams, 400 \u017eaidim\u0173"}]},{"@type":"WebSite","@id":"https:\/\/kidsplay.lt\/#website","url":"https:\/\/kidsplay.lt\/","name":"B\u0113rnu sp\u0113les.lv","description":"\u012evairios prek\u0117s vaikams","publisher":{"@id":"https:\/\/kidsplay.lt\/#organization"},"alternateName":"Kidsplay","potentialAction":[{"@type":"SearchAction","target":{"@type":"EntryPoint","urlTemplate":"https:\/\/kidsplay.lt\/?s={search_term_string}"},"query-input":{"@type":"PropertyValueSpecification","valueRequired":true,"valueName":"search_term_string"}}],"inLanguage":"lv-LV"},{"@type":"Organization","@id":"https:\/\/kidsplay.lt\/#organization","name":"B\u0113rnu sp\u0113le","url":"https:\/\/kidsplay.lt\/","logo":{"@type":"ImageObject","inLanguage":"lv-LV","@id":"https:\/\/kidsplay.lt\/#\/schema\/logo\/image\/","url":"https:\/\/kidsplay.lt\/wp-content\/uploads\/2023\/07\/kidsplay-logo.png","contentUrl":"https:\/\/kidsplay.lt\/wp-content\/uploads\/2023\/07\/kidsplay-logo.png","width":451,"height":98,"caption":"KidsPlay"},"image":{"@id":"https:\/\/kidsplay.lt\/#\/schema\/logo\/image\/"},"sameAs":["https:\/\/www.facebook.com\/www.kidsplay.lt"]}]}},"_links":{"self":[{"href":"https:\/\/kidsplay.lt\/lv\/wp-json\/wp\/v2\/product\/79573","targetHints":{"allow":["GET"]}}],"collection":[{"href":"https:\/\/kidsplay.lt\/lv\/wp-json\/wp\/v2\/product"}],"about":[{"href":"https:\/\/kidsplay.lt\/lv\/wp-json\/wp\/v2\/types\/product"}],"version-history":[{"count":1,"href":"https:\/\/kidsplay.lt\/lv\/wp-json\/wp\/v2\/product\/79573\/revisions"}],"predecessor-version":[{"id":79581,"href":"https:\/\/kidsplay.lt\/lv\/wp-json\/wp\/v2\/product\/79573\/revisions\/79581"}],"wp:featuredmedia":[{"embeddable":true,"href":"https:\/\/kidsplay.lt\/lv\/wp-json\/wp\/v2\/media\/79574"}],"wp:attachment":[{"href":"https:\/\/kidsplay.lt\/lv\/wp-json\/wp\/v2\/media?parent=79573"}],"wp:term":[{"taxonomy":"product_brand","embeddable":true,"href":"https:\/\/kidsplay.lt\/lv\/wp-json\/wp\/v2\/product_brand?post=79573"},{"taxonomy":"product_cat","embeddable":true,"href":"https:\/\/kidsplay.lt\/lv\/wp-json\/wp\/v2\/product_cat?post=79573"},{"taxonomy":"product_tag","embeddable":true,"href":"https:\/\/kidsplay.lt\/lv\/wp-json\/wp\/v2\/product_tag?post=79573"}],"curies":[{"name":"wp","href":"https:\/\/api.w.org\/{rel}","templated":true}]}}