{"id":79647,"date":"2025-11-03T08:52:06","date_gmt":"2025-11-03T06:52:06","guid":{"rendered":"https:\/\/kidsplay.lt\/?post_type=product&#038;p=79647"},"modified":"2025-12-30T10:03:12","modified_gmt":"2025-12-30T08:03:12","slug":"pat-patrol-stebejimo-baze-su-transporto-priemonemis","status":"publish","type":"product","link":"https:\/\/kidsplay.lt\/lv\/product\/pat-patrol-stebejimo-baze-su-transporto-priemonemis\/","title":{"rendered":"\u201ePat Patrol\u201c steb\u0117jimo baz\u0117 su transporto priemon\u0117mis"},"content":{"rendered":"<div class=\"mpof_ki myre_zn myre_8v_l m389_6m_l\">\n<div class=\"mp4t_16_s mryx_16_s mr3m_1 mli2_1 mh85_56 mh85_0_l\">\n<div class=\"mgn2_16 _0d3bd_am0a-\">\n<h1><span dir=\"auto\">\u201ePat Patrol\u201c steb\u0117jimo baz\u0117 su transporto priemon\u0117mis<\/span><\/h1>\n<\/div>\n<\/div>\n<\/div>\n<div class=\"mpof_ki myre_zn myre_8v_l m389_6m_l\">\n<div class=\"mp4t_16_s mryx_16_s mr3m_1 mli2_1 mh85_56 mh85_0_l\">\n<div class=\"mg9e_8 mj7a_8 mg9e_0_s mvrt_0_s mj7a_0_s mh36_0_s mzmg_6m munh_16_l m3h2_16_l\">\n<div class=\"mp4t_0 mryx_0 munh_56 m3h2_56\">\n<div class=\"mp7g_oh\"><button class=\"mg9e_0 mvrt_0 mj7a_0 mh36_0 mp4t_0 m3h2_0 mryx_0 munh_0 mqen_m6 mpof_z0 mx7m_0 m7er_k4 mse2_k4 msts_pt\" data-analytics-interaction=\"true\" data-analytics-interaction-label=\"zoomable-image-open\" aria-disabled=\"true\"><img decoding=\"async\" class=\"msub_k4 mupj_5k mjru_k4 mse2_k4 mp7g_f6 mq1m_0 mj7u_0 m7er_k4 mqen_m6 m31c_d8 m0ux_fp lazyloaded\" src=\"https:\/\/a.allegroimg.com\/original\/119a25\/1ecbcade475da1b4c1d81114e11a\/PSI-PATROL-BAZA-OBSERWACYJNA-ZESTAW-Z-DWOMA-POJAZDAMI-MARSHALL-I-CHASE\" sizes=\"(min-width: 1200px) 560px, (min-width: 992px) 50vw, 100vw\" srcset=\"https:\/\/a.allegroimg.com\/s360\/119a25\/1ecbcade475da1b4c1d81114e11a\/PSI-PATROL-BAZA-OBSERWACYJNA-ZESTAW-Z-DWOMA-POJAZDAMI-MARSHALL-I-CHASE 360w,https:\/\/a.allegroimg.com\/s720\/119a25\/1ecbcade475da1b4c1d81114e11a\/PSI-PATROL-BAZA-OBSERWACYJNA-ZESTAW-Z-DWOMA-POJAZDAMI-MARSHALL-I-CHASE 720w,https:\/\/a.allegroimg.com\/s1024\/119a25\/1ecbcade475da1b4c1d81114e11a\/PSI-PATROL-BAZA-OBSERWACYJNA-ZESTAW-Z-DWOMA-POJAZDAMI-MARSHALL-I-CHASE 800w,https:\/\/a.allegroimg.com\/original\/119a25\/1ecbcade475da1b4c1d81114e11a\/PSI-PATROL-BAZA-OBSERWACYJNA-ZESTAW-Z-DWOMA-POJAZDAMI-MARSHALL-I-CHASE 800w\" alt=\"PAW PATROL STEB\u0116JIMO BAZ\u0116S RINKINYS SU DVIEM TRANSPORTO PRIEMON\u0116MIS: MAR\u0160ALU IR \u010cEISU\" width=\"800px\" data-srcset=\"\" \/><\/button><\/div>\n<\/div>\n<\/div>\n<\/div>\n<div class=\"mp4t_16_s mryx_16_s mr3m_1 mli2_1 mh85_56 mh85_0_l\">\n<div class=\"mgn2_16 _0d3bd_am0a-\">\n<h1><span dir=\"auto\">M\u016bs\u0173 patrulis gali su tuo susitvarkyti!<\/span><\/h1>\n<p><b><span dir=\"auto\">\u201eLET\u0172 PATROL\u201c<\/span><\/b><span dir=\"auto\">\u00a0\u2013 tai animacinis serialas, kur\u012f m\u0117gsta vaikai visame pasaulyje. Dr\u0105si \u0161uniuk\u0173 komanda, vadovaujama berniuko, vardu Ryder, leid\u017eiasi gelb\u0117ti pagalbos vargstan\u010di\u0173j\u0173 Nuotyki\u0173 \u012flankoje.<\/span><\/p>\n<p><span dir=\"auto\">Kiekvienas i\u0161 septyni\u0173 \u0161un\u0173 yra unikalus. Mar\u0161alas yra ugniagesys, \u010ceisas \u2013 policijos \u0161uo, Zuma \u2013 vandens specialistas, Skajus \u2013 oro valdovas, Rublis \u2013 ekskavatoriaus operatorius, o Rokis \u2013 atliek\u0173 r\u016b\u0161iavimo entuziastas.<\/span><\/p>\n<p><span dir=\"auto\">Be i\u0161skirtini\u0173 bruo\u017e\u0173, kiekvienas \u0161uo turi savo unikali\u0105 transporto priemon\u0119, gelb\u0117jimo operacijoms reikaling\u0105 \u012frang\u0105 ir \u017eenklel\u012f, naudojam\u0105 bendravimui su komandos draugais ir Ryderiu.<\/span><\/p>\n<\/div>\n<\/div>\n<\/div>\n<div class=\"mpof_ki myre_zn myre_8v_l m389_6m_l\">\n<div class=\"mp4t_16_s mryx_16_s mr3m_1 mli2_1 mh85_56 mh85_0_l\">\n<div class=\"mgn2_16 _0d3bd_am0a-\">\n<h1><span dir=\"auto\">Pasiruo\u0161\u0119 veikti?<\/span><\/h1>\n<p><b><span dir=\"auto\">\u012e\u017eenkite \u012f \u201ePaw Patrol\u201c<\/span><\/b><span dir=\"auto\">\u00a0pasaul\u012f\u00a0ir atraskite jaudulio kupin\u0105 nuotyk\u012f su \u201e\u00a0<\/span><b><span dir=\"auto\">True Metal\u201c steb\u0117jimo baz\u0117s<\/span><\/b><span dir=\"auto\">\u00a0rinkiniu !<\/span><\/p>\n<p><span dir=\"auto\">\u0160is unikalus rinkinys leis jums pasijusti serialo persona\u017eais, suteikdamas dvigub\u0105 veiksmo doz\u0119 dviejose\u00a0<\/span><b><span dir=\"auto\">dinami\u0161kose trasose<\/span><\/b><span dir=\"auto\">\u00a0, kuriose ma\u017eieji gelb\u0117tojai gali i\u0161laisvinti savo vaizduot\u0119.<\/span><\/p>\n<p><b><span dir=\"auto\">Steb\u0117jimo baz\u0117je<\/span><\/b><span dir=\"auto\">\u00a0yra iki\u00a0<\/span><b><span dir=\"auto\">\u0161e\u0161i\u0173 1:55 mastelio tikr\u0173 metalini\u0173 transporto priemoni\u0173<\/span><\/b><span dir=\"auto\">\u00a0, tod\u0117l gelb\u0117jimo misijas gali vykdyti visa komanda.<\/span><\/p>\n<p><span dir=\"auto\">Komplekt\u0101 ietilpst:\u00a0\u00a0<\/span><b><span dir=\"auto\">\u010ceiso ir Mar\u0161alo transporto priemon\u0117s!<\/span><\/b><\/p>\n<p><b><span dir=\"auto\">Metalin\u0117s transporto priemon\u0117s, atkurtos su smulkiausiomis detal\u0117mis \u2013<\/span><\/b><span dir=\"auto\">\u00a0nuo \u200b\u200bgrafikos iki judan\u010di\u0173 rat\u0173 \u2013 atrodo lygiai taip pat, kaip ir i\u0161 serijos.<\/span><\/p>\n<\/div>\n<\/div>\n<div class=\"mp4t_16_s mryx_16_s mr3m_1 mli2_1 mh85_56 mh85_0_l\">\n<div class=\"mg9e_8 mj7a_8 mg9e_0_s mvrt_0_s mj7a_0_s mh36_0_s mzmg_6m munh_16_l m3h2_16_l\">\n<div class=\"mp4t_0 mryx_0 munh_56 m3h2_56\">\n<div class=\"mp7g_oh\"><button class=\"mg9e_0 mvrt_0 mj7a_0 mh36_0 mp4t_0 m3h2_0 mryx_0 munh_0 mqen_m6 mpof_z0 mx7m_0 m7er_k4 mse2_k4 msts_pt\" data-analytics-interaction=\"true\" data-analytics-interaction-label=\"zoomable-image-open\" aria-disabled=\"true\"><img decoding=\"async\" class=\"msub_k4 mupj_5k mjru_k4 mse2_k4 mp7g_f6 mq1m_0 mj7u_0 m7er_k4 mqen_m6 m31c_d8 m0ux_fp lazyloaded\" src=\"https:\/\/a.allegroimg.com\/original\/118873\/8d2ad52f4dc7988253bfa9cc2246\/PSI-PATROL-BAZA-OBSERWACYJNA-ZESTAW-Z-DWOMA-POJAZDAMI-MARSHALL-I-CHASE-EAN-GTIN-778988310007\" sizes=\"(min-width: 1200px) 560px, (min-width: 992px) 50vw, 100vw\" srcset=\"https:\/\/a.allegroimg.com\/s360\/118873\/8d2ad52f4dc7988253bfa9cc2246\/PSI-PATROL-BAZA-OBSERWACYJNA-ZESTAW-Z-DWOMA-POJAZDAMI-MARSHALL-I-CHASE-EAN-GTIN-778988310007 360w,https:\/\/a.allegroimg.com\/s720\/118873\/8d2ad52f4dc7988253bfa9cc2246\/PSI-PATROL-BAZA-OBSERWACYJNA-ZESTAW-Z-DWOMA-POJAZDAMI-MARSHALL-I-CHASE-EAN-GTIN-778988310007 720w,https:\/\/a.allegroimg.com\/s1024\/118873\/8d2ad52f4dc7988253bfa9cc2246\/PSI-PATROL-BAZA-OBSERWACYJNA-ZESTAW-Z-DWOMA-POJAZDAMI-MARSHALL-I-CHASE-EAN-GTIN-778988310007 800w,https:\/\/a.allegroimg.com\/original\/118873\/8d2ad52f4dc7988253bfa9cc2246\/PSI-PATROL-BAZA-OBSERWACYJNA-ZESTAW-Z-DWOMA-POJAZDAMI-MARSHALL-I-CHASE-EAN-GTIN-778988310007 800w\" alt=\"LET\u0172 PATRULIS STEB\u0116JIMO BAZ\u0116S RINKINYS SU DVIEM TRANSPORTO PRIEMON\u0116MIS: MARSHALL IR CHASE EAN (GTIN) 778988310007\" width=\"800px\" data-srcset=\"\" \/><\/button><\/div>\n<\/div>\n<\/div>\n<\/div>\n<\/div>\n<div class=\"mpof_ki myre_zn myre_8v_l m389_6m_l\">\n<div class=\"mp4t_16_s mryx_16_s mr3m_1 mli2_1 mh85_56 mh85_0_l\">\n<div class=\"mg9e_8 mj7a_8 mg9e_0_s mvrt_0_s mj7a_0_s mh36_0_s mzmg_6m munh_16_l m3h2_16_l\">\n<div class=\"mp4t_0 mryx_0 munh_56 m3h2_56\">\n<div class=\"mp7g_oh\"><button class=\"mg9e_0 mvrt_0 mj7a_0 mh36_0 mp4t_0 m3h2_0 mryx_0 munh_0 mqen_m6 mpof_z0 mx7m_0 m7er_k4 mse2_k4 msts_pt\" data-analytics-interaction=\"true\" data-analytics-interaction-label=\"zoomable-image-open\" aria-disabled=\"true\"><img decoding=\"async\" class=\"msub_k4 mupj_5k mjru_k4 mse2_k4 mp7g_f6 mq1m_0 mj7u_0 m7er_k4 mqen_m6 m31c_d8 m0ux_fp lazyloaded\" src=\"https:\/\/a.allegroimg.com\/original\/11519e\/102e165e4aab9399be7da4b8243e\/PSI-PATROL-BAZA-OBSERWACYJNA-ZESTAW-Z-DWOMA-POJAZDAMI-MARSHALL-I-CHASE-Kod-producenta-6058281\" sizes=\"(min-width: 1200px) 560px, (min-width: 992px) 50vw, 100vw\" srcset=\"https:\/\/a.allegroimg.com\/s360\/11519e\/102e165e4aab9399be7da4b8243e\/PSI-PATROL-BAZA-OBSERWACYJNA-ZESTAW-Z-DWOMA-POJAZDAMI-MARSHALL-I-CHASE-Kod-producenta-6058281 360w,https:\/\/a.allegroimg.com\/s720\/11519e\/102e165e4aab9399be7da4b8243e\/PSI-PATROL-BAZA-OBSERWACYJNA-ZESTAW-Z-DWOMA-POJAZDAMI-MARSHALL-I-CHASE-Kod-producenta-6058281 720w,https:\/\/a.allegroimg.com\/s1024\/11519e\/102e165e4aab9399be7da4b8243e\/PSI-PATROL-BAZA-OBSERWACYJNA-ZESTAW-Z-DWOMA-POJAZDAMI-MARSHALL-I-CHASE-Kod-producenta-6058281 800w,https:\/\/a.allegroimg.com\/original\/11519e\/102e165e4aab9399be7da4b8243e\/PSI-PATROL-BAZA-OBSERWACYJNA-ZESTAW-Z-DWOMA-POJAZDAMI-MARSHALL-I-CHASE-Kod-producenta-6058281 800w\" alt=\"PAW PATROL STEB\u0116JIMO BAZ\u0116S RINKINYS SU DVIEM TRANSPORTO PRIEMON\u0116MIS: MARSHALL IR CHASE. Gamintojo kodas 6058281\" width=\"800px\" data-srcset=\"\" \/><\/button><\/div>\n<\/div>\n<\/div>\n<\/div>\n<div class=\"mp4t_16_s mryx_16_s mr3m_1 mli2_1 mh85_56 mh85_0_l\">\n<div class=\"mgn2_16 _0d3bd_am0a-\">\n<h1><span dir=\"auto\">Pramogos, kupinos nuotyki\u0173<\/span><\/h1>\n<p><span dir=\"auto\">Tiesiog u\u017ekelkite transporto priemones ant\u00a0<\/span><b><span dir=\"auto\">bok\u0161to vir\u0161aus<\/span><\/b><span dir=\"auto\">\u00a0ir pastumkite\u00a0<\/span><b><span dir=\"auto\">periskop\u0105,<\/span><\/b><span dir=\"auto\">\u00a0kad prad\u0117tum\u0117te jaudinant\u012f nusileidim\u0105!<\/span><\/p>\n<p><b><span dir=\"auto\">Gaisro gesinimo misija<\/span><\/b><span dir=\"auto\">\u00a0reikalauja visi\u0161ko atsidavimo \u2013\u00a0<\/span><b><span dir=\"auto\">du paleidimo \u012frenginiai<\/span><\/b><span dir=\"auto\">\u00a0leid\u017eia paleisti gelb\u0117jimo ma\u0161inas dviem skirtingais mar\u0161rutais, o\u00a0<\/span><b><span dir=\"auto\">jungiklis ant rampos<\/span><\/b><span dir=\"auto\">\u00a0suteikia papildom\u0173 galimybi\u0173, leid\u017eian\u010di\u0173 greitai manevruoti ir dar daugiau \u012fdomi\u0173 veiksm\u0173.<\/span><\/p>\n<p><span dir=\"auto\">Ma\u017eiesiems \u201ePaw Patrol\u201c gerb\u0117jams \u201e\u00a0<\/span><b><span dir=\"auto\">True Metal\u201c steb\u0117jimo baz\u0117s<\/span><\/b><span dir=\"auto\">\u00a0rinkinys yra puiki dovanos id\u0117ja.<\/span><\/p>\n<p><span dir=\"auto\">\u017daidimas, kuris\u00a0<\/span><b><span dir=\"auto\">lavina k\u016brybi\u0161kum\u0105<\/span><\/b><span dir=\"auto\">\u00a0ir leid\u017eia tapti m\u0117gstamiausiais persona\u017eais, yra tai, kas\u00a0<\/span><b><span dir=\"auto\">patiks kiekvienam trej\u0173 met\u0173 ir vyresniam vaikui.<\/span><\/b><\/p>\n<p><span dir=\"auto\">Pasiruo\u0161kite veiksmo kupiniems nuotykiams ir leiskit\u0117s \u012f gelb\u0117jimo misij\u0105 su visa savo komanda!<\/span><\/p>\n<\/div>\n<\/div>\n<\/div>\n<div class=\"mpof_ki myre_zn myre_8v_l m389_6m_l\">\n<div class=\"mp4t_16_s mryx_16_s mr3m_1 mli2_1 mh85_56 mh85_0_l\">\n<div class=\"mgn2_16 _0d3bd_am0a-\">\n<h1><span dir=\"auto\">Papildoma informacija<\/span><\/h1>\n<p><b><span dir=\"auto\">Am\u017eius:<\/span><\/b><span dir=\"auto\">\u00a03+<\/span><\/p>\n<p><b><span dir=\"auto\">Gamintojas:<\/span><\/b><span dir=\"auto\">\u00a0Spin Master<\/span><\/p>\n<p><b><span dir=\"auto\">Serija:<\/span><\/b><span dir=\"auto\">\u00a0Tikras metalas<\/span><\/p>\n<p><b><span dir=\"auto\">Pakuot\u0117s matmenys:<\/span><\/b><span dir=\"auto\">\u00a037,8 x 60,7 x 13,5 cm<\/span><\/p>\n<p><b><span dir=\"auto\">Komplekt\u0101 ietilpst:<\/span><\/b><\/p>\n<ul>\n<li><span dir=\"auto\">pagrindas su b\u0117giais,<\/span><\/li>\n<li><span dir=\"auto\">Mar\u0161alo automobilis,<\/span><\/li>\n<li><span dir=\"auto\">\u010ceiso automobilis,<\/span><\/li>\n<li><span dir=\"auto\">nurodymas.<\/span><\/li>\n<\/ul>\n<\/div>\n<\/div>\n<div class=\"mp4t_16_s mryx_16_s mr3m_1 mli2_1 mh85_56 mh85_0_l\">\n<div class=\"mg9e_8 mj7a_8 mg9e_0_s mvrt_0_s mj7a_0_s mh36_0_s mzmg_6m munh_16_l m3h2_16_l\">\n<div class=\"mp4t_0 mryx_0 munh_56 m3h2_56\">\n<div class=\"mp7g_oh\"><\/div>\n<\/div>\n<\/div>\n<\/div>\n<\/div>","protected":false},"excerpt":{"rendered":"<p>\u201ePat Patrol\u201c steb\u0117jimo baz\u0117 su transporto priemon\u0117mis M\u016bs\u0173 patrulis gali su tuo susitvarkyti! \u201eLET\u0172 PATROL\u201c\u00a0\u2013 tai animacinis serialas, kur\u012f m\u0117gsta<\/p>","protected":false},"featured_media":79648,"template":"","meta":{"_acf_changed":false,"_glsr_average":0,"_glsr_ranking":0,"_glsr_reviews":0},"product_brand":[],"product_cat":[448,229],"product_tag":[],"class_list":{"0":"post-79647","1":"product","2":"type-product","3":"status-publish","4":"has-post-thumbnail","6":"product_cat-automobiliai-ir-transportas","7":"product_cat-zaislai-vaikams","8":"\"style=\"background-color: #2ecc711c;\"","10":"first","11":"instock","12":"shipping-taxable","13":"purchasable","14":"product-type-simple"},"acf":[],"yoast_head":"<!-- This site is optimized with the Yoast SEO plugin v27.3 - https:\/\/yoast.com\/product\/yoast-seo-wordpress\/ -->\n<title>\u201ePat Patrol\u201c steb\u0117jimo baz\u0117 su transporto priemon\u0117mis - KidsPlay<\/title>\n<meta name=\"description\" content=\"\u201ePat Patrol\u201c steb\u0117jimo baz\u0117 su transporto priemon\u0117mis - KidsPlay. Did\u017eiausias vaik\u0173 \u017eaisl\u0173 pasirinkimas.\" \/>\n<meta name=\"robots\" content=\"index, follow, max-snippet:-1, max-image-preview:large, max-video-preview:-1\" \/>\n<link rel=\"canonical\" href=\"https:\/\/kidsplay.lt\/lv\/product\/pat-patrol-stebejimo-baze-su-transporto-priemonemis\/\" \/>\n<meta property=\"og:locale\" content=\"lv_LV\" \/>\n<meta property=\"og:type\" content=\"article\" \/>\n<meta property=\"og:title\" content=\"\u201ePat Patrol\u201c steb\u0117jimo baz\u0117 su transporto priemon\u0117mis - KidsPlay\" \/>\n<meta property=\"og:description\" content=\"\u201ePat Patrol\u201c steb\u0117jimo baz\u0117 su transporto priemon\u0117mis - KidsPlay. Did\u017eiausias vaik\u0173 \u017eaisl\u0173 pasirinkimas.\" \/>\n<meta property=\"og:url\" content=\"https:\/\/kidsplay.lt\/lv\/product\/pat-patrol-stebejimo-baze-su-transporto-priemonemis\/\" \/>\n<meta property=\"og:site_name\" content=\"KidsPlay\" \/>\n<meta property=\"article:publisher\" content=\"https:\/\/www.facebook.com\/www.kidsplay.lt\" \/>\n<meta property=\"article:modified_time\" content=\"2025-12-30T08:03:12+00:00\" \/>\n<meta property=\"og:image\" content=\"https:\/\/kidsplay.lt\/wp-content\/uploads\/2025\/11\/Screenshot_917.png\" \/>\n\t<meta property=\"og:image:width\" content=\"831\" \/>\n\t<meta property=\"og:image:height\" content=\"820\" \/>\n\t<meta property=\"og:image:type\" content=\"image\/png\" \/>\n<meta name=\"twitter:card\" content=\"summary_large_image\" \/>\n<meta name=\"twitter:label1\" content=\"Est. reading time\" \/>\n\t<meta name=\"twitter:data1\" content=\"3 min\u016btes\" \/>\n<script type=\"application\/ld+json\" class=\"yoast-schema-graph\">{\"@context\":\"https:\\\/\\\/schema.org\",\"@graph\":[{\"@type\":\"WebPage\",\"@id\":\"https:\\\/\\\/kidsplay.lt\\\/produktas\\\/pat-patrol-stebejimo-baze-su-transporto-priemonemis\\\/\",\"url\":\"https:\\\/\\\/kidsplay.lt\\\/produktas\\\/pat-patrol-stebejimo-baze-su-transporto-priemonemis\\\/\",\"name\":\"\u201ePat Patrol\u201c steb\u0117jimo baz\u0117 su transporto priemon\u0117mis - KidsPlay\",\"isPartOf\":{\"@id\":\"https:\\\/\\\/kidsplay.lt\\\/#website\"},\"primaryImageOfPage\":{\"@id\":\"https:\\\/\\\/kidsplay.lt\\\/produktas\\\/pat-patrol-stebejimo-baze-su-transporto-priemonemis\\\/#primaryimage\"},\"image\":{\"@id\":\"https:\\\/\\\/kidsplay.lt\\\/produktas\\\/pat-patrol-stebejimo-baze-su-transporto-priemonemis\\\/#primaryimage\"},\"thumbnailUrl\":\"https:\\\/\\\/kidsplay.lt\\\/wp-content\\\/uploads\\\/2025\\\/11\\\/Screenshot_917.png\",\"datePublished\":\"2025-11-03T06:52:06+00:00\",\"dateModified\":\"2025-12-30T08:03:12+00:00\",\"description\":\"\u201ePat Patrol\u201c steb\u0117jimo baz\u0117 su transporto priemon\u0117mis - KidsPlay. Did\u017eiausias vaik\u0173 \u017eaisl\u0173 pasirinkimas.\",\"breadcrumb\":{\"@id\":\"https:\\\/\\\/kidsplay.lt\\\/produktas\\\/pat-patrol-stebejimo-baze-su-transporto-priemonemis\\\/#breadcrumb\"},\"inLanguage\":\"lv-LV\",\"potentialAction\":[{\"@type\":\"ReadAction\",\"target\":[\"https:\\\/\\\/kidsplay.lt\\\/produktas\\\/pat-patrol-stebejimo-baze-su-transporto-priemonemis\\\/\"]}]},{\"@type\":\"ImageObject\",\"inLanguage\":\"lv-LV\",\"@id\":\"https:\\\/\\\/kidsplay.lt\\\/produktas\\\/pat-patrol-stebejimo-baze-su-transporto-priemonemis\\\/#primaryimage\",\"url\":\"https:\\\/\\\/kidsplay.lt\\\/wp-content\\\/uploads\\\/2025\\\/11\\\/Screenshot_917.png\",\"contentUrl\":\"https:\\\/\\\/kidsplay.lt\\\/wp-content\\\/uploads\\\/2025\\\/11\\\/Screenshot_917.png\",\"width\":831,\"height\":820},{\"@type\":\"BreadcrumbList\",\"@id\":\"https:\\\/\\\/kidsplay.lt\\\/produktas\\\/pat-patrol-stebejimo-baze-su-transporto-priemonemis\\\/#breadcrumb\",\"itemListElement\":[{\"@type\":\"ListItem\",\"position\":1,\"name\":\"Pagrindinis\",\"item\":\"https:\\\/\\\/kidsplay.lt\\\/\"},{\"@type\":\"ListItem\",\"position\":2,\"name\":\"Parduotuv\u0117\",\"item\":\"https:\\\/\\\/kidsplay.lt\\\/parduotuve\\\/\"},{\"@type\":\"ListItem\",\"position\":3,\"name\":\"\u201ePat Patrol\u201c steb\u0117jimo baz\u0117 su transporto priemon\u0117mis\"}]},{\"@type\":\"WebSite\",\"@id\":\"https:\\\/\\\/kidsplay.lt\\\/#website\",\"url\":\"https:\\\/\\\/kidsplay.lt\\\/\",\"name\":\"Kidsplay.lt\",\"description\":\"\u012evairios prek\u0117s vaikams\",\"publisher\":{\"@id\":\"https:\\\/\\\/kidsplay.lt\\\/#organization\"},\"alternateName\":\"Kidsplay\",\"potentialAction\":[{\"@type\":\"SearchAction\",\"target\":{\"@type\":\"EntryPoint\",\"urlTemplate\":\"https:\\\/\\\/kidsplay.lt\\\/?s={search_term_string}\"},\"query-input\":{\"@type\":\"PropertyValueSpecification\",\"valueRequired\":true,\"valueName\":\"search_term_string\"}}],\"inLanguage\":\"lv-LV\"},{\"@type\":\"Organization\",\"@id\":\"https:\\\/\\\/kidsplay.lt\\\/#organization\",\"name\":\"KidsPlay\",\"url\":\"https:\\\/\\\/kidsplay.lt\\\/\",\"logo\":{\"@type\":\"ImageObject\",\"inLanguage\":\"lv-LV\",\"@id\":\"https:\\\/\\\/kidsplay.lt\\\/#\\\/schema\\\/logo\\\/image\\\/\",\"url\":\"https:\\\/\\\/kidsplay.lt\\\/wp-content\\\/uploads\\\/2023\\\/07\\\/kidsplay-logo.png\",\"contentUrl\":\"https:\\\/\\\/kidsplay.lt\\\/wp-content\\\/uploads\\\/2023\\\/07\\\/kidsplay-logo.png\",\"width\":451,\"height\":98,\"caption\":\"KidsPlay\"},\"image\":{\"@id\":\"https:\\\/\\\/kidsplay.lt\\\/#\\\/schema\\\/logo\\\/image\\\/\"},\"sameAs\":[\"https:\\\/\\\/www.facebook.com\\\/www.kidsplay.lt\"]}]}<\/script>\n<!-- \/ Yoast SEO plugin. -->","yoast_head_json":{"title":"\u201ePat Patrol\u201c steb\u0117jimo baz\u0117 su transporto priemon\u0117mis - KidsPlay","description":"\u201ePat Patrol\u201c steb\u0117jimo baz\u0117 su transporto priemon\u0117mis - KidsPlay. Did\u017eiausias vaik\u0173 \u017eaisl\u0173 pasirinkimas.","robots":{"index":"index","follow":"follow","max-snippet":"max-snippet:-1","max-image-preview":"max-image-preview:large","max-video-preview":"max-video-preview:-1"},"canonical":"https:\/\/kidsplay.lt\/lv\/product\/pat-patrol-stebejimo-baze-su-transporto-priemonemis\/","og_locale":"lv_LV","og_type":"article","og_title":"\u201ePat Patrol\u201c steb\u0117jimo baz\u0117 su transporto priemon\u0117mis - KidsPlay","og_description":"\u201ePat Patrol\u201c steb\u0117jimo baz\u0117 su transporto priemon\u0117mis - KidsPlay. Did\u017eiausias vaik\u0173 \u017eaisl\u0173 pasirinkimas.","og_url":"https:\/\/kidsplay.lt\/lv\/product\/pat-patrol-stebejimo-baze-su-transporto-priemonemis\/","og_site_name":"KidsPlay","article_publisher":"https:\/\/www.facebook.com\/www.kidsplay.lt","article_modified_time":"2025-12-30T08:03:12+00:00","og_image":[{"width":831,"height":820,"url":"https:\/\/kidsplay.lt\/wp-content\/uploads\/2025\/11\/Screenshot_917.png","type":"image\/png"}],"twitter_card":"summary_large_image","twitter_misc":{"Est. reading time":"3 min\u016btes"},"schema":{"@context":"https:\/\/schema.org","@graph":[{"@type":"WebPage","@id":"https:\/\/kidsplay.lt\/produktas\/pat-patrol-stebejimo-baze-su-transporto-priemonemis\/","url":"https:\/\/kidsplay.lt\/produktas\/pat-patrol-stebejimo-baze-su-transporto-priemonemis\/","name":"\u201ePat Patrol\u201c steb\u0117jimo baz\u0117 su transporto priemon\u0117mis - KidsPlay","isPartOf":{"@id":"https:\/\/kidsplay.lt\/#website"},"primaryImageOfPage":{"@id":"https:\/\/kidsplay.lt\/produktas\/pat-patrol-stebejimo-baze-su-transporto-priemonemis\/#primaryimage"},"image":{"@id":"https:\/\/kidsplay.lt\/produktas\/pat-patrol-stebejimo-baze-su-transporto-priemonemis\/#primaryimage"},"thumbnailUrl":"https:\/\/kidsplay.lt\/wp-content\/uploads\/2025\/11\/Screenshot_917.png","datePublished":"2025-11-03T06:52:06+00:00","dateModified":"2025-12-30T08:03:12+00:00","description":"\u201ePat Patrol\u201c steb\u0117jimo baz\u0117 su transporto priemon\u0117mis - KidsPlay. Did\u017eiausias vaik\u0173 \u017eaisl\u0173 pasirinkimas.","breadcrumb":{"@id":"https:\/\/kidsplay.lt\/produktas\/pat-patrol-stebejimo-baze-su-transporto-priemonemis\/#breadcrumb"},"inLanguage":"lv-LV","potentialAction":[{"@type":"ReadAction","target":["https:\/\/kidsplay.lt\/produktas\/pat-patrol-stebejimo-baze-su-transporto-priemonemis\/"]}]},{"@type":"ImageObject","inLanguage":"lv-LV","@id":"https:\/\/kidsplay.lt\/produktas\/pat-patrol-stebejimo-baze-su-transporto-priemonemis\/#primaryimage","url":"https:\/\/kidsplay.lt\/wp-content\/uploads\/2025\/11\/Screenshot_917.png","contentUrl":"https:\/\/kidsplay.lt\/wp-content\/uploads\/2025\/11\/Screenshot_917.png","width":831,"height":820},{"@type":"BreadcrumbList","@id":"https:\/\/kidsplay.lt\/produktas\/pat-patrol-stebejimo-baze-su-transporto-priemonemis\/#breadcrumb","itemListElement":[{"@type":"ListItem","position":1,"name":"Pagrindinis","item":"https:\/\/kidsplay.lt\/"},{"@type":"ListItem","position":2,"name":"Parduotuv\u0117","item":"https:\/\/kidsplay.lt\/parduotuve\/"},{"@type":"ListItem","position":3,"name":"\u201ePat Patrol\u201c steb\u0117jimo baz\u0117 su transporto priemon\u0117mis"}]},{"@type":"WebSite","@id":"https:\/\/kidsplay.lt\/#website","url":"https:\/\/kidsplay.lt\/","name":"B\u0113rnu sp\u0113les.lv","description":"\u012evairios prek\u0117s vaikams","publisher":{"@id":"https:\/\/kidsplay.lt\/#organization"},"alternateName":"Kidsplay","potentialAction":[{"@type":"SearchAction","target":{"@type":"EntryPoint","urlTemplate":"https:\/\/kidsplay.lt\/?s={search_term_string}"},"query-input":{"@type":"PropertyValueSpecification","valueRequired":true,"valueName":"search_term_string"}}],"inLanguage":"lv-LV"},{"@type":"Organization","@id":"https:\/\/kidsplay.lt\/#organization","name":"B\u0113rnu sp\u0113le","url":"https:\/\/kidsplay.lt\/","logo":{"@type":"ImageObject","inLanguage":"lv-LV","@id":"https:\/\/kidsplay.lt\/#\/schema\/logo\/image\/","url":"https:\/\/kidsplay.lt\/wp-content\/uploads\/2023\/07\/kidsplay-logo.png","contentUrl":"https:\/\/kidsplay.lt\/wp-content\/uploads\/2023\/07\/kidsplay-logo.png","width":451,"height":98,"caption":"KidsPlay"},"image":{"@id":"https:\/\/kidsplay.lt\/#\/schema\/logo\/image\/"},"sameAs":["https:\/\/www.facebook.com\/www.kidsplay.lt"]}]}},"_links":{"self":[{"href":"https:\/\/kidsplay.lt\/lv\/wp-json\/wp\/v2\/product\/79647","targetHints":{"allow":["GET"]}}],"collection":[{"href":"https:\/\/kidsplay.lt\/lv\/wp-json\/wp\/v2\/product"}],"about":[{"href":"https:\/\/kidsplay.lt\/lv\/wp-json\/wp\/v2\/types\/product"}],"version-history":[{"count":1,"href":"https:\/\/kidsplay.lt\/lv\/wp-json\/wp\/v2\/product\/79647\/revisions"}],"predecessor-version":[{"id":79653,"href":"https:\/\/kidsplay.lt\/lv\/wp-json\/wp\/v2\/product\/79647\/revisions\/79653"}],"wp:featuredmedia":[{"embeddable":true,"href":"https:\/\/kidsplay.lt\/lv\/wp-json\/wp\/v2\/media\/79648"}],"wp:attachment":[{"href":"https:\/\/kidsplay.lt\/lv\/wp-json\/wp\/v2\/media?parent=79647"}],"wp:term":[{"taxonomy":"product_brand","embeddable":true,"href":"https:\/\/kidsplay.lt\/lv\/wp-json\/wp\/v2\/product_brand?post=79647"},{"taxonomy":"product_cat","embeddable":true,"href":"https:\/\/kidsplay.lt\/lv\/wp-json\/wp\/v2\/product_cat?post=79647"},{"taxonomy":"product_tag","embeddable":true,"href":"https:\/\/kidsplay.lt\/lv\/wp-json\/wp\/v2\/product_tag?post=79647"}],"curies":[{"name":"wp","href":"https:\/\/api.w.org\/{rel}","templated":true}]}}