{"id":79663,"date":"2025-11-03T08:58:00","date_gmt":"2025-11-03T06:58:00","guid":{"rendered":"https:\/\/kidsplay.lt\/?post_type=product&#038;p=79663"},"modified":"2025-11-03T08:58:00","modified_gmt":"2025-11-03T06:58:00","slug":"paw-patrol-apzvalgos-boksto-ciuozykla-auto-chase-xxl-rinkinys-spin-master","status":"publish","type":"product","link":"https:\/\/kidsplay.lt\/lv\/products\/paw-patrol-apzvalgos-boksto-ciuozykla-auto-chase-xxl-rinkinys-spin-master\/","title":{"rendered":"PAW PATROL Nov\u0113ro\u0161anas tor\u0146a slidkalni\u0146\u0161 Auto Chase XXL komplekts Spin Master\u201e"},"content":{"rendered":"<h2><span dir=\"auto\">Paw Patrol ap\u017evalgos bok\u0161tas su \u010diuo\u017eykla PAW PATROL CHASE ap\u017evalgos bok\u0161tas \u201eSpin Master\u201c<\/span><\/h2>\n<p><span dir=\"auto\">Su \u201ePAW Patrol\u201c gelb\u0117jimo lenktynininko ap\u017evalgos bok\u0161to \u017eaidimo rinkiniu \u010ceisas pasiruo\u0161\u0119s naujam nuotykiui! \u0160iame i\u0161skirtiniame rinkinyje yra ap\u017evalgos bok\u0161tas, kur\u012f atpa\u017einsite i\u0161 serialo, ir \u201eChase Rescue Racer\u201c policijos automobilis. Jis yra daugiau nei 25 cm auk\u0161\u010dio, tod\u0117l visi nuotykiai bus j\u016bs\u0173 akiratyje. Kai ateis laikas jaudinan\u010diai misijai, \u010ceisas gali pastatyti savo lenktynin\u012f automobil\u012f ant rampos ir leistis \u012f dar vien\u0105 \u012fdomi\u0105 gelb\u0117jimo operacij\u0105! \u201ePAW Patrol\u201c \u017eaislai berniukams ir mergait\u0117ms yra puikios dovanos serialo gerb\u0117jams, skatinantys vaizduot\u0119 ir smulki\u0105j\u0105 motorik\u0105.<\/span><\/p>\n<p><b><span dir=\"auto\">Produkto savyb\u0117s<\/span><\/b><\/p>\n<ul>\n<li><b><span dir=\"auto\">Ieteicamais vecums:<\/span><\/b><span dir=\"auto\">\u00a03+<\/span><\/li>\n<li><b><span dir=\"auto\">\u012esp\u0117jimas:<\/span><\/b><span dir=\"auto\">\u00a0PAVOJUS U\u017dSPRINGTI \u2013 smulkios dalys ir ma\u017ei kamuoliukai. Netinka vaikams iki 3 met\u0173.<\/span><\/li>\n<\/ul>\n<p><b><span dir=\"auto\">Am\u017eius: 3+<\/span><\/b><\/p>","protected":false},"excerpt":{"rendered":"<p>Paw Patrol ap\u017evalgos bok\u0161tas su \u010diuo\u017eykla PAW PATROL CHASE ap\u017evalgos bok\u0161tas \u201eSpin Master\u201c Su \u201ePAW Patrol\u201c gelb\u0117jimo lenktynininko ap\u017evalgos bok\u0161to<\/p>","protected":false},"featured_media":79664,"template":"","meta":{"_acf_changed":false,"_glsr_average":0,"_glsr_ranking":0,"_glsr_reviews":0},"product_brand":[],"product_cat":[448,229],"product_tag":[],"class_list":{"0":"post-79663","1":"product","2":"type-product","3":"status-publish","4":"has-post-thumbnail","6":"product_cat-automobiliai-ir-transportas","7":"product_cat-zaislai-vaikams","8":"\"style=\"background-color: #2ecc711c;\"","10":"first","11":"instock","12":"shipping-taxable","13":"purchasable","14":"product-type-simple"},"acf":[],"yoast_head":"<!-- This site is optimized with the Yoast SEO plugin v27.3 - https:\/\/yoast.com\/product\/yoast-seo-wordpress\/ -->\n<title>PAW PATROL ap\u017evalgos bok\u0161to \u010diuo\u017eykla \u201eAuto Chase XXL\u201c rinkinys \u201eSpin Master\u201c - KidsPlay<\/title>\n<meta name=\"description\" content=\"PAW PATROL ap\u017evalgos bok\u0161to \u010diuo\u017eykla \u201eAuto Chase XXL\u201c rinkinys \u201eSpin Master\u201c - KidsPlay. Did\u017eiausias vaik\u0173 \u017eaisl\u0173 pasirinkimas.\" \/>\n<meta name=\"robots\" content=\"index, follow, max-snippet:-1, max-image-preview:large, max-video-preview:-1\" \/>\n<link rel=\"canonical\" href=\"https:\/\/kidsplay.lt\/lv\/products\/paw-patrol-apzvalgos-boksto-ciuozykla-auto-chase-xxl-rinkinys-spin-master\/\" \/>\n<meta property=\"og:locale\" content=\"lv_LV\" \/>\n<meta property=\"og:type\" content=\"article\" \/>\n<meta property=\"og:title\" content=\"PAW PATROL ap\u017evalgos bok\u0161to \u010diuo\u017eykla \u201eAuto Chase XXL\u201c rinkinys \u201eSpin Master\u201c - KidsPlay\" \/>\n<meta property=\"og:description\" content=\"PAW PATROL ap\u017evalgos bok\u0161to \u010diuo\u017eykla \u201eAuto Chase XXL\u201c rinkinys \u201eSpin Master\u201c - KidsPlay. Did\u017eiausias vaik\u0173 \u017eaisl\u0173 pasirinkimas.\" \/>\n<meta property=\"og:url\" content=\"https:\/\/kidsplay.lt\/lv\/products\/paw-patrol-apzvalgos-boksto-ciuozykla-auto-chase-xxl-rinkinys-spin-master\/\" \/>\n<meta property=\"og:site_name\" content=\"KidsPlay\" \/>\n<meta property=\"article:publisher\" content=\"https:\/\/www.facebook.com\/www.kidsplay.lt\" \/>\n<meta property=\"og:image\" content=\"https:\/\/kidsplay.lt\/wp-content\/uploads\/2025\/11\/Screenshot_929.png\" \/>\n\t<meta property=\"og:image:width\" content=\"520\" \/>\n\t<meta property=\"og:image:height\" content=\"499\" \/>\n\t<meta property=\"og:image:type\" content=\"image\/png\" \/>\n<meta name=\"twitter:card\" content=\"summary_large_image\" \/>\n<meta name=\"twitter:label1\" content=\"Est. reading time\" \/>\n\t<meta name=\"twitter:data1\" content=\"1 min\u016bte\" \/>\n<script type=\"application\/ld+json\" class=\"yoast-schema-graph\">{\"@context\":\"https:\\\/\\\/schema.org\",\"@graph\":[{\"@type\":\"WebPage\",\"@id\":\"https:\\\/\\\/kidsplay.lt\\\/produktas\\\/paw-patrol-apzvalgos-boksto-ciuozykla-auto-chase-xxl-rinkinys-spin-master\\\/\",\"url\":\"https:\\\/\\\/kidsplay.lt\\\/produktas\\\/paw-patrol-apzvalgos-boksto-ciuozykla-auto-chase-xxl-rinkinys-spin-master\\\/\",\"name\":\"PAW PATROL ap\u017evalgos bok\u0161to \u010diuo\u017eykla \u201eAuto Chase XXL\u201c rinkinys \u201eSpin Master\u201c - KidsPlay\",\"isPartOf\":{\"@id\":\"https:\\\/\\\/kidsplay.lt\\\/#website\"},\"primaryImageOfPage\":{\"@id\":\"https:\\\/\\\/kidsplay.lt\\\/produktas\\\/paw-patrol-apzvalgos-boksto-ciuozykla-auto-chase-xxl-rinkinys-spin-master\\\/#primaryimage\"},\"image\":{\"@id\":\"https:\\\/\\\/kidsplay.lt\\\/produktas\\\/paw-patrol-apzvalgos-boksto-ciuozykla-auto-chase-xxl-rinkinys-spin-master\\\/#primaryimage\"},\"thumbnailUrl\":\"https:\\\/\\\/kidsplay.lt\\\/wp-content\\\/uploads\\\/2025\\\/11\\\/Screenshot_929.png\",\"datePublished\":\"2025-11-03T06:58:00+00:00\",\"description\":\"PAW PATROL ap\u017evalgos bok\u0161to \u010diuo\u017eykla \u201eAuto Chase XXL\u201c rinkinys \u201eSpin Master\u201c - KidsPlay. Did\u017eiausias vaik\u0173 \u017eaisl\u0173 pasirinkimas.\",\"breadcrumb\":{\"@id\":\"https:\\\/\\\/kidsplay.lt\\\/produktas\\\/paw-patrol-apzvalgos-boksto-ciuozykla-auto-chase-xxl-rinkinys-spin-master\\\/#breadcrumb\"},\"inLanguage\":\"lv-LV\",\"potentialAction\":[{\"@type\":\"ReadAction\",\"target\":[\"https:\\\/\\\/kidsplay.lt\\\/produktas\\\/paw-patrol-apzvalgos-boksto-ciuozykla-auto-chase-xxl-rinkinys-spin-master\\\/\"]}]},{\"@type\":\"ImageObject\",\"inLanguage\":\"lv-LV\",\"@id\":\"https:\\\/\\\/kidsplay.lt\\\/produktas\\\/paw-patrol-apzvalgos-boksto-ciuozykla-auto-chase-xxl-rinkinys-spin-master\\\/#primaryimage\",\"url\":\"https:\\\/\\\/kidsplay.lt\\\/wp-content\\\/uploads\\\/2025\\\/11\\\/Screenshot_929.png\",\"contentUrl\":\"https:\\\/\\\/kidsplay.lt\\\/wp-content\\\/uploads\\\/2025\\\/11\\\/Screenshot_929.png\",\"width\":520,\"height\":499},{\"@type\":\"BreadcrumbList\",\"@id\":\"https:\\\/\\\/kidsplay.lt\\\/produktas\\\/paw-patrol-apzvalgos-boksto-ciuozykla-auto-chase-xxl-rinkinys-spin-master\\\/#breadcrumb\",\"itemListElement\":[{\"@type\":\"ListItem\",\"position\":1,\"name\":\"Pagrindinis\",\"item\":\"https:\\\/\\\/kidsplay.lt\\\/\"},{\"@type\":\"ListItem\",\"position\":2,\"name\":\"Parduotuv\u0117\",\"item\":\"https:\\\/\\\/kidsplay.lt\\\/parduotuve\\\/\"},{\"@type\":\"ListItem\",\"position\":3,\"name\":\"PAW PATROL ap\u017evalgos bok\u0161to \u010diuo\u017eykla \u201eAuto Chase XXL\u201c rinkinys \u201eSpin Master\u201c\"}]},{\"@type\":\"WebSite\",\"@id\":\"https:\\\/\\\/kidsplay.lt\\\/#website\",\"url\":\"https:\\\/\\\/kidsplay.lt\\\/\",\"name\":\"Kidsplay.lt\",\"description\":\"\u012evairios prek\u0117s vaikams\",\"publisher\":{\"@id\":\"https:\\\/\\\/kidsplay.lt\\\/#organization\"},\"alternateName\":\"Kidsplay\",\"potentialAction\":[{\"@type\":\"SearchAction\",\"target\":{\"@type\":\"EntryPoint\",\"urlTemplate\":\"https:\\\/\\\/kidsplay.lt\\\/?s={search_term_string}\"},\"query-input\":{\"@type\":\"PropertyValueSpecification\",\"valueRequired\":true,\"valueName\":\"search_term_string\"}}],\"inLanguage\":\"lv-LV\"},{\"@type\":\"Organization\",\"@id\":\"https:\\\/\\\/kidsplay.lt\\\/#organization\",\"name\":\"KidsPlay\",\"url\":\"https:\\\/\\\/kidsplay.lt\\\/\",\"logo\":{\"@type\":\"ImageObject\",\"inLanguage\":\"lv-LV\",\"@id\":\"https:\\\/\\\/kidsplay.lt\\\/#\\\/schema\\\/logo\\\/image\\\/\",\"url\":\"https:\\\/\\\/kidsplay.lt\\\/wp-content\\\/uploads\\\/2023\\\/07\\\/kidsplay-logo.png\",\"contentUrl\":\"https:\\\/\\\/kidsplay.lt\\\/wp-content\\\/uploads\\\/2023\\\/07\\\/kidsplay-logo.png\",\"width\":451,\"height\":98,\"caption\":\"KidsPlay\"},\"image\":{\"@id\":\"https:\\\/\\\/kidsplay.lt\\\/#\\\/schema\\\/logo\\\/image\\\/\"},\"sameAs\":[\"https:\\\/\\\/www.facebook.com\\\/www.kidsplay.lt\"]}]}<\/script>\n<!-- \/ Yoast SEO plugin. -->","yoast_head_json":{"title":"PAW PATROL ap\u017evalgos bok\u0161to \u010diuo\u017eykla \u201eAuto Chase XXL\u201c rinkinys \u201eSpin Master\u201c - KidsPlay","description":"PAW PATROL ap\u017evalgos bok\u0161to \u010diuo\u017eykla \u201eAuto Chase XXL\u201c rinkinys \u201eSpin Master\u201c - KidsPlay. Did\u017eiausias vaik\u0173 \u017eaisl\u0173 pasirinkimas.","robots":{"index":"index","follow":"follow","max-snippet":"max-snippet:-1","max-image-preview":"max-image-preview:large","max-video-preview":"max-video-preview:-1"},"canonical":"https:\/\/kidsplay.lt\/lv\/products\/paw-patrol-apzvalgos-boksto-ciuozykla-auto-chase-xxl-rinkinys-spin-master\/","og_locale":"lv_LV","og_type":"article","og_title":"PAW PATROL ap\u017evalgos bok\u0161to \u010diuo\u017eykla \u201eAuto Chase XXL\u201c rinkinys \u201eSpin Master\u201c - KidsPlay","og_description":"PAW PATROL ap\u017evalgos bok\u0161to \u010diuo\u017eykla \u201eAuto Chase XXL\u201c rinkinys \u201eSpin Master\u201c - KidsPlay. Did\u017eiausias vaik\u0173 \u017eaisl\u0173 pasirinkimas.","og_url":"https:\/\/kidsplay.lt\/lv\/products\/paw-patrol-apzvalgos-boksto-ciuozykla-auto-chase-xxl-rinkinys-spin-master\/","og_site_name":"KidsPlay","article_publisher":"https:\/\/www.facebook.com\/www.kidsplay.lt","og_image":[{"width":520,"height":499,"url":"https:\/\/kidsplay.lt\/wp-content\/uploads\/2025\/11\/Screenshot_929.png","type":"image\/png"}],"twitter_card":"summary_large_image","twitter_misc":{"Est. reading time":"1 min\u016bte"},"schema":{"@context":"https:\/\/schema.org","@graph":[{"@type":"WebPage","@id":"https:\/\/kidsplay.lt\/produktas\/paw-patrol-apzvalgos-boksto-ciuozykla-auto-chase-xxl-rinkinys-spin-master\/","url":"https:\/\/kidsplay.lt\/produktas\/paw-patrol-apzvalgos-boksto-ciuozykla-auto-chase-xxl-rinkinys-spin-master\/","name":"PAW PATROL ap\u017evalgos bok\u0161to \u010diuo\u017eykla \u201eAuto Chase XXL\u201c rinkinys \u201eSpin Master\u201c - KidsPlay","isPartOf":{"@id":"https:\/\/kidsplay.lt\/#website"},"primaryImageOfPage":{"@id":"https:\/\/kidsplay.lt\/produktas\/paw-patrol-apzvalgos-boksto-ciuozykla-auto-chase-xxl-rinkinys-spin-master\/#primaryimage"},"image":{"@id":"https:\/\/kidsplay.lt\/produktas\/paw-patrol-apzvalgos-boksto-ciuozykla-auto-chase-xxl-rinkinys-spin-master\/#primaryimage"},"thumbnailUrl":"https:\/\/kidsplay.lt\/wp-content\/uploads\/2025\/11\/Screenshot_929.png","datePublished":"2025-11-03T06:58:00+00:00","description":"PAW PATROL ap\u017evalgos bok\u0161to \u010diuo\u017eykla \u201eAuto Chase XXL\u201c rinkinys \u201eSpin Master\u201c - KidsPlay. Did\u017eiausias vaik\u0173 \u017eaisl\u0173 pasirinkimas.","breadcrumb":{"@id":"https:\/\/kidsplay.lt\/produktas\/paw-patrol-apzvalgos-boksto-ciuozykla-auto-chase-xxl-rinkinys-spin-master\/#breadcrumb"},"inLanguage":"lv-LV","potentialAction":[{"@type":"ReadAction","target":["https:\/\/kidsplay.lt\/produktas\/paw-patrol-apzvalgos-boksto-ciuozykla-auto-chase-xxl-rinkinys-spin-master\/"]}]},{"@type":"ImageObject","inLanguage":"lv-LV","@id":"https:\/\/kidsplay.lt\/produktas\/paw-patrol-apzvalgos-boksto-ciuozykla-auto-chase-xxl-rinkinys-spin-master\/#primaryimage","url":"https:\/\/kidsplay.lt\/wp-content\/uploads\/2025\/11\/Screenshot_929.png","contentUrl":"https:\/\/kidsplay.lt\/wp-content\/uploads\/2025\/11\/Screenshot_929.png","width":520,"height":499},{"@type":"BreadcrumbList","@id":"https:\/\/kidsplay.lt\/produktas\/paw-patrol-apzvalgos-boksto-ciuozykla-auto-chase-xxl-rinkinys-spin-master\/#breadcrumb","itemListElement":[{"@type":"ListItem","position":1,"name":"Pagrindinis","item":"https:\/\/kidsplay.lt\/"},{"@type":"ListItem","position":2,"name":"Parduotuv\u0117","item":"https:\/\/kidsplay.lt\/parduotuve\/"},{"@type":"ListItem","position":3,"name":"PAW PATROL ap\u017evalgos bok\u0161to \u010diuo\u017eykla \u201eAuto Chase XXL\u201c rinkinys \u201eSpin Master\u201c"}]},{"@type":"WebSite","@id":"https:\/\/kidsplay.lt\/#website","url":"https:\/\/kidsplay.lt\/","name":"B\u0113rnu sp\u0113les.lv","description":"\u012evairios prek\u0117s vaikams","publisher":{"@id":"https:\/\/kidsplay.lt\/#organization"},"alternateName":"Kidsplay","potentialAction":[{"@type":"SearchAction","target":{"@type":"EntryPoint","urlTemplate":"https:\/\/kidsplay.lt\/?s={search_term_string}"},"query-input":{"@type":"PropertyValueSpecification","valueRequired":true,"valueName":"search_term_string"}}],"inLanguage":"lv-LV"},{"@type":"Organization","@id":"https:\/\/kidsplay.lt\/#organization","name":"B\u0113rnu sp\u0113le","url":"https:\/\/kidsplay.lt\/","logo":{"@type":"ImageObject","inLanguage":"lv-LV","@id":"https:\/\/kidsplay.lt\/#\/schema\/logo\/image\/","url":"https:\/\/kidsplay.lt\/wp-content\/uploads\/2023\/07\/kidsplay-logo.png","contentUrl":"https:\/\/kidsplay.lt\/wp-content\/uploads\/2023\/07\/kidsplay-logo.png","width":451,"height":98,"caption":"KidsPlay"},"image":{"@id":"https:\/\/kidsplay.lt\/#\/schema\/logo\/image\/"},"sameAs":["https:\/\/www.facebook.com\/www.kidsplay.lt"]}]}},"_links":{"self":[{"href":"https:\/\/kidsplay.lt\/lv\/wp-json\/wp\/v2\/product\/79663","targetHints":{"allow":["GET"]}}],"collection":[{"href":"https:\/\/kidsplay.lt\/lv\/wp-json\/wp\/v2\/product"}],"about":[{"href":"https:\/\/kidsplay.lt\/lv\/wp-json\/wp\/v2\/types\/product"}],"version-history":[{"count":1,"href":"https:\/\/kidsplay.lt\/lv\/wp-json\/wp\/v2\/product\/79663\/revisions"}],"predecessor-version":[{"id":79669,"href":"https:\/\/kidsplay.lt\/lv\/wp-json\/wp\/v2\/product\/79663\/revisions\/79669"}],"wp:featuredmedia":[{"embeddable":true,"href":"https:\/\/kidsplay.lt\/lv\/wp-json\/wp\/v2\/media\/79664"}],"wp:attachment":[{"href":"https:\/\/kidsplay.lt\/lv\/wp-json\/wp\/v2\/media?parent=79663"}],"wp:term":[{"taxonomy":"product_brand","embeddable":true,"href":"https:\/\/kidsplay.lt\/lv\/wp-json\/wp\/v2\/product_brand?post=79663"},{"taxonomy":"product_cat","embeddable":true,"href":"https:\/\/kidsplay.lt\/lv\/wp-json\/wp\/v2\/product_cat?post=79663"},{"taxonomy":"product_tag","embeddable":true,"href":"https:\/\/kidsplay.lt\/lv\/wp-json\/wp\/v2\/product_tag?post=79663"}],"curies":[{"name":"wp","href":"https:\/\/api.w.org\/{rel}","templated":true}]}}