{"id":79724,"date":"2025-11-06T14:50:13","date_gmt":"2025-11-06T12:50:13","guid":{"rendered":"https:\/\/kidsplay.lt\/produktas\/woopie-royal-lele-lili-princese-is-pasaku-vandenyno\/"},"modified":"2026-04-13T14:19:29","modified_gmt":"2026-04-13T11:19:29","slug":"woopie-royal-lele-lili-princese-is-pasaku-vandenyno","status":"publish","type":"product","link":"https:\/\/kidsplay.lt\/lv\/products\/woopie-royal-lele-lili-princese-is-pasaku-vandenyno\/","title":{"rendered":"WOOPIE ROYAL lelle Lili princese no Pasaku oke\u0101na"},"content":{"rendered":"<p>Susipa\u017einkite su miela princese Lily\u00a0i\u0161 mark\u0117s\u00a0Woopie\u2013\u00a0l\u0117l\u0117, \u012fkv\u0117pta povandeninio undini\u0173 pasaulio\u201e. Jos ilgas,\u00a0ro\u017einis plaukas\u00a0jie skatina \u0161ukuoti ir kurti puo\u0161nias \u0161ukuosenas.\u00a0Blizganti pastelin\u0117 suknel\u0117\u00a0j\u016bros put\u0173 atspalviais ji atrodo kaip tikra princes\u0117 i\u0161 vandenyno. Rinkin\u012f sudaro:\u00a0auksin\u0117 \u0161ukut\u0117\u00a0in\u00a0apvalkalo forma\u00a0ir\u00a0eleganti\u0161kas \u017eiedas&amp; tai papildo stili\u0173. Tai puiki dovana vaikams nuo 3 met\u0173, lavinanti vaizduot\u0119 ir leid\u017eianti sukurti begal\u0119 pasak\u0173 istorij\u0173.<\/p>\n<p>Raksturojums:<\/p>\n<p> \t&#8211; L\u0117l\u0117 princes\u0117s tema<br \/>\n \t&#8211; Ilgi rausvi plaukai \u2013 puikiai tinka \u0161ukuoti ir formuoti<br \/>\n \t&#8211; Gra\u017ei, blizganti pastelini\u0173 spalv\u0173 suknel\u0117<br \/>\n \t&#8211; Kruop\u0161\u010diai sukurtos detal\u0117s \u2013 auk\u0161ta kokyb\u0117 ir estetika<br \/>\n \t&#8211; Priedai temi\u0161kai pritaikyti prie j\u016brinio klimato<br \/>\n \t&#8211; Skirta vaikams nuo 3 met\u0173 am\u017eiaus<\/p>\n<p>Komplekt\u0101 ietilpst:<\/p>\n<p> \t&#8211; L\u0117l\u0117 Lili Princess<br \/>\n \t&#8211; Kriaukl\u0117s formos auksin\u0117s \u0161ukos<br \/>\n \t&#8211; Eleganti\u0161ka j\u016bros spalv\u0173 suknel\u0117<\/p>","protected":false},"excerpt":{"rendered":"<p>Susipa\u017einkite su miela princese Lily\u00a0i\u0161 mark\u0117s\u00a0Woopie\u2013\u00a0l\u0117l\u0117, \u012fkv\u0117pta povandeninio undini\u0173 pasaulio\u201e. Jos ilgas,\u00a0ro\u017einis plaukas\u00a0jie skatina \u0161ukuoti ir kurti puo\u0161nias \u0161ukuosenas.\u00a0Blizganti pastelin\u0117<\/p>","protected":false},"featured_media":79726,"template":"","meta":{"_acf_changed":false,"_glsr_average":0,"_glsr_ranking":0,"_glsr_reviews":0},"product_brand":[],"product_cat":[443,229],"product_tag":[],"class_list":{"0":"post-79724","1":"product","2":"type-product","3":"status-publish","4":"has-post-thumbnail","6":"product_cat-leles-ir-priedai","7":"product_cat-zaislai-vaikams","8":"\"style=\"background-color: #2ecc711c;\"","10":"first","11":"instock","12":"purchasable","13":"product-type-simple"},"acf":[],"yoast_head":"<!-- This site is optimized with the Yoast SEO plugin v27.4 - https:\/\/yoast.com\/product\/yoast-seo-wordpress\/ -->\n<title>WOOPIE ROYAL L\u0117l\u0117 Lili Princes\u0117 i\u0161 Pasak\u0173 Vandenyno<\/title>\n<meta name=\"description\" content=\"WOOPIE ROYAL L\u0117l\u0117 Lili Princes\u0117 i\u0161 Pasak\u0173 Vandenyno - KidsPlay. Did\u017eiausias vaik\u0173 \u017eaisl\u0173 pasirinkimas.\" \/>\n<meta name=\"robots\" content=\"index, follow, max-snippet:-1, max-image-preview:large, max-video-preview:-1\" \/>\n<link rel=\"canonical\" href=\"https:\/\/kidsplay.lt\/lv\/products\/woopie-royal-lele-lili-princese-is-pasaku-vandenyno\/\" \/>\n<meta property=\"og:locale\" content=\"lv_LV\" \/>\n<meta property=\"og:type\" content=\"article\" \/>\n<meta property=\"og:title\" content=\"WOOPIE ROYAL L\u0117l\u0117 Lili Princes\u0117 i\u0161 Pasak\u0173 Vandenyno\" \/>\n<meta property=\"og:description\" content=\"WOOPIE ROYAL L\u0117l\u0117 Lili Princes\u0117 i\u0161 Pasak\u0173 Vandenyno - KidsPlay. Did\u017eiausias vaik\u0173 \u017eaisl\u0173 pasirinkimas.\" \/>\n<meta property=\"og:url\" content=\"https:\/\/kidsplay.lt\/lv\/products\/woopie-royal-lele-lili-princese-is-pasaku-vandenyno\/\" \/>\n<meta property=\"og:site_name\" content=\"KidsPlay\" \/>\n<meta property=\"article:publisher\" content=\"https:\/\/www.facebook.com\/www.kidsplay.lt\" \/>\n<meta property=\"article:modified_time\" content=\"2026-04-13T11:19:29+00:00\" \/>\n<meta property=\"og:image\" content=\"https:\/\/kidsplay.lt\/wp-content\/uploads\/2025\/11\/WOOPIE-ROYAL-Lele-Lili-Princese-is-Pasaku-Vandenyno.jpg\" \/>\n\t<meta property=\"og:image:width\" content=\"1000\" \/>\n\t<meta property=\"og:image:height\" content=\"1000\" \/>\n\t<meta property=\"og:image:type\" content=\"image\/jpeg\" \/>\n<meta name=\"twitter:card\" content=\"summary_large_image\" \/>\n<meta name=\"twitter:label1\" content=\"Est. reading time\" \/>\n\t<meta name=\"twitter:data1\" content=\"1 min\u016bte\" \/>\n<script type=\"application\/ld+json\" class=\"yoast-schema-graph\">{\"@context\":\"https:\\\/\\\/schema.org\",\"@graph\":[{\"@type\":\"WebPage\",\"@id\":\"https:\\\/\\\/kidsplay.lt\\\/produktas\\\/woopie-royal-lele-lili-princese-is-pasaku-vandenyno\\\/\",\"url\":\"https:\\\/\\\/kidsplay.lt\\\/produktas\\\/woopie-royal-lele-lili-princese-is-pasaku-vandenyno\\\/\",\"name\":\"WOOPIE ROYAL L\u0117l\u0117 Lili Princes\u0117 i\u0161 Pasak\u0173 Vandenyno\",\"isPartOf\":{\"@id\":\"https:\\\/\\\/kidsplay.lt\\\/#website\"},\"primaryImageOfPage\":{\"@id\":\"https:\\\/\\\/kidsplay.lt\\\/produktas\\\/woopie-royal-lele-lili-princese-is-pasaku-vandenyno\\\/#primaryimage\"},\"image\":{\"@id\":\"https:\\\/\\\/kidsplay.lt\\\/produktas\\\/woopie-royal-lele-lili-princese-is-pasaku-vandenyno\\\/#primaryimage\"},\"thumbnailUrl\":\"https:\\\/\\\/kidsplay.lt\\\/wp-content\\\/uploads\\\/2025\\\/11\\\/WOOPIE-ROYAL-Lele-Lili-Princese-is-Pasaku-Vandenyno.jpg\",\"datePublished\":\"2025-11-06T12:50:13+00:00\",\"dateModified\":\"2026-04-13T11:19:29+00:00\",\"description\":\"WOOPIE ROYAL L\u0117l\u0117 Lili Princes\u0117 i\u0161 Pasak\u0173 Vandenyno - KidsPlay. Did\u017eiausias vaik\u0173 \u017eaisl\u0173 pasirinkimas.\",\"breadcrumb\":{\"@id\":\"https:\\\/\\\/kidsplay.lt\\\/produktas\\\/woopie-royal-lele-lili-princese-is-pasaku-vandenyno\\\/#breadcrumb\"},\"inLanguage\":\"lv-LV\",\"potentialAction\":[{\"@type\":\"ReadAction\",\"target\":[\"https:\\\/\\\/kidsplay.lt\\\/produktas\\\/woopie-royal-lele-lili-princese-is-pasaku-vandenyno\\\/\"]}]},{\"@type\":\"ImageObject\",\"inLanguage\":\"lv-LV\",\"@id\":\"https:\\\/\\\/kidsplay.lt\\\/produktas\\\/woopie-royal-lele-lili-princese-is-pasaku-vandenyno\\\/#primaryimage\",\"url\":\"https:\\\/\\\/kidsplay.lt\\\/wp-content\\\/uploads\\\/2025\\\/11\\\/WOOPIE-ROYAL-Lele-Lili-Princese-is-Pasaku-Vandenyno.jpg\",\"contentUrl\":\"https:\\\/\\\/kidsplay.lt\\\/wp-content\\\/uploads\\\/2025\\\/11\\\/WOOPIE-ROYAL-Lele-Lili-Princese-is-Pasaku-Vandenyno.jpg\",\"width\":1000,\"height\":1000,\"caption\":\"WOOPIE ROYAL L\u0117l\u0117 Lili Princes\u0117 i\u0161 Pasak\u0173 Vandenyno\"},{\"@type\":\"BreadcrumbList\",\"@id\":\"https:\\\/\\\/kidsplay.lt\\\/produktas\\\/woopie-royal-lele-lili-princese-is-pasaku-vandenyno\\\/#breadcrumb\",\"itemListElement\":[{\"@type\":\"ListItem\",\"position\":1,\"name\":\"Pagrindinis\",\"item\":\"https:\\\/\\\/kidsplay.lt\\\/\"},{\"@type\":\"ListItem\",\"position\":2,\"name\":\"Parduotuv\u0117\",\"item\":\"https:\\\/\\\/kidsplay.lt\\\/parduotuve\\\/\"},{\"@type\":\"ListItem\",\"position\":3,\"name\":\"WOOPIE ROYAL L\u0117l\u0117 Lili Princes\u0117 i\u0161 Pasak\u0173 Vandenyno\"}]},{\"@type\":\"WebSite\",\"@id\":\"https:\\\/\\\/kidsplay.lt\\\/#website\",\"url\":\"https:\\\/\\\/kidsplay.lt\\\/\",\"name\":\"Kidsplay.lt\",\"description\":\"\u012evairios prek\u0117s vaikams\",\"publisher\":{\"@id\":\"https:\\\/\\\/kidsplay.lt\\\/#organization\"},\"alternateName\":\"Kidsplay\",\"potentialAction\":[{\"@type\":\"SearchAction\",\"target\":{\"@type\":\"EntryPoint\",\"urlTemplate\":\"https:\\\/\\\/kidsplay.lt\\\/?s={search_term_string}\"},\"query-input\":{\"@type\":\"PropertyValueSpecification\",\"valueRequired\":true,\"valueName\":\"search_term_string\"}}],\"inLanguage\":\"lv-LV\"},{\"@type\":\"Organization\",\"@id\":\"https:\\\/\\\/kidsplay.lt\\\/#organization\",\"name\":\"KidsPlay\",\"url\":\"https:\\\/\\\/kidsplay.lt\\\/\",\"logo\":{\"@type\":\"ImageObject\",\"inLanguage\":\"lv-LV\",\"@id\":\"https:\\\/\\\/kidsplay.lt\\\/#\\\/schema\\\/logo\\\/image\\\/\",\"url\":\"https:\\\/\\\/kidsplay.lt\\\/wp-content\\\/uploads\\\/2023\\\/07\\\/kidsplay-logo.png\",\"contentUrl\":\"https:\\\/\\\/kidsplay.lt\\\/wp-content\\\/uploads\\\/2023\\\/07\\\/kidsplay-logo.png\",\"width\":451,\"height\":98,\"caption\":\"KidsPlay\"},\"image\":{\"@id\":\"https:\\\/\\\/kidsplay.lt\\\/#\\\/schema\\\/logo\\\/image\\\/\"},\"sameAs\":[\"https:\\\/\\\/www.facebook.com\\\/www.kidsplay.lt\"]}]}<\/script>\n<!-- \/ Yoast SEO plugin. -->","yoast_head_json":{"title":"WOOPIE ROYAL lelle Lili princese no Pasaku oke\u0101na","description":"WOOPIE ROYAL L\u0117l\u0117 Lili Princes\u0117 i\u0161 Pasak\u0173 Vandenyno - KidsPlay. Did\u017eiausias vaik\u0173 \u017eaisl\u0173 pasirinkimas.","robots":{"index":"index","follow":"follow","max-snippet":"max-snippet:-1","max-image-preview":"max-image-preview:large","max-video-preview":"max-video-preview:-1"},"canonical":"https:\/\/kidsplay.lt\/lv\/products\/woopie-royal-lele-lili-princese-is-pasaku-vandenyno\/","og_locale":"lv_LV","og_type":"article","og_title":"WOOPIE ROYAL L\u0117l\u0117 Lili Princes\u0117 i\u0161 Pasak\u0173 Vandenyno","og_description":"WOOPIE ROYAL L\u0117l\u0117 Lili Princes\u0117 i\u0161 Pasak\u0173 Vandenyno - KidsPlay. Did\u017eiausias vaik\u0173 \u017eaisl\u0173 pasirinkimas.","og_url":"https:\/\/kidsplay.lt\/lv\/products\/woopie-royal-lele-lili-princese-is-pasaku-vandenyno\/","og_site_name":"KidsPlay","article_publisher":"https:\/\/www.facebook.com\/www.kidsplay.lt","article_modified_time":"2026-04-13T11:19:29+00:00","og_image":[{"width":1000,"height":1000,"url":"https:\/\/kidsplay.lt\/wp-content\/uploads\/2025\/11\/WOOPIE-ROYAL-Lele-Lili-Princese-is-Pasaku-Vandenyno.jpg","type":"image\/jpeg"}],"twitter_card":"summary_large_image","twitter_misc":{"Est. reading time":"1 min\u016bte"},"schema":{"@context":"https:\/\/schema.org","@graph":[{"@type":"WebPage","@id":"https:\/\/kidsplay.lt\/produktas\/woopie-royal-lele-lili-princese-is-pasaku-vandenyno\/","url":"https:\/\/kidsplay.lt\/produktas\/woopie-royal-lele-lili-princese-is-pasaku-vandenyno\/","name":"WOOPIE ROYAL lelle Lili princese no Pasaku oke\u0101na","isPartOf":{"@id":"https:\/\/kidsplay.lt\/#website"},"primaryImageOfPage":{"@id":"https:\/\/kidsplay.lt\/produktas\/woopie-royal-lele-lili-princese-is-pasaku-vandenyno\/#primaryimage"},"image":{"@id":"https:\/\/kidsplay.lt\/produktas\/woopie-royal-lele-lili-princese-is-pasaku-vandenyno\/#primaryimage"},"thumbnailUrl":"https:\/\/kidsplay.lt\/wp-content\/uploads\/2025\/11\/WOOPIE-ROYAL-Lele-Lili-Princese-is-Pasaku-Vandenyno.jpg","datePublished":"2025-11-06T12:50:13+00:00","dateModified":"2026-04-13T11:19:29+00:00","description":"WOOPIE ROYAL L\u0117l\u0117 Lili Princes\u0117 i\u0161 Pasak\u0173 Vandenyno - KidsPlay. Did\u017eiausias vaik\u0173 \u017eaisl\u0173 pasirinkimas.","breadcrumb":{"@id":"https:\/\/kidsplay.lt\/produktas\/woopie-royal-lele-lili-princese-is-pasaku-vandenyno\/#breadcrumb"},"inLanguage":"lv-LV","potentialAction":[{"@type":"ReadAction","target":["https:\/\/kidsplay.lt\/produktas\/woopie-royal-lele-lili-princese-is-pasaku-vandenyno\/"]}]},{"@type":"ImageObject","inLanguage":"lv-LV","@id":"https:\/\/kidsplay.lt\/produktas\/woopie-royal-lele-lili-princese-is-pasaku-vandenyno\/#primaryimage","url":"https:\/\/kidsplay.lt\/wp-content\/uploads\/2025\/11\/WOOPIE-ROYAL-Lele-Lili-Princese-is-Pasaku-Vandenyno.jpg","contentUrl":"https:\/\/kidsplay.lt\/wp-content\/uploads\/2025\/11\/WOOPIE-ROYAL-Lele-Lili-Princese-is-Pasaku-Vandenyno.jpg","width":1000,"height":1000,"caption":"WOOPIE ROYAL L\u0117l\u0117 Lili Princes\u0117 i\u0161 Pasak\u0173 Vandenyno"},{"@type":"BreadcrumbList","@id":"https:\/\/kidsplay.lt\/produktas\/woopie-royal-lele-lili-princese-is-pasaku-vandenyno\/#breadcrumb","itemListElement":[{"@type":"ListItem","position":1,"name":"Pagrindinis","item":"https:\/\/kidsplay.lt\/"},{"@type":"ListItem","position":2,"name":"Parduotuv\u0117","item":"https:\/\/kidsplay.lt\/parduotuve\/"},{"@type":"ListItem","position":3,"name":"WOOPIE ROYAL L\u0117l\u0117 Lili Princes\u0117 i\u0161 Pasak\u0173 Vandenyno"}]},{"@type":"WebSite","@id":"https:\/\/kidsplay.lt\/#website","url":"https:\/\/kidsplay.lt\/","name":"B\u0113rnu sp\u0113les.lv","description":"\u012evairios prek\u0117s vaikams","publisher":{"@id":"https:\/\/kidsplay.lt\/#organization"},"alternateName":"Kidsplay","potentialAction":[{"@type":"SearchAction","target":{"@type":"EntryPoint","urlTemplate":"https:\/\/kidsplay.lt\/?s={search_term_string}"},"query-input":{"@type":"PropertyValueSpecification","valueRequired":true,"valueName":"search_term_string"}}],"inLanguage":"lv-LV"},{"@type":"Organization","@id":"https:\/\/kidsplay.lt\/#organization","name":"B\u0113rnu sp\u0113le","url":"https:\/\/kidsplay.lt\/","logo":{"@type":"ImageObject","inLanguage":"lv-LV","@id":"https:\/\/kidsplay.lt\/#\/schema\/logo\/image\/","url":"https:\/\/kidsplay.lt\/wp-content\/uploads\/2023\/07\/kidsplay-logo.png","contentUrl":"https:\/\/kidsplay.lt\/wp-content\/uploads\/2023\/07\/kidsplay-logo.png","width":451,"height":98,"caption":"KidsPlay"},"image":{"@id":"https:\/\/kidsplay.lt\/#\/schema\/logo\/image\/"},"sameAs":["https:\/\/www.facebook.com\/www.kidsplay.lt"]}]}},"_links":{"self":[{"href":"https:\/\/kidsplay.lt\/lv\/wp-json\/wp\/v2\/product\/79724","targetHints":{"allow":["GET"]}}],"collection":[{"href":"https:\/\/kidsplay.lt\/lv\/wp-json\/wp\/v2\/product"}],"about":[{"href":"https:\/\/kidsplay.lt\/lv\/wp-json\/wp\/v2\/types\/product"}],"version-history":[{"count":1,"href":"https:\/\/kidsplay.lt\/lv\/wp-json\/wp\/v2\/product\/79724\/revisions"}],"predecessor-version":[{"id":79725,"href":"https:\/\/kidsplay.lt\/lv\/wp-json\/wp\/v2\/product\/79724\/revisions\/79725"}],"wp:featuredmedia":[{"embeddable":true,"href":"https:\/\/kidsplay.lt\/lv\/wp-json\/wp\/v2\/media\/79726"}],"wp:attachment":[{"href":"https:\/\/kidsplay.lt\/lv\/wp-json\/wp\/v2\/media?parent=79724"}],"wp:term":[{"taxonomy":"product_brand","embeddable":true,"href":"https:\/\/kidsplay.lt\/lv\/wp-json\/wp\/v2\/product_brand?post=79724"},{"taxonomy":"product_cat","embeddable":true,"href":"https:\/\/kidsplay.lt\/lv\/wp-json\/wp\/v2\/product_cat?post=79724"},{"taxonomy":"product_tag","embeddable":true,"href":"https:\/\/kidsplay.lt\/lv\/wp-json\/wp\/v2\/product_tag?post=79724"}],"curies":[{"name":"wp","href":"https:\/\/api.w.org\/{rel}","templated":true}]}}