{"id":79741,"date":"2025-11-06T15:37:17","date_gmt":"2025-11-06T13:37:17","guid":{"rendered":"https:\/\/kidsplay.lt\/produktas\/viga-patogi-medine-bites-delione\/"},"modified":"2026-04-07T11:27:06","modified_gmt":"2026-04-07T08:27:06","slug":"viga-patogi-medine-bites-delione","status":"publish","type":"product","link":"https:\/\/kidsplay.lt\/lv\/products\/viga-patogi-medine-bites-delione\/","title":{"rendered":"VIGA Praktiska koka bites puzle"},"content":{"rendered":"<p>Medin\u0117 \u201eViga\u201c\u00a0\u00a0d\u0117lion\u0117\u00a0\u00a0\u00a012 m\u0117nesi\u0173 ir vyresniems\u00a0\u00a0vaikams\u00a0yra idealus sprendimas tiek namams, tiek ikimokyklinio am\u017eiaus vaikams. J\u0105 sudaro lenta ir keturios temin\u0117s detal\u0117s, kurias reikia prie jos pritvirtinti. Ant medinio pagrindo u\u017ed\u0117tas i\u0161 anksto nupie\u0161tas paveiksl\u0117lis, tod\u0117l vaikams lengviau suderinti detales. Visa d\u0117lion\u0117 pagaminta i\u0161 med\u017eio ir nuda\u017eyta\u00a0\u00a0vaikams saugiais\u00a0\u00a0ry\u0161ki\u0173 spalv\u0173 da\u017eais, kurie prad\u017eiugins kiekvien\u0105 vartotoj\u0105 ir\u00a0\u00a0suteiks daug d\u017eiaugsmo.<\/p>\n<p>Rakstur\u012bgs:<\/p>\n<p>&#8211;\u00a0\u00a04 bit\u0117s d\u0117lion\u0117s detal\u0117s,<br \/>\n&#8211; rinkin\u012f sudaro:\u00a0\u00a0lenta\u00a0\u00a0su pie\u0161iniu ir\u00a0\u00a04 d\u0117lion\u0117s detal\u0117s,<br \/>\n&#8211; kai visi fragmentai bus sud\u0117ti \u012f tinkamas vietas, gausime vis\u0105 vaizd\u0105,<br \/>\n&#8211; \u017eaislas\u00a0\u00a0neturi a\u0161tri\u0173 briaun\u0173\u00a0\u00a0ir yra pagamintas i\u0161 auk\u0161\u010diausios kokyb\u0117s med\u017eiag\u0173,\u00a0\u00a0saugi\u0173 vaikams ir aplinkai,<br \/>\n&#8211; da\u017eyta netoksi\u0161kais da\u017eais.<\/p>\n<p>Rota\u013clieta att\u012bst\u0101s:<\/p>\n<p>&#8211; vaizduot\u0117,<br \/>\n\u2013 roku darba prasmes,<br \/>\n&#8211; kognityviniai geb\u0117jimai,<br \/>\n&#8211; geb\u0117jimas logi\u0161kai m\u0105styti.<\/p>","protected":false},"excerpt":{"rendered":"<p>Medin\u0117 \u201eViga\u201c\u00a0\u00a0d\u0117lion\u0117\u00a0\u00a0\u00a012 m\u0117nesi\u0173 ir vyresniems\u00a0\u00a0vaikams\u00a0yra idealus sprendimas tiek namams, tiek ikimokyklinio am\u017eiaus vaikams. J\u0105 sudaro lenta ir keturios temin\u0117s detal\u0117s,<\/p>","protected":false},"featured_media":79743,"template":"","meta":{"_acf_changed":false,"_glsr_average":0,"_glsr_ranking":0,"_glsr_reviews":0},"product_brand":[],"product_cat":[72,397,883,229],"product_tag":[],"class_list":{"0":"post-79741","1":"product","2":"type-product","3":"status-publish","4":"has-post-thumbnail","6":"product_cat-ispardavimas","7":"product_cat-medines-deliones-mediniai-zaislai","8":"product_cat-mediniai-zaislai-2","9":"product_cat-zaislai-vaikams","10":"\"style=\"background-color: #2ecc711c;\"","12":"first","13":"instock","14":"sale","15":"purchasable","16":"product-type-simple"},"acf":[],"yoast_head":"<!-- This site is optimized with the Yoast SEO plugin v27.4 - https:\/\/yoast.com\/product\/yoast-seo-wordpress\/ -->\n<title>VIGA Patogi medin\u0117 bit\u0117s d\u0117lion\u0117<\/title>\n<meta name=\"description\" content=\"VIGA Patogi medin\u0117 bit\u0117s d\u0117lion\u0117 - KidsPlay. Did\u017eiausias vaik\u0173 \u017eaisl\u0173 pasirinkimas.\" \/>\n<meta name=\"robots\" content=\"index, follow, max-snippet:-1, max-image-preview:large, max-video-preview:-1\" \/>\n<link rel=\"canonical\" href=\"https:\/\/kidsplay.lt\/lv\/products\/viga-patogi-medine-bites-delione\/\" \/>\n<meta property=\"og:locale\" content=\"lv_LV\" \/>\n<meta property=\"og:type\" content=\"article\" \/>\n<meta property=\"og:title\" content=\"VIGA Patogi medin\u0117 bit\u0117s d\u0117lion\u0117\" \/>\n<meta property=\"og:description\" content=\"VIGA Patogi medin\u0117 bit\u0117s d\u0117lion\u0117 - KidsPlay. Did\u017eiausias vaik\u0173 \u017eaisl\u0173 pasirinkimas.\" \/>\n<meta property=\"og:url\" content=\"https:\/\/kidsplay.lt\/lv\/products\/viga-patogi-medine-bites-delione\/\" \/>\n<meta property=\"og:site_name\" content=\"KidsPlay\" \/>\n<meta property=\"article:publisher\" content=\"https:\/\/www.facebook.com\/www.kidsplay.lt\" \/>\n<meta property=\"article:modified_time\" content=\"2026-04-07T08:27:06+00:00\" \/>\n<meta property=\"og:image\" content=\"https:\/\/kidsplay.lt\/wp-content\/uploads\/2025\/11\/VIGA-Patogi-medine-bites-delione.jpg\" \/>\n\t<meta property=\"og:image:width\" content=\"1803\" \/>\n\t<meta property=\"og:image:height\" content=\"1803\" \/>\n\t<meta property=\"og:image:type\" content=\"image\/jpeg\" \/>\n<meta name=\"twitter:card\" content=\"summary_large_image\" \/>\n<meta name=\"twitter:label1\" content=\"Est. reading time\" \/>\n\t<meta name=\"twitter:data1\" content=\"1 min\u016bte\" \/>\n<script type=\"application\/ld+json\" class=\"yoast-schema-graph\">{\"@context\":\"https:\\\/\\\/schema.org\",\"@graph\":[{\"@type\":\"WebPage\",\"@id\":\"https:\\\/\\\/kidsplay.lt\\\/produktas\\\/viga-patogi-medine-bites-delione\\\/\",\"url\":\"https:\\\/\\\/kidsplay.lt\\\/produktas\\\/viga-patogi-medine-bites-delione\\\/\",\"name\":\"VIGA Patogi medin\u0117 bit\u0117s d\u0117lion\u0117\",\"isPartOf\":{\"@id\":\"https:\\\/\\\/kidsplay.lt\\\/#website\"},\"primaryImageOfPage\":{\"@id\":\"https:\\\/\\\/kidsplay.lt\\\/produktas\\\/viga-patogi-medine-bites-delione\\\/#primaryimage\"},\"image\":{\"@id\":\"https:\\\/\\\/kidsplay.lt\\\/produktas\\\/viga-patogi-medine-bites-delione\\\/#primaryimage\"},\"thumbnailUrl\":\"https:\\\/\\\/kidsplay.lt\\\/wp-content\\\/uploads\\\/2025\\\/11\\\/VIGA-Patogi-medine-bites-delione.jpg\",\"datePublished\":\"2025-11-06T13:37:17+00:00\",\"dateModified\":\"2026-04-07T08:27:06+00:00\",\"description\":\"VIGA Patogi medin\u0117 bit\u0117s d\u0117lion\u0117 - KidsPlay. Did\u017eiausias vaik\u0173 \u017eaisl\u0173 pasirinkimas.\",\"breadcrumb\":{\"@id\":\"https:\\\/\\\/kidsplay.lt\\\/produktas\\\/viga-patogi-medine-bites-delione\\\/#breadcrumb\"},\"inLanguage\":\"lv-LV\",\"potentialAction\":[{\"@type\":\"ReadAction\",\"target\":[\"https:\\\/\\\/kidsplay.lt\\\/produktas\\\/viga-patogi-medine-bites-delione\\\/\"]}]},{\"@type\":\"ImageObject\",\"inLanguage\":\"lv-LV\",\"@id\":\"https:\\\/\\\/kidsplay.lt\\\/produktas\\\/viga-patogi-medine-bites-delione\\\/#primaryimage\",\"url\":\"https:\\\/\\\/kidsplay.lt\\\/wp-content\\\/uploads\\\/2025\\\/11\\\/VIGA-Patogi-medine-bites-delione.jpg\",\"contentUrl\":\"https:\\\/\\\/kidsplay.lt\\\/wp-content\\\/uploads\\\/2025\\\/11\\\/VIGA-Patogi-medine-bites-delione.jpg\",\"width\":1803,\"height\":1803,\"caption\":\"VIGA Patogi medin\u0117 bit\u0117s d\u0117lion\u0117\"},{\"@type\":\"BreadcrumbList\",\"@id\":\"https:\\\/\\\/kidsplay.lt\\\/produktas\\\/viga-patogi-medine-bites-delione\\\/#breadcrumb\",\"itemListElement\":[{\"@type\":\"ListItem\",\"position\":1,\"name\":\"Pagrindinis\",\"item\":\"https:\\\/\\\/kidsplay.lt\\\/\"},{\"@type\":\"ListItem\",\"position\":2,\"name\":\"Parduotuv\u0117\",\"item\":\"https:\\\/\\\/kidsplay.lt\\\/parduotuve\\\/\"},{\"@type\":\"ListItem\",\"position\":3,\"name\":\"VIGA Patogi medin\u0117 bit\u0117s d\u0117lion\u0117\"}]},{\"@type\":\"WebSite\",\"@id\":\"https:\\\/\\\/kidsplay.lt\\\/#website\",\"url\":\"https:\\\/\\\/kidsplay.lt\\\/\",\"name\":\"Kidsplay.lt\",\"description\":\"\u012evairios prek\u0117s vaikams\",\"publisher\":{\"@id\":\"https:\\\/\\\/kidsplay.lt\\\/#organization\"},\"alternateName\":\"Kidsplay\",\"potentialAction\":[{\"@type\":\"SearchAction\",\"target\":{\"@type\":\"EntryPoint\",\"urlTemplate\":\"https:\\\/\\\/kidsplay.lt\\\/?s={search_term_string}\"},\"query-input\":{\"@type\":\"PropertyValueSpecification\",\"valueRequired\":true,\"valueName\":\"search_term_string\"}}],\"inLanguage\":\"lv-LV\"},{\"@type\":\"Organization\",\"@id\":\"https:\\\/\\\/kidsplay.lt\\\/#organization\",\"name\":\"KidsPlay\",\"url\":\"https:\\\/\\\/kidsplay.lt\\\/\",\"logo\":{\"@type\":\"ImageObject\",\"inLanguage\":\"lv-LV\",\"@id\":\"https:\\\/\\\/kidsplay.lt\\\/#\\\/schema\\\/logo\\\/image\\\/\",\"url\":\"https:\\\/\\\/kidsplay.lt\\\/wp-content\\\/uploads\\\/2023\\\/07\\\/kidsplay-logo.png\",\"contentUrl\":\"https:\\\/\\\/kidsplay.lt\\\/wp-content\\\/uploads\\\/2023\\\/07\\\/kidsplay-logo.png\",\"width\":451,\"height\":98,\"caption\":\"KidsPlay\"},\"image\":{\"@id\":\"https:\\\/\\\/kidsplay.lt\\\/#\\\/schema\\\/logo\\\/image\\\/\"},\"sameAs\":[\"https:\\\/\\\/www.facebook.com\\\/www.kidsplay.lt\"]}]}<\/script>\n<!-- \/ Yoast SEO plugin. -->","yoast_head_json":{"title":"VIGA Praktiska koka bites puzle","description":"VIGA Patogi medin\u0117 bit\u0117s d\u0117lion\u0117 - KidsPlay. Did\u017eiausias vaik\u0173 \u017eaisl\u0173 pasirinkimas.","robots":{"index":"index","follow":"follow","max-snippet":"max-snippet:-1","max-image-preview":"max-image-preview:large","max-video-preview":"max-video-preview:-1"},"canonical":"https:\/\/kidsplay.lt\/lv\/products\/viga-patogi-medine-bites-delione\/","og_locale":"lv_LV","og_type":"article","og_title":"VIGA Patogi medin\u0117 bit\u0117s d\u0117lion\u0117","og_description":"VIGA Patogi medin\u0117 bit\u0117s d\u0117lion\u0117 - KidsPlay. Did\u017eiausias vaik\u0173 \u017eaisl\u0173 pasirinkimas.","og_url":"https:\/\/kidsplay.lt\/lv\/products\/viga-patogi-medine-bites-delione\/","og_site_name":"KidsPlay","article_publisher":"https:\/\/www.facebook.com\/www.kidsplay.lt","article_modified_time":"2026-04-07T08:27:06+00:00","og_image":[{"width":1803,"height":1803,"url":"https:\/\/kidsplay.lt\/wp-content\/uploads\/2025\/11\/VIGA-Patogi-medine-bites-delione.jpg","type":"image\/jpeg"}],"twitter_card":"summary_large_image","twitter_misc":{"Est. reading time":"1 min\u016bte"},"schema":{"@context":"https:\/\/schema.org","@graph":[{"@type":"WebPage","@id":"https:\/\/kidsplay.lt\/produktas\/viga-patogi-medine-bites-delione\/","url":"https:\/\/kidsplay.lt\/produktas\/viga-patogi-medine-bites-delione\/","name":"VIGA Praktiska koka bites puzle","isPartOf":{"@id":"https:\/\/kidsplay.lt\/#website"},"primaryImageOfPage":{"@id":"https:\/\/kidsplay.lt\/produktas\/viga-patogi-medine-bites-delione\/#primaryimage"},"image":{"@id":"https:\/\/kidsplay.lt\/produktas\/viga-patogi-medine-bites-delione\/#primaryimage"},"thumbnailUrl":"https:\/\/kidsplay.lt\/wp-content\/uploads\/2025\/11\/VIGA-Patogi-medine-bites-delione.jpg","datePublished":"2025-11-06T13:37:17+00:00","dateModified":"2026-04-07T08:27:06+00:00","description":"VIGA Patogi medin\u0117 bit\u0117s d\u0117lion\u0117 - KidsPlay. Did\u017eiausias vaik\u0173 \u017eaisl\u0173 pasirinkimas.","breadcrumb":{"@id":"https:\/\/kidsplay.lt\/produktas\/viga-patogi-medine-bites-delione\/#breadcrumb"},"inLanguage":"lv-LV","potentialAction":[{"@type":"ReadAction","target":["https:\/\/kidsplay.lt\/produktas\/viga-patogi-medine-bites-delione\/"]}]},{"@type":"ImageObject","inLanguage":"lv-LV","@id":"https:\/\/kidsplay.lt\/produktas\/viga-patogi-medine-bites-delione\/#primaryimage","url":"https:\/\/kidsplay.lt\/wp-content\/uploads\/2025\/11\/VIGA-Patogi-medine-bites-delione.jpg","contentUrl":"https:\/\/kidsplay.lt\/wp-content\/uploads\/2025\/11\/VIGA-Patogi-medine-bites-delione.jpg","width":1803,"height":1803,"caption":"VIGA Patogi medin\u0117 bit\u0117s d\u0117lion\u0117"},{"@type":"BreadcrumbList","@id":"https:\/\/kidsplay.lt\/produktas\/viga-patogi-medine-bites-delione\/#breadcrumb","itemListElement":[{"@type":"ListItem","position":1,"name":"Pagrindinis","item":"https:\/\/kidsplay.lt\/"},{"@type":"ListItem","position":2,"name":"Parduotuv\u0117","item":"https:\/\/kidsplay.lt\/parduotuve\/"},{"@type":"ListItem","position":3,"name":"VIGA Patogi medin\u0117 bit\u0117s d\u0117lion\u0117"}]},{"@type":"WebSite","@id":"https:\/\/kidsplay.lt\/#website","url":"https:\/\/kidsplay.lt\/","name":"B\u0113rnu sp\u0113les.lv","description":"\u012evairios prek\u0117s vaikams","publisher":{"@id":"https:\/\/kidsplay.lt\/#organization"},"alternateName":"Kidsplay","potentialAction":[{"@type":"SearchAction","target":{"@type":"EntryPoint","urlTemplate":"https:\/\/kidsplay.lt\/?s={search_term_string}"},"query-input":{"@type":"PropertyValueSpecification","valueRequired":true,"valueName":"search_term_string"}}],"inLanguage":"lv-LV"},{"@type":"Organization","@id":"https:\/\/kidsplay.lt\/#organization","name":"B\u0113rnu sp\u0113le","url":"https:\/\/kidsplay.lt\/","logo":{"@type":"ImageObject","inLanguage":"lv-LV","@id":"https:\/\/kidsplay.lt\/#\/schema\/logo\/image\/","url":"https:\/\/kidsplay.lt\/wp-content\/uploads\/2023\/07\/kidsplay-logo.png","contentUrl":"https:\/\/kidsplay.lt\/wp-content\/uploads\/2023\/07\/kidsplay-logo.png","width":451,"height":98,"caption":"KidsPlay"},"image":{"@id":"https:\/\/kidsplay.lt\/#\/schema\/logo\/image\/"},"sameAs":["https:\/\/www.facebook.com\/www.kidsplay.lt"]}]}},"_links":{"self":[{"href":"https:\/\/kidsplay.lt\/lv\/wp-json\/wp\/v2\/product\/79741","targetHints":{"allow":["GET"]}}],"collection":[{"href":"https:\/\/kidsplay.lt\/lv\/wp-json\/wp\/v2\/product"}],"about":[{"href":"https:\/\/kidsplay.lt\/lv\/wp-json\/wp\/v2\/types\/product"}],"version-history":[{"count":2,"href":"https:\/\/kidsplay.lt\/lv\/wp-json\/wp\/v2\/product\/79741\/revisions"}],"predecessor-version":[{"id":80699,"href":"https:\/\/kidsplay.lt\/lv\/wp-json\/wp\/v2\/product\/79741\/revisions\/80699"}],"wp:featuredmedia":[{"embeddable":true,"href":"https:\/\/kidsplay.lt\/lv\/wp-json\/wp\/v2\/media\/79743"}],"wp:attachment":[{"href":"https:\/\/kidsplay.lt\/lv\/wp-json\/wp\/v2\/media?parent=79741"}],"wp:term":[{"taxonomy":"product_brand","embeddable":true,"href":"https:\/\/kidsplay.lt\/lv\/wp-json\/wp\/v2\/product_brand?post=79741"},{"taxonomy":"product_cat","embeddable":true,"href":"https:\/\/kidsplay.lt\/lv\/wp-json\/wp\/v2\/product_cat?post=79741"},{"taxonomy":"product_tag","embeddable":true,"href":"https:\/\/kidsplay.lt\/lv\/wp-json\/wp\/v2\/product_tag?post=79741"}],"curies":[{"name":"wp","href":"https:\/\/api.w.org\/{rel}","templated":true}]}}