{"id":79746,"date":"2025-11-06T15:45:46","date_gmt":"2025-11-06T13:45:46","guid":{"rendered":"https:\/\/kidsplay.lt\/produktas\/viga-medine-delione-zoologijos-sodui-4-dalys\/"},"modified":"2026-04-07T11:27:06","modified_gmt":"2026-04-07T08:27:06","slug":"viga-medine-delione-zoologijos-sodui-4-dalys","status":"publish","type":"product","link":"https:\/\/kidsplay.lt\/lv\/products\/viga-medine-delione-zoologijos-sodui-4-dalys\/","title":{"rendered":"Viga medin\u0117 d\u0117lion\u0117 zoologijos sodui, 4 dalys"},"content":{"rendered":"<p>Medinis zoologijos sodo d\u0117lion\u0117s \u017eaidimas yra labai smagus ne tik patiems ma\u017eiausiems! \u017daidimo metu mieli\u0173 gyv\u016bn\u0173 paveiksl\u0117liai d\u0117liomi naudojant kubinius kalad\u0117les.<\/p>\n<p>Rakstur\u012bgs:<\/p>\n<p>&#8211; tai puiki pramoga rankini\u0173 \u017eaidim\u0173 gerb\u0117jams,<br \/>\n&#8211; d\u0117lion\u0117s skatins j\u016bs\u0173 vaik\u0105 tyrin\u0117ti pasaul\u012f per \u012fdom\u0173 ir k\u016brybi\u0161k\u0105 \u017eaidim\u0105,<br \/>\n&#8211; \u017eaidimo tikslas yra sud\u0117ti spalvingas d\u0117lion\u0117s detales \u012f atitinkam\u0105 lent\u0105,<br \/>\n&#8211; medinis zoologijos sodo d\u0117lion\u0117s \u017eaidimas yra gra\u017eiai sukurtas ir \u012fdomus \u017eaidimo b\u016bdas ma\u017eiausiems vaikams,<br \/>\n&#8211; kruop\u0161tus darbas ir spalvingi paveiksl\u0117liai skatins vaikus tyrin\u0117ti pasaul\u012f,<br \/>\n&#8211; rinkinyje yra 4 kalad\u0117l\u0117s, kurias galima panaudoti kuriant iki 6 skirting\u0173 iliustracij\u0173,<br \/>\n&#8211; paveiksl\u0117liuose pavaizduotas dramblys, li\u016btas, zebras, tigras, hipopotamas, lokys,<br \/>\n&#8211; \u017daislas pagamintas i\u0161 patvari\u0173 ir ekologi\u0161k\u0173 med\u017eiag\u0173. Visas gaminys nuda\u017eytas vaikams saugiais da\u017eais.<\/p>\n<p>Rota\u013clieta att\u012bst\u0101s:<\/p>\n<p>&#8211; motoriniai \u012fg\u016bd\u017eiai,<br \/>\n&#8211; aki\u0173 ir rank\u0173 koordinacija,<br \/>\n&#8211; k\u016brybi\u0161kumas.<\/p>","protected":false},"excerpt":{"rendered":"<p>Medinis zoologijos sodo d\u0117lion\u0117s \u017eaidimas yra labai smagus ne tik patiems ma\u017eiausiems! \u017daidimo metu mieli\u0173 gyv\u016bn\u0173 paveiksl\u0117liai d\u0117liomi naudojant kubinius<\/p>","protected":false},"featured_media":79748,"template":"","meta":{"_acf_changed":false,"_glsr_average":0,"_glsr_ranking":0,"_glsr_reviews":0},"product_brand":[],"product_cat":[72,397,883,229],"product_tag":[],"class_list":{"0":"post-79746","1":"product","2":"type-product","3":"status-publish","4":"has-post-thumbnail","6":"product_cat-ispardavimas","7":"product_cat-medines-deliones-mediniai-zaislai","8":"product_cat-mediniai-zaislai-2","9":"product_cat-zaislai-vaikams","10":"\"style=\"background-color: #2ecc711c;\"","12":"first","13":"instock","14":"sale","15":"purchasable","16":"product-type-simple"},"acf":[],"yoast_head":"<!-- This site is optimized with the Yoast SEO plugin v27.3 - https:\/\/yoast.com\/product\/yoast-seo-wordpress\/ -->\n<title>Viga medin\u0117 d\u0117lion\u0117 zoologijos sodui, 4 dalys<\/title>\n<meta name=\"description\" content=\"Viga medin\u0117 d\u0117lion\u0117 zoologijos sodui, 4 dalys - KidsPlay. Did\u017eiausias vaik\u0173 \u017eaisl\u0173 pasirinkimas.\" \/>\n<meta name=\"robots\" content=\"index, follow, max-snippet:-1, max-image-preview:large, max-video-preview:-1\" \/>\n<link rel=\"canonical\" href=\"https:\/\/kidsplay.lt\/lv\/products\/viga-medine-delione-zoologijos-sodui-4-dalys\/\" \/>\n<meta property=\"og:locale\" content=\"lv_LV\" \/>\n<meta property=\"og:type\" content=\"article\" \/>\n<meta property=\"og:title\" content=\"Viga medin\u0117 d\u0117lion\u0117 zoologijos sodui, 4 dalys\" \/>\n<meta property=\"og:description\" content=\"Viga medin\u0117 d\u0117lion\u0117 zoologijos sodui, 4 dalys - KidsPlay. Did\u017eiausias vaik\u0173 \u017eaisl\u0173 pasirinkimas.\" \/>\n<meta property=\"og:url\" content=\"https:\/\/kidsplay.lt\/lv\/products\/viga-medine-delione-zoologijos-sodui-4-dalys\/\" \/>\n<meta property=\"og:site_name\" content=\"KidsPlay\" \/>\n<meta property=\"article:publisher\" content=\"https:\/\/www.facebook.com\/www.kidsplay.lt\" \/>\n<meta property=\"article:modified_time\" content=\"2026-04-07T08:27:06+00:00\" \/>\n<meta property=\"og:image\" content=\"https:\/\/kidsplay.lt\/wp-content\/uploads\/2025\/11\/Viga-medine-delione-zoologijos-sodui-4-dalys.jpg\" \/>\n\t<meta property=\"og:image:width\" content=\"2404\" \/>\n\t<meta property=\"og:image:height\" content=\"2503\" \/>\n\t<meta property=\"og:image:type\" content=\"image\/jpeg\" \/>\n<meta name=\"twitter:card\" content=\"summary_large_image\" \/>\n<meta name=\"twitter:label1\" content=\"Est. reading time\" \/>\n\t<meta name=\"twitter:data1\" content=\"1 min\u016bte\" \/>\n<script type=\"application\/ld+json\" class=\"yoast-schema-graph\">{\"@context\":\"https:\\\/\\\/schema.org\",\"@graph\":[{\"@type\":\"WebPage\",\"@id\":\"https:\\\/\\\/kidsplay.lt\\\/produktas\\\/viga-medine-delione-zoologijos-sodui-4-dalys\\\/\",\"url\":\"https:\\\/\\\/kidsplay.lt\\\/produktas\\\/viga-medine-delione-zoologijos-sodui-4-dalys\\\/\",\"name\":\"Viga medin\u0117 d\u0117lion\u0117 zoologijos sodui, 4 dalys\",\"isPartOf\":{\"@id\":\"https:\\\/\\\/kidsplay.lt\\\/#website\"},\"primaryImageOfPage\":{\"@id\":\"https:\\\/\\\/kidsplay.lt\\\/produktas\\\/viga-medine-delione-zoologijos-sodui-4-dalys\\\/#primaryimage\"},\"image\":{\"@id\":\"https:\\\/\\\/kidsplay.lt\\\/produktas\\\/viga-medine-delione-zoologijos-sodui-4-dalys\\\/#primaryimage\"},\"thumbnailUrl\":\"https:\\\/\\\/kidsplay.lt\\\/wp-content\\\/uploads\\\/2025\\\/11\\\/Viga-medine-delione-zoologijos-sodui-4-dalys.jpg\",\"datePublished\":\"2025-11-06T13:45:46+00:00\",\"dateModified\":\"2026-04-07T08:27:06+00:00\",\"description\":\"Viga medin\u0117 d\u0117lion\u0117 zoologijos sodui, 4 dalys - KidsPlay. Did\u017eiausias vaik\u0173 \u017eaisl\u0173 pasirinkimas.\",\"breadcrumb\":{\"@id\":\"https:\\\/\\\/kidsplay.lt\\\/produktas\\\/viga-medine-delione-zoologijos-sodui-4-dalys\\\/#breadcrumb\"},\"inLanguage\":\"lv-LV\",\"potentialAction\":[{\"@type\":\"ReadAction\",\"target\":[\"https:\\\/\\\/kidsplay.lt\\\/produktas\\\/viga-medine-delione-zoologijos-sodui-4-dalys\\\/\"]}]},{\"@type\":\"ImageObject\",\"inLanguage\":\"lv-LV\",\"@id\":\"https:\\\/\\\/kidsplay.lt\\\/produktas\\\/viga-medine-delione-zoologijos-sodui-4-dalys\\\/#primaryimage\",\"url\":\"https:\\\/\\\/kidsplay.lt\\\/wp-content\\\/uploads\\\/2025\\\/11\\\/Viga-medine-delione-zoologijos-sodui-4-dalys.jpg\",\"contentUrl\":\"https:\\\/\\\/kidsplay.lt\\\/wp-content\\\/uploads\\\/2025\\\/11\\\/Viga-medine-delione-zoologijos-sodui-4-dalys.jpg\",\"width\":2404,\"height\":2503,\"caption\":\"Viga medin\u0117 d\u0117lion\u0117 zoologijos sodui\"},{\"@type\":\"BreadcrumbList\",\"@id\":\"https:\\\/\\\/kidsplay.lt\\\/produktas\\\/viga-medine-delione-zoologijos-sodui-4-dalys\\\/#breadcrumb\",\"itemListElement\":[{\"@type\":\"ListItem\",\"position\":1,\"name\":\"Pagrindinis\",\"item\":\"https:\\\/\\\/kidsplay.lt\\\/\"},{\"@type\":\"ListItem\",\"position\":2,\"name\":\"Parduotuv\u0117\",\"item\":\"https:\\\/\\\/kidsplay.lt\\\/parduotuve\\\/\"},{\"@type\":\"ListItem\",\"position\":3,\"name\":\"Viga medin\u0117 d\u0117lion\u0117 zoologijos sodui, 4 dalys\"}]},{\"@type\":\"WebSite\",\"@id\":\"https:\\\/\\\/kidsplay.lt\\\/#website\",\"url\":\"https:\\\/\\\/kidsplay.lt\\\/\",\"name\":\"Kidsplay.lt\",\"description\":\"\u012evairios prek\u0117s vaikams\",\"publisher\":{\"@id\":\"https:\\\/\\\/kidsplay.lt\\\/#organization\"},\"alternateName\":\"Kidsplay\",\"potentialAction\":[{\"@type\":\"SearchAction\",\"target\":{\"@type\":\"EntryPoint\",\"urlTemplate\":\"https:\\\/\\\/kidsplay.lt\\\/?s={search_term_string}\"},\"query-input\":{\"@type\":\"PropertyValueSpecification\",\"valueRequired\":true,\"valueName\":\"search_term_string\"}}],\"inLanguage\":\"lv-LV\"},{\"@type\":\"Organization\",\"@id\":\"https:\\\/\\\/kidsplay.lt\\\/#organization\",\"name\":\"KidsPlay\",\"url\":\"https:\\\/\\\/kidsplay.lt\\\/\",\"logo\":{\"@type\":\"ImageObject\",\"inLanguage\":\"lv-LV\",\"@id\":\"https:\\\/\\\/kidsplay.lt\\\/#\\\/schema\\\/logo\\\/image\\\/\",\"url\":\"https:\\\/\\\/kidsplay.lt\\\/wp-content\\\/uploads\\\/2023\\\/07\\\/kidsplay-logo.png\",\"contentUrl\":\"https:\\\/\\\/kidsplay.lt\\\/wp-content\\\/uploads\\\/2023\\\/07\\\/kidsplay-logo.png\",\"width\":451,\"height\":98,\"caption\":\"KidsPlay\"},\"image\":{\"@id\":\"https:\\\/\\\/kidsplay.lt\\\/#\\\/schema\\\/logo\\\/image\\\/\"},\"sameAs\":[\"https:\\\/\\\/www.facebook.com\\\/www.kidsplay.lt\"]}]}<\/script>\n<!-- \/ Yoast SEO plugin. -->","yoast_head_json":{"title":"Viga medin\u0117 d\u0117lion\u0117 zoologijos sodui, 4 dalys","description":"Viga medin\u0117 d\u0117lion\u0117 zoologijos sodui, 4 dalys - KidsPlay. Did\u017eiausias vaik\u0173 \u017eaisl\u0173 pasirinkimas.","robots":{"index":"index","follow":"follow","max-snippet":"max-snippet:-1","max-image-preview":"max-image-preview:large","max-video-preview":"max-video-preview:-1"},"canonical":"https:\/\/kidsplay.lt\/lv\/products\/viga-medine-delione-zoologijos-sodui-4-dalys\/","og_locale":"lv_LV","og_type":"article","og_title":"Viga medin\u0117 d\u0117lion\u0117 zoologijos sodui, 4 dalys","og_description":"Viga medin\u0117 d\u0117lion\u0117 zoologijos sodui, 4 dalys - KidsPlay. Did\u017eiausias vaik\u0173 \u017eaisl\u0173 pasirinkimas.","og_url":"https:\/\/kidsplay.lt\/lv\/products\/viga-medine-delione-zoologijos-sodui-4-dalys\/","og_site_name":"KidsPlay","article_publisher":"https:\/\/www.facebook.com\/www.kidsplay.lt","article_modified_time":"2026-04-07T08:27:06+00:00","og_image":[{"width":2404,"height":2503,"url":"https:\/\/kidsplay.lt\/wp-content\/uploads\/2025\/11\/Viga-medine-delione-zoologijos-sodui-4-dalys.jpg","type":"image\/jpeg"}],"twitter_card":"summary_large_image","twitter_misc":{"Est. reading time":"1 min\u016bte"},"schema":{"@context":"https:\/\/schema.org","@graph":[{"@type":"WebPage","@id":"https:\/\/kidsplay.lt\/produktas\/viga-medine-delione-zoologijos-sodui-4-dalys\/","url":"https:\/\/kidsplay.lt\/produktas\/viga-medine-delione-zoologijos-sodui-4-dalys\/","name":"Viga medin\u0117 d\u0117lion\u0117 zoologijos sodui, 4 dalys","isPartOf":{"@id":"https:\/\/kidsplay.lt\/#website"},"primaryImageOfPage":{"@id":"https:\/\/kidsplay.lt\/produktas\/viga-medine-delione-zoologijos-sodui-4-dalys\/#primaryimage"},"image":{"@id":"https:\/\/kidsplay.lt\/produktas\/viga-medine-delione-zoologijos-sodui-4-dalys\/#primaryimage"},"thumbnailUrl":"https:\/\/kidsplay.lt\/wp-content\/uploads\/2025\/11\/Viga-medine-delione-zoologijos-sodui-4-dalys.jpg","datePublished":"2025-11-06T13:45:46+00:00","dateModified":"2026-04-07T08:27:06+00:00","description":"Viga medin\u0117 d\u0117lion\u0117 zoologijos sodui, 4 dalys - KidsPlay. Did\u017eiausias vaik\u0173 \u017eaisl\u0173 pasirinkimas.","breadcrumb":{"@id":"https:\/\/kidsplay.lt\/produktas\/viga-medine-delione-zoologijos-sodui-4-dalys\/#breadcrumb"},"inLanguage":"lv-LV","potentialAction":[{"@type":"ReadAction","target":["https:\/\/kidsplay.lt\/produktas\/viga-medine-delione-zoologijos-sodui-4-dalys\/"]}]},{"@type":"ImageObject","inLanguage":"lv-LV","@id":"https:\/\/kidsplay.lt\/produktas\/viga-medine-delione-zoologijos-sodui-4-dalys\/#primaryimage","url":"https:\/\/kidsplay.lt\/wp-content\/uploads\/2025\/11\/Viga-medine-delione-zoologijos-sodui-4-dalys.jpg","contentUrl":"https:\/\/kidsplay.lt\/wp-content\/uploads\/2025\/11\/Viga-medine-delione-zoologijos-sodui-4-dalys.jpg","width":2404,"height":2503,"caption":"Viga medin\u0117 d\u0117lion\u0117 zoologijos sodui"},{"@type":"BreadcrumbList","@id":"https:\/\/kidsplay.lt\/produktas\/viga-medine-delione-zoologijos-sodui-4-dalys\/#breadcrumb","itemListElement":[{"@type":"ListItem","position":1,"name":"Pagrindinis","item":"https:\/\/kidsplay.lt\/"},{"@type":"ListItem","position":2,"name":"Parduotuv\u0117","item":"https:\/\/kidsplay.lt\/parduotuve\/"},{"@type":"ListItem","position":3,"name":"Viga medin\u0117 d\u0117lion\u0117 zoologijos sodui, 4 dalys"}]},{"@type":"WebSite","@id":"https:\/\/kidsplay.lt\/#website","url":"https:\/\/kidsplay.lt\/","name":"B\u0113rnu sp\u0113les.lv","description":"\u012evairios prek\u0117s vaikams","publisher":{"@id":"https:\/\/kidsplay.lt\/#organization"},"alternateName":"Kidsplay","potentialAction":[{"@type":"SearchAction","target":{"@type":"EntryPoint","urlTemplate":"https:\/\/kidsplay.lt\/?s={search_term_string}"},"query-input":{"@type":"PropertyValueSpecification","valueRequired":true,"valueName":"search_term_string"}}],"inLanguage":"lv-LV"},{"@type":"Organization","@id":"https:\/\/kidsplay.lt\/#organization","name":"B\u0113rnu sp\u0113le","url":"https:\/\/kidsplay.lt\/","logo":{"@type":"ImageObject","inLanguage":"lv-LV","@id":"https:\/\/kidsplay.lt\/#\/schema\/logo\/image\/","url":"https:\/\/kidsplay.lt\/wp-content\/uploads\/2023\/07\/kidsplay-logo.png","contentUrl":"https:\/\/kidsplay.lt\/wp-content\/uploads\/2023\/07\/kidsplay-logo.png","width":451,"height":98,"caption":"KidsPlay"},"image":{"@id":"https:\/\/kidsplay.lt\/#\/schema\/logo\/image\/"},"sameAs":["https:\/\/www.facebook.com\/www.kidsplay.lt"]}]}},"_links":{"self":[{"href":"https:\/\/kidsplay.lt\/lv\/wp-json\/wp\/v2\/product\/79746","targetHints":{"allow":["GET"]}}],"collection":[{"href":"https:\/\/kidsplay.lt\/lv\/wp-json\/wp\/v2\/product"}],"about":[{"href":"https:\/\/kidsplay.lt\/lv\/wp-json\/wp\/v2\/types\/product"}],"version-history":[{"count":2,"href":"https:\/\/kidsplay.lt\/lv\/wp-json\/wp\/v2\/product\/79746\/revisions"}],"predecessor-version":[{"id":80708,"href":"https:\/\/kidsplay.lt\/lv\/wp-json\/wp\/v2\/product\/79746\/revisions\/80708"}],"wp:featuredmedia":[{"embeddable":true,"href":"https:\/\/kidsplay.lt\/lv\/wp-json\/wp\/v2\/media\/79748"}],"wp:attachment":[{"href":"https:\/\/kidsplay.lt\/lv\/wp-json\/wp\/v2\/media?parent=79746"}],"wp:term":[{"taxonomy":"product_brand","embeddable":true,"href":"https:\/\/kidsplay.lt\/lv\/wp-json\/wp\/v2\/product_brand?post=79746"},{"taxonomy":"product_cat","embeddable":true,"href":"https:\/\/kidsplay.lt\/lv\/wp-json\/wp\/v2\/product_cat?post=79746"},{"taxonomy":"product_tag","embeddable":true,"href":"https:\/\/kidsplay.lt\/lv\/wp-json\/wp\/v2\/product_tag?post=79746"}],"curies":[{"name":"wp","href":"https:\/\/api.w.org\/{rel}","templated":true}]}}