{"id":79756,"date":"2025-11-06T16:09:04","date_gmt":"2025-11-06T14:09:04","guid":{"rendered":"https:\/\/kidsplay.lt\/produktas\/woopie-velcro-dartboard-rykliu-arkadinis-zaidimas\/"},"modified":"2026-04-07T10:18:23","modified_gmt":"2026-04-07T07:18:23","slug":"woopie-velcro-dartboard-rykliu-arkadinis-zaidimas","status":"publish","type":"product","link":"https:\/\/kidsplay.lt\/lv\/products\/woopie-velcro-dartboard-rykliu-arkadinis-zaidimas\/","title":{"rendered":"WOOPIE Velcro \u0161autri\u0146u d\u0113lis ar haizivs ark\u0101des sp\u0113le"},"content":{"rendered":"<p>Pasinerkite \u012f jaudinan\u010di\u0173 pramog\u0173 pasaul\u012f su \u017eavinga \u201e\u00a0Woopie \u201c\u00a0ryklio formos smiginio lenta\u00a0!\u00a0\u0160i spalvinga ir linksma smiginio lenta, puikiai tinkanti pakabinti ant sienos, suteiks valand\u0173 valandas aktyvi\u0173 pramog\u0173, lavindama j\u016bs\u0173 vaiko tikslum\u0105 ir koordinacij\u0105. Rinkinyje yra\u00a0kamuoliukai\u00a0su lipdukais\u00a0, kurie\u00a0lengvai prilimpa prie smiginio lentos, tod\u0117l lengva skai\u010diuoti rezultat\u0105. Tai puikus b\u016bdas suderinti pramogas su mokymusi taikytis, be to, ji pasiekiama bet kada ir bet kur!<\/p>\n<p>Rakstur\u012bgs:<\/p>\n<p>&#8211; Vaikams\u00a0nuo 3 met\u0173 am\u017eiaus<br \/>\n&#8211; Patrauklus skydo dizainas, kuris pritraukia vaik\u0173 d\u0117mes\u012f<br \/>\n&#8211; Ta\u0161k\u0173 skydas,\u00a0\u00a0skirtas pa\u012fvairinti var\u017eybas<br \/>\n&#8211; Skydas turi skyl\u0119, tod\u0117l j\u012f lengva pakabinti ant sienos<\/p>\n<p>Komplekt\u0101 ietilpst:<\/p>\n<p>&#8211; Ryklio formos taikinio plok\u0161t\u0117<br \/>\n&#8211; Velcro kamuoliukai (3 vnt.)<br \/>\n&#8211; Lipnus kabliukas skydui pakabinti<\/p>\n<p>Rota\u013clieta att\u012bst\u0101s:<\/p>\n<p>&#8211; Aki\u0173 ir rank\u0173 koordinacija<br \/>\n&#8211; Judesi\u0173 tikslumas ir precizi\u0161kumas<br \/>\n&#8211; Koncentracija ir susikaupimas<br \/>\n&#8211; Motoriniai \u012fg\u016bd\u017eiai<br \/>\n&#8211; Geb\u0117jimas konkuruoti ir \u017eaisti s\u0105\u017einingai<\/p>\n<p>Produkto matmenys:<\/p>\n<p>&#8211; Skydas: apytiksliai 38 x 30 (cm)<br \/>\n&#8211; Kamuolys: apie 3,5 cm (skersmuo)<\/p>","protected":false},"excerpt":{"rendered":"<p>Pasinerkite \u012f jaudinan\u010di\u0173 pramog\u0173 pasaul\u012f su \u017eavinga \u201e\u00a0Woopie \u201c\u00a0ryklio formos smiginio lenta\u00a0!\u00a0\u0160i spalvinga ir linksma smiginio lenta, puikiai tinkanti pakabinti<\/p>","protected":false},"featured_media":79758,"template":"","meta":{"_acf_changed":false,"_glsr_average":0,"_glsr_ranking":0,"_glsr_reviews":0},"product_brand":[],"product_cat":[388,72,229],"product_tag":[],"class_list":{"0":"post-79756","1":"product","2":"type-product","3":"status-publish","4":"has-post-thumbnail","6":"product_cat-edukaciniai-lavinamieji-zaislai","7":"product_cat-ispardavimas","8":"product_cat-zaislai-vaikams","9":"\"style=\"background-color: #2ecc711c;\"","11":"first","12":"instock","13":"sale","14":"purchasable","15":"product-type-simple"},"acf":[],"yoast_head":"<!-- This site is optimized with the Yoast SEO plugin v27.3 - https:\/\/yoast.com\/product\/yoast-seo-wordpress\/ -->\n<title>WOOPIE Velcro dartboard rykli\u0173 arkadinis \u017eaidimas<\/title>\n<meta name=\"description\" content=\"WOOPIE Velcro dartboard rykli\u0173 arkadinis \u017eaidimas - KidsPlay. Did\u017eiausias vaik\u0173 \u017eaisl\u0173 pasirinkimas.\" \/>\n<meta name=\"robots\" content=\"index, follow, max-snippet:-1, max-image-preview:large, max-video-preview:-1\" \/>\n<link rel=\"canonical\" href=\"https:\/\/kidsplay.lt\/lv\/products\/woopie-velcro-dartboard-rykliu-arkadinis-zaidimas\/\" \/>\n<meta property=\"og:locale\" content=\"lv_LV\" \/>\n<meta property=\"og:type\" content=\"article\" \/>\n<meta property=\"og:title\" content=\"WOOPIE Velcro dartboard rykli\u0173 arkadinis \u017eaidimas\" \/>\n<meta property=\"og:description\" content=\"WOOPIE Velcro dartboard rykli\u0173 arkadinis \u017eaidimas - KidsPlay. Did\u017eiausias vaik\u0173 \u017eaisl\u0173 pasirinkimas.\" \/>\n<meta property=\"og:url\" content=\"https:\/\/kidsplay.lt\/lv\/products\/woopie-velcro-dartboard-rykliu-arkadinis-zaidimas\/\" \/>\n<meta property=\"og:site_name\" content=\"KidsPlay\" \/>\n<meta property=\"article:publisher\" content=\"https:\/\/www.facebook.com\/www.kidsplay.lt\" \/>\n<meta property=\"article:modified_time\" content=\"2026-04-07T07:18:23+00:00\" \/>\n<meta property=\"og:image\" content=\"https:\/\/kidsplay.lt\/wp-content\/uploads\/2025\/11\/WOOPIE-Velcro-dartboard-rykliu-arkadinis-zaidimas.jpg\" \/>\n\t<meta property=\"og:image:width\" content=\"1000\" \/>\n\t<meta property=\"og:image:height\" content=\"1000\" \/>\n\t<meta property=\"og:image:type\" content=\"image\/jpeg\" \/>\n<meta name=\"twitter:card\" content=\"summary_large_image\" \/>\n<meta name=\"twitter:label1\" content=\"Est. reading time\" \/>\n\t<meta name=\"twitter:data1\" content=\"1 min\u016bte\" \/>\n<script type=\"application\/ld+json\" class=\"yoast-schema-graph\">{\"@context\":\"https:\\\/\\\/schema.org\",\"@graph\":[{\"@type\":\"WebPage\",\"@id\":\"https:\\\/\\\/kidsplay.lt\\\/produktas\\\/woopie-velcro-dartboard-rykliu-arkadinis-zaidimas\\\/\",\"url\":\"https:\\\/\\\/kidsplay.lt\\\/produktas\\\/woopie-velcro-dartboard-rykliu-arkadinis-zaidimas\\\/\",\"name\":\"WOOPIE Velcro dartboard rykli\u0173 arkadinis \u017eaidimas\",\"isPartOf\":{\"@id\":\"https:\\\/\\\/kidsplay.lt\\\/#website\"},\"primaryImageOfPage\":{\"@id\":\"https:\\\/\\\/kidsplay.lt\\\/produktas\\\/woopie-velcro-dartboard-rykliu-arkadinis-zaidimas\\\/#primaryimage\"},\"image\":{\"@id\":\"https:\\\/\\\/kidsplay.lt\\\/produktas\\\/woopie-velcro-dartboard-rykliu-arkadinis-zaidimas\\\/#primaryimage\"},\"thumbnailUrl\":\"https:\\\/\\\/kidsplay.lt\\\/wp-content\\\/uploads\\\/2025\\\/11\\\/WOOPIE-Velcro-dartboard-rykliu-arkadinis-zaidimas.jpg\",\"datePublished\":\"2025-11-06T14:09:04+00:00\",\"dateModified\":\"2026-04-07T07:18:23+00:00\",\"description\":\"WOOPIE Velcro dartboard rykli\u0173 arkadinis \u017eaidimas - KidsPlay. Did\u017eiausias vaik\u0173 \u017eaisl\u0173 pasirinkimas.\",\"breadcrumb\":{\"@id\":\"https:\\\/\\\/kidsplay.lt\\\/produktas\\\/woopie-velcro-dartboard-rykliu-arkadinis-zaidimas\\\/#breadcrumb\"},\"inLanguage\":\"lv-LV\",\"potentialAction\":[{\"@type\":\"ReadAction\",\"target\":[\"https:\\\/\\\/kidsplay.lt\\\/produktas\\\/woopie-velcro-dartboard-rykliu-arkadinis-zaidimas\\\/\"]}]},{\"@type\":\"ImageObject\",\"inLanguage\":\"lv-LV\",\"@id\":\"https:\\\/\\\/kidsplay.lt\\\/produktas\\\/woopie-velcro-dartboard-rykliu-arkadinis-zaidimas\\\/#primaryimage\",\"url\":\"https:\\\/\\\/kidsplay.lt\\\/wp-content\\\/uploads\\\/2025\\\/11\\\/WOOPIE-Velcro-dartboard-rykliu-arkadinis-zaidimas.jpg\",\"contentUrl\":\"https:\\\/\\\/kidsplay.lt\\\/wp-content\\\/uploads\\\/2025\\\/11\\\/WOOPIE-Velcro-dartboard-rykliu-arkadinis-zaidimas.jpg\",\"width\":1000,\"height\":1000,\"caption\":\"WOOPIE Velcro dartboard rykli\u0173 arkadinis \u017eaidimas\"},{\"@type\":\"BreadcrumbList\",\"@id\":\"https:\\\/\\\/kidsplay.lt\\\/produktas\\\/woopie-velcro-dartboard-rykliu-arkadinis-zaidimas\\\/#breadcrumb\",\"itemListElement\":[{\"@type\":\"ListItem\",\"position\":1,\"name\":\"Pagrindinis\",\"item\":\"https:\\\/\\\/kidsplay.lt\\\/\"},{\"@type\":\"ListItem\",\"position\":2,\"name\":\"Parduotuv\u0117\",\"item\":\"https:\\\/\\\/kidsplay.lt\\\/parduotuve\\\/\"},{\"@type\":\"ListItem\",\"position\":3,\"name\":\"WOOPIE Velcro dartboard rykli\u0173 arkadinis \u017eaidimas\"}]},{\"@type\":\"WebSite\",\"@id\":\"https:\\\/\\\/kidsplay.lt\\\/#website\",\"url\":\"https:\\\/\\\/kidsplay.lt\\\/\",\"name\":\"Kidsplay.lt\",\"description\":\"\u012evairios prek\u0117s vaikams\",\"publisher\":{\"@id\":\"https:\\\/\\\/kidsplay.lt\\\/#organization\"},\"alternateName\":\"Kidsplay\",\"potentialAction\":[{\"@type\":\"SearchAction\",\"target\":{\"@type\":\"EntryPoint\",\"urlTemplate\":\"https:\\\/\\\/kidsplay.lt\\\/?s={search_term_string}\"},\"query-input\":{\"@type\":\"PropertyValueSpecification\",\"valueRequired\":true,\"valueName\":\"search_term_string\"}}],\"inLanguage\":\"lv-LV\"},{\"@type\":\"Organization\",\"@id\":\"https:\\\/\\\/kidsplay.lt\\\/#organization\",\"name\":\"KidsPlay\",\"url\":\"https:\\\/\\\/kidsplay.lt\\\/\",\"logo\":{\"@type\":\"ImageObject\",\"inLanguage\":\"lv-LV\",\"@id\":\"https:\\\/\\\/kidsplay.lt\\\/#\\\/schema\\\/logo\\\/image\\\/\",\"url\":\"https:\\\/\\\/kidsplay.lt\\\/wp-content\\\/uploads\\\/2023\\\/07\\\/kidsplay-logo.png\",\"contentUrl\":\"https:\\\/\\\/kidsplay.lt\\\/wp-content\\\/uploads\\\/2023\\\/07\\\/kidsplay-logo.png\",\"width\":451,\"height\":98,\"caption\":\"KidsPlay\"},\"image\":{\"@id\":\"https:\\\/\\\/kidsplay.lt\\\/#\\\/schema\\\/logo\\\/image\\\/\"},\"sameAs\":[\"https:\\\/\\\/www.facebook.com\\\/www.kidsplay.lt\"]}]}<\/script>\n<!-- \/ Yoast SEO plugin. -->","yoast_head_json":{"title":"WOOPIE Velcro \u0161autri\u0146u d\u0113lis ar haizivs ark\u0101des sp\u0113le","description":"WOOPIE Velcro dartboard rykli\u0173 arkadinis \u017eaidimas - KidsPlay. Did\u017eiausias vaik\u0173 \u017eaisl\u0173 pasirinkimas.","robots":{"index":"index","follow":"follow","max-snippet":"max-snippet:-1","max-image-preview":"max-image-preview:large","max-video-preview":"max-video-preview:-1"},"canonical":"https:\/\/kidsplay.lt\/lv\/products\/woopie-velcro-dartboard-rykliu-arkadinis-zaidimas\/","og_locale":"lv_LV","og_type":"article","og_title":"WOOPIE Velcro dartboard rykli\u0173 arkadinis \u017eaidimas","og_description":"WOOPIE Velcro dartboard rykli\u0173 arkadinis \u017eaidimas - KidsPlay. Did\u017eiausias vaik\u0173 \u017eaisl\u0173 pasirinkimas.","og_url":"https:\/\/kidsplay.lt\/lv\/products\/woopie-velcro-dartboard-rykliu-arkadinis-zaidimas\/","og_site_name":"KidsPlay","article_publisher":"https:\/\/www.facebook.com\/www.kidsplay.lt","article_modified_time":"2026-04-07T07:18:23+00:00","og_image":[{"width":1000,"height":1000,"url":"https:\/\/kidsplay.lt\/wp-content\/uploads\/2025\/11\/WOOPIE-Velcro-dartboard-rykliu-arkadinis-zaidimas.jpg","type":"image\/jpeg"}],"twitter_card":"summary_large_image","twitter_misc":{"Est. reading time":"1 min\u016bte"},"schema":{"@context":"https:\/\/schema.org","@graph":[{"@type":"WebPage","@id":"https:\/\/kidsplay.lt\/produktas\/woopie-velcro-dartboard-rykliu-arkadinis-zaidimas\/","url":"https:\/\/kidsplay.lt\/produktas\/woopie-velcro-dartboard-rykliu-arkadinis-zaidimas\/","name":"WOOPIE Velcro \u0161autri\u0146u d\u0113lis ar haizivs ark\u0101des sp\u0113le","isPartOf":{"@id":"https:\/\/kidsplay.lt\/#website"},"primaryImageOfPage":{"@id":"https:\/\/kidsplay.lt\/produktas\/woopie-velcro-dartboard-rykliu-arkadinis-zaidimas\/#primaryimage"},"image":{"@id":"https:\/\/kidsplay.lt\/produktas\/woopie-velcro-dartboard-rykliu-arkadinis-zaidimas\/#primaryimage"},"thumbnailUrl":"https:\/\/kidsplay.lt\/wp-content\/uploads\/2025\/11\/WOOPIE-Velcro-dartboard-rykliu-arkadinis-zaidimas.jpg","datePublished":"2025-11-06T14:09:04+00:00","dateModified":"2026-04-07T07:18:23+00:00","description":"WOOPIE Velcro dartboard rykli\u0173 arkadinis \u017eaidimas - KidsPlay. Did\u017eiausias vaik\u0173 \u017eaisl\u0173 pasirinkimas.","breadcrumb":{"@id":"https:\/\/kidsplay.lt\/produktas\/woopie-velcro-dartboard-rykliu-arkadinis-zaidimas\/#breadcrumb"},"inLanguage":"lv-LV","potentialAction":[{"@type":"ReadAction","target":["https:\/\/kidsplay.lt\/produktas\/woopie-velcro-dartboard-rykliu-arkadinis-zaidimas\/"]}]},{"@type":"ImageObject","inLanguage":"lv-LV","@id":"https:\/\/kidsplay.lt\/produktas\/woopie-velcro-dartboard-rykliu-arkadinis-zaidimas\/#primaryimage","url":"https:\/\/kidsplay.lt\/wp-content\/uploads\/2025\/11\/WOOPIE-Velcro-dartboard-rykliu-arkadinis-zaidimas.jpg","contentUrl":"https:\/\/kidsplay.lt\/wp-content\/uploads\/2025\/11\/WOOPIE-Velcro-dartboard-rykliu-arkadinis-zaidimas.jpg","width":1000,"height":1000,"caption":"WOOPIE Velcro dartboard rykli\u0173 arkadinis \u017eaidimas"},{"@type":"BreadcrumbList","@id":"https:\/\/kidsplay.lt\/produktas\/woopie-velcro-dartboard-rykliu-arkadinis-zaidimas\/#breadcrumb","itemListElement":[{"@type":"ListItem","position":1,"name":"Pagrindinis","item":"https:\/\/kidsplay.lt\/"},{"@type":"ListItem","position":2,"name":"Parduotuv\u0117","item":"https:\/\/kidsplay.lt\/parduotuve\/"},{"@type":"ListItem","position":3,"name":"WOOPIE Velcro dartboard rykli\u0173 arkadinis \u017eaidimas"}]},{"@type":"WebSite","@id":"https:\/\/kidsplay.lt\/#website","url":"https:\/\/kidsplay.lt\/","name":"B\u0113rnu sp\u0113les.lv","description":"\u012evairios prek\u0117s vaikams","publisher":{"@id":"https:\/\/kidsplay.lt\/#organization"},"alternateName":"Kidsplay","potentialAction":[{"@type":"SearchAction","target":{"@type":"EntryPoint","urlTemplate":"https:\/\/kidsplay.lt\/?s={search_term_string}"},"query-input":{"@type":"PropertyValueSpecification","valueRequired":true,"valueName":"search_term_string"}}],"inLanguage":"lv-LV"},{"@type":"Organization","@id":"https:\/\/kidsplay.lt\/#organization","name":"B\u0113rnu sp\u0113le","url":"https:\/\/kidsplay.lt\/","logo":{"@type":"ImageObject","inLanguage":"lv-LV","@id":"https:\/\/kidsplay.lt\/#\/schema\/logo\/image\/","url":"https:\/\/kidsplay.lt\/wp-content\/uploads\/2023\/07\/kidsplay-logo.png","contentUrl":"https:\/\/kidsplay.lt\/wp-content\/uploads\/2023\/07\/kidsplay-logo.png","width":451,"height":98,"caption":"KidsPlay"},"image":{"@id":"https:\/\/kidsplay.lt\/#\/schema\/logo\/image\/"},"sameAs":["https:\/\/www.facebook.com\/www.kidsplay.lt"]}]}},"_links":{"self":[{"href":"https:\/\/kidsplay.lt\/lv\/wp-json\/wp\/v2\/product\/79756","targetHints":{"allow":["GET"]}}],"collection":[{"href":"https:\/\/kidsplay.lt\/lv\/wp-json\/wp\/v2\/product"}],"about":[{"href":"https:\/\/kidsplay.lt\/lv\/wp-json\/wp\/v2\/types\/product"}],"version-history":[{"count":2,"href":"https:\/\/kidsplay.lt\/lv\/wp-json\/wp\/v2\/product\/79756\/revisions"}],"predecessor-version":[{"id":80950,"href":"https:\/\/kidsplay.lt\/lv\/wp-json\/wp\/v2\/product\/79756\/revisions\/80950"}],"wp:featuredmedia":[{"embeddable":true,"href":"https:\/\/kidsplay.lt\/lv\/wp-json\/wp\/v2\/media\/79758"}],"wp:attachment":[{"href":"https:\/\/kidsplay.lt\/lv\/wp-json\/wp\/v2\/media?parent=79756"}],"wp:term":[{"taxonomy":"product_brand","embeddable":true,"href":"https:\/\/kidsplay.lt\/lv\/wp-json\/wp\/v2\/product_brand?post=79756"},{"taxonomy":"product_cat","embeddable":true,"href":"https:\/\/kidsplay.lt\/lv\/wp-json\/wp\/v2\/product_cat?post=79756"},{"taxonomy":"product_tag","embeddable":true,"href":"https:\/\/kidsplay.lt\/lv\/wp-json\/wp\/v2\/product_tag?post=79756"}],"curies":[{"name":"wp","href":"https:\/\/api.w.org\/{rel}","templated":true}]}}