{"id":79761,"date":"2025-11-06T16:09:20","date_gmt":"2025-11-06T14:09:20","guid":{"rendered":"https:\/\/kidsplay.lt\/produktas\/woopie-velcro-smiginio-raketinis-arkadinis-zaidimas\/"},"modified":"2026-04-13T14:39:24","modified_gmt":"2026-04-13T11:39:24","slug":"woopie-velcro-smiginio-raketinis-arkadinis-zaidimas","status":"publish","type":"product","link":"https:\/\/kidsplay.lt\/lv\/products\/woopie-velcro-smiginio-raketinis-arkadinis-zaidimas\/","title":{"rendered":"WOOPIE Velcro \u0161autri\u0146u ra\u0137e\u0161u ark\u0101des sp\u0113le"},"content":{"rendered":"<p>Pakilkite \u012f kosmos\u0105 su miklumo ir tikslumo prover\u017eiu su \u201eWoopie\u201c kosmin\u0117s raketos taikiniu\u00a0!\u00a0\u0160is\u00a0dinami\u0161kas\u00a0ir spalvingas taikinys yra puikus \u017eaislas ma\u017eiesiems tyrin\u0117tojams ir taikymosi entuziastams. Sukurtas saugiam ir \u012ftraukian\u010diam \u017eaidimui, jis pad\u0117s j\u016bs\u0173 vaikui lavinti\u00a0rank\u0173 ir aki\u0173 koordinacij\u0105\u00a0bei taikymosi \u012fg\u016bd\u017eius namuose ar lauke.\u00a0Kamuoliukai su lipdukais\u00a0lengvai pritvirtinami prie taikinio, tod\u0117l galite m\u0117gautis \u012fdomiomis var\u017eybomis ir \u012fg\u016bd\u017ei\u0173 lavinimo galimyb\u0117mis. Pasiruo\u0161kite pakilti \u012f linksmybi\u0173 galaktik\u0105!<\/p>\n<p>Rakstur\u012bgs:<\/p>\n<p>&#8211; Vaikams\u00a0nuo 3 met\u0173 am\u017eiaus<br \/>\n&#8211;\u00a0\u00a0Patrauklus skydo dizainas, kuris pritraukia vaik\u0173 d\u0117mes\u012f<br \/>\n&#8211; Ta\u0161k\u0173 skai\u010diavimo skydas,\u00a0\u00a0skirtas pa\u012fvairinti var\u017eybas<\/p>\n<p>Komplekt\u0101 ietilpst:<\/p>\n<p>&#8211; Raketos formos taikinio plok\u0161t\u0117<br \/>\n&#8211; Velcro kamuoliukai (3 vnt.)<br \/>\n&#8211; Kabliukas skydui pakabinti<\/p>\n<p>Rota\u013clieta att\u012bst\u0101s:<\/p>\n<p>&#8211; Aki\u0173 ir rank\u0173 koordinacija<br \/>\n&#8211; Judesi\u0173 tikslumas ir precizi\u0161kumas<br \/>\n&#8211; Koncentracija ir susikaupimas<br \/>\n\u2013 Motorisk\u0101s prasmes<br \/>\n&#8211; Geb\u0117jimas konkuruoti ir \u017eaisti s\u0105\u017einingai<\/p>\n<p>Produkta izm\u0113ri:<\/p>\n<p>&#8211; Ciferblatas: apytiksliai 44,5 x 31 (cm)<br \/>\n&#8211; Kamuolys: apie 3,5 cm (skersmuo)<\/p>","protected":false},"excerpt":{"rendered":"<p>Pakilkite \u012f kosmos\u0105 su miklumo ir tikslumo prover\u017eiu su \u201eWoopie\u201c kosmin\u0117s raketos taikiniu\u00a0!\u00a0\u0160is\u00a0dinami\u0161kas\u00a0ir spalvingas taikinys yra puikus \u017eaislas ma\u017eiesiems tyrin\u0117tojams<\/p>","protected":false},"featured_media":79763,"template":"","meta":{"_acf_changed":false,"_glsr_average":0,"_glsr_ranking":0,"_glsr_reviews":0},"product_brand":[],"product_cat":[388,72,229],"product_tag":[],"class_list":{"0":"post-79761","1":"product","2":"type-product","3":"status-publish","4":"has-post-thumbnail","6":"product_cat-edukaciniai-lavinamieji-zaislai","7":"product_cat-ispardavimas","8":"product_cat-zaislai-vaikams","9":"\"style=\"background-color: #2ecc711c;\"","11":"first","12":"instock","13":"sale","14":"purchasable","15":"product-type-simple"},"acf":[],"yoast_head":"<!-- This site is optimized with the Yoast SEO plugin v27.4 - https:\/\/yoast.com\/product\/yoast-seo-wordpress\/ -->\n<title>WOOPIE Velcro smiginio raketinis arkadinis \u017eaidimas<\/title>\n<meta name=\"description\" content=\"WOOPIE Velcro smiginio raketinis arkadinis \u017eaidimas - KidsPlay. Did\u017eiausias vaik\u0173 \u017eaisl\u0173 pasirinkimas.\" \/>\n<meta name=\"robots\" content=\"index, follow, max-snippet:-1, max-image-preview:large, max-video-preview:-1\" \/>\n<link rel=\"canonical\" href=\"https:\/\/kidsplay.lt\/lv\/products\/woopie-velcro-smiginio-raketinis-arkadinis-zaidimas\/\" \/>\n<meta property=\"og:locale\" content=\"lv_LV\" \/>\n<meta property=\"og:type\" content=\"article\" \/>\n<meta property=\"og:title\" content=\"WOOPIE Velcro smiginio raketinis arkadinis \u017eaidimas\" \/>\n<meta property=\"og:description\" content=\"WOOPIE Velcro smiginio raketinis arkadinis \u017eaidimas - KidsPlay. Did\u017eiausias vaik\u0173 \u017eaisl\u0173 pasirinkimas.\" \/>\n<meta property=\"og:url\" content=\"https:\/\/kidsplay.lt\/lv\/products\/woopie-velcro-smiginio-raketinis-arkadinis-zaidimas\/\" \/>\n<meta property=\"og:site_name\" content=\"KidsPlay\" \/>\n<meta property=\"article:publisher\" content=\"https:\/\/www.facebook.com\/www.kidsplay.lt\" \/>\n<meta property=\"article:modified_time\" content=\"2026-04-13T11:39:24+00:00\" \/>\n<meta property=\"og:image\" content=\"https:\/\/kidsplay.lt\/wp-content\/uploads\/2025\/11\/WOOPIE-Velcro-smiginio-raketinis-arkadinis-zaidimas.jpg\" \/>\n\t<meta property=\"og:image:width\" content=\"1000\" \/>\n\t<meta property=\"og:image:height\" content=\"1000\" \/>\n\t<meta property=\"og:image:type\" content=\"image\/jpeg\" \/>\n<meta name=\"twitter:card\" content=\"summary_large_image\" \/>\n<meta name=\"twitter:label1\" content=\"Est. reading time\" \/>\n\t<meta name=\"twitter:data1\" content=\"1 min\u016bte\" \/>\n<script type=\"application\/ld+json\" class=\"yoast-schema-graph\">{\"@context\":\"https:\\\/\\\/schema.org\",\"@graph\":[{\"@type\":\"WebPage\",\"@id\":\"https:\\\/\\\/kidsplay.lt\\\/produktas\\\/woopie-velcro-smiginio-raketinis-arkadinis-zaidimas\\\/\",\"url\":\"https:\\\/\\\/kidsplay.lt\\\/produktas\\\/woopie-velcro-smiginio-raketinis-arkadinis-zaidimas\\\/\",\"name\":\"WOOPIE Velcro smiginio raketinis arkadinis \u017eaidimas\",\"isPartOf\":{\"@id\":\"https:\\\/\\\/kidsplay.lt\\\/#website\"},\"primaryImageOfPage\":{\"@id\":\"https:\\\/\\\/kidsplay.lt\\\/produktas\\\/woopie-velcro-smiginio-raketinis-arkadinis-zaidimas\\\/#primaryimage\"},\"image\":{\"@id\":\"https:\\\/\\\/kidsplay.lt\\\/produktas\\\/woopie-velcro-smiginio-raketinis-arkadinis-zaidimas\\\/#primaryimage\"},\"thumbnailUrl\":\"https:\\\/\\\/kidsplay.lt\\\/wp-content\\\/uploads\\\/2025\\\/11\\\/WOOPIE-Velcro-smiginio-raketinis-arkadinis-zaidimas.jpg\",\"datePublished\":\"2025-11-06T14:09:20+00:00\",\"dateModified\":\"2026-04-13T11:39:24+00:00\",\"description\":\"WOOPIE Velcro smiginio raketinis arkadinis \u017eaidimas - KidsPlay. Did\u017eiausias vaik\u0173 \u017eaisl\u0173 pasirinkimas.\",\"breadcrumb\":{\"@id\":\"https:\\\/\\\/kidsplay.lt\\\/produktas\\\/woopie-velcro-smiginio-raketinis-arkadinis-zaidimas\\\/#breadcrumb\"},\"inLanguage\":\"lv-LV\",\"potentialAction\":[{\"@type\":\"ReadAction\",\"target\":[\"https:\\\/\\\/kidsplay.lt\\\/produktas\\\/woopie-velcro-smiginio-raketinis-arkadinis-zaidimas\\\/\"]}]},{\"@type\":\"ImageObject\",\"inLanguage\":\"lv-LV\",\"@id\":\"https:\\\/\\\/kidsplay.lt\\\/produktas\\\/woopie-velcro-smiginio-raketinis-arkadinis-zaidimas\\\/#primaryimage\",\"url\":\"https:\\\/\\\/kidsplay.lt\\\/wp-content\\\/uploads\\\/2025\\\/11\\\/WOOPIE-Velcro-smiginio-raketinis-arkadinis-zaidimas.jpg\",\"contentUrl\":\"https:\\\/\\\/kidsplay.lt\\\/wp-content\\\/uploads\\\/2025\\\/11\\\/WOOPIE-Velcro-smiginio-raketinis-arkadinis-zaidimas.jpg\",\"width\":1000,\"height\":1000,\"caption\":\"WOOPIE Velcro smiginio raketinis arkadinis \u017eaidimas\"},{\"@type\":\"BreadcrumbList\",\"@id\":\"https:\\\/\\\/kidsplay.lt\\\/produktas\\\/woopie-velcro-smiginio-raketinis-arkadinis-zaidimas\\\/#breadcrumb\",\"itemListElement\":[{\"@type\":\"ListItem\",\"position\":1,\"name\":\"Pagrindinis\",\"item\":\"https:\\\/\\\/kidsplay.lt\\\/\"},{\"@type\":\"ListItem\",\"position\":2,\"name\":\"Parduotuv\u0117\",\"item\":\"https:\\\/\\\/kidsplay.lt\\\/parduotuve\\\/\"},{\"@type\":\"ListItem\",\"position\":3,\"name\":\"WOOPIE Velcro smiginio raketinis arkadinis \u017eaidimas\"}]},{\"@type\":\"WebSite\",\"@id\":\"https:\\\/\\\/kidsplay.lt\\\/#website\",\"url\":\"https:\\\/\\\/kidsplay.lt\\\/\",\"name\":\"Kidsplay.lt\",\"description\":\"\u012evairios prek\u0117s vaikams\",\"publisher\":{\"@id\":\"https:\\\/\\\/kidsplay.lt\\\/#organization\"},\"alternateName\":\"Kidsplay\",\"potentialAction\":[{\"@type\":\"SearchAction\",\"target\":{\"@type\":\"EntryPoint\",\"urlTemplate\":\"https:\\\/\\\/kidsplay.lt\\\/?s={search_term_string}\"},\"query-input\":{\"@type\":\"PropertyValueSpecification\",\"valueRequired\":true,\"valueName\":\"search_term_string\"}}],\"inLanguage\":\"lv-LV\"},{\"@type\":\"Organization\",\"@id\":\"https:\\\/\\\/kidsplay.lt\\\/#organization\",\"name\":\"KidsPlay\",\"url\":\"https:\\\/\\\/kidsplay.lt\\\/\",\"logo\":{\"@type\":\"ImageObject\",\"inLanguage\":\"lv-LV\",\"@id\":\"https:\\\/\\\/kidsplay.lt\\\/#\\\/schema\\\/logo\\\/image\\\/\",\"url\":\"https:\\\/\\\/kidsplay.lt\\\/wp-content\\\/uploads\\\/2023\\\/07\\\/kidsplay-logo.png\",\"contentUrl\":\"https:\\\/\\\/kidsplay.lt\\\/wp-content\\\/uploads\\\/2023\\\/07\\\/kidsplay-logo.png\",\"width\":451,\"height\":98,\"caption\":\"KidsPlay\"},\"image\":{\"@id\":\"https:\\\/\\\/kidsplay.lt\\\/#\\\/schema\\\/logo\\\/image\\\/\"},\"sameAs\":[\"https:\\\/\\\/www.facebook.com\\\/www.kidsplay.lt\"]}]}<\/script>\n<!-- \/ Yoast SEO plugin. -->","yoast_head_json":{"title":"WOOPIE Velcro \u0161autri\u0146u ra\u0137e\u0161u ark\u0101des sp\u0113le","description":"WOOPIE Velcro smiginio raketinis arkadinis \u017eaidimas - KidsPlay. Did\u017eiausias vaik\u0173 \u017eaisl\u0173 pasirinkimas.","robots":{"index":"index","follow":"follow","max-snippet":"max-snippet:-1","max-image-preview":"max-image-preview:large","max-video-preview":"max-video-preview:-1"},"canonical":"https:\/\/kidsplay.lt\/lv\/products\/woopie-velcro-smiginio-raketinis-arkadinis-zaidimas\/","og_locale":"lv_LV","og_type":"article","og_title":"WOOPIE Velcro smiginio raketinis arkadinis \u017eaidimas","og_description":"WOOPIE Velcro smiginio raketinis arkadinis \u017eaidimas - KidsPlay. Did\u017eiausias vaik\u0173 \u017eaisl\u0173 pasirinkimas.","og_url":"https:\/\/kidsplay.lt\/lv\/products\/woopie-velcro-smiginio-raketinis-arkadinis-zaidimas\/","og_site_name":"KidsPlay","article_publisher":"https:\/\/www.facebook.com\/www.kidsplay.lt","article_modified_time":"2026-04-13T11:39:24+00:00","og_image":[{"width":1000,"height":1000,"url":"https:\/\/kidsplay.lt\/wp-content\/uploads\/2025\/11\/WOOPIE-Velcro-smiginio-raketinis-arkadinis-zaidimas.jpg","type":"image\/jpeg"}],"twitter_card":"summary_large_image","twitter_misc":{"Est. reading time":"1 min\u016bte"},"schema":{"@context":"https:\/\/schema.org","@graph":[{"@type":"WebPage","@id":"https:\/\/kidsplay.lt\/produktas\/woopie-velcro-smiginio-raketinis-arkadinis-zaidimas\/","url":"https:\/\/kidsplay.lt\/produktas\/woopie-velcro-smiginio-raketinis-arkadinis-zaidimas\/","name":"WOOPIE Velcro \u0161autri\u0146u ra\u0137e\u0161u ark\u0101des sp\u0113le","isPartOf":{"@id":"https:\/\/kidsplay.lt\/#website"},"primaryImageOfPage":{"@id":"https:\/\/kidsplay.lt\/produktas\/woopie-velcro-smiginio-raketinis-arkadinis-zaidimas\/#primaryimage"},"image":{"@id":"https:\/\/kidsplay.lt\/produktas\/woopie-velcro-smiginio-raketinis-arkadinis-zaidimas\/#primaryimage"},"thumbnailUrl":"https:\/\/kidsplay.lt\/wp-content\/uploads\/2025\/11\/WOOPIE-Velcro-smiginio-raketinis-arkadinis-zaidimas.jpg","datePublished":"2025-11-06T14:09:20+00:00","dateModified":"2026-04-13T11:39:24+00:00","description":"WOOPIE Velcro smiginio raketinis arkadinis \u017eaidimas - KidsPlay. Did\u017eiausias vaik\u0173 \u017eaisl\u0173 pasirinkimas.","breadcrumb":{"@id":"https:\/\/kidsplay.lt\/produktas\/woopie-velcro-smiginio-raketinis-arkadinis-zaidimas\/#breadcrumb"},"inLanguage":"lv-LV","potentialAction":[{"@type":"ReadAction","target":["https:\/\/kidsplay.lt\/produktas\/woopie-velcro-smiginio-raketinis-arkadinis-zaidimas\/"]}]},{"@type":"ImageObject","inLanguage":"lv-LV","@id":"https:\/\/kidsplay.lt\/produktas\/woopie-velcro-smiginio-raketinis-arkadinis-zaidimas\/#primaryimage","url":"https:\/\/kidsplay.lt\/wp-content\/uploads\/2025\/11\/WOOPIE-Velcro-smiginio-raketinis-arkadinis-zaidimas.jpg","contentUrl":"https:\/\/kidsplay.lt\/wp-content\/uploads\/2025\/11\/WOOPIE-Velcro-smiginio-raketinis-arkadinis-zaidimas.jpg","width":1000,"height":1000,"caption":"WOOPIE Velcro smiginio raketinis arkadinis \u017eaidimas"},{"@type":"BreadcrumbList","@id":"https:\/\/kidsplay.lt\/produktas\/woopie-velcro-smiginio-raketinis-arkadinis-zaidimas\/#breadcrumb","itemListElement":[{"@type":"ListItem","position":1,"name":"Pagrindinis","item":"https:\/\/kidsplay.lt\/"},{"@type":"ListItem","position":2,"name":"Parduotuv\u0117","item":"https:\/\/kidsplay.lt\/parduotuve\/"},{"@type":"ListItem","position":3,"name":"WOOPIE Velcro smiginio raketinis arkadinis \u017eaidimas"}]},{"@type":"WebSite","@id":"https:\/\/kidsplay.lt\/#website","url":"https:\/\/kidsplay.lt\/","name":"B\u0113rnu sp\u0113les.lv","description":"\u012evairios prek\u0117s vaikams","publisher":{"@id":"https:\/\/kidsplay.lt\/#organization"},"alternateName":"Kidsplay","potentialAction":[{"@type":"SearchAction","target":{"@type":"EntryPoint","urlTemplate":"https:\/\/kidsplay.lt\/?s={search_term_string}"},"query-input":{"@type":"PropertyValueSpecification","valueRequired":true,"valueName":"search_term_string"}}],"inLanguage":"lv-LV"},{"@type":"Organization","@id":"https:\/\/kidsplay.lt\/#organization","name":"B\u0113rnu sp\u0113le","url":"https:\/\/kidsplay.lt\/","logo":{"@type":"ImageObject","inLanguage":"lv-LV","@id":"https:\/\/kidsplay.lt\/#\/schema\/logo\/image\/","url":"https:\/\/kidsplay.lt\/wp-content\/uploads\/2023\/07\/kidsplay-logo.png","contentUrl":"https:\/\/kidsplay.lt\/wp-content\/uploads\/2023\/07\/kidsplay-logo.png","width":451,"height":98,"caption":"KidsPlay"},"image":{"@id":"https:\/\/kidsplay.lt\/#\/schema\/logo\/image\/"},"sameAs":["https:\/\/www.facebook.com\/www.kidsplay.lt"]}]}},"_links":{"self":[{"href":"https:\/\/kidsplay.lt\/lv\/wp-json\/wp\/v2\/product\/79761","targetHints":{"allow":["GET"]}}],"collection":[{"href":"https:\/\/kidsplay.lt\/lv\/wp-json\/wp\/v2\/product"}],"about":[{"href":"https:\/\/kidsplay.lt\/lv\/wp-json\/wp\/v2\/types\/product"}],"version-history":[{"count":2,"href":"https:\/\/kidsplay.lt\/lv\/wp-json\/wp\/v2\/product\/79761\/revisions"}],"predecessor-version":[{"id":80951,"href":"https:\/\/kidsplay.lt\/lv\/wp-json\/wp\/v2\/product\/79761\/revisions\/80951"}],"wp:featuredmedia":[{"embeddable":true,"href":"https:\/\/kidsplay.lt\/lv\/wp-json\/wp\/v2\/media\/79763"}],"wp:attachment":[{"href":"https:\/\/kidsplay.lt\/lv\/wp-json\/wp\/v2\/media?parent=79761"}],"wp:term":[{"taxonomy":"product_brand","embeddable":true,"href":"https:\/\/kidsplay.lt\/lv\/wp-json\/wp\/v2\/product_brand?post=79761"},{"taxonomy":"product_cat","embeddable":true,"href":"https:\/\/kidsplay.lt\/lv\/wp-json\/wp\/v2\/product_cat?post=79761"},{"taxonomy":"product_tag","embeddable":true,"href":"https:\/\/kidsplay.lt\/lv\/wp-json\/wp\/v2\/product_tag?post=79761"}],"curies":[{"name":"wp","href":"https:\/\/api.w.org\/{rel}","templated":true}]}}