{"id":79771,"date":"2025-11-06T16:18:51","date_gmt":"2025-11-06T14:18:51","guid":{"rendered":"https:\/\/kidsplay.lt\/produktas\/viga-kudikio-pirmasis-medinis-deliones-meskiukas\/"},"modified":"2026-04-13T13:44:23","modified_gmt":"2026-04-13T10:44:23","slug":"viga-kudikio-pirmasis-medinis-deliones-meskiukas","status":"publish","type":"product","link":"https:\/\/kidsplay.lt\/lv\/products\/viga-kudikio-pirmasis-medinis-deliones-meskiukas\/","title":{"rendered":"VIGA mazu\u013ca pirmais koka puzles l\u0101c\u012btis"},"content":{"rendered":"<p>\u0160i medin\u0117 mini d\u0117lion\u0117\u00a0\u00a0i\u0161 garsaus \u201eViga\u201c prek\u0117s \u017eenklo\u00a0\u00a0puikiai tinka vaikams, tiek \u017eaisti namuose, tiek ikimokyklinio am\u017eiaus vaikams. D\u0117lion\u0119 sudaro\u00a0\u00a0keturios\u00a0\u00a0detal\u0117s\u00a0, kurios kartu sudaro\u00a0\u00a0me\u0161kiuk\u0105\u00a0. Medinis pagrindas yra \u012fdub\u0119s, kad atitikt\u0173 spalvingas d\u0117lion\u0117s detales.<\/p>\n<p>Rakstur\u012bgs:<\/p>\n<p>&#8211; sud\u0117liojus visus elementus ant pagrindo, vaikas gaus\u00a0\u00a0me\u0161kiuko paveiksl\u0117l\u012f,<br \/>\n&#8211; rinkin\u012f sudaro\u00a0\u00a04 elementai,<br \/>\n&#8211;\u00a0\u00a0visa eil\u0117 galvos\u016bki\u0173, kuriuos reikia surinkti,<br \/>\n&#8211; \u017eaislas\u00a0\u00a0neturi a\u0161tri\u0173 briaun\u0173\u00a0\u00a0ir yra pagamintas i\u0161 auk\u0161\u010diausios kokyb\u0117s med\u017eiag\u0173,\u00a0\u00a0saugi\u0173 vaikams ir aplinkai,<br \/>\n&#8211; da\u017eyta\u00a0\u00a0netoksi\u0161kais da\u017eais.<\/p>\n<p>Rota\u013clieta att\u012bst\u0101s:<\/p>\n<p>&#8211; vaizduot\u0117,<br \/>\n&#8211; aki\u0173 ir rank\u0173 koordinacija,<br \/>\n&#8211; formos atpa\u017einimas,<br \/>\n\u2013 roku darba prasmes,<br \/>\n&#8211; kognityviniai geb\u0117jimai,<br \/>\n&#8211; geb\u0117jimas logi\u0161kai m\u0105styti.<\/p>\n<p>\u201eViga\u201c\u00a0\u00a0\u2013 tai prek\u0117s \u017eenklas, \u012fregistruotas 2003 m. ir jau atstovaujamas daugiau nei 60 pasaulio \u0161ali\u0173. J\u0173 novatori\u0161kos id\u0117jos peln\u0117 pripa\u017einim\u0105 Europoje, JAV, Australijoje, Japonijoje ir kitose \u0161alyse. \u012emon\u0117s \u012fk\u016br\u0117jai atkreip\u0117 d\u0117mes\u012f \u012f tyrim\u0173 rezultatus, \u012frodan\u010dius ry\u0161\u012f tarp \u017eaidimo ir mokymosi ankstyvaisiais vaik\u0173 raidos metais. Siekdamas pad\u0117ti t\u0117vams ir \u0161vietimo \u012fstaigoms auginti vaikus ir apsaugoti juos nuo virtualaus pasaulio, kuris gali gerokai i\u0161kreipti realyb\u0119, gamintojas si\u016blo novatori\u0161k\u0105 gamini\u0173 asortiment\u0105, pagamint\u0105 i\u0161 nat\u016brali\u0173 med\u017eiag\u0173, gaut\u0173 taikant ekologi\u0161kus gamybos procesus. Medini\u0173 gamini\u0173 saugumas ir kokyb\u0117 yra \u201eViga\u201c prioritetas, tod\u0117l gamintojas u\u017etikrina, kad j\u0173 \u017eaislams da\u017eyti naudojami da\u017eai atitikt\u0173 EN71 ir ASTM saugos standartus.<\/p>","protected":false},"excerpt":{"rendered":"<p>\u0160i medin\u0117 mini d\u0117lion\u0117\u00a0\u00a0i\u0161 garsaus \u201eViga\u201c prek\u0117s \u017eenklo\u00a0\u00a0puikiai tinka vaikams, tiek \u017eaisti namuose, tiek ikimokyklinio am\u017eiaus vaikams. D\u0117lion\u0119 sudaro\u00a0\u00a0keturios\u00a0\u00a0detal\u0117s\u00a0, kurios<\/p>","protected":false},"featured_media":79773,"template":"","meta":{"_acf_changed":false,"_glsr_average":0,"_glsr_ranking":0,"_glsr_reviews":0},"product_brand":[],"product_cat":[72,397,883,229],"product_tag":[],"class_list":{"0":"post-79771","1":"product","2":"type-product","3":"status-publish","4":"has-post-thumbnail","6":"product_cat-ispardavimas","7":"product_cat-medines-deliones-mediniai-zaislai","8":"product_cat-mediniai-zaislai-2","9":"product_cat-zaislai-vaikams","10":"\"style=\"background-color: #2ecc711c;\"","12":"first","13":"instock","14":"sale","15":"purchasable","16":"product-type-simple"},"acf":[],"yoast_head":"<!-- This site is optimized with the Yoast SEO plugin v27.4 - https:\/\/yoast.com\/product\/yoast-seo-wordpress\/ -->\n<title>VIGA k\u016bdikio pirmasis medinis d\u0117lion\u0117s me\u0161kiukas<\/title>\n<meta name=\"description\" content=\"VIGA k\u016bdikio pirmasis medinis d\u0117lion\u0117s me\u0161kiukas - KidsPlay. Did\u017eiausias vaik\u0173 \u017eaisl\u0173 pasirinkimas.\" \/>\n<meta name=\"robots\" content=\"index, follow, max-snippet:-1, max-image-preview:large, max-video-preview:-1\" \/>\n<link rel=\"canonical\" href=\"https:\/\/kidsplay.lt\/lv\/products\/viga-kudikio-pirmasis-medinis-deliones-meskiukas\/\" \/>\n<meta property=\"og:locale\" content=\"lv_LV\" \/>\n<meta property=\"og:type\" content=\"article\" \/>\n<meta property=\"og:title\" content=\"VIGA k\u016bdikio pirmasis medinis d\u0117lion\u0117s me\u0161kiukas\" \/>\n<meta property=\"og:description\" content=\"VIGA k\u016bdikio pirmasis medinis d\u0117lion\u0117s me\u0161kiukas - KidsPlay. Did\u017eiausias vaik\u0173 \u017eaisl\u0173 pasirinkimas.\" \/>\n<meta property=\"og:url\" content=\"https:\/\/kidsplay.lt\/lv\/products\/viga-kudikio-pirmasis-medinis-deliones-meskiukas\/\" \/>\n<meta property=\"og:site_name\" content=\"KidsPlay\" \/>\n<meta property=\"article:publisher\" content=\"https:\/\/www.facebook.com\/www.kidsplay.lt\" \/>\n<meta property=\"article:modified_time\" content=\"2026-04-13T10:44:23+00:00\" \/>\n<meta property=\"og:image\" content=\"https:\/\/kidsplay.lt\/wp-content\/uploads\/2025\/11\/VIGA-kudikio-pirmasis-medinis-deliones-meskiukas.jpg\" \/>\n\t<meta property=\"og:image:width\" content=\"2560\" \/>\n\t<meta property=\"og:image:height\" content=\"2560\" \/>\n\t<meta property=\"og:image:type\" content=\"image\/jpeg\" \/>\n<meta name=\"twitter:card\" content=\"summary_large_image\" \/>\n<meta name=\"twitter:label1\" content=\"Est. reading time\" \/>\n\t<meta name=\"twitter:data1\" content=\"2 min\u016btes\" \/>\n<script type=\"application\/ld+json\" class=\"yoast-schema-graph\">{\"@context\":\"https:\\\/\\\/schema.org\",\"@graph\":[{\"@type\":\"WebPage\",\"@id\":\"https:\\\/\\\/kidsplay.lt\\\/produktas\\\/viga-kudikio-pirmasis-medinis-deliones-meskiukas\\\/\",\"url\":\"https:\\\/\\\/kidsplay.lt\\\/produktas\\\/viga-kudikio-pirmasis-medinis-deliones-meskiukas\\\/\",\"name\":\"VIGA k\u016bdikio pirmasis medinis d\u0117lion\u0117s me\u0161kiukas\",\"isPartOf\":{\"@id\":\"https:\\\/\\\/kidsplay.lt\\\/#website\"},\"primaryImageOfPage\":{\"@id\":\"https:\\\/\\\/kidsplay.lt\\\/produktas\\\/viga-kudikio-pirmasis-medinis-deliones-meskiukas\\\/#primaryimage\"},\"image\":{\"@id\":\"https:\\\/\\\/kidsplay.lt\\\/produktas\\\/viga-kudikio-pirmasis-medinis-deliones-meskiukas\\\/#primaryimage\"},\"thumbnailUrl\":\"https:\\\/\\\/kidsplay.lt\\\/wp-content\\\/uploads\\\/2025\\\/11\\\/VIGA-kudikio-pirmasis-medinis-deliones-meskiukas.jpg\",\"datePublished\":\"2025-11-06T14:18:51+00:00\",\"dateModified\":\"2026-04-13T10:44:23+00:00\",\"description\":\"VIGA k\u016bdikio pirmasis medinis d\u0117lion\u0117s me\u0161kiukas - KidsPlay. Did\u017eiausias vaik\u0173 \u017eaisl\u0173 pasirinkimas.\",\"breadcrumb\":{\"@id\":\"https:\\\/\\\/kidsplay.lt\\\/produktas\\\/viga-kudikio-pirmasis-medinis-deliones-meskiukas\\\/#breadcrumb\"},\"inLanguage\":\"lv-LV\",\"potentialAction\":[{\"@type\":\"ReadAction\",\"target\":[\"https:\\\/\\\/kidsplay.lt\\\/produktas\\\/viga-kudikio-pirmasis-medinis-deliones-meskiukas\\\/\"]}]},{\"@type\":\"ImageObject\",\"inLanguage\":\"lv-LV\",\"@id\":\"https:\\\/\\\/kidsplay.lt\\\/produktas\\\/viga-kudikio-pirmasis-medinis-deliones-meskiukas\\\/#primaryimage\",\"url\":\"https:\\\/\\\/kidsplay.lt\\\/wp-content\\\/uploads\\\/2025\\\/11\\\/VIGA-kudikio-pirmasis-medinis-deliones-meskiukas.jpg\",\"contentUrl\":\"https:\\\/\\\/kidsplay.lt\\\/wp-content\\\/uploads\\\/2025\\\/11\\\/VIGA-kudikio-pirmasis-medinis-deliones-meskiukas.jpg\",\"width\":2560,\"height\":2560,\"caption\":\"VIGA k\u016bdikio pirmasis medinis d\u0117lion\u0117s me\u0161kiukas\"},{\"@type\":\"BreadcrumbList\",\"@id\":\"https:\\\/\\\/kidsplay.lt\\\/produktas\\\/viga-kudikio-pirmasis-medinis-deliones-meskiukas\\\/#breadcrumb\",\"itemListElement\":[{\"@type\":\"ListItem\",\"position\":1,\"name\":\"Pagrindinis\",\"item\":\"https:\\\/\\\/kidsplay.lt\\\/\"},{\"@type\":\"ListItem\",\"position\":2,\"name\":\"Parduotuv\u0117\",\"item\":\"https:\\\/\\\/kidsplay.lt\\\/parduotuve\\\/\"},{\"@type\":\"ListItem\",\"position\":3,\"name\":\"VIGA k\u016bdikio pirmasis medinis d\u0117lion\u0117s me\u0161kiukas\"}]},{\"@type\":\"WebSite\",\"@id\":\"https:\\\/\\\/kidsplay.lt\\\/#website\",\"url\":\"https:\\\/\\\/kidsplay.lt\\\/\",\"name\":\"Kidsplay.lt\",\"description\":\"\u012evairios prek\u0117s vaikams\",\"publisher\":{\"@id\":\"https:\\\/\\\/kidsplay.lt\\\/#organization\"},\"alternateName\":\"Kidsplay\",\"potentialAction\":[{\"@type\":\"SearchAction\",\"target\":{\"@type\":\"EntryPoint\",\"urlTemplate\":\"https:\\\/\\\/kidsplay.lt\\\/?s={search_term_string}\"},\"query-input\":{\"@type\":\"PropertyValueSpecification\",\"valueRequired\":true,\"valueName\":\"search_term_string\"}}],\"inLanguage\":\"lv-LV\"},{\"@type\":\"Organization\",\"@id\":\"https:\\\/\\\/kidsplay.lt\\\/#organization\",\"name\":\"KidsPlay\",\"url\":\"https:\\\/\\\/kidsplay.lt\\\/\",\"logo\":{\"@type\":\"ImageObject\",\"inLanguage\":\"lv-LV\",\"@id\":\"https:\\\/\\\/kidsplay.lt\\\/#\\\/schema\\\/logo\\\/image\\\/\",\"url\":\"https:\\\/\\\/kidsplay.lt\\\/wp-content\\\/uploads\\\/2023\\\/07\\\/kidsplay-logo.png\",\"contentUrl\":\"https:\\\/\\\/kidsplay.lt\\\/wp-content\\\/uploads\\\/2023\\\/07\\\/kidsplay-logo.png\",\"width\":451,\"height\":98,\"caption\":\"KidsPlay\"},\"image\":{\"@id\":\"https:\\\/\\\/kidsplay.lt\\\/#\\\/schema\\\/logo\\\/image\\\/\"},\"sameAs\":[\"https:\\\/\\\/www.facebook.com\\\/www.kidsplay.lt\"]}]}<\/script>\n<!-- \/ Yoast SEO plugin. -->","yoast_head_json":{"title":"VIGA mazu\u013ca pirmais koka puzles l\u0101c\u012btis","description":"VIGA k\u016bdikio pirmasis medinis d\u0117lion\u0117s me\u0161kiukas - KidsPlay. Did\u017eiausias vaik\u0173 \u017eaisl\u0173 pasirinkimas.","robots":{"index":"index","follow":"follow","max-snippet":"max-snippet:-1","max-image-preview":"max-image-preview:large","max-video-preview":"max-video-preview:-1"},"canonical":"https:\/\/kidsplay.lt\/lv\/products\/viga-kudikio-pirmasis-medinis-deliones-meskiukas\/","og_locale":"lv_LV","og_type":"article","og_title":"VIGA k\u016bdikio pirmasis medinis d\u0117lion\u0117s me\u0161kiukas","og_description":"VIGA k\u016bdikio pirmasis medinis d\u0117lion\u0117s me\u0161kiukas - KidsPlay. Did\u017eiausias vaik\u0173 \u017eaisl\u0173 pasirinkimas.","og_url":"https:\/\/kidsplay.lt\/lv\/products\/viga-kudikio-pirmasis-medinis-deliones-meskiukas\/","og_site_name":"KidsPlay","article_publisher":"https:\/\/www.facebook.com\/www.kidsplay.lt","article_modified_time":"2026-04-13T10:44:23+00:00","og_image":[{"width":2560,"height":2560,"url":"https:\/\/kidsplay.lt\/wp-content\/uploads\/2025\/11\/VIGA-kudikio-pirmasis-medinis-deliones-meskiukas.jpg","type":"image\/jpeg"}],"twitter_card":"summary_large_image","twitter_misc":{"Est. reading time":"2 min\u016btes"},"schema":{"@context":"https:\/\/schema.org","@graph":[{"@type":"WebPage","@id":"https:\/\/kidsplay.lt\/produktas\/viga-kudikio-pirmasis-medinis-deliones-meskiukas\/","url":"https:\/\/kidsplay.lt\/produktas\/viga-kudikio-pirmasis-medinis-deliones-meskiukas\/","name":"VIGA mazu\u013ca pirmais koka puzles l\u0101c\u012btis","isPartOf":{"@id":"https:\/\/kidsplay.lt\/#website"},"primaryImageOfPage":{"@id":"https:\/\/kidsplay.lt\/produktas\/viga-kudikio-pirmasis-medinis-deliones-meskiukas\/#primaryimage"},"image":{"@id":"https:\/\/kidsplay.lt\/produktas\/viga-kudikio-pirmasis-medinis-deliones-meskiukas\/#primaryimage"},"thumbnailUrl":"https:\/\/kidsplay.lt\/wp-content\/uploads\/2025\/11\/VIGA-kudikio-pirmasis-medinis-deliones-meskiukas.jpg","datePublished":"2025-11-06T14:18:51+00:00","dateModified":"2026-04-13T10:44:23+00:00","description":"VIGA k\u016bdikio pirmasis medinis d\u0117lion\u0117s me\u0161kiukas - KidsPlay. Did\u017eiausias vaik\u0173 \u017eaisl\u0173 pasirinkimas.","breadcrumb":{"@id":"https:\/\/kidsplay.lt\/produktas\/viga-kudikio-pirmasis-medinis-deliones-meskiukas\/#breadcrumb"},"inLanguage":"lv-LV","potentialAction":[{"@type":"ReadAction","target":["https:\/\/kidsplay.lt\/produktas\/viga-kudikio-pirmasis-medinis-deliones-meskiukas\/"]}]},{"@type":"ImageObject","inLanguage":"lv-LV","@id":"https:\/\/kidsplay.lt\/produktas\/viga-kudikio-pirmasis-medinis-deliones-meskiukas\/#primaryimage","url":"https:\/\/kidsplay.lt\/wp-content\/uploads\/2025\/11\/VIGA-kudikio-pirmasis-medinis-deliones-meskiukas.jpg","contentUrl":"https:\/\/kidsplay.lt\/wp-content\/uploads\/2025\/11\/VIGA-kudikio-pirmasis-medinis-deliones-meskiukas.jpg","width":2560,"height":2560,"caption":"VIGA k\u016bdikio pirmasis medinis d\u0117lion\u0117s me\u0161kiukas"},{"@type":"BreadcrumbList","@id":"https:\/\/kidsplay.lt\/produktas\/viga-kudikio-pirmasis-medinis-deliones-meskiukas\/#breadcrumb","itemListElement":[{"@type":"ListItem","position":1,"name":"Pagrindinis","item":"https:\/\/kidsplay.lt\/"},{"@type":"ListItem","position":2,"name":"Parduotuv\u0117","item":"https:\/\/kidsplay.lt\/parduotuve\/"},{"@type":"ListItem","position":3,"name":"VIGA k\u016bdikio pirmasis medinis d\u0117lion\u0117s me\u0161kiukas"}]},{"@type":"WebSite","@id":"https:\/\/kidsplay.lt\/#website","url":"https:\/\/kidsplay.lt\/","name":"B\u0113rnu sp\u0113les.lv","description":"\u012evairios prek\u0117s vaikams","publisher":{"@id":"https:\/\/kidsplay.lt\/#organization"},"alternateName":"Kidsplay","potentialAction":[{"@type":"SearchAction","target":{"@type":"EntryPoint","urlTemplate":"https:\/\/kidsplay.lt\/?s={search_term_string}"},"query-input":{"@type":"PropertyValueSpecification","valueRequired":true,"valueName":"search_term_string"}}],"inLanguage":"lv-LV"},{"@type":"Organization","@id":"https:\/\/kidsplay.lt\/#organization","name":"B\u0113rnu sp\u0113le","url":"https:\/\/kidsplay.lt\/","logo":{"@type":"ImageObject","inLanguage":"lv-LV","@id":"https:\/\/kidsplay.lt\/#\/schema\/logo\/image\/","url":"https:\/\/kidsplay.lt\/wp-content\/uploads\/2023\/07\/kidsplay-logo.png","contentUrl":"https:\/\/kidsplay.lt\/wp-content\/uploads\/2023\/07\/kidsplay-logo.png","width":451,"height":98,"caption":"KidsPlay"},"image":{"@id":"https:\/\/kidsplay.lt\/#\/schema\/logo\/image\/"},"sameAs":["https:\/\/www.facebook.com\/www.kidsplay.lt"]}]}},"_links":{"self":[{"href":"https:\/\/kidsplay.lt\/lv\/wp-json\/wp\/v2\/product\/79771","targetHints":{"allow":["GET"]}}],"collection":[{"href":"https:\/\/kidsplay.lt\/lv\/wp-json\/wp\/v2\/product"}],"about":[{"href":"https:\/\/kidsplay.lt\/lv\/wp-json\/wp\/v2\/types\/product"}],"version-history":[{"count":2,"href":"https:\/\/kidsplay.lt\/lv\/wp-json\/wp\/v2\/product\/79771\/revisions"}],"predecessor-version":[{"id":80694,"href":"https:\/\/kidsplay.lt\/lv\/wp-json\/wp\/v2\/product\/79771\/revisions\/80694"}],"wp:featuredmedia":[{"embeddable":true,"href":"https:\/\/kidsplay.lt\/lv\/wp-json\/wp\/v2\/media\/79773"}],"wp:attachment":[{"href":"https:\/\/kidsplay.lt\/lv\/wp-json\/wp\/v2\/media?parent=79771"}],"wp:term":[{"taxonomy":"product_brand","embeddable":true,"href":"https:\/\/kidsplay.lt\/lv\/wp-json\/wp\/v2\/product_brand?post=79771"},{"taxonomy":"product_cat","embeddable":true,"href":"https:\/\/kidsplay.lt\/lv\/wp-json\/wp\/v2\/product_cat?post=79771"},{"taxonomy":"product_tag","embeddable":true,"href":"https:\/\/kidsplay.lt\/lv\/wp-json\/wp\/v2\/product_tag?post=79771"}],"curies":[{"name":"wp","href":"https:\/\/api.w.org\/{rel}","templated":true}]}}