{"id":79790,"date":"2025-11-06T16:29:29","date_gmt":"2025-11-06T14:29:29","guid":{"rendered":"https:\/\/kidsplay.lt\/produktas\/viga-medinis-loginis-deliones-zaisliukas-meskiukui\/"},"modified":"2026-04-07T11:27:05","modified_gmt":"2026-04-07T08:27:05","slug":"viga-medinis-loginis-deliones-zaisliukas-meskiukui","status":"publish","type":"product","link":"https:\/\/kidsplay.lt\/lv\/products\/viga-medinis-loginis-deliones-zaisliukas-meskiukui\/","title":{"rendered":"VIGA koka lo\u0123ikas puzle rota\u013cu l\u0101c\u012btim"},"content":{"rendered":"<p>D\u0117lion\u0117 leid\u017eia mums surinkti \u0161e\u0161is \u017eavingos me\u0161kiuko mergait\u0117s atvaizdus su skirtingomis nuotaikomis ir drabu\u017eiais. Be to, kad tai labai smagu, \u0161is \u017eaislas lavina rank\u0173 \u012fg\u016bd\u017eius ir login\u012f m\u0105stym\u0105, taip pat moko mus atpa\u017einti emocijas.<\/p>\n<p>Rakstur\u012bgs:<\/p>\n<p>&#8211; rinkinyje yra 18 d\u0117lioni\u0173, i\u0161 kuri\u0173 galite surinkti 6 skirting\u0173 nuotaik\u0173 me\u0161kiuko atvaizdus,<br \/>\n&#8211; D\u0117l d\u0117\u017eut\u0117s visus elementus galima tvarkingai laikyti pasibaigus \u017eaidimui.<\/p>\n<p>Rota\u013clieta att\u012bst\u0101s:<\/p>\n<p>&#8211; rankiniai \u012fg\u016bd\u017eiai,<br \/>\n&#8211; geb\u0117jimas logi\u0161kai m\u0105styti,<br \/>\n&#8211; atpa\u017einti emocijas.<\/p>","protected":false},"excerpt":{"rendered":"<p>D\u0117lion\u0117 leid\u017eia mums surinkti \u0161e\u0161is \u017eavingos me\u0161kiuko mergait\u0117s atvaizdus su skirtingomis nuotaikomis ir drabu\u017eiais. Be to, kad tai labai smagu,<\/p>","protected":false},"featured_media":79792,"template":"","meta":{"_acf_changed":false,"_glsr_average":0,"_glsr_ranking":0,"_glsr_reviews":0},"product_brand":[],"product_cat":[72,397,883,229],"product_tag":[],"class_list":{"0":"post-79790","1":"product","2":"type-product","3":"status-publish","4":"has-post-thumbnail","6":"product_cat-ispardavimas","7":"product_cat-medines-deliones-mediniai-zaislai","8":"product_cat-mediniai-zaislai-2","9":"product_cat-zaislai-vaikams","10":"\"style=\"background-color: #2ecc711c;\"","12":"first","13":"instock","14":"sale","15":"purchasable","16":"product-type-simple"},"acf":[],"yoast_head":"<!-- This site is optimized with the Yoast SEO plugin v27.3 - https:\/\/yoast.com\/product\/yoast-seo-wordpress\/ -->\n<title>VIGA medinis loginis d\u0117lion\u0117s \u017eaisliukas me\u0161kiukui<\/title>\n<meta name=\"description\" content=\"VIGA medinis loginis d\u0117lion\u0117s \u017eaisliukas me\u0161kiukui - KidsPlay. Did\u017eiausias vaik\u0173 \u017eaisl\u0173 pasirinkimas.\" \/>\n<meta name=\"robots\" content=\"index, follow, max-snippet:-1, max-image-preview:large, max-video-preview:-1\" \/>\n<link rel=\"canonical\" href=\"https:\/\/kidsplay.lt\/lv\/products\/viga-medinis-loginis-deliones-zaisliukas-meskiukui\/\" \/>\n<meta property=\"og:locale\" content=\"lv_LV\" \/>\n<meta property=\"og:type\" content=\"article\" \/>\n<meta property=\"og:title\" content=\"VIGA medinis loginis d\u0117lion\u0117s \u017eaisliukas me\u0161kiukui\" \/>\n<meta property=\"og:description\" content=\"VIGA medinis loginis d\u0117lion\u0117s \u017eaisliukas me\u0161kiukui - KidsPlay. Did\u017eiausias vaik\u0173 \u017eaisl\u0173 pasirinkimas.\" \/>\n<meta property=\"og:url\" content=\"https:\/\/kidsplay.lt\/lv\/products\/viga-medinis-loginis-deliones-zaisliukas-meskiukui\/\" \/>\n<meta property=\"og:site_name\" content=\"KidsPlay\" \/>\n<meta property=\"article:publisher\" content=\"https:\/\/www.facebook.com\/www.kidsplay.lt\" \/>\n<meta property=\"article:modified_time\" content=\"2026-04-07T08:27:05+00:00\" \/>\n<meta property=\"og:image\" content=\"https:\/\/kidsplay.lt\/wp-content\/uploads\/2025\/11\/VIGA-medinis-loginis-deliones-zaisliukas-meskiukui.jpg\" \/>\n\t<meta property=\"og:image:width\" content=\"2560\" \/>\n\t<meta property=\"og:image:height\" content=\"2560\" \/>\n\t<meta property=\"og:image:type\" content=\"image\/jpeg\" \/>\n<meta name=\"twitter:card\" content=\"summary_large_image\" \/>\n<meta name=\"twitter:label1\" content=\"Est. reading time\" \/>\n\t<meta name=\"twitter:data1\" content=\"1 min\u016bte\" \/>\n<script type=\"application\/ld+json\" class=\"yoast-schema-graph\">{\"@context\":\"https:\\\/\\\/schema.org\",\"@graph\":[{\"@type\":\"WebPage\",\"@id\":\"https:\\\/\\\/kidsplay.lt\\\/produktas\\\/viga-medinis-loginis-deliones-zaisliukas-meskiukui\\\/\",\"url\":\"https:\\\/\\\/kidsplay.lt\\\/produktas\\\/viga-medinis-loginis-deliones-zaisliukas-meskiukui\\\/\",\"name\":\"VIGA medinis loginis d\u0117lion\u0117s \u017eaisliukas me\u0161kiukui\",\"isPartOf\":{\"@id\":\"https:\\\/\\\/kidsplay.lt\\\/#website\"},\"primaryImageOfPage\":{\"@id\":\"https:\\\/\\\/kidsplay.lt\\\/produktas\\\/viga-medinis-loginis-deliones-zaisliukas-meskiukui\\\/#primaryimage\"},\"image\":{\"@id\":\"https:\\\/\\\/kidsplay.lt\\\/produktas\\\/viga-medinis-loginis-deliones-zaisliukas-meskiukui\\\/#primaryimage\"},\"thumbnailUrl\":\"https:\\\/\\\/kidsplay.lt\\\/wp-content\\\/uploads\\\/2025\\\/11\\\/VIGA-medinis-loginis-deliones-zaisliukas-meskiukui.jpg\",\"datePublished\":\"2025-11-06T14:29:29+00:00\",\"dateModified\":\"2026-04-07T08:27:05+00:00\",\"description\":\"VIGA medinis loginis d\u0117lion\u0117s \u017eaisliukas me\u0161kiukui - KidsPlay. Did\u017eiausias vaik\u0173 \u017eaisl\u0173 pasirinkimas.\",\"breadcrumb\":{\"@id\":\"https:\\\/\\\/kidsplay.lt\\\/produktas\\\/viga-medinis-loginis-deliones-zaisliukas-meskiukui\\\/#breadcrumb\"},\"inLanguage\":\"lv-LV\",\"potentialAction\":[{\"@type\":\"ReadAction\",\"target\":[\"https:\\\/\\\/kidsplay.lt\\\/produktas\\\/viga-medinis-loginis-deliones-zaisliukas-meskiukui\\\/\"]}]},{\"@type\":\"ImageObject\",\"inLanguage\":\"lv-LV\",\"@id\":\"https:\\\/\\\/kidsplay.lt\\\/produktas\\\/viga-medinis-loginis-deliones-zaisliukas-meskiukui\\\/#primaryimage\",\"url\":\"https:\\\/\\\/kidsplay.lt\\\/wp-content\\\/uploads\\\/2025\\\/11\\\/VIGA-medinis-loginis-deliones-zaisliukas-meskiukui.jpg\",\"contentUrl\":\"https:\\\/\\\/kidsplay.lt\\\/wp-content\\\/uploads\\\/2025\\\/11\\\/VIGA-medinis-loginis-deliones-zaisliukas-meskiukui.jpg\",\"width\":2560,\"height\":2560,\"caption\":\"VIGA medinis loginis d\u0117lion\u0117s \u017eaisliukas me\u0161kiukui\"},{\"@type\":\"BreadcrumbList\",\"@id\":\"https:\\\/\\\/kidsplay.lt\\\/produktas\\\/viga-medinis-loginis-deliones-zaisliukas-meskiukui\\\/#breadcrumb\",\"itemListElement\":[{\"@type\":\"ListItem\",\"position\":1,\"name\":\"Pagrindinis\",\"item\":\"https:\\\/\\\/kidsplay.lt\\\/\"},{\"@type\":\"ListItem\",\"position\":2,\"name\":\"Parduotuv\u0117\",\"item\":\"https:\\\/\\\/kidsplay.lt\\\/parduotuve\\\/\"},{\"@type\":\"ListItem\",\"position\":3,\"name\":\"VIGA medinis loginis d\u0117lion\u0117s \u017eaisliukas me\u0161kiukui\"}]},{\"@type\":\"WebSite\",\"@id\":\"https:\\\/\\\/kidsplay.lt\\\/#website\",\"url\":\"https:\\\/\\\/kidsplay.lt\\\/\",\"name\":\"Kidsplay.lt\",\"description\":\"\u012evairios prek\u0117s vaikams\",\"publisher\":{\"@id\":\"https:\\\/\\\/kidsplay.lt\\\/#organization\"},\"alternateName\":\"Kidsplay\",\"potentialAction\":[{\"@type\":\"SearchAction\",\"target\":{\"@type\":\"EntryPoint\",\"urlTemplate\":\"https:\\\/\\\/kidsplay.lt\\\/?s={search_term_string}\"},\"query-input\":{\"@type\":\"PropertyValueSpecification\",\"valueRequired\":true,\"valueName\":\"search_term_string\"}}],\"inLanguage\":\"lv-LV\"},{\"@type\":\"Organization\",\"@id\":\"https:\\\/\\\/kidsplay.lt\\\/#organization\",\"name\":\"KidsPlay\",\"url\":\"https:\\\/\\\/kidsplay.lt\\\/\",\"logo\":{\"@type\":\"ImageObject\",\"inLanguage\":\"lv-LV\",\"@id\":\"https:\\\/\\\/kidsplay.lt\\\/#\\\/schema\\\/logo\\\/image\\\/\",\"url\":\"https:\\\/\\\/kidsplay.lt\\\/wp-content\\\/uploads\\\/2023\\\/07\\\/kidsplay-logo.png\",\"contentUrl\":\"https:\\\/\\\/kidsplay.lt\\\/wp-content\\\/uploads\\\/2023\\\/07\\\/kidsplay-logo.png\",\"width\":451,\"height\":98,\"caption\":\"KidsPlay\"},\"image\":{\"@id\":\"https:\\\/\\\/kidsplay.lt\\\/#\\\/schema\\\/logo\\\/image\\\/\"},\"sameAs\":[\"https:\\\/\\\/www.facebook.com\\\/www.kidsplay.lt\"]}]}<\/script>\n<!-- \/ Yoast SEO plugin. -->","yoast_head_json":{"title":"VIGA koka lo\u0123ikas puzle rota\u013cu l\u0101c\u012btim","description":"VIGA medinis loginis d\u0117lion\u0117s \u017eaisliukas me\u0161kiukui - KidsPlay. Did\u017eiausias vaik\u0173 \u017eaisl\u0173 pasirinkimas.","robots":{"index":"index","follow":"follow","max-snippet":"max-snippet:-1","max-image-preview":"max-image-preview:large","max-video-preview":"max-video-preview:-1"},"canonical":"https:\/\/kidsplay.lt\/lv\/products\/viga-medinis-loginis-deliones-zaisliukas-meskiukui\/","og_locale":"lv_LV","og_type":"article","og_title":"VIGA medinis loginis d\u0117lion\u0117s \u017eaisliukas me\u0161kiukui","og_description":"VIGA medinis loginis d\u0117lion\u0117s \u017eaisliukas me\u0161kiukui - KidsPlay. Did\u017eiausias vaik\u0173 \u017eaisl\u0173 pasirinkimas.","og_url":"https:\/\/kidsplay.lt\/lv\/products\/viga-medinis-loginis-deliones-zaisliukas-meskiukui\/","og_site_name":"KidsPlay","article_publisher":"https:\/\/www.facebook.com\/www.kidsplay.lt","article_modified_time":"2026-04-07T08:27:05+00:00","og_image":[{"width":2560,"height":2560,"url":"https:\/\/kidsplay.lt\/wp-content\/uploads\/2025\/11\/VIGA-medinis-loginis-deliones-zaisliukas-meskiukui.jpg","type":"image\/jpeg"}],"twitter_card":"summary_large_image","twitter_misc":{"Est. reading time":"1 min\u016bte"},"schema":{"@context":"https:\/\/schema.org","@graph":[{"@type":"WebPage","@id":"https:\/\/kidsplay.lt\/produktas\/viga-medinis-loginis-deliones-zaisliukas-meskiukui\/","url":"https:\/\/kidsplay.lt\/produktas\/viga-medinis-loginis-deliones-zaisliukas-meskiukui\/","name":"VIGA koka lo\u0123ikas puzle rota\u013cu l\u0101c\u012btim","isPartOf":{"@id":"https:\/\/kidsplay.lt\/#website"},"primaryImageOfPage":{"@id":"https:\/\/kidsplay.lt\/produktas\/viga-medinis-loginis-deliones-zaisliukas-meskiukui\/#primaryimage"},"image":{"@id":"https:\/\/kidsplay.lt\/produktas\/viga-medinis-loginis-deliones-zaisliukas-meskiukui\/#primaryimage"},"thumbnailUrl":"https:\/\/kidsplay.lt\/wp-content\/uploads\/2025\/11\/VIGA-medinis-loginis-deliones-zaisliukas-meskiukui.jpg","datePublished":"2025-11-06T14:29:29+00:00","dateModified":"2026-04-07T08:27:05+00:00","description":"VIGA medinis loginis d\u0117lion\u0117s \u017eaisliukas me\u0161kiukui - KidsPlay. Did\u017eiausias vaik\u0173 \u017eaisl\u0173 pasirinkimas.","breadcrumb":{"@id":"https:\/\/kidsplay.lt\/produktas\/viga-medinis-loginis-deliones-zaisliukas-meskiukui\/#breadcrumb"},"inLanguage":"lv-LV","potentialAction":[{"@type":"ReadAction","target":["https:\/\/kidsplay.lt\/produktas\/viga-medinis-loginis-deliones-zaisliukas-meskiukui\/"]}]},{"@type":"ImageObject","inLanguage":"lv-LV","@id":"https:\/\/kidsplay.lt\/produktas\/viga-medinis-loginis-deliones-zaisliukas-meskiukui\/#primaryimage","url":"https:\/\/kidsplay.lt\/wp-content\/uploads\/2025\/11\/VIGA-medinis-loginis-deliones-zaisliukas-meskiukui.jpg","contentUrl":"https:\/\/kidsplay.lt\/wp-content\/uploads\/2025\/11\/VIGA-medinis-loginis-deliones-zaisliukas-meskiukui.jpg","width":2560,"height":2560,"caption":"VIGA medinis loginis d\u0117lion\u0117s \u017eaisliukas me\u0161kiukui"},{"@type":"BreadcrumbList","@id":"https:\/\/kidsplay.lt\/produktas\/viga-medinis-loginis-deliones-zaisliukas-meskiukui\/#breadcrumb","itemListElement":[{"@type":"ListItem","position":1,"name":"Pagrindinis","item":"https:\/\/kidsplay.lt\/"},{"@type":"ListItem","position":2,"name":"Parduotuv\u0117","item":"https:\/\/kidsplay.lt\/parduotuve\/"},{"@type":"ListItem","position":3,"name":"VIGA medinis loginis d\u0117lion\u0117s \u017eaisliukas me\u0161kiukui"}]},{"@type":"WebSite","@id":"https:\/\/kidsplay.lt\/#website","url":"https:\/\/kidsplay.lt\/","name":"B\u0113rnu sp\u0113les.lv","description":"\u012evairios prek\u0117s vaikams","publisher":{"@id":"https:\/\/kidsplay.lt\/#organization"},"alternateName":"Kidsplay","potentialAction":[{"@type":"SearchAction","target":{"@type":"EntryPoint","urlTemplate":"https:\/\/kidsplay.lt\/?s={search_term_string}"},"query-input":{"@type":"PropertyValueSpecification","valueRequired":true,"valueName":"search_term_string"}}],"inLanguage":"lv-LV"},{"@type":"Organization","@id":"https:\/\/kidsplay.lt\/#organization","name":"B\u0113rnu sp\u0113le","url":"https:\/\/kidsplay.lt\/","logo":{"@type":"ImageObject","inLanguage":"lv-LV","@id":"https:\/\/kidsplay.lt\/#\/schema\/logo\/image\/","url":"https:\/\/kidsplay.lt\/wp-content\/uploads\/2023\/07\/kidsplay-logo.png","contentUrl":"https:\/\/kidsplay.lt\/wp-content\/uploads\/2023\/07\/kidsplay-logo.png","width":451,"height":98,"caption":"KidsPlay"},"image":{"@id":"https:\/\/kidsplay.lt\/#\/schema\/logo\/image\/"},"sameAs":["https:\/\/www.facebook.com\/www.kidsplay.lt"]}]}},"_links":{"self":[{"href":"https:\/\/kidsplay.lt\/lv\/wp-json\/wp\/v2\/product\/79790","targetHints":{"allow":["GET"]}}],"collection":[{"href":"https:\/\/kidsplay.lt\/lv\/wp-json\/wp\/v2\/product"}],"about":[{"href":"https:\/\/kidsplay.lt\/lv\/wp-json\/wp\/v2\/types\/product"}],"version-history":[{"count":2,"href":"https:\/\/kidsplay.lt\/lv\/wp-json\/wp\/v2\/product\/79790\/revisions"}],"predecessor-version":[{"id":80706,"href":"https:\/\/kidsplay.lt\/lv\/wp-json\/wp\/v2\/product\/79790\/revisions\/80706"}],"wp:featuredmedia":[{"embeddable":true,"href":"https:\/\/kidsplay.lt\/lv\/wp-json\/wp\/v2\/media\/79792"}],"wp:attachment":[{"href":"https:\/\/kidsplay.lt\/lv\/wp-json\/wp\/v2\/media?parent=79790"}],"wp:term":[{"taxonomy":"product_brand","embeddable":true,"href":"https:\/\/kidsplay.lt\/lv\/wp-json\/wp\/v2\/product_brand?post=79790"},{"taxonomy":"product_cat","embeddable":true,"href":"https:\/\/kidsplay.lt\/lv\/wp-json\/wp\/v2\/product_cat?post=79790"},{"taxonomy":"product_tag","embeddable":true,"href":"https:\/\/kidsplay.lt\/lv\/wp-json\/wp\/v2\/product_tag?post=79790"}],"curies":[{"name":"wp","href":"https:\/\/api.w.org\/{rel}","templated":true}]}}