{"id":79797,"date":"2025-11-06T16:41:33","date_gmt":"2025-11-06T14:41:33","guid":{"rendered":"https:\/\/kidsplay.lt\/produktas\/viga-mano-pirmoji-medine-knyga-1-vnt\/"},"modified":"2026-04-07T11:27:05","modified_gmt":"2026-04-07T08:27:05","slug":"viga-mano-pirmoji-medine-knyga-1-vnt","status":"publish","type":"product","link":"https:\/\/kidsplay.lt\/lv\/products\/viga-mano-pirmoji-medine-knyga-1-vnt\/","title":{"rendered":"VIGA Mana pirm\u0101 koka gr\u0101mata 1 gab."},"content":{"rendered":"<p>\u0160i nuostabi medin\u0117 \u201eViga\u201c knygel\u0117\u00a0skatina\u00a0vaizduot\u0119\u00a0ir\u00a0susikaupim\u0105\u00a0. Medin\u0117s kortel\u0117s sujungtos raudonu si\u016blu. Kiekviena kortel\u0117 turi skirting\u0105 paveiksl\u0117l\u012f ir\u00a0u\u017era\u0161us angl\u0173 kalba\u00a0. \u0160is gaminys skirtas\u00a0vaikams nuo 12 m\u0117nesi\u0173 am\u017eiaus\u00a0. Tai puiki id\u0117ja ikimokykliniam ugdymui ir naudojimui namuose. \u0160is \u017eaislas\u00a0moko vaikus pa\u017einti daiktus ir spalvas\u00a0,\u00a0padeda lavinti smulkius rank\u0173 judesius\u00a0. Jis taip pat supa\u017eindina vaikus su pirmaisiais \u017eod\u017eiais angl\u0173 kalba.<\/p>\n<p>Rakstur\u012bgs:<\/p>\n<p>&#8211;\u00a0\u017eaislas\u00a0vaikams nuo 12 m\u0117nesi\u0173 am\u017eiaus,<\/p>\n<p>&#8211;\u00a0supa\u017eindina vaik\u0105 su\u00a0spalvomis ir angl\u0173 kalba,<br \/>\n&#8211;\u00a0Knyga\u00a0neturi a\u0161tri\u0173 briaun\u0173\u00a0\u00a0ir pagaminta i\u0161 auk\u0161\u010diausios kokyb\u0117s med\u017eiag\u0173,\u00a0\u00a0saugi\u0173 vaikams,<\/p>\n<p>&#8211;\u00a0da\u017eyta\u00a0netoksi\u0161kais da\u017eais.<\/p>\n<p>Rota\u013clieta att\u012bst\u0101s:<\/p>\n<p>&#8211; vaizduot\u0117,<br \/>\n&#8211; loginis m\u0105stymas,<br \/>\n&#8211; ab\u0117c\u0117l\u0117s \u017einios.<\/p>\n<p>Kaina nurodyta 1 vnt. Prek\u0117 parenkama atsitiktine tvarka.<\/p>","protected":false},"excerpt":{"rendered":"<p>\u0160i nuostabi medin\u0117 \u201eViga\u201c knygel\u0117\u00a0skatina\u00a0vaizduot\u0119\u00a0ir\u00a0susikaupim\u0105\u00a0. Medin\u0117s kortel\u0117s sujungtos raudonu si\u016blu. Kiekviena kortel\u0117 turi skirting\u0105 paveiksl\u0117l\u012f ir\u00a0u\u017era\u0161us angl\u0173 kalba\u00a0. \u0160is gaminys<\/p>","protected":false},"featured_media":79799,"template":"","meta":{"_acf_changed":false,"_glsr_average":0,"_glsr_ranking":0,"_glsr_reviews":0},"product_brand":[],"product_cat":[72,396,229],"product_tag":[],"class_list":{"0":"post-79797","1":"product","2":"type-product","3":"status-publish","4":"has-post-thumbnail","6":"product_cat-ispardavimas","7":"product_cat-kudikiu-zaislai-vaikams2","8":"product_cat-zaislai-vaikams","9":"\"style=\"background-color: #2ecc711c;\"","11":"first","12":"instock","13":"sale","14":"purchasable","15":"product-type-simple"},"acf":[],"yoast_head":"<!-- This site is optimized with the Yoast SEO plugin v27.3 - https:\/\/yoast.com\/product\/yoast-seo-wordpress\/ -->\n<title>VIGA Mano pirmoji medin\u0117 knyga 1 vnt.<\/title>\n<meta name=\"description\" content=\"VIGA Mano pirmoji medin\u0117 knyga 1 vnt. - KidsPlay. Did\u017eiausias vaik\u0173 \u017eaisl\u0173 pasirinkimas.\" \/>\n<meta name=\"robots\" content=\"index, follow, max-snippet:-1, max-image-preview:large, max-video-preview:-1\" \/>\n<link rel=\"canonical\" href=\"https:\/\/kidsplay.lt\/lv\/products\/viga-mano-pirmoji-medine-knyga-1-vnt\/\" \/>\n<meta property=\"og:locale\" content=\"lv_LV\" \/>\n<meta property=\"og:type\" content=\"article\" \/>\n<meta property=\"og:title\" content=\"VIGA Mano pirmoji medin\u0117 knyga 1 vnt.\" \/>\n<meta property=\"og:description\" content=\"VIGA Mano pirmoji medin\u0117 knyga 1 vnt. - KidsPlay. Did\u017eiausias vaik\u0173 \u017eaisl\u0173 pasirinkimas.\" \/>\n<meta property=\"og:url\" content=\"https:\/\/kidsplay.lt\/lv\/products\/viga-mano-pirmoji-medine-knyga-1-vnt\/\" \/>\n<meta property=\"og:site_name\" content=\"KidsPlay\" \/>\n<meta property=\"article:publisher\" content=\"https:\/\/www.facebook.com\/www.kidsplay.lt\" \/>\n<meta property=\"article:modified_time\" content=\"2026-04-07T08:27:05+00:00\" \/>\n<meta property=\"og:image\" content=\"https:\/\/kidsplay.lt\/wp-content\/uploads\/2025\/11\/VIGA-Mano-pirmoji-medine-knyga-1-vnt.jpg\" \/>\n\t<meta property=\"og:image:width\" content=\"1000\" \/>\n\t<meta property=\"og:image:height\" content=\"1000\" \/>\n\t<meta property=\"og:image:type\" content=\"image\/jpeg\" \/>\n<meta name=\"twitter:card\" content=\"summary_large_image\" \/>\n<meta name=\"twitter:label1\" content=\"Est. reading time\" \/>\n\t<meta name=\"twitter:data1\" content=\"1 min\u016bte\" \/>\n<script type=\"application\/ld+json\" class=\"yoast-schema-graph\">{\"@context\":\"https:\\\/\\\/schema.org\",\"@graph\":[{\"@type\":\"WebPage\",\"@id\":\"https:\\\/\\\/kidsplay.lt\\\/produktas\\\/viga-mano-pirmoji-medine-knyga-1-vnt\\\/\",\"url\":\"https:\\\/\\\/kidsplay.lt\\\/produktas\\\/viga-mano-pirmoji-medine-knyga-1-vnt\\\/\",\"name\":\"VIGA Mano pirmoji medin\u0117 knyga 1 vnt.\",\"isPartOf\":{\"@id\":\"https:\\\/\\\/kidsplay.lt\\\/#website\"},\"primaryImageOfPage\":{\"@id\":\"https:\\\/\\\/kidsplay.lt\\\/produktas\\\/viga-mano-pirmoji-medine-knyga-1-vnt\\\/#primaryimage\"},\"image\":{\"@id\":\"https:\\\/\\\/kidsplay.lt\\\/produktas\\\/viga-mano-pirmoji-medine-knyga-1-vnt\\\/#primaryimage\"},\"thumbnailUrl\":\"https:\\\/\\\/kidsplay.lt\\\/wp-content\\\/uploads\\\/2025\\\/11\\\/VIGA-Mano-pirmoji-medine-knyga-1-vnt.jpg\",\"datePublished\":\"2025-11-06T14:41:33+00:00\",\"dateModified\":\"2026-04-07T08:27:05+00:00\",\"description\":\"VIGA Mano pirmoji medin\u0117 knyga 1 vnt. - KidsPlay. Did\u017eiausias vaik\u0173 \u017eaisl\u0173 pasirinkimas.\",\"breadcrumb\":{\"@id\":\"https:\\\/\\\/kidsplay.lt\\\/produktas\\\/viga-mano-pirmoji-medine-knyga-1-vnt\\\/#breadcrumb\"},\"inLanguage\":\"lv-LV\",\"potentialAction\":[{\"@type\":\"ReadAction\",\"target\":[\"https:\\\/\\\/kidsplay.lt\\\/produktas\\\/viga-mano-pirmoji-medine-knyga-1-vnt\\\/\"]}]},{\"@type\":\"ImageObject\",\"inLanguage\":\"lv-LV\",\"@id\":\"https:\\\/\\\/kidsplay.lt\\\/produktas\\\/viga-mano-pirmoji-medine-knyga-1-vnt\\\/#primaryimage\",\"url\":\"https:\\\/\\\/kidsplay.lt\\\/wp-content\\\/uploads\\\/2025\\\/11\\\/VIGA-Mano-pirmoji-medine-knyga-1-vnt.jpg\",\"contentUrl\":\"https:\\\/\\\/kidsplay.lt\\\/wp-content\\\/uploads\\\/2025\\\/11\\\/VIGA-Mano-pirmoji-medine-knyga-1-vnt.jpg\",\"width\":1000,\"height\":1000,\"caption\":\"VIGA Mano pirmoji medin\u0117 knyga 1 vnt.\"},{\"@type\":\"BreadcrumbList\",\"@id\":\"https:\\\/\\\/kidsplay.lt\\\/produktas\\\/viga-mano-pirmoji-medine-knyga-1-vnt\\\/#breadcrumb\",\"itemListElement\":[{\"@type\":\"ListItem\",\"position\":1,\"name\":\"Pagrindinis\",\"item\":\"https:\\\/\\\/kidsplay.lt\\\/\"},{\"@type\":\"ListItem\",\"position\":2,\"name\":\"Parduotuv\u0117\",\"item\":\"https:\\\/\\\/kidsplay.lt\\\/parduotuve\\\/\"},{\"@type\":\"ListItem\",\"position\":3,\"name\":\"VIGA Mano pirmoji medin\u0117 knyga 1 vnt.\"}]},{\"@type\":\"WebSite\",\"@id\":\"https:\\\/\\\/kidsplay.lt\\\/#website\",\"url\":\"https:\\\/\\\/kidsplay.lt\\\/\",\"name\":\"Kidsplay.lt\",\"description\":\"\u012evairios prek\u0117s vaikams\",\"publisher\":{\"@id\":\"https:\\\/\\\/kidsplay.lt\\\/#organization\"},\"alternateName\":\"Kidsplay\",\"potentialAction\":[{\"@type\":\"SearchAction\",\"target\":{\"@type\":\"EntryPoint\",\"urlTemplate\":\"https:\\\/\\\/kidsplay.lt\\\/?s={search_term_string}\"},\"query-input\":{\"@type\":\"PropertyValueSpecification\",\"valueRequired\":true,\"valueName\":\"search_term_string\"}}],\"inLanguage\":\"lv-LV\"},{\"@type\":\"Organization\",\"@id\":\"https:\\\/\\\/kidsplay.lt\\\/#organization\",\"name\":\"KidsPlay\",\"url\":\"https:\\\/\\\/kidsplay.lt\\\/\",\"logo\":{\"@type\":\"ImageObject\",\"inLanguage\":\"lv-LV\",\"@id\":\"https:\\\/\\\/kidsplay.lt\\\/#\\\/schema\\\/logo\\\/image\\\/\",\"url\":\"https:\\\/\\\/kidsplay.lt\\\/wp-content\\\/uploads\\\/2023\\\/07\\\/kidsplay-logo.png\",\"contentUrl\":\"https:\\\/\\\/kidsplay.lt\\\/wp-content\\\/uploads\\\/2023\\\/07\\\/kidsplay-logo.png\",\"width\":451,\"height\":98,\"caption\":\"KidsPlay\"},\"image\":{\"@id\":\"https:\\\/\\\/kidsplay.lt\\\/#\\\/schema\\\/logo\\\/image\\\/\"},\"sameAs\":[\"https:\\\/\\\/www.facebook.com\\\/www.kidsplay.lt\"]}]}<\/script>\n<!-- \/ Yoast SEO plugin. -->","yoast_head_json":{"title":"VIGA Mana pirm\u0101 koka gr\u0101mata 1 gab.","description":"VIGA Mano pirmoji medin\u0117 knyga 1 vnt. - KidsPlay. Did\u017eiausias vaik\u0173 \u017eaisl\u0173 pasirinkimas.","robots":{"index":"index","follow":"follow","max-snippet":"max-snippet:-1","max-image-preview":"max-image-preview:large","max-video-preview":"max-video-preview:-1"},"canonical":"https:\/\/kidsplay.lt\/lv\/products\/viga-mano-pirmoji-medine-knyga-1-vnt\/","og_locale":"lv_LV","og_type":"article","og_title":"VIGA Mano pirmoji medin\u0117 knyga 1 vnt.","og_description":"VIGA Mano pirmoji medin\u0117 knyga 1 vnt. - KidsPlay. Did\u017eiausias vaik\u0173 \u017eaisl\u0173 pasirinkimas.","og_url":"https:\/\/kidsplay.lt\/lv\/products\/viga-mano-pirmoji-medine-knyga-1-vnt\/","og_site_name":"KidsPlay","article_publisher":"https:\/\/www.facebook.com\/www.kidsplay.lt","article_modified_time":"2026-04-07T08:27:05+00:00","og_image":[{"width":1000,"height":1000,"url":"https:\/\/kidsplay.lt\/wp-content\/uploads\/2025\/11\/VIGA-Mano-pirmoji-medine-knyga-1-vnt.jpg","type":"image\/jpeg"}],"twitter_card":"summary_large_image","twitter_misc":{"Est. reading time":"1 min\u016bte"},"schema":{"@context":"https:\/\/schema.org","@graph":[{"@type":"WebPage","@id":"https:\/\/kidsplay.lt\/produktas\/viga-mano-pirmoji-medine-knyga-1-vnt\/","url":"https:\/\/kidsplay.lt\/produktas\/viga-mano-pirmoji-medine-knyga-1-vnt\/","name":"VIGA Mana pirm\u0101 koka gr\u0101mata 1 gab.","isPartOf":{"@id":"https:\/\/kidsplay.lt\/#website"},"primaryImageOfPage":{"@id":"https:\/\/kidsplay.lt\/produktas\/viga-mano-pirmoji-medine-knyga-1-vnt\/#primaryimage"},"image":{"@id":"https:\/\/kidsplay.lt\/produktas\/viga-mano-pirmoji-medine-knyga-1-vnt\/#primaryimage"},"thumbnailUrl":"https:\/\/kidsplay.lt\/wp-content\/uploads\/2025\/11\/VIGA-Mano-pirmoji-medine-knyga-1-vnt.jpg","datePublished":"2025-11-06T14:41:33+00:00","dateModified":"2026-04-07T08:27:05+00:00","description":"VIGA Mano pirmoji medin\u0117 knyga 1 vnt. - KidsPlay. Did\u017eiausias vaik\u0173 \u017eaisl\u0173 pasirinkimas.","breadcrumb":{"@id":"https:\/\/kidsplay.lt\/produktas\/viga-mano-pirmoji-medine-knyga-1-vnt\/#breadcrumb"},"inLanguage":"lv-LV","potentialAction":[{"@type":"ReadAction","target":["https:\/\/kidsplay.lt\/produktas\/viga-mano-pirmoji-medine-knyga-1-vnt\/"]}]},{"@type":"ImageObject","inLanguage":"lv-LV","@id":"https:\/\/kidsplay.lt\/produktas\/viga-mano-pirmoji-medine-knyga-1-vnt\/#primaryimage","url":"https:\/\/kidsplay.lt\/wp-content\/uploads\/2025\/11\/VIGA-Mano-pirmoji-medine-knyga-1-vnt.jpg","contentUrl":"https:\/\/kidsplay.lt\/wp-content\/uploads\/2025\/11\/VIGA-Mano-pirmoji-medine-knyga-1-vnt.jpg","width":1000,"height":1000,"caption":"VIGA Mano pirmoji medin\u0117 knyga 1 vnt."},{"@type":"BreadcrumbList","@id":"https:\/\/kidsplay.lt\/produktas\/viga-mano-pirmoji-medine-knyga-1-vnt\/#breadcrumb","itemListElement":[{"@type":"ListItem","position":1,"name":"Pagrindinis","item":"https:\/\/kidsplay.lt\/"},{"@type":"ListItem","position":2,"name":"Parduotuv\u0117","item":"https:\/\/kidsplay.lt\/parduotuve\/"},{"@type":"ListItem","position":3,"name":"VIGA Mano pirmoji medin\u0117 knyga 1 vnt."}]},{"@type":"WebSite","@id":"https:\/\/kidsplay.lt\/#website","url":"https:\/\/kidsplay.lt\/","name":"B\u0113rnu sp\u0113les.lv","description":"\u012evairios prek\u0117s vaikams","publisher":{"@id":"https:\/\/kidsplay.lt\/#organization"},"alternateName":"Kidsplay","potentialAction":[{"@type":"SearchAction","target":{"@type":"EntryPoint","urlTemplate":"https:\/\/kidsplay.lt\/?s={search_term_string}"},"query-input":{"@type":"PropertyValueSpecification","valueRequired":true,"valueName":"search_term_string"}}],"inLanguage":"lv-LV"},{"@type":"Organization","@id":"https:\/\/kidsplay.lt\/#organization","name":"B\u0113rnu sp\u0113le","url":"https:\/\/kidsplay.lt\/","logo":{"@type":"ImageObject","inLanguage":"lv-LV","@id":"https:\/\/kidsplay.lt\/#\/schema\/logo\/image\/","url":"https:\/\/kidsplay.lt\/wp-content\/uploads\/2023\/07\/kidsplay-logo.png","contentUrl":"https:\/\/kidsplay.lt\/wp-content\/uploads\/2023\/07\/kidsplay-logo.png","width":451,"height":98,"caption":"KidsPlay"},"image":{"@id":"https:\/\/kidsplay.lt\/#\/schema\/logo\/image\/"},"sameAs":["https:\/\/www.facebook.com\/www.kidsplay.lt"]}]}},"_links":{"self":[{"href":"https:\/\/kidsplay.lt\/lv\/wp-json\/wp\/v2\/product\/79797","targetHints":{"allow":["GET"]}}],"collection":[{"href":"https:\/\/kidsplay.lt\/lv\/wp-json\/wp\/v2\/product"}],"about":[{"href":"https:\/\/kidsplay.lt\/lv\/wp-json\/wp\/v2\/types\/product"}],"version-history":[{"count":2,"href":"https:\/\/kidsplay.lt\/lv\/wp-json\/wp\/v2\/product\/79797\/revisions"}],"predecessor-version":[{"id":80691,"href":"https:\/\/kidsplay.lt\/lv\/wp-json\/wp\/v2\/product\/79797\/revisions\/80691"}],"wp:featuredmedia":[{"embeddable":true,"href":"https:\/\/kidsplay.lt\/lv\/wp-json\/wp\/v2\/media\/79799"}],"wp:attachment":[{"href":"https:\/\/kidsplay.lt\/lv\/wp-json\/wp\/v2\/media?parent=79797"}],"wp:term":[{"taxonomy":"product_brand","embeddable":true,"href":"https:\/\/kidsplay.lt\/lv\/wp-json\/wp\/v2\/product_brand?post=79797"},{"taxonomy":"product_cat","embeddable":true,"href":"https:\/\/kidsplay.lt\/lv\/wp-json\/wp\/v2\/product_cat?post=79797"},{"taxonomy":"product_tag","embeddable":true,"href":"https:\/\/kidsplay.lt\/lv\/wp-json\/wp\/v2\/product_tag?post=79797"}],"curies":[{"name":"wp","href":"https:\/\/api.w.org\/{rel}","templated":true}]}}