{"id":79861,"date":"2025-11-09T12:04:47","date_gmt":"2025-11-09T10:04:47","guid":{"rendered":"https:\/\/kidsplay.lt\/produktas\/woopie-green-mediniu-stem-dirbtuviu-irankiu-rinkinys\/"},"modified":"2026-04-13T14:19:11","modified_gmt":"2026-04-13T11:19:11","slug":"woopie-green-mediniu-stem-dirbtuviu-irankiu-rinkinys","status":"publish","type":"product","link":"https:\/\/kidsplay.lt\/lv\/products\/woopie-green-mediniu-stem-dirbtuviu-irankiu-rinkinys\/","title":{"rendered":"WOOPIE GREEN koka STEM darbn\u012bcas instrumentu komplekts"},"content":{"rendered":"<p>Medin\u0117s DIY dirbtuv\u0117s vaikams\u00a0i\u0161\u00a0Woopie Green\u00a0tai puikus lavinamasis \u017eaislas, supa\u017eindinantis jauniausius su \u017eaviu \u012franki\u0173 konstravimo, remonto ir veikimo princip\u0173 atradimo pasauliu. Komplektas pagamintas i\u0161 auk\u0161tos kokyb\u0117s medienos ir saugi\u0173 med\u017eiag\u0173, garantuojan\u010di\u0173 ilg\u0105 ir saug\u0173 linksmum\u0105. D\u0117l daugyb\u0117s element\u0173 ir tikrovi\u0161k\u0173 detali\u0173 ma\u017eylis gali pasijusti tikru ma\u017eu in\u017einieriumi ar dizaineriu!Dirbtuv\u0117s buvo pagamintos i\u0161\u00a0auk\u0161tos kokyb\u0117s mediena, kuris yra malonus liesti, ekologi\u0161kas ir visi\u0161kai saugus vaikams. Kruop\u0161\u010diai nu\u0161lifuoti kra\u0161tai ir patvari konstrukcija garantuoja saugum\u0105 ir komfort\u0105 \u017eaid\u017eiant. \u017daislas d\u017eiugina savo d\u0117mesiu \u2013 detal\u0117ms, rasite \u010dia\u00a0realiai atrodantys \u012frankiai, kilnojamieji komponentai, lentynos priedams ir net\u00a0laikrodis su besisukan\u010diomis rankomis\u00a0ir\u00a0lenta\u00a0id\u0117j\u0173 s\u0105ra\u0161ui ar projekt\u0173 pie\u0161imui. Kiekvienas elementas buvo sukurtas atsi\u017evelgiant \u012f visapusi\u0161k\u0105 vaiko vystym\u0105si. Dirbtuvi\u0173 d\u0117ka ma\u017eylis mokosi pagrindini\u0173 priemoni\u0173 veikimo princip\u0173, lavina rankinius \u012fg\u016bd\u017eius, mokosi loginio m\u0105stymo ir lavina kantryb\u0119. Tai puikus b\u016bdas paskatinti savo vaik\u0105 b\u016bti savaranki\u0161ku ir k\u016brybi\u0161kai m\u0105styti kasdieniame \u017eaidime.<\/p>\n<p> \t&#8211; Vaiki\u0161kas \u017eaislas nuo 3 met\u0173 am\u017eiaus<br \/>\n \t&#8211;\u00a0Medin\u0117 Statyba\u00a0\u2013 patvarus, tvirtas ir saugus ma\u017eoms rankyt\u0117ms<br \/>\n \t&#8211;\u00a0Reali dirbtuvi\u0173 i\u0161vaizda\u00a0\u2013 su lentynomis, \u012franki\u0173 lenta ir daugybe judan\u010di\u0173 element\u0173<br \/>\n \t&#8211;\u00a0Suoliuko spaustukas\u00a0\u2013 moko pagrindini\u0173 mechanizm\u0173 ir palaiko smulkiosios motorikos ugdym\u0105<br \/>\n \t&#8211;\u00a0Pjovimo ma\u0161ina\u00a0\u2013 vaikas gali saugiai \u201ecut\u201d medinius daiktus<br \/>\n \t&#8211;\u00a0Kreidos lenta\u00a0\u2013 raid\u017ei\u0173, skai\u010di\u0173 mokymuisi ar pie\u0161ini\u0173 k\u016brimui<br \/>\n \t&#8211;\u00a0\u012eranki\u0173 pakabos\u00a0\u2013 pad\u0117ti i\u0161laikyti dalyk\u0173 organizuotas ir mokyti, kaip organizuoti savo darb\u0105<br \/>\n \t&#8211;\u00a0Laikrodis judan\u010diomis rankomis\u00a0\u2013 palaiko mokym\u0105si skaityti valandas<br \/>\n \t&#8211;\u00a0Lentynos ir spintel\u0117 su konteineriu\u00a0\u2013 leid\u017eia saugoti visus rinkinio elementus<br \/>\n \t&#8211;\u00a0Saug\u016bs, u\u017eapvalinti kra\u0161tai\u00a0\u2013 u\u017etikrinti komfort\u0105 ir saugum\u0105 \u017eaid\u017eiant<br \/>\n \t&#8211;\u00a0Tobula dovana\u00a0\u2013 besivystantis, ilgalaikis ir skatinantis sav\u0119s atradim\u0105 pasaulyje<\/p>\n<p>Komplekt\u0101 ietilpst:<\/p>\n<p> \t&#8211; Medin\u0117s dirbtuv\u0117s su lenta ir lentynomis<br \/>\n \t&#8211; Suoliuko spaustukas<br \/>\n \t&#8211; Pjovimo ma\u0161ina<br \/>\n \t&#8211; \u012eranki\u0173 pakaba<br \/>\n \t&#8211; Kreidlent\u0117<br \/>\n \t&#8211; Pj\u016bklas<br \/>\n \t&#8211; Plaktukas<br \/>\n \t&#8211; Raktas<br \/>\n \t&#8211; Atsuktuvas<br \/>\n \t&#8211; I\u0161matuoti<br \/>\n \t&#8211; Var\u017etai, ver\u017el\u0117s, blokai ir sukimo elementai<br \/>\n \t&#8211; Konteineris smulkmenoms laikyti<br \/>\n \t&#8211; Laikrodis judan\u010diomis rankomis<\/p>","protected":false},"excerpt":{"rendered":"<p>Medin\u0117s DIY dirbtuv\u0117s vaikams\u00a0i\u0161\u00a0Woopie Green\u00a0tai puikus lavinamasis \u017eaislas, supa\u017eindinantis jauniausius su \u017eaviu \u012franki\u0173 konstravimo, remonto ir veikimo princip\u0173 atradimo pasauliu.<\/p>","protected":false},"featured_media":79863,"template":"","meta":{"_acf_changed":false,"_glsr_average":0,"_glsr_ranking":0,"_glsr_reviews":0},"product_brand":[],"product_cat":[402,399,229],"product_tag":[],"class_list":{"0":"post-79861","1":"product","2":"type-product","3":"status-publish","4":"has-post-thumbnail","6":"product_cat-dirbtuves-ir-irankiai","7":"product_cat-vaidmenu-zaidimai-2","8":"product_cat-zaislai-vaikams","9":"\"style=\"background-color: #2ecc711c;\"","11":"first","12":"instock","13":"purchasable","14":"product-type-simple"},"acf":[],"yoast_head":"<!-- This site is optimized with the Yoast SEO plugin v27.4 - https:\/\/yoast.com\/product\/yoast-seo-wordpress\/ -->\n<title>WOOPIE GREEN medini\u0173 STEM dirbtuvi\u0173 \u012franki\u0173 rinkinys<\/title>\n<meta name=\"description\" content=\"WOOPIE GREEN medini\u0173 STEM dirbtuvi\u0173 \u012franki\u0173 rinkinys - KidsPlay. Did\u017eiausias vaik\u0173 \u017eaisl\u0173 pasirinkimas.\" \/>\n<meta name=\"robots\" content=\"index, follow, max-snippet:-1, max-image-preview:large, max-video-preview:-1\" \/>\n<link rel=\"canonical\" href=\"https:\/\/kidsplay.lt\/lv\/products\/woopie-green-mediniu-stem-dirbtuviu-irankiu-rinkinys\/\" \/>\n<meta property=\"og:locale\" content=\"lv_LV\" \/>\n<meta property=\"og:type\" content=\"article\" \/>\n<meta property=\"og:title\" content=\"WOOPIE GREEN medini\u0173 STEM dirbtuvi\u0173 \u012franki\u0173 rinkinys\" \/>\n<meta property=\"og:description\" content=\"WOOPIE GREEN medini\u0173 STEM dirbtuvi\u0173 \u012franki\u0173 rinkinys - KidsPlay. Did\u017eiausias vaik\u0173 \u017eaisl\u0173 pasirinkimas.\" \/>\n<meta property=\"og:url\" content=\"https:\/\/kidsplay.lt\/lv\/products\/woopie-green-mediniu-stem-dirbtuviu-irankiu-rinkinys\/\" \/>\n<meta property=\"og:site_name\" content=\"KidsPlay\" \/>\n<meta property=\"article:publisher\" content=\"https:\/\/www.facebook.com\/www.kidsplay.lt\" \/>\n<meta property=\"article:modified_time\" content=\"2026-04-13T11:19:11+00:00\" \/>\n<meta property=\"og:image\" content=\"https:\/\/kidsplay.lt\/wp-content\/uploads\/2025\/11\/WOOPIE-GREEN-mediniu-STEM-dirbtuviu-irankiu-rinkinys.jpg\" \/>\n\t<meta property=\"og:image:width\" content=\"1000\" \/>\n\t<meta property=\"og:image:height\" content=\"1000\" \/>\n\t<meta property=\"og:image:type\" content=\"image\/jpeg\" \/>\n<meta name=\"twitter:card\" content=\"summary_large_image\" \/>\n<meta name=\"twitter:label1\" content=\"Est. reading time\" \/>\n\t<meta name=\"twitter:data1\" content=\"2 min\u016btes\" \/>\n<script type=\"application\/ld+json\" class=\"yoast-schema-graph\">{\"@context\":\"https:\\\/\\\/schema.org\",\"@graph\":[{\"@type\":\"WebPage\",\"@id\":\"https:\\\/\\\/kidsplay.lt\\\/produktas\\\/woopie-green-mediniu-stem-dirbtuviu-irankiu-rinkinys\\\/\",\"url\":\"https:\\\/\\\/kidsplay.lt\\\/produktas\\\/woopie-green-mediniu-stem-dirbtuviu-irankiu-rinkinys\\\/\",\"name\":\"WOOPIE GREEN medini\u0173 STEM dirbtuvi\u0173 \u012franki\u0173 rinkinys\",\"isPartOf\":{\"@id\":\"https:\\\/\\\/kidsplay.lt\\\/#website\"},\"primaryImageOfPage\":{\"@id\":\"https:\\\/\\\/kidsplay.lt\\\/produktas\\\/woopie-green-mediniu-stem-dirbtuviu-irankiu-rinkinys\\\/#primaryimage\"},\"image\":{\"@id\":\"https:\\\/\\\/kidsplay.lt\\\/produktas\\\/woopie-green-mediniu-stem-dirbtuviu-irankiu-rinkinys\\\/#primaryimage\"},\"thumbnailUrl\":\"https:\\\/\\\/kidsplay.lt\\\/wp-content\\\/uploads\\\/2025\\\/11\\\/WOOPIE-GREEN-mediniu-STEM-dirbtuviu-irankiu-rinkinys.jpg\",\"datePublished\":\"2025-11-09T10:04:47+00:00\",\"dateModified\":\"2026-04-13T11:19:11+00:00\",\"description\":\"WOOPIE GREEN medini\u0173 STEM dirbtuvi\u0173 \u012franki\u0173 rinkinys - KidsPlay. Did\u017eiausias vaik\u0173 \u017eaisl\u0173 pasirinkimas.\",\"breadcrumb\":{\"@id\":\"https:\\\/\\\/kidsplay.lt\\\/produktas\\\/woopie-green-mediniu-stem-dirbtuviu-irankiu-rinkinys\\\/#breadcrumb\"},\"inLanguage\":\"lv-LV\",\"potentialAction\":[{\"@type\":\"ReadAction\",\"target\":[\"https:\\\/\\\/kidsplay.lt\\\/produktas\\\/woopie-green-mediniu-stem-dirbtuviu-irankiu-rinkinys\\\/\"]}]},{\"@type\":\"ImageObject\",\"inLanguage\":\"lv-LV\",\"@id\":\"https:\\\/\\\/kidsplay.lt\\\/produktas\\\/woopie-green-mediniu-stem-dirbtuviu-irankiu-rinkinys\\\/#primaryimage\",\"url\":\"https:\\\/\\\/kidsplay.lt\\\/wp-content\\\/uploads\\\/2025\\\/11\\\/WOOPIE-GREEN-mediniu-STEM-dirbtuviu-irankiu-rinkinys.jpg\",\"contentUrl\":\"https:\\\/\\\/kidsplay.lt\\\/wp-content\\\/uploads\\\/2025\\\/11\\\/WOOPIE-GREEN-mediniu-STEM-dirbtuviu-irankiu-rinkinys.jpg\",\"width\":1000,\"height\":1000,\"caption\":\"WOOPIE GREEN medini\u0173 STEM dirbtuvi\u0173 \u012franki\u0173 rinkinys\"},{\"@type\":\"BreadcrumbList\",\"@id\":\"https:\\\/\\\/kidsplay.lt\\\/produktas\\\/woopie-green-mediniu-stem-dirbtuviu-irankiu-rinkinys\\\/#breadcrumb\",\"itemListElement\":[{\"@type\":\"ListItem\",\"position\":1,\"name\":\"Pagrindinis\",\"item\":\"https:\\\/\\\/kidsplay.lt\\\/\"},{\"@type\":\"ListItem\",\"position\":2,\"name\":\"Parduotuv\u0117\",\"item\":\"https:\\\/\\\/kidsplay.lt\\\/parduotuve\\\/\"},{\"@type\":\"ListItem\",\"position\":3,\"name\":\"WOOPIE GREEN medini\u0173 STEM dirbtuvi\u0173 \u012franki\u0173 rinkinys\"}]},{\"@type\":\"WebSite\",\"@id\":\"https:\\\/\\\/kidsplay.lt\\\/#website\",\"url\":\"https:\\\/\\\/kidsplay.lt\\\/\",\"name\":\"Kidsplay.lt\",\"description\":\"\u012evairios prek\u0117s vaikams\",\"publisher\":{\"@id\":\"https:\\\/\\\/kidsplay.lt\\\/#organization\"},\"alternateName\":\"Kidsplay\",\"potentialAction\":[{\"@type\":\"SearchAction\",\"target\":{\"@type\":\"EntryPoint\",\"urlTemplate\":\"https:\\\/\\\/kidsplay.lt\\\/?s={search_term_string}\"},\"query-input\":{\"@type\":\"PropertyValueSpecification\",\"valueRequired\":true,\"valueName\":\"search_term_string\"}}],\"inLanguage\":\"lv-LV\"},{\"@type\":\"Organization\",\"@id\":\"https:\\\/\\\/kidsplay.lt\\\/#organization\",\"name\":\"KidsPlay\",\"url\":\"https:\\\/\\\/kidsplay.lt\\\/\",\"logo\":{\"@type\":\"ImageObject\",\"inLanguage\":\"lv-LV\",\"@id\":\"https:\\\/\\\/kidsplay.lt\\\/#\\\/schema\\\/logo\\\/image\\\/\",\"url\":\"https:\\\/\\\/kidsplay.lt\\\/wp-content\\\/uploads\\\/2023\\\/07\\\/kidsplay-logo.png\",\"contentUrl\":\"https:\\\/\\\/kidsplay.lt\\\/wp-content\\\/uploads\\\/2023\\\/07\\\/kidsplay-logo.png\",\"width\":451,\"height\":98,\"caption\":\"KidsPlay\"},\"image\":{\"@id\":\"https:\\\/\\\/kidsplay.lt\\\/#\\\/schema\\\/logo\\\/image\\\/\"},\"sameAs\":[\"https:\\\/\\\/www.facebook.com\\\/www.kidsplay.lt\"]}]}<\/script>\n<!-- \/ Yoast SEO plugin. -->","yoast_head_json":{"title":"WOOPIE GREEN koka STEM darbn\u012bcas instrumentu komplekts","description":"WOOPIE GREEN medini\u0173 STEM dirbtuvi\u0173 \u012franki\u0173 rinkinys - KidsPlay. Did\u017eiausias vaik\u0173 \u017eaisl\u0173 pasirinkimas.","robots":{"index":"index","follow":"follow","max-snippet":"max-snippet:-1","max-image-preview":"max-image-preview:large","max-video-preview":"max-video-preview:-1"},"canonical":"https:\/\/kidsplay.lt\/lv\/products\/woopie-green-mediniu-stem-dirbtuviu-irankiu-rinkinys\/","og_locale":"lv_LV","og_type":"article","og_title":"WOOPIE GREEN medini\u0173 STEM dirbtuvi\u0173 \u012franki\u0173 rinkinys","og_description":"WOOPIE GREEN medini\u0173 STEM dirbtuvi\u0173 \u012franki\u0173 rinkinys - KidsPlay. Did\u017eiausias vaik\u0173 \u017eaisl\u0173 pasirinkimas.","og_url":"https:\/\/kidsplay.lt\/lv\/products\/woopie-green-mediniu-stem-dirbtuviu-irankiu-rinkinys\/","og_site_name":"KidsPlay","article_publisher":"https:\/\/www.facebook.com\/www.kidsplay.lt","article_modified_time":"2026-04-13T11:19:11+00:00","og_image":[{"width":1000,"height":1000,"url":"https:\/\/kidsplay.lt\/wp-content\/uploads\/2025\/11\/WOOPIE-GREEN-mediniu-STEM-dirbtuviu-irankiu-rinkinys.jpg","type":"image\/jpeg"}],"twitter_card":"summary_large_image","twitter_misc":{"Est. reading time":"2 min\u016btes"},"schema":{"@context":"https:\/\/schema.org","@graph":[{"@type":"WebPage","@id":"https:\/\/kidsplay.lt\/produktas\/woopie-green-mediniu-stem-dirbtuviu-irankiu-rinkinys\/","url":"https:\/\/kidsplay.lt\/produktas\/woopie-green-mediniu-stem-dirbtuviu-irankiu-rinkinys\/","name":"WOOPIE GREEN koka STEM darbn\u012bcas instrumentu komplekts","isPartOf":{"@id":"https:\/\/kidsplay.lt\/#website"},"primaryImageOfPage":{"@id":"https:\/\/kidsplay.lt\/produktas\/woopie-green-mediniu-stem-dirbtuviu-irankiu-rinkinys\/#primaryimage"},"image":{"@id":"https:\/\/kidsplay.lt\/produktas\/woopie-green-mediniu-stem-dirbtuviu-irankiu-rinkinys\/#primaryimage"},"thumbnailUrl":"https:\/\/kidsplay.lt\/wp-content\/uploads\/2025\/11\/WOOPIE-GREEN-mediniu-STEM-dirbtuviu-irankiu-rinkinys.jpg","datePublished":"2025-11-09T10:04:47+00:00","dateModified":"2026-04-13T11:19:11+00:00","description":"WOOPIE GREEN medini\u0173 STEM dirbtuvi\u0173 \u012franki\u0173 rinkinys - KidsPlay. Did\u017eiausias vaik\u0173 \u017eaisl\u0173 pasirinkimas.","breadcrumb":{"@id":"https:\/\/kidsplay.lt\/produktas\/woopie-green-mediniu-stem-dirbtuviu-irankiu-rinkinys\/#breadcrumb"},"inLanguage":"lv-LV","potentialAction":[{"@type":"ReadAction","target":["https:\/\/kidsplay.lt\/produktas\/woopie-green-mediniu-stem-dirbtuviu-irankiu-rinkinys\/"]}]},{"@type":"ImageObject","inLanguage":"lv-LV","@id":"https:\/\/kidsplay.lt\/produktas\/woopie-green-mediniu-stem-dirbtuviu-irankiu-rinkinys\/#primaryimage","url":"https:\/\/kidsplay.lt\/wp-content\/uploads\/2025\/11\/WOOPIE-GREEN-mediniu-STEM-dirbtuviu-irankiu-rinkinys.jpg","contentUrl":"https:\/\/kidsplay.lt\/wp-content\/uploads\/2025\/11\/WOOPIE-GREEN-mediniu-STEM-dirbtuviu-irankiu-rinkinys.jpg","width":1000,"height":1000,"caption":"WOOPIE GREEN medini\u0173 STEM dirbtuvi\u0173 \u012franki\u0173 rinkinys"},{"@type":"BreadcrumbList","@id":"https:\/\/kidsplay.lt\/produktas\/woopie-green-mediniu-stem-dirbtuviu-irankiu-rinkinys\/#breadcrumb","itemListElement":[{"@type":"ListItem","position":1,"name":"Pagrindinis","item":"https:\/\/kidsplay.lt\/"},{"@type":"ListItem","position":2,"name":"Parduotuv\u0117","item":"https:\/\/kidsplay.lt\/parduotuve\/"},{"@type":"ListItem","position":3,"name":"WOOPIE GREEN medini\u0173 STEM dirbtuvi\u0173 \u012franki\u0173 rinkinys"}]},{"@type":"WebSite","@id":"https:\/\/kidsplay.lt\/#website","url":"https:\/\/kidsplay.lt\/","name":"B\u0113rnu sp\u0113les.lv","description":"\u012evairios prek\u0117s vaikams","publisher":{"@id":"https:\/\/kidsplay.lt\/#organization"},"alternateName":"Kidsplay","potentialAction":[{"@type":"SearchAction","target":{"@type":"EntryPoint","urlTemplate":"https:\/\/kidsplay.lt\/?s={search_term_string}"},"query-input":{"@type":"PropertyValueSpecification","valueRequired":true,"valueName":"search_term_string"}}],"inLanguage":"lv-LV"},{"@type":"Organization","@id":"https:\/\/kidsplay.lt\/#organization","name":"B\u0113rnu sp\u0113le","url":"https:\/\/kidsplay.lt\/","logo":{"@type":"ImageObject","inLanguage":"lv-LV","@id":"https:\/\/kidsplay.lt\/#\/schema\/logo\/image\/","url":"https:\/\/kidsplay.lt\/wp-content\/uploads\/2023\/07\/kidsplay-logo.png","contentUrl":"https:\/\/kidsplay.lt\/wp-content\/uploads\/2023\/07\/kidsplay-logo.png","width":451,"height":98,"caption":"KidsPlay"},"image":{"@id":"https:\/\/kidsplay.lt\/#\/schema\/logo\/image\/"},"sameAs":["https:\/\/www.facebook.com\/www.kidsplay.lt"]}]}},"_links":{"self":[{"href":"https:\/\/kidsplay.lt\/lv\/wp-json\/wp\/v2\/product\/79861","targetHints":{"allow":["GET"]}}],"collection":[{"href":"https:\/\/kidsplay.lt\/lv\/wp-json\/wp\/v2\/product"}],"about":[{"href":"https:\/\/kidsplay.lt\/lv\/wp-json\/wp\/v2\/types\/product"}],"version-history":[{"count":1,"href":"https:\/\/kidsplay.lt\/lv\/wp-json\/wp\/v2\/product\/79861\/revisions"}],"predecessor-version":[{"id":79862,"href":"https:\/\/kidsplay.lt\/lv\/wp-json\/wp\/v2\/product\/79861\/revisions\/79862"}],"wp:featuredmedia":[{"embeddable":true,"href":"https:\/\/kidsplay.lt\/lv\/wp-json\/wp\/v2\/media\/79863"}],"wp:attachment":[{"href":"https:\/\/kidsplay.lt\/lv\/wp-json\/wp\/v2\/media?parent=79861"}],"wp:term":[{"taxonomy":"product_brand","embeddable":true,"href":"https:\/\/kidsplay.lt\/lv\/wp-json\/wp\/v2\/product_brand?post=79861"},{"taxonomy":"product_cat","embeddable":true,"href":"https:\/\/kidsplay.lt\/lv\/wp-json\/wp\/v2\/product_cat?post=79861"},{"taxonomy":"product_tag","embeddable":true,"href":"https:\/\/kidsplay.lt\/lv\/wp-json\/wp\/v2\/product_tag?post=79861"}],"curies":[{"name":"wp","href":"https:\/\/api.w.org\/{rel}","templated":true}]}}