{"id":79906,"date":"2025-11-09T12:08:19","date_gmt":"2025-11-09T10:08:19","guid":{"rendered":"https:\/\/kidsplay.lt\/produktas\/woopie-green-medine-dviaukste-automobiliu-stovejimo-aikstele-2in1-degaline-su-automobiliais-ir-figurelemis-12-vnt-fsc\/"},"modified":"2026-04-07T09:57:57","modified_gmt":"2026-04-07T06:57:57","slug":"woopie-green-medine-dviaukste-automobiliu-stovejimo-aikstele-2in1-degaline-su-automobiliais-ir-figurelemis-12-vnt-fsc","status":"publish","type":"product","link":"https:\/\/kidsplay.lt\/lv\/products\/woopie-green-medine-dviaukste-automobiliu-stovejimo-aikstele-2in1-degaline-su-automobiliais-ir-figurelemis-12-vnt-fsc\/","title":{"rendered":"WOOPIE GREEN Medin\u0117 Dviauk\u0161t\u0117 automobili\u0173 stov\u0117jimo aik\u0161tel\u0117 2in1 Degalin\u0117 su automobiliais ir fig\u016br\u0117l\u0117mis 12 vnt. FSC"},"content":{"rendered":"<p>Daugiapakop\u0117 medin\u0117 automobili\u0173 stov\u0117jimo aik\u0161tel\u0117 Woopie Green\u00a0tai kiekvieno ma\u017eo automobilio myl\u0117tojo svajon\u0117. \u0160is unikalus \u017eaislas suteikia daugyb\u0119 k\u016brybinio \u017eaidimo galimybi\u0173. M\u0117lyna \u010diuo\u017eykla slysta spalvingi mediniai automobiliai, ant bok\u0161to vir\u0161aus nusileid\u017eia sraigtasparnis su besisukan\u010diu sraigtu, o darbuotoj\u0173 fig\u016br\u0117l\u0117s palaiko tvark\u0105 ir aptarnauja degalin\u0119. Tvirta medin\u0117 konstrukcija subtiliomis, pastelin\u0117mis spalvomis puikiai atrodo vaiko kambaryje<\/p>\n<p>Raksturojums:<\/p>\n<p> \t&#8211; Vaikams nuo\u00a03 metu<br \/>\n \t&#8211; Dvipus\u0117 konstrukcija su sraigtasparnio nusileidimo aik\u0161tele vir\u0161uje<br \/>\n \tSpiralin\u0117 i\u0161\u0117jimo rampa, jungianti gara\u017eo lygius<br \/>\n \t&#8211; Spalvingi mediniai automobiliai skirting\u0173 stili\u0173<br \/>\n \t&#8211; Sukamasis sraigtasparnis<br \/>\n \t&#8211; Darbuotoj\u0173 fig\u016br\u0117l\u0117s ir degal\u0173 balion\u0117lis<br \/>\n \t&#8211; Pagaminta i\u0161 auk\u0161tos kokyb\u0117s medienos<br \/>\n \t&#8211; Stabilus pagrindas saugiam \u017eaidimui<\/p>\n<p>Nustatyti turin\u012f:<\/p>\n<p> \t&#8211; Dviauk\u0161t\u0117 automobili\u0173 stov\u0117jimo aik\u0161tel\u0117<br \/>\n \t&#8211; Kuro dozatorius<br \/>\n \t&#8211; M\u0117lyna spiralin\u0117 rampa nusileidimui<br \/>\n \t&#8211; 3 Spalvingi mediniai automobiliai<br \/>\n \t&#8211; 1 Sraigtasparnis su besisukan\u010diu sraigtu<br \/>\n \t&#8211; 3 Darbuotoj\u0173 skai\u010diai<br \/>\n \t&#8211; 2 ma\u017eos rampos<\/p>","protected":false},"excerpt":{"rendered":"<p>Daugiapakop\u0117 medin\u0117 automobili\u0173 stov\u0117jimo aik\u0161tel\u0117 Woopie Green\u00a0tai kiekvieno ma\u017eo automobilio myl\u0117tojo svajon\u0117. \u0160is unikalus \u017eaislas suteikia daugyb\u0119 k\u016brybinio \u017eaidimo galimybi\u0173.<\/p>","protected":false},"featured_media":79908,"template":"","meta":{"_acf_changed":false,"_glsr_average":0,"_glsr_ranking":0,"_glsr_reviews":0},"product_brand":[],"product_cat":[891,883,229],"product_tag":[],"class_list":{"0":"post-79906","1":"product","2":"type-product","3":"status-publish","4":"has-post-thumbnail","6":"product_cat-medines-transporto-priemones","7":"product_cat-mediniai-zaislai-2","8":"product_cat-zaislai-vaikams","9":"\"style=\"background-color: #2ecc711c;\"","11":"first","12":"instock","13":"purchasable","14":"product-type-simple"},"acf":[],"yoast_head":"<!-- This site is optimized with the Yoast SEO plugin v27.3 - https:\/\/yoast.com\/product\/yoast-seo-wordpress\/ -->\n<title>WOOPIE GREEN Medin\u0117 Dviauk\u0161t\u0117 automobili\u0173 stov\u0117jimo aik\u0161tel\u0117 2in1 Degalin\u0117 su automobiliais ir fig\u016br\u0117l\u0117mis 12 vnt. FSC<\/title>\n<meta name=\"description\" content=\"WOOPIE GREEN Medin\u0117 Dviauk\u0161t\u0117 automobili\u0173 stov\u0117jimo aik\u0161tel\u0117 2in1 Degalin\u0117 su automobiliais ir fig\u016br\u0117l\u0117mis 12 vnt. FSC - KidsPlay. Did\u017eiausias vaik\u0173 \u017eaisl\u0173 pasirinkimas.\" \/>\n<meta name=\"robots\" content=\"index, follow, max-snippet:-1, max-image-preview:large, max-video-preview:-1\" \/>\n<link rel=\"canonical\" href=\"https:\/\/kidsplay.lt\/lv\/products\/woopie-green-medine-dviaukste-automobiliu-stovejimo-aikstele-2in1-degaline-su-automobiliais-ir-figurelemis-12-vnt-fsc\/\" \/>\n<meta property=\"og:locale\" content=\"lv_LV\" \/>\n<meta property=\"og:type\" content=\"article\" \/>\n<meta property=\"og:title\" content=\"WOOPIE GREEN Medin\u0117 Dviauk\u0161t\u0117 automobili\u0173 stov\u0117jimo aik\u0161tel\u0117 2in1 Degalin\u0117 su automobiliais ir fig\u016br\u0117l\u0117mis 12 vnt. FSC\" \/>\n<meta property=\"og:description\" content=\"WOOPIE GREEN Medin\u0117 Dviauk\u0161t\u0117 automobili\u0173 stov\u0117jimo aik\u0161tel\u0117 2in1 Degalin\u0117 su automobiliais ir fig\u016br\u0117l\u0117mis 12 vnt. FSC - KidsPlay. Did\u017eiausias vaik\u0173 \u017eaisl\u0173 pasirinkimas.\" \/>\n<meta property=\"og:url\" content=\"https:\/\/kidsplay.lt\/lv\/products\/woopie-green-medine-dviaukste-automobiliu-stovejimo-aikstele-2in1-degaline-su-automobiliais-ir-figurelemis-12-vnt-fsc\/\" \/>\n<meta property=\"og:site_name\" content=\"KidsPlay\" \/>\n<meta property=\"article:publisher\" content=\"https:\/\/www.facebook.com\/www.kidsplay.lt\" \/>\n<meta property=\"article:modified_time\" content=\"2026-04-07T06:57:57+00:00\" \/>\n<meta property=\"og:image\" content=\"https:\/\/kidsplay.lt\/wp-content\/uploads\/2025\/11\/WOOPIE-GREEN-Medine-Dviaukste-automobiliu-stovejimo-aikstele-2in1-Degaline-su-automobiliais-ir-figurelemis-12-vnt.-FSC.jpg\" \/>\n\t<meta property=\"og:image:width\" content=\"1000\" \/>\n\t<meta property=\"og:image:height\" content=\"1000\" \/>\n\t<meta property=\"og:image:type\" content=\"image\/jpeg\" \/>\n<meta name=\"twitter:card\" content=\"summary_large_image\" \/>\n<meta name=\"twitter:label1\" content=\"Est. reading time\" \/>\n\t<meta name=\"twitter:data1\" content=\"1 min\u016bte\" \/>\n<script type=\"application\/ld+json\" class=\"yoast-schema-graph\">{\"@context\":\"https:\\\/\\\/schema.org\",\"@graph\":[{\"@type\":\"WebPage\",\"@id\":\"https:\\\/\\\/kidsplay.lt\\\/produktas\\\/woopie-green-medine-dviaukste-automobiliu-stovejimo-aikstele-2in1-degaline-su-automobiliais-ir-figurelemis-12-vnt-fsc\\\/\",\"url\":\"https:\\\/\\\/kidsplay.lt\\\/produktas\\\/woopie-green-medine-dviaukste-automobiliu-stovejimo-aikstele-2in1-degaline-su-automobiliais-ir-figurelemis-12-vnt-fsc\\\/\",\"name\":\"WOOPIE GREEN Medin\u0117 Dviauk\u0161t\u0117 automobili\u0173 stov\u0117jimo aik\u0161tel\u0117 2in1 Degalin\u0117 su automobiliais ir fig\u016br\u0117l\u0117mis 12 vnt. FSC\",\"isPartOf\":{\"@id\":\"https:\\\/\\\/kidsplay.lt\\\/#website\"},\"primaryImageOfPage\":{\"@id\":\"https:\\\/\\\/kidsplay.lt\\\/produktas\\\/woopie-green-medine-dviaukste-automobiliu-stovejimo-aikstele-2in1-degaline-su-automobiliais-ir-figurelemis-12-vnt-fsc\\\/#primaryimage\"},\"image\":{\"@id\":\"https:\\\/\\\/kidsplay.lt\\\/produktas\\\/woopie-green-medine-dviaukste-automobiliu-stovejimo-aikstele-2in1-degaline-su-automobiliais-ir-figurelemis-12-vnt-fsc\\\/#primaryimage\"},\"thumbnailUrl\":\"https:\\\/\\\/kidsplay.lt\\\/wp-content\\\/uploads\\\/2025\\\/11\\\/WOOPIE-GREEN-Medine-Dviaukste-automobiliu-stovejimo-aikstele-2in1-Degaline-su-automobiliais-ir-figurelemis-12-vnt.-FSC.jpg\",\"datePublished\":\"2025-11-09T10:08:19+00:00\",\"dateModified\":\"2026-04-07T06:57:57+00:00\",\"description\":\"WOOPIE GREEN Medin\u0117 Dviauk\u0161t\u0117 automobili\u0173 stov\u0117jimo aik\u0161tel\u0117 2in1 Degalin\u0117 su automobiliais ir fig\u016br\u0117l\u0117mis 12 vnt. FSC - KidsPlay. Did\u017eiausias vaik\u0173 \u017eaisl\u0173 pasirinkimas.\",\"breadcrumb\":{\"@id\":\"https:\\\/\\\/kidsplay.lt\\\/produktas\\\/woopie-green-medine-dviaukste-automobiliu-stovejimo-aikstele-2in1-degaline-su-automobiliais-ir-figurelemis-12-vnt-fsc\\\/#breadcrumb\"},\"inLanguage\":\"lv-LV\",\"potentialAction\":[{\"@type\":\"ReadAction\",\"target\":[\"https:\\\/\\\/kidsplay.lt\\\/produktas\\\/woopie-green-medine-dviaukste-automobiliu-stovejimo-aikstele-2in1-degaline-su-automobiliais-ir-figurelemis-12-vnt-fsc\\\/\"]}]},{\"@type\":\"ImageObject\",\"inLanguage\":\"lv-LV\",\"@id\":\"https:\\\/\\\/kidsplay.lt\\\/produktas\\\/woopie-green-medine-dviaukste-automobiliu-stovejimo-aikstele-2in1-degaline-su-automobiliais-ir-figurelemis-12-vnt-fsc\\\/#primaryimage\",\"url\":\"https:\\\/\\\/kidsplay.lt\\\/wp-content\\\/uploads\\\/2025\\\/11\\\/WOOPIE-GREEN-Medine-Dviaukste-automobiliu-stovejimo-aikstele-2in1-Degaline-su-automobiliais-ir-figurelemis-12-vnt.-FSC.jpg\",\"contentUrl\":\"https:\\\/\\\/kidsplay.lt\\\/wp-content\\\/uploads\\\/2025\\\/11\\\/WOOPIE-GREEN-Medine-Dviaukste-automobiliu-stovejimo-aikstele-2in1-Degaline-su-automobiliais-ir-figurelemis-12-vnt.-FSC.jpg\",\"width\":1000,\"height\":1000,\"caption\":\"WOOPIE GREEN Medin\u0117 Dviauk\u0161t\u0117 automobili\u0173 stov\u0117jimo aik\u0161tel\u0117 2in1 Degalin\u0117 su automobiliais ir fig\u016br\u0117l\u0117mis 12 vnt. FSC\"},{\"@type\":\"BreadcrumbList\",\"@id\":\"https:\\\/\\\/kidsplay.lt\\\/produktas\\\/woopie-green-medine-dviaukste-automobiliu-stovejimo-aikstele-2in1-degaline-su-automobiliais-ir-figurelemis-12-vnt-fsc\\\/#breadcrumb\",\"itemListElement\":[{\"@type\":\"ListItem\",\"position\":1,\"name\":\"Pagrindinis\",\"item\":\"https:\\\/\\\/kidsplay.lt\\\/\"},{\"@type\":\"ListItem\",\"position\":2,\"name\":\"Parduotuv\u0117\",\"item\":\"https:\\\/\\\/kidsplay.lt\\\/parduotuve\\\/\"},{\"@type\":\"ListItem\",\"position\":3,\"name\":\"WOOPIE GREEN Medin\u0117 Dviauk\u0161t\u0117 automobili\u0173 stov\u0117jimo aik\u0161tel\u0117 2in1 Degalin\u0117 su automobiliais ir fig\u016br\u0117l\u0117mis 12 vnt. FSC\"}]},{\"@type\":\"WebSite\",\"@id\":\"https:\\\/\\\/kidsplay.lt\\\/#website\",\"url\":\"https:\\\/\\\/kidsplay.lt\\\/\",\"name\":\"Kidsplay.lt\",\"description\":\"\u012evairios prek\u0117s vaikams\",\"publisher\":{\"@id\":\"https:\\\/\\\/kidsplay.lt\\\/#organization\"},\"alternateName\":\"Kidsplay\",\"potentialAction\":[{\"@type\":\"SearchAction\",\"target\":{\"@type\":\"EntryPoint\",\"urlTemplate\":\"https:\\\/\\\/kidsplay.lt\\\/?s={search_term_string}\"},\"query-input\":{\"@type\":\"PropertyValueSpecification\",\"valueRequired\":true,\"valueName\":\"search_term_string\"}}],\"inLanguage\":\"lv-LV\"},{\"@type\":\"Organization\",\"@id\":\"https:\\\/\\\/kidsplay.lt\\\/#organization\",\"name\":\"KidsPlay\",\"url\":\"https:\\\/\\\/kidsplay.lt\\\/\",\"logo\":{\"@type\":\"ImageObject\",\"inLanguage\":\"lv-LV\",\"@id\":\"https:\\\/\\\/kidsplay.lt\\\/#\\\/schema\\\/logo\\\/image\\\/\",\"url\":\"https:\\\/\\\/kidsplay.lt\\\/wp-content\\\/uploads\\\/2023\\\/07\\\/kidsplay-logo.png\",\"contentUrl\":\"https:\\\/\\\/kidsplay.lt\\\/wp-content\\\/uploads\\\/2023\\\/07\\\/kidsplay-logo.png\",\"width\":451,\"height\":98,\"caption\":\"KidsPlay\"},\"image\":{\"@id\":\"https:\\\/\\\/kidsplay.lt\\\/#\\\/schema\\\/logo\\\/image\\\/\"},\"sameAs\":[\"https:\\\/\\\/www.facebook.com\\\/www.kidsplay.lt\"]}]}<\/script>\n<!-- \/ Yoast SEO plugin. -->","yoast_head_json":{"title":"WOOPIE GREEN Medin\u0117 Dviauk\u0161t\u0117 automobili\u0173 stov\u0117jimo aik\u0161tel\u0117 2in1 Degalin\u0117 su automobiliais ir fig\u016br\u0117l\u0117mis 12 vnt. FSC","description":"WOOPIE GREEN Medin\u0117 Dviauk\u0161t\u0117 automobili\u0173 stov\u0117jimo aik\u0161tel\u0117 2in1 Degalin\u0117 su automobiliais ir fig\u016br\u0117l\u0117mis 12 vnt. FSC - KidsPlay. Did\u017eiausias vaik\u0173 \u017eaisl\u0173 pasirinkimas.","robots":{"index":"index","follow":"follow","max-snippet":"max-snippet:-1","max-image-preview":"max-image-preview:large","max-video-preview":"max-video-preview:-1"},"canonical":"https:\/\/kidsplay.lt\/lv\/products\/woopie-green-medine-dviaukste-automobiliu-stovejimo-aikstele-2in1-degaline-su-automobiliais-ir-figurelemis-12-vnt-fsc\/","og_locale":"lv_LV","og_type":"article","og_title":"WOOPIE GREEN Medin\u0117 Dviauk\u0161t\u0117 automobili\u0173 stov\u0117jimo aik\u0161tel\u0117 2in1 Degalin\u0117 su automobiliais ir fig\u016br\u0117l\u0117mis 12 vnt. FSC","og_description":"WOOPIE GREEN Medin\u0117 Dviauk\u0161t\u0117 automobili\u0173 stov\u0117jimo aik\u0161tel\u0117 2in1 Degalin\u0117 su automobiliais ir fig\u016br\u0117l\u0117mis 12 vnt. FSC - KidsPlay. Did\u017eiausias vaik\u0173 \u017eaisl\u0173 pasirinkimas.","og_url":"https:\/\/kidsplay.lt\/lv\/products\/woopie-green-medine-dviaukste-automobiliu-stovejimo-aikstele-2in1-degaline-su-automobiliais-ir-figurelemis-12-vnt-fsc\/","og_site_name":"KidsPlay","article_publisher":"https:\/\/www.facebook.com\/www.kidsplay.lt","article_modified_time":"2026-04-07T06:57:57+00:00","og_image":[{"width":1000,"height":1000,"url":"https:\/\/kidsplay.lt\/wp-content\/uploads\/2025\/11\/WOOPIE-GREEN-Medine-Dviaukste-automobiliu-stovejimo-aikstele-2in1-Degaline-su-automobiliais-ir-figurelemis-12-vnt.-FSC.jpg","type":"image\/jpeg"}],"twitter_card":"summary_large_image","twitter_misc":{"Est. reading time":"1 min\u016bte"},"schema":{"@context":"https:\/\/schema.org","@graph":[{"@type":"WebPage","@id":"https:\/\/kidsplay.lt\/produktas\/woopie-green-medine-dviaukste-automobiliu-stovejimo-aikstele-2in1-degaline-su-automobiliais-ir-figurelemis-12-vnt-fsc\/","url":"https:\/\/kidsplay.lt\/produktas\/woopie-green-medine-dviaukste-automobiliu-stovejimo-aikstele-2in1-degaline-su-automobiliais-ir-figurelemis-12-vnt-fsc\/","name":"WOOPIE GREEN Medin\u0117 Dviauk\u0161t\u0117 automobili\u0173 stov\u0117jimo aik\u0161tel\u0117 2in1 Degalin\u0117 su automobiliais ir fig\u016br\u0117l\u0117mis 12 vnt. FSC","isPartOf":{"@id":"https:\/\/kidsplay.lt\/#website"},"primaryImageOfPage":{"@id":"https:\/\/kidsplay.lt\/produktas\/woopie-green-medine-dviaukste-automobiliu-stovejimo-aikstele-2in1-degaline-su-automobiliais-ir-figurelemis-12-vnt-fsc\/#primaryimage"},"image":{"@id":"https:\/\/kidsplay.lt\/produktas\/woopie-green-medine-dviaukste-automobiliu-stovejimo-aikstele-2in1-degaline-su-automobiliais-ir-figurelemis-12-vnt-fsc\/#primaryimage"},"thumbnailUrl":"https:\/\/kidsplay.lt\/wp-content\/uploads\/2025\/11\/WOOPIE-GREEN-Medine-Dviaukste-automobiliu-stovejimo-aikstele-2in1-Degaline-su-automobiliais-ir-figurelemis-12-vnt.-FSC.jpg","datePublished":"2025-11-09T10:08:19+00:00","dateModified":"2026-04-07T06:57:57+00:00","description":"WOOPIE GREEN Medin\u0117 Dviauk\u0161t\u0117 automobili\u0173 stov\u0117jimo aik\u0161tel\u0117 2in1 Degalin\u0117 su automobiliais ir fig\u016br\u0117l\u0117mis 12 vnt. FSC - KidsPlay. Did\u017eiausias vaik\u0173 \u017eaisl\u0173 pasirinkimas.","breadcrumb":{"@id":"https:\/\/kidsplay.lt\/produktas\/woopie-green-medine-dviaukste-automobiliu-stovejimo-aikstele-2in1-degaline-su-automobiliais-ir-figurelemis-12-vnt-fsc\/#breadcrumb"},"inLanguage":"lv-LV","potentialAction":[{"@type":"ReadAction","target":["https:\/\/kidsplay.lt\/produktas\/woopie-green-medine-dviaukste-automobiliu-stovejimo-aikstele-2in1-degaline-su-automobiliais-ir-figurelemis-12-vnt-fsc\/"]}]},{"@type":"ImageObject","inLanguage":"lv-LV","@id":"https:\/\/kidsplay.lt\/produktas\/woopie-green-medine-dviaukste-automobiliu-stovejimo-aikstele-2in1-degaline-su-automobiliais-ir-figurelemis-12-vnt-fsc\/#primaryimage","url":"https:\/\/kidsplay.lt\/wp-content\/uploads\/2025\/11\/WOOPIE-GREEN-Medine-Dviaukste-automobiliu-stovejimo-aikstele-2in1-Degaline-su-automobiliais-ir-figurelemis-12-vnt.-FSC.jpg","contentUrl":"https:\/\/kidsplay.lt\/wp-content\/uploads\/2025\/11\/WOOPIE-GREEN-Medine-Dviaukste-automobiliu-stovejimo-aikstele-2in1-Degaline-su-automobiliais-ir-figurelemis-12-vnt.-FSC.jpg","width":1000,"height":1000,"caption":"WOOPIE GREEN Medin\u0117 Dviauk\u0161t\u0117 automobili\u0173 stov\u0117jimo aik\u0161tel\u0117 2in1 Degalin\u0117 su automobiliais ir fig\u016br\u0117l\u0117mis 12 vnt. FSC"},{"@type":"BreadcrumbList","@id":"https:\/\/kidsplay.lt\/produktas\/woopie-green-medine-dviaukste-automobiliu-stovejimo-aikstele-2in1-degaline-su-automobiliais-ir-figurelemis-12-vnt-fsc\/#breadcrumb","itemListElement":[{"@type":"ListItem","position":1,"name":"Pagrindinis","item":"https:\/\/kidsplay.lt\/"},{"@type":"ListItem","position":2,"name":"Parduotuv\u0117","item":"https:\/\/kidsplay.lt\/parduotuve\/"},{"@type":"ListItem","position":3,"name":"WOOPIE GREEN Medin\u0117 Dviauk\u0161t\u0117 automobili\u0173 stov\u0117jimo aik\u0161tel\u0117 2in1 Degalin\u0117 su automobiliais ir fig\u016br\u0117l\u0117mis 12 vnt. FSC"}]},{"@type":"WebSite","@id":"https:\/\/kidsplay.lt\/#website","url":"https:\/\/kidsplay.lt\/","name":"B\u0113rnu sp\u0113les.lv","description":"\u012evairios prek\u0117s vaikams","publisher":{"@id":"https:\/\/kidsplay.lt\/#organization"},"alternateName":"Kidsplay","potentialAction":[{"@type":"SearchAction","target":{"@type":"EntryPoint","urlTemplate":"https:\/\/kidsplay.lt\/?s={search_term_string}"},"query-input":{"@type":"PropertyValueSpecification","valueRequired":true,"valueName":"search_term_string"}}],"inLanguage":"lv-LV"},{"@type":"Organization","@id":"https:\/\/kidsplay.lt\/#organization","name":"B\u0113rnu sp\u0113le","url":"https:\/\/kidsplay.lt\/","logo":{"@type":"ImageObject","inLanguage":"lv-LV","@id":"https:\/\/kidsplay.lt\/#\/schema\/logo\/image\/","url":"https:\/\/kidsplay.lt\/wp-content\/uploads\/2023\/07\/kidsplay-logo.png","contentUrl":"https:\/\/kidsplay.lt\/wp-content\/uploads\/2023\/07\/kidsplay-logo.png","width":451,"height":98,"caption":"KidsPlay"},"image":{"@id":"https:\/\/kidsplay.lt\/#\/schema\/logo\/image\/"},"sameAs":["https:\/\/www.facebook.com\/www.kidsplay.lt"]}]}},"_links":{"self":[{"href":"https:\/\/kidsplay.lt\/lv\/wp-json\/wp\/v2\/product\/79906","targetHints":{"allow":["GET"]}}],"collection":[{"href":"https:\/\/kidsplay.lt\/lv\/wp-json\/wp\/v2\/product"}],"about":[{"href":"https:\/\/kidsplay.lt\/lv\/wp-json\/wp\/v2\/types\/product"}],"version-history":[{"count":1,"href":"https:\/\/kidsplay.lt\/lv\/wp-json\/wp\/v2\/product\/79906\/revisions"}],"predecessor-version":[{"id":79907,"href":"https:\/\/kidsplay.lt\/lv\/wp-json\/wp\/v2\/product\/79906\/revisions\/79907"}],"wp:featuredmedia":[{"embeddable":true,"href":"https:\/\/kidsplay.lt\/lv\/wp-json\/wp\/v2\/media\/79908"}],"wp:attachment":[{"href":"https:\/\/kidsplay.lt\/lv\/wp-json\/wp\/v2\/media?parent=79906"}],"wp:term":[{"taxonomy":"product_brand","embeddable":true,"href":"https:\/\/kidsplay.lt\/lv\/wp-json\/wp\/v2\/product_brand?post=79906"},{"taxonomy":"product_cat","embeddable":true,"href":"https:\/\/kidsplay.lt\/lv\/wp-json\/wp\/v2\/product_cat?post=79906"},{"taxonomy":"product_tag","embeddable":true,"href":"https:\/\/kidsplay.lt\/lv\/wp-json\/wp\/v2\/product_tag?post=79906"}],"curies":[{"name":"wp","href":"https:\/\/api.w.org\/{rel}","templated":true}]}}