{"id":79921,"date":"2025-11-09T12:09:03","date_gmt":"2025-11-09T10:09:03","guid":{"rendered":"https:\/\/kidsplay.lt\/produktas\/woopie-royal-lele-lili-princese-su-aksesuarais-puiki-dovana-mazajai-princesei\/"},"modified":"2026-04-07T09:58:01","modified_gmt":"2026-04-07T06:58:01","slug":"woopie-royal-lele-lili-princese-su-aksesuarais-puiki-dovana-mazajai-princesei","status":"publish","type":"product","link":"https:\/\/kidsplay.lt\/lv\/products\/woopie-royal-lele-lili-princese-su-aksesuarais-puiki-dovana-mazajai-princesei\/","title":{"rendered":"WOOPIE ROYAL L\u0117l\u0117 Lili Princes\u0117 su aksesuarais \u2013 Puiki dovana Ma\u017eajai Princesei"},"content":{"rendered":"<p>Susipa\u017einkite su unikalia princese Lily Doll i\u0161 Woopie Royal\u00a0\u2013 tikroji pasak\u0173 pasaulio karalien\u0117! Apsireng\u0119 blizgia, pasteline suknele ir su\u00a0ilgi, rausvi plaukai,\u00a0\u0161ukuojama ir stilizuojama Lily d\u017eiugina savo elegancija ir \u017eavesiu. Rinkinyje rasite\u00a0violetin\u0117s kriaukl\u0117s formos \u0161ukos\u00a0ir brangakmeni\u0173 \u017eiedas, pabr\u0117\u017eiantis jos karali\u0161k\u0105j\u012f charakter\u012f. \u0160i l\u0117l\u0117 yra ne tik gra\u017eus \u017eaislas, bet ir b\u016bdas lavinti vaiko vaizduot\u0119 ir k\u016brybi\u0161kum\u0105. Puikiai tinka kaip dovana ma\u017eam pasak\u0173 myl\u0117tojui ir princes\u0117ms!<\/p>\n<p>Raksturojums:<\/p>\n<p> \t&#8211; Eleganti\u0161ka, karali\u0161kos i\u0161vaizdos \u2013 blizganti pastelini\u0173 spalv\u0173 suknel\u0117<br \/>\n \t&#8211; Ilgi ro\u017einiai plaukai \u2013 \u0161ukavimui, stilizavimui ir \u0161ukuosen\u0173 k\u016brimui<br \/>\n \t&#8211; R\u016bm\u0173 stiliaus aksesuarai \u2013 auksin\u0117s \u0161ukos ir \u017eiedas<br \/>\n \t&#8211; Kruop\u0161\u010diai pagamintos detal\u0117s \u2013 auk\u0161ta kokyb\u0117 ir ilgaam\u017ei\u0161kumas<br \/>\n \t&#8211; L\u0117l\u0117, kurios auk\u0161tis yra tobulas ma\u017eosioms k\u016bdikio rankyt\u0117ms<br \/>\n \t&#8211; Skirta vaikams nuo 3 met\u0173 am\u017eiaus<br \/>\n \t&#8211; Estetin\u0117, dekoratyvin\u0117 \u2013 pakuot\u0117 puikiai tinka dovanai<\/p>\n<p>turinys:<\/p>\n<p> \t&#8211; L\u0117l\u0117\u00a0Princes\u0117 Lily\u00a0blizgan\u010dia suknele<br \/>\n \t&#8211; Kriaukl\u0117s formos auksin\u0117s \u0161ukos<br \/>\n \t&#8211; \u017diedas su blizgiu \u201egem\u201d<br \/>\n \t&#8211; Stilinga pastelini\u0173 atspalvi\u0173 suknel\u0117<br \/>\n \t&#8211; Eleganti\u0161ka dovan\u0173 d\u0117\u017eut\u0117<\/p>","protected":false},"excerpt":{"rendered":"<p>Susipa\u017einkite su unikalia princese Lily Doll i\u0161 Woopie Royal\u00a0\u2013 tikroji pasak\u0173 pasaulio karalien\u0117! Apsireng\u0119 blizgia, pasteline suknele ir su\u00a0ilgi, rausvi<\/p>","protected":false},"featured_media":79923,"template":"","meta":{"_acf_changed":false,"_glsr_average":0,"_glsr_ranking":0,"_glsr_reviews":0},"product_brand":[],"product_cat":[443,229],"product_tag":[],"class_list":{"0":"post-79921","1":"product","2":"type-product","3":"status-publish","4":"has-post-thumbnail","6":"product_cat-leles-ir-priedai","7":"product_cat-zaislai-vaikams","8":"\"style=\"background-color: #2ecc711c;\"","10":"first","11":"instock","12":"purchasable","13":"product-type-simple"},"acf":[],"yoast_head":"<!-- This site is optimized with the Yoast SEO plugin v27.3 - https:\/\/yoast.com\/product\/yoast-seo-wordpress\/ -->\n<title>WOOPIE ROYAL L\u0117l\u0117 Lili Princes\u0117 su aksesuarais \u2013 Puiki dovana Ma\u017eajai Princesei<\/title>\n<meta name=\"description\" content=\"WOOPIE ROYAL L\u0117l\u0117 Lili Princes\u0117 su aksesuarais \u2013 Puiki dovana Ma\u017eajai Princesei - KidsPlay. Did\u017eiausias vaik\u0173 \u017eaisl\u0173 pasirinkimas.\" \/>\n<meta name=\"robots\" content=\"index, follow, max-snippet:-1, max-image-preview:large, max-video-preview:-1\" \/>\n<link rel=\"canonical\" href=\"https:\/\/kidsplay.lt\/lv\/products\/woopie-royal-lele-lili-princese-su-aksesuarais-puiki-dovana-mazajai-princesei\/\" \/>\n<meta property=\"og:locale\" content=\"lv_LV\" \/>\n<meta property=\"og:type\" content=\"article\" \/>\n<meta property=\"og:title\" content=\"WOOPIE ROYAL L\u0117l\u0117 Lili Princes\u0117 su aksesuarais \u2013 Puiki dovana Ma\u017eajai Princesei\" \/>\n<meta property=\"og:description\" content=\"WOOPIE ROYAL L\u0117l\u0117 Lili Princes\u0117 su aksesuarais \u2013 Puiki dovana Ma\u017eajai Princesei - KidsPlay. Did\u017eiausias vaik\u0173 \u017eaisl\u0173 pasirinkimas.\" \/>\n<meta property=\"og:url\" content=\"https:\/\/kidsplay.lt\/lv\/products\/woopie-royal-lele-lili-princese-su-aksesuarais-puiki-dovana-mazajai-princesei\/\" \/>\n<meta property=\"og:site_name\" content=\"KidsPlay\" \/>\n<meta property=\"article:publisher\" content=\"https:\/\/www.facebook.com\/www.kidsplay.lt\" \/>\n<meta property=\"article:modified_time\" content=\"2026-04-07T06:58:01+00:00\" \/>\n<meta property=\"og:image\" content=\"https:\/\/kidsplay.lt\/wp-content\/uploads\/2025\/11\/WOOPIE-ROYAL-Lele-Lili-Princese-su-aksesuarais-\u2013-Puiki-dovana-Mazajai-Princesei.jpg\" \/>\n\t<meta property=\"og:image:width\" content=\"1000\" \/>\n\t<meta property=\"og:image:height\" content=\"1000\" \/>\n\t<meta property=\"og:image:type\" content=\"image\/jpeg\" \/>\n<meta name=\"twitter:card\" content=\"summary_large_image\" \/>\n<meta name=\"twitter:label1\" content=\"Est. reading time\" \/>\n\t<meta name=\"twitter:data1\" content=\"1 min\u016bte\" \/>\n<script type=\"application\/ld+json\" class=\"yoast-schema-graph\">{\"@context\":\"https:\\\/\\\/schema.org\",\"@graph\":[{\"@type\":\"WebPage\",\"@id\":\"https:\\\/\\\/kidsplay.lt\\\/produktas\\\/woopie-royal-lele-lili-princese-su-aksesuarais-puiki-dovana-mazajai-princesei\\\/\",\"url\":\"https:\\\/\\\/kidsplay.lt\\\/produktas\\\/woopie-royal-lele-lili-princese-su-aksesuarais-puiki-dovana-mazajai-princesei\\\/\",\"name\":\"WOOPIE ROYAL L\u0117l\u0117 Lili Princes\u0117 su aksesuarais \u2013 Puiki dovana Ma\u017eajai Princesei\",\"isPartOf\":{\"@id\":\"https:\\\/\\\/kidsplay.lt\\\/#website\"},\"primaryImageOfPage\":{\"@id\":\"https:\\\/\\\/kidsplay.lt\\\/produktas\\\/woopie-royal-lele-lili-princese-su-aksesuarais-puiki-dovana-mazajai-princesei\\\/#primaryimage\"},\"image\":{\"@id\":\"https:\\\/\\\/kidsplay.lt\\\/produktas\\\/woopie-royal-lele-lili-princese-su-aksesuarais-puiki-dovana-mazajai-princesei\\\/#primaryimage\"},\"thumbnailUrl\":\"https:\\\/\\\/kidsplay.lt\\\/wp-content\\\/uploads\\\/2025\\\/11\\\/WOOPIE-ROYAL-Lele-Lili-Princese-su-aksesuarais-\u2013-Puiki-dovana-Mazajai-Princesei.jpg\",\"datePublished\":\"2025-11-09T10:09:03+00:00\",\"dateModified\":\"2026-04-07T06:58:01+00:00\",\"description\":\"WOOPIE ROYAL L\u0117l\u0117 Lili Princes\u0117 su aksesuarais \u2013 Puiki dovana Ma\u017eajai Princesei - KidsPlay. Did\u017eiausias vaik\u0173 \u017eaisl\u0173 pasirinkimas.\",\"breadcrumb\":{\"@id\":\"https:\\\/\\\/kidsplay.lt\\\/produktas\\\/woopie-royal-lele-lili-princese-su-aksesuarais-puiki-dovana-mazajai-princesei\\\/#breadcrumb\"},\"inLanguage\":\"lv-LV\",\"potentialAction\":[{\"@type\":\"ReadAction\",\"target\":[\"https:\\\/\\\/kidsplay.lt\\\/produktas\\\/woopie-royal-lele-lili-princese-su-aksesuarais-puiki-dovana-mazajai-princesei\\\/\"]}]},{\"@type\":\"ImageObject\",\"inLanguage\":\"lv-LV\",\"@id\":\"https:\\\/\\\/kidsplay.lt\\\/produktas\\\/woopie-royal-lele-lili-princese-su-aksesuarais-puiki-dovana-mazajai-princesei\\\/#primaryimage\",\"url\":\"https:\\\/\\\/kidsplay.lt\\\/wp-content\\\/uploads\\\/2025\\\/11\\\/WOOPIE-ROYAL-Lele-Lili-Princese-su-aksesuarais-\u2013-Puiki-dovana-Mazajai-Princesei.jpg\",\"contentUrl\":\"https:\\\/\\\/kidsplay.lt\\\/wp-content\\\/uploads\\\/2025\\\/11\\\/WOOPIE-ROYAL-Lele-Lili-Princese-su-aksesuarais-\u2013-Puiki-dovana-Mazajai-Princesei.jpg\",\"width\":1000,\"height\":1000,\"caption\":\"WOOPIE ROYAL L\u0117l\u0117 Lili Princes\u0117 su aksesuarais \u2013 Puiki dovana Ma\u017eajai Princesei\"},{\"@type\":\"BreadcrumbList\",\"@id\":\"https:\\\/\\\/kidsplay.lt\\\/produktas\\\/woopie-royal-lele-lili-princese-su-aksesuarais-puiki-dovana-mazajai-princesei\\\/#breadcrumb\",\"itemListElement\":[{\"@type\":\"ListItem\",\"position\":1,\"name\":\"Pagrindinis\",\"item\":\"https:\\\/\\\/kidsplay.lt\\\/\"},{\"@type\":\"ListItem\",\"position\":2,\"name\":\"Parduotuv\u0117\",\"item\":\"https:\\\/\\\/kidsplay.lt\\\/parduotuve\\\/\"},{\"@type\":\"ListItem\",\"position\":3,\"name\":\"WOOPIE ROYAL L\u0117l\u0117 Lili Princes\u0117 su aksesuarais \u2013 Puiki dovana Ma\u017eajai Princesei\"}]},{\"@type\":\"WebSite\",\"@id\":\"https:\\\/\\\/kidsplay.lt\\\/#website\",\"url\":\"https:\\\/\\\/kidsplay.lt\\\/\",\"name\":\"Kidsplay.lt\",\"description\":\"\u012evairios prek\u0117s vaikams\",\"publisher\":{\"@id\":\"https:\\\/\\\/kidsplay.lt\\\/#organization\"},\"alternateName\":\"Kidsplay\",\"potentialAction\":[{\"@type\":\"SearchAction\",\"target\":{\"@type\":\"EntryPoint\",\"urlTemplate\":\"https:\\\/\\\/kidsplay.lt\\\/?s={search_term_string}\"},\"query-input\":{\"@type\":\"PropertyValueSpecification\",\"valueRequired\":true,\"valueName\":\"search_term_string\"}}],\"inLanguage\":\"lv-LV\"},{\"@type\":\"Organization\",\"@id\":\"https:\\\/\\\/kidsplay.lt\\\/#organization\",\"name\":\"KidsPlay\",\"url\":\"https:\\\/\\\/kidsplay.lt\\\/\",\"logo\":{\"@type\":\"ImageObject\",\"inLanguage\":\"lv-LV\",\"@id\":\"https:\\\/\\\/kidsplay.lt\\\/#\\\/schema\\\/logo\\\/image\\\/\",\"url\":\"https:\\\/\\\/kidsplay.lt\\\/wp-content\\\/uploads\\\/2023\\\/07\\\/kidsplay-logo.png\",\"contentUrl\":\"https:\\\/\\\/kidsplay.lt\\\/wp-content\\\/uploads\\\/2023\\\/07\\\/kidsplay-logo.png\",\"width\":451,\"height\":98,\"caption\":\"KidsPlay\"},\"image\":{\"@id\":\"https:\\\/\\\/kidsplay.lt\\\/#\\\/schema\\\/logo\\\/image\\\/\"},\"sameAs\":[\"https:\\\/\\\/www.facebook.com\\\/www.kidsplay.lt\"]}]}<\/script>\n<!-- \/ Yoast SEO plugin. -->","yoast_head_json":{"title":"WOOPIE ROYAL L\u0117l\u0117 Lili Princes\u0117 su aksesuarais \u2013 Puiki dovana Ma\u017eajai Princesei","description":"WOOPIE ROYAL L\u0117l\u0117 Lili Princes\u0117 su aksesuarais \u2013 Puiki dovana Ma\u017eajai Princesei - KidsPlay. Did\u017eiausias vaik\u0173 \u017eaisl\u0173 pasirinkimas.","robots":{"index":"index","follow":"follow","max-snippet":"max-snippet:-1","max-image-preview":"max-image-preview:large","max-video-preview":"max-video-preview:-1"},"canonical":"https:\/\/kidsplay.lt\/lv\/products\/woopie-royal-lele-lili-princese-su-aksesuarais-puiki-dovana-mazajai-princesei\/","og_locale":"lv_LV","og_type":"article","og_title":"WOOPIE ROYAL L\u0117l\u0117 Lili Princes\u0117 su aksesuarais \u2013 Puiki dovana Ma\u017eajai Princesei","og_description":"WOOPIE ROYAL L\u0117l\u0117 Lili Princes\u0117 su aksesuarais \u2013 Puiki dovana Ma\u017eajai Princesei - KidsPlay. Did\u017eiausias vaik\u0173 \u017eaisl\u0173 pasirinkimas.","og_url":"https:\/\/kidsplay.lt\/lv\/products\/woopie-royal-lele-lili-princese-su-aksesuarais-puiki-dovana-mazajai-princesei\/","og_site_name":"KidsPlay","article_publisher":"https:\/\/www.facebook.com\/www.kidsplay.lt","article_modified_time":"2026-04-07T06:58:01+00:00","og_image":[{"width":1000,"height":1000,"url":"https:\/\/kidsplay.lt\/wp-content\/uploads\/2025\/11\/WOOPIE-ROYAL-Lele-Lili-Princese-su-aksesuarais-\u2013-Puiki-dovana-Mazajai-Princesei.jpg","type":"image\/jpeg"}],"twitter_card":"summary_large_image","twitter_misc":{"Est. reading time":"1 min\u016bte"},"schema":{"@context":"https:\/\/schema.org","@graph":[{"@type":"WebPage","@id":"https:\/\/kidsplay.lt\/produktas\/woopie-royal-lele-lili-princese-su-aksesuarais-puiki-dovana-mazajai-princesei\/","url":"https:\/\/kidsplay.lt\/produktas\/woopie-royal-lele-lili-princese-su-aksesuarais-puiki-dovana-mazajai-princesei\/","name":"WOOPIE ROYAL L\u0117l\u0117 Lili Princes\u0117 su aksesuarais \u2013 Puiki dovana Ma\u017eajai Princesei","isPartOf":{"@id":"https:\/\/kidsplay.lt\/#website"},"primaryImageOfPage":{"@id":"https:\/\/kidsplay.lt\/produktas\/woopie-royal-lele-lili-princese-su-aksesuarais-puiki-dovana-mazajai-princesei\/#primaryimage"},"image":{"@id":"https:\/\/kidsplay.lt\/produktas\/woopie-royal-lele-lili-princese-su-aksesuarais-puiki-dovana-mazajai-princesei\/#primaryimage"},"thumbnailUrl":"https:\/\/kidsplay.lt\/wp-content\/uploads\/2025\/11\/WOOPIE-ROYAL-Lele-Lili-Princese-su-aksesuarais-\u2013-Puiki-dovana-Mazajai-Princesei.jpg","datePublished":"2025-11-09T10:09:03+00:00","dateModified":"2026-04-07T06:58:01+00:00","description":"WOOPIE ROYAL L\u0117l\u0117 Lili Princes\u0117 su aksesuarais \u2013 Puiki dovana Ma\u017eajai Princesei - KidsPlay. Did\u017eiausias vaik\u0173 \u017eaisl\u0173 pasirinkimas.","breadcrumb":{"@id":"https:\/\/kidsplay.lt\/produktas\/woopie-royal-lele-lili-princese-su-aksesuarais-puiki-dovana-mazajai-princesei\/#breadcrumb"},"inLanguage":"lv-LV","potentialAction":[{"@type":"ReadAction","target":["https:\/\/kidsplay.lt\/produktas\/woopie-royal-lele-lili-princese-su-aksesuarais-puiki-dovana-mazajai-princesei\/"]}]},{"@type":"ImageObject","inLanguage":"lv-LV","@id":"https:\/\/kidsplay.lt\/produktas\/woopie-royal-lele-lili-princese-su-aksesuarais-puiki-dovana-mazajai-princesei\/#primaryimage","url":"https:\/\/kidsplay.lt\/wp-content\/uploads\/2025\/11\/WOOPIE-ROYAL-Lele-Lili-Princese-su-aksesuarais-\u2013-Puiki-dovana-Mazajai-Princesei.jpg","contentUrl":"https:\/\/kidsplay.lt\/wp-content\/uploads\/2025\/11\/WOOPIE-ROYAL-Lele-Lili-Princese-su-aksesuarais-\u2013-Puiki-dovana-Mazajai-Princesei.jpg","width":1000,"height":1000,"caption":"WOOPIE ROYAL L\u0117l\u0117 Lili Princes\u0117 su aksesuarais \u2013 Puiki dovana Ma\u017eajai Princesei"},{"@type":"BreadcrumbList","@id":"https:\/\/kidsplay.lt\/produktas\/woopie-royal-lele-lili-princese-su-aksesuarais-puiki-dovana-mazajai-princesei\/#breadcrumb","itemListElement":[{"@type":"ListItem","position":1,"name":"Pagrindinis","item":"https:\/\/kidsplay.lt\/"},{"@type":"ListItem","position":2,"name":"Parduotuv\u0117","item":"https:\/\/kidsplay.lt\/parduotuve\/"},{"@type":"ListItem","position":3,"name":"WOOPIE ROYAL L\u0117l\u0117 Lili Princes\u0117 su aksesuarais \u2013 Puiki dovana Ma\u017eajai Princesei"}]},{"@type":"WebSite","@id":"https:\/\/kidsplay.lt\/#website","url":"https:\/\/kidsplay.lt\/","name":"B\u0113rnu sp\u0113les.lv","description":"\u012evairios prek\u0117s vaikams","publisher":{"@id":"https:\/\/kidsplay.lt\/#organization"},"alternateName":"Kidsplay","potentialAction":[{"@type":"SearchAction","target":{"@type":"EntryPoint","urlTemplate":"https:\/\/kidsplay.lt\/?s={search_term_string}"},"query-input":{"@type":"PropertyValueSpecification","valueRequired":true,"valueName":"search_term_string"}}],"inLanguage":"lv-LV"},{"@type":"Organization","@id":"https:\/\/kidsplay.lt\/#organization","name":"B\u0113rnu sp\u0113le","url":"https:\/\/kidsplay.lt\/","logo":{"@type":"ImageObject","inLanguage":"lv-LV","@id":"https:\/\/kidsplay.lt\/#\/schema\/logo\/image\/","url":"https:\/\/kidsplay.lt\/wp-content\/uploads\/2023\/07\/kidsplay-logo.png","contentUrl":"https:\/\/kidsplay.lt\/wp-content\/uploads\/2023\/07\/kidsplay-logo.png","width":451,"height":98,"caption":"KidsPlay"},"image":{"@id":"https:\/\/kidsplay.lt\/#\/schema\/logo\/image\/"},"sameAs":["https:\/\/www.facebook.com\/www.kidsplay.lt"]}]}},"_links":{"self":[{"href":"https:\/\/kidsplay.lt\/lv\/wp-json\/wp\/v2\/product\/79921","targetHints":{"allow":["GET"]}}],"collection":[{"href":"https:\/\/kidsplay.lt\/lv\/wp-json\/wp\/v2\/product"}],"about":[{"href":"https:\/\/kidsplay.lt\/lv\/wp-json\/wp\/v2\/types\/product"}],"version-history":[{"count":1,"href":"https:\/\/kidsplay.lt\/lv\/wp-json\/wp\/v2\/product\/79921\/revisions"}],"predecessor-version":[{"id":79922,"href":"https:\/\/kidsplay.lt\/lv\/wp-json\/wp\/v2\/product\/79921\/revisions\/79922"}],"wp:featuredmedia":[{"embeddable":true,"href":"https:\/\/kidsplay.lt\/lv\/wp-json\/wp\/v2\/media\/79923"}],"wp:attachment":[{"href":"https:\/\/kidsplay.lt\/lv\/wp-json\/wp\/v2\/media?parent=79921"}],"wp:term":[{"taxonomy":"product_brand","embeddable":true,"href":"https:\/\/kidsplay.lt\/lv\/wp-json\/wp\/v2\/product_brand?post=79921"},{"taxonomy":"product_cat","embeddable":true,"href":"https:\/\/kidsplay.lt\/lv\/wp-json\/wp\/v2\/product_cat?post=79921"},{"taxonomy":"product_tag","embeddable":true,"href":"https:\/\/kidsplay.lt\/lv\/wp-json\/wp\/v2\/product_tag?post=79921"}],"curies":[{"name":"wp","href":"https:\/\/api.w.org\/{rel}","templated":true}]}}