{"id":79930,"date":"2025-11-09T12:10:08","date_gmt":"2025-11-09T10:10:08","guid":{"rendered":"https:\/\/kidsplay.lt\/produktas\/woopie-royal-lele-lelija-30-cm-ilga-blondine-plaukai-rozine-suknele-papuosalai\/"},"modified":"2026-04-13T14:19:40","modified_gmt":"2026-04-13T11:19:40","slug":"woopie-royal-lele-lelija-30-cm-ilga-blondine-plaukai-rozine-suknele-papuosalai","status":"publish","type":"product","link":"https:\/\/kidsplay.lt\/lv\/products\/woopie-royal-lele-lelija-30-cm-ilga-blondine-plaukai-rozine-suknele-papuosalai\/","title":{"rendered":"WOOPIE ROYAL lelle Lilija 30 cm gari blondi mati roz\u0101 kleitas rotaslietas"},"content":{"rendered":"<p>Susipa\u017einkite su unikalia lelija l\u0117l\u0117 by\u00a0Woopie,\u00a0kuris prad\u017eiugins kiekvien\u0105 ma\u017e\u0105 elegancijos ir pob\u016bvi\u0173 sal\u0117s aprangos myl\u0117toj\u0105! \u0160i \u017eavinga 30 cm l\u0117l\u0117 atrodo fenomenaliai subtilioje suknel\u0117je su ro\u017ein\u0117s spalvos blizgesiu, subtilia tule ir \u017eavingais karoliukais. Ilgi, auksiniai, iki pe\u010di\u0173 besit\u0119siantys Lily plaukai vilioja nesibaigian\u010diu stiliumi ir kuria pasak\u0173 \u0161ukuosenas, o madingi aksesuarai \u2013 subtilus kolj\u0117, auskarai ir eleganti\u0161ki batai papildo jos unikal\u0173 \u012fvaizd\u012f.<\/p>\n<p>Raksturojums:<\/p>\n<p> \t&#8211; Vaikams nuo\u00a03 metu<br \/>\n \t&#8211; Ma\u017edaug 30 cm auk\u0161\u010dio l\u0117l\u0117 judan\u010diomis gal\u016bn\u0117mis<br \/>\n \t&#8211; Gra\u017e\u016bs, ilgi \u0161vies\u016bs plaukai \u0161ukavimui ir stiliui<br \/>\n \t&#8211; Eleganti\u0161ka ro\u017ein\u0117 suknel\u0117 su juosmens dir\u017eu<br \/>\n \t&#8211; Auk\u0161tos kokyb\u0117s apdirbimas, atkreipiant d\u0117mes\u012f \u012f detales<\/p>\n<p>Komplekt\u0101 ietilpst:<\/p>\n<p> \t&#8211; L\u0117l\u0117 ilgais plaukais ro\u017eine suknele<br \/>\n \t&#8211; Auksinis v\u0117rinys<br \/>\n \t&#8211; Auksiniai auskarai<br \/>\n \t&#8211; Bat\u0173 pora<\/p>","protected":false},"excerpt":{"rendered":"<p>Susipa\u017einkite su unikalia lelija l\u0117l\u0117 by\u00a0Woopie,\u00a0kuris prad\u017eiugins kiekvien\u0105 ma\u017e\u0105 elegancijos ir pob\u016bvi\u0173 sal\u0117s aprangos myl\u0117toj\u0105! \u0160i \u017eavinga 30 cm l\u0117l\u0117<\/p>","protected":false},"featured_media":79932,"template":"","meta":{"_acf_changed":false,"_glsr_average":0,"_glsr_ranking":0,"_glsr_reviews":0},"product_brand":[],"product_cat":[443,229],"product_tag":[],"class_list":{"0":"post-79930","1":"product","2":"type-product","3":"status-publish","4":"has-post-thumbnail","6":"product_cat-leles-ir-priedai","7":"product_cat-zaislai-vaikams","8":"\"style=\"background-color: #2ecc711c;\"","10":"first","11":"instock","12":"purchasable","13":"product-type-simple"},"acf":[],"yoast_head":"<!-- This site is optimized with the Yoast SEO plugin v27.3 - https:\/\/yoast.com\/product\/yoast-seo-wordpress\/ -->\n<title>WOOPIE ROYAL L\u0117l\u0117 Lelija 30 cm Ilga Blondin\u0117 Plaukai Ro\u017ein\u0117 Suknel\u0117 Papuo\u0161alai<\/title>\n<meta name=\"description\" content=\"WOOPIE ROYAL L\u0117l\u0117 Lelija 30 cm Ilga Blondin\u0117 Plaukai Ro\u017ein\u0117 Suknel\u0117 Papuo\u0161alai - KidsPlay. Did\u017eiausias vaik\u0173 \u017eaisl\u0173 pasirinkimas.\" \/>\n<meta name=\"robots\" content=\"index, follow, max-snippet:-1, max-image-preview:large, max-video-preview:-1\" \/>\n<link rel=\"canonical\" href=\"https:\/\/kidsplay.lt\/lv\/products\/woopie-royal-lele-lelija-30-cm-ilga-blondine-plaukai-rozine-suknele-papuosalai\/\" \/>\n<meta property=\"og:locale\" content=\"lv_LV\" \/>\n<meta property=\"og:type\" content=\"article\" \/>\n<meta property=\"og:title\" content=\"WOOPIE ROYAL L\u0117l\u0117 Lelija 30 cm Ilga Blondin\u0117 Plaukai Ro\u017ein\u0117 Suknel\u0117 Papuo\u0161alai\" \/>\n<meta property=\"og:description\" content=\"WOOPIE ROYAL L\u0117l\u0117 Lelija 30 cm Ilga Blondin\u0117 Plaukai Ro\u017ein\u0117 Suknel\u0117 Papuo\u0161alai - KidsPlay. Did\u017eiausias vaik\u0173 \u017eaisl\u0173 pasirinkimas.\" \/>\n<meta property=\"og:url\" content=\"https:\/\/kidsplay.lt\/lv\/products\/woopie-royal-lele-lelija-30-cm-ilga-blondine-plaukai-rozine-suknele-papuosalai\/\" \/>\n<meta property=\"og:site_name\" content=\"KidsPlay\" \/>\n<meta property=\"article:publisher\" content=\"https:\/\/www.facebook.com\/www.kidsplay.lt\" \/>\n<meta property=\"article:modified_time\" content=\"2026-04-13T11:19:40+00:00\" \/>\n<meta property=\"og:image\" content=\"https:\/\/kidsplay.lt\/wp-content\/uploads\/2025\/11\/WOOPIE-ROYAL-Lele-Lelija-30-cm-Ilga-Blondine-Plaukai-Rozine-Suknele-Papuosalai.jpg\" \/>\n\t<meta property=\"og:image:width\" content=\"1000\" \/>\n\t<meta property=\"og:image:height\" content=\"1000\" \/>\n\t<meta property=\"og:image:type\" content=\"image\/jpeg\" \/>\n<meta name=\"twitter:card\" content=\"summary_large_image\" \/>\n<meta name=\"twitter:label1\" content=\"Est. reading time\" \/>\n\t<meta name=\"twitter:data1\" content=\"1 min\u016bte\" \/>\n<script type=\"application\/ld+json\" class=\"yoast-schema-graph\">{\"@context\":\"https:\\\/\\\/schema.org\",\"@graph\":[{\"@type\":\"WebPage\",\"@id\":\"https:\\\/\\\/kidsplay.lt\\\/produktas\\\/woopie-royal-lele-lelija-30-cm-ilga-blondine-plaukai-rozine-suknele-papuosalai\\\/\",\"url\":\"https:\\\/\\\/kidsplay.lt\\\/produktas\\\/woopie-royal-lele-lelija-30-cm-ilga-blondine-plaukai-rozine-suknele-papuosalai\\\/\",\"name\":\"WOOPIE ROYAL L\u0117l\u0117 Lelija 30 cm Ilga Blondin\u0117 Plaukai Ro\u017ein\u0117 Suknel\u0117 Papuo\u0161alai\",\"isPartOf\":{\"@id\":\"https:\\\/\\\/kidsplay.lt\\\/#website\"},\"primaryImageOfPage\":{\"@id\":\"https:\\\/\\\/kidsplay.lt\\\/produktas\\\/woopie-royal-lele-lelija-30-cm-ilga-blondine-plaukai-rozine-suknele-papuosalai\\\/#primaryimage\"},\"image\":{\"@id\":\"https:\\\/\\\/kidsplay.lt\\\/produktas\\\/woopie-royal-lele-lelija-30-cm-ilga-blondine-plaukai-rozine-suknele-papuosalai\\\/#primaryimage\"},\"thumbnailUrl\":\"https:\\\/\\\/kidsplay.lt\\\/wp-content\\\/uploads\\\/2025\\\/11\\\/WOOPIE-ROYAL-Lele-Lelija-30-cm-Ilga-Blondine-Plaukai-Rozine-Suknele-Papuosalai.jpg\",\"datePublished\":\"2025-11-09T10:10:08+00:00\",\"dateModified\":\"2026-04-13T11:19:40+00:00\",\"description\":\"WOOPIE ROYAL L\u0117l\u0117 Lelija 30 cm Ilga Blondin\u0117 Plaukai Ro\u017ein\u0117 Suknel\u0117 Papuo\u0161alai - KidsPlay. Did\u017eiausias vaik\u0173 \u017eaisl\u0173 pasirinkimas.\",\"breadcrumb\":{\"@id\":\"https:\\\/\\\/kidsplay.lt\\\/produktas\\\/woopie-royal-lele-lelija-30-cm-ilga-blondine-plaukai-rozine-suknele-papuosalai\\\/#breadcrumb\"},\"inLanguage\":\"lv-LV\",\"potentialAction\":[{\"@type\":\"ReadAction\",\"target\":[\"https:\\\/\\\/kidsplay.lt\\\/produktas\\\/woopie-royal-lele-lelija-30-cm-ilga-blondine-plaukai-rozine-suknele-papuosalai\\\/\"]}]},{\"@type\":\"ImageObject\",\"inLanguage\":\"lv-LV\",\"@id\":\"https:\\\/\\\/kidsplay.lt\\\/produktas\\\/woopie-royal-lele-lelija-30-cm-ilga-blondine-plaukai-rozine-suknele-papuosalai\\\/#primaryimage\",\"url\":\"https:\\\/\\\/kidsplay.lt\\\/wp-content\\\/uploads\\\/2025\\\/11\\\/WOOPIE-ROYAL-Lele-Lelija-30-cm-Ilga-Blondine-Plaukai-Rozine-Suknele-Papuosalai.jpg\",\"contentUrl\":\"https:\\\/\\\/kidsplay.lt\\\/wp-content\\\/uploads\\\/2025\\\/11\\\/WOOPIE-ROYAL-Lele-Lelija-30-cm-Ilga-Blondine-Plaukai-Rozine-Suknele-Papuosalai.jpg\",\"width\":1000,\"height\":1000,\"caption\":\"WOOPIE ROYAL L\u0117l\u0117 Lelija 30 cm Ilga Blondin\u0117 Plaukai Ro\u017ein\u0117 Suknel\u0117 Papuo\u0161alai\"},{\"@type\":\"BreadcrumbList\",\"@id\":\"https:\\\/\\\/kidsplay.lt\\\/produktas\\\/woopie-royal-lele-lelija-30-cm-ilga-blondine-plaukai-rozine-suknele-papuosalai\\\/#breadcrumb\",\"itemListElement\":[{\"@type\":\"ListItem\",\"position\":1,\"name\":\"Pagrindinis\",\"item\":\"https:\\\/\\\/kidsplay.lt\\\/\"},{\"@type\":\"ListItem\",\"position\":2,\"name\":\"Parduotuv\u0117\",\"item\":\"https:\\\/\\\/kidsplay.lt\\\/parduotuve\\\/\"},{\"@type\":\"ListItem\",\"position\":3,\"name\":\"WOOPIE ROYAL L\u0117l\u0117 Lelija 30 cm Ilga Blondin\u0117 Plaukai Ro\u017ein\u0117 Suknel\u0117 Papuo\u0161alai\"}]},{\"@type\":\"WebSite\",\"@id\":\"https:\\\/\\\/kidsplay.lt\\\/#website\",\"url\":\"https:\\\/\\\/kidsplay.lt\\\/\",\"name\":\"Kidsplay.lt\",\"description\":\"\u012evairios prek\u0117s vaikams\",\"publisher\":{\"@id\":\"https:\\\/\\\/kidsplay.lt\\\/#organization\"},\"alternateName\":\"Kidsplay\",\"potentialAction\":[{\"@type\":\"SearchAction\",\"target\":{\"@type\":\"EntryPoint\",\"urlTemplate\":\"https:\\\/\\\/kidsplay.lt\\\/?s={search_term_string}\"},\"query-input\":{\"@type\":\"PropertyValueSpecification\",\"valueRequired\":true,\"valueName\":\"search_term_string\"}}],\"inLanguage\":\"lv-LV\"},{\"@type\":\"Organization\",\"@id\":\"https:\\\/\\\/kidsplay.lt\\\/#organization\",\"name\":\"KidsPlay\",\"url\":\"https:\\\/\\\/kidsplay.lt\\\/\",\"logo\":{\"@type\":\"ImageObject\",\"inLanguage\":\"lv-LV\",\"@id\":\"https:\\\/\\\/kidsplay.lt\\\/#\\\/schema\\\/logo\\\/image\\\/\",\"url\":\"https:\\\/\\\/kidsplay.lt\\\/wp-content\\\/uploads\\\/2023\\\/07\\\/kidsplay-logo.png\",\"contentUrl\":\"https:\\\/\\\/kidsplay.lt\\\/wp-content\\\/uploads\\\/2023\\\/07\\\/kidsplay-logo.png\",\"width\":451,\"height\":98,\"caption\":\"KidsPlay\"},\"image\":{\"@id\":\"https:\\\/\\\/kidsplay.lt\\\/#\\\/schema\\\/logo\\\/image\\\/\"},\"sameAs\":[\"https:\\\/\\\/www.facebook.com\\\/www.kidsplay.lt\"]}]}<\/script>\n<!-- \/ Yoast SEO plugin. -->","yoast_head_json":{"title":"WOOPIE ROYAL lelle Lilija 30 cm gari blondi mati roz\u0101 kleitas rotaslietas","description":"WOOPIE ROYAL L\u0117l\u0117 Lelija 30 cm Ilga Blondin\u0117 Plaukai Ro\u017ein\u0117 Suknel\u0117 Papuo\u0161alai - KidsPlay. Did\u017eiausias vaik\u0173 \u017eaisl\u0173 pasirinkimas.","robots":{"index":"index","follow":"follow","max-snippet":"max-snippet:-1","max-image-preview":"max-image-preview:large","max-video-preview":"max-video-preview:-1"},"canonical":"https:\/\/kidsplay.lt\/lv\/products\/woopie-royal-lele-lelija-30-cm-ilga-blondine-plaukai-rozine-suknele-papuosalai\/","og_locale":"lv_LV","og_type":"article","og_title":"WOOPIE ROYAL L\u0117l\u0117 Lelija 30 cm Ilga Blondin\u0117 Plaukai Ro\u017ein\u0117 Suknel\u0117 Papuo\u0161alai","og_description":"WOOPIE ROYAL L\u0117l\u0117 Lelija 30 cm Ilga Blondin\u0117 Plaukai Ro\u017ein\u0117 Suknel\u0117 Papuo\u0161alai - KidsPlay. Did\u017eiausias vaik\u0173 \u017eaisl\u0173 pasirinkimas.","og_url":"https:\/\/kidsplay.lt\/lv\/products\/woopie-royal-lele-lelija-30-cm-ilga-blondine-plaukai-rozine-suknele-papuosalai\/","og_site_name":"KidsPlay","article_publisher":"https:\/\/www.facebook.com\/www.kidsplay.lt","article_modified_time":"2026-04-13T11:19:40+00:00","og_image":[{"width":1000,"height":1000,"url":"https:\/\/kidsplay.lt\/wp-content\/uploads\/2025\/11\/WOOPIE-ROYAL-Lele-Lelija-30-cm-Ilga-Blondine-Plaukai-Rozine-Suknele-Papuosalai.jpg","type":"image\/jpeg"}],"twitter_card":"summary_large_image","twitter_misc":{"Est. reading time":"1 min\u016bte"},"schema":{"@context":"https:\/\/schema.org","@graph":[{"@type":"WebPage","@id":"https:\/\/kidsplay.lt\/produktas\/woopie-royal-lele-lelija-30-cm-ilga-blondine-plaukai-rozine-suknele-papuosalai\/","url":"https:\/\/kidsplay.lt\/produktas\/woopie-royal-lele-lelija-30-cm-ilga-blondine-plaukai-rozine-suknele-papuosalai\/","name":"WOOPIE ROYAL lelle Lilija 30 cm gari blondi mati roz\u0101 kleitas rotaslietas","isPartOf":{"@id":"https:\/\/kidsplay.lt\/#website"},"primaryImageOfPage":{"@id":"https:\/\/kidsplay.lt\/produktas\/woopie-royal-lele-lelija-30-cm-ilga-blondine-plaukai-rozine-suknele-papuosalai\/#primaryimage"},"image":{"@id":"https:\/\/kidsplay.lt\/produktas\/woopie-royal-lele-lelija-30-cm-ilga-blondine-plaukai-rozine-suknele-papuosalai\/#primaryimage"},"thumbnailUrl":"https:\/\/kidsplay.lt\/wp-content\/uploads\/2025\/11\/WOOPIE-ROYAL-Lele-Lelija-30-cm-Ilga-Blondine-Plaukai-Rozine-Suknele-Papuosalai.jpg","datePublished":"2025-11-09T10:10:08+00:00","dateModified":"2026-04-13T11:19:40+00:00","description":"WOOPIE ROYAL L\u0117l\u0117 Lelija 30 cm Ilga Blondin\u0117 Plaukai Ro\u017ein\u0117 Suknel\u0117 Papuo\u0161alai - KidsPlay. Did\u017eiausias vaik\u0173 \u017eaisl\u0173 pasirinkimas.","breadcrumb":{"@id":"https:\/\/kidsplay.lt\/produktas\/woopie-royal-lele-lelija-30-cm-ilga-blondine-plaukai-rozine-suknele-papuosalai\/#breadcrumb"},"inLanguage":"lv-LV","potentialAction":[{"@type":"ReadAction","target":["https:\/\/kidsplay.lt\/produktas\/woopie-royal-lele-lelija-30-cm-ilga-blondine-plaukai-rozine-suknele-papuosalai\/"]}]},{"@type":"ImageObject","inLanguage":"lv-LV","@id":"https:\/\/kidsplay.lt\/produktas\/woopie-royal-lele-lelija-30-cm-ilga-blondine-plaukai-rozine-suknele-papuosalai\/#primaryimage","url":"https:\/\/kidsplay.lt\/wp-content\/uploads\/2025\/11\/WOOPIE-ROYAL-Lele-Lelija-30-cm-Ilga-Blondine-Plaukai-Rozine-Suknele-Papuosalai.jpg","contentUrl":"https:\/\/kidsplay.lt\/wp-content\/uploads\/2025\/11\/WOOPIE-ROYAL-Lele-Lelija-30-cm-Ilga-Blondine-Plaukai-Rozine-Suknele-Papuosalai.jpg","width":1000,"height":1000,"caption":"WOOPIE ROYAL L\u0117l\u0117 Lelija 30 cm Ilga Blondin\u0117 Plaukai Ro\u017ein\u0117 Suknel\u0117 Papuo\u0161alai"},{"@type":"BreadcrumbList","@id":"https:\/\/kidsplay.lt\/produktas\/woopie-royal-lele-lelija-30-cm-ilga-blondine-plaukai-rozine-suknele-papuosalai\/#breadcrumb","itemListElement":[{"@type":"ListItem","position":1,"name":"Pagrindinis","item":"https:\/\/kidsplay.lt\/"},{"@type":"ListItem","position":2,"name":"Parduotuv\u0117","item":"https:\/\/kidsplay.lt\/parduotuve\/"},{"@type":"ListItem","position":3,"name":"WOOPIE ROYAL L\u0117l\u0117 Lelija 30 cm Ilga Blondin\u0117 Plaukai Ro\u017ein\u0117 Suknel\u0117 Papuo\u0161alai"}]},{"@type":"WebSite","@id":"https:\/\/kidsplay.lt\/#website","url":"https:\/\/kidsplay.lt\/","name":"B\u0113rnu sp\u0113les.lv","description":"\u012evairios prek\u0117s vaikams","publisher":{"@id":"https:\/\/kidsplay.lt\/#organization"},"alternateName":"Kidsplay","potentialAction":[{"@type":"SearchAction","target":{"@type":"EntryPoint","urlTemplate":"https:\/\/kidsplay.lt\/?s={search_term_string}"},"query-input":{"@type":"PropertyValueSpecification","valueRequired":true,"valueName":"search_term_string"}}],"inLanguage":"lv-LV"},{"@type":"Organization","@id":"https:\/\/kidsplay.lt\/#organization","name":"B\u0113rnu sp\u0113le","url":"https:\/\/kidsplay.lt\/","logo":{"@type":"ImageObject","inLanguage":"lv-LV","@id":"https:\/\/kidsplay.lt\/#\/schema\/logo\/image\/","url":"https:\/\/kidsplay.lt\/wp-content\/uploads\/2023\/07\/kidsplay-logo.png","contentUrl":"https:\/\/kidsplay.lt\/wp-content\/uploads\/2023\/07\/kidsplay-logo.png","width":451,"height":98,"caption":"KidsPlay"},"image":{"@id":"https:\/\/kidsplay.lt\/#\/schema\/logo\/image\/"},"sameAs":["https:\/\/www.facebook.com\/www.kidsplay.lt"]}]}},"_links":{"self":[{"href":"https:\/\/kidsplay.lt\/lv\/wp-json\/wp\/v2\/product\/79930","targetHints":{"allow":["GET"]}}],"collection":[{"href":"https:\/\/kidsplay.lt\/lv\/wp-json\/wp\/v2\/product"}],"about":[{"href":"https:\/\/kidsplay.lt\/lv\/wp-json\/wp\/v2\/types\/product"}],"version-history":[{"count":1,"href":"https:\/\/kidsplay.lt\/lv\/wp-json\/wp\/v2\/product\/79930\/revisions"}],"predecessor-version":[{"id":79931,"href":"https:\/\/kidsplay.lt\/lv\/wp-json\/wp\/v2\/product\/79930\/revisions\/79931"}],"wp:featuredmedia":[{"embeddable":true,"href":"https:\/\/kidsplay.lt\/lv\/wp-json\/wp\/v2\/media\/79932"}],"wp:attachment":[{"href":"https:\/\/kidsplay.lt\/lv\/wp-json\/wp\/v2\/media?parent=79930"}],"wp:term":[{"taxonomy":"product_brand","embeddable":true,"href":"https:\/\/kidsplay.lt\/lv\/wp-json\/wp\/v2\/product_brand?post=79930"},{"taxonomy":"product_cat","embeddable":true,"href":"https:\/\/kidsplay.lt\/lv\/wp-json\/wp\/v2\/product_cat?post=79930"},{"taxonomy":"product_tag","embeddable":true,"href":"https:\/\/kidsplay.lt\/lv\/wp-json\/wp\/v2\/product_tag?post=79930"}],"curies":[{"name":"wp","href":"https:\/\/api.w.org\/{rel}","templated":true}]}}