{"id":79938,"date":"2025-11-09T12:10:31","date_gmt":"2025-11-09T10:10:31","guid":{"rendered":"https:\/\/kidsplay.lt\/produktas\/woopie-royal-lele-lelija-ilgai-blondine-plaukai-30-cm-levandu-suknele-priedai\/"},"modified":"2026-04-20T07:47:38","modified_gmt":"2026-04-20T04:47:38","slug":"woopie-royal-lele-lelija-ilgai-blondine-plaukai-30-cm-levandu-suknele-priedai","status":"publish","type":"product","link":"https:\/\/kidsplay.lt\/lv\/products\/woopie-royal-lele-lelija-ilgai-blondine-plaukai-30-cm-levandu-suknele-priedai\/","title":{"rendered":"WOOPIE ROYAL lelle Lilija Garie blondie mati 30 cm Lavandas kleitas aksesu\u0101ri"},"content":{"rendered":"<p>Atraskite mados ir stiliaus pasaul\u012f su unikaliu Lily l\u0117li\u0173 prek\u0117s \u017eenklu\u00a0Woopie!\u00a0\u0160i \u017eavinga blondin\u0117 su fenomenalia levand\u0173 suknele yra puikus \u017eaidim\u0173 draugas kiekvienai mergaitei. Suknel\u0117, papuo\u0161ta romanti\u0161komis \u0161irdimis ir gra\u017eia g\u0117le ties juosmeniu, daro l\u0117l\u0119 paruo\u0161t\u0105 bet kokiai progai &#8211; nuo eleganti\u0161k\u0173 vakar\u0117li\u0173 iki kasdieni\u0173 nuotyki\u0173. Pried\u0173 rinkinys leid\u017eia sukurti begal\u0119 smagi\u0173 scenarij\u0173 ir lavinti ma\u017eojo \u0161eimininko vaizduot\u0119.<\/p>\n<p>Raksturojums:<\/p>\n<p> \t&#8211; Vaikams nuo\u00a03 metu<br \/>\n \t&#8211; Ma\u017edaug 30 cm auk\u0161\u010dio l\u0117l\u0117 judan\u010diomis gal\u016bn\u0117mis<br \/>\n \t&#8211; Gra\u017e\u016bs, ilgi \u0161vies\u016bs plaukai \u0161ukavimui ir stiliui<br \/>\n \t&#8211; Eleganti\u0161ka levand\u0173 suknel\u0117 \u0161irdyse<br \/>\n \t&#8211; Pried\u0173 rinkinys<br \/>\n \t&#8211; Auk\u0161tos kokyb\u0117s apdirbimas, atkreipiant d\u0117mes\u012f \u012f detales<\/p>\n<p>Komplekt\u0101 ietilpst:<\/p>\n<p> \t&#8211; L\u0117l\u0117 ilgais plaukais g\u0117li\u0173 suknele<br \/>\n \t&#8211; Ro\u017einis mai\u0161elis<br \/>\n \t&#8211; Telefonas<br \/>\n \t&#8211; Puodelis<br \/>\n \t&#8211; Bat\u0173 pora<\/p>","protected":false},"excerpt":{"rendered":"<p>Atraskite mados ir stiliaus pasaul\u012f su unikaliu Lily l\u0117li\u0173 prek\u0117s \u017eenklu\u00a0Woopie!\u00a0\u0160i \u017eavinga blondin\u0117 su fenomenalia levand\u0173 suknele yra puikus \u017eaidim\u0173<\/p>","protected":false},"featured_media":79940,"template":"","meta":{"_acf_changed":false,"_glsr_average":0,"_glsr_ranking":0,"_glsr_reviews":0},"product_brand":[],"product_cat":[443,229],"product_tag":[],"class_list":{"0":"post-79938","1":"product","2":"type-product","3":"status-publish","4":"has-post-thumbnail","6":"product_cat-leles-ir-priedai","7":"product_cat-zaislai-vaikams","8":"\"style=\"background-color: #2ecc711c;\"","10":"first","11":"instock","12":"purchasable","13":"product-type-simple"},"acf":[],"yoast_head":"<!-- This site is optimized with the Yoast SEO plugin v27.4 - https:\/\/yoast.com\/product\/yoast-seo-wordpress\/ -->\n<title>WOOPIE ROYAL L\u0117l\u0117 Lelija Ilgai Blondin\u0117 Plaukai 30 cm Levand\u0173 suknel\u0117 Priedai<\/title>\n<meta name=\"description\" content=\"WOOPIE ROYAL L\u0117l\u0117 Lelija Ilgai Blondin\u0117 Plaukai 30 cm Levand\u0173 suknel\u0117 Priedai - KidsPlay. Did\u017eiausias vaik\u0173 \u017eaisl\u0173 pasirinkimas.\" \/>\n<meta name=\"robots\" content=\"index, follow, max-snippet:-1, max-image-preview:large, max-video-preview:-1\" \/>\n<link rel=\"canonical\" href=\"https:\/\/kidsplay.lt\/lv\/products\/woopie-royal-lele-lelija-ilgai-blondine-plaukai-30-cm-levandu-suknele-priedai\/\" \/>\n<meta property=\"og:locale\" content=\"lv_LV\" \/>\n<meta property=\"og:type\" content=\"article\" \/>\n<meta property=\"og:title\" content=\"WOOPIE ROYAL L\u0117l\u0117 Lelija Ilgai Blondin\u0117 Plaukai 30 cm Levand\u0173 suknel\u0117 Priedai\" \/>\n<meta property=\"og:description\" content=\"WOOPIE ROYAL L\u0117l\u0117 Lelija Ilgai Blondin\u0117 Plaukai 30 cm Levand\u0173 suknel\u0117 Priedai - KidsPlay. Did\u017eiausias vaik\u0173 \u017eaisl\u0173 pasirinkimas.\" \/>\n<meta property=\"og:url\" content=\"https:\/\/kidsplay.lt\/lv\/products\/woopie-royal-lele-lelija-ilgai-blondine-plaukai-30-cm-levandu-suknele-priedai\/\" \/>\n<meta property=\"og:site_name\" content=\"KidsPlay\" \/>\n<meta property=\"article:publisher\" content=\"https:\/\/www.facebook.com\/www.kidsplay.lt\" \/>\n<meta property=\"article:modified_time\" content=\"2026-04-20T04:47:38+00:00\" \/>\n<meta property=\"og:image\" content=\"https:\/\/kidsplay.lt\/wp-content\/uploads\/2025\/11\/WOOPIE-ROYAL-Lele-Lelija-Ilgai-Blondine-Plaukai-30-cm-Levandu-suknele-Priedai.jpg\" \/>\n\t<meta property=\"og:image:width\" content=\"1000\" \/>\n\t<meta property=\"og:image:height\" content=\"1000\" \/>\n\t<meta property=\"og:image:type\" content=\"image\/jpeg\" \/>\n<meta name=\"twitter:card\" content=\"summary_large_image\" \/>\n<meta name=\"twitter:label1\" content=\"Est. reading time\" \/>\n\t<meta name=\"twitter:data1\" content=\"1 min\u016bte\" \/>\n<script type=\"application\/ld+json\" class=\"yoast-schema-graph\">{\"@context\":\"https:\\\/\\\/schema.org\",\"@graph\":[{\"@type\":\"WebPage\",\"@id\":\"https:\\\/\\\/kidsplay.lt\\\/produktas\\\/woopie-royal-lele-lelija-ilgai-blondine-plaukai-30-cm-levandu-suknele-priedai\\\/\",\"url\":\"https:\\\/\\\/kidsplay.lt\\\/produktas\\\/woopie-royal-lele-lelija-ilgai-blondine-plaukai-30-cm-levandu-suknele-priedai\\\/\",\"name\":\"WOOPIE ROYAL L\u0117l\u0117 Lelija Ilgai Blondin\u0117 Plaukai 30 cm Levand\u0173 suknel\u0117 Priedai\",\"isPartOf\":{\"@id\":\"https:\\\/\\\/kidsplay.lt\\\/#website\"},\"primaryImageOfPage\":{\"@id\":\"https:\\\/\\\/kidsplay.lt\\\/produktas\\\/woopie-royal-lele-lelija-ilgai-blondine-plaukai-30-cm-levandu-suknele-priedai\\\/#primaryimage\"},\"image\":{\"@id\":\"https:\\\/\\\/kidsplay.lt\\\/produktas\\\/woopie-royal-lele-lelija-ilgai-blondine-plaukai-30-cm-levandu-suknele-priedai\\\/#primaryimage\"},\"thumbnailUrl\":\"https:\\\/\\\/kidsplay.lt\\\/wp-content\\\/uploads\\\/2025\\\/11\\\/WOOPIE-ROYAL-Lele-Lelija-Ilgai-Blondine-Plaukai-30-cm-Levandu-suknele-Priedai.jpg\",\"datePublished\":\"2025-11-09T10:10:31+00:00\",\"dateModified\":\"2026-04-20T04:47:38+00:00\",\"description\":\"WOOPIE ROYAL L\u0117l\u0117 Lelija Ilgai Blondin\u0117 Plaukai 30 cm Levand\u0173 suknel\u0117 Priedai - KidsPlay. Did\u017eiausias vaik\u0173 \u017eaisl\u0173 pasirinkimas.\",\"breadcrumb\":{\"@id\":\"https:\\\/\\\/kidsplay.lt\\\/produktas\\\/woopie-royal-lele-lelija-ilgai-blondine-plaukai-30-cm-levandu-suknele-priedai\\\/#breadcrumb\"},\"inLanguage\":\"lv-LV\",\"potentialAction\":[{\"@type\":\"ReadAction\",\"target\":[\"https:\\\/\\\/kidsplay.lt\\\/produktas\\\/woopie-royal-lele-lelija-ilgai-blondine-plaukai-30-cm-levandu-suknele-priedai\\\/\"]}]},{\"@type\":\"ImageObject\",\"inLanguage\":\"lv-LV\",\"@id\":\"https:\\\/\\\/kidsplay.lt\\\/produktas\\\/woopie-royal-lele-lelija-ilgai-blondine-plaukai-30-cm-levandu-suknele-priedai\\\/#primaryimage\",\"url\":\"https:\\\/\\\/kidsplay.lt\\\/wp-content\\\/uploads\\\/2025\\\/11\\\/WOOPIE-ROYAL-Lele-Lelija-Ilgai-Blondine-Plaukai-30-cm-Levandu-suknele-Priedai.jpg\",\"contentUrl\":\"https:\\\/\\\/kidsplay.lt\\\/wp-content\\\/uploads\\\/2025\\\/11\\\/WOOPIE-ROYAL-Lele-Lelija-Ilgai-Blondine-Plaukai-30-cm-Levandu-suknele-Priedai.jpg\",\"width\":1000,\"height\":1000,\"caption\":\"WOOPIE ROYAL L\u0117l\u0117 Lelija Ilgai Blondin\u0117 Plaukai 30 cm Levand\u0173 suknel\u0117 Priedai\"},{\"@type\":\"BreadcrumbList\",\"@id\":\"https:\\\/\\\/kidsplay.lt\\\/produktas\\\/woopie-royal-lele-lelija-ilgai-blondine-plaukai-30-cm-levandu-suknele-priedai\\\/#breadcrumb\",\"itemListElement\":[{\"@type\":\"ListItem\",\"position\":1,\"name\":\"Pagrindinis\",\"item\":\"https:\\\/\\\/kidsplay.lt\\\/\"},{\"@type\":\"ListItem\",\"position\":2,\"name\":\"Parduotuv\u0117\",\"item\":\"https:\\\/\\\/kidsplay.lt\\\/parduotuve\\\/\"},{\"@type\":\"ListItem\",\"position\":3,\"name\":\"WOOPIE ROYAL L\u0117l\u0117 Lelija Ilgai Blondin\u0117 Plaukai 30 cm Levand\u0173 suknel\u0117 Priedai\"}]},{\"@type\":\"WebSite\",\"@id\":\"https:\\\/\\\/kidsplay.lt\\\/#website\",\"url\":\"https:\\\/\\\/kidsplay.lt\\\/\",\"name\":\"Kidsplay.lt\",\"description\":\"\u012evairios prek\u0117s vaikams\",\"publisher\":{\"@id\":\"https:\\\/\\\/kidsplay.lt\\\/#organization\"},\"alternateName\":\"Kidsplay\",\"potentialAction\":[{\"@type\":\"SearchAction\",\"target\":{\"@type\":\"EntryPoint\",\"urlTemplate\":\"https:\\\/\\\/kidsplay.lt\\\/?s={search_term_string}\"},\"query-input\":{\"@type\":\"PropertyValueSpecification\",\"valueRequired\":true,\"valueName\":\"search_term_string\"}}],\"inLanguage\":\"lv-LV\"},{\"@type\":\"Organization\",\"@id\":\"https:\\\/\\\/kidsplay.lt\\\/#organization\",\"name\":\"KidsPlay\",\"url\":\"https:\\\/\\\/kidsplay.lt\\\/\",\"logo\":{\"@type\":\"ImageObject\",\"inLanguage\":\"lv-LV\",\"@id\":\"https:\\\/\\\/kidsplay.lt\\\/#\\\/schema\\\/logo\\\/image\\\/\",\"url\":\"https:\\\/\\\/kidsplay.lt\\\/wp-content\\\/uploads\\\/2023\\\/07\\\/kidsplay-logo.png\",\"contentUrl\":\"https:\\\/\\\/kidsplay.lt\\\/wp-content\\\/uploads\\\/2023\\\/07\\\/kidsplay-logo.png\",\"width\":451,\"height\":98,\"caption\":\"KidsPlay\"},\"image\":{\"@id\":\"https:\\\/\\\/kidsplay.lt\\\/#\\\/schema\\\/logo\\\/image\\\/\"},\"sameAs\":[\"https:\\\/\\\/www.facebook.com\\\/www.kidsplay.lt\"]}]}<\/script>\n<!-- \/ Yoast SEO plugin. -->","yoast_head_json":{"title":"WOOPIE ROYAL lelle Lilija Garie blondie mati 30 cm Lavandas kleitas aksesu\u0101ri","description":"WOOPIE ROYAL L\u0117l\u0117 Lelija Ilgai Blondin\u0117 Plaukai 30 cm Levand\u0173 suknel\u0117 Priedai - KidsPlay. Did\u017eiausias vaik\u0173 \u017eaisl\u0173 pasirinkimas.","robots":{"index":"index","follow":"follow","max-snippet":"max-snippet:-1","max-image-preview":"max-image-preview:large","max-video-preview":"max-video-preview:-1"},"canonical":"https:\/\/kidsplay.lt\/lv\/products\/woopie-royal-lele-lelija-ilgai-blondine-plaukai-30-cm-levandu-suknele-priedai\/","og_locale":"lv_LV","og_type":"article","og_title":"WOOPIE ROYAL L\u0117l\u0117 Lelija Ilgai Blondin\u0117 Plaukai 30 cm Levand\u0173 suknel\u0117 Priedai","og_description":"WOOPIE ROYAL L\u0117l\u0117 Lelija Ilgai Blondin\u0117 Plaukai 30 cm Levand\u0173 suknel\u0117 Priedai - KidsPlay. Did\u017eiausias vaik\u0173 \u017eaisl\u0173 pasirinkimas.","og_url":"https:\/\/kidsplay.lt\/lv\/products\/woopie-royal-lele-lelija-ilgai-blondine-plaukai-30-cm-levandu-suknele-priedai\/","og_site_name":"KidsPlay","article_publisher":"https:\/\/www.facebook.com\/www.kidsplay.lt","article_modified_time":"2026-04-20T04:47:38+00:00","og_image":[{"width":1000,"height":1000,"url":"https:\/\/kidsplay.lt\/wp-content\/uploads\/2025\/11\/WOOPIE-ROYAL-Lele-Lelija-Ilgai-Blondine-Plaukai-30-cm-Levandu-suknele-Priedai.jpg","type":"image\/jpeg"}],"twitter_card":"summary_large_image","twitter_misc":{"Est. reading time":"1 min\u016bte"},"schema":{"@context":"https:\/\/schema.org","@graph":[{"@type":"WebPage","@id":"https:\/\/kidsplay.lt\/produktas\/woopie-royal-lele-lelija-ilgai-blondine-plaukai-30-cm-levandu-suknele-priedai\/","url":"https:\/\/kidsplay.lt\/produktas\/woopie-royal-lele-lelija-ilgai-blondine-plaukai-30-cm-levandu-suknele-priedai\/","name":"WOOPIE ROYAL lelle Lilija Garie blondie mati 30 cm Lavandas kleitas aksesu\u0101ri","isPartOf":{"@id":"https:\/\/kidsplay.lt\/#website"},"primaryImageOfPage":{"@id":"https:\/\/kidsplay.lt\/produktas\/woopie-royal-lele-lelija-ilgai-blondine-plaukai-30-cm-levandu-suknele-priedai\/#primaryimage"},"image":{"@id":"https:\/\/kidsplay.lt\/produktas\/woopie-royal-lele-lelija-ilgai-blondine-plaukai-30-cm-levandu-suknele-priedai\/#primaryimage"},"thumbnailUrl":"https:\/\/kidsplay.lt\/wp-content\/uploads\/2025\/11\/WOOPIE-ROYAL-Lele-Lelija-Ilgai-Blondine-Plaukai-30-cm-Levandu-suknele-Priedai.jpg","datePublished":"2025-11-09T10:10:31+00:00","dateModified":"2026-04-20T04:47:38+00:00","description":"WOOPIE ROYAL L\u0117l\u0117 Lelija Ilgai Blondin\u0117 Plaukai 30 cm Levand\u0173 suknel\u0117 Priedai - KidsPlay. Did\u017eiausias vaik\u0173 \u017eaisl\u0173 pasirinkimas.","breadcrumb":{"@id":"https:\/\/kidsplay.lt\/produktas\/woopie-royal-lele-lelija-ilgai-blondine-plaukai-30-cm-levandu-suknele-priedai\/#breadcrumb"},"inLanguage":"lv-LV","potentialAction":[{"@type":"ReadAction","target":["https:\/\/kidsplay.lt\/produktas\/woopie-royal-lele-lelija-ilgai-blondine-plaukai-30-cm-levandu-suknele-priedai\/"]}]},{"@type":"ImageObject","inLanguage":"lv-LV","@id":"https:\/\/kidsplay.lt\/produktas\/woopie-royal-lele-lelija-ilgai-blondine-plaukai-30-cm-levandu-suknele-priedai\/#primaryimage","url":"https:\/\/kidsplay.lt\/wp-content\/uploads\/2025\/11\/WOOPIE-ROYAL-Lele-Lelija-Ilgai-Blondine-Plaukai-30-cm-Levandu-suknele-Priedai.jpg","contentUrl":"https:\/\/kidsplay.lt\/wp-content\/uploads\/2025\/11\/WOOPIE-ROYAL-Lele-Lelija-Ilgai-Blondine-Plaukai-30-cm-Levandu-suknele-Priedai.jpg","width":1000,"height":1000,"caption":"WOOPIE ROYAL L\u0117l\u0117 Lelija Ilgai Blondin\u0117 Plaukai 30 cm Levand\u0173 suknel\u0117 Priedai"},{"@type":"BreadcrumbList","@id":"https:\/\/kidsplay.lt\/produktas\/woopie-royal-lele-lelija-ilgai-blondine-plaukai-30-cm-levandu-suknele-priedai\/#breadcrumb","itemListElement":[{"@type":"ListItem","position":1,"name":"Pagrindinis","item":"https:\/\/kidsplay.lt\/"},{"@type":"ListItem","position":2,"name":"Parduotuv\u0117","item":"https:\/\/kidsplay.lt\/parduotuve\/"},{"@type":"ListItem","position":3,"name":"WOOPIE ROYAL L\u0117l\u0117 Lelija Ilgai Blondin\u0117 Plaukai 30 cm Levand\u0173 suknel\u0117 Priedai"}]},{"@type":"WebSite","@id":"https:\/\/kidsplay.lt\/#website","url":"https:\/\/kidsplay.lt\/","name":"B\u0113rnu sp\u0113les.lv","description":"\u012evairios prek\u0117s vaikams","publisher":{"@id":"https:\/\/kidsplay.lt\/#organization"},"alternateName":"Kidsplay","potentialAction":[{"@type":"SearchAction","target":{"@type":"EntryPoint","urlTemplate":"https:\/\/kidsplay.lt\/?s={search_term_string}"},"query-input":{"@type":"PropertyValueSpecification","valueRequired":true,"valueName":"search_term_string"}}],"inLanguage":"lv-LV"},{"@type":"Organization","@id":"https:\/\/kidsplay.lt\/#organization","name":"B\u0113rnu sp\u0113le","url":"https:\/\/kidsplay.lt\/","logo":{"@type":"ImageObject","inLanguage":"lv-LV","@id":"https:\/\/kidsplay.lt\/#\/schema\/logo\/image\/","url":"https:\/\/kidsplay.lt\/wp-content\/uploads\/2023\/07\/kidsplay-logo.png","contentUrl":"https:\/\/kidsplay.lt\/wp-content\/uploads\/2023\/07\/kidsplay-logo.png","width":451,"height":98,"caption":"KidsPlay"},"image":{"@id":"https:\/\/kidsplay.lt\/#\/schema\/logo\/image\/"},"sameAs":["https:\/\/www.facebook.com\/www.kidsplay.lt"]}]}},"_links":{"self":[{"href":"https:\/\/kidsplay.lt\/lv\/wp-json\/wp\/v2\/product\/79938","targetHints":{"allow":["GET"]}}],"collection":[{"href":"https:\/\/kidsplay.lt\/lv\/wp-json\/wp\/v2\/product"}],"about":[{"href":"https:\/\/kidsplay.lt\/lv\/wp-json\/wp\/v2\/types\/product"}],"version-history":[{"count":1,"href":"https:\/\/kidsplay.lt\/lv\/wp-json\/wp\/v2\/product\/79938\/revisions"}],"predecessor-version":[{"id":79939,"href":"https:\/\/kidsplay.lt\/lv\/wp-json\/wp\/v2\/product\/79938\/revisions\/79939"}],"wp:featuredmedia":[{"embeddable":true,"href":"https:\/\/kidsplay.lt\/lv\/wp-json\/wp\/v2\/media\/79940"}],"wp:attachment":[{"href":"https:\/\/kidsplay.lt\/lv\/wp-json\/wp\/v2\/media?parent=79938"}],"wp:term":[{"taxonomy":"product_brand","embeddable":true,"href":"https:\/\/kidsplay.lt\/lv\/wp-json\/wp\/v2\/product_brand?post=79938"},{"taxonomy":"product_cat","embeddable":true,"href":"https:\/\/kidsplay.lt\/lv\/wp-json\/wp\/v2\/product_cat?post=79938"},{"taxonomy":"product_tag","embeddable":true,"href":"https:\/\/kidsplay.lt\/lv\/wp-json\/wp\/v2\/product_tag?post=79938"}],"curies":[{"name":"wp","href":"https:\/\/api.w.org\/{rel}","templated":true}]}}