{"id":79952,"date":"2025-11-09T12:11:13","date_gmt":"2025-11-09T10:11:13","guid":{"rendered":"https:\/\/kidsplay.lt\/produktas\/woopie-royal-dolls-jumpsuits-blue-teddy-bears\/"},"modified":"2026-04-07T09:58:38","modified_gmt":"2026-04-07T06:58:38","slug":"woopie-royal-dolls-jumpsuits-blue-teddy-bears","status":"publish","type":"product","link":"https:\/\/kidsplay.lt\/lv\/products\/woopie-royal-dolls-jumpsuits-blue-teddy-bears\/","title":{"rendered":"WOOPIE ROYAL Dolls Jumpsuits Blue Teddy Bears"},"content":{"rendered":"<p>Susipa\u017einkite su mielu rinkiniu\u00a0L\u0117l\u0117s M\u0117lyna Teddy Bears Kombinezonai\u00a0i\u0161 mark\u0117s\u00a0Woopie, puikiai tinka k\u016brybin\u0117ms pramogoms vaikams nuo 3 met\u0173! \u012e kain\u0105 \u012fskai\u010diuotos dvi \u2013 l\u0117l\u0117s\u00a0didelis ir ma\u017eas\u00a0\u2013 abu apsireng\u0119\u00a0mink\u0161ti, m\u0117lyni me\u0161kiuk\u0173 kostiumai\u00a0su gobtuvais su ausimis. Ant kostium\u0173 kr\u016btin\u0117s yra saldus me\u0161kiuko ra\u0161tas. \u0160is rinkinys, i\u0161 \u201eAnimal Jumpsuits\u201c linijos, skatina vaidmen\u0173 \u017eaidim\u0105 ir yra \u012fkv\u0117ptas gyv\u016bn\u0173 kostium\u0173 tendencijos!\u00a0L\u0117l\u0117s turi kilnojamas rankas ir kojas, kad b\u016bt\u0173 lengviau apsirengti ir pozuoti. Tai fantasti\u0161ka dovanos id\u0117ja!<\/p>\n<p>Raksturojums:<\/p>\n<p> \t&#8211; vaikams\u00a0nuo 3 met\u0173<br \/>\n \t&#8211; komplektas apima\u00a0dvi l\u0117l\u0117s: didelis ir ma\u017eas (mama ir k\u016bdikis)<br \/>\n \t&#8211; apsirengusios l\u0117l\u0117s\u00a0derantys m\u0117lyni me\u0161kiuk\u0173 kostiumai<br \/>\n \t&#8211; kombinezonai yra pliu\u0161iniai\/mink\u0161ti su gobtuvais ir ausimis<br \/>\n \t&#8211; papildomas priedas<\/p>\n<p>Komplekt\u0101 ietilpst:<\/p>\n<p> \t&#8211; didel\u0117 l\u0117l\u0117 su kombinezonu<br \/>\n \t&#8211; ma\u017ea l\u0117l\u0117 su kostiumu<br \/>\n \t&#8211; aksesuaras (\u0161epetys, batai)<\/p>","protected":false},"excerpt":{"rendered":"<p>Susipa\u017einkite su mielu rinkiniu\u00a0L\u0117l\u0117s M\u0117lyna Teddy Bears Kombinezonai\u00a0i\u0161 mark\u0117s\u00a0Woopie, puikiai tinka k\u016brybin\u0117ms pramogoms vaikams nuo 3 met\u0173! \u012e kain\u0105 \u012fskai\u010diuotos<\/p>","protected":false},"featured_media":79954,"template":"","meta":{"_acf_changed":false,"_glsr_average":0,"_glsr_ranking":0,"_glsr_reviews":0},"product_brand":[],"product_cat":[443,229],"product_tag":[],"class_list":{"0":"post-79952","1":"product","2":"type-product","3":"status-publish","4":"has-post-thumbnail","6":"product_cat-leles-ir-priedai","7":"product_cat-zaislai-vaikams","8":"\"style=\"background-color: #2ecc711c;\"","10":"first","11":"instock","12":"purchasable","13":"product-type-simple"},"acf":[],"yoast_head":"<!-- This site is optimized with the Yoast SEO plugin v27.3 - https:\/\/yoast.com\/product\/yoast-seo-wordpress\/ -->\n<title>WOOPIE ROYAL Dolls Jumpsuits Blue Teddy Bears<\/title>\n<meta name=\"description\" content=\"WOOPIE ROYAL Dolls Jumpsuits Blue Teddy Bears - KidsPlay. Did\u017eiausias vaik\u0173 \u017eaisl\u0173 pasirinkimas.\" \/>\n<meta name=\"robots\" content=\"index, follow, max-snippet:-1, max-image-preview:large, max-video-preview:-1\" \/>\n<link rel=\"canonical\" href=\"https:\/\/kidsplay.lt\/lv\/products\/woopie-royal-dolls-jumpsuits-blue-teddy-bears\/\" \/>\n<meta property=\"og:locale\" content=\"lv_LV\" \/>\n<meta property=\"og:type\" content=\"article\" \/>\n<meta property=\"og:title\" content=\"WOOPIE ROYAL Dolls Jumpsuits Blue Teddy Bears\" \/>\n<meta property=\"og:description\" content=\"WOOPIE ROYAL Dolls Jumpsuits Blue Teddy Bears - KidsPlay. Did\u017eiausias vaik\u0173 \u017eaisl\u0173 pasirinkimas.\" \/>\n<meta property=\"og:url\" content=\"https:\/\/kidsplay.lt\/lv\/products\/woopie-royal-dolls-jumpsuits-blue-teddy-bears\/\" \/>\n<meta property=\"og:site_name\" content=\"KidsPlay\" \/>\n<meta property=\"article:publisher\" content=\"https:\/\/www.facebook.com\/www.kidsplay.lt\" \/>\n<meta property=\"article:modified_time\" content=\"2026-04-07T06:58:38+00:00\" \/>\n<meta property=\"og:image\" content=\"https:\/\/kidsplay.lt\/wp-content\/uploads\/2025\/11\/WOOPIE-ROYAL-Dolls-Jumpsuits-Blue-Teddy-Bears.jpg\" \/>\n\t<meta property=\"og:image:width\" content=\"1000\" \/>\n\t<meta property=\"og:image:height\" content=\"1000\" \/>\n\t<meta property=\"og:image:type\" content=\"image\/jpeg\" \/>\n<meta name=\"twitter:card\" content=\"summary_large_image\" \/>\n<meta name=\"twitter:label1\" content=\"Est. reading time\" \/>\n\t<meta name=\"twitter:data1\" content=\"1 min\u016bte\" \/>\n<script type=\"application\/ld+json\" class=\"yoast-schema-graph\">{\"@context\":\"https:\\\/\\\/schema.org\",\"@graph\":[{\"@type\":\"WebPage\",\"@id\":\"https:\\\/\\\/kidsplay.lt\\\/produktas\\\/woopie-royal-dolls-jumpsuits-blue-teddy-bears\\\/\",\"url\":\"https:\\\/\\\/kidsplay.lt\\\/produktas\\\/woopie-royal-dolls-jumpsuits-blue-teddy-bears\\\/\",\"name\":\"WOOPIE ROYAL Dolls Jumpsuits Blue Teddy Bears\",\"isPartOf\":{\"@id\":\"https:\\\/\\\/kidsplay.lt\\\/#website\"},\"primaryImageOfPage\":{\"@id\":\"https:\\\/\\\/kidsplay.lt\\\/produktas\\\/woopie-royal-dolls-jumpsuits-blue-teddy-bears\\\/#primaryimage\"},\"image\":{\"@id\":\"https:\\\/\\\/kidsplay.lt\\\/produktas\\\/woopie-royal-dolls-jumpsuits-blue-teddy-bears\\\/#primaryimage\"},\"thumbnailUrl\":\"https:\\\/\\\/kidsplay.lt\\\/wp-content\\\/uploads\\\/2025\\\/11\\\/WOOPIE-ROYAL-Dolls-Jumpsuits-Blue-Teddy-Bears.jpg\",\"datePublished\":\"2025-11-09T10:11:13+00:00\",\"dateModified\":\"2026-04-07T06:58:38+00:00\",\"description\":\"WOOPIE ROYAL Dolls Jumpsuits Blue Teddy Bears - KidsPlay. Did\u017eiausias vaik\u0173 \u017eaisl\u0173 pasirinkimas.\",\"breadcrumb\":{\"@id\":\"https:\\\/\\\/kidsplay.lt\\\/produktas\\\/woopie-royal-dolls-jumpsuits-blue-teddy-bears\\\/#breadcrumb\"},\"inLanguage\":\"lv-LV\",\"potentialAction\":[{\"@type\":\"ReadAction\",\"target\":[\"https:\\\/\\\/kidsplay.lt\\\/produktas\\\/woopie-royal-dolls-jumpsuits-blue-teddy-bears\\\/\"]}]},{\"@type\":\"ImageObject\",\"inLanguage\":\"lv-LV\",\"@id\":\"https:\\\/\\\/kidsplay.lt\\\/produktas\\\/woopie-royal-dolls-jumpsuits-blue-teddy-bears\\\/#primaryimage\",\"url\":\"https:\\\/\\\/kidsplay.lt\\\/wp-content\\\/uploads\\\/2025\\\/11\\\/WOOPIE-ROYAL-Dolls-Jumpsuits-Blue-Teddy-Bears.jpg\",\"contentUrl\":\"https:\\\/\\\/kidsplay.lt\\\/wp-content\\\/uploads\\\/2025\\\/11\\\/WOOPIE-ROYAL-Dolls-Jumpsuits-Blue-Teddy-Bears.jpg\",\"width\":1000,\"height\":1000,\"caption\":\"WOOPIE ROYAL Dolls Jumpsuits Blue Teddy Bears\"},{\"@type\":\"BreadcrumbList\",\"@id\":\"https:\\\/\\\/kidsplay.lt\\\/produktas\\\/woopie-royal-dolls-jumpsuits-blue-teddy-bears\\\/#breadcrumb\",\"itemListElement\":[{\"@type\":\"ListItem\",\"position\":1,\"name\":\"Pagrindinis\",\"item\":\"https:\\\/\\\/kidsplay.lt\\\/\"},{\"@type\":\"ListItem\",\"position\":2,\"name\":\"Parduotuv\u0117\",\"item\":\"https:\\\/\\\/kidsplay.lt\\\/parduotuve\\\/\"},{\"@type\":\"ListItem\",\"position\":3,\"name\":\"WOOPIE ROYAL Dolls Jumpsuits Blue Teddy Bears\"}]},{\"@type\":\"WebSite\",\"@id\":\"https:\\\/\\\/kidsplay.lt\\\/#website\",\"url\":\"https:\\\/\\\/kidsplay.lt\\\/\",\"name\":\"Kidsplay.lt\",\"description\":\"\u012evairios prek\u0117s vaikams\",\"publisher\":{\"@id\":\"https:\\\/\\\/kidsplay.lt\\\/#organization\"},\"alternateName\":\"Kidsplay\",\"potentialAction\":[{\"@type\":\"SearchAction\",\"target\":{\"@type\":\"EntryPoint\",\"urlTemplate\":\"https:\\\/\\\/kidsplay.lt\\\/?s={search_term_string}\"},\"query-input\":{\"@type\":\"PropertyValueSpecification\",\"valueRequired\":true,\"valueName\":\"search_term_string\"}}],\"inLanguage\":\"lv-LV\"},{\"@type\":\"Organization\",\"@id\":\"https:\\\/\\\/kidsplay.lt\\\/#organization\",\"name\":\"KidsPlay\",\"url\":\"https:\\\/\\\/kidsplay.lt\\\/\",\"logo\":{\"@type\":\"ImageObject\",\"inLanguage\":\"lv-LV\",\"@id\":\"https:\\\/\\\/kidsplay.lt\\\/#\\\/schema\\\/logo\\\/image\\\/\",\"url\":\"https:\\\/\\\/kidsplay.lt\\\/wp-content\\\/uploads\\\/2023\\\/07\\\/kidsplay-logo.png\",\"contentUrl\":\"https:\\\/\\\/kidsplay.lt\\\/wp-content\\\/uploads\\\/2023\\\/07\\\/kidsplay-logo.png\",\"width\":451,\"height\":98,\"caption\":\"KidsPlay\"},\"image\":{\"@id\":\"https:\\\/\\\/kidsplay.lt\\\/#\\\/schema\\\/logo\\\/image\\\/\"},\"sameAs\":[\"https:\\\/\\\/www.facebook.com\\\/www.kidsplay.lt\"]}]}<\/script>\n<!-- \/ Yoast SEO plugin. -->","yoast_head_json":{"title":"WOOPIE ROYAL Dolls Jumpsuits Blue Teddy Bears","description":"WOOPIE ROYAL Dolls Jumpsuits Blue Teddy Bears - KidsPlay. Did\u017eiausias vaik\u0173 \u017eaisl\u0173 pasirinkimas.","robots":{"index":"index","follow":"follow","max-snippet":"max-snippet:-1","max-image-preview":"max-image-preview:large","max-video-preview":"max-video-preview:-1"},"canonical":"https:\/\/kidsplay.lt\/lv\/products\/woopie-royal-dolls-jumpsuits-blue-teddy-bears\/","og_locale":"lv_LV","og_type":"article","og_title":"WOOPIE ROYAL Dolls Jumpsuits Blue Teddy Bears","og_description":"WOOPIE ROYAL Dolls Jumpsuits Blue Teddy Bears - KidsPlay. Did\u017eiausias vaik\u0173 \u017eaisl\u0173 pasirinkimas.","og_url":"https:\/\/kidsplay.lt\/lv\/products\/woopie-royal-dolls-jumpsuits-blue-teddy-bears\/","og_site_name":"KidsPlay","article_publisher":"https:\/\/www.facebook.com\/www.kidsplay.lt","article_modified_time":"2026-04-07T06:58:38+00:00","og_image":[{"width":1000,"height":1000,"url":"https:\/\/kidsplay.lt\/wp-content\/uploads\/2025\/11\/WOOPIE-ROYAL-Dolls-Jumpsuits-Blue-Teddy-Bears.jpg","type":"image\/jpeg"}],"twitter_card":"summary_large_image","twitter_misc":{"Est. reading time":"1 min\u016bte"},"schema":{"@context":"https:\/\/schema.org","@graph":[{"@type":"WebPage","@id":"https:\/\/kidsplay.lt\/produktas\/woopie-royal-dolls-jumpsuits-blue-teddy-bears\/","url":"https:\/\/kidsplay.lt\/produktas\/woopie-royal-dolls-jumpsuits-blue-teddy-bears\/","name":"WOOPIE ROYAL Dolls Jumpsuits Blue Teddy Bears","isPartOf":{"@id":"https:\/\/kidsplay.lt\/#website"},"primaryImageOfPage":{"@id":"https:\/\/kidsplay.lt\/produktas\/woopie-royal-dolls-jumpsuits-blue-teddy-bears\/#primaryimage"},"image":{"@id":"https:\/\/kidsplay.lt\/produktas\/woopie-royal-dolls-jumpsuits-blue-teddy-bears\/#primaryimage"},"thumbnailUrl":"https:\/\/kidsplay.lt\/wp-content\/uploads\/2025\/11\/WOOPIE-ROYAL-Dolls-Jumpsuits-Blue-Teddy-Bears.jpg","datePublished":"2025-11-09T10:11:13+00:00","dateModified":"2026-04-07T06:58:38+00:00","description":"WOOPIE ROYAL Dolls Jumpsuits Blue Teddy Bears - KidsPlay. Did\u017eiausias vaik\u0173 \u017eaisl\u0173 pasirinkimas.","breadcrumb":{"@id":"https:\/\/kidsplay.lt\/produktas\/woopie-royal-dolls-jumpsuits-blue-teddy-bears\/#breadcrumb"},"inLanguage":"lv-LV","potentialAction":[{"@type":"ReadAction","target":["https:\/\/kidsplay.lt\/produktas\/woopie-royal-dolls-jumpsuits-blue-teddy-bears\/"]}]},{"@type":"ImageObject","inLanguage":"lv-LV","@id":"https:\/\/kidsplay.lt\/produktas\/woopie-royal-dolls-jumpsuits-blue-teddy-bears\/#primaryimage","url":"https:\/\/kidsplay.lt\/wp-content\/uploads\/2025\/11\/WOOPIE-ROYAL-Dolls-Jumpsuits-Blue-Teddy-Bears.jpg","contentUrl":"https:\/\/kidsplay.lt\/wp-content\/uploads\/2025\/11\/WOOPIE-ROYAL-Dolls-Jumpsuits-Blue-Teddy-Bears.jpg","width":1000,"height":1000,"caption":"WOOPIE ROYAL Dolls Jumpsuits Blue Teddy Bears"},{"@type":"BreadcrumbList","@id":"https:\/\/kidsplay.lt\/produktas\/woopie-royal-dolls-jumpsuits-blue-teddy-bears\/#breadcrumb","itemListElement":[{"@type":"ListItem","position":1,"name":"Pagrindinis","item":"https:\/\/kidsplay.lt\/"},{"@type":"ListItem","position":2,"name":"Parduotuv\u0117","item":"https:\/\/kidsplay.lt\/parduotuve\/"},{"@type":"ListItem","position":3,"name":"WOOPIE ROYAL Dolls Jumpsuits Blue Teddy Bears"}]},{"@type":"WebSite","@id":"https:\/\/kidsplay.lt\/#website","url":"https:\/\/kidsplay.lt\/","name":"B\u0113rnu sp\u0113les.lv","description":"\u012evairios prek\u0117s vaikams","publisher":{"@id":"https:\/\/kidsplay.lt\/#organization"},"alternateName":"Kidsplay","potentialAction":[{"@type":"SearchAction","target":{"@type":"EntryPoint","urlTemplate":"https:\/\/kidsplay.lt\/?s={search_term_string}"},"query-input":{"@type":"PropertyValueSpecification","valueRequired":true,"valueName":"search_term_string"}}],"inLanguage":"lv-LV"},{"@type":"Organization","@id":"https:\/\/kidsplay.lt\/#organization","name":"B\u0113rnu sp\u0113le","url":"https:\/\/kidsplay.lt\/","logo":{"@type":"ImageObject","inLanguage":"lv-LV","@id":"https:\/\/kidsplay.lt\/#\/schema\/logo\/image\/","url":"https:\/\/kidsplay.lt\/wp-content\/uploads\/2023\/07\/kidsplay-logo.png","contentUrl":"https:\/\/kidsplay.lt\/wp-content\/uploads\/2023\/07\/kidsplay-logo.png","width":451,"height":98,"caption":"KidsPlay"},"image":{"@id":"https:\/\/kidsplay.lt\/#\/schema\/logo\/image\/"},"sameAs":["https:\/\/www.facebook.com\/www.kidsplay.lt"]}]}},"_links":{"self":[{"href":"https:\/\/kidsplay.lt\/lv\/wp-json\/wp\/v2\/product\/79952","targetHints":{"allow":["GET"]}}],"collection":[{"href":"https:\/\/kidsplay.lt\/lv\/wp-json\/wp\/v2\/product"}],"about":[{"href":"https:\/\/kidsplay.lt\/lv\/wp-json\/wp\/v2\/types\/product"}],"version-history":[{"count":1,"href":"https:\/\/kidsplay.lt\/lv\/wp-json\/wp\/v2\/product\/79952\/revisions"}],"predecessor-version":[{"id":79953,"href":"https:\/\/kidsplay.lt\/lv\/wp-json\/wp\/v2\/product\/79952\/revisions\/79953"}],"wp:featuredmedia":[{"embeddable":true,"href":"https:\/\/kidsplay.lt\/lv\/wp-json\/wp\/v2\/media\/79954"}],"wp:attachment":[{"href":"https:\/\/kidsplay.lt\/lv\/wp-json\/wp\/v2\/media?parent=79952"}],"wp:term":[{"taxonomy":"product_brand","embeddable":true,"href":"https:\/\/kidsplay.lt\/lv\/wp-json\/wp\/v2\/product_brand?post=79952"},{"taxonomy":"product_cat","embeddable":true,"href":"https:\/\/kidsplay.lt\/lv\/wp-json\/wp\/v2\/product_cat?post=79952"},{"taxonomy":"product_tag","embeddable":true,"href":"https:\/\/kidsplay.lt\/lv\/wp-json\/wp\/v2\/product_tag?post=79952"}],"curies":[{"name":"wp","href":"https:\/\/api.w.org\/{rel}","templated":true}]}}