{"id":79962,"date":"2025-11-09T12:11:50","date_gmt":"2025-11-09T10:11:50","guid":{"rendered":"https:\/\/kidsplay.lt\/produktas\/woopie-royal-leliu-rinkinys-rider-su-arkliu\/"},"modified":"2026-04-13T14:20:11","modified_gmt":"2026-04-13T11:20:11","slug":"woopie-royal-leliu-rinkinys-rider-su-arkliu","status":"publish","type":"product","link":"https:\/\/kidsplay.lt\/lv\/products\/woopie-royal-leliu-rinkinys-rider-su-arkliu\/","title":{"rendered":"WOOPIE ROYAL L\u0117li\u0173 rinkinys Rider su arkliu"},"content":{"rendered":"<p>Atraskite magi\u0161k\u0105\u00a0jojimo pasaulis\u00a0su nuostabia Niki Doll ir jos gra\u017eiu arkliu i\u0161 prek\u0117s \u017eenklo\u00a0WOOPIE ROYAL!\u00a0\u0160is fantasti\u0161kas rinkinys yra puiki dovana kiekvienam ma\u017eyliui\u00a0meilu\u017eis\u00a0arklys\u00a0ir\u00a0nuotykiai\u201e. L\u0117l\u0117, apsirengusi stilinga jojimo apranga ir \u0161almu, yra pasirengusi treniruot\u0117ms ir var\u017eyboms. \u017daislas ne tik suteikia puiki\u0173 pramog\u0173, bet ir padeda lavinti vaiko k\u016brybi\u0161kum\u0105, vaizduot\u0119. Tegul jodin\u0117jimo d\u017eiaugsmas ateina \u012f j\u016bs\u0173 namus!<\/p>\n<p>Raksturojums:<\/p>\n<p> \t&#8211; Vaiki\u0161kas \u017eaislas nuo 3 metu<br \/>\n \t&#8211; Jojimo sportas, nuotykiai, gyv\u016bn\u0173 prie\u017ei\u016bra ir sportas.<br \/>\n \t&#8211; Ry\u0161kios spalvos\u00a0\u2013 violetinis \u0161almas, ro\u017ein\u0117s ir geltonos aprangos elementai, \u0161viesiai rudas arklys<br \/>\n \t&#8211;\u00a0L\u0117l\u0117 montuojama ant \u017eirgo, su matomu balnu ir kamanomis, kas skatina \u017eaisti\u00a0realistin\u0117s scenos\u201e.<br \/>\n \t&#8211;\u00a0Mielas \u017evilgsnis\u00a0l\u0117l\u0117s ir arklys, pritraukia d\u0117mes\u012f<\/p>\n<p>Komplekt\u0101 ietilpst:<\/p>\n<p> \t&#8211; l\u0117l\u0117 jojimo kostiumu<br \/>\n \t&#8211;\u00a0Violetinis apsauginis \u0161almas<br \/>\n \t&#8211;\u00a0Arklio fig\u016br\u0117l\u0117 su lengvais kar\u010diais ir uodega.<br \/>\n \t&#8211;\u00a0Jojimo reikmenys (balnas ir kamanos arkliui<\/p>","protected":false},"excerpt":{"rendered":"<p>Atraskite magi\u0161k\u0105\u00a0jojimo pasaulis\u00a0su nuostabia Niki Doll ir jos gra\u017eiu arkliu i\u0161 prek\u0117s \u017eenklo\u00a0WOOPIE ROYAL!\u00a0\u0160is fantasti\u0161kas rinkinys yra puiki dovana kiekvienam<\/p>","protected":false},"featured_media":79964,"template":"","meta":{"_acf_changed":false,"_glsr_average":0,"_glsr_ranking":0,"_glsr_reviews":0},"product_brand":[],"product_cat":[443,229],"product_tag":[],"class_list":{"0":"post-79962","1":"product","2":"type-product","3":"status-publish","4":"has-post-thumbnail","6":"product_cat-leles-ir-priedai","7":"product_cat-zaislai-vaikams","8":"\"style=\"background-color: #2ecc711c;\"","10":"first","11":"instock","12":"purchasable","13":"product-type-simple"},"acf":[],"yoast_head":"<!-- This site is optimized with the Yoast SEO plugin v27.4 - https:\/\/yoast.com\/product\/yoast-seo-wordpress\/ -->\n<title>WOOPIE ROYAL L\u0117li\u0173 rinkinys Rider su arkliu<\/title>\n<meta name=\"description\" content=\"WOOPIE ROYAL L\u0117li\u0173 rinkinys Rider su arkliu - KidsPlay. Did\u017eiausias vaik\u0173 \u017eaisl\u0173 pasirinkimas.\" \/>\n<meta name=\"robots\" content=\"index, follow, max-snippet:-1, max-image-preview:large, max-video-preview:-1\" \/>\n<link rel=\"canonical\" href=\"https:\/\/kidsplay.lt\/lv\/products\/woopie-royal-leliu-rinkinys-rider-su-arkliu\/\" \/>\n<meta property=\"og:locale\" content=\"lv_LV\" \/>\n<meta property=\"og:type\" content=\"article\" \/>\n<meta property=\"og:title\" content=\"WOOPIE ROYAL L\u0117li\u0173 rinkinys Rider su arkliu\" \/>\n<meta property=\"og:description\" content=\"WOOPIE ROYAL L\u0117li\u0173 rinkinys Rider su arkliu - KidsPlay. Did\u017eiausias vaik\u0173 \u017eaisl\u0173 pasirinkimas.\" \/>\n<meta property=\"og:url\" content=\"https:\/\/kidsplay.lt\/lv\/products\/woopie-royal-leliu-rinkinys-rider-su-arkliu\/\" \/>\n<meta property=\"og:site_name\" content=\"KidsPlay\" \/>\n<meta property=\"article:publisher\" content=\"https:\/\/www.facebook.com\/www.kidsplay.lt\" \/>\n<meta property=\"article:modified_time\" content=\"2026-04-13T11:20:11+00:00\" \/>\n<meta property=\"og:image\" content=\"https:\/\/kidsplay.lt\/wp-content\/uploads\/2025\/11\/WOOPIE-ROYAL-Leliu-rinkinys-Rider-su-arkliu.jpg\" \/>\n\t<meta property=\"og:image:width\" content=\"1000\" \/>\n\t<meta property=\"og:image:height\" content=\"1000\" \/>\n\t<meta property=\"og:image:type\" content=\"image\/jpeg\" \/>\n<meta name=\"twitter:card\" content=\"summary_large_image\" \/>\n<meta name=\"twitter:label1\" content=\"Est. reading time\" \/>\n\t<meta name=\"twitter:data1\" content=\"1 min\u016bte\" \/>\n<script type=\"application\/ld+json\" class=\"yoast-schema-graph\">{\"@context\":\"https:\\\/\\\/schema.org\",\"@graph\":[{\"@type\":\"WebPage\",\"@id\":\"https:\\\/\\\/kidsplay.lt\\\/produktas\\\/woopie-royal-leliu-rinkinys-rider-su-arkliu\\\/\",\"url\":\"https:\\\/\\\/kidsplay.lt\\\/produktas\\\/woopie-royal-leliu-rinkinys-rider-su-arkliu\\\/\",\"name\":\"WOOPIE ROYAL L\u0117li\u0173 rinkinys Rider su arkliu\",\"isPartOf\":{\"@id\":\"https:\\\/\\\/kidsplay.lt\\\/#website\"},\"primaryImageOfPage\":{\"@id\":\"https:\\\/\\\/kidsplay.lt\\\/produktas\\\/woopie-royal-leliu-rinkinys-rider-su-arkliu\\\/#primaryimage\"},\"image\":{\"@id\":\"https:\\\/\\\/kidsplay.lt\\\/produktas\\\/woopie-royal-leliu-rinkinys-rider-su-arkliu\\\/#primaryimage\"},\"thumbnailUrl\":\"https:\\\/\\\/kidsplay.lt\\\/wp-content\\\/uploads\\\/2025\\\/11\\\/WOOPIE-ROYAL-Leliu-rinkinys-Rider-su-arkliu.jpg\",\"datePublished\":\"2025-11-09T10:11:50+00:00\",\"dateModified\":\"2026-04-13T11:20:11+00:00\",\"description\":\"WOOPIE ROYAL L\u0117li\u0173 rinkinys Rider su arkliu - KidsPlay. Did\u017eiausias vaik\u0173 \u017eaisl\u0173 pasirinkimas.\",\"breadcrumb\":{\"@id\":\"https:\\\/\\\/kidsplay.lt\\\/produktas\\\/woopie-royal-leliu-rinkinys-rider-su-arkliu\\\/#breadcrumb\"},\"inLanguage\":\"lv-LV\",\"potentialAction\":[{\"@type\":\"ReadAction\",\"target\":[\"https:\\\/\\\/kidsplay.lt\\\/produktas\\\/woopie-royal-leliu-rinkinys-rider-su-arkliu\\\/\"]}]},{\"@type\":\"ImageObject\",\"inLanguage\":\"lv-LV\",\"@id\":\"https:\\\/\\\/kidsplay.lt\\\/produktas\\\/woopie-royal-leliu-rinkinys-rider-su-arkliu\\\/#primaryimage\",\"url\":\"https:\\\/\\\/kidsplay.lt\\\/wp-content\\\/uploads\\\/2025\\\/11\\\/WOOPIE-ROYAL-Leliu-rinkinys-Rider-su-arkliu.jpg\",\"contentUrl\":\"https:\\\/\\\/kidsplay.lt\\\/wp-content\\\/uploads\\\/2025\\\/11\\\/WOOPIE-ROYAL-Leliu-rinkinys-Rider-su-arkliu.jpg\",\"width\":1000,\"height\":1000,\"caption\":\"WOOPIE ROYAL L\u0117li\u0173 rinkinys Rider su arkliu\"},{\"@type\":\"BreadcrumbList\",\"@id\":\"https:\\\/\\\/kidsplay.lt\\\/produktas\\\/woopie-royal-leliu-rinkinys-rider-su-arkliu\\\/#breadcrumb\",\"itemListElement\":[{\"@type\":\"ListItem\",\"position\":1,\"name\":\"Pagrindinis\",\"item\":\"https:\\\/\\\/kidsplay.lt\\\/\"},{\"@type\":\"ListItem\",\"position\":2,\"name\":\"Parduotuv\u0117\",\"item\":\"https:\\\/\\\/kidsplay.lt\\\/parduotuve\\\/\"},{\"@type\":\"ListItem\",\"position\":3,\"name\":\"WOOPIE ROYAL L\u0117li\u0173 rinkinys Rider su arkliu\"}]},{\"@type\":\"WebSite\",\"@id\":\"https:\\\/\\\/kidsplay.lt\\\/#website\",\"url\":\"https:\\\/\\\/kidsplay.lt\\\/\",\"name\":\"Kidsplay.lt\",\"description\":\"\u012evairios prek\u0117s vaikams\",\"publisher\":{\"@id\":\"https:\\\/\\\/kidsplay.lt\\\/#organization\"},\"alternateName\":\"Kidsplay\",\"potentialAction\":[{\"@type\":\"SearchAction\",\"target\":{\"@type\":\"EntryPoint\",\"urlTemplate\":\"https:\\\/\\\/kidsplay.lt\\\/?s={search_term_string}\"},\"query-input\":{\"@type\":\"PropertyValueSpecification\",\"valueRequired\":true,\"valueName\":\"search_term_string\"}}],\"inLanguage\":\"lv-LV\"},{\"@type\":\"Organization\",\"@id\":\"https:\\\/\\\/kidsplay.lt\\\/#organization\",\"name\":\"KidsPlay\",\"url\":\"https:\\\/\\\/kidsplay.lt\\\/\",\"logo\":{\"@type\":\"ImageObject\",\"inLanguage\":\"lv-LV\",\"@id\":\"https:\\\/\\\/kidsplay.lt\\\/#\\\/schema\\\/logo\\\/image\\\/\",\"url\":\"https:\\\/\\\/kidsplay.lt\\\/wp-content\\\/uploads\\\/2023\\\/07\\\/kidsplay-logo.png\",\"contentUrl\":\"https:\\\/\\\/kidsplay.lt\\\/wp-content\\\/uploads\\\/2023\\\/07\\\/kidsplay-logo.png\",\"width\":451,\"height\":98,\"caption\":\"KidsPlay\"},\"image\":{\"@id\":\"https:\\\/\\\/kidsplay.lt\\\/#\\\/schema\\\/logo\\\/image\\\/\"},\"sameAs\":[\"https:\\\/\\\/www.facebook.com\\\/www.kidsplay.lt\"]}]}<\/script>\n<!-- \/ Yoast SEO plugin. -->","yoast_head_json":{"title":"WOOPIE ROYAL L\u0117li\u0173 rinkinys Rider su arkliu","description":"WOOPIE ROYAL L\u0117li\u0173 rinkinys Rider su arkliu - KidsPlay. Did\u017eiausias vaik\u0173 \u017eaisl\u0173 pasirinkimas.","robots":{"index":"index","follow":"follow","max-snippet":"max-snippet:-1","max-image-preview":"max-image-preview:large","max-video-preview":"max-video-preview:-1"},"canonical":"https:\/\/kidsplay.lt\/lv\/products\/woopie-royal-leliu-rinkinys-rider-su-arkliu\/","og_locale":"lv_LV","og_type":"article","og_title":"WOOPIE ROYAL L\u0117li\u0173 rinkinys Rider su arkliu","og_description":"WOOPIE ROYAL L\u0117li\u0173 rinkinys Rider su arkliu - KidsPlay. Did\u017eiausias vaik\u0173 \u017eaisl\u0173 pasirinkimas.","og_url":"https:\/\/kidsplay.lt\/lv\/products\/woopie-royal-leliu-rinkinys-rider-su-arkliu\/","og_site_name":"KidsPlay","article_publisher":"https:\/\/www.facebook.com\/www.kidsplay.lt","article_modified_time":"2026-04-13T11:20:11+00:00","og_image":[{"width":1000,"height":1000,"url":"https:\/\/kidsplay.lt\/wp-content\/uploads\/2025\/11\/WOOPIE-ROYAL-Leliu-rinkinys-Rider-su-arkliu.jpg","type":"image\/jpeg"}],"twitter_card":"summary_large_image","twitter_misc":{"Est. reading time":"1 min\u016bte"},"schema":{"@context":"https:\/\/schema.org","@graph":[{"@type":"WebPage","@id":"https:\/\/kidsplay.lt\/produktas\/woopie-royal-leliu-rinkinys-rider-su-arkliu\/","url":"https:\/\/kidsplay.lt\/produktas\/woopie-royal-leliu-rinkinys-rider-su-arkliu\/","name":"WOOPIE ROYAL L\u0117li\u0173 rinkinys Rider su arkliu","isPartOf":{"@id":"https:\/\/kidsplay.lt\/#website"},"primaryImageOfPage":{"@id":"https:\/\/kidsplay.lt\/produktas\/woopie-royal-leliu-rinkinys-rider-su-arkliu\/#primaryimage"},"image":{"@id":"https:\/\/kidsplay.lt\/produktas\/woopie-royal-leliu-rinkinys-rider-su-arkliu\/#primaryimage"},"thumbnailUrl":"https:\/\/kidsplay.lt\/wp-content\/uploads\/2025\/11\/WOOPIE-ROYAL-Leliu-rinkinys-Rider-su-arkliu.jpg","datePublished":"2025-11-09T10:11:50+00:00","dateModified":"2026-04-13T11:20:11+00:00","description":"WOOPIE ROYAL L\u0117li\u0173 rinkinys Rider su arkliu - KidsPlay. Did\u017eiausias vaik\u0173 \u017eaisl\u0173 pasirinkimas.","breadcrumb":{"@id":"https:\/\/kidsplay.lt\/produktas\/woopie-royal-leliu-rinkinys-rider-su-arkliu\/#breadcrumb"},"inLanguage":"lv-LV","potentialAction":[{"@type":"ReadAction","target":["https:\/\/kidsplay.lt\/produktas\/woopie-royal-leliu-rinkinys-rider-su-arkliu\/"]}]},{"@type":"ImageObject","inLanguage":"lv-LV","@id":"https:\/\/kidsplay.lt\/produktas\/woopie-royal-leliu-rinkinys-rider-su-arkliu\/#primaryimage","url":"https:\/\/kidsplay.lt\/wp-content\/uploads\/2025\/11\/WOOPIE-ROYAL-Leliu-rinkinys-Rider-su-arkliu.jpg","contentUrl":"https:\/\/kidsplay.lt\/wp-content\/uploads\/2025\/11\/WOOPIE-ROYAL-Leliu-rinkinys-Rider-su-arkliu.jpg","width":1000,"height":1000,"caption":"WOOPIE ROYAL L\u0117li\u0173 rinkinys Rider su arkliu"},{"@type":"BreadcrumbList","@id":"https:\/\/kidsplay.lt\/produktas\/woopie-royal-leliu-rinkinys-rider-su-arkliu\/#breadcrumb","itemListElement":[{"@type":"ListItem","position":1,"name":"Pagrindinis","item":"https:\/\/kidsplay.lt\/"},{"@type":"ListItem","position":2,"name":"Parduotuv\u0117","item":"https:\/\/kidsplay.lt\/parduotuve\/"},{"@type":"ListItem","position":3,"name":"WOOPIE ROYAL L\u0117li\u0173 rinkinys Rider su arkliu"}]},{"@type":"WebSite","@id":"https:\/\/kidsplay.lt\/#website","url":"https:\/\/kidsplay.lt\/","name":"B\u0113rnu sp\u0113les.lv","description":"\u012evairios prek\u0117s vaikams","publisher":{"@id":"https:\/\/kidsplay.lt\/#organization"},"alternateName":"Kidsplay","potentialAction":[{"@type":"SearchAction","target":{"@type":"EntryPoint","urlTemplate":"https:\/\/kidsplay.lt\/?s={search_term_string}"},"query-input":{"@type":"PropertyValueSpecification","valueRequired":true,"valueName":"search_term_string"}}],"inLanguage":"lv-LV"},{"@type":"Organization","@id":"https:\/\/kidsplay.lt\/#organization","name":"B\u0113rnu sp\u0113le","url":"https:\/\/kidsplay.lt\/","logo":{"@type":"ImageObject","inLanguage":"lv-LV","@id":"https:\/\/kidsplay.lt\/#\/schema\/logo\/image\/","url":"https:\/\/kidsplay.lt\/wp-content\/uploads\/2023\/07\/kidsplay-logo.png","contentUrl":"https:\/\/kidsplay.lt\/wp-content\/uploads\/2023\/07\/kidsplay-logo.png","width":451,"height":98,"caption":"KidsPlay"},"image":{"@id":"https:\/\/kidsplay.lt\/#\/schema\/logo\/image\/"},"sameAs":["https:\/\/www.facebook.com\/www.kidsplay.lt"]}]}},"_links":{"self":[{"href":"https:\/\/kidsplay.lt\/lv\/wp-json\/wp\/v2\/product\/79962","targetHints":{"allow":["GET"]}}],"collection":[{"href":"https:\/\/kidsplay.lt\/lv\/wp-json\/wp\/v2\/product"}],"about":[{"href":"https:\/\/kidsplay.lt\/lv\/wp-json\/wp\/v2\/types\/product"}],"version-history":[{"count":1,"href":"https:\/\/kidsplay.lt\/lv\/wp-json\/wp\/v2\/product\/79962\/revisions"}],"predecessor-version":[{"id":79963,"href":"https:\/\/kidsplay.lt\/lv\/wp-json\/wp\/v2\/product\/79962\/revisions\/79963"}],"wp:featuredmedia":[{"embeddable":true,"href":"https:\/\/kidsplay.lt\/lv\/wp-json\/wp\/v2\/media\/79964"}],"wp:attachment":[{"href":"https:\/\/kidsplay.lt\/lv\/wp-json\/wp\/v2\/media?parent=79962"}],"wp:term":[{"taxonomy":"product_brand","embeddable":true,"href":"https:\/\/kidsplay.lt\/lv\/wp-json\/wp\/v2\/product_brand?post=79962"},{"taxonomy":"product_cat","embeddable":true,"href":"https:\/\/kidsplay.lt\/lv\/wp-json\/wp\/v2\/product_cat?post=79962"},{"taxonomy":"product_tag","embeddable":true,"href":"https:\/\/kidsplay.lt\/lv\/wp-json\/wp\/v2\/product_tag?post=79962"}],"curies":[{"name":"wp","href":"https:\/\/api.w.org\/{rel}","templated":true}]}}