{"id":79965,"date":"2025-11-09T12:11:59","date_gmt":"2025-11-09T10:11:59","guid":{"rendered":"https:\/\/kidsplay.lt\/produktas\/woopie-royal-leliu-rinkinys-seimos-lelija-nescia-tetis-kudikiu-vezimelio-priedai\/"},"modified":"2026-04-07T09:58:57","modified_gmt":"2026-04-07T06:58:57","slug":"woopie-royal-leliu-rinkinys-seimos-lelija-nescia-tetis-kudikiu-vezimelio-priedai","status":"publish","type":"product","link":"https:\/\/kidsplay.lt\/lv\/products\/woopie-royal-leliu-rinkinys-seimos-lelija-nescia-tetis-kudikiu-vezimelio-priedai\/","title":{"rendered":"WOOPIE ROYAL L\u0117li\u0173 rinkinys \u0160eimos lelija N\u0117\u0161\u010dia T\u0117tis K\u016bdiki\u0173 ve\u017eim\u0117lio priedai"},"content":{"rendered":"<p>\u0160eimos rinkinys su l\u0117l\u0117mis\u00a0i\u0161 mark\u0117s\u00a0Woopie\u00a0tai puikus pasirinkimas vaikams, m\u0117gstantiems teminius \u017eaidimus ir atliekantiems kasdienius socialinius vaidmenis. Komplekt\u0105 sudaro n\u0117\u0161\u010dios motinos l\u0117l\u0117, stilingas t\u0117vas, k\u016bdikis, turtingas aksesuar\u0173 rinkinys ir funkcionalus ve\u017eim\u0117lis k\u016bdikiui ve\u017eti.\u00a0Rinkinys nurodo scenas i\u0161 \u0161eimos gyvenimo, leid\u017eiant vaikui kurti savo istorijas, kurios moko empatijos, atsakomyb\u0117s ir r\u016bpinimosi kitais. Motina l\u0117l\u0117 yra apsirengusi\u00a0miela suknel\u0117 su rausvais \u017eirneliais, o jos pilve yra nuimama k\u016bdikio fig\u016br\u0117l\u0117. T\u0117\u010dio persona\u017eas &#8211; modernus t\u0117tis su stilingais mar\u0161kin\u0117liais. K\u016bdikis ve\u017eim\u0117lyje ir nedideli priedai, tokie kaip:\u00a0buteliukas, dubuo, \u010diulptukas ar sauskeln\u0117s&#8217;, kurie padidina realizm\u0105 ir \u012ftraukia vaik\u0105 b\u016bti k\u016brybingu, u\u017ebaikite rinkin\u012f.<\/p>\n<p>Raksturojums:<\/p>\n<p> \t&#8211; Vaiki\u0161kas \u017eaislas\u00a0nuo 3 met\u0173 am\u017eiaus<br \/>\n \t&#8211;\u00a0Pilnas \u0161eimos rinkinys\u00a0su l\u0117le, mama, t\u0117\u010diu ir k\u016bdikiu<br \/>\n \t&#8211;\u00a0Nuimamas k\u016bdikis\u00a0i\u0161 l\u0117l\u0117s-mamos pilvo<br \/>\n \t&#8211;\u00a0Stilinga persona\u017eo i\u0161vaizda\u00a0\u2013 mama ro\u017eine suknele, t\u0117tis madingais m\u0117lynais mar\u0161kin\u0117liais<br \/>\n \t&#8211;\u00a0K\u016bdiki\u0173 ve\u017eim\u0117lis\u00a0su l\u0117l\u0117s vairavimo funkcija<br \/>\n \t&#8211;\u00a0Daug ma\u017e\u0173 aksesuar\u0173\u00a0vaiko maitinimui ir prie\u017ei\u016brai<br \/>\n \t&#8211;\u00a0Saugios med\u017eiagos, puikiai tinka vaikams \u017eaisti<br \/>\n \t&#8211;\u00a0Kilnojamos l\u0117li\u0173 gal\u016bn\u0117s\u00a0pad\u0117ties nustatymo ir s\u0105veikos palengvinimas<br \/>\n \t&#8211;\u00a0Tobulas lavinamasis \u017eaislas\u00a0vaikams, besimokantiems empatijos<\/p>\n<p>Komplekt\u0101 ietilpst:<\/p>\n<p> \t&#8211; N\u0117\u0161\u010dia l\u0117l\u0117 mama su k\u016bdikiu pilvo viduryje<br \/>\n \t&#8211; T\u0117\u010dio l\u0117l\u0117<br \/>\n \t&#8211; L\u0117l\u0117 ma\u017eut\u0117<br \/>\n \t&#8211; K\u016bdiki\u0173 ve\u017eim\u0117lis<br \/>\n \t&#8211; Aksesuar\u0173 rinkinys: buteliukas, dubuo, \u010diulptukas, sauskeln\u0117s, \u0161ukos, l\u0117k\u0161t\u0117<\/p>","protected":false},"excerpt":{"rendered":"<p>\u0160eimos rinkinys su l\u0117l\u0117mis\u00a0i\u0161 mark\u0117s\u00a0Woopie\u00a0tai puikus pasirinkimas vaikams, m\u0117gstantiems teminius \u017eaidimus ir atliekantiems kasdienius socialinius vaidmenis. Komplekt\u0105 sudaro n\u0117\u0161\u010dios motinos<\/p>","protected":false},"featured_media":79967,"template":"","meta":{"_acf_changed":false,"_glsr_average":0,"_glsr_ranking":0,"_glsr_reviews":0},"product_brand":[],"product_cat":[443,229],"product_tag":[],"class_list":{"0":"post-79965","1":"product","2":"type-product","3":"status-publish","4":"has-post-thumbnail","6":"product_cat-leles-ir-priedai","7":"product_cat-zaislai-vaikams","8":"\"style=\"background-color: #2ecc711c;\"","10":"first","11":"instock","12":"purchasable","13":"product-type-simple"},"acf":[],"yoast_head":"<!-- This site is optimized with the Yoast SEO plugin v27.3 - https:\/\/yoast.com\/product\/yoast-seo-wordpress\/ -->\n<title>WOOPIE ROYAL L\u0117li\u0173 rinkinys \u0160eimos lelija N\u0117\u0161\u010dia T\u0117tis K\u016bdiki\u0173 ve\u017eim\u0117lio priedai<\/title>\n<meta name=\"description\" content=\"WOOPIE ROYAL L\u0117li\u0173 rinkinys \u0160eimos lelija N\u0117\u0161\u010dia T\u0117tis K\u016bdiki\u0173 ve\u017eim\u0117lio priedai - KidsPlay. Did\u017eiausias vaik\u0173 \u017eaisl\u0173 pasirinkimas.\" \/>\n<meta name=\"robots\" content=\"index, follow, max-snippet:-1, max-image-preview:large, max-video-preview:-1\" \/>\n<link rel=\"canonical\" href=\"https:\/\/kidsplay.lt\/lv\/products\/woopie-royal-leliu-rinkinys-seimos-lelija-nescia-tetis-kudikiu-vezimelio-priedai\/\" \/>\n<meta property=\"og:locale\" content=\"lv_LV\" \/>\n<meta property=\"og:type\" content=\"article\" \/>\n<meta property=\"og:title\" content=\"WOOPIE ROYAL L\u0117li\u0173 rinkinys \u0160eimos lelija N\u0117\u0161\u010dia T\u0117tis K\u016bdiki\u0173 ve\u017eim\u0117lio priedai\" \/>\n<meta property=\"og:description\" content=\"WOOPIE ROYAL L\u0117li\u0173 rinkinys \u0160eimos lelija N\u0117\u0161\u010dia T\u0117tis K\u016bdiki\u0173 ve\u017eim\u0117lio priedai - KidsPlay. Did\u017eiausias vaik\u0173 \u017eaisl\u0173 pasirinkimas.\" \/>\n<meta property=\"og:url\" content=\"https:\/\/kidsplay.lt\/lv\/products\/woopie-royal-leliu-rinkinys-seimos-lelija-nescia-tetis-kudikiu-vezimelio-priedai\/\" \/>\n<meta property=\"og:site_name\" content=\"KidsPlay\" \/>\n<meta property=\"article:publisher\" content=\"https:\/\/www.facebook.com\/www.kidsplay.lt\" \/>\n<meta property=\"article:modified_time\" content=\"2026-04-07T06:58:57+00:00\" \/>\n<meta property=\"og:image\" content=\"https:\/\/kidsplay.lt\/wp-content\/uploads\/2025\/11\/WOOPIE-ROYAL-Leliu-rinkinys-Seimos-lelija-Nescia-Tetis-Kudikiu-vezimelio-priedai.jpg\" \/>\n\t<meta property=\"og:image:width\" content=\"1000\" \/>\n\t<meta property=\"og:image:height\" content=\"1000\" \/>\n\t<meta property=\"og:image:type\" content=\"image\/jpeg\" \/>\n<meta name=\"twitter:card\" content=\"summary_large_image\" \/>\n<meta name=\"twitter:label1\" content=\"Est. reading time\" \/>\n\t<meta name=\"twitter:data1\" content=\"1 min\u016bte\" \/>\n<script type=\"application\/ld+json\" class=\"yoast-schema-graph\">{\"@context\":\"https:\\\/\\\/schema.org\",\"@graph\":[{\"@type\":\"WebPage\",\"@id\":\"https:\\\/\\\/kidsplay.lt\\\/produktas\\\/woopie-royal-leliu-rinkinys-seimos-lelija-nescia-tetis-kudikiu-vezimelio-priedai\\\/\",\"url\":\"https:\\\/\\\/kidsplay.lt\\\/produktas\\\/woopie-royal-leliu-rinkinys-seimos-lelija-nescia-tetis-kudikiu-vezimelio-priedai\\\/\",\"name\":\"WOOPIE ROYAL L\u0117li\u0173 rinkinys \u0160eimos lelija N\u0117\u0161\u010dia T\u0117tis K\u016bdiki\u0173 ve\u017eim\u0117lio priedai\",\"isPartOf\":{\"@id\":\"https:\\\/\\\/kidsplay.lt\\\/#website\"},\"primaryImageOfPage\":{\"@id\":\"https:\\\/\\\/kidsplay.lt\\\/produktas\\\/woopie-royal-leliu-rinkinys-seimos-lelija-nescia-tetis-kudikiu-vezimelio-priedai\\\/#primaryimage\"},\"image\":{\"@id\":\"https:\\\/\\\/kidsplay.lt\\\/produktas\\\/woopie-royal-leliu-rinkinys-seimos-lelija-nescia-tetis-kudikiu-vezimelio-priedai\\\/#primaryimage\"},\"thumbnailUrl\":\"https:\\\/\\\/kidsplay.lt\\\/wp-content\\\/uploads\\\/2025\\\/11\\\/WOOPIE-ROYAL-Leliu-rinkinys-Seimos-lelija-Nescia-Tetis-Kudikiu-vezimelio-priedai.jpg\",\"datePublished\":\"2025-11-09T10:11:59+00:00\",\"dateModified\":\"2026-04-07T06:58:57+00:00\",\"description\":\"WOOPIE ROYAL L\u0117li\u0173 rinkinys \u0160eimos lelija N\u0117\u0161\u010dia T\u0117tis K\u016bdiki\u0173 ve\u017eim\u0117lio priedai - KidsPlay. Did\u017eiausias vaik\u0173 \u017eaisl\u0173 pasirinkimas.\",\"breadcrumb\":{\"@id\":\"https:\\\/\\\/kidsplay.lt\\\/produktas\\\/woopie-royal-leliu-rinkinys-seimos-lelija-nescia-tetis-kudikiu-vezimelio-priedai\\\/#breadcrumb\"},\"inLanguage\":\"lv-LV\",\"potentialAction\":[{\"@type\":\"ReadAction\",\"target\":[\"https:\\\/\\\/kidsplay.lt\\\/produktas\\\/woopie-royal-leliu-rinkinys-seimos-lelija-nescia-tetis-kudikiu-vezimelio-priedai\\\/\"]}]},{\"@type\":\"ImageObject\",\"inLanguage\":\"lv-LV\",\"@id\":\"https:\\\/\\\/kidsplay.lt\\\/produktas\\\/woopie-royal-leliu-rinkinys-seimos-lelija-nescia-tetis-kudikiu-vezimelio-priedai\\\/#primaryimage\",\"url\":\"https:\\\/\\\/kidsplay.lt\\\/wp-content\\\/uploads\\\/2025\\\/11\\\/WOOPIE-ROYAL-Leliu-rinkinys-Seimos-lelija-Nescia-Tetis-Kudikiu-vezimelio-priedai.jpg\",\"contentUrl\":\"https:\\\/\\\/kidsplay.lt\\\/wp-content\\\/uploads\\\/2025\\\/11\\\/WOOPIE-ROYAL-Leliu-rinkinys-Seimos-lelija-Nescia-Tetis-Kudikiu-vezimelio-priedai.jpg\",\"width\":1000,\"height\":1000,\"caption\":\"WOOPIE l\u0117l\u0117 su \u0161uniuko vonele ir augintinio prie\u017ei\u016bros priedais\"},{\"@type\":\"BreadcrumbList\",\"@id\":\"https:\\\/\\\/kidsplay.lt\\\/produktas\\\/woopie-royal-leliu-rinkinys-seimos-lelija-nescia-tetis-kudikiu-vezimelio-priedai\\\/#breadcrumb\",\"itemListElement\":[{\"@type\":\"ListItem\",\"position\":1,\"name\":\"Pagrindinis\",\"item\":\"https:\\\/\\\/kidsplay.lt\\\/\"},{\"@type\":\"ListItem\",\"position\":2,\"name\":\"Parduotuv\u0117\",\"item\":\"https:\\\/\\\/kidsplay.lt\\\/parduotuve\\\/\"},{\"@type\":\"ListItem\",\"position\":3,\"name\":\"WOOPIE ROYAL L\u0117li\u0173 rinkinys \u0160eimos lelija N\u0117\u0161\u010dia T\u0117tis K\u016bdiki\u0173 ve\u017eim\u0117lio priedai\"}]},{\"@type\":\"WebSite\",\"@id\":\"https:\\\/\\\/kidsplay.lt\\\/#website\",\"url\":\"https:\\\/\\\/kidsplay.lt\\\/\",\"name\":\"Kidsplay.lt\",\"description\":\"\u012evairios prek\u0117s vaikams\",\"publisher\":{\"@id\":\"https:\\\/\\\/kidsplay.lt\\\/#organization\"},\"alternateName\":\"Kidsplay\",\"potentialAction\":[{\"@type\":\"SearchAction\",\"target\":{\"@type\":\"EntryPoint\",\"urlTemplate\":\"https:\\\/\\\/kidsplay.lt\\\/?s={search_term_string}\"},\"query-input\":{\"@type\":\"PropertyValueSpecification\",\"valueRequired\":true,\"valueName\":\"search_term_string\"}}],\"inLanguage\":\"lv-LV\"},{\"@type\":\"Organization\",\"@id\":\"https:\\\/\\\/kidsplay.lt\\\/#organization\",\"name\":\"KidsPlay\",\"url\":\"https:\\\/\\\/kidsplay.lt\\\/\",\"logo\":{\"@type\":\"ImageObject\",\"inLanguage\":\"lv-LV\",\"@id\":\"https:\\\/\\\/kidsplay.lt\\\/#\\\/schema\\\/logo\\\/image\\\/\",\"url\":\"https:\\\/\\\/kidsplay.lt\\\/wp-content\\\/uploads\\\/2023\\\/07\\\/kidsplay-logo.png\",\"contentUrl\":\"https:\\\/\\\/kidsplay.lt\\\/wp-content\\\/uploads\\\/2023\\\/07\\\/kidsplay-logo.png\",\"width\":451,\"height\":98,\"caption\":\"KidsPlay\"},\"image\":{\"@id\":\"https:\\\/\\\/kidsplay.lt\\\/#\\\/schema\\\/logo\\\/image\\\/\"},\"sameAs\":[\"https:\\\/\\\/www.facebook.com\\\/www.kidsplay.lt\"]}]}<\/script>\n<!-- \/ Yoast SEO plugin. -->","yoast_head_json":{"title":"WOOPIE ROYAL L\u0117li\u0173 rinkinys \u0160eimos lelija N\u0117\u0161\u010dia T\u0117tis K\u016bdiki\u0173 ve\u017eim\u0117lio priedai","description":"WOOPIE ROYAL L\u0117li\u0173 rinkinys \u0160eimos lelija N\u0117\u0161\u010dia T\u0117tis K\u016bdiki\u0173 ve\u017eim\u0117lio priedai - KidsPlay. Did\u017eiausias vaik\u0173 \u017eaisl\u0173 pasirinkimas.","robots":{"index":"index","follow":"follow","max-snippet":"max-snippet:-1","max-image-preview":"max-image-preview:large","max-video-preview":"max-video-preview:-1"},"canonical":"https:\/\/kidsplay.lt\/lv\/products\/woopie-royal-leliu-rinkinys-seimos-lelija-nescia-tetis-kudikiu-vezimelio-priedai\/","og_locale":"lv_LV","og_type":"article","og_title":"WOOPIE ROYAL L\u0117li\u0173 rinkinys \u0160eimos lelija N\u0117\u0161\u010dia T\u0117tis K\u016bdiki\u0173 ve\u017eim\u0117lio priedai","og_description":"WOOPIE ROYAL L\u0117li\u0173 rinkinys \u0160eimos lelija N\u0117\u0161\u010dia T\u0117tis K\u016bdiki\u0173 ve\u017eim\u0117lio priedai - KidsPlay. Did\u017eiausias vaik\u0173 \u017eaisl\u0173 pasirinkimas.","og_url":"https:\/\/kidsplay.lt\/lv\/products\/woopie-royal-leliu-rinkinys-seimos-lelija-nescia-tetis-kudikiu-vezimelio-priedai\/","og_site_name":"KidsPlay","article_publisher":"https:\/\/www.facebook.com\/www.kidsplay.lt","article_modified_time":"2026-04-07T06:58:57+00:00","og_image":[{"width":1000,"height":1000,"url":"https:\/\/kidsplay.lt\/wp-content\/uploads\/2025\/11\/WOOPIE-ROYAL-Leliu-rinkinys-Seimos-lelija-Nescia-Tetis-Kudikiu-vezimelio-priedai.jpg","type":"image\/jpeg"}],"twitter_card":"summary_large_image","twitter_misc":{"Est. reading time":"1 min\u016bte"},"schema":{"@context":"https:\/\/schema.org","@graph":[{"@type":"WebPage","@id":"https:\/\/kidsplay.lt\/produktas\/woopie-royal-leliu-rinkinys-seimos-lelija-nescia-tetis-kudikiu-vezimelio-priedai\/","url":"https:\/\/kidsplay.lt\/produktas\/woopie-royal-leliu-rinkinys-seimos-lelija-nescia-tetis-kudikiu-vezimelio-priedai\/","name":"WOOPIE ROYAL L\u0117li\u0173 rinkinys \u0160eimos lelija N\u0117\u0161\u010dia T\u0117tis K\u016bdiki\u0173 ve\u017eim\u0117lio priedai","isPartOf":{"@id":"https:\/\/kidsplay.lt\/#website"},"primaryImageOfPage":{"@id":"https:\/\/kidsplay.lt\/produktas\/woopie-royal-leliu-rinkinys-seimos-lelija-nescia-tetis-kudikiu-vezimelio-priedai\/#primaryimage"},"image":{"@id":"https:\/\/kidsplay.lt\/produktas\/woopie-royal-leliu-rinkinys-seimos-lelija-nescia-tetis-kudikiu-vezimelio-priedai\/#primaryimage"},"thumbnailUrl":"https:\/\/kidsplay.lt\/wp-content\/uploads\/2025\/11\/WOOPIE-ROYAL-Leliu-rinkinys-Seimos-lelija-Nescia-Tetis-Kudikiu-vezimelio-priedai.jpg","datePublished":"2025-11-09T10:11:59+00:00","dateModified":"2026-04-07T06:58:57+00:00","description":"WOOPIE ROYAL L\u0117li\u0173 rinkinys \u0160eimos lelija N\u0117\u0161\u010dia T\u0117tis K\u016bdiki\u0173 ve\u017eim\u0117lio priedai - KidsPlay. Did\u017eiausias vaik\u0173 \u017eaisl\u0173 pasirinkimas.","breadcrumb":{"@id":"https:\/\/kidsplay.lt\/produktas\/woopie-royal-leliu-rinkinys-seimos-lelija-nescia-tetis-kudikiu-vezimelio-priedai\/#breadcrumb"},"inLanguage":"lv-LV","potentialAction":[{"@type":"ReadAction","target":["https:\/\/kidsplay.lt\/produktas\/woopie-royal-leliu-rinkinys-seimos-lelija-nescia-tetis-kudikiu-vezimelio-priedai\/"]}]},{"@type":"ImageObject","inLanguage":"lv-LV","@id":"https:\/\/kidsplay.lt\/produktas\/woopie-royal-leliu-rinkinys-seimos-lelija-nescia-tetis-kudikiu-vezimelio-priedai\/#primaryimage","url":"https:\/\/kidsplay.lt\/wp-content\/uploads\/2025\/11\/WOOPIE-ROYAL-Leliu-rinkinys-Seimos-lelija-Nescia-Tetis-Kudikiu-vezimelio-priedai.jpg","contentUrl":"https:\/\/kidsplay.lt\/wp-content\/uploads\/2025\/11\/WOOPIE-ROYAL-Leliu-rinkinys-Seimos-lelija-Nescia-Tetis-Kudikiu-vezimelio-priedai.jpg","width":1000,"height":1000,"caption":"WOOPIE l\u0117l\u0117 su \u0161uniuko vonele ir augintinio prie\u017ei\u016bros priedais"},{"@type":"BreadcrumbList","@id":"https:\/\/kidsplay.lt\/produktas\/woopie-royal-leliu-rinkinys-seimos-lelija-nescia-tetis-kudikiu-vezimelio-priedai\/#breadcrumb","itemListElement":[{"@type":"ListItem","position":1,"name":"Pagrindinis","item":"https:\/\/kidsplay.lt\/"},{"@type":"ListItem","position":2,"name":"Parduotuv\u0117","item":"https:\/\/kidsplay.lt\/parduotuve\/"},{"@type":"ListItem","position":3,"name":"WOOPIE ROYAL L\u0117li\u0173 rinkinys \u0160eimos lelija N\u0117\u0161\u010dia T\u0117tis K\u016bdiki\u0173 ve\u017eim\u0117lio priedai"}]},{"@type":"WebSite","@id":"https:\/\/kidsplay.lt\/#website","url":"https:\/\/kidsplay.lt\/","name":"B\u0113rnu sp\u0113les.lv","description":"\u012evairios prek\u0117s vaikams","publisher":{"@id":"https:\/\/kidsplay.lt\/#organization"},"alternateName":"Kidsplay","potentialAction":[{"@type":"SearchAction","target":{"@type":"EntryPoint","urlTemplate":"https:\/\/kidsplay.lt\/?s={search_term_string}"},"query-input":{"@type":"PropertyValueSpecification","valueRequired":true,"valueName":"search_term_string"}}],"inLanguage":"lv-LV"},{"@type":"Organization","@id":"https:\/\/kidsplay.lt\/#organization","name":"B\u0113rnu sp\u0113le","url":"https:\/\/kidsplay.lt\/","logo":{"@type":"ImageObject","inLanguage":"lv-LV","@id":"https:\/\/kidsplay.lt\/#\/schema\/logo\/image\/","url":"https:\/\/kidsplay.lt\/wp-content\/uploads\/2023\/07\/kidsplay-logo.png","contentUrl":"https:\/\/kidsplay.lt\/wp-content\/uploads\/2023\/07\/kidsplay-logo.png","width":451,"height":98,"caption":"KidsPlay"},"image":{"@id":"https:\/\/kidsplay.lt\/#\/schema\/logo\/image\/"},"sameAs":["https:\/\/www.facebook.com\/www.kidsplay.lt"]}]}},"_links":{"self":[{"href":"https:\/\/kidsplay.lt\/lv\/wp-json\/wp\/v2\/product\/79965","targetHints":{"allow":["GET"]}}],"collection":[{"href":"https:\/\/kidsplay.lt\/lv\/wp-json\/wp\/v2\/product"}],"about":[{"href":"https:\/\/kidsplay.lt\/lv\/wp-json\/wp\/v2\/types\/product"}],"version-history":[{"count":1,"href":"https:\/\/kidsplay.lt\/lv\/wp-json\/wp\/v2\/product\/79965\/revisions"}],"predecessor-version":[{"id":79966,"href":"https:\/\/kidsplay.lt\/lv\/wp-json\/wp\/v2\/product\/79965\/revisions\/79966"}],"wp:featuredmedia":[{"embeddable":true,"href":"https:\/\/kidsplay.lt\/lv\/wp-json\/wp\/v2\/media\/79967"}],"wp:attachment":[{"href":"https:\/\/kidsplay.lt\/lv\/wp-json\/wp\/v2\/media?parent=79965"}],"wp:term":[{"taxonomy":"product_brand","embeddable":true,"href":"https:\/\/kidsplay.lt\/lv\/wp-json\/wp\/v2\/product_brand?post=79965"},{"taxonomy":"product_cat","embeddable":true,"href":"https:\/\/kidsplay.lt\/lv\/wp-json\/wp\/v2\/product_cat?post=79965"},{"taxonomy":"product_tag","embeddable":true,"href":"https:\/\/kidsplay.lt\/lv\/wp-json\/wp\/v2\/product_tag?post=79965"}],"curies":[{"name":"wp","href":"https:\/\/api.w.org\/{rel}","templated":true}]}}