{"id":79988,"date":"2025-11-09T12:13:18","date_gmt":"2025-11-09T10:13:18","guid":{"rendered":"https:\/\/kidsplay.lt\/produktas\/woopie-automobiliu-autobusu-banglenciu-sportas-klasikinis-melynas-su-sviesos-ir-garso-modeliu\/"},"modified":"2026-04-07T09:59:43","modified_gmt":"2026-04-07T06:59:43","slug":"woopie-automobiliu-autobusu-banglenciu-sportas-klasikinis-melynas-su-sviesos-ir-garso-modeliu","status":"publish","type":"product","link":"https:\/\/kidsplay.lt\/lv\/products\/woopie-automobiliu-autobusu-banglenciu-sportas-klasikinis-melynas-su-sviesos-ir-garso-modeliu\/","title":{"rendered":"WOOPIE automobili\u0173 autobus\u0173 banglen\u010di\u0173 sportas klasikinis m\u0117lynas su \u0161viesos ir garso modeliu"},"content":{"rendered":"<p>Klasikinis Autobus\u0173 Surfing Van\u00a0\u00a0i\u0161 mark\u0117s\u00a0Woopie\u00a0tai malonumas kiekvienam automobili\u0173 ir retro klimato entuziastui. \u0160it\u0105\u00a0m\u0117lynas ir baltas mikroautobuso modelis\u00a0z\u00a0banglent\u0117\u00a0ant stogo jis atrodo itin tikrovi\u0161kai ir nuves jus tiesiai \u012f saul\u0117t\u0105 papl\u016bdim\u012f. Transporto priemon\u0117je yra \u012frengta\u00a0ap\u0161vietimas ir garso efektai, kurie prasideda paspaudus, suteikiant papildomos smagios patirties. Jie prideda realizmo\u00a0atsidaro \u0161onin\u0117s durys\u00a0, kurie leid\u017eia pa\u017evelgti \u012f transporto priemon\u0117s vid\u0173.\u00a0Pagaminta atkreipiant d\u0117mes\u012f \u012f detales, Jis puikiai tiks ir pramogoms, ir kaip j\u016bs\u0173 kolekcijos dalis.<\/p>\n<p>Raksturojums:<\/p>\n<p> \t&#8211; Vaikams nuo 3 met\u0173<br \/>\n \t&#8211;\u00a0Realisti\u0161ka klasikinio autobuso i\u0161vaizda<br \/>\n \t&#8211; Turi poveik\u012f\u00a0\u0161vie\u010diantis<br \/>\n \t&#8211; Turi poveik\u012f\u00a0garsas<br \/>\n \t&#8211;\u00a0Atsidaran\u010dios \u0161onin\u0117s durys<br \/>\n \t&#8211;\u00a0Stogo banglent\u0117<br \/>\n \t&#8211; Spalvos: m\u0117lyna ir balta<br \/>\n \t&#8211; Galia:\u00a02 x 1,5 V AA (yra \u012ftraukti)<\/p>\n<p>Komplekt\u0101 ietilpst:<\/p>\n<p> \t&#8211; Autobus\u0173 banglen\u010di\u0173 furgonas<br \/>\n \t&#8211; Banglent\u0117<br \/>\n \t&#8211; Baterijos 2 vnt<\/p>","protected":false},"excerpt":{"rendered":"<p>Klasikinis Autobus\u0173 Surfing Van\u00a0\u00a0i\u0161 mark\u0117s\u00a0Woopie\u00a0tai malonumas kiekvienam automobili\u0173 ir retro klimato entuziastui. \u0160it\u0105\u00a0m\u0117lynas ir baltas mikroautobuso modelis\u00a0z\u00a0banglent\u0117\u00a0ant stogo jis atrodo<\/p>","protected":false},"featured_media":79990,"template":"","meta":{"_acf_changed":false,"_glsr_average":0,"_glsr_ranking":0,"_glsr_reviews":0},"product_brand":[],"product_cat":[448,229],"product_tag":[],"class_list":{"0":"post-79988","1":"product","2":"type-product","3":"status-publish","4":"has-post-thumbnail","6":"product_cat-automobiliai-ir-transportas","7":"product_cat-zaislai-vaikams","8":"\"style=\"background-color: #2ecc711c;\"","10":"first","11":"instock","12":"purchasable","13":"product-type-simple"},"acf":[],"yoast_head":"<!-- This site is optimized with the Yoast SEO plugin v27.3 - https:\/\/yoast.com\/product\/yoast-seo-wordpress\/ -->\n<title>WOOPIE automobili\u0173 autobus\u0173 banglen\u010di\u0173 sportas klasikinis m\u0117lynas su \u0161viesos ir garso modeliu<\/title>\n<meta name=\"description\" content=\"WOOPIE automobili\u0173 autobus\u0173 banglen\u010di\u0173 sportas klasikinis m\u0117lynas su \u0161viesos ir garso modeliu - KidsPlay. Did\u017eiausias vaik\u0173 \u017eaisl\u0173 pasirinkimas.\" \/>\n<meta name=\"robots\" content=\"index, follow, max-snippet:-1, max-image-preview:large, max-video-preview:-1\" \/>\n<link rel=\"canonical\" href=\"https:\/\/kidsplay.lt\/lv\/products\/woopie-automobiliu-autobusu-banglenciu-sportas-klasikinis-melynas-su-sviesos-ir-garso-modeliu\/\" \/>\n<meta property=\"og:locale\" content=\"lv_LV\" \/>\n<meta property=\"og:type\" content=\"article\" \/>\n<meta property=\"og:title\" content=\"WOOPIE automobili\u0173 autobus\u0173 banglen\u010di\u0173 sportas klasikinis m\u0117lynas su \u0161viesos ir garso modeliu\" \/>\n<meta property=\"og:description\" content=\"WOOPIE automobili\u0173 autobus\u0173 banglen\u010di\u0173 sportas klasikinis m\u0117lynas su \u0161viesos ir garso modeliu - KidsPlay. Did\u017eiausias vaik\u0173 \u017eaisl\u0173 pasirinkimas.\" \/>\n<meta property=\"og:url\" content=\"https:\/\/kidsplay.lt\/lv\/products\/woopie-automobiliu-autobusu-banglenciu-sportas-klasikinis-melynas-su-sviesos-ir-garso-modeliu\/\" \/>\n<meta property=\"og:site_name\" content=\"KidsPlay\" \/>\n<meta property=\"article:publisher\" content=\"https:\/\/www.facebook.com\/www.kidsplay.lt\" \/>\n<meta property=\"article:modified_time\" content=\"2026-04-07T06:59:43+00:00\" \/>\n<meta property=\"og:image\" content=\"https:\/\/kidsplay.lt\/wp-content\/uploads\/2025\/11\/WOOPIE-automobiliu-autobusu-banglenciu-sportas-klasikinis-melynas-su-sviesos-ir-garso-modeliu.jpg\" \/>\n\t<meta property=\"og:image:width\" content=\"1000\" \/>\n\t<meta property=\"og:image:height\" content=\"1000\" \/>\n\t<meta property=\"og:image:type\" content=\"image\/jpeg\" \/>\n<meta name=\"twitter:card\" content=\"summary_large_image\" \/>\n<meta name=\"twitter:label1\" content=\"Est. reading time\" \/>\n\t<meta name=\"twitter:data1\" content=\"1 min\u016bte\" \/>\n<script type=\"application\/ld+json\" class=\"yoast-schema-graph\">{\"@context\":\"https:\\\/\\\/schema.org\",\"@graph\":[{\"@type\":\"WebPage\",\"@id\":\"https:\\\/\\\/kidsplay.lt\\\/produktas\\\/woopie-automobiliu-autobusu-banglenciu-sportas-klasikinis-melynas-su-sviesos-ir-garso-modeliu\\\/\",\"url\":\"https:\\\/\\\/kidsplay.lt\\\/produktas\\\/woopie-automobiliu-autobusu-banglenciu-sportas-klasikinis-melynas-su-sviesos-ir-garso-modeliu\\\/\",\"name\":\"WOOPIE automobili\u0173 autobus\u0173 banglen\u010di\u0173 sportas klasikinis m\u0117lynas su \u0161viesos ir garso modeliu\",\"isPartOf\":{\"@id\":\"https:\\\/\\\/kidsplay.lt\\\/#website\"},\"primaryImageOfPage\":{\"@id\":\"https:\\\/\\\/kidsplay.lt\\\/produktas\\\/woopie-automobiliu-autobusu-banglenciu-sportas-klasikinis-melynas-su-sviesos-ir-garso-modeliu\\\/#primaryimage\"},\"image\":{\"@id\":\"https:\\\/\\\/kidsplay.lt\\\/produktas\\\/woopie-automobiliu-autobusu-banglenciu-sportas-klasikinis-melynas-su-sviesos-ir-garso-modeliu\\\/#primaryimage\"},\"thumbnailUrl\":\"https:\\\/\\\/kidsplay.lt\\\/wp-content\\\/uploads\\\/2025\\\/11\\\/WOOPIE-automobiliu-autobusu-banglenciu-sportas-klasikinis-melynas-su-sviesos-ir-garso-modeliu.jpg\",\"datePublished\":\"2025-11-09T10:13:18+00:00\",\"dateModified\":\"2026-04-07T06:59:43+00:00\",\"description\":\"WOOPIE automobili\u0173 autobus\u0173 banglen\u010di\u0173 sportas klasikinis m\u0117lynas su \u0161viesos ir garso modeliu - KidsPlay. Did\u017eiausias vaik\u0173 \u017eaisl\u0173 pasirinkimas.\",\"breadcrumb\":{\"@id\":\"https:\\\/\\\/kidsplay.lt\\\/produktas\\\/woopie-automobiliu-autobusu-banglenciu-sportas-klasikinis-melynas-su-sviesos-ir-garso-modeliu\\\/#breadcrumb\"},\"inLanguage\":\"lv-LV\",\"potentialAction\":[{\"@type\":\"ReadAction\",\"target\":[\"https:\\\/\\\/kidsplay.lt\\\/produktas\\\/woopie-automobiliu-autobusu-banglenciu-sportas-klasikinis-melynas-su-sviesos-ir-garso-modeliu\\\/\"]}]},{\"@type\":\"ImageObject\",\"inLanguage\":\"lv-LV\",\"@id\":\"https:\\\/\\\/kidsplay.lt\\\/produktas\\\/woopie-automobiliu-autobusu-banglenciu-sportas-klasikinis-melynas-su-sviesos-ir-garso-modeliu\\\/#primaryimage\",\"url\":\"https:\\\/\\\/kidsplay.lt\\\/wp-content\\\/uploads\\\/2025\\\/11\\\/WOOPIE-automobiliu-autobusu-banglenciu-sportas-klasikinis-melynas-su-sviesos-ir-garso-modeliu.jpg\",\"contentUrl\":\"https:\\\/\\\/kidsplay.lt\\\/wp-content\\\/uploads\\\/2025\\\/11\\\/WOOPIE-automobiliu-autobusu-banglenciu-sportas-klasikinis-melynas-su-sviesos-ir-garso-modeliu.jpg\",\"width\":1000,\"height\":1000,\"caption\":\"WOOPIE automobili\u0173 autobus\u0173 banglen\u010di\u0173 sportas klasikinis m\u0117lynas su \u0161viesos ir garso modeliu\"},{\"@type\":\"BreadcrumbList\",\"@id\":\"https:\\\/\\\/kidsplay.lt\\\/produktas\\\/woopie-automobiliu-autobusu-banglenciu-sportas-klasikinis-melynas-su-sviesos-ir-garso-modeliu\\\/#breadcrumb\",\"itemListElement\":[{\"@type\":\"ListItem\",\"position\":1,\"name\":\"Pagrindinis\",\"item\":\"https:\\\/\\\/kidsplay.lt\\\/\"},{\"@type\":\"ListItem\",\"position\":2,\"name\":\"Parduotuv\u0117\",\"item\":\"https:\\\/\\\/kidsplay.lt\\\/parduotuve\\\/\"},{\"@type\":\"ListItem\",\"position\":3,\"name\":\"WOOPIE automobili\u0173 autobus\u0173 banglen\u010di\u0173 sportas klasikinis m\u0117lynas su \u0161viesos ir garso modeliu\"}]},{\"@type\":\"WebSite\",\"@id\":\"https:\\\/\\\/kidsplay.lt\\\/#website\",\"url\":\"https:\\\/\\\/kidsplay.lt\\\/\",\"name\":\"Kidsplay.lt\",\"description\":\"\u012evairios prek\u0117s vaikams\",\"publisher\":{\"@id\":\"https:\\\/\\\/kidsplay.lt\\\/#organization\"},\"alternateName\":\"Kidsplay\",\"potentialAction\":[{\"@type\":\"SearchAction\",\"target\":{\"@type\":\"EntryPoint\",\"urlTemplate\":\"https:\\\/\\\/kidsplay.lt\\\/?s={search_term_string}\"},\"query-input\":{\"@type\":\"PropertyValueSpecification\",\"valueRequired\":true,\"valueName\":\"search_term_string\"}}],\"inLanguage\":\"lv-LV\"},{\"@type\":\"Organization\",\"@id\":\"https:\\\/\\\/kidsplay.lt\\\/#organization\",\"name\":\"KidsPlay\",\"url\":\"https:\\\/\\\/kidsplay.lt\\\/\",\"logo\":{\"@type\":\"ImageObject\",\"inLanguage\":\"lv-LV\",\"@id\":\"https:\\\/\\\/kidsplay.lt\\\/#\\\/schema\\\/logo\\\/image\\\/\",\"url\":\"https:\\\/\\\/kidsplay.lt\\\/wp-content\\\/uploads\\\/2023\\\/07\\\/kidsplay-logo.png\",\"contentUrl\":\"https:\\\/\\\/kidsplay.lt\\\/wp-content\\\/uploads\\\/2023\\\/07\\\/kidsplay-logo.png\",\"width\":451,\"height\":98,\"caption\":\"KidsPlay\"},\"image\":{\"@id\":\"https:\\\/\\\/kidsplay.lt\\\/#\\\/schema\\\/logo\\\/image\\\/\"},\"sameAs\":[\"https:\\\/\\\/www.facebook.com\\\/www.kidsplay.lt\"]}]}<\/script>\n<!-- \/ Yoast SEO plugin. -->","yoast_head_json":{"title":"WOOPIE automobili\u0173 autobus\u0173 banglen\u010di\u0173 sportas klasikinis m\u0117lynas su \u0161viesos ir garso modeliu","description":"WOOPIE automobili\u0173 autobus\u0173 banglen\u010di\u0173 sportas klasikinis m\u0117lynas su \u0161viesos ir garso modeliu - KidsPlay. Did\u017eiausias vaik\u0173 \u017eaisl\u0173 pasirinkimas.","robots":{"index":"index","follow":"follow","max-snippet":"max-snippet:-1","max-image-preview":"max-image-preview:large","max-video-preview":"max-video-preview:-1"},"canonical":"https:\/\/kidsplay.lt\/lv\/products\/woopie-automobiliu-autobusu-banglenciu-sportas-klasikinis-melynas-su-sviesos-ir-garso-modeliu\/","og_locale":"lv_LV","og_type":"article","og_title":"WOOPIE automobili\u0173 autobus\u0173 banglen\u010di\u0173 sportas klasikinis m\u0117lynas su \u0161viesos ir garso modeliu","og_description":"WOOPIE automobili\u0173 autobus\u0173 banglen\u010di\u0173 sportas klasikinis m\u0117lynas su \u0161viesos ir garso modeliu - KidsPlay. Did\u017eiausias vaik\u0173 \u017eaisl\u0173 pasirinkimas.","og_url":"https:\/\/kidsplay.lt\/lv\/products\/woopie-automobiliu-autobusu-banglenciu-sportas-klasikinis-melynas-su-sviesos-ir-garso-modeliu\/","og_site_name":"KidsPlay","article_publisher":"https:\/\/www.facebook.com\/www.kidsplay.lt","article_modified_time":"2026-04-07T06:59:43+00:00","og_image":[{"width":1000,"height":1000,"url":"https:\/\/kidsplay.lt\/wp-content\/uploads\/2025\/11\/WOOPIE-automobiliu-autobusu-banglenciu-sportas-klasikinis-melynas-su-sviesos-ir-garso-modeliu.jpg","type":"image\/jpeg"}],"twitter_card":"summary_large_image","twitter_misc":{"Est. reading time":"1 min\u016bte"},"schema":{"@context":"https:\/\/schema.org","@graph":[{"@type":"WebPage","@id":"https:\/\/kidsplay.lt\/produktas\/woopie-automobiliu-autobusu-banglenciu-sportas-klasikinis-melynas-su-sviesos-ir-garso-modeliu\/","url":"https:\/\/kidsplay.lt\/produktas\/woopie-automobiliu-autobusu-banglenciu-sportas-klasikinis-melynas-su-sviesos-ir-garso-modeliu\/","name":"WOOPIE automobili\u0173 autobus\u0173 banglen\u010di\u0173 sportas klasikinis m\u0117lynas su \u0161viesos ir garso modeliu","isPartOf":{"@id":"https:\/\/kidsplay.lt\/#website"},"primaryImageOfPage":{"@id":"https:\/\/kidsplay.lt\/produktas\/woopie-automobiliu-autobusu-banglenciu-sportas-klasikinis-melynas-su-sviesos-ir-garso-modeliu\/#primaryimage"},"image":{"@id":"https:\/\/kidsplay.lt\/produktas\/woopie-automobiliu-autobusu-banglenciu-sportas-klasikinis-melynas-su-sviesos-ir-garso-modeliu\/#primaryimage"},"thumbnailUrl":"https:\/\/kidsplay.lt\/wp-content\/uploads\/2025\/11\/WOOPIE-automobiliu-autobusu-banglenciu-sportas-klasikinis-melynas-su-sviesos-ir-garso-modeliu.jpg","datePublished":"2025-11-09T10:13:18+00:00","dateModified":"2026-04-07T06:59:43+00:00","description":"WOOPIE automobili\u0173 autobus\u0173 banglen\u010di\u0173 sportas klasikinis m\u0117lynas su \u0161viesos ir garso modeliu - KidsPlay. Did\u017eiausias vaik\u0173 \u017eaisl\u0173 pasirinkimas.","breadcrumb":{"@id":"https:\/\/kidsplay.lt\/produktas\/woopie-automobiliu-autobusu-banglenciu-sportas-klasikinis-melynas-su-sviesos-ir-garso-modeliu\/#breadcrumb"},"inLanguage":"lv-LV","potentialAction":[{"@type":"ReadAction","target":["https:\/\/kidsplay.lt\/produktas\/woopie-automobiliu-autobusu-banglenciu-sportas-klasikinis-melynas-su-sviesos-ir-garso-modeliu\/"]}]},{"@type":"ImageObject","inLanguage":"lv-LV","@id":"https:\/\/kidsplay.lt\/produktas\/woopie-automobiliu-autobusu-banglenciu-sportas-klasikinis-melynas-su-sviesos-ir-garso-modeliu\/#primaryimage","url":"https:\/\/kidsplay.lt\/wp-content\/uploads\/2025\/11\/WOOPIE-automobiliu-autobusu-banglenciu-sportas-klasikinis-melynas-su-sviesos-ir-garso-modeliu.jpg","contentUrl":"https:\/\/kidsplay.lt\/wp-content\/uploads\/2025\/11\/WOOPIE-automobiliu-autobusu-banglenciu-sportas-klasikinis-melynas-su-sviesos-ir-garso-modeliu.jpg","width":1000,"height":1000,"caption":"WOOPIE automobili\u0173 autobus\u0173 banglen\u010di\u0173 sportas klasikinis m\u0117lynas su \u0161viesos ir garso modeliu"},{"@type":"BreadcrumbList","@id":"https:\/\/kidsplay.lt\/produktas\/woopie-automobiliu-autobusu-banglenciu-sportas-klasikinis-melynas-su-sviesos-ir-garso-modeliu\/#breadcrumb","itemListElement":[{"@type":"ListItem","position":1,"name":"Pagrindinis","item":"https:\/\/kidsplay.lt\/"},{"@type":"ListItem","position":2,"name":"Parduotuv\u0117","item":"https:\/\/kidsplay.lt\/parduotuve\/"},{"@type":"ListItem","position":3,"name":"WOOPIE automobili\u0173 autobus\u0173 banglen\u010di\u0173 sportas klasikinis m\u0117lynas su \u0161viesos ir garso modeliu"}]},{"@type":"WebSite","@id":"https:\/\/kidsplay.lt\/#website","url":"https:\/\/kidsplay.lt\/","name":"B\u0113rnu sp\u0113les.lv","description":"\u012evairios prek\u0117s vaikams","publisher":{"@id":"https:\/\/kidsplay.lt\/#organization"},"alternateName":"Kidsplay","potentialAction":[{"@type":"SearchAction","target":{"@type":"EntryPoint","urlTemplate":"https:\/\/kidsplay.lt\/?s={search_term_string}"},"query-input":{"@type":"PropertyValueSpecification","valueRequired":true,"valueName":"search_term_string"}}],"inLanguage":"lv-LV"},{"@type":"Organization","@id":"https:\/\/kidsplay.lt\/#organization","name":"B\u0113rnu sp\u0113le","url":"https:\/\/kidsplay.lt\/","logo":{"@type":"ImageObject","inLanguage":"lv-LV","@id":"https:\/\/kidsplay.lt\/#\/schema\/logo\/image\/","url":"https:\/\/kidsplay.lt\/wp-content\/uploads\/2023\/07\/kidsplay-logo.png","contentUrl":"https:\/\/kidsplay.lt\/wp-content\/uploads\/2023\/07\/kidsplay-logo.png","width":451,"height":98,"caption":"KidsPlay"},"image":{"@id":"https:\/\/kidsplay.lt\/#\/schema\/logo\/image\/"},"sameAs":["https:\/\/www.facebook.com\/www.kidsplay.lt"]}]}},"_links":{"self":[{"href":"https:\/\/kidsplay.lt\/lv\/wp-json\/wp\/v2\/product\/79988","targetHints":{"allow":["GET"]}}],"collection":[{"href":"https:\/\/kidsplay.lt\/lv\/wp-json\/wp\/v2\/product"}],"about":[{"href":"https:\/\/kidsplay.lt\/lv\/wp-json\/wp\/v2\/types\/product"}],"version-history":[{"count":1,"href":"https:\/\/kidsplay.lt\/lv\/wp-json\/wp\/v2\/product\/79988\/revisions"}],"predecessor-version":[{"id":79989,"href":"https:\/\/kidsplay.lt\/lv\/wp-json\/wp\/v2\/product\/79988\/revisions\/79989"}],"wp:featuredmedia":[{"embeddable":true,"href":"https:\/\/kidsplay.lt\/lv\/wp-json\/wp\/v2\/media\/79990"}],"wp:attachment":[{"href":"https:\/\/kidsplay.lt\/lv\/wp-json\/wp\/v2\/media?parent=79988"}],"wp:term":[{"taxonomy":"product_brand","embeddable":true,"href":"https:\/\/kidsplay.lt\/lv\/wp-json\/wp\/v2\/product_brand?post=79988"},{"taxonomy":"product_cat","embeddable":true,"href":"https:\/\/kidsplay.lt\/lv\/wp-json\/wp\/v2\/product_cat?post=79988"},{"taxonomy":"product_tag","embeddable":true,"href":"https:\/\/kidsplay.lt\/lv\/wp-json\/wp\/v2\/product_tag?post=79988"}],"curies":[{"name":"wp","href":"https:\/\/api.w.org\/{rel}","templated":true}]}}