{"id":79993,"date":"2025-11-09T12:13:32","date_gmt":"2025-11-09T10:13:32","guid":{"rendered":"https:\/\/kidsplay.lt\/produktas\/woopie-avarinis-greitosios-pagalbos-nestuvas-rinkinyje-garso-ir-sviesos-signalai\/"},"modified":"2026-04-07T09:59:50","modified_gmt":"2026-04-07T06:59:50","slug":"woopie-avarinis-greitosios-pagalbos-nestuvas-rinkinyje-garso-ir-sviesos-signalai","status":"publish","type":"product","link":"https:\/\/kidsplay.lt\/lv\/products\/woopie-avarinis-greitosios-pagalbos-nestuvas-rinkinyje-garso-ir-sviesos-signalai\/","title":{"rendered":"WOOPIE neatliekam\u0101s medic\u012bnisk\u0101s pal\u012bdz\u012bbas nestuvju komplekts + ska\u0146as un gaismas sign\u0101li"},"content":{"rendered":"<p>Greitosios medicinos pagalbos\u00a0tai tikrovi\u0161kas \u017eaislas su\u00a0ap\u0161vietimo efektai\u00a0ir\u00a0garsin\u0117s&#8217;, kuris paims ma\u017e\u0105j\u012f gelb\u0117toj\u0105 pa\u010diame veiksmo viduryje.\u00a0Mirksin\u010dios \u0161viesos\u00a0ant stogo ir\u00a0sirena,\u00a0ragas,\u00a0anuliuoti gars\u0105\u00a0o u\u017evedus varikl\u012f, linksmyb\u0117s tampa emocingos ir labai autenti\u0161kos. Tvirta konstrukcija, judantys ratai ir frikcin\u0117 pavara (\u201epush and ride\u201d) garantuoja ilgas aktyvaus \u017eaidimo valandas ant grind\u0173, kilimo ar kieme. Atviros durys (priekin\u0117s, galin\u0117s ir stogo) bei nuimami ne\u0161tuvai suteikia tikrovi\u0161kumo ir leid\u017eia sukurti gelb\u0117jimo scenas. Tai puiki dovana 3+ vaikams, lavinanti vaizduot\u0119, empatij\u0105 ir rank\u0173 miklum\u0105.<\/p>\n<p>Raksturojums:<\/p>\n<p> \t&#8211; Realus ap\u0161vietimas ir garso efektai:\u00a0ragas, sirena, atbulin\u0117s eigos garsas, variklio paleidimo garsas<br \/>\n \t&#8211; tiesiog paspauskite j\u012f, kad transporto priemon\u0117 pajud\u0117t\u0173<br \/>\n \t&#8211; Dur\u0173 atidarymas:\u00a0priekin\u0117\u00a0(keleivi\u0173 pus\u0117),\u00a0galin\u0117\u00a0ir\u00a0stogas<br \/>\n \t&#8211; Nuimami ne\u0161tuvai\u00a0\u2014 autenti\u0161kas gelb\u0117jimo pramog\u0173 elementas<br \/>\n \t&#8211; Judantys ratai\u00a0\u2014 linksmyb\u0117s ant \u012fvairi\u0173 pavir\u0161i\u0173 (grind\u0173, kilimo, sodo)<br \/>\n \t&#8211; Tvirtos, patvarios ir sertifikuotos med\u017eiagos<br \/>\n \t&#8211; Autenti\u0161ka i\u0161vaizda: balta spalv\u0173 schema su raudonais ir m\u0117lynais \u017eenklais<br \/>\n \t&#8211; Maitinimas: 2 \u00d7 AA (baterijos komplekte)<\/p>","protected":false},"excerpt":{"rendered":"<p>Greitosios medicinos pagalbos\u00a0tai tikrovi\u0161kas \u017eaislas su\u00a0ap\u0161vietimo efektai\u00a0ir\u00a0garsin\u0117s&#8217;, kuris paims ma\u017e\u0105j\u012f gelb\u0117toj\u0105 pa\u010diame veiksmo viduryje.\u00a0Mirksin\u010dios \u0161viesos\u00a0ant stogo ir\u00a0sirena,\u00a0ragas,\u00a0anuliuoti gars\u0105\u00a0o u\u017evedus varikl\u012f,<\/p>","protected":false},"featured_media":79995,"template":"","meta":{"_acf_changed":false,"_glsr_average":0,"_glsr_ranking":0,"_glsr_reviews":0},"product_brand":[],"product_cat":[448,229],"product_tag":[],"class_list":{"0":"post-79993","1":"product","2":"type-product","3":"status-publish","4":"has-post-thumbnail","6":"product_cat-automobiliai-ir-transportas","7":"product_cat-zaislai-vaikams","8":"\"style=\"background-color: #2ecc711c;\"","10":"first","11":"instock","12":"purchasable","13":"product-type-simple"},"acf":[],"yoast_head":"<!-- This site is optimized with the Yoast SEO plugin v27.3 - https:\/\/yoast.com\/product\/yoast-seo-wordpress\/ -->\n<title>WOOPIE avarinis greitosios pagalbos ne\u0161tuvas rinkinyje + garso ir \u0161viesos signalai<\/title>\n<meta name=\"description\" content=\"WOOPIE avarinis greitosios pagalbos ne\u0161tuvas rinkinyje + garso ir \u0161viesos signalai - KidsPlay. Did\u017eiausias vaik\u0173 \u017eaisl\u0173 pasirinkimas.\" \/>\n<meta name=\"robots\" content=\"index, follow, max-snippet:-1, max-image-preview:large, max-video-preview:-1\" \/>\n<link rel=\"canonical\" href=\"https:\/\/kidsplay.lt\/lv\/products\/woopie-avarinis-greitosios-pagalbos-nestuvas-rinkinyje-garso-ir-sviesos-signalai\/\" \/>\n<meta property=\"og:locale\" content=\"lv_LV\" \/>\n<meta property=\"og:type\" content=\"article\" \/>\n<meta property=\"og:title\" content=\"WOOPIE avarinis greitosios pagalbos ne\u0161tuvas rinkinyje + garso ir \u0161viesos signalai\" \/>\n<meta property=\"og:description\" content=\"WOOPIE avarinis greitosios pagalbos ne\u0161tuvas rinkinyje + garso ir \u0161viesos signalai - KidsPlay. Did\u017eiausias vaik\u0173 \u017eaisl\u0173 pasirinkimas.\" \/>\n<meta property=\"og:url\" content=\"https:\/\/kidsplay.lt\/lv\/products\/woopie-avarinis-greitosios-pagalbos-nestuvas-rinkinyje-garso-ir-sviesos-signalai\/\" \/>\n<meta property=\"og:site_name\" content=\"KidsPlay\" \/>\n<meta property=\"article:publisher\" content=\"https:\/\/www.facebook.com\/www.kidsplay.lt\" \/>\n<meta property=\"article:modified_time\" content=\"2026-04-07T06:59:50+00:00\" \/>\n<meta property=\"og:image\" content=\"https:\/\/kidsplay.lt\/wp-content\/uploads\/2025\/11\/WOOPIE-avarinis-greitosios-pagalbos-nestuvas-rinkinyje-garso-ir-sviesos-signalai.jpg\" \/>\n\t<meta property=\"og:image:width\" content=\"1000\" \/>\n\t<meta property=\"og:image:height\" content=\"1000\" \/>\n\t<meta property=\"og:image:type\" content=\"image\/jpeg\" \/>\n<meta name=\"twitter:card\" content=\"summary_large_image\" \/>\n<meta name=\"twitter:label1\" content=\"Est. reading time\" \/>\n\t<meta name=\"twitter:data1\" content=\"1 min\u016bte\" \/>\n<script type=\"application\/ld+json\" class=\"yoast-schema-graph\">{\"@context\":\"https:\\\/\\\/schema.org\",\"@graph\":[{\"@type\":\"WebPage\",\"@id\":\"https:\\\/\\\/kidsplay.lt\\\/produktas\\\/woopie-avarinis-greitosios-pagalbos-nestuvas-rinkinyje-garso-ir-sviesos-signalai\\\/\",\"url\":\"https:\\\/\\\/kidsplay.lt\\\/produktas\\\/woopie-avarinis-greitosios-pagalbos-nestuvas-rinkinyje-garso-ir-sviesos-signalai\\\/\",\"name\":\"WOOPIE avarinis greitosios pagalbos ne\u0161tuvas rinkinyje + garso ir \u0161viesos signalai\",\"isPartOf\":{\"@id\":\"https:\\\/\\\/kidsplay.lt\\\/#website\"},\"primaryImageOfPage\":{\"@id\":\"https:\\\/\\\/kidsplay.lt\\\/produktas\\\/woopie-avarinis-greitosios-pagalbos-nestuvas-rinkinyje-garso-ir-sviesos-signalai\\\/#primaryimage\"},\"image\":{\"@id\":\"https:\\\/\\\/kidsplay.lt\\\/produktas\\\/woopie-avarinis-greitosios-pagalbos-nestuvas-rinkinyje-garso-ir-sviesos-signalai\\\/#primaryimage\"},\"thumbnailUrl\":\"https:\\\/\\\/kidsplay.lt\\\/wp-content\\\/uploads\\\/2025\\\/11\\\/WOOPIE-avarinis-greitosios-pagalbos-nestuvas-rinkinyje-garso-ir-sviesos-signalai.jpg\",\"datePublished\":\"2025-11-09T10:13:32+00:00\",\"dateModified\":\"2026-04-07T06:59:50+00:00\",\"description\":\"WOOPIE avarinis greitosios pagalbos ne\u0161tuvas rinkinyje + garso ir \u0161viesos signalai - KidsPlay. Did\u017eiausias vaik\u0173 \u017eaisl\u0173 pasirinkimas.\",\"breadcrumb\":{\"@id\":\"https:\\\/\\\/kidsplay.lt\\\/produktas\\\/woopie-avarinis-greitosios-pagalbos-nestuvas-rinkinyje-garso-ir-sviesos-signalai\\\/#breadcrumb\"},\"inLanguage\":\"lv-LV\",\"potentialAction\":[{\"@type\":\"ReadAction\",\"target\":[\"https:\\\/\\\/kidsplay.lt\\\/produktas\\\/woopie-avarinis-greitosios-pagalbos-nestuvas-rinkinyje-garso-ir-sviesos-signalai\\\/\"]}]},{\"@type\":\"ImageObject\",\"inLanguage\":\"lv-LV\",\"@id\":\"https:\\\/\\\/kidsplay.lt\\\/produktas\\\/woopie-avarinis-greitosios-pagalbos-nestuvas-rinkinyje-garso-ir-sviesos-signalai\\\/#primaryimage\",\"url\":\"https:\\\/\\\/kidsplay.lt\\\/wp-content\\\/uploads\\\/2025\\\/11\\\/WOOPIE-avarinis-greitosios-pagalbos-nestuvas-rinkinyje-garso-ir-sviesos-signalai.jpg\",\"contentUrl\":\"https:\\\/\\\/kidsplay.lt\\\/wp-content\\\/uploads\\\/2025\\\/11\\\/WOOPIE-avarinis-greitosios-pagalbos-nestuvas-rinkinyje-garso-ir-sviesos-signalai.jpg\",\"width\":1000,\"height\":1000,\"caption\":\"WOOPIE avarinis greitosios pagalbos ne\u0161tuvas rinkinyje + garso ir \u0161viesos signalai\"},{\"@type\":\"BreadcrumbList\",\"@id\":\"https:\\\/\\\/kidsplay.lt\\\/produktas\\\/woopie-avarinis-greitosios-pagalbos-nestuvas-rinkinyje-garso-ir-sviesos-signalai\\\/#breadcrumb\",\"itemListElement\":[{\"@type\":\"ListItem\",\"position\":1,\"name\":\"Pagrindinis\",\"item\":\"https:\\\/\\\/kidsplay.lt\\\/\"},{\"@type\":\"ListItem\",\"position\":2,\"name\":\"Parduotuv\u0117\",\"item\":\"https:\\\/\\\/kidsplay.lt\\\/parduotuve\\\/\"},{\"@type\":\"ListItem\",\"position\":3,\"name\":\"WOOPIE avarinis greitosios pagalbos ne\u0161tuvas rinkinyje + garso ir \u0161viesos signalai\"}]},{\"@type\":\"WebSite\",\"@id\":\"https:\\\/\\\/kidsplay.lt\\\/#website\",\"url\":\"https:\\\/\\\/kidsplay.lt\\\/\",\"name\":\"Kidsplay.lt\",\"description\":\"\u012evairios prek\u0117s vaikams\",\"publisher\":{\"@id\":\"https:\\\/\\\/kidsplay.lt\\\/#organization\"},\"alternateName\":\"Kidsplay\",\"potentialAction\":[{\"@type\":\"SearchAction\",\"target\":{\"@type\":\"EntryPoint\",\"urlTemplate\":\"https:\\\/\\\/kidsplay.lt\\\/?s={search_term_string}\"},\"query-input\":{\"@type\":\"PropertyValueSpecification\",\"valueRequired\":true,\"valueName\":\"search_term_string\"}}],\"inLanguage\":\"lv-LV\"},{\"@type\":\"Organization\",\"@id\":\"https:\\\/\\\/kidsplay.lt\\\/#organization\",\"name\":\"KidsPlay\",\"url\":\"https:\\\/\\\/kidsplay.lt\\\/\",\"logo\":{\"@type\":\"ImageObject\",\"inLanguage\":\"lv-LV\",\"@id\":\"https:\\\/\\\/kidsplay.lt\\\/#\\\/schema\\\/logo\\\/image\\\/\",\"url\":\"https:\\\/\\\/kidsplay.lt\\\/wp-content\\\/uploads\\\/2023\\\/07\\\/kidsplay-logo.png\",\"contentUrl\":\"https:\\\/\\\/kidsplay.lt\\\/wp-content\\\/uploads\\\/2023\\\/07\\\/kidsplay-logo.png\",\"width\":451,\"height\":98,\"caption\":\"KidsPlay\"},\"image\":{\"@id\":\"https:\\\/\\\/kidsplay.lt\\\/#\\\/schema\\\/logo\\\/image\\\/\"},\"sameAs\":[\"https:\\\/\\\/www.facebook.com\\\/www.kidsplay.lt\"]}]}<\/script>\n<!-- \/ Yoast SEO plugin. -->","yoast_head_json":{"title":"WOOPIE neatliekam\u0101s medic\u012bnisk\u0101s pal\u012bdz\u012bbas nestuvju komplekts + ska\u0146as un gaismas sign\u0101li","description":"WOOPIE avarinis greitosios pagalbos ne\u0161tuvas rinkinyje + garso ir \u0161viesos signalai - KidsPlay. Did\u017eiausias vaik\u0173 \u017eaisl\u0173 pasirinkimas.","robots":{"index":"index","follow":"follow","max-snippet":"max-snippet:-1","max-image-preview":"max-image-preview:large","max-video-preview":"max-video-preview:-1"},"canonical":"https:\/\/kidsplay.lt\/lv\/products\/woopie-avarinis-greitosios-pagalbos-nestuvas-rinkinyje-garso-ir-sviesos-signalai\/","og_locale":"lv_LV","og_type":"article","og_title":"WOOPIE avarinis greitosios pagalbos ne\u0161tuvas rinkinyje + garso ir \u0161viesos signalai","og_description":"WOOPIE avarinis greitosios pagalbos ne\u0161tuvas rinkinyje + garso ir \u0161viesos signalai - KidsPlay. Did\u017eiausias vaik\u0173 \u017eaisl\u0173 pasirinkimas.","og_url":"https:\/\/kidsplay.lt\/lv\/products\/woopie-avarinis-greitosios-pagalbos-nestuvas-rinkinyje-garso-ir-sviesos-signalai\/","og_site_name":"KidsPlay","article_publisher":"https:\/\/www.facebook.com\/www.kidsplay.lt","article_modified_time":"2026-04-07T06:59:50+00:00","og_image":[{"width":1000,"height":1000,"url":"https:\/\/kidsplay.lt\/wp-content\/uploads\/2025\/11\/WOOPIE-avarinis-greitosios-pagalbos-nestuvas-rinkinyje-garso-ir-sviesos-signalai.jpg","type":"image\/jpeg"}],"twitter_card":"summary_large_image","twitter_misc":{"Est. reading time":"1 min\u016bte"},"schema":{"@context":"https:\/\/schema.org","@graph":[{"@type":"WebPage","@id":"https:\/\/kidsplay.lt\/produktas\/woopie-avarinis-greitosios-pagalbos-nestuvas-rinkinyje-garso-ir-sviesos-signalai\/","url":"https:\/\/kidsplay.lt\/produktas\/woopie-avarinis-greitosios-pagalbos-nestuvas-rinkinyje-garso-ir-sviesos-signalai\/","name":"WOOPIE neatliekam\u0101s medic\u012bnisk\u0101s pal\u012bdz\u012bbas nestuvju komplekts + ska\u0146as un gaismas sign\u0101li","isPartOf":{"@id":"https:\/\/kidsplay.lt\/#website"},"primaryImageOfPage":{"@id":"https:\/\/kidsplay.lt\/produktas\/woopie-avarinis-greitosios-pagalbos-nestuvas-rinkinyje-garso-ir-sviesos-signalai\/#primaryimage"},"image":{"@id":"https:\/\/kidsplay.lt\/produktas\/woopie-avarinis-greitosios-pagalbos-nestuvas-rinkinyje-garso-ir-sviesos-signalai\/#primaryimage"},"thumbnailUrl":"https:\/\/kidsplay.lt\/wp-content\/uploads\/2025\/11\/WOOPIE-avarinis-greitosios-pagalbos-nestuvas-rinkinyje-garso-ir-sviesos-signalai.jpg","datePublished":"2025-11-09T10:13:32+00:00","dateModified":"2026-04-07T06:59:50+00:00","description":"WOOPIE avarinis greitosios pagalbos ne\u0161tuvas rinkinyje + garso ir \u0161viesos signalai - KidsPlay. Did\u017eiausias vaik\u0173 \u017eaisl\u0173 pasirinkimas.","breadcrumb":{"@id":"https:\/\/kidsplay.lt\/produktas\/woopie-avarinis-greitosios-pagalbos-nestuvas-rinkinyje-garso-ir-sviesos-signalai\/#breadcrumb"},"inLanguage":"lv-LV","potentialAction":[{"@type":"ReadAction","target":["https:\/\/kidsplay.lt\/produktas\/woopie-avarinis-greitosios-pagalbos-nestuvas-rinkinyje-garso-ir-sviesos-signalai\/"]}]},{"@type":"ImageObject","inLanguage":"lv-LV","@id":"https:\/\/kidsplay.lt\/produktas\/woopie-avarinis-greitosios-pagalbos-nestuvas-rinkinyje-garso-ir-sviesos-signalai\/#primaryimage","url":"https:\/\/kidsplay.lt\/wp-content\/uploads\/2025\/11\/WOOPIE-avarinis-greitosios-pagalbos-nestuvas-rinkinyje-garso-ir-sviesos-signalai.jpg","contentUrl":"https:\/\/kidsplay.lt\/wp-content\/uploads\/2025\/11\/WOOPIE-avarinis-greitosios-pagalbos-nestuvas-rinkinyje-garso-ir-sviesos-signalai.jpg","width":1000,"height":1000,"caption":"WOOPIE avarinis greitosios pagalbos ne\u0161tuvas rinkinyje + garso ir \u0161viesos signalai"},{"@type":"BreadcrumbList","@id":"https:\/\/kidsplay.lt\/produktas\/woopie-avarinis-greitosios-pagalbos-nestuvas-rinkinyje-garso-ir-sviesos-signalai\/#breadcrumb","itemListElement":[{"@type":"ListItem","position":1,"name":"Pagrindinis","item":"https:\/\/kidsplay.lt\/"},{"@type":"ListItem","position":2,"name":"Parduotuv\u0117","item":"https:\/\/kidsplay.lt\/parduotuve\/"},{"@type":"ListItem","position":3,"name":"WOOPIE avarinis greitosios pagalbos ne\u0161tuvas rinkinyje + garso ir \u0161viesos signalai"}]},{"@type":"WebSite","@id":"https:\/\/kidsplay.lt\/#website","url":"https:\/\/kidsplay.lt\/","name":"B\u0113rnu sp\u0113les.lv","description":"\u012evairios prek\u0117s vaikams","publisher":{"@id":"https:\/\/kidsplay.lt\/#organization"},"alternateName":"Kidsplay","potentialAction":[{"@type":"SearchAction","target":{"@type":"EntryPoint","urlTemplate":"https:\/\/kidsplay.lt\/?s={search_term_string}"},"query-input":{"@type":"PropertyValueSpecification","valueRequired":true,"valueName":"search_term_string"}}],"inLanguage":"lv-LV"},{"@type":"Organization","@id":"https:\/\/kidsplay.lt\/#organization","name":"B\u0113rnu sp\u0113le","url":"https:\/\/kidsplay.lt\/","logo":{"@type":"ImageObject","inLanguage":"lv-LV","@id":"https:\/\/kidsplay.lt\/#\/schema\/logo\/image\/","url":"https:\/\/kidsplay.lt\/wp-content\/uploads\/2023\/07\/kidsplay-logo.png","contentUrl":"https:\/\/kidsplay.lt\/wp-content\/uploads\/2023\/07\/kidsplay-logo.png","width":451,"height":98,"caption":"KidsPlay"},"image":{"@id":"https:\/\/kidsplay.lt\/#\/schema\/logo\/image\/"},"sameAs":["https:\/\/www.facebook.com\/www.kidsplay.lt"]}]}},"_links":{"self":[{"href":"https:\/\/kidsplay.lt\/lv\/wp-json\/wp\/v2\/product\/79993","targetHints":{"allow":["GET"]}}],"collection":[{"href":"https:\/\/kidsplay.lt\/lv\/wp-json\/wp\/v2\/product"}],"about":[{"href":"https:\/\/kidsplay.lt\/lv\/wp-json\/wp\/v2\/types\/product"}],"version-history":[{"count":1,"href":"https:\/\/kidsplay.lt\/lv\/wp-json\/wp\/v2\/product\/79993\/revisions"}],"predecessor-version":[{"id":79994,"href":"https:\/\/kidsplay.lt\/lv\/wp-json\/wp\/v2\/product\/79993\/revisions\/79994"}],"wp:featuredmedia":[{"embeddable":true,"href":"https:\/\/kidsplay.lt\/lv\/wp-json\/wp\/v2\/media\/79995"}],"wp:attachment":[{"href":"https:\/\/kidsplay.lt\/lv\/wp-json\/wp\/v2\/media?parent=79993"}],"wp:term":[{"taxonomy":"product_brand","embeddable":true,"href":"https:\/\/kidsplay.lt\/lv\/wp-json\/wp\/v2\/product_brand?post=79993"},{"taxonomy":"product_cat","embeddable":true,"href":"https:\/\/kidsplay.lt\/lv\/wp-json\/wp\/v2\/product_cat?post=79993"},{"taxonomy":"product_tag","embeddable":true,"href":"https:\/\/kidsplay.lt\/lv\/wp-json\/wp\/v2\/product_tag?post=79993"}],"curies":[{"name":"wp","href":"https:\/\/api.w.org\/{rel}","templated":true}]}}