{"id":80003,"date":"2025-11-09T12:14:01","date_gmt":"2025-11-09T10:14:01","guid":{"rendered":"https:\/\/kidsplay.lt\/produktas\/woopie-sunkvezimis-su-judanciu-kranu-mediniam-sviesos-garsui-114\/"},"modified":"2026-04-07T09:59:57","modified_gmt":"2026-04-07T06:59:57","slug":"woopie-sunkvezimis-su-judanciu-kranu-mediniam-sviesos-garsui-114","status":"publish","type":"product","link":"https:\/\/kidsplay.lt\/lv\/products\/woopie-sunkvezimis-su-judanciu-kranu-mediniam-sviesos-garsui-114\/","title":{"rendered":"WOOPIE Sunkve\u017eimis su judan\u010diu kranu mediniam \u0161viesos garsui 1:14"},"content":{"rendered":"<p>Sunkve\u017eimis su kranu medienai\u00a0i\u0161 mark\u0117s\u00a0Woopie\u00a0tai platus, interaktyvus \u017eaislas, perkeliantis vaikus \u012f \u017eav\u0173 transporto ir sunkiosios technikos darbo pasaul\u012f. Tai daug daugiau nei \u012fprastas automobilis \u2013 it\u00a0mobili\u0173j\u0173 operacij\u0173 centras, kuris suteikia galimyb\u0119 smagiai pakrauti ir i\u0161krauti medien\u0105, imituoti transport\u0105, valdyti kran\u0105 ir dar daugiau. \u017daislin\u0117 transporto priemon\u0117 sukurta pagal tikrus sunkve\u017eimius, naudojamus medienos pramon\u0117je. Tur\u0117s\u00a0kilnojamasis sukamasis kranas su mechaniniu griebtuvu1, leid\u017eiantis tikrovi\u0161kai sugriebti ir perkelti pritvirtintus medienos r\u0105stus. Tai leid\u017eia vaikui atlikti krano operatoriaus, transporterio vairuotojo ar mi\u0161kininkyst\u0117s darbuotojo vaidmen\u012f. Tai \u017eaislas, si\u016blantis plat\u0173 scenarij\u0173 ir k\u016brybini\u0173 galimybi\u0173 spektr\u0105. Linksmybi\u0173 \u012fsp\u016bd\u017eiai sustipr\u0117ja\u00a0ap\u0161vietimo efektai ir tikrovi\u0161ki garsai\u00a0variklio, garso signalo ir ma\u0161inos veikim\u0105, kurie \u012fjungiami ant salono pastatytais mygtukais. Estetinis meistri\u0161kumas,\u00a0ry\u0161kios spalvos ir d\u0117mesys detal\u0117ms\u00a0d\u0117l j\u0173 \u017eaislas atrodo \u012fsp\u016bdingai ir profesionaliai. Sukam\u0105j\u012f kran\u0105 galima tiksliai valdyti rankiniu b\u016bdu \u2013, kad b\u016bt\u0173 galima pakelti ir nuleisti griebtuv\u0105, pasukti j\u012f \u012f kair\u0119 ir \u012f de\u0161in\u0119 ir patraukti krovin\u012f. Tai idealus \u017eaislas vaikams, kurie domisi transporto priemon\u0117mis, statybin\u0117mis, mi\u0161ko, transporto ir darbo ma\u0161inomis.<\/p>\n<p>Raksturojums:<\/p>\n<p> \t&#8211; Vaiki\u0161kas \u017eaislas\u00a0nuo 3 met\u0173 am\u017eiaus<br \/>\n \t&#8211;\u00a0Realisti\u0161kas Sunkve\u017eimis\u00a0\u2013\u00a0tikros technin\u0117s transporto priemon\u0117s atgaminimas masteliu 1:14<br \/>\n \t&#8211;\u00a0Kilnojamasis rotacinis kranas\u00a0su mechaniniu medienos griebtuvu<br \/>\n \t&#8211;\u00a0Medienos r\u0105stai pakrovimui ir i\u0161krovimui\u00a0\u012ftraukta<br \/>\n \t&#8211;\u00a0Transporto priemon\u0117s varomoji j\u0117ga\u00a0\u2013 frikcinis, sunkve\u017eimis stumdamas juda savaranki\u0161kai<br \/>\n \t&#8211;\u00a0Realisti\u0161ki garsai\u00a0\u2013 ragas, variklis, krano veikimas<br \/>\n \t&#8211;\u00a0\u0160viesos efektai\u00a0\u2013 LED signalai ir priekiniai \u017eibintai<br \/>\n \t&#8211;\u00a0Judantys elementai\u00a0leid\u017eia dinami\u0161kai linksmintis<br \/>\n \t&#8211;\u00a0Saugus vykdymas\u00a0\u2013 patvari med\u017eiaga ir u\u017eapvalinti kra\u0161tai<br \/>\n \t&#8211;\u00a0Priklausomyb\u0119 temin\u0117s linksmyb\u0117s\u00a0\u2013 geb\u0117jimas atlikti vaidmenis ir scenarijus<br \/>\n \t&#8211; maitinamas baterijomis (3 x AG13 &#8211;\u00a0\u012ftraukta)<\/p>\n<p>Komplekt\u0101 ietilpst:<\/p>\n<p> \t&#8211; Priekabos sunkve\u017eimis<br \/>\n \t&#8211; Kilnojamasis sukamasis kranas su griebtuvu<br \/>\n \t&#8211; Medienos r\u0105stai ne\u0161ti<\/p>","protected":false},"excerpt":{"rendered":"<p>Sunkve\u017eimis su kranu medienai\u00a0i\u0161 mark\u0117s\u00a0Woopie\u00a0tai platus, interaktyvus \u017eaislas, perkeliantis vaikus \u012f \u017eav\u0173 transporto ir sunkiosios technikos darbo pasaul\u012f. Tai daug<\/p>","protected":false},"featured_media":80005,"template":"","meta":{"_acf_changed":false,"_glsr_average":0,"_glsr_ranking":0,"_glsr_reviews":0},"product_brand":[],"product_cat":[448,229],"product_tag":[],"class_list":{"0":"post-80003","1":"product","2":"type-product","3":"status-publish","4":"has-post-thumbnail","6":"product_cat-automobiliai-ir-transportas","7":"product_cat-zaislai-vaikams","8":"\"style=\"background-color: #2ecc711c;\"","10":"first","11":"instock","12":"purchasable","13":"product-type-simple"},"acf":[],"yoast_head":"<!-- This site is optimized with the Yoast SEO plugin v27.3 - https:\/\/yoast.com\/product\/yoast-seo-wordpress\/ -->\n<title>WOOPIE Sunkve\u017eimis su judan\u010diu kranu mediniam \u0161viesos garsui 1:14<\/title>\n<meta name=\"description\" content=\"WOOPIE Sunkve\u017eimis su judan\u010diu kranu mediniam \u0161viesos garsui 1:14 - KidsPlay. Did\u017eiausias vaik\u0173 \u017eaisl\u0173 pasirinkimas.\" \/>\n<meta name=\"robots\" content=\"index, follow, max-snippet:-1, max-image-preview:large, max-video-preview:-1\" \/>\n<link rel=\"canonical\" href=\"https:\/\/kidsplay.lt\/lv\/products\/woopie-sunkvezimis-su-judanciu-kranu-mediniam-sviesos-garsui-114\/\" \/>\n<meta property=\"og:locale\" content=\"lv_LV\" \/>\n<meta property=\"og:type\" content=\"article\" \/>\n<meta property=\"og:title\" content=\"WOOPIE Sunkve\u017eimis su judan\u010diu kranu mediniam \u0161viesos garsui 1:14\" \/>\n<meta property=\"og:description\" content=\"WOOPIE Sunkve\u017eimis su judan\u010diu kranu mediniam \u0161viesos garsui 1:14 - KidsPlay. Did\u017eiausias vaik\u0173 \u017eaisl\u0173 pasirinkimas.\" \/>\n<meta property=\"og:url\" content=\"https:\/\/kidsplay.lt\/lv\/products\/woopie-sunkvezimis-su-judanciu-kranu-mediniam-sviesos-garsui-114\/\" \/>\n<meta property=\"og:site_name\" content=\"KidsPlay\" \/>\n<meta property=\"article:publisher\" content=\"https:\/\/www.facebook.com\/www.kidsplay.lt\" \/>\n<meta property=\"article:modified_time\" content=\"2026-04-07T06:59:57+00:00\" \/>\n<meta property=\"og:image\" content=\"https:\/\/kidsplay.lt\/wp-content\/uploads\/2025\/11\/WOOPIE-Sunkvezimis-su-judanciu-kranu-mediniam-sviesos-garsui-114.jpg\" \/>\n\t<meta property=\"og:image:width\" content=\"1000\" \/>\n\t<meta property=\"og:image:height\" content=\"1000\" \/>\n\t<meta property=\"og:image:type\" content=\"image\/jpeg\" \/>\n<meta name=\"twitter:card\" content=\"summary_large_image\" \/>\n<meta name=\"twitter:label1\" content=\"Est. reading time\" \/>\n\t<meta name=\"twitter:data1\" content=\"2 min\u016btes\" \/>\n<script type=\"application\/ld+json\" class=\"yoast-schema-graph\">{\"@context\":\"https:\\\/\\\/schema.org\",\"@graph\":[{\"@type\":\"WebPage\",\"@id\":\"https:\\\/\\\/kidsplay.lt\\\/produktas\\\/woopie-sunkvezimis-su-judanciu-kranu-mediniam-sviesos-garsui-114\\\/\",\"url\":\"https:\\\/\\\/kidsplay.lt\\\/produktas\\\/woopie-sunkvezimis-su-judanciu-kranu-mediniam-sviesos-garsui-114\\\/\",\"name\":\"WOOPIE Sunkve\u017eimis su judan\u010diu kranu mediniam \u0161viesos garsui 1:14\",\"isPartOf\":{\"@id\":\"https:\\\/\\\/kidsplay.lt\\\/#website\"},\"primaryImageOfPage\":{\"@id\":\"https:\\\/\\\/kidsplay.lt\\\/produktas\\\/woopie-sunkvezimis-su-judanciu-kranu-mediniam-sviesos-garsui-114\\\/#primaryimage\"},\"image\":{\"@id\":\"https:\\\/\\\/kidsplay.lt\\\/produktas\\\/woopie-sunkvezimis-su-judanciu-kranu-mediniam-sviesos-garsui-114\\\/#primaryimage\"},\"thumbnailUrl\":\"https:\\\/\\\/kidsplay.lt\\\/wp-content\\\/uploads\\\/2025\\\/11\\\/WOOPIE-Sunkvezimis-su-judanciu-kranu-mediniam-sviesos-garsui-114.jpg\",\"datePublished\":\"2025-11-09T10:14:01+00:00\",\"dateModified\":\"2026-04-07T06:59:57+00:00\",\"description\":\"WOOPIE Sunkve\u017eimis su judan\u010diu kranu mediniam \u0161viesos garsui 1:14 - KidsPlay. Did\u017eiausias vaik\u0173 \u017eaisl\u0173 pasirinkimas.\",\"breadcrumb\":{\"@id\":\"https:\\\/\\\/kidsplay.lt\\\/produktas\\\/woopie-sunkvezimis-su-judanciu-kranu-mediniam-sviesos-garsui-114\\\/#breadcrumb\"},\"inLanguage\":\"lv-LV\",\"potentialAction\":[{\"@type\":\"ReadAction\",\"target\":[\"https:\\\/\\\/kidsplay.lt\\\/produktas\\\/woopie-sunkvezimis-su-judanciu-kranu-mediniam-sviesos-garsui-114\\\/\"]}]},{\"@type\":\"ImageObject\",\"inLanguage\":\"lv-LV\",\"@id\":\"https:\\\/\\\/kidsplay.lt\\\/produktas\\\/woopie-sunkvezimis-su-judanciu-kranu-mediniam-sviesos-garsui-114\\\/#primaryimage\",\"url\":\"https:\\\/\\\/kidsplay.lt\\\/wp-content\\\/uploads\\\/2025\\\/11\\\/WOOPIE-Sunkvezimis-su-judanciu-kranu-mediniam-sviesos-garsui-114.jpg\",\"contentUrl\":\"https:\\\/\\\/kidsplay.lt\\\/wp-content\\\/uploads\\\/2025\\\/11\\\/WOOPIE-Sunkvezimis-su-judanciu-kranu-mediniam-sviesos-garsui-114.jpg\",\"width\":1000,\"height\":1000,\"caption\":\"WOOPIE Sunkve\u017eimis su judan\u010diu kranu mediniam \u0161viesos garsui 1:14\"},{\"@type\":\"BreadcrumbList\",\"@id\":\"https:\\\/\\\/kidsplay.lt\\\/produktas\\\/woopie-sunkvezimis-su-judanciu-kranu-mediniam-sviesos-garsui-114\\\/#breadcrumb\",\"itemListElement\":[{\"@type\":\"ListItem\",\"position\":1,\"name\":\"Pagrindinis\",\"item\":\"https:\\\/\\\/kidsplay.lt\\\/\"},{\"@type\":\"ListItem\",\"position\":2,\"name\":\"Parduotuv\u0117\",\"item\":\"https:\\\/\\\/kidsplay.lt\\\/parduotuve\\\/\"},{\"@type\":\"ListItem\",\"position\":3,\"name\":\"WOOPIE Sunkve\u017eimis su judan\u010diu kranu mediniam \u0161viesos garsui 1:14\"}]},{\"@type\":\"WebSite\",\"@id\":\"https:\\\/\\\/kidsplay.lt\\\/#website\",\"url\":\"https:\\\/\\\/kidsplay.lt\\\/\",\"name\":\"Kidsplay.lt\",\"description\":\"\u012evairios prek\u0117s vaikams\",\"publisher\":{\"@id\":\"https:\\\/\\\/kidsplay.lt\\\/#organization\"},\"alternateName\":\"Kidsplay\",\"potentialAction\":[{\"@type\":\"SearchAction\",\"target\":{\"@type\":\"EntryPoint\",\"urlTemplate\":\"https:\\\/\\\/kidsplay.lt\\\/?s={search_term_string}\"},\"query-input\":{\"@type\":\"PropertyValueSpecification\",\"valueRequired\":true,\"valueName\":\"search_term_string\"}}],\"inLanguage\":\"lv-LV\"},{\"@type\":\"Organization\",\"@id\":\"https:\\\/\\\/kidsplay.lt\\\/#organization\",\"name\":\"KidsPlay\",\"url\":\"https:\\\/\\\/kidsplay.lt\\\/\",\"logo\":{\"@type\":\"ImageObject\",\"inLanguage\":\"lv-LV\",\"@id\":\"https:\\\/\\\/kidsplay.lt\\\/#\\\/schema\\\/logo\\\/image\\\/\",\"url\":\"https:\\\/\\\/kidsplay.lt\\\/wp-content\\\/uploads\\\/2023\\\/07\\\/kidsplay-logo.png\",\"contentUrl\":\"https:\\\/\\\/kidsplay.lt\\\/wp-content\\\/uploads\\\/2023\\\/07\\\/kidsplay-logo.png\",\"width\":451,\"height\":98,\"caption\":\"KidsPlay\"},\"image\":{\"@id\":\"https:\\\/\\\/kidsplay.lt\\\/#\\\/schema\\\/logo\\\/image\\\/\"},\"sameAs\":[\"https:\\\/\\\/www.facebook.com\\\/www.kidsplay.lt\"]}]}<\/script>\n<!-- \/ Yoast SEO plugin. -->","yoast_head_json":{"title":"WOOPIE Sunkve\u017eimis su judan\u010diu kranu mediniam \u0161viesos garsui 1:14","description":"WOOPIE Sunkve\u017eimis su judan\u010diu kranu mediniam \u0161viesos garsui 1:14 - KidsPlay. Did\u017eiausias vaik\u0173 \u017eaisl\u0173 pasirinkimas.","robots":{"index":"index","follow":"follow","max-snippet":"max-snippet:-1","max-image-preview":"max-image-preview:large","max-video-preview":"max-video-preview:-1"},"canonical":"https:\/\/kidsplay.lt\/lv\/products\/woopie-sunkvezimis-su-judanciu-kranu-mediniam-sviesos-garsui-114\/","og_locale":"lv_LV","og_type":"article","og_title":"WOOPIE Sunkve\u017eimis su judan\u010diu kranu mediniam \u0161viesos garsui 1:14","og_description":"WOOPIE Sunkve\u017eimis su judan\u010diu kranu mediniam \u0161viesos garsui 1:14 - KidsPlay. Did\u017eiausias vaik\u0173 \u017eaisl\u0173 pasirinkimas.","og_url":"https:\/\/kidsplay.lt\/lv\/products\/woopie-sunkvezimis-su-judanciu-kranu-mediniam-sviesos-garsui-114\/","og_site_name":"KidsPlay","article_publisher":"https:\/\/www.facebook.com\/www.kidsplay.lt","article_modified_time":"2026-04-07T06:59:57+00:00","og_image":[{"width":1000,"height":1000,"url":"https:\/\/kidsplay.lt\/wp-content\/uploads\/2025\/11\/WOOPIE-Sunkvezimis-su-judanciu-kranu-mediniam-sviesos-garsui-114.jpg","type":"image\/jpeg"}],"twitter_card":"summary_large_image","twitter_misc":{"Est. reading time":"2 min\u016btes"},"schema":{"@context":"https:\/\/schema.org","@graph":[{"@type":"WebPage","@id":"https:\/\/kidsplay.lt\/produktas\/woopie-sunkvezimis-su-judanciu-kranu-mediniam-sviesos-garsui-114\/","url":"https:\/\/kidsplay.lt\/produktas\/woopie-sunkvezimis-su-judanciu-kranu-mediniam-sviesos-garsui-114\/","name":"WOOPIE Sunkve\u017eimis su judan\u010diu kranu mediniam \u0161viesos garsui 1:14","isPartOf":{"@id":"https:\/\/kidsplay.lt\/#website"},"primaryImageOfPage":{"@id":"https:\/\/kidsplay.lt\/produktas\/woopie-sunkvezimis-su-judanciu-kranu-mediniam-sviesos-garsui-114\/#primaryimage"},"image":{"@id":"https:\/\/kidsplay.lt\/produktas\/woopie-sunkvezimis-su-judanciu-kranu-mediniam-sviesos-garsui-114\/#primaryimage"},"thumbnailUrl":"https:\/\/kidsplay.lt\/wp-content\/uploads\/2025\/11\/WOOPIE-Sunkvezimis-su-judanciu-kranu-mediniam-sviesos-garsui-114.jpg","datePublished":"2025-11-09T10:14:01+00:00","dateModified":"2026-04-07T06:59:57+00:00","description":"WOOPIE Sunkve\u017eimis su judan\u010diu kranu mediniam \u0161viesos garsui 1:14 - KidsPlay. Did\u017eiausias vaik\u0173 \u017eaisl\u0173 pasirinkimas.","breadcrumb":{"@id":"https:\/\/kidsplay.lt\/produktas\/woopie-sunkvezimis-su-judanciu-kranu-mediniam-sviesos-garsui-114\/#breadcrumb"},"inLanguage":"lv-LV","potentialAction":[{"@type":"ReadAction","target":["https:\/\/kidsplay.lt\/produktas\/woopie-sunkvezimis-su-judanciu-kranu-mediniam-sviesos-garsui-114\/"]}]},{"@type":"ImageObject","inLanguage":"lv-LV","@id":"https:\/\/kidsplay.lt\/produktas\/woopie-sunkvezimis-su-judanciu-kranu-mediniam-sviesos-garsui-114\/#primaryimage","url":"https:\/\/kidsplay.lt\/wp-content\/uploads\/2025\/11\/WOOPIE-Sunkvezimis-su-judanciu-kranu-mediniam-sviesos-garsui-114.jpg","contentUrl":"https:\/\/kidsplay.lt\/wp-content\/uploads\/2025\/11\/WOOPIE-Sunkvezimis-su-judanciu-kranu-mediniam-sviesos-garsui-114.jpg","width":1000,"height":1000,"caption":"WOOPIE Sunkve\u017eimis su judan\u010diu kranu mediniam \u0161viesos garsui 1:14"},{"@type":"BreadcrumbList","@id":"https:\/\/kidsplay.lt\/produktas\/woopie-sunkvezimis-su-judanciu-kranu-mediniam-sviesos-garsui-114\/#breadcrumb","itemListElement":[{"@type":"ListItem","position":1,"name":"Pagrindinis","item":"https:\/\/kidsplay.lt\/"},{"@type":"ListItem","position":2,"name":"Parduotuv\u0117","item":"https:\/\/kidsplay.lt\/parduotuve\/"},{"@type":"ListItem","position":3,"name":"WOOPIE Sunkve\u017eimis su judan\u010diu kranu mediniam \u0161viesos garsui 1:14"}]},{"@type":"WebSite","@id":"https:\/\/kidsplay.lt\/#website","url":"https:\/\/kidsplay.lt\/","name":"B\u0113rnu sp\u0113les.lv","description":"\u012evairios prek\u0117s vaikams","publisher":{"@id":"https:\/\/kidsplay.lt\/#organization"},"alternateName":"Kidsplay","potentialAction":[{"@type":"SearchAction","target":{"@type":"EntryPoint","urlTemplate":"https:\/\/kidsplay.lt\/?s={search_term_string}"},"query-input":{"@type":"PropertyValueSpecification","valueRequired":true,"valueName":"search_term_string"}}],"inLanguage":"lv-LV"},{"@type":"Organization","@id":"https:\/\/kidsplay.lt\/#organization","name":"B\u0113rnu sp\u0113le","url":"https:\/\/kidsplay.lt\/","logo":{"@type":"ImageObject","inLanguage":"lv-LV","@id":"https:\/\/kidsplay.lt\/#\/schema\/logo\/image\/","url":"https:\/\/kidsplay.lt\/wp-content\/uploads\/2023\/07\/kidsplay-logo.png","contentUrl":"https:\/\/kidsplay.lt\/wp-content\/uploads\/2023\/07\/kidsplay-logo.png","width":451,"height":98,"caption":"KidsPlay"},"image":{"@id":"https:\/\/kidsplay.lt\/#\/schema\/logo\/image\/"},"sameAs":["https:\/\/www.facebook.com\/www.kidsplay.lt"]}]}},"_links":{"self":[{"href":"https:\/\/kidsplay.lt\/lv\/wp-json\/wp\/v2\/product\/80003","targetHints":{"allow":["GET"]}}],"collection":[{"href":"https:\/\/kidsplay.lt\/lv\/wp-json\/wp\/v2\/product"}],"about":[{"href":"https:\/\/kidsplay.lt\/lv\/wp-json\/wp\/v2\/types\/product"}],"version-history":[{"count":1,"href":"https:\/\/kidsplay.lt\/lv\/wp-json\/wp\/v2\/product\/80003\/revisions"}],"predecessor-version":[{"id":80004,"href":"https:\/\/kidsplay.lt\/lv\/wp-json\/wp\/v2\/product\/80003\/revisions\/80004"}],"wp:featuredmedia":[{"embeddable":true,"href":"https:\/\/kidsplay.lt\/lv\/wp-json\/wp\/v2\/media\/80005"}],"wp:attachment":[{"href":"https:\/\/kidsplay.lt\/lv\/wp-json\/wp\/v2\/media?parent=80003"}],"wp:term":[{"taxonomy":"product_brand","embeddable":true,"href":"https:\/\/kidsplay.lt\/lv\/wp-json\/wp\/v2\/product_brand?post=80003"},{"taxonomy":"product_cat","embeddable":true,"href":"https:\/\/kidsplay.lt\/lv\/wp-json\/wp\/v2\/product_cat?post=80003"},{"taxonomy":"product_tag","embeddable":true,"href":"https:\/\/kidsplay.lt\/lv\/wp-json\/wp\/v2\/product_tag?post=80003"}],"curies":[{"name":"wp","href":"https:\/\/api.w.org\/{rel}","templated":true}]}}