{"id":80037,"date":"2025-11-09T12:15:45","date_gmt":"2025-11-09T10:15:45","guid":{"rendered":"https:\/\/kidsplay.lt\/produktas\/woopie-baby-zvaigzdziu-projektoriaus-projektoriaus-naktine-lempute-vaikams-meskiukas\/"},"modified":"2026-04-07T10:00:20","modified_gmt":"2026-04-07T07:00:20","slug":"woopie-baby-zvaigzdziu-projektoriaus-projektoriaus-naktine-lempute-vaikams-meskiukas","status":"publish","type":"product","link":"https:\/\/kidsplay.lt\/lv\/product\/woopie-baby-zvaigzdziu-projektoriaus-projektoriaus-naktine-lempute-vaikams-meskiukas\/","title":{"rendered":"WOOPIE BABY \u017dvaig\u017ed\u017ei\u0173 projektoriaus projektoriaus naktin\u0117 lemput\u0117 vaikams Me\u0161kiukas"},"content":{"rendered":"<p>Apvyniokite savo k\u016bdik\u012f ramyb\u0117je ir naktinio dangaus magijoje! \u017davinga\u00a0me\u0161kiukas-projektorius su naktin\u0117s lempos funkcija\u00a0i\u0161 mark\u0117s\u00a0Woopie\u00a0tai unikalus daiktas, sukurtas jauniausiems, kurie dar tik pa\u017e\u012fsta pasaul\u012f. A\u010di\u016b\u00a0\u0161viesinantis \u017evaig\u017ed\u0117s projektorius\u00a0ir\u00a0\u012fmontuotos lop\u0161in\u0117s\u201e\u0161is nepastebimas i\u0161kam\u0161a paver\u010dia vaik\u0173 kambar\u012f harmonijos ir paguodos kupina vieta. Me\u0161kiukas skleid\u017eia\u00a0subtil\u016bs, besikei\u010diantys \u017eibintai&#8217;, kurie sukuria gra\u017ei\u0105, \u017evaig\u017ed\u0117t\u0105 erdv\u0119 ant lub\u0173. Savo ruo\u017etu\u00a0\u0161velnios melodijos\u00a0ir raminantys garsai padeda \u012fd\u0117ti vaik\u0105 \u012f atsipalaidavimo b\u016bsen\u0105 ir palaiko nat\u016bral\u0173 u\u017emigimo proces\u0105. Suapvalinta me\u0161kiuko forma, draugi\u0161ka i\u0161vaizda ir\u00a0saugios med\u017eiagos\u00a0jie daro j\u012f ne tik funkcionaliu, bet ir \u0161iltu. D\u0117l \u012fgaubtos erdv\u0117s projektori\u0173 galima montuoti ant lovos u\u017etvar\u0173 arba tiesiog pastatyti ant lygaus pavir\u0161iaus. A\u010di\u016b\u00a020 raminan\u010di\u0173 melodij\u0173\u00a0ir\u00a06 balti triuk\u0161mai\u201e\u017eaislas leid\u017eia reguliuoti garsus pagal vaiko nuotaik\u0105 ir poreikius. Funkcija\u00a0garsumo kontrol\u0117\u00a0tai leid\u017eia reguliuoti garso lyg\u012f prie kambario s\u0105lyg\u0173 ir vaiko am\u017eiaus. Me\u0161kiukas dirba\u00a03 AA baterijos\u00a0(ne\u012ftraukta), u\u017etikrinanti mobilum\u0105 ir saug\u0173 \u2013 naudojim\u0105 be kabeli\u0173, be rizikos.<\/p>\n<p>Raksturojums:<\/p>\n<p> \t&#8211; Projektorius, skirtas vaikams\u00a0jau nuo gimimo<br \/>\n \t&#8211;\u00a0Naktinis dangaus projektorius\u00a0\u2013 \u017evaig\u017ed\u0117s ir kosminiai ra\u0161tai sukuria magi\u0161k\u0105 atmosfer\u0105<br \/>\n \t&#8211;\u00a020 mieguist\u0173 melodij\u0173\u00a0\u2013 puikiai tinka miegui ir poilsiui<br \/>\n \t&#8211;\u00a06 balti triuk\u0161mai\u00a0\u2013 gamtos garsai, padedantys u\u017emigti<br \/>\n \t&#8211;\u00a0Garsumo valdymas\u00a0\u2013 patogus garso intensyvumo reguliavimas<br \/>\n \t&#8211;\u00a0Nakties \u0161viesos funkcija\u00a0su \u0161velnia \u0161viesa<br \/>\n \t&#8211;\u00a0Saugi Statyba\u00a0\u2013 be a\u0161tri\u0173 kra\u0161t\u0173, puikiai tinka k\u016bdikiams<br \/>\n \t&#8211;\u00a0Draugi\u0161kas dizainas\u00a0\u2013 miegan\u010dio me\u0161kiuko fig\u016bra su \u0161velnia, raminan\u010dia i\u0161rai\u0161ka<br \/>\n \t&#8211;\u00a0Maitinimas: 3x AA\u00a0(be baterij\u0173)<\/p>","protected":false},"excerpt":{"rendered":"<p>Apvyniokite savo k\u016bdik\u012f ramyb\u0117je ir naktinio dangaus magijoje! \u017davinga\u00a0me\u0161kiukas-projektorius su naktin\u0117s lempos funkcija\u00a0i\u0161 mark\u0117s\u00a0Woopie\u00a0tai unikalus daiktas, sukurtas jauniausiems, kurie dar<\/p>","protected":false},"featured_media":80039,"template":"","meta":{"_acf_changed":false,"_glsr_average":0,"_glsr_ranking":0,"_glsr_reviews":0},"product_brand":[],"product_cat":[458],"product_tag":[],"class_list":{"0":"post-80037","1":"product","2":"type-product","3":"status-publish","4":"has-post-thumbnail","6":"product_cat-ramiam-uzmigimui","7":"\"style=\"background-color: #2ecc711c;\"","9":"first","10":"instock","11":"purchasable","12":"product-type-simple"},"acf":[],"yoast_head":"<!-- This site is optimized with the Yoast SEO plugin v27.3 - https:\/\/yoast.com\/product\/yoast-seo-wordpress\/ -->\n<title>WOOPIE BABY \u017dvaig\u017ed\u017ei\u0173 projektoriaus projektoriaus naktin\u0117 lemput\u0117 vaikams Me\u0161kiukas<\/title>\n<meta name=\"description\" content=\"WOOPIE BABY \u017dvaig\u017ed\u017ei\u0173 projektoriaus projektoriaus naktin\u0117 lemput\u0117 vaikams Me\u0161kiukas - KidsPlay. Did\u017eiausias vaik\u0173 \u017eaisl\u0173 pasirinkimas.\" \/>\n<meta name=\"robots\" content=\"index, follow, max-snippet:-1, max-image-preview:large, max-video-preview:-1\" \/>\n<link rel=\"canonical\" href=\"https:\/\/kidsplay.lt\/lv\/product\/woopie-baby-zvaigzdziu-projektoriaus-projektoriaus-naktine-lempute-vaikams-meskiukas\/\" \/>\n<meta property=\"og:locale\" content=\"lv_LV\" \/>\n<meta property=\"og:type\" content=\"article\" \/>\n<meta property=\"og:title\" content=\"WOOPIE BABY \u017dvaig\u017ed\u017ei\u0173 projektoriaus projektoriaus naktin\u0117 lemput\u0117 vaikams Me\u0161kiukas\" \/>\n<meta property=\"og:description\" content=\"WOOPIE BABY \u017dvaig\u017ed\u017ei\u0173 projektoriaus projektoriaus naktin\u0117 lemput\u0117 vaikams Me\u0161kiukas - KidsPlay. Did\u017eiausias vaik\u0173 \u017eaisl\u0173 pasirinkimas.\" \/>\n<meta property=\"og:url\" content=\"https:\/\/kidsplay.lt\/lv\/product\/woopie-baby-zvaigzdziu-projektoriaus-projektoriaus-naktine-lempute-vaikams-meskiukas\/\" \/>\n<meta property=\"og:site_name\" content=\"KidsPlay\" \/>\n<meta property=\"article:publisher\" content=\"https:\/\/www.facebook.com\/www.kidsplay.lt\" \/>\n<meta property=\"article:modified_time\" content=\"2026-04-07T07:00:20+00:00\" \/>\n<meta property=\"og:image\" content=\"https:\/\/kidsplay.lt\/wp-content\/uploads\/2025\/11\/WOOPIE-BABY-Zvaigzdziu-projektoriaus-projektoriaus-naktine-lempute-vaikams-Meskiukas.jpg\" \/>\n\t<meta property=\"og:image:width\" content=\"1000\" \/>\n\t<meta property=\"og:image:height\" content=\"1000\" \/>\n\t<meta property=\"og:image:type\" content=\"image\/jpeg\" \/>\n<meta name=\"twitter:card\" content=\"summary_large_image\" \/>\n<meta name=\"twitter:label1\" content=\"Est. reading time\" \/>\n\t<meta name=\"twitter:data1\" content=\"1 min\u016bte\" \/>\n<script type=\"application\/ld+json\" class=\"yoast-schema-graph\">{\"@context\":\"https:\\\/\\\/schema.org\",\"@graph\":[{\"@type\":\"WebPage\",\"@id\":\"https:\\\/\\\/kidsplay.lt\\\/produktas\\\/woopie-baby-zvaigzdziu-projektoriaus-projektoriaus-naktine-lempute-vaikams-meskiukas\\\/\",\"url\":\"https:\\\/\\\/kidsplay.lt\\\/produktas\\\/woopie-baby-zvaigzdziu-projektoriaus-projektoriaus-naktine-lempute-vaikams-meskiukas\\\/\",\"name\":\"WOOPIE BABY \u017dvaig\u017ed\u017ei\u0173 projektoriaus projektoriaus naktin\u0117 lemput\u0117 vaikams Me\u0161kiukas\",\"isPartOf\":{\"@id\":\"https:\\\/\\\/kidsplay.lt\\\/#website\"},\"primaryImageOfPage\":{\"@id\":\"https:\\\/\\\/kidsplay.lt\\\/produktas\\\/woopie-baby-zvaigzdziu-projektoriaus-projektoriaus-naktine-lempute-vaikams-meskiukas\\\/#primaryimage\"},\"image\":{\"@id\":\"https:\\\/\\\/kidsplay.lt\\\/produktas\\\/woopie-baby-zvaigzdziu-projektoriaus-projektoriaus-naktine-lempute-vaikams-meskiukas\\\/#primaryimage\"},\"thumbnailUrl\":\"https:\\\/\\\/kidsplay.lt\\\/wp-content\\\/uploads\\\/2025\\\/11\\\/WOOPIE-BABY-Zvaigzdziu-projektoriaus-projektoriaus-naktine-lempute-vaikams-Meskiukas.jpg\",\"datePublished\":\"2025-11-09T10:15:45+00:00\",\"dateModified\":\"2026-04-07T07:00:20+00:00\",\"description\":\"WOOPIE BABY \u017dvaig\u017ed\u017ei\u0173 projektoriaus projektoriaus naktin\u0117 lemput\u0117 vaikams Me\u0161kiukas - KidsPlay. Did\u017eiausias vaik\u0173 \u017eaisl\u0173 pasirinkimas.\",\"breadcrumb\":{\"@id\":\"https:\\\/\\\/kidsplay.lt\\\/produktas\\\/woopie-baby-zvaigzdziu-projektoriaus-projektoriaus-naktine-lempute-vaikams-meskiukas\\\/#breadcrumb\"},\"inLanguage\":\"lv-LV\",\"potentialAction\":[{\"@type\":\"ReadAction\",\"target\":[\"https:\\\/\\\/kidsplay.lt\\\/produktas\\\/woopie-baby-zvaigzdziu-projektoriaus-projektoriaus-naktine-lempute-vaikams-meskiukas\\\/\"]}]},{\"@type\":\"ImageObject\",\"inLanguage\":\"lv-LV\",\"@id\":\"https:\\\/\\\/kidsplay.lt\\\/produktas\\\/woopie-baby-zvaigzdziu-projektoriaus-projektoriaus-naktine-lempute-vaikams-meskiukas\\\/#primaryimage\",\"url\":\"https:\\\/\\\/kidsplay.lt\\\/wp-content\\\/uploads\\\/2025\\\/11\\\/WOOPIE-BABY-Zvaigzdziu-projektoriaus-projektoriaus-naktine-lempute-vaikams-Meskiukas.jpg\",\"contentUrl\":\"https:\\\/\\\/kidsplay.lt\\\/wp-content\\\/uploads\\\/2025\\\/11\\\/WOOPIE-BABY-Zvaigzdziu-projektoriaus-projektoriaus-naktine-lempute-vaikams-Meskiukas.jpg\",\"width\":1000,\"height\":1000,\"caption\":\"WOOPIE BABY \u017dvaig\u017ed\u017ei\u0173 projektoriaus projektoriaus naktin\u0117 lemput\u0117 vaikams Me\u0161kiukas\"},{\"@type\":\"BreadcrumbList\",\"@id\":\"https:\\\/\\\/kidsplay.lt\\\/produktas\\\/woopie-baby-zvaigzdziu-projektoriaus-projektoriaus-naktine-lempute-vaikams-meskiukas\\\/#breadcrumb\",\"itemListElement\":[{\"@type\":\"ListItem\",\"position\":1,\"name\":\"Pagrindinis\",\"item\":\"https:\\\/\\\/kidsplay.lt\\\/\"},{\"@type\":\"ListItem\",\"position\":2,\"name\":\"Parduotuv\u0117\",\"item\":\"https:\\\/\\\/kidsplay.lt\\\/parduotuve\\\/\"},{\"@type\":\"ListItem\",\"position\":3,\"name\":\"WOOPIE BABY \u017dvaig\u017ed\u017ei\u0173 projektoriaus projektoriaus naktin\u0117 lemput\u0117 vaikams Me\u0161kiukas\"}]},{\"@type\":\"WebSite\",\"@id\":\"https:\\\/\\\/kidsplay.lt\\\/#website\",\"url\":\"https:\\\/\\\/kidsplay.lt\\\/\",\"name\":\"Kidsplay.lt\",\"description\":\"\u012evairios prek\u0117s vaikams\",\"publisher\":{\"@id\":\"https:\\\/\\\/kidsplay.lt\\\/#organization\"},\"alternateName\":\"Kidsplay\",\"potentialAction\":[{\"@type\":\"SearchAction\",\"target\":{\"@type\":\"EntryPoint\",\"urlTemplate\":\"https:\\\/\\\/kidsplay.lt\\\/?s={search_term_string}\"},\"query-input\":{\"@type\":\"PropertyValueSpecification\",\"valueRequired\":true,\"valueName\":\"search_term_string\"}}],\"inLanguage\":\"lv-LV\"},{\"@type\":\"Organization\",\"@id\":\"https:\\\/\\\/kidsplay.lt\\\/#organization\",\"name\":\"KidsPlay\",\"url\":\"https:\\\/\\\/kidsplay.lt\\\/\",\"logo\":{\"@type\":\"ImageObject\",\"inLanguage\":\"lv-LV\",\"@id\":\"https:\\\/\\\/kidsplay.lt\\\/#\\\/schema\\\/logo\\\/image\\\/\",\"url\":\"https:\\\/\\\/kidsplay.lt\\\/wp-content\\\/uploads\\\/2023\\\/07\\\/kidsplay-logo.png\",\"contentUrl\":\"https:\\\/\\\/kidsplay.lt\\\/wp-content\\\/uploads\\\/2023\\\/07\\\/kidsplay-logo.png\",\"width\":451,\"height\":98,\"caption\":\"KidsPlay\"},\"image\":{\"@id\":\"https:\\\/\\\/kidsplay.lt\\\/#\\\/schema\\\/logo\\\/image\\\/\"},\"sameAs\":[\"https:\\\/\\\/www.facebook.com\\\/www.kidsplay.lt\"]}]}<\/script>\n<!-- \/ Yoast SEO plugin. -->","yoast_head_json":{"title":"WOOPIE BABY \u017dvaig\u017ed\u017ei\u0173 projektoriaus projektoriaus naktin\u0117 lemput\u0117 vaikams Me\u0161kiukas","description":"WOOPIE BABY \u017dvaig\u017ed\u017ei\u0173 projektoriaus projektoriaus naktin\u0117 lemput\u0117 vaikams Me\u0161kiukas - KidsPlay. Did\u017eiausias vaik\u0173 \u017eaisl\u0173 pasirinkimas.","robots":{"index":"index","follow":"follow","max-snippet":"max-snippet:-1","max-image-preview":"max-image-preview:large","max-video-preview":"max-video-preview:-1"},"canonical":"https:\/\/kidsplay.lt\/lv\/product\/woopie-baby-zvaigzdziu-projektoriaus-projektoriaus-naktine-lempute-vaikams-meskiukas\/","og_locale":"lv_LV","og_type":"article","og_title":"WOOPIE BABY \u017dvaig\u017ed\u017ei\u0173 projektoriaus projektoriaus naktin\u0117 lemput\u0117 vaikams Me\u0161kiukas","og_description":"WOOPIE BABY \u017dvaig\u017ed\u017ei\u0173 projektoriaus projektoriaus naktin\u0117 lemput\u0117 vaikams Me\u0161kiukas - KidsPlay. Did\u017eiausias vaik\u0173 \u017eaisl\u0173 pasirinkimas.","og_url":"https:\/\/kidsplay.lt\/lv\/product\/woopie-baby-zvaigzdziu-projektoriaus-projektoriaus-naktine-lempute-vaikams-meskiukas\/","og_site_name":"KidsPlay","article_publisher":"https:\/\/www.facebook.com\/www.kidsplay.lt","article_modified_time":"2026-04-07T07:00:20+00:00","og_image":[{"width":1000,"height":1000,"url":"https:\/\/kidsplay.lt\/wp-content\/uploads\/2025\/11\/WOOPIE-BABY-Zvaigzdziu-projektoriaus-projektoriaus-naktine-lempute-vaikams-Meskiukas.jpg","type":"image\/jpeg"}],"twitter_card":"summary_large_image","twitter_misc":{"Est. reading time":"1 min\u016bte"},"schema":{"@context":"https:\/\/schema.org","@graph":[{"@type":"WebPage","@id":"https:\/\/kidsplay.lt\/produktas\/woopie-baby-zvaigzdziu-projektoriaus-projektoriaus-naktine-lempute-vaikams-meskiukas\/","url":"https:\/\/kidsplay.lt\/produktas\/woopie-baby-zvaigzdziu-projektoriaus-projektoriaus-naktine-lempute-vaikams-meskiukas\/","name":"WOOPIE BABY \u017dvaig\u017ed\u017ei\u0173 projektoriaus projektoriaus naktin\u0117 lemput\u0117 vaikams Me\u0161kiukas","isPartOf":{"@id":"https:\/\/kidsplay.lt\/#website"},"primaryImageOfPage":{"@id":"https:\/\/kidsplay.lt\/produktas\/woopie-baby-zvaigzdziu-projektoriaus-projektoriaus-naktine-lempute-vaikams-meskiukas\/#primaryimage"},"image":{"@id":"https:\/\/kidsplay.lt\/produktas\/woopie-baby-zvaigzdziu-projektoriaus-projektoriaus-naktine-lempute-vaikams-meskiukas\/#primaryimage"},"thumbnailUrl":"https:\/\/kidsplay.lt\/wp-content\/uploads\/2025\/11\/WOOPIE-BABY-Zvaigzdziu-projektoriaus-projektoriaus-naktine-lempute-vaikams-Meskiukas.jpg","datePublished":"2025-11-09T10:15:45+00:00","dateModified":"2026-04-07T07:00:20+00:00","description":"WOOPIE BABY \u017dvaig\u017ed\u017ei\u0173 projektoriaus projektoriaus naktin\u0117 lemput\u0117 vaikams Me\u0161kiukas - KidsPlay. Did\u017eiausias vaik\u0173 \u017eaisl\u0173 pasirinkimas.","breadcrumb":{"@id":"https:\/\/kidsplay.lt\/produktas\/woopie-baby-zvaigzdziu-projektoriaus-projektoriaus-naktine-lempute-vaikams-meskiukas\/#breadcrumb"},"inLanguage":"lv-LV","potentialAction":[{"@type":"ReadAction","target":["https:\/\/kidsplay.lt\/produktas\/woopie-baby-zvaigzdziu-projektoriaus-projektoriaus-naktine-lempute-vaikams-meskiukas\/"]}]},{"@type":"ImageObject","inLanguage":"lv-LV","@id":"https:\/\/kidsplay.lt\/produktas\/woopie-baby-zvaigzdziu-projektoriaus-projektoriaus-naktine-lempute-vaikams-meskiukas\/#primaryimage","url":"https:\/\/kidsplay.lt\/wp-content\/uploads\/2025\/11\/WOOPIE-BABY-Zvaigzdziu-projektoriaus-projektoriaus-naktine-lempute-vaikams-Meskiukas.jpg","contentUrl":"https:\/\/kidsplay.lt\/wp-content\/uploads\/2025\/11\/WOOPIE-BABY-Zvaigzdziu-projektoriaus-projektoriaus-naktine-lempute-vaikams-Meskiukas.jpg","width":1000,"height":1000,"caption":"WOOPIE BABY \u017dvaig\u017ed\u017ei\u0173 projektoriaus projektoriaus naktin\u0117 lemput\u0117 vaikams Me\u0161kiukas"},{"@type":"BreadcrumbList","@id":"https:\/\/kidsplay.lt\/produktas\/woopie-baby-zvaigzdziu-projektoriaus-projektoriaus-naktine-lempute-vaikams-meskiukas\/#breadcrumb","itemListElement":[{"@type":"ListItem","position":1,"name":"Pagrindinis","item":"https:\/\/kidsplay.lt\/"},{"@type":"ListItem","position":2,"name":"Parduotuv\u0117","item":"https:\/\/kidsplay.lt\/parduotuve\/"},{"@type":"ListItem","position":3,"name":"WOOPIE BABY \u017dvaig\u017ed\u017ei\u0173 projektoriaus projektoriaus naktin\u0117 lemput\u0117 vaikams Me\u0161kiukas"}]},{"@type":"WebSite","@id":"https:\/\/kidsplay.lt\/#website","url":"https:\/\/kidsplay.lt\/","name":"B\u0113rnu sp\u0113les.lv","description":"\u012evairios prek\u0117s vaikams","publisher":{"@id":"https:\/\/kidsplay.lt\/#organization"},"alternateName":"Kidsplay","potentialAction":[{"@type":"SearchAction","target":{"@type":"EntryPoint","urlTemplate":"https:\/\/kidsplay.lt\/?s={search_term_string}"},"query-input":{"@type":"PropertyValueSpecification","valueRequired":true,"valueName":"search_term_string"}}],"inLanguage":"lv-LV"},{"@type":"Organization","@id":"https:\/\/kidsplay.lt\/#organization","name":"B\u0113rnu sp\u0113le","url":"https:\/\/kidsplay.lt\/","logo":{"@type":"ImageObject","inLanguage":"lv-LV","@id":"https:\/\/kidsplay.lt\/#\/schema\/logo\/image\/","url":"https:\/\/kidsplay.lt\/wp-content\/uploads\/2023\/07\/kidsplay-logo.png","contentUrl":"https:\/\/kidsplay.lt\/wp-content\/uploads\/2023\/07\/kidsplay-logo.png","width":451,"height":98,"caption":"KidsPlay"},"image":{"@id":"https:\/\/kidsplay.lt\/#\/schema\/logo\/image\/"},"sameAs":["https:\/\/www.facebook.com\/www.kidsplay.lt"]}]}},"_links":{"self":[{"href":"https:\/\/kidsplay.lt\/lv\/wp-json\/wp\/v2\/product\/80037","targetHints":{"allow":["GET"]}}],"collection":[{"href":"https:\/\/kidsplay.lt\/lv\/wp-json\/wp\/v2\/product"}],"about":[{"href":"https:\/\/kidsplay.lt\/lv\/wp-json\/wp\/v2\/types\/product"}],"version-history":[{"count":1,"href":"https:\/\/kidsplay.lt\/lv\/wp-json\/wp\/v2\/product\/80037\/revisions"}],"predecessor-version":[{"id":80038,"href":"https:\/\/kidsplay.lt\/lv\/wp-json\/wp\/v2\/product\/80037\/revisions\/80038"}],"wp:featuredmedia":[{"embeddable":true,"href":"https:\/\/kidsplay.lt\/lv\/wp-json\/wp\/v2\/media\/80039"}],"wp:attachment":[{"href":"https:\/\/kidsplay.lt\/lv\/wp-json\/wp\/v2\/media?parent=80037"}],"wp:term":[{"taxonomy":"product_brand","embeddable":true,"href":"https:\/\/kidsplay.lt\/lv\/wp-json\/wp\/v2\/product_brand?post=80037"},{"taxonomy":"product_cat","embeddable":true,"href":"https:\/\/kidsplay.lt\/lv\/wp-json\/wp\/v2\/product_cat?post=80037"},{"taxonomy":"product_tag","embeddable":true,"href":"https:\/\/kidsplay.lt\/lv\/wp-json\/wp\/v2\/product_tag?post=80037"}],"curies":[{"name":"wp","href":"https:\/\/api.w.org\/{rel}","templated":true}]}}