{"id":80066,"date":"2025-11-10T20:34:25","date_gmt":"2025-11-10T18:34:25","guid":{"rendered":"https:\/\/kidsplay.lt\/?post_type=product&#038;p=80066"},"modified":"2025-11-10T20:34:25","modified_gmt":"2025-11-10T18:34:25","slug":"paw-patrol-stalas-kedes-vaikams","status":"publish","type":"product","link":"https:\/\/kidsplay.lt\/lv\/product\/paw-patrol-stalas-kedes-vaikams\/","title":{"rendered":"PAW PATROL STALAS-K\u0116D\u0116S VAIKAMS"},"content":{"rendered":"<div class=\"mpof_ki myre_zn myre_8v_l m389_6m_l\">\n<div class=\"mp4t_16_s mryx_16_s mr3m_1 mli2_1 mh85_56 mh85_0_l\">\n<div class=\"mgn2_16 _0d3bd_am0a-\">\n<p><b><span dir=\"auto\">LET\u0172 PATRULIS<\/span><\/b><\/p>\n<p><span dir=\"auto\">Stalas ir k\u0117d\u0117s esteti\u0161kai dekoruoti spalvingais motyvais. Pagaminti i\u0161 MDF medienos, visi stalo kra\u0161tai yra nugludinti, kad b\u016bt\u0173 u\u017etikrintas vaik\u0173 saugumas. \u0160is gaminys yra ne tik naudingas, bet ir gra\u017eiai papuo\u0161ia vaiko kambar\u012f. Jis idealiai tinka \u017eaisti ir atsipalaiduoti. Stalas taip pat turi prakti\u0161k\u0105 \u017eaisl\u0173 krep\u0161el\u012f. \u0160is gaminys yra naujas ir licencijuotas.<\/span><\/p>\n<p><span dir=\"auto\">Izm\u0113ri:<\/span><\/p>\n<p><span dir=\"auto\">Komplekt\u0101 ietilpst:<\/span><\/p>\n<p><span dir=\"auto\">Stalo matmenys: 60 x 60 x 45<\/span><\/p>\n<p><span dir=\"auto\">2 k\u0117d\u017ei\u0173 matmenys: 30 x 30 x 52,5 cm<\/span><\/p>\n<\/div>\n<\/div>\n<\/div>\n<div class=\"mpof_ki myre_zn myre_8v_l m389_6m_l\">\n<div class=\"mp4t_16_s mryx_16_s mr3m_1 mli2_1 mh85_56 mh85_0_l\">\n<div class=\"mg9e_8 mj7a_8 mg9e_0_s mvrt_0_s mj7a_0_s mh36_0_s mzmg_6m munh_16_l m3h2_16_l\">\n<div class=\"mp4t_0 mryx_0 munh_56 m3h2_56\">\n<div class=\"mp7g_oh\"><button class=\"mg9e_0 mvrt_0 mj7a_0 mh36_0 mp4t_0 m3h2_0 mryx_0 munh_0 mqen_m6 mpof_z0 mx7m_0 m7er_k4 mse2_k4 msts_pt\" data-analytics-interaction=\"true\" data-analytics-interaction-label=\"zoomable-image-open\" aria-disabled=\"true\"><img decoding=\"async\" class=\"msub_k4 mupj_5k mjru_k4 mse2_k4 mp7g_f6 mq1m_0 mj7u_0 m7er_k4 mqen_m6 m31c_d8 m0ux_fp lazyloaded\" src=\"https:\/\/a.allegroimg.com\/original\/11dd2a\/075be1d84015bdb4a5322e4756a5\/PSI-PATROL-STOL-STOLIK-KRZESLO-KRZESLA-DLA-DZIECI\" sizes=\"100vw\" srcset=\"https:\/\/a.allegroimg.com\/s360\/11dd2a\/075be1d84015bdb4a5322e4756a5\/PSI-PATROL-STOL-STOLIK-KRZESLO-KRZESLA-DLA-DZIECI 360w,https:\/\/a.allegroimg.com\/s720\/11dd2a\/075be1d84015bdb4a5322e4756a5\/PSI-PATROL-STOL-STOLIK-KRZESLO-KRZESLA-DLA-DZIECI 720w,https:\/\/a.allegroimg.com\/s1024\/11dd2a\/075be1d84015bdb4a5322e4756a5\/PSI-PATROL-STOL-STOLIK-KRZESLO-KRZESLA-DLA-DZIECI 1024w,https:\/\/a.allegroimg.com\/s1440\/11dd2a\/075be1d84015bdb4a5322e4756a5\/PSI-PATROL-STOL-STOLIK-KRZESLO-KRZESLA-DLA-DZIECI 1440w,https:\/\/a.allegroimg.com\/original\/11dd2a\/075be1d84015bdb4a5322e4756a5\/PSI-PATROL-STOL-STOLIK-KRZESLO-KRZESLA-DLA-DZIECI 1483w\" alt=\"LET\u0172 PATRULIS STALAS-K\u0116D\u0116S VAIKAMS\" width=\"1483px\" data-srcset=\"\" \/><\/button><\/div>\n<\/div>\n<\/div>\n<\/div>\n<\/div>\n<div class=\"mpof_ki myre_zn myre_8v_l m389_6m_l\">\n<div class=\"mp4t_16_s mryx_16_s mr3m_1 mli2_1 mh85_56 mh85_0_l\">\n<div class=\"mg9e_8 mj7a_8 mg9e_0_s mvrt_0_s mj7a_0_s mh36_0_s mzmg_6m munh_16_l m3h2_16_l\">\n<div class=\"mp4t_0 mryx_0 munh_56 m3h2_56\">\n<div class=\"mp7g_oh\"><button class=\"mg9e_0 mvrt_0 mj7a_0 mh36_0 mp4t_0 m3h2_0 mryx_0 munh_0 mqen_m6 mpof_z0 mx7m_0 m7er_k4 mse2_k4 msts_pt\" data-analytics-interaction=\"true\" data-analytics-interaction-label=\"zoomable-image-open\" aria-disabled=\"true\"><img decoding=\"async\" class=\"msub_k4 mupj_5k mjru_k4 mse2_k4 mp7g_f6 mq1m_0 mj7u_0 m7er_k4 mqen_m6 m31c_d8 m0ux_fp lazyloaded\" src=\"https:\/\/a.allegroimg.com\/original\/1137b2\/233f1710498eb1c7bb43de67e4ef\/PSI-PATROL-STOL-STOLIK-KRZESLO-KRZESLA-DLA-DZIECI-Marka-MPMAX\" sizes=\"100vw\" srcset=\"https:\/\/a.allegroimg.com\/s360\/1137b2\/233f1710498eb1c7bb43de67e4ef\/PSI-PATROL-STOL-STOLIK-KRZESLO-KRZESLA-DLA-DZIECI-Marka-MPMAX 360w,https:\/\/a.allegroimg.com\/s720\/1137b2\/233f1710498eb1c7bb43de67e4ef\/PSI-PATROL-STOL-STOLIK-KRZESLO-KRZESLA-DLA-DZIECI-Marka-MPMAX 720w,https:\/\/a.allegroimg.com\/s1024\/1137b2\/233f1710498eb1c7bb43de67e4ef\/PSI-PATROL-STOL-STOLIK-KRZESLO-KRZESLA-DLA-DZIECI-Marka-MPMAX 1024w,https:\/\/a.allegroimg.com\/s1440\/1137b2\/233f1710498eb1c7bb43de67e4ef\/PSI-PATROL-STOL-STOLIK-KRZESLO-KRZESLA-DLA-DZIECI-Marka-MPMAX 1440w,https:\/\/a.allegroimg.com\/original\/1137b2\/233f1710498eb1c7bb43de67e4ef\/PSI-PATROL-STOL-STOLIK-KRZESLO-KRZESLA-DLA-DZIECI-Marka-MPMAX 1500w\" alt=\"LET\u0172 PATRULIS STALAS-K\u0116D\u0116 K\u0116D\u0116S VAIKAMS Prek\u0117s \u017eenklas MPMAX\" width=\"1500px\" data-srcset=\"\" \/><\/button><\/div>\n<\/div>\n<\/div>\n<\/div>\n<\/div>\n<div class=\"mpof_ki myre_zn myre_8v_l m389_6m_l\">\n<div class=\"mp4t_16_s mryx_16_s mr3m_1 mli2_1 mh85_56 mh85_0_l\">\n<div class=\"mg9e_8 mj7a_8 mg9e_0_s mvrt_0_s mj7a_0_s mh36_0_s mzmg_6m munh_16_l m3h2_16_l\">\n<div class=\"mp4t_0 mryx_0 munh_56 m3h2_56\">\n<div class=\"mp7g_oh\"><button class=\"mg9e_0 mvrt_0 mj7a_0 mh36_0 mp4t_0 m3h2_0 mryx_0 munh_0 mqen_m6 mpof_z0 mx7m_0 m7er_k4 mse2_k4 msts_pt\" data-analytics-interaction=\"true\" data-analytics-interaction-label=\"zoomable-image-open\" aria-disabled=\"true\"><img decoding=\"async\" class=\"msub_k4 mupj_5k mjru_k4 mse2_k4 mp7g_f6 mq1m_0 mj7u_0 m7er_k4 mqen_m6 m31c_d8 m0ux_fp lazyloaded\" src=\"https:\/\/a.allegroimg.com\/original\/11914d\/982406c4485984bb18deeab23b26\/PSI-PATROL-STOL-STOLIK-KRZESLO-KRZESLA-DLA-DZIECI-EAN-GTIN-080213044022\" sizes=\"100vw\" srcset=\"https:\/\/a.allegroimg.com\/s360\/11914d\/982406c4485984bb18deeab23b26\/PSI-PATROL-STOL-STOLIK-KRZESLO-KRZESLA-DLA-DZIECI-EAN-GTIN-080213044022 360w,https:\/\/a.allegroimg.com\/s720\/11914d\/982406c4485984bb18deeab23b26\/PSI-PATROL-STOL-STOLIK-KRZESLO-KRZESLA-DLA-DZIECI-EAN-GTIN-080213044022 600w,https:\/\/a.allegroimg.com\/original\/11914d\/982406c4485984bb18deeab23b26\/PSI-PATROL-STOL-STOLIK-KRZESLO-KRZESLA-DLA-DZIECI-EAN-GTIN-080213044022 600w\" alt=\"LET\u0172 PATRULIS STALAS-K\u0116D\u0116 VAIKI\u0160KOS K\u0116D\u0116S EAN (GTIN) 080213044022\" width=\"600px\" data-srcset=\"\" \/><\/button><\/div>\n<\/div>\n<\/div>\n<\/div>\n<\/div>\n<div class=\"mpof_ki myre_zn myre_8v_l m389_6m_l\">\n<div class=\"mp4t_16_s mryx_16_s mr3m_1 mli2_1 mh85_56 mh85_0_l\">\n<div class=\"mg9e_8 mj7a_8 mg9e_0_s mvrt_0_s mj7a_0_s mh36_0_s mzmg_6m munh_16_l m3h2_16_l\">\n<div class=\"mp4t_0 mryx_0 munh_56 m3h2_56\">\n<div class=\"mp7g_oh\"><button class=\"mg9e_0 mvrt_0 mj7a_0 mh36_0 mp4t_0 m3h2_0 mryx_0 munh_0 mqen_m6 mpof_z0 mx7m_0 m7er_k4 mse2_k4 msts_pt\" data-analytics-interaction=\"true\" data-analytics-interaction-label=\"zoomable-image-open\" aria-disabled=\"true\"><img decoding=\"async\" class=\"msub_k4 mupj_5k mjru_k4 mse2_k4 mp7g_f6 mq1m_0 mj7u_0 m7er_k4 mqen_m6 m31c_d8 m0ux_fp lazyloaded\" src=\"https:\/\/a.allegroimg.com\/original\/113e98\/fce7c9454026aeac11c6ceca3bee\/PSI-PATROL-STOL-STOLIK-KRZESLO-KRZESLA-DLA-DZIECI-Kod-producenta-paw765\" sizes=\"100vw\" srcset=\"https:\/\/a.allegroimg.com\/s360\/113e98\/fce7c9454026aeac11c6ceca3bee\/PSI-PATROL-STOL-STOLIK-KRZESLO-KRZESLA-DLA-DZIECI-Kod-producenta-paw765 360w,https:\/\/a.allegroimg.com\/s720\/113e98\/fce7c9454026aeac11c6ceca3bee\/PSI-PATROL-STOL-STOLIK-KRZESLO-KRZESLA-DLA-DZIECI-Kod-producenta-paw765 600w,https:\/\/a.allegroimg.com\/original\/113e98\/fce7c9454026aeac11c6ceca3bee\/PSI-PATROL-STOL-STOLIK-KRZESLO-KRZESLA-DLA-DZIECI-Kod-producenta-paw765 600w\" alt=\"LET\u0172 PATRULIS STALAS K\u0116D\u0116 K\u0116D\u0116S VAIKAMS Gamintojo kodas paw765\" width=\"600px\" data-srcset=\"\" \/><\/button><\/div>\n<\/div>\n<\/div>\n<\/div>\n<\/div>\n<div class=\"mpof_ki myre_zn myre_8v_l m389_6m_l\">\n<div class=\"mp4t_16_s mryx_16_s mr3m_1 mli2_1 mh85_56 mh85_0_l\">\n<div class=\"mg9e_8 mj7a_8 mg9e_0_s mvrt_0_s mj7a_0_s mh36_0_s mzmg_6m munh_16_l m3h2_16_l\">\n<div class=\"mp4t_0 mryx_0 munh_56 m3h2_56\">\n<div class=\"mp7g_oh\"><button class=\"mg9e_0 mvrt_0 mj7a_0 mh36_0 mp4t_0 m3h2_0 mryx_0 munh_0 mqen_m6 mpof_z0 mx7m_0 m7er_k4 mse2_k4 msts_pt\" data-analytics-interaction=\"true\" data-analytics-interaction-label=\"zoomable-image-open\" aria-disabled=\"true\"><img decoding=\"async\" class=\"msub_k4 mupj_5k mjru_k4 mse2_k4 mp7g_f6 mq1m_0 mj7u_0 m7er_k4 mqen_m6 m31c_d8 m0ux_fp lazyloaded\" src=\"https:\/\/a.allegroimg.com\/original\/110a6e\/0a03628c4755baffd6979ea6a422\/PSI-PATROL-STOL-STOLIK-KRZESLO-KRZESLA-DLA-DZIECI-Kolekcja-paw-patrol\" sizes=\"100vw\" srcset=\"https:\/\/a.allegroimg.com\/s360\/110a6e\/0a03628c4755baffd6979ea6a422\/PSI-PATROL-STOL-STOLIK-KRZESLO-KRZESLA-DLA-DZIECI-Kolekcja-paw-patrol 360w,https:\/\/a.allegroimg.com\/s720\/110a6e\/0a03628c4755baffd6979ea6a422\/PSI-PATROL-STOL-STOLIK-KRZESLO-KRZESLA-DLA-DZIECI-Kolekcja-paw-patrol 720w,https:\/\/a.allegroimg.com\/s1024\/110a6e\/0a03628c4755baffd6979ea6a422\/PSI-PATROL-STOL-STOLIK-KRZESLO-KRZESLA-DLA-DZIECI-Kolekcja-paw-patrol 1024w,https:\/\/a.allegroimg.com\/s1440\/110a6e\/0a03628c4755baffd6979ea6a422\/PSI-PATROL-STOL-STOLIK-KRZESLO-KRZESLA-DLA-DZIECI-Kolekcja-paw-patrol 1440w,https:\/\/a.allegroimg.com\/original\/110a6e\/0a03628c4755baffd6979ea6a422\/PSI-PATROL-STOL-STOLIK-KRZESLO-KRZESLA-DLA-DZIECI-Kolekcja-paw-patrol 1600w\" alt=\"LET\u0172 PATRULIS STALAS K\u0116D\u0116S K\u0116D\u0116S VAIKAMS Let\u0173 patruli\u0173 kolekcija\" width=\"1600px\" data-srcset=\"\" \/><\/button><\/div>\n<\/div>\n<\/div>\n<\/div>\n<\/div>","protected":false},"excerpt":{"rendered":"<p>LET\u0172 PATRULIS Stalas ir k\u0117d\u0117s esteti\u0161kai dekoruoti spalvingais motyvais. Pagaminti i\u0161 MDF medienos, visi stalo kra\u0161tai yra nugludinti, kad b\u016bt\u0173<\/p>","protected":false},"featured_media":80067,"template":"","meta":{"_acf_changed":false,"_glsr_average":0,"_glsr_ranking":0,"_glsr_reviews":0},"product_brand":[],"product_cat":[314,254],"product_tag":[],"class_list":{"0":"post-80066","1":"product","2":"type-product","3":"status-publish","4":"has-post-thumbnail","6":"product_cat-staliukai-ir-kedutes","7":"product_cat-vaiko-kambarys","8":"\"style=\"background-color: #2ecc711c;\"","10":"first","11":"instock","12":"shipping-taxable","13":"purchasable","14":"product-type-simple"},"acf":[],"yoast_head":"<!-- This site is optimized with the Yoast SEO plugin v27.3 - https:\/\/yoast.com\/product\/yoast-seo-wordpress\/ -->\n<title>PAW PATROL STALAS-K\u0116D\u0116S VAIKAMS - KidsPlay<\/title>\n<meta name=\"description\" content=\"PAW PATROL STALAS-K\u0116D\u0116S VAIKAMS - KidsPlay. Did\u017eiausias vaik\u0173 \u017eaisl\u0173 pasirinkimas.\" \/>\n<meta name=\"robots\" content=\"index, follow, max-snippet:-1, max-image-preview:large, max-video-preview:-1\" \/>\n<link rel=\"canonical\" href=\"https:\/\/kidsplay.lt\/lv\/product\/paw-patrol-stalas-kedes-vaikams\/\" \/>\n<meta property=\"og:locale\" content=\"lv_LV\" \/>\n<meta property=\"og:type\" content=\"article\" \/>\n<meta property=\"og:title\" content=\"PAW PATROL STALAS-K\u0116D\u0116S VAIKAMS - KidsPlay\" \/>\n<meta property=\"og:description\" content=\"PAW PATROL STALAS-K\u0116D\u0116S VAIKAMS - KidsPlay. Did\u017eiausias vaik\u0173 \u017eaisl\u0173 pasirinkimas.\" \/>\n<meta property=\"og:url\" content=\"https:\/\/kidsplay.lt\/lv\/product\/paw-patrol-stalas-kedes-vaikams\/\" \/>\n<meta property=\"og:site_name\" content=\"KidsPlay\" \/>\n<meta property=\"article:publisher\" content=\"https:\/\/www.facebook.com\/www.kidsplay.lt\" \/>\n<meta property=\"og:image\" content=\"https:\/\/kidsplay.lt\/wp-content\/uploads\/2025\/11\/Screenshot_975.png\" \/>\n\t<meta property=\"og:image:width\" content=\"609\" \/>\n\t<meta property=\"og:image:height\" content=\"406\" \/>\n\t<meta property=\"og:image:type\" content=\"image\/png\" \/>\n<meta name=\"twitter:card\" content=\"summary_large_image\" \/>\n<meta name=\"twitter:label1\" content=\"Est. reading time\" \/>\n\t<meta name=\"twitter:data1\" content=\"2 min\u016btes\" \/>\n<script type=\"application\/ld+json\" class=\"yoast-schema-graph\">{\"@context\":\"https:\\\/\\\/schema.org\",\"@graph\":[{\"@type\":\"WebPage\",\"@id\":\"https:\\\/\\\/kidsplay.lt\\\/produktas\\\/paw-patrol-stalas-kedes-vaikams\\\/\",\"url\":\"https:\\\/\\\/kidsplay.lt\\\/produktas\\\/paw-patrol-stalas-kedes-vaikams\\\/\",\"name\":\"PAW PATROL STALAS-K\u0116D\u0116S VAIKAMS - KidsPlay\",\"isPartOf\":{\"@id\":\"https:\\\/\\\/kidsplay.lt\\\/#website\"},\"primaryImageOfPage\":{\"@id\":\"https:\\\/\\\/kidsplay.lt\\\/produktas\\\/paw-patrol-stalas-kedes-vaikams\\\/#primaryimage\"},\"image\":{\"@id\":\"https:\\\/\\\/kidsplay.lt\\\/produktas\\\/paw-patrol-stalas-kedes-vaikams\\\/#primaryimage\"},\"thumbnailUrl\":\"https:\\\/\\\/kidsplay.lt\\\/wp-content\\\/uploads\\\/2025\\\/11\\\/Screenshot_975.png\",\"datePublished\":\"2025-11-10T18:34:25+00:00\",\"description\":\"PAW PATROL STALAS-K\u0116D\u0116S VAIKAMS - KidsPlay. Did\u017eiausias vaik\u0173 \u017eaisl\u0173 pasirinkimas.\",\"breadcrumb\":{\"@id\":\"https:\\\/\\\/kidsplay.lt\\\/produktas\\\/paw-patrol-stalas-kedes-vaikams\\\/#breadcrumb\"},\"inLanguage\":\"lv-LV\",\"potentialAction\":[{\"@type\":\"ReadAction\",\"target\":[\"https:\\\/\\\/kidsplay.lt\\\/produktas\\\/paw-patrol-stalas-kedes-vaikams\\\/\"]}]},{\"@type\":\"ImageObject\",\"inLanguage\":\"lv-LV\",\"@id\":\"https:\\\/\\\/kidsplay.lt\\\/produktas\\\/paw-patrol-stalas-kedes-vaikams\\\/#primaryimage\",\"url\":\"https:\\\/\\\/kidsplay.lt\\\/wp-content\\\/uploads\\\/2025\\\/11\\\/Screenshot_975.png\",\"contentUrl\":\"https:\\\/\\\/kidsplay.lt\\\/wp-content\\\/uploads\\\/2025\\\/11\\\/Screenshot_975.png\",\"width\":609,\"height\":406},{\"@type\":\"BreadcrumbList\",\"@id\":\"https:\\\/\\\/kidsplay.lt\\\/produktas\\\/paw-patrol-stalas-kedes-vaikams\\\/#breadcrumb\",\"itemListElement\":[{\"@type\":\"ListItem\",\"position\":1,\"name\":\"Pagrindinis\",\"item\":\"https:\\\/\\\/kidsplay.lt\\\/\"},{\"@type\":\"ListItem\",\"position\":2,\"name\":\"Parduotuv\u0117\",\"item\":\"https:\\\/\\\/kidsplay.lt\\\/parduotuve\\\/\"},{\"@type\":\"ListItem\",\"position\":3,\"name\":\"PAW PATROL STALAS-K\u0116D\u0116S VAIKAMS\"}]},{\"@type\":\"WebSite\",\"@id\":\"https:\\\/\\\/kidsplay.lt\\\/#website\",\"url\":\"https:\\\/\\\/kidsplay.lt\\\/\",\"name\":\"Kidsplay.lt\",\"description\":\"\u012evairios prek\u0117s vaikams\",\"publisher\":{\"@id\":\"https:\\\/\\\/kidsplay.lt\\\/#organization\"},\"alternateName\":\"Kidsplay\",\"potentialAction\":[{\"@type\":\"SearchAction\",\"target\":{\"@type\":\"EntryPoint\",\"urlTemplate\":\"https:\\\/\\\/kidsplay.lt\\\/?s={search_term_string}\"},\"query-input\":{\"@type\":\"PropertyValueSpecification\",\"valueRequired\":true,\"valueName\":\"search_term_string\"}}],\"inLanguage\":\"lv-LV\"},{\"@type\":\"Organization\",\"@id\":\"https:\\\/\\\/kidsplay.lt\\\/#organization\",\"name\":\"KidsPlay\",\"url\":\"https:\\\/\\\/kidsplay.lt\\\/\",\"logo\":{\"@type\":\"ImageObject\",\"inLanguage\":\"lv-LV\",\"@id\":\"https:\\\/\\\/kidsplay.lt\\\/#\\\/schema\\\/logo\\\/image\\\/\",\"url\":\"https:\\\/\\\/kidsplay.lt\\\/wp-content\\\/uploads\\\/2023\\\/07\\\/kidsplay-logo.png\",\"contentUrl\":\"https:\\\/\\\/kidsplay.lt\\\/wp-content\\\/uploads\\\/2023\\\/07\\\/kidsplay-logo.png\",\"width\":451,\"height\":98,\"caption\":\"KidsPlay\"},\"image\":{\"@id\":\"https:\\\/\\\/kidsplay.lt\\\/#\\\/schema\\\/logo\\\/image\\\/\"},\"sameAs\":[\"https:\\\/\\\/www.facebook.com\\\/www.kidsplay.lt\"]}]}<\/script>\n<!-- \/ Yoast SEO plugin. -->","yoast_head_json":{"title":"PAW PATROL STALAS-K\u0116D\u0116S VAIKAMS - KidsPlay","description":"PAW PATROL STALAS-K\u0116D\u0116S VAIKAMS - KidsPlay. Did\u017eiausias vaik\u0173 \u017eaisl\u0173 pasirinkimas.","robots":{"index":"index","follow":"follow","max-snippet":"max-snippet:-1","max-image-preview":"max-image-preview:large","max-video-preview":"max-video-preview:-1"},"canonical":"https:\/\/kidsplay.lt\/lv\/product\/paw-patrol-stalas-kedes-vaikams\/","og_locale":"lv_LV","og_type":"article","og_title":"PAW PATROL STALAS-K\u0116D\u0116S VAIKAMS - KidsPlay","og_description":"PAW PATROL STALAS-K\u0116D\u0116S VAIKAMS - KidsPlay. Did\u017eiausias vaik\u0173 \u017eaisl\u0173 pasirinkimas.","og_url":"https:\/\/kidsplay.lt\/lv\/product\/paw-patrol-stalas-kedes-vaikams\/","og_site_name":"KidsPlay","article_publisher":"https:\/\/www.facebook.com\/www.kidsplay.lt","og_image":[{"width":609,"height":406,"url":"https:\/\/kidsplay.lt\/wp-content\/uploads\/2025\/11\/Screenshot_975.png","type":"image\/png"}],"twitter_card":"summary_large_image","twitter_misc":{"Est. reading time":"2 min\u016btes"},"schema":{"@context":"https:\/\/schema.org","@graph":[{"@type":"WebPage","@id":"https:\/\/kidsplay.lt\/produktas\/paw-patrol-stalas-kedes-vaikams\/","url":"https:\/\/kidsplay.lt\/produktas\/paw-patrol-stalas-kedes-vaikams\/","name":"PAW PATROL STALAS-K\u0116D\u0116S VAIKAMS - KidsPlay","isPartOf":{"@id":"https:\/\/kidsplay.lt\/#website"},"primaryImageOfPage":{"@id":"https:\/\/kidsplay.lt\/produktas\/paw-patrol-stalas-kedes-vaikams\/#primaryimage"},"image":{"@id":"https:\/\/kidsplay.lt\/produktas\/paw-patrol-stalas-kedes-vaikams\/#primaryimage"},"thumbnailUrl":"https:\/\/kidsplay.lt\/wp-content\/uploads\/2025\/11\/Screenshot_975.png","datePublished":"2025-11-10T18:34:25+00:00","description":"PAW PATROL STALAS-K\u0116D\u0116S VAIKAMS - KidsPlay. Did\u017eiausias vaik\u0173 \u017eaisl\u0173 pasirinkimas.","breadcrumb":{"@id":"https:\/\/kidsplay.lt\/produktas\/paw-patrol-stalas-kedes-vaikams\/#breadcrumb"},"inLanguage":"lv-LV","potentialAction":[{"@type":"ReadAction","target":["https:\/\/kidsplay.lt\/produktas\/paw-patrol-stalas-kedes-vaikams\/"]}]},{"@type":"ImageObject","inLanguage":"lv-LV","@id":"https:\/\/kidsplay.lt\/produktas\/paw-patrol-stalas-kedes-vaikams\/#primaryimage","url":"https:\/\/kidsplay.lt\/wp-content\/uploads\/2025\/11\/Screenshot_975.png","contentUrl":"https:\/\/kidsplay.lt\/wp-content\/uploads\/2025\/11\/Screenshot_975.png","width":609,"height":406},{"@type":"BreadcrumbList","@id":"https:\/\/kidsplay.lt\/produktas\/paw-patrol-stalas-kedes-vaikams\/#breadcrumb","itemListElement":[{"@type":"ListItem","position":1,"name":"Pagrindinis","item":"https:\/\/kidsplay.lt\/"},{"@type":"ListItem","position":2,"name":"Parduotuv\u0117","item":"https:\/\/kidsplay.lt\/parduotuve\/"},{"@type":"ListItem","position":3,"name":"PAW PATROL STALAS-K\u0116D\u0116S VAIKAMS"}]},{"@type":"WebSite","@id":"https:\/\/kidsplay.lt\/#website","url":"https:\/\/kidsplay.lt\/","name":"B\u0113rnu sp\u0113les.lv","description":"\u012evairios prek\u0117s vaikams","publisher":{"@id":"https:\/\/kidsplay.lt\/#organization"},"alternateName":"Kidsplay","potentialAction":[{"@type":"SearchAction","target":{"@type":"EntryPoint","urlTemplate":"https:\/\/kidsplay.lt\/?s={search_term_string}"},"query-input":{"@type":"PropertyValueSpecification","valueRequired":true,"valueName":"search_term_string"}}],"inLanguage":"lv-LV"},{"@type":"Organization","@id":"https:\/\/kidsplay.lt\/#organization","name":"B\u0113rnu sp\u0113le","url":"https:\/\/kidsplay.lt\/","logo":{"@type":"ImageObject","inLanguage":"lv-LV","@id":"https:\/\/kidsplay.lt\/#\/schema\/logo\/image\/","url":"https:\/\/kidsplay.lt\/wp-content\/uploads\/2023\/07\/kidsplay-logo.png","contentUrl":"https:\/\/kidsplay.lt\/wp-content\/uploads\/2023\/07\/kidsplay-logo.png","width":451,"height":98,"caption":"KidsPlay"},"image":{"@id":"https:\/\/kidsplay.lt\/#\/schema\/logo\/image\/"},"sameAs":["https:\/\/www.facebook.com\/www.kidsplay.lt"]}]}},"_links":{"self":[{"href":"https:\/\/kidsplay.lt\/lv\/wp-json\/wp\/v2\/product\/80066","targetHints":{"allow":["GET"]}}],"collection":[{"href":"https:\/\/kidsplay.lt\/lv\/wp-json\/wp\/v2\/product"}],"about":[{"href":"https:\/\/kidsplay.lt\/lv\/wp-json\/wp\/v2\/types\/product"}],"version-history":[{"count":1,"href":"https:\/\/kidsplay.lt\/lv\/wp-json\/wp\/v2\/product\/80066\/revisions"}],"predecessor-version":[{"id":80070,"href":"https:\/\/kidsplay.lt\/lv\/wp-json\/wp\/v2\/product\/80066\/revisions\/80070"}],"wp:featuredmedia":[{"embeddable":true,"href":"https:\/\/kidsplay.lt\/lv\/wp-json\/wp\/v2\/media\/80067"}],"wp:attachment":[{"href":"https:\/\/kidsplay.lt\/lv\/wp-json\/wp\/v2\/media?parent=80066"}],"wp:term":[{"taxonomy":"product_brand","embeddable":true,"href":"https:\/\/kidsplay.lt\/lv\/wp-json\/wp\/v2\/product_brand?post=80066"},{"taxonomy":"product_cat","embeddable":true,"href":"https:\/\/kidsplay.lt\/lv\/wp-json\/wp\/v2\/product_cat?post=80066"},{"taxonomy":"product_tag","embeddable":true,"href":"https:\/\/kidsplay.lt\/lv\/wp-json\/wp\/v2\/product_tag?post=80066"}],"curies":[{"name":"wp","href":"https:\/\/api.w.org\/{rel}","templated":true}]}}