{"id":80118,"date":"2025-11-12T10:37:31","date_gmt":"2025-11-12T08:37:31","guid":{"rendered":"https:\/\/kidsplay.lt\/?post_type=product&#038;p=80118"},"modified":"2026-02-25T15:48:10","modified_gmt":"2026-02-25T13:48:10","slug":"reima-zieminis-kombinezonas-lappi","status":"publish","type":"product","link":"https:\/\/kidsplay.lt\/lv\/products\/reima-zieminis-kombinezonas-lappi\/","title":{"rendered":"Reima ziemas kombinezons, Lappi"},"content":{"rendered":"<div class=\"mpof_ki myre_zn myre_8v_l m389_6m_l\">\n<div class=\"mp4t_16_s mryx_16_s mr3m_1 mli2_1 mh85_56 mh85_0_l\">\n<div class=\"mgn2_16 _0d3bd_am0a-\">\n<h1><span dir=\"auto\">Reimatec \u017eieminis kombinezonas, Lappi, ro\u017einis<\/span><\/h1>\n<\/div>\n<\/div>\n<\/div>\n<div class=\"mpof_ki myre_zn myre_8v_l m389_6m_l\">\n<div class=\"mp4t_16_s mryx_16_s mr3m_1 mli2_1 mh85_56 mh85_0_l\">\n<div class=\"mg9e_8 mj7a_8 mg9e_0_s mvrt_0_s mj7a_0_s mh36_0_s mzmg_6m munh_16_l m3h2_16_l\">\n<div class=\"mp4t_0 mryx_0 munh_56 m3h2_56\">\n<div class=\"mp7g_oh\"><button class=\"mg9e_0 mvrt_0 mj7a_0 mh36_0 mp4t_0 m3h2_0 mryx_0 munh_0 mqen_m6 mpof_z0 mx7m_0 m7er_k4 mse2_k4 msts_pt\" data-analytics-interaction=\"true\" data-analytics-interaction-label=\"zoomable-image-open\" aria-disabled=\"true\"><img decoding=\"async\" class=\"msub_k4 mupj_5k mjru_k4 mse2_k4 mp7g_f6 mq1m_0 mj7u_0 m7er_k4 mqen_m6 m31c_d8 m0ux_fp lazyloaded\" src=\"https:\/\/a.allegroimg.com\/original\/11e324\/6b2f3fe14581a983a41f795524f8\/Kombinezon-reima-zimowy-Reimatec-Lappi-Rozowy\" sizes=\"(min-width: 1200px) 560px, (min-width: 992px) 50vw, 100vw\" srcset=\"https:\/\/a.allegroimg.com\/s360\/11e324\/6b2f3fe14581a983a41f795524f8\/Kombinezon-reima-zimowy-Reimatec-Lappi-Rozowy 233w,https:\/\/a.allegroimg.com\/s720\/11e324\/6b2f3fe14581a983a41f795524f8\/Kombinezon-reima-zimowy-Reimatec-Lappi-Rozowy 466w,https:\/\/a.allegroimg.com\/s1024\/11e324\/6b2f3fe14581a983a41f795524f8\/Kombinezon-reima-zimowy-Reimatec-Lappi-Rozowy 486w,https:\/\/a.allegroimg.com\/original\/11e324\/6b2f3fe14581a983a41f795524f8\/Kombinezon-reima-zimowy-Reimatec-Lappi-Rozowy 486w\" alt=\"Kombinezon reima zimowy Reimatec, Lappi, R\u00f3\u017cowy\" width=\"486px\" data-srcset=\"\" \/><\/button><\/div>\n<\/div>\n<\/div>\n<\/div>\n<div class=\"mp4t_16_s mryx_16_s mr3m_1 mli2_1 mh85_56 mh85_0_l\">\n<div class=\"mgn2_16 _0d3bd_am0a-\">\n<p><span dir=\"auto\">Reimatec \u017eieminis kombinezonas, Lappi, ro\u017einis<\/span><\/p>\n<p><span dir=\"auto\">Reima modelis: 5100129A-4703, spalva: ro\u017ein\u0117<\/span><\/p>\n<p><span dir=\"auto\">\u0160is \u201eReimatec Lappi\u201c \u017eieminis kombinezonas vaikams \u2013 test\u0173 nugal\u0117tojas! Ne\u0161ali\u0161ka \u201eBest-in-Test\u201c ir \u201ePricerunner\u201c komisija Norvegijoje ir Danijoje i\u0161rinko \u201eReimatec Lappi\u201c geriausiu 2021 met\u0173 \u017eieminiu kombinezonu ma\u017eyliams. \u0160is lengvai pri\u017ei\u016brimas, klasikinis \u017eieminis kombinezonas ma\u017eyliams puikiai tinka visokiems \u017eiemos malonumams. \u0160is vandeniui atsparus \u017eieminis kombinezonas pagamintas i\u0161 kv\u0117puojan\u010dios, v\u0117jui nelaid\u017eios med\u017eiagos, kuri atstumia vanden\u012f ir ne\u0161varumus. Visos si\u016bl\u0117s yra suvirintos, nepraleid\u017eian\u010dios vandens. Kombinezonas taip pat turi izoliuot\u0105 s\u0117dyn\u0119, tod\u0117l j\u016bs\u0173 ma\u017eylis bus \u0161iltas ir sausas \u017eiemos pramog\u0173 metu. Lygus poliesterio pamu\u0161alas leid\u017eia lengvai apsivilkti ir u\u017esid\u0117ti \u0161ilt\u0105 vidurin\u012f sluoksn\u012f. D\u0117l prakti\u0161kos \u201ePlay Layers\u201c spaud\u017ei\u0173 sistemos prie kombinezono galima pritvirtinti daugel\u012f \u201eReima\u201c vidurini\u0173 sluoksni\u0173. Nuimamas ir reguliuojamas gobtuvas suteikia saugumo \u017eaid\u017eiant lauke. D\u0117l spaud\u017ei\u0173 u\u017esegimo gobtuvas lengvai nusiima, jei u\u017e ko nors u\u017ekli\u016bva. Patvarios silikonin\u0117s p\u0117d\u0173 kilpos laiko koj\u0173 galus vietoje, apsaugodamos ma\u017eas kulk\u0161nis nuo dr\u0117gm\u0117s ir \u0161al\u010dio. \u0160is \u017eieminis sniego kostiumas puikiai tinka tiek \u017eaidimams sniege, tiek pasivaik\u0161\u010diojimams. J\u012f galima d\u017eiovinti d\u017eiovykl\u0117je.<\/span><\/p>\n<ul>\n<li><span dir=\"auto\">Gera \u0161ilumos izoliacija: 160<\/span><\/li>\n<li><span dir=\"auto\">Med\u017eiaga: 100 % poliamidas, u\u017evalkalas: 100 % poliuretanas<\/span><\/li>\n<li><span dir=\"auto\">Visos si\u016bl\u0117s klijuotos, nepraleid\u017eia vandens<\/span><\/li>\n<li><span dir=\"auto\">Patvari med\u017eiaga<\/span><\/li>\n<li><span dir=\"auto\">BIONIC-FINISH\u00ae ECO apdaila yra be fluorokarbonini\u0173 med\u017eiag\u0173, atspari vandeniui ir ne\u0161varumams<\/span><\/li>\n<li><span dir=\"auto\">Izoliacija ant s\u0117dmen\u0173<\/span><\/li>\n<li><span dir=\"auto\">Galima pritvirtinti prie \u201eReima\u00ae\u201c apatini\u0173 drabu\u017ei\u0173 naudojant \u201ePlay Layers\u201c spaudes<\/span><\/li>\n<li><span dir=\"auto\">Saugus, nuimamas gobtuvas su nuimamu dirbtiniu kailiu<\/span><\/li>\n<li><span dir=\"auto\">Elastingi rankogaliai ant rankovi\u0173 ir koj\u0173<\/span><\/li>\n<li><span dir=\"auto\">Vidinis juosmens reguliavimas<\/span><\/li>\n<li><span dir=\"auto\">Nuimami, patvar\u016bs silikoniniai p\u0117d\u0173 dir\u017eeliai<\/span><\/li>\n<li><span dir=\"auto\">Ilgas u\u017etrauktukas palengvina apsivilkim\u0105<\/span><\/li>\n<li><span dir=\"auto\">U\u017etrauktuko ki\u0161en\u0117<\/span><\/li>\n<\/ul>\n<p><span dir=\"auto\">Prie\u017ei\u016bra: Skalbti atskirai i\u0161virk\u0161\u010di\u0105ja puse \u012f i\u0161or\u0119. Skalbiant i\u0161imkite kail\u012f. U\u017esekite visus u\u017etrauktukus ir lipdukus. Naudokite skalbimo priemones be baliklio. Nenaudokite audini\u0173 mink\u0161tikli\u0173. Po skalbimo ciklo i\u0161imkite i\u0161 skalbimo ma\u0161inos, kad i\u0161vengtum\u0117te spalvos pakitim\u0173. Tinka d\u017eiovyklei arba spintel\u0117je (iki 40 \u00b0C).<\/span><\/p>\n<\/div>\n<\/div>\n<\/div>\n<div class=\"mpof_ki myre_zn myre_8v_l m389_6m_l\">\n<div class=\"mp4t_16_s mryx_16_s mr3m_1 mli2_1 mh85_56 mh85_0_l\">\n<div class=\"mgn2_16 _0d3bd_am0a-\">\n<ul>\n<li><b><span dir=\"auto\">Kr\u0101sa:<\/span><\/b><span dir=\"auto\">\u00a0Ro\u017ein\u0117<\/span><\/li>\n<li><b><span dir=\"auto\">Lytis:<\/span><\/b><span dir=\"auto\">\u00a0unisex<\/span><\/li>\n<li><b><span dir=\"auto\">Membranos tipas:<\/span><\/b><span dir=\"auto\">\u00a0ReimaTec<\/span><\/li>\n<li><b><span dir=\"auto\">Atsparumas vandeniui:<\/span><\/b><span dir=\"auto\">\u00a0vandens stulpelis &gt; 10 000 mm<\/span><\/li>\n<li><b><span dir=\"auto\">Kv\u0117pavimas:<\/span><\/b><span dir=\"auto\">\u00a0min. 7000 g\/m\u00b2\/24 val.<\/span><\/li>\n<li><b><span dir=\"auto\">Atsparumas dilimui:<\/span><\/b><span dir=\"auto\">\u00a0Patvarus &gt; 30 000<\/span><\/li>\n<li><b><span dir=\"auto\">Temperat\u016bros diapazonas:<\/span><\/b><span dir=\"auto\">\u00a0nuo 0 iki -20 \u00b0C<\/span><\/li>\n<li><b><span dir=\"auto\">\u0160ilumin\u0117 izoliacija:<\/span><\/b><span dir=\"auto\">\u00a0gera \u0161ilumos izoliacija<\/span><\/li>\n<\/ul>\n<h2><span dir=\"auto\">86 dydis<\/span><\/h2>\n<ul>\n<li><b><span dir=\"auto\">Ma\u017eylis:<\/span><\/b><span dir=\"auto\">\u00a018 m\u0117nesi\u0173<\/span><\/li>\n<li><b><span dir=\"auto\">Kr\u016btin\u0117s apimtis (B):<\/span><\/b><span dir=\"auto\">\u00a052<\/span><\/li>\n<li><b><span dir=\"auto\">Liemens apimtis (C):<\/span><\/b><span dir=\"auto\">\u00a052<\/span><\/li>\n<li><b><span dir=\"auto\">Klub\u0173 apimtis (D):<\/span><\/b><span dir=\"auto\">\u00a057<\/span><\/li>\n<li><b><span dir=\"auto\">Rankov\u0117s ilgis per pe\u010dius (E):<\/span><\/b><span dir=\"auto\">\u00a038,1<\/span><\/li>\n<li><b><span dir=\"auto\">Ilgis i\u0161ilgai vidin\u0117s si\u016bl\u0117s (F):<\/span><\/b><span dir=\"auto\">\u00a033,5<\/span><\/li>\n<li><b><span dir=\"auto\">Bendras kelni\u0173 ilgis iki juosmens:<\/span><\/b><span dir=\"auto\"> 52\u00a0<\/span><\/li>\n<\/ul>\n<h2><span dir=\"auto\">92 dydis<\/span><\/h2>\n<ul>\n<li><b><span dir=\"auto\">Ma\u017eylis:<\/span><\/b><span dir=\"auto\">\u00a02 metai<\/span><\/li>\n<li><b><span dir=\"auto\">Kr\u016btin\u0117s apimtis (B):<\/span><\/b><span dir=\"auto\">\u00a054<\/span><\/li>\n<li><b><span dir=\"auto\">Liemens apimtis (C):<\/span><\/b><span dir=\"auto\">\u00a053<\/span><\/li>\n<li><b><span dir=\"auto\">Klub\u0173 apimtis (D):<\/span><\/b><span dir=\"auto\">\u00a058<\/span><\/li>\n<li><b><span dir=\"auto\">Rankov\u0117s ilgis per pe\u010dius (E):<\/span><\/b><span dir=\"auto\">\u00a040,6<\/span><\/li>\n<li><b><span dir=\"auto\">Ilgis i\u0161ilgai vidin\u0117s si\u016bl\u0117s (F):<\/span><\/b><span dir=\"auto\">\u00a037,0<\/span><\/li>\n<li><b><span dir=\"auto\">Bendras kelni\u0173 ilgis iki juosmens:<\/span><\/b><span dir=\"auto\"> 56\u00a0<\/span><\/li>\n<\/ul>\n<h2><span dir=\"auto\">98 dydis<\/span><\/h2>\n<ul>\n<li><b><span dir=\"auto\">Ma\u017eylis:<\/span><\/b><span dir=\"auto\">\u00a03 metai<\/span><\/li>\n<li><b><span dir=\"auto\">Kr\u016btin\u0117s apimtis (B):<\/span><\/b><span dir=\"auto\">\u00a056<\/span><\/li>\n<li><b><span dir=\"auto\">Liemens apimtis (C):<\/span><\/b><span dir=\"auto\">\u00a054<\/span><\/li>\n<li><b><span dir=\"auto\">Klub\u0173 apimtis (D):<\/span><\/b><span dir=\"auto\">\u00a060<\/span><\/li>\n<li><b><span dir=\"auto\">Rankov\u0117s ilgis per pe\u010dius (E):<\/span><\/b><span dir=\"auto\">\u00a043,1<\/span><\/li>\n<li><b><span dir=\"auto\">Ilgis i\u0161ilgai vidin\u0117s si\u016bl\u0117s (F):<\/span><\/b><span dir=\"auto\">\u00a042,5<\/span><\/li>\n<li><b><span dir=\"auto\">Bendras kelni\u0173 ilgis iki juosmens:<\/span><\/b><span dir=\"auto\">\u00a060<\/span><\/li>\n<\/ul>\n<\/div>\n<\/div>\n<div class=\"mp4t_16_s mryx_16_s mr3m_1 mli2_1 mh85_56 mh85_0_l\">\n<div class=\"mg9e_8 mj7a_8 mg9e_0_s mvrt_0_s mj7a_0_s mh36_0_s mzmg_6m munh_16_l m3h2_16_l\">\n<div class=\"mp4t_0 mryx_0 munh_56 m3h2_56\">\n<div class=\"mp7g_oh\"><button class=\"mg9e_0 mvrt_0 mj7a_0 mh36_0 mp4t_0 m3h2_0 mryx_0 munh_0 mqen_m6 mpof_z0 mx7m_0 m7er_k4 mse2_k4 msts_pt\" data-analytics-interaction=\"true\" data-analytics-interaction-label=\"zoomable-image-open\" aria-disabled=\"true\"><img decoding=\"async\" class=\"msub_k4 mupj_5k mjru_k4 mse2_k4 mp7g_f6 mq1m_0 mj7u_0 m7er_k4 mqen_m6 m31c_d8 m0ux_fp lazyloaded\" src=\"https:\/\/a.allegroimg.com\/original\/11a0a5\/73bb1513478c84fa858d1628680d\/Kombinezon-reima-zimowy-Reimatec-Lappi-Rozowy-Marka-Reima\" sizes=\"(min-width: 1200px) 560px, (min-width: 992px) 50vw, 100vw\" srcset=\"https:\/\/a.allegroimg.com\/s360\/11a0a5\/73bb1513478c84fa858d1628680d\/Kombinezon-reima-zimowy-Reimatec-Lappi-Rozowy-Marka-Reima 250w,https:\/\/a.allegroimg.com\/s720\/11a0a5\/73bb1513478c84fa858d1628680d\/Kombinezon-reima-zimowy-Reimatec-Lappi-Rozowy-Marka-Reima 500w,https:\/\/a.allegroimg.com\/s1024\/11a0a5\/73bb1513478c84fa858d1628680d\/Kombinezon-reima-zimowy-Reimatec-Lappi-Rozowy-Marka-Reima 521w,https:\/\/a.allegroimg.com\/original\/11a0a5\/73bb1513478c84fa858d1628680d\/Kombinezon-reima-zimowy-Reimatec-Lappi-Rozowy-Marka-Reima 521w\" alt=\"Kombinezon reima zimowy Reimatec, Lappi, R\u00f3\u017cowy Marka Reima\" width=\"521px\" data-srcset=\"\" \/><\/button><\/div>\n<\/div>\n<\/div>\n<\/div>\n<\/div>","protected":false},"excerpt":{"rendered":"<p>Reimatec \u017eieminis kombinezonas, Lappi, ro\u017einis Reimatec \u017eieminis kombinezonas, Lappi, ro\u017einis Reima modelis: 5100129A-4703, spalva: ro\u017ein\u0117 \u0160is \u201eReimatec Lappi\u201c \u017eieminis kombinezonas<\/p>","protected":false},"featured_media":80120,"template":"","meta":{"_acf_changed":false,"_glsr_average":0,"_glsr_ranking":0,"_glsr_reviews":0},"product_brand":[],"product_cat":[676],"product_tag":[],"class_list":{"0":"post-80118","1":"product","2":"type-product","3":"status-publish","4":"has-post-thumbnail","6":"product_cat-kombinezonai","7":"\"style=\"background-color: #2ecc711c;\"","9":"first","10":"instock","11":"shipping-taxable","12":"purchasable","13":"product-type-variable"},"acf":[],"yoast_head":"<!-- This site is optimized with the Yoast SEO plugin v27.3 - https:\/\/yoast.com\/product\/yoast-seo-wordpress\/ -->\n<title>Reima \u017eieminis kombinezonas, Lappi - KidsPlay<\/title>\n<meta name=\"description\" content=\"Reima \u017eieminis kombinezonas, Lappi 74 dydis - KidsPlay. Did\u017eiausias vaik\u0173 \u017eaisl\u0173 pasirinkimas.\" \/>\n<meta name=\"robots\" content=\"index, follow, max-snippet:-1, max-image-preview:large, max-video-preview:-1\" \/>\n<link rel=\"canonical\" href=\"https:\/\/kidsplay.lt\/lv\/products\/reima-zieminis-kombinezonas-lappi\/\" \/>\n<meta property=\"og:locale\" content=\"lv_LV\" \/>\n<meta property=\"og:type\" content=\"article\" \/>\n<meta property=\"og:title\" content=\"Reima \u017eieminis kombinezonas, Lappi - KidsPlay\" \/>\n<meta property=\"og:description\" content=\"Reima \u017eieminis kombinezonas, Lappi 74 dydis - KidsPlay. Did\u017eiausias vaik\u0173 \u017eaisl\u0173 pasirinkimas.\" \/>\n<meta property=\"og:url\" content=\"https:\/\/kidsplay.lt\/lv\/products\/reima-zieminis-kombinezonas-lappi\/\" \/>\n<meta property=\"og:site_name\" content=\"KidsPlay\" \/>\n<meta property=\"article:publisher\" content=\"https:\/\/www.facebook.com\/www.kidsplay.lt\" \/>\n<meta property=\"article:modified_time\" content=\"2026-02-25T13:48:10+00:00\" \/>\n<meta property=\"og:image\" content=\"https:\/\/kidsplay.lt\/wp-content\/uploads\/2025\/11\/Screenshot_1007.png\" \/>\n\t<meta property=\"og:image:width\" content=\"315\" \/>\n\t<meta property=\"og:image:height\" content=\"494\" \/>\n\t<meta property=\"og:image:type\" content=\"image\/png\" \/>\n<meta name=\"twitter:card\" content=\"summary_large_image\" \/>\n<meta name=\"twitter:label1\" content=\"Est. reading time\" \/>\n\t<meta name=\"twitter:data1\" content=\"3 min\u016btes\" \/>\n<script type=\"application\/ld+json\" class=\"yoast-schema-graph\">{\"@context\":\"https:\\\/\\\/schema.org\",\"@graph\":[{\"@type\":\"WebPage\",\"@id\":\"https:\\\/\\\/kidsplay.lt\\\/produktas\\\/reima-zieminis-kombinezonas-lappi\\\/\",\"url\":\"https:\\\/\\\/kidsplay.lt\\\/produktas\\\/reima-zieminis-kombinezonas-lappi\\\/\",\"name\":\"Reima \u017eieminis kombinezonas, Lappi - KidsPlay\",\"isPartOf\":{\"@id\":\"https:\\\/\\\/kidsplay.lt\\\/#website\"},\"primaryImageOfPage\":{\"@id\":\"https:\\\/\\\/kidsplay.lt\\\/produktas\\\/reima-zieminis-kombinezonas-lappi\\\/#primaryimage\"},\"image\":{\"@id\":\"https:\\\/\\\/kidsplay.lt\\\/produktas\\\/reima-zieminis-kombinezonas-lappi\\\/#primaryimage\"},\"thumbnailUrl\":\"https:\\\/\\\/kidsplay.lt\\\/wp-content\\\/uploads\\\/2025\\\/11\\\/Screenshot_1007.png\",\"datePublished\":\"2025-11-12T08:37:31+00:00\",\"dateModified\":\"2026-02-25T13:48:10+00:00\",\"description\":\"Reima \u017eieminis kombinezonas, Lappi 74 dydis - KidsPlay. Did\u017eiausias vaik\u0173 \u017eaisl\u0173 pasirinkimas.\",\"breadcrumb\":{\"@id\":\"https:\\\/\\\/kidsplay.lt\\\/produktas\\\/reima-zieminis-kombinezonas-lappi\\\/#breadcrumb\"},\"inLanguage\":\"lv-LV\",\"potentialAction\":[{\"@type\":\"ReadAction\",\"target\":[\"https:\\\/\\\/kidsplay.lt\\\/produktas\\\/reima-zieminis-kombinezonas-lappi\\\/\"]}]},{\"@type\":\"ImageObject\",\"inLanguage\":\"lv-LV\",\"@id\":\"https:\\\/\\\/kidsplay.lt\\\/produktas\\\/reima-zieminis-kombinezonas-lappi\\\/#primaryimage\",\"url\":\"https:\\\/\\\/kidsplay.lt\\\/wp-content\\\/uploads\\\/2025\\\/11\\\/Screenshot_1007.png\",\"contentUrl\":\"https:\\\/\\\/kidsplay.lt\\\/wp-content\\\/uploads\\\/2025\\\/11\\\/Screenshot_1007.png\",\"width\":315,\"height\":494},{\"@type\":\"BreadcrumbList\",\"@id\":\"https:\\\/\\\/kidsplay.lt\\\/produktas\\\/reima-zieminis-kombinezonas-lappi\\\/#breadcrumb\",\"itemListElement\":[{\"@type\":\"ListItem\",\"position\":1,\"name\":\"Pagrindinis\",\"item\":\"https:\\\/\\\/kidsplay.lt\\\/\"},{\"@type\":\"ListItem\",\"position\":2,\"name\":\"Parduotuv\u0117\",\"item\":\"https:\\\/\\\/kidsplay.lt\\\/parduotuve\\\/\"},{\"@type\":\"ListItem\",\"position\":3,\"name\":\"Reima \u017eieminis kombinezonas, Lappi\"}]},{\"@type\":\"WebSite\",\"@id\":\"https:\\\/\\\/kidsplay.lt\\\/#website\",\"url\":\"https:\\\/\\\/kidsplay.lt\\\/\",\"name\":\"Kidsplay.lt\",\"description\":\"\u012evairios prek\u0117s vaikams\",\"publisher\":{\"@id\":\"https:\\\/\\\/kidsplay.lt\\\/#organization\"},\"alternateName\":\"Kidsplay\",\"potentialAction\":[{\"@type\":\"SearchAction\",\"target\":{\"@type\":\"EntryPoint\",\"urlTemplate\":\"https:\\\/\\\/kidsplay.lt\\\/?s={search_term_string}\"},\"query-input\":{\"@type\":\"PropertyValueSpecification\",\"valueRequired\":true,\"valueName\":\"search_term_string\"}}],\"inLanguage\":\"lv-LV\"},{\"@type\":\"Organization\",\"@id\":\"https:\\\/\\\/kidsplay.lt\\\/#organization\",\"name\":\"KidsPlay\",\"url\":\"https:\\\/\\\/kidsplay.lt\\\/\",\"logo\":{\"@type\":\"ImageObject\",\"inLanguage\":\"lv-LV\",\"@id\":\"https:\\\/\\\/kidsplay.lt\\\/#\\\/schema\\\/logo\\\/image\\\/\",\"url\":\"https:\\\/\\\/kidsplay.lt\\\/wp-content\\\/uploads\\\/2023\\\/07\\\/kidsplay-logo.png\",\"contentUrl\":\"https:\\\/\\\/kidsplay.lt\\\/wp-content\\\/uploads\\\/2023\\\/07\\\/kidsplay-logo.png\",\"width\":451,\"height\":98,\"caption\":\"KidsPlay\"},\"image\":{\"@id\":\"https:\\\/\\\/kidsplay.lt\\\/#\\\/schema\\\/logo\\\/image\\\/\"},\"sameAs\":[\"https:\\\/\\\/www.facebook.com\\\/www.kidsplay.lt\"]}]}<\/script>\n<!-- \/ Yoast SEO plugin. -->","yoast_head_json":{"title":"Reima \u017eieminis kombinezonas, Lappi - KidsPlay","description":"Reima \u017eieminis kombinezonas, Lappi 74 dydis - KidsPlay. Did\u017eiausias vaik\u0173 \u017eaisl\u0173 pasirinkimas.","robots":{"index":"index","follow":"follow","max-snippet":"max-snippet:-1","max-image-preview":"max-image-preview:large","max-video-preview":"max-video-preview:-1"},"canonical":"https:\/\/kidsplay.lt\/lv\/products\/reima-zieminis-kombinezonas-lappi\/","og_locale":"lv_LV","og_type":"article","og_title":"Reima \u017eieminis kombinezonas, Lappi - KidsPlay","og_description":"Reima \u017eieminis kombinezonas, Lappi 74 dydis - KidsPlay. Did\u017eiausias vaik\u0173 \u017eaisl\u0173 pasirinkimas.","og_url":"https:\/\/kidsplay.lt\/lv\/products\/reima-zieminis-kombinezonas-lappi\/","og_site_name":"KidsPlay","article_publisher":"https:\/\/www.facebook.com\/www.kidsplay.lt","article_modified_time":"2026-02-25T13:48:10+00:00","og_image":[{"width":315,"height":494,"url":"https:\/\/kidsplay.lt\/wp-content\/uploads\/2025\/11\/Screenshot_1007.png","type":"image\/png"}],"twitter_card":"summary_large_image","twitter_misc":{"Est. reading time":"3 min\u016btes"},"schema":{"@context":"https:\/\/schema.org","@graph":[{"@type":"WebPage","@id":"https:\/\/kidsplay.lt\/produktas\/reima-zieminis-kombinezonas-lappi\/","url":"https:\/\/kidsplay.lt\/produktas\/reima-zieminis-kombinezonas-lappi\/","name":"Reima \u017eieminis kombinezonas, Lappi - KidsPlay","isPartOf":{"@id":"https:\/\/kidsplay.lt\/#website"},"primaryImageOfPage":{"@id":"https:\/\/kidsplay.lt\/produktas\/reima-zieminis-kombinezonas-lappi\/#primaryimage"},"image":{"@id":"https:\/\/kidsplay.lt\/produktas\/reima-zieminis-kombinezonas-lappi\/#primaryimage"},"thumbnailUrl":"https:\/\/kidsplay.lt\/wp-content\/uploads\/2025\/11\/Screenshot_1007.png","datePublished":"2025-11-12T08:37:31+00:00","dateModified":"2026-02-25T13:48:10+00:00","description":"Reima \u017eieminis kombinezonas, Lappi 74 dydis - KidsPlay. Did\u017eiausias vaik\u0173 \u017eaisl\u0173 pasirinkimas.","breadcrumb":{"@id":"https:\/\/kidsplay.lt\/produktas\/reima-zieminis-kombinezonas-lappi\/#breadcrumb"},"inLanguage":"lv-LV","potentialAction":[{"@type":"ReadAction","target":["https:\/\/kidsplay.lt\/produktas\/reima-zieminis-kombinezonas-lappi\/"]}]},{"@type":"ImageObject","inLanguage":"lv-LV","@id":"https:\/\/kidsplay.lt\/produktas\/reima-zieminis-kombinezonas-lappi\/#primaryimage","url":"https:\/\/kidsplay.lt\/wp-content\/uploads\/2025\/11\/Screenshot_1007.png","contentUrl":"https:\/\/kidsplay.lt\/wp-content\/uploads\/2025\/11\/Screenshot_1007.png","width":315,"height":494},{"@type":"BreadcrumbList","@id":"https:\/\/kidsplay.lt\/produktas\/reima-zieminis-kombinezonas-lappi\/#breadcrumb","itemListElement":[{"@type":"ListItem","position":1,"name":"Pagrindinis","item":"https:\/\/kidsplay.lt\/"},{"@type":"ListItem","position":2,"name":"Parduotuv\u0117","item":"https:\/\/kidsplay.lt\/parduotuve\/"},{"@type":"ListItem","position":3,"name":"Reima \u017eieminis kombinezonas, Lappi"}]},{"@type":"WebSite","@id":"https:\/\/kidsplay.lt\/#website","url":"https:\/\/kidsplay.lt\/","name":"B\u0113rnu sp\u0113les.lv","description":"\u012evairios prek\u0117s vaikams","publisher":{"@id":"https:\/\/kidsplay.lt\/#organization"},"alternateName":"Kidsplay","potentialAction":[{"@type":"SearchAction","target":{"@type":"EntryPoint","urlTemplate":"https:\/\/kidsplay.lt\/?s={search_term_string}"},"query-input":{"@type":"PropertyValueSpecification","valueRequired":true,"valueName":"search_term_string"}}],"inLanguage":"lv-LV"},{"@type":"Organization","@id":"https:\/\/kidsplay.lt\/#organization","name":"B\u0113rnu sp\u0113le","url":"https:\/\/kidsplay.lt\/","logo":{"@type":"ImageObject","inLanguage":"lv-LV","@id":"https:\/\/kidsplay.lt\/#\/schema\/logo\/image\/","url":"https:\/\/kidsplay.lt\/wp-content\/uploads\/2023\/07\/kidsplay-logo.png","contentUrl":"https:\/\/kidsplay.lt\/wp-content\/uploads\/2023\/07\/kidsplay-logo.png","width":451,"height":98,"caption":"KidsPlay"},"image":{"@id":"https:\/\/kidsplay.lt\/#\/schema\/logo\/image\/"},"sameAs":["https:\/\/www.facebook.com\/www.kidsplay.lt"]}]}},"_links":{"self":[{"href":"https:\/\/kidsplay.lt\/lv\/wp-json\/wp\/v2\/product\/80118","targetHints":{"allow":["GET"]}}],"collection":[{"href":"https:\/\/kidsplay.lt\/lv\/wp-json\/wp\/v2\/product"}],"about":[{"href":"https:\/\/kidsplay.lt\/lv\/wp-json\/wp\/v2\/types\/product"}],"version-history":[{"count":3,"href":"https:\/\/kidsplay.lt\/lv\/wp-json\/wp\/v2\/product\/80118\/revisions"}],"predecessor-version":[{"id":81505,"href":"https:\/\/kidsplay.lt\/lv\/wp-json\/wp\/v2\/product\/80118\/revisions\/81505"}],"wp:featuredmedia":[{"embeddable":true,"href":"https:\/\/kidsplay.lt\/lv\/wp-json\/wp\/v2\/media\/80120"}],"wp:attachment":[{"href":"https:\/\/kidsplay.lt\/lv\/wp-json\/wp\/v2\/media?parent=80118"}],"wp:term":[{"taxonomy":"product_brand","embeddable":true,"href":"https:\/\/kidsplay.lt\/lv\/wp-json\/wp\/v2\/product_brand?post=80118"},{"taxonomy":"product_cat","embeddable":true,"href":"https:\/\/kidsplay.lt\/lv\/wp-json\/wp\/v2\/product_cat?post=80118"},{"taxonomy":"product_tag","embeddable":true,"href":"https:\/\/kidsplay.lt\/lv\/wp-json\/wp\/v2\/product_tag?post=80118"}],"curies":[{"name":"wp","href":"https:\/\/api.w.org\/{rel}","templated":true}]}}