{"id":80290,"date":"2025-11-17T13:35:46","date_gmt":"2025-11-17T11:35:46","guid":{"rendered":"https:\/\/kidsplay.lt\/produktas\/masterkidz-stem-board-pipe-system-84-elementu-rutulinis-vandens-takelis\/"},"modified":"2026-04-07T09:57:29","modified_gmt":"2026-04-07T06:57:29","slug":"masterkidz-stem-board-pipe-system-84-elementu-rutulinis-vandens-takelis","status":"publish","type":"product","link":"https:\/\/kidsplay.lt\/lv\/products\/masterkidz-stem-board-pipe-system-84-elementu-rutulinis-vandens-takelis\/","title":{"rendered":"MASTERKIDZ STEM Board Pipe System 84 Elementu rutulinis vandens takelis"},"content":{"rendered":"<p>Prad\u0117kite k\u016brybines, edukacines pramogas su STEM lent\u0173 vamzd\u017ei\u0173 sistema\u00a0Masterkidz!\u00a0\u0160is statybinis rinkinys &#8211; tai tikra fizikos d\u0117sni\u0173 tyrimo laboratorija, kurioje vaikai gali nutiesti be galo daug farvateri\u0173, steb\u0117ti vandens t\u0117km\u0119 ir prakti\u0161kai atrasti gravitacijos principus.\u00a0Rinkiniui galite \u012fsigyti vandens siurbl\u012f, kuris linksmybes padarys dar \u012fdomesnes. Per vamzd\u017ei\u0173 sistem\u0105\u00a0taip pat galite \u017eaisti spalvingas kamuoliukus<\/p>\n<p>Raksturojums:<\/p>\n<p> \t&#8211; Vaikams nuo 3 metu<br \/>\n \t&#8211; 84 dali\u0173 komplektas suteikia beveik begalines farvaterio ar rutulinio takelio tiesimo galimybes<br \/>\n \t&#8211; Pagaminta i\u0161 auk\u0161tos kokyb\u0117s med\u017eiag\u0173<br \/>\n \t&#8211; Suderinamas su Masterkidz STEM plok\u0161t\u0117mis<\/p>\n<p>Rinkinyje yra 84 elementai, \u012fskaitant::<\/p>\n<p> \t&#8211; Vamzd\u017eiai &#8211; 2&#215;120 cm, 8&#215;25 cm, 8&#215;10 cm<br \/>\n \t&#8211; Vamzd\u017ei\u0173 jungtys &#8211; 15 vnt.<br \/>\n \t&#8211; Montavimo sagtys &#8211; 12 vnt.<br \/>\n \t&#8211; Montavimo var\u017etai &#8211; 24 vnt.<br \/>\n \t&#8211; Vandens vo\u017etuvas &#8211; 1 vnt.<br \/>\n \t&#8211; Spalvingi rutuliukai &#8211; 5 vnt.<br \/>\n \t&#8211; Vandens perpildymo indas &#8211; 2 vnt.<br \/>\n \t&#8211; Piltuv\u0117lis &#8211; 2 vnt.<br \/>\n \t&#8211; Galin\u0117 dalis &#8211; 1 vnt.<br \/>\n \t&#8211; Ragas &#8211; 4 vnt.<\/p>","protected":false},"excerpt":{"rendered":"<p>Prad\u0117kite k\u016brybines, edukacines pramogas su STEM lent\u0173 vamzd\u017ei\u0173 sistema\u00a0Masterkidz!\u00a0\u0160is statybinis rinkinys &#8211; tai tikra fizikos d\u0117sni\u0173 tyrimo laboratorija, kurioje vaikai<\/p>","protected":false},"featured_media":80292,"template":"","meta":{"_acf_changed":false,"_glsr_average":0,"_glsr_ranking":0,"_glsr_reviews":0},"product_brand":[],"product_cat":[673,229],"product_tag":[],"class_list":{"0":"post-80290","1":"product","2":"type-product","3":"status-publish","4":"has-post-thumbnail","6":"product_cat-ugdomosios-priemones","7":"product_cat-zaislai-vaikams","8":"\"style=\"background-color: #2ecc711c;\"","10":"first","11":"instock","12":"purchasable","13":"product-type-simple"},"acf":[],"yoast_head":"<!-- This site is optimized with the Yoast SEO plugin v27.3 - https:\/\/yoast.com\/product\/yoast-seo-wordpress\/ -->\n<title>MASTERKIDZ STEM Board Pipe System 84 Elementu rutulinis vandens takelis<\/title>\n<meta name=\"description\" content=\"MASTERKIDZ STEM Board Pipe System 84 Elementu rutulinis vandens takelis - KidsPlay. Did\u017eiausias vaik\u0173 \u017eaisl\u0173 pasirinkimas.\" \/>\n<meta name=\"robots\" content=\"index, follow, max-snippet:-1, max-image-preview:large, max-video-preview:-1\" \/>\n<link rel=\"canonical\" href=\"https:\/\/kidsplay.lt\/lv\/products\/masterkidz-stem-board-pipe-system-84-elementu-rutulinis-vandens-takelis\/\" \/>\n<meta property=\"og:locale\" content=\"lv_LV\" \/>\n<meta property=\"og:type\" content=\"article\" \/>\n<meta property=\"og:title\" content=\"MASTERKIDZ STEM Board Pipe System 84 Elementu rutulinis vandens takelis\" \/>\n<meta property=\"og:description\" content=\"MASTERKIDZ STEM Board Pipe System 84 Elementu rutulinis vandens takelis - KidsPlay. Did\u017eiausias vaik\u0173 \u017eaisl\u0173 pasirinkimas.\" \/>\n<meta property=\"og:url\" content=\"https:\/\/kidsplay.lt\/lv\/products\/masterkidz-stem-board-pipe-system-84-elementu-rutulinis-vandens-takelis\/\" \/>\n<meta property=\"og:site_name\" content=\"KidsPlay\" \/>\n<meta property=\"article:publisher\" content=\"https:\/\/www.facebook.com\/www.kidsplay.lt\" \/>\n<meta property=\"article:modified_time\" content=\"2026-04-07T06:57:29+00:00\" \/>\n<meta property=\"og:image\" content=\"https:\/\/kidsplay.lt\/wp-content\/uploads\/2025\/11\/MASTERKIDZ-STEM-Board-Pipe-System-84-Elementu-rutulinis-vandens-takelis.jpg\" \/>\n\t<meta property=\"og:image:width\" content=\"1000\" \/>\n\t<meta property=\"og:image:height\" content=\"1000\" \/>\n\t<meta property=\"og:image:type\" content=\"image\/jpeg\" \/>\n<meta name=\"twitter:card\" content=\"summary_large_image\" \/>\n<meta name=\"twitter:label1\" content=\"Est. reading time\" \/>\n\t<meta name=\"twitter:data1\" content=\"1 min\u016bte\" \/>\n<script type=\"application\/ld+json\" class=\"yoast-schema-graph\">{\"@context\":\"https:\\\/\\\/schema.org\",\"@graph\":[{\"@type\":\"WebPage\",\"@id\":\"https:\\\/\\\/kidsplay.lt\\\/produktas\\\/masterkidz-stem-board-pipe-system-84-elementu-rutulinis-vandens-takelis\\\/\",\"url\":\"https:\\\/\\\/kidsplay.lt\\\/produktas\\\/masterkidz-stem-board-pipe-system-84-elementu-rutulinis-vandens-takelis\\\/\",\"name\":\"MASTERKIDZ STEM Board Pipe System 84 Elementu rutulinis vandens takelis\",\"isPartOf\":{\"@id\":\"https:\\\/\\\/kidsplay.lt\\\/#website\"},\"primaryImageOfPage\":{\"@id\":\"https:\\\/\\\/kidsplay.lt\\\/produktas\\\/masterkidz-stem-board-pipe-system-84-elementu-rutulinis-vandens-takelis\\\/#primaryimage\"},\"image\":{\"@id\":\"https:\\\/\\\/kidsplay.lt\\\/produktas\\\/masterkidz-stem-board-pipe-system-84-elementu-rutulinis-vandens-takelis\\\/#primaryimage\"},\"thumbnailUrl\":\"https:\\\/\\\/kidsplay.lt\\\/wp-content\\\/uploads\\\/2025\\\/11\\\/MASTERKIDZ-STEM-Board-Pipe-System-84-Elementu-rutulinis-vandens-takelis.jpg\",\"datePublished\":\"2025-11-17T11:35:46+00:00\",\"dateModified\":\"2026-04-07T06:57:29+00:00\",\"description\":\"MASTERKIDZ STEM Board Pipe System 84 Elementu rutulinis vandens takelis - KidsPlay. Did\u017eiausias vaik\u0173 \u017eaisl\u0173 pasirinkimas.\",\"breadcrumb\":{\"@id\":\"https:\\\/\\\/kidsplay.lt\\\/produktas\\\/masterkidz-stem-board-pipe-system-84-elementu-rutulinis-vandens-takelis\\\/#breadcrumb\"},\"inLanguage\":\"lv-LV\",\"potentialAction\":[{\"@type\":\"ReadAction\",\"target\":[\"https:\\\/\\\/kidsplay.lt\\\/produktas\\\/masterkidz-stem-board-pipe-system-84-elementu-rutulinis-vandens-takelis\\\/\"]}]},{\"@type\":\"ImageObject\",\"inLanguage\":\"lv-LV\",\"@id\":\"https:\\\/\\\/kidsplay.lt\\\/produktas\\\/masterkidz-stem-board-pipe-system-84-elementu-rutulinis-vandens-takelis\\\/#primaryimage\",\"url\":\"https:\\\/\\\/kidsplay.lt\\\/wp-content\\\/uploads\\\/2025\\\/11\\\/MASTERKIDZ-STEM-Board-Pipe-System-84-Elementu-rutulinis-vandens-takelis.jpg\",\"contentUrl\":\"https:\\\/\\\/kidsplay.lt\\\/wp-content\\\/uploads\\\/2025\\\/11\\\/MASTERKIDZ-STEM-Board-Pipe-System-84-Elementu-rutulinis-vandens-takelis.jpg\",\"width\":1000,\"height\":1000,\"caption\":\"MASTERKIDZ STEM Board Pipe System 84 Elementu rutulinis vandens takelis\"},{\"@type\":\"BreadcrumbList\",\"@id\":\"https:\\\/\\\/kidsplay.lt\\\/produktas\\\/masterkidz-stem-board-pipe-system-84-elementu-rutulinis-vandens-takelis\\\/#breadcrumb\",\"itemListElement\":[{\"@type\":\"ListItem\",\"position\":1,\"name\":\"Pagrindinis\",\"item\":\"https:\\\/\\\/kidsplay.lt\\\/\"},{\"@type\":\"ListItem\",\"position\":2,\"name\":\"Parduotuv\u0117\",\"item\":\"https:\\\/\\\/kidsplay.lt\\\/parduotuve\\\/\"},{\"@type\":\"ListItem\",\"position\":3,\"name\":\"MASTERKIDZ STEM Board Pipe System 84 Elementu rutulinis vandens takelis\"}]},{\"@type\":\"WebSite\",\"@id\":\"https:\\\/\\\/kidsplay.lt\\\/#website\",\"url\":\"https:\\\/\\\/kidsplay.lt\\\/\",\"name\":\"Kidsplay.lt\",\"description\":\"\u012evairios prek\u0117s vaikams\",\"publisher\":{\"@id\":\"https:\\\/\\\/kidsplay.lt\\\/#organization\"},\"alternateName\":\"Kidsplay\",\"potentialAction\":[{\"@type\":\"SearchAction\",\"target\":{\"@type\":\"EntryPoint\",\"urlTemplate\":\"https:\\\/\\\/kidsplay.lt\\\/?s={search_term_string}\"},\"query-input\":{\"@type\":\"PropertyValueSpecification\",\"valueRequired\":true,\"valueName\":\"search_term_string\"}}],\"inLanguage\":\"lv-LV\"},{\"@type\":\"Organization\",\"@id\":\"https:\\\/\\\/kidsplay.lt\\\/#organization\",\"name\":\"KidsPlay\",\"url\":\"https:\\\/\\\/kidsplay.lt\\\/\",\"logo\":{\"@type\":\"ImageObject\",\"inLanguage\":\"lv-LV\",\"@id\":\"https:\\\/\\\/kidsplay.lt\\\/#\\\/schema\\\/logo\\\/image\\\/\",\"url\":\"https:\\\/\\\/kidsplay.lt\\\/wp-content\\\/uploads\\\/2023\\\/07\\\/kidsplay-logo.png\",\"contentUrl\":\"https:\\\/\\\/kidsplay.lt\\\/wp-content\\\/uploads\\\/2023\\\/07\\\/kidsplay-logo.png\",\"width\":451,\"height\":98,\"caption\":\"KidsPlay\"},\"image\":{\"@id\":\"https:\\\/\\\/kidsplay.lt\\\/#\\\/schema\\\/logo\\\/image\\\/\"},\"sameAs\":[\"https:\\\/\\\/www.facebook.com\\\/www.kidsplay.lt\"]}]}<\/script>\n<!-- \/ Yoast SEO plugin. -->","yoast_head_json":{"title":"MASTERKIDZ STEM Board Pipe System 84 Elementu rutulinis vandens takelis","description":"MASTERKIDZ STEM Board Pipe System 84 Elementu rutulinis vandens takelis - KidsPlay. Did\u017eiausias vaik\u0173 \u017eaisl\u0173 pasirinkimas.","robots":{"index":"index","follow":"follow","max-snippet":"max-snippet:-1","max-image-preview":"max-image-preview:large","max-video-preview":"max-video-preview:-1"},"canonical":"https:\/\/kidsplay.lt\/lv\/products\/masterkidz-stem-board-pipe-system-84-elementu-rutulinis-vandens-takelis\/","og_locale":"lv_LV","og_type":"article","og_title":"MASTERKIDZ STEM Board Pipe System 84 Elementu rutulinis vandens takelis","og_description":"MASTERKIDZ STEM Board Pipe System 84 Elementu rutulinis vandens takelis - KidsPlay. Did\u017eiausias vaik\u0173 \u017eaisl\u0173 pasirinkimas.","og_url":"https:\/\/kidsplay.lt\/lv\/products\/masterkidz-stem-board-pipe-system-84-elementu-rutulinis-vandens-takelis\/","og_site_name":"KidsPlay","article_publisher":"https:\/\/www.facebook.com\/www.kidsplay.lt","article_modified_time":"2026-04-07T06:57:29+00:00","og_image":[{"width":1000,"height":1000,"url":"https:\/\/kidsplay.lt\/wp-content\/uploads\/2025\/11\/MASTERKIDZ-STEM-Board-Pipe-System-84-Elementu-rutulinis-vandens-takelis.jpg","type":"image\/jpeg"}],"twitter_card":"summary_large_image","twitter_misc":{"Est. reading time":"1 min\u016bte"},"schema":{"@context":"https:\/\/schema.org","@graph":[{"@type":"WebPage","@id":"https:\/\/kidsplay.lt\/produktas\/masterkidz-stem-board-pipe-system-84-elementu-rutulinis-vandens-takelis\/","url":"https:\/\/kidsplay.lt\/produktas\/masterkidz-stem-board-pipe-system-84-elementu-rutulinis-vandens-takelis\/","name":"MASTERKIDZ STEM Board Pipe System 84 Elementu rutulinis vandens takelis","isPartOf":{"@id":"https:\/\/kidsplay.lt\/#website"},"primaryImageOfPage":{"@id":"https:\/\/kidsplay.lt\/produktas\/masterkidz-stem-board-pipe-system-84-elementu-rutulinis-vandens-takelis\/#primaryimage"},"image":{"@id":"https:\/\/kidsplay.lt\/produktas\/masterkidz-stem-board-pipe-system-84-elementu-rutulinis-vandens-takelis\/#primaryimage"},"thumbnailUrl":"https:\/\/kidsplay.lt\/wp-content\/uploads\/2025\/11\/MASTERKIDZ-STEM-Board-Pipe-System-84-Elementu-rutulinis-vandens-takelis.jpg","datePublished":"2025-11-17T11:35:46+00:00","dateModified":"2026-04-07T06:57:29+00:00","description":"MASTERKIDZ STEM Board Pipe System 84 Elementu rutulinis vandens takelis - KidsPlay. Did\u017eiausias vaik\u0173 \u017eaisl\u0173 pasirinkimas.","breadcrumb":{"@id":"https:\/\/kidsplay.lt\/produktas\/masterkidz-stem-board-pipe-system-84-elementu-rutulinis-vandens-takelis\/#breadcrumb"},"inLanguage":"lv-LV","potentialAction":[{"@type":"ReadAction","target":["https:\/\/kidsplay.lt\/produktas\/masterkidz-stem-board-pipe-system-84-elementu-rutulinis-vandens-takelis\/"]}]},{"@type":"ImageObject","inLanguage":"lv-LV","@id":"https:\/\/kidsplay.lt\/produktas\/masterkidz-stem-board-pipe-system-84-elementu-rutulinis-vandens-takelis\/#primaryimage","url":"https:\/\/kidsplay.lt\/wp-content\/uploads\/2025\/11\/MASTERKIDZ-STEM-Board-Pipe-System-84-Elementu-rutulinis-vandens-takelis.jpg","contentUrl":"https:\/\/kidsplay.lt\/wp-content\/uploads\/2025\/11\/MASTERKIDZ-STEM-Board-Pipe-System-84-Elementu-rutulinis-vandens-takelis.jpg","width":1000,"height":1000,"caption":"MASTERKIDZ STEM Board Pipe System 84 Elementu rutulinis vandens takelis"},{"@type":"BreadcrumbList","@id":"https:\/\/kidsplay.lt\/produktas\/masterkidz-stem-board-pipe-system-84-elementu-rutulinis-vandens-takelis\/#breadcrumb","itemListElement":[{"@type":"ListItem","position":1,"name":"Pagrindinis","item":"https:\/\/kidsplay.lt\/"},{"@type":"ListItem","position":2,"name":"Parduotuv\u0117","item":"https:\/\/kidsplay.lt\/parduotuve\/"},{"@type":"ListItem","position":3,"name":"MASTERKIDZ STEM Board Pipe System 84 Elementu rutulinis vandens takelis"}]},{"@type":"WebSite","@id":"https:\/\/kidsplay.lt\/#website","url":"https:\/\/kidsplay.lt\/","name":"B\u0113rnu sp\u0113les.lv","description":"\u012evairios prek\u0117s vaikams","publisher":{"@id":"https:\/\/kidsplay.lt\/#organization"},"alternateName":"Kidsplay","potentialAction":[{"@type":"SearchAction","target":{"@type":"EntryPoint","urlTemplate":"https:\/\/kidsplay.lt\/?s={search_term_string}"},"query-input":{"@type":"PropertyValueSpecification","valueRequired":true,"valueName":"search_term_string"}}],"inLanguage":"lv-LV"},{"@type":"Organization","@id":"https:\/\/kidsplay.lt\/#organization","name":"B\u0113rnu sp\u0113le","url":"https:\/\/kidsplay.lt\/","logo":{"@type":"ImageObject","inLanguage":"lv-LV","@id":"https:\/\/kidsplay.lt\/#\/schema\/logo\/image\/","url":"https:\/\/kidsplay.lt\/wp-content\/uploads\/2023\/07\/kidsplay-logo.png","contentUrl":"https:\/\/kidsplay.lt\/wp-content\/uploads\/2023\/07\/kidsplay-logo.png","width":451,"height":98,"caption":"KidsPlay"},"image":{"@id":"https:\/\/kidsplay.lt\/#\/schema\/logo\/image\/"},"sameAs":["https:\/\/www.facebook.com\/www.kidsplay.lt"]}]}},"_links":{"self":[{"href":"https:\/\/kidsplay.lt\/lv\/wp-json\/wp\/v2\/product\/80290","targetHints":{"allow":["GET"]}}],"collection":[{"href":"https:\/\/kidsplay.lt\/lv\/wp-json\/wp\/v2\/product"}],"about":[{"href":"https:\/\/kidsplay.lt\/lv\/wp-json\/wp\/v2\/types\/product"}],"version-history":[{"count":1,"href":"https:\/\/kidsplay.lt\/lv\/wp-json\/wp\/v2\/product\/80290\/revisions"}],"predecessor-version":[{"id":80291,"href":"https:\/\/kidsplay.lt\/lv\/wp-json\/wp\/v2\/product\/80290\/revisions\/80291"}],"wp:featuredmedia":[{"embeddable":true,"href":"https:\/\/kidsplay.lt\/lv\/wp-json\/wp\/v2\/media\/80292"}],"wp:attachment":[{"href":"https:\/\/kidsplay.lt\/lv\/wp-json\/wp\/v2\/media?parent=80290"}],"wp:term":[{"taxonomy":"product_brand","embeddable":true,"href":"https:\/\/kidsplay.lt\/lv\/wp-json\/wp\/v2\/product_brand?post=80290"},{"taxonomy":"product_cat","embeddable":true,"href":"https:\/\/kidsplay.lt\/lv\/wp-json\/wp\/v2\/product_cat?post=80290"},{"taxonomy":"product_tag","embeddable":true,"href":"https:\/\/kidsplay.lt\/lv\/wp-json\/wp\/v2\/product_tag?post=80290"}],"curies":[{"name":"wp","href":"https:\/\/api.w.org\/{rel}","templated":true}]}}