{"id":80320,"date":"2025-11-17T13:38:05","date_gmt":"2025-11-17T11:38:05","guid":{"rendered":"https:\/\/kidsplay.lt\/produktas\/tooky-toy-mini-city-set-nesiojamu-krepsiu-rinkinys-automobiliai\/"},"modified":"2026-04-07T09:57:38","modified_gmt":"2026-04-07T06:57:38","slug":"tooky-toy-mini-city-set-nesiojamu-krepsiu-rinkinys-automobiliai","status":"publish","type":"product","link":"https:\/\/kidsplay.lt\/lv\/product\/tooky-toy-mini-city-set-nesiojamu-krepsiu-rinkinys-automobiliai\/","title":{"rendered":"TOOKY TOY Mini City Set Ne\u0161iojam\u0173 krep\u0161i\u0173 rinkinys Automobiliai"},"content":{"rendered":"<p>\u012esivaizduokite piln\u0105, pasak\u0173 miest\u0105, u\u017edaryt\u0105 eleganti\u0161kame, veltinio \u2013 mai\u0161elyje, paruo\u0161t\u0105 i\u0161siskleisti bet kur! Mini miesto mark\u0117\u00a0Tooky \u017daislas\u00a0tai ne tik \u017eaislas, tai visa nuotyki\u0173 visata, kuri\u0105 j\u016bs\u0173 vaikas gali sukurti namuose ar atostogaudamas. Spalvingas komplektas su vaivoryk\u0161t\u0117s vartais, mediniais pastatais, gelb\u0117jimo ma\u0161inomis ir lanks\u010diais kelio elementais kvie\u010dia \u012f begalines linksmybi\u0173 galimybes. Kiekvienas elementas buvo sukurtas atkreipiant d\u0117mes\u012f \u012f detales \u2013 nuo linksmos greitosios pagalbos automobilio, per \u0161viesoforus iki \u017eavingo med\u017eio. Tai miestas, kuris niekada nemiega ir visada laukia nauj\u0173 istorij\u0173!<\/p>\n<p>Raksturojums:<\/p>\n<p> \t&#8211; Vaikams nuo\u00a018 m\u0117nuo\u00a0gyvenimas<br \/>\n \t&#8211; Pagaminta i\u0161 auk\u0161tos kokyb\u0117s med\u017eiag\u0173<br \/>\n \t&#8211; Ne\u0161iojamas dizainas mai\u0161elio pavidalu leid\u017eia surinkti vis\u0105 miest\u0105 \u012f patogi\u0105 ir ne\u0161iojam\u0105 form\u0105<br \/>\n \t&#8211; Lankst\u016bs kelio elementai leid\u017eia kurti bet kok\u012f miesto dizain\u0105<br \/>\n \t&#8211; Suderinamas su kitais Mini City rinkiniais<\/p>\n<p>Komplekt\u0101 ietilpst:<\/p>\n<p> \t&#8211; Medinis lagaminas<br \/>\n \t&#8211; 14 veltinio kelio komponent\u0173<br \/>\n \t&#8211; 3 transporto priemon\u0117s<br \/>\n \t&#8211; 3 pastatai<br \/>\n \t&#8211; Kelio \u017eenklas<br \/>\n \t&#8211; \u0160viesoforas<\/p>","protected":false},"excerpt":{"rendered":"<p>\u012esivaizduokite piln\u0105, pasak\u0173 miest\u0105, u\u017edaryt\u0105 eleganti\u0161kame, veltinio \u2013 mai\u0161elyje, paruo\u0161t\u0105 i\u0161siskleisti bet kur! Mini miesto mark\u0117\u00a0Tooky \u017daislas\u00a0tai ne tik \u017eaislas,<\/p>","protected":false},"featured_media":80322,"template":"","meta":{"_acf_changed":false,"_glsr_average":0,"_glsr_ranking":0,"_glsr_reviews":0},"product_brand":[],"product_cat":[891,883,229],"product_tag":[],"class_list":{"0":"post-80320","1":"product","2":"type-product","3":"status-publish","4":"has-post-thumbnail","6":"product_cat-medines-transporto-priemones","7":"product_cat-mediniai-zaislai-2","8":"product_cat-zaislai-vaikams","9":"\"style=\"background-color: #2ecc711c;\"","11":"first","12":"instock","13":"purchasable","14":"product-type-simple"},"acf":[],"yoast_head":"<!-- This site is optimized with the Yoast SEO plugin v27.3 - https:\/\/yoast.com\/product\/yoast-seo-wordpress\/ -->\n<title>TOOKY TOY Mini City Set Ne\u0161iojam\u0173 krep\u0161i\u0173 rinkinys Automobiliai<\/title>\n<meta name=\"description\" content=\"TOOKY TOY Mini City Set Ne\u0161iojam\u0173 krep\u0161i\u0173 rinkinys Automobiliai - KidsPlay. Did\u017eiausias vaik\u0173 \u017eaisl\u0173 pasirinkimas.\" \/>\n<meta name=\"robots\" content=\"index, follow, max-snippet:-1, max-image-preview:large, max-video-preview:-1\" \/>\n<link rel=\"canonical\" href=\"https:\/\/kidsplay.lt\/lv\/product\/tooky-toy-mini-city-set-nesiojamu-krepsiu-rinkinys-automobiliai\/\" \/>\n<meta property=\"og:locale\" content=\"lv_LV\" \/>\n<meta property=\"og:type\" content=\"article\" \/>\n<meta property=\"og:title\" content=\"TOOKY TOY Mini City Set Ne\u0161iojam\u0173 krep\u0161i\u0173 rinkinys Automobiliai\" \/>\n<meta property=\"og:description\" content=\"TOOKY TOY Mini City Set Ne\u0161iojam\u0173 krep\u0161i\u0173 rinkinys Automobiliai - KidsPlay. Did\u017eiausias vaik\u0173 \u017eaisl\u0173 pasirinkimas.\" \/>\n<meta property=\"og:url\" content=\"https:\/\/kidsplay.lt\/lv\/product\/tooky-toy-mini-city-set-nesiojamu-krepsiu-rinkinys-automobiliai\/\" \/>\n<meta property=\"og:site_name\" content=\"KidsPlay\" \/>\n<meta property=\"article:publisher\" content=\"https:\/\/www.facebook.com\/www.kidsplay.lt\" \/>\n<meta property=\"article:modified_time\" content=\"2026-04-07T06:57:38+00:00\" \/>\n<meta property=\"og:image\" content=\"https:\/\/kidsplay.lt\/wp-content\/uploads\/2025\/11\/TOOKY-TOY-Mini-City-Set-Nesiojamu-krepsiu-rinkinys-Automobiliai.jpg\" \/>\n\t<meta property=\"og:image:width\" content=\"1000\" \/>\n\t<meta property=\"og:image:height\" content=\"1000\" \/>\n\t<meta property=\"og:image:type\" content=\"image\/jpeg\" \/>\n<meta name=\"twitter:card\" content=\"summary_large_image\" \/>\n<meta name=\"twitter:label1\" content=\"Est. reading time\" \/>\n\t<meta name=\"twitter:data1\" content=\"1 min\u016bte\" \/>\n<script type=\"application\/ld+json\" class=\"yoast-schema-graph\">{\"@context\":\"https:\\\/\\\/schema.org\",\"@graph\":[{\"@type\":\"WebPage\",\"@id\":\"https:\\\/\\\/kidsplay.lt\\\/produktas\\\/tooky-toy-mini-city-set-nesiojamu-krepsiu-rinkinys-automobiliai\\\/\",\"url\":\"https:\\\/\\\/kidsplay.lt\\\/produktas\\\/tooky-toy-mini-city-set-nesiojamu-krepsiu-rinkinys-automobiliai\\\/\",\"name\":\"TOOKY TOY Mini City Set Ne\u0161iojam\u0173 krep\u0161i\u0173 rinkinys Automobiliai\",\"isPartOf\":{\"@id\":\"https:\\\/\\\/kidsplay.lt\\\/#website\"},\"primaryImageOfPage\":{\"@id\":\"https:\\\/\\\/kidsplay.lt\\\/produktas\\\/tooky-toy-mini-city-set-nesiojamu-krepsiu-rinkinys-automobiliai\\\/#primaryimage\"},\"image\":{\"@id\":\"https:\\\/\\\/kidsplay.lt\\\/produktas\\\/tooky-toy-mini-city-set-nesiojamu-krepsiu-rinkinys-automobiliai\\\/#primaryimage\"},\"thumbnailUrl\":\"https:\\\/\\\/kidsplay.lt\\\/wp-content\\\/uploads\\\/2025\\\/11\\\/TOOKY-TOY-Mini-City-Set-Nesiojamu-krepsiu-rinkinys-Automobiliai.jpg\",\"datePublished\":\"2025-11-17T11:38:05+00:00\",\"dateModified\":\"2026-04-07T06:57:38+00:00\",\"description\":\"TOOKY TOY Mini City Set Ne\u0161iojam\u0173 krep\u0161i\u0173 rinkinys Automobiliai - KidsPlay. Did\u017eiausias vaik\u0173 \u017eaisl\u0173 pasirinkimas.\",\"breadcrumb\":{\"@id\":\"https:\\\/\\\/kidsplay.lt\\\/produktas\\\/tooky-toy-mini-city-set-nesiojamu-krepsiu-rinkinys-automobiliai\\\/#breadcrumb\"},\"inLanguage\":\"lv-LV\",\"potentialAction\":[{\"@type\":\"ReadAction\",\"target\":[\"https:\\\/\\\/kidsplay.lt\\\/produktas\\\/tooky-toy-mini-city-set-nesiojamu-krepsiu-rinkinys-automobiliai\\\/\"]}]},{\"@type\":\"ImageObject\",\"inLanguage\":\"lv-LV\",\"@id\":\"https:\\\/\\\/kidsplay.lt\\\/produktas\\\/tooky-toy-mini-city-set-nesiojamu-krepsiu-rinkinys-automobiliai\\\/#primaryimage\",\"url\":\"https:\\\/\\\/kidsplay.lt\\\/wp-content\\\/uploads\\\/2025\\\/11\\\/TOOKY-TOY-Mini-City-Set-Nesiojamu-krepsiu-rinkinys-Automobiliai.jpg\",\"contentUrl\":\"https:\\\/\\\/kidsplay.lt\\\/wp-content\\\/uploads\\\/2025\\\/11\\\/TOOKY-TOY-Mini-City-Set-Nesiojamu-krepsiu-rinkinys-Automobiliai.jpg\",\"width\":1000,\"height\":1000,\"caption\":\"TOOKY TOY Mini City Set Ne\u0161iojam\u0173 krep\u0161i\u0173 rinkinys Automobiliai\"},{\"@type\":\"BreadcrumbList\",\"@id\":\"https:\\\/\\\/kidsplay.lt\\\/produktas\\\/tooky-toy-mini-city-set-nesiojamu-krepsiu-rinkinys-automobiliai\\\/#breadcrumb\",\"itemListElement\":[{\"@type\":\"ListItem\",\"position\":1,\"name\":\"Pagrindinis\",\"item\":\"https:\\\/\\\/kidsplay.lt\\\/\"},{\"@type\":\"ListItem\",\"position\":2,\"name\":\"Parduotuv\u0117\",\"item\":\"https:\\\/\\\/kidsplay.lt\\\/parduotuve\\\/\"},{\"@type\":\"ListItem\",\"position\":3,\"name\":\"TOOKY TOY Mini City Set Ne\u0161iojam\u0173 krep\u0161i\u0173 rinkinys Automobiliai\"}]},{\"@type\":\"WebSite\",\"@id\":\"https:\\\/\\\/kidsplay.lt\\\/#website\",\"url\":\"https:\\\/\\\/kidsplay.lt\\\/\",\"name\":\"Kidsplay.lt\",\"description\":\"\u012evairios prek\u0117s vaikams\",\"publisher\":{\"@id\":\"https:\\\/\\\/kidsplay.lt\\\/#organization\"},\"alternateName\":\"Kidsplay\",\"potentialAction\":[{\"@type\":\"SearchAction\",\"target\":{\"@type\":\"EntryPoint\",\"urlTemplate\":\"https:\\\/\\\/kidsplay.lt\\\/?s={search_term_string}\"},\"query-input\":{\"@type\":\"PropertyValueSpecification\",\"valueRequired\":true,\"valueName\":\"search_term_string\"}}],\"inLanguage\":\"lv-LV\"},{\"@type\":\"Organization\",\"@id\":\"https:\\\/\\\/kidsplay.lt\\\/#organization\",\"name\":\"KidsPlay\",\"url\":\"https:\\\/\\\/kidsplay.lt\\\/\",\"logo\":{\"@type\":\"ImageObject\",\"inLanguage\":\"lv-LV\",\"@id\":\"https:\\\/\\\/kidsplay.lt\\\/#\\\/schema\\\/logo\\\/image\\\/\",\"url\":\"https:\\\/\\\/kidsplay.lt\\\/wp-content\\\/uploads\\\/2023\\\/07\\\/kidsplay-logo.png\",\"contentUrl\":\"https:\\\/\\\/kidsplay.lt\\\/wp-content\\\/uploads\\\/2023\\\/07\\\/kidsplay-logo.png\",\"width\":451,\"height\":98,\"caption\":\"KidsPlay\"},\"image\":{\"@id\":\"https:\\\/\\\/kidsplay.lt\\\/#\\\/schema\\\/logo\\\/image\\\/\"},\"sameAs\":[\"https:\\\/\\\/www.facebook.com\\\/www.kidsplay.lt\"]}]}<\/script>\n<!-- \/ Yoast SEO plugin. -->","yoast_head_json":{"title":"TOOKY TOY Mini City Set Ne\u0161iojam\u0173 krep\u0161i\u0173 rinkinys Automobiliai","description":"TOOKY TOY Mini City Set Ne\u0161iojam\u0173 krep\u0161i\u0173 rinkinys Automobiliai - KidsPlay. Did\u017eiausias vaik\u0173 \u017eaisl\u0173 pasirinkimas.","robots":{"index":"index","follow":"follow","max-snippet":"max-snippet:-1","max-image-preview":"max-image-preview:large","max-video-preview":"max-video-preview:-1"},"canonical":"https:\/\/kidsplay.lt\/lv\/product\/tooky-toy-mini-city-set-nesiojamu-krepsiu-rinkinys-automobiliai\/","og_locale":"lv_LV","og_type":"article","og_title":"TOOKY TOY Mini City Set Ne\u0161iojam\u0173 krep\u0161i\u0173 rinkinys Automobiliai","og_description":"TOOKY TOY Mini City Set Ne\u0161iojam\u0173 krep\u0161i\u0173 rinkinys Automobiliai - KidsPlay. Did\u017eiausias vaik\u0173 \u017eaisl\u0173 pasirinkimas.","og_url":"https:\/\/kidsplay.lt\/lv\/product\/tooky-toy-mini-city-set-nesiojamu-krepsiu-rinkinys-automobiliai\/","og_site_name":"KidsPlay","article_publisher":"https:\/\/www.facebook.com\/www.kidsplay.lt","article_modified_time":"2026-04-07T06:57:38+00:00","og_image":[{"width":1000,"height":1000,"url":"https:\/\/kidsplay.lt\/wp-content\/uploads\/2025\/11\/TOOKY-TOY-Mini-City-Set-Nesiojamu-krepsiu-rinkinys-Automobiliai.jpg","type":"image\/jpeg"}],"twitter_card":"summary_large_image","twitter_misc":{"Est. reading time":"1 min\u016bte"},"schema":{"@context":"https:\/\/schema.org","@graph":[{"@type":"WebPage","@id":"https:\/\/kidsplay.lt\/produktas\/tooky-toy-mini-city-set-nesiojamu-krepsiu-rinkinys-automobiliai\/","url":"https:\/\/kidsplay.lt\/produktas\/tooky-toy-mini-city-set-nesiojamu-krepsiu-rinkinys-automobiliai\/","name":"TOOKY TOY Mini City Set Ne\u0161iojam\u0173 krep\u0161i\u0173 rinkinys Automobiliai","isPartOf":{"@id":"https:\/\/kidsplay.lt\/#website"},"primaryImageOfPage":{"@id":"https:\/\/kidsplay.lt\/produktas\/tooky-toy-mini-city-set-nesiojamu-krepsiu-rinkinys-automobiliai\/#primaryimage"},"image":{"@id":"https:\/\/kidsplay.lt\/produktas\/tooky-toy-mini-city-set-nesiojamu-krepsiu-rinkinys-automobiliai\/#primaryimage"},"thumbnailUrl":"https:\/\/kidsplay.lt\/wp-content\/uploads\/2025\/11\/TOOKY-TOY-Mini-City-Set-Nesiojamu-krepsiu-rinkinys-Automobiliai.jpg","datePublished":"2025-11-17T11:38:05+00:00","dateModified":"2026-04-07T06:57:38+00:00","description":"TOOKY TOY Mini City Set Ne\u0161iojam\u0173 krep\u0161i\u0173 rinkinys Automobiliai - KidsPlay. Did\u017eiausias vaik\u0173 \u017eaisl\u0173 pasirinkimas.","breadcrumb":{"@id":"https:\/\/kidsplay.lt\/produktas\/tooky-toy-mini-city-set-nesiojamu-krepsiu-rinkinys-automobiliai\/#breadcrumb"},"inLanguage":"lv-LV","potentialAction":[{"@type":"ReadAction","target":["https:\/\/kidsplay.lt\/produktas\/tooky-toy-mini-city-set-nesiojamu-krepsiu-rinkinys-automobiliai\/"]}]},{"@type":"ImageObject","inLanguage":"lv-LV","@id":"https:\/\/kidsplay.lt\/produktas\/tooky-toy-mini-city-set-nesiojamu-krepsiu-rinkinys-automobiliai\/#primaryimage","url":"https:\/\/kidsplay.lt\/wp-content\/uploads\/2025\/11\/TOOKY-TOY-Mini-City-Set-Nesiojamu-krepsiu-rinkinys-Automobiliai.jpg","contentUrl":"https:\/\/kidsplay.lt\/wp-content\/uploads\/2025\/11\/TOOKY-TOY-Mini-City-Set-Nesiojamu-krepsiu-rinkinys-Automobiliai.jpg","width":1000,"height":1000,"caption":"TOOKY TOY Mini City Set Ne\u0161iojam\u0173 krep\u0161i\u0173 rinkinys Automobiliai"},{"@type":"BreadcrumbList","@id":"https:\/\/kidsplay.lt\/produktas\/tooky-toy-mini-city-set-nesiojamu-krepsiu-rinkinys-automobiliai\/#breadcrumb","itemListElement":[{"@type":"ListItem","position":1,"name":"Pagrindinis","item":"https:\/\/kidsplay.lt\/"},{"@type":"ListItem","position":2,"name":"Parduotuv\u0117","item":"https:\/\/kidsplay.lt\/parduotuve\/"},{"@type":"ListItem","position":3,"name":"TOOKY TOY Mini City Set Ne\u0161iojam\u0173 krep\u0161i\u0173 rinkinys Automobiliai"}]},{"@type":"WebSite","@id":"https:\/\/kidsplay.lt\/#website","url":"https:\/\/kidsplay.lt\/","name":"B\u0113rnu sp\u0113les.lv","description":"\u012evairios prek\u0117s vaikams","publisher":{"@id":"https:\/\/kidsplay.lt\/#organization"},"alternateName":"Kidsplay","potentialAction":[{"@type":"SearchAction","target":{"@type":"EntryPoint","urlTemplate":"https:\/\/kidsplay.lt\/?s={search_term_string}"},"query-input":{"@type":"PropertyValueSpecification","valueRequired":true,"valueName":"search_term_string"}}],"inLanguage":"lv-LV"},{"@type":"Organization","@id":"https:\/\/kidsplay.lt\/#organization","name":"B\u0113rnu sp\u0113le","url":"https:\/\/kidsplay.lt\/","logo":{"@type":"ImageObject","inLanguage":"lv-LV","@id":"https:\/\/kidsplay.lt\/#\/schema\/logo\/image\/","url":"https:\/\/kidsplay.lt\/wp-content\/uploads\/2023\/07\/kidsplay-logo.png","contentUrl":"https:\/\/kidsplay.lt\/wp-content\/uploads\/2023\/07\/kidsplay-logo.png","width":451,"height":98,"caption":"KidsPlay"},"image":{"@id":"https:\/\/kidsplay.lt\/#\/schema\/logo\/image\/"},"sameAs":["https:\/\/www.facebook.com\/www.kidsplay.lt"]}]}},"_links":{"self":[{"href":"https:\/\/kidsplay.lt\/lv\/wp-json\/wp\/v2\/product\/80320","targetHints":{"allow":["GET"]}}],"collection":[{"href":"https:\/\/kidsplay.lt\/lv\/wp-json\/wp\/v2\/product"}],"about":[{"href":"https:\/\/kidsplay.lt\/lv\/wp-json\/wp\/v2\/types\/product"}],"version-history":[{"count":1,"href":"https:\/\/kidsplay.lt\/lv\/wp-json\/wp\/v2\/product\/80320\/revisions"}],"predecessor-version":[{"id":80321,"href":"https:\/\/kidsplay.lt\/lv\/wp-json\/wp\/v2\/product\/80320\/revisions\/80321"}],"wp:featuredmedia":[{"embeddable":true,"href":"https:\/\/kidsplay.lt\/lv\/wp-json\/wp\/v2\/media\/80322"}],"wp:attachment":[{"href":"https:\/\/kidsplay.lt\/lv\/wp-json\/wp\/v2\/media?parent=80320"}],"wp:term":[{"taxonomy":"product_brand","embeddable":true,"href":"https:\/\/kidsplay.lt\/lv\/wp-json\/wp\/v2\/product_brand?post=80320"},{"taxonomy":"product_cat","embeddable":true,"href":"https:\/\/kidsplay.lt\/lv\/wp-json\/wp\/v2\/product_cat?post=80320"},{"taxonomy":"product_tag","embeddable":true,"href":"https:\/\/kidsplay.lt\/lv\/wp-json\/wp\/v2\/product_tag?post=80320"}],"curies":[{"name":"wp","href":"https:\/\/api.w.org\/{rel}","templated":true}]}}