{"id":80325,"date":"2025-11-17T13:38:28","date_gmt":"2025-11-17T11:38:28","guid":{"rendered":"https:\/\/kidsplay.lt\/produktas\/tooky-toy-medinis-kempingas-zidinys-maisto-gaminimo-rinkinys\/"},"modified":"2026-04-13T14:19:00","modified_gmt":"2026-04-13T11:19:00","slug":"tooky-toy-medinis-kempingas-zidinys-maisto-gaminimo-rinkinys","status":"publish","type":"product","link":"https:\/\/kidsplay.lt\/lv\/products\/tooky-toy-medinis-kempingas-zidinys-maisto-gaminimo-rinkinys\/","title":{"rendered":"TOOKY TOY koka kempinga kam\u012bna komplekts"},"content":{"rendered":"<p>Tai nuves j\u016bs\u0173 vaik\u0105 \u012f mi\u0161kus, palapines ir \u012fdomius nuotykius su draugais! \u0160is nepaprastas medinis ugnies gaminimo rinkinys\u00a0Tooky \u017daislas\u00a0tai ne tik \u2013 \u017eaislas, kuris yra bilietas \u012f lauko pramog\u0173 pasaul\u012f, kur kiekvienas kartu su draugais paruo\u0161tas patiekalas tampa nepamir\u0161tamu prisiminimu. D\u0117l nat\u016bralios medienos ir gerai apgalvot\u0173 detali\u0173 vaikas jausis tikru stovyklautoju, mokantis dalijimosi, bendradarbiavimo ir k\u016brybi\u0161kumo vert\u0117s. \u0160is rinkinys puikiai derina autenti\u0161kas linksmybes su saugumu ir ilgaam\u017ei\u0161kumu \u2013 yra tai, ko ie\u0161ko s\u0105moningi t\u0117vai.<\/p>\n<p>Raksturojums:<\/p>\n<p> \t&#8211; Vaikams nuo\u00a03 metu<br \/>\n \t\u2013 Izgatavots no augstas kvalit\u0101tes materi\u0101liem<br \/>\n \t&#8211; Pilnas komplektas su visais \u012frankiais, kuri\u0173 reikia skaniai pavalgyti<br \/>\n \t&#8211; Lau\u017eas su kepimo pagrindu<br \/>\n \t&#8211; Prakti\u0161kas krep\u0161ys rinkiniui ne\u0161ti<br \/>\n \t&#8211; Maisto produktai, skirti ruo\u0161ti maist\u0105<br \/>\n \t&#8211; Ie\u0161meliai\/ugnies kepimas<\/p>\n<p>Komplekt\u0101 ietilpst:<\/p>\n<p> \t&#8211; Maisto gaminimo pagrindas<br \/>\n \t&#8211; Krovini\u0173 krep\u0161ys<br \/>\n \t&#8211; 2 Ugnies lau\u017eo dalys<br \/>\n \t&#8211; Grilis<br \/>\n \t&#8211; Ki\u0161eninis peilis<br \/>\n \t&#8211; Puodas<br \/>\n \t&#8211; 2 puodeliai<br \/>\n \t&#8211; \u0160ak\u0117<br \/>\n \t&#8211; M\u0117sos smaigalys<br \/>\n \t&#8211; \u0160auk\u0161tas<br \/>\n \t&#8211; Peilis<br \/>\n \t&#8211; \u017dnypl\u0117s<br \/>\n \t&#8211; \u017dibintuv\u0117lis<br \/>\n \t&#8211; Druska<br \/>\n \t&#8211; Pipirai<br \/>\n \t&#8211; 2 l\u0117k\u0161t\u0117s<br \/>\n \t&#8211; 2 ie\u0161meli\u0173 lazdel\u0117s<br \/>\n \t&#8211; Kepsnys<br \/>\n \t&#8211; De\u0161ra<br \/>\n \t&#8211; \u017duvis<br \/>\n \t&#8211; \u0160onin\u0117s gabalas<br \/>\n \t&#8211; Svog\u016bn\u0173 gabalas<br \/>\n \t&#8211; \u0160okoladas<br \/>\n \t&#8211; Krekeris<br \/>\n \t&#8211; Ananas\u0173 pleistras<br \/>\n \t&#8211; Pomidor\u0173 pleistras<br \/>\n \t&#8211; Gryb\u0173 pleistras<br \/>\n \t&#8211; Gelton\u0173j\u0173 pipir\u0173 pleistras<br \/>\n \t&#8211; Krevet\u0117s<br \/>\n \t&#8211; 2 putos<\/p>","protected":false},"excerpt":{"rendered":"<p>Tai nuves j\u016bs\u0173 vaik\u0105 \u012f mi\u0161kus, palapines ir \u012fdomius nuotykius su draugais! \u0160is nepaprastas medinis ugnies gaminimo rinkinys\u00a0Tooky \u017daislas\u00a0tai ne<\/p>","protected":false},"featured_media":80327,"template":"","meta":{"_acf_changed":false,"_glsr_average":0,"_glsr_ranking":0,"_glsr_reviews":0},"product_brand":[],"product_cat":[399,229],"product_tag":[],"class_list":{"0":"post-80325","1":"product","2":"type-product","3":"status-publish","4":"has-post-thumbnail","6":"product_cat-vaidmenu-zaidimai-2","7":"product_cat-zaislai-vaikams","8":"\"style=\"background-color: #2ecc711c;\"","10":"first","11":"instock","12":"purchasable","13":"product-type-simple"},"acf":[],"yoast_head":"<!-- This site is optimized with the Yoast SEO plugin v27.4 - https:\/\/yoast.com\/product\/yoast-seo-wordpress\/ -->\n<title>TOOKY TOY Medinis kempingas \u017didinys Maisto gaminimo rinkinys<\/title>\n<meta name=\"description\" content=\"TOOKY TOY Medinis kempingas \u017didinys Maisto gaminimo rinkinys - KidsPlay. Did\u017eiausias vaik\u0173 \u017eaisl\u0173 pasirinkimas.\" \/>\n<meta name=\"robots\" content=\"index, follow, max-snippet:-1, max-image-preview:large, max-video-preview:-1\" \/>\n<link rel=\"canonical\" href=\"https:\/\/kidsplay.lt\/lv\/products\/tooky-toy-medinis-kempingas-zidinys-maisto-gaminimo-rinkinys\/\" \/>\n<meta property=\"og:locale\" content=\"lv_LV\" \/>\n<meta property=\"og:type\" content=\"article\" \/>\n<meta property=\"og:title\" content=\"TOOKY TOY Medinis kempingas \u017didinys Maisto gaminimo rinkinys\" \/>\n<meta property=\"og:description\" content=\"TOOKY TOY Medinis kempingas \u017didinys Maisto gaminimo rinkinys - KidsPlay. Did\u017eiausias vaik\u0173 \u017eaisl\u0173 pasirinkimas.\" \/>\n<meta property=\"og:url\" content=\"https:\/\/kidsplay.lt\/lv\/products\/tooky-toy-medinis-kempingas-zidinys-maisto-gaminimo-rinkinys\/\" \/>\n<meta property=\"og:site_name\" content=\"KidsPlay\" \/>\n<meta property=\"article:publisher\" content=\"https:\/\/www.facebook.com\/www.kidsplay.lt\" \/>\n<meta property=\"article:modified_time\" content=\"2026-04-13T11:19:00+00:00\" \/>\n<meta property=\"og:image\" content=\"https:\/\/kidsplay.lt\/wp-content\/uploads\/2025\/11\/TOOKY-TOY-Medinis-kempingas-Zidinys-Maisto-gaminimo-rinkinys.jpg\" \/>\n\t<meta property=\"og:image:width\" content=\"1000\" \/>\n\t<meta property=\"og:image:height\" content=\"1000\" \/>\n\t<meta property=\"og:image:type\" content=\"image\/jpeg\" \/>\n<meta name=\"twitter:card\" content=\"summary_large_image\" \/>\n<meta name=\"twitter:label1\" content=\"Est. reading time\" \/>\n\t<meta name=\"twitter:data1\" content=\"1 min\u016bte\" \/>\n<script type=\"application\/ld+json\" class=\"yoast-schema-graph\">{\"@context\":\"https:\\\/\\\/schema.org\",\"@graph\":[{\"@type\":\"WebPage\",\"@id\":\"https:\\\/\\\/kidsplay.lt\\\/produktas\\\/tooky-toy-medinis-kempingas-zidinys-maisto-gaminimo-rinkinys\\\/\",\"url\":\"https:\\\/\\\/kidsplay.lt\\\/produktas\\\/tooky-toy-medinis-kempingas-zidinys-maisto-gaminimo-rinkinys\\\/\",\"name\":\"TOOKY TOY Medinis kempingas \u017didinys Maisto gaminimo rinkinys\",\"isPartOf\":{\"@id\":\"https:\\\/\\\/kidsplay.lt\\\/#website\"},\"primaryImageOfPage\":{\"@id\":\"https:\\\/\\\/kidsplay.lt\\\/produktas\\\/tooky-toy-medinis-kempingas-zidinys-maisto-gaminimo-rinkinys\\\/#primaryimage\"},\"image\":{\"@id\":\"https:\\\/\\\/kidsplay.lt\\\/produktas\\\/tooky-toy-medinis-kempingas-zidinys-maisto-gaminimo-rinkinys\\\/#primaryimage\"},\"thumbnailUrl\":\"https:\\\/\\\/kidsplay.lt\\\/wp-content\\\/uploads\\\/2025\\\/11\\\/TOOKY-TOY-Medinis-kempingas-Zidinys-Maisto-gaminimo-rinkinys.jpg\",\"datePublished\":\"2025-11-17T11:38:28+00:00\",\"dateModified\":\"2026-04-13T11:19:00+00:00\",\"description\":\"TOOKY TOY Medinis kempingas \u017didinys Maisto gaminimo rinkinys - KidsPlay. Did\u017eiausias vaik\u0173 \u017eaisl\u0173 pasirinkimas.\",\"breadcrumb\":{\"@id\":\"https:\\\/\\\/kidsplay.lt\\\/produktas\\\/tooky-toy-medinis-kempingas-zidinys-maisto-gaminimo-rinkinys\\\/#breadcrumb\"},\"inLanguage\":\"lv-LV\",\"potentialAction\":[{\"@type\":\"ReadAction\",\"target\":[\"https:\\\/\\\/kidsplay.lt\\\/produktas\\\/tooky-toy-medinis-kempingas-zidinys-maisto-gaminimo-rinkinys\\\/\"]}]},{\"@type\":\"ImageObject\",\"inLanguage\":\"lv-LV\",\"@id\":\"https:\\\/\\\/kidsplay.lt\\\/produktas\\\/tooky-toy-medinis-kempingas-zidinys-maisto-gaminimo-rinkinys\\\/#primaryimage\",\"url\":\"https:\\\/\\\/kidsplay.lt\\\/wp-content\\\/uploads\\\/2025\\\/11\\\/TOOKY-TOY-Medinis-kempingas-Zidinys-Maisto-gaminimo-rinkinys.jpg\",\"contentUrl\":\"https:\\\/\\\/kidsplay.lt\\\/wp-content\\\/uploads\\\/2025\\\/11\\\/TOOKY-TOY-Medinis-kempingas-Zidinys-Maisto-gaminimo-rinkinys.jpg\",\"width\":1000,\"height\":1000,\"caption\":\"TOOKY TOY Medinis kempingas \u017didinys Maisto gaminimo rinkinys\"},{\"@type\":\"BreadcrumbList\",\"@id\":\"https:\\\/\\\/kidsplay.lt\\\/produktas\\\/tooky-toy-medinis-kempingas-zidinys-maisto-gaminimo-rinkinys\\\/#breadcrumb\",\"itemListElement\":[{\"@type\":\"ListItem\",\"position\":1,\"name\":\"Pagrindinis\",\"item\":\"https:\\\/\\\/kidsplay.lt\\\/\"},{\"@type\":\"ListItem\",\"position\":2,\"name\":\"Parduotuv\u0117\",\"item\":\"https:\\\/\\\/kidsplay.lt\\\/parduotuve\\\/\"},{\"@type\":\"ListItem\",\"position\":3,\"name\":\"TOOKY TOY Medinis kempingas \u017didinys Maisto gaminimo rinkinys\"}]},{\"@type\":\"WebSite\",\"@id\":\"https:\\\/\\\/kidsplay.lt\\\/#website\",\"url\":\"https:\\\/\\\/kidsplay.lt\\\/\",\"name\":\"Kidsplay.lt\",\"description\":\"\u012evairios prek\u0117s vaikams\",\"publisher\":{\"@id\":\"https:\\\/\\\/kidsplay.lt\\\/#organization\"},\"alternateName\":\"Kidsplay\",\"potentialAction\":[{\"@type\":\"SearchAction\",\"target\":{\"@type\":\"EntryPoint\",\"urlTemplate\":\"https:\\\/\\\/kidsplay.lt\\\/?s={search_term_string}\"},\"query-input\":{\"@type\":\"PropertyValueSpecification\",\"valueRequired\":true,\"valueName\":\"search_term_string\"}}],\"inLanguage\":\"lv-LV\"},{\"@type\":\"Organization\",\"@id\":\"https:\\\/\\\/kidsplay.lt\\\/#organization\",\"name\":\"KidsPlay\",\"url\":\"https:\\\/\\\/kidsplay.lt\\\/\",\"logo\":{\"@type\":\"ImageObject\",\"inLanguage\":\"lv-LV\",\"@id\":\"https:\\\/\\\/kidsplay.lt\\\/#\\\/schema\\\/logo\\\/image\\\/\",\"url\":\"https:\\\/\\\/kidsplay.lt\\\/wp-content\\\/uploads\\\/2023\\\/07\\\/kidsplay-logo.png\",\"contentUrl\":\"https:\\\/\\\/kidsplay.lt\\\/wp-content\\\/uploads\\\/2023\\\/07\\\/kidsplay-logo.png\",\"width\":451,\"height\":98,\"caption\":\"KidsPlay\"},\"image\":{\"@id\":\"https:\\\/\\\/kidsplay.lt\\\/#\\\/schema\\\/logo\\\/image\\\/\"},\"sameAs\":[\"https:\\\/\\\/www.facebook.com\\\/www.kidsplay.lt\"]}]}<\/script>\n<!-- \/ Yoast SEO plugin. -->","yoast_head_json":{"title":"TOOKY TOY koka kempinga kam\u012bna komplekts","description":"TOOKY TOY Medinis kempingas \u017didinys Maisto gaminimo rinkinys - KidsPlay. Did\u017eiausias vaik\u0173 \u017eaisl\u0173 pasirinkimas.","robots":{"index":"index","follow":"follow","max-snippet":"max-snippet:-1","max-image-preview":"max-image-preview:large","max-video-preview":"max-video-preview:-1"},"canonical":"https:\/\/kidsplay.lt\/lv\/products\/tooky-toy-medinis-kempingas-zidinys-maisto-gaminimo-rinkinys\/","og_locale":"lv_LV","og_type":"article","og_title":"TOOKY TOY Medinis kempingas \u017didinys Maisto gaminimo rinkinys","og_description":"TOOKY TOY Medinis kempingas \u017didinys Maisto gaminimo rinkinys - KidsPlay. Did\u017eiausias vaik\u0173 \u017eaisl\u0173 pasirinkimas.","og_url":"https:\/\/kidsplay.lt\/lv\/products\/tooky-toy-medinis-kempingas-zidinys-maisto-gaminimo-rinkinys\/","og_site_name":"KidsPlay","article_publisher":"https:\/\/www.facebook.com\/www.kidsplay.lt","article_modified_time":"2026-04-13T11:19:00+00:00","og_image":[{"width":1000,"height":1000,"url":"https:\/\/kidsplay.lt\/wp-content\/uploads\/2025\/11\/TOOKY-TOY-Medinis-kempingas-Zidinys-Maisto-gaminimo-rinkinys.jpg","type":"image\/jpeg"}],"twitter_card":"summary_large_image","twitter_misc":{"Est. reading time":"1 min\u016bte"},"schema":{"@context":"https:\/\/schema.org","@graph":[{"@type":"WebPage","@id":"https:\/\/kidsplay.lt\/produktas\/tooky-toy-medinis-kempingas-zidinys-maisto-gaminimo-rinkinys\/","url":"https:\/\/kidsplay.lt\/produktas\/tooky-toy-medinis-kempingas-zidinys-maisto-gaminimo-rinkinys\/","name":"TOOKY TOY koka kempinga kam\u012bna komplekts","isPartOf":{"@id":"https:\/\/kidsplay.lt\/#website"},"primaryImageOfPage":{"@id":"https:\/\/kidsplay.lt\/produktas\/tooky-toy-medinis-kempingas-zidinys-maisto-gaminimo-rinkinys\/#primaryimage"},"image":{"@id":"https:\/\/kidsplay.lt\/produktas\/tooky-toy-medinis-kempingas-zidinys-maisto-gaminimo-rinkinys\/#primaryimage"},"thumbnailUrl":"https:\/\/kidsplay.lt\/wp-content\/uploads\/2025\/11\/TOOKY-TOY-Medinis-kempingas-Zidinys-Maisto-gaminimo-rinkinys.jpg","datePublished":"2025-11-17T11:38:28+00:00","dateModified":"2026-04-13T11:19:00+00:00","description":"TOOKY TOY Medinis kempingas \u017didinys Maisto gaminimo rinkinys - KidsPlay. Did\u017eiausias vaik\u0173 \u017eaisl\u0173 pasirinkimas.","breadcrumb":{"@id":"https:\/\/kidsplay.lt\/produktas\/tooky-toy-medinis-kempingas-zidinys-maisto-gaminimo-rinkinys\/#breadcrumb"},"inLanguage":"lv-LV","potentialAction":[{"@type":"ReadAction","target":["https:\/\/kidsplay.lt\/produktas\/tooky-toy-medinis-kempingas-zidinys-maisto-gaminimo-rinkinys\/"]}]},{"@type":"ImageObject","inLanguage":"lv-LV","@id":"https:\/\/kidsplay.lt\/produktas\/tooky-toy-medinis-kempingas-zidinys-maisto-gaminimo-rinkinys\/#primaryimage","url":"https:\/\/kidsplay.lt\/wp-content\/uploads\/2025\/11\/TOOKY-TOY-Medinis-kempingas-Zidinys-Maisto-gaminimo-rinkinys.jpg","contentUrl":"https:\/\/kidsplay.lt\/wp-content\/uploads\/2025\/11\/TOOKY-TOY-Medinis-kempingas-Zidinys-Maisto-gaminimo-rinkinys.jpg","width":1000,"height":1000,"caption":"TOOKY TOY Medinis kempingas \u017didinys Maisto gaminimo rinkinys"},{"@type":"BreadcrumbList","@id":"https:\/\/kidsplay.lt\/produktas\/tooky-toy-medinis-kempingas-zidinys-maisto-gaminimo-rinkinys\/#breadcrumb","itemListElement":[{"@type":"ListItem","position":1,"name":"Pagrindinis","item":"https:\/\/kidsplay.lt\/"},{"@type":"ListItem","position":2,"name":"Parduotuv\u0117","item":"https:\/\/kidsplay.lt\/parduotuve\/"},{"@type":"ListItem","position":3,"name":"TOOKY TOY Medinis kempingas \u017didinys Maisto gaminimo rinkinys"}]},{"@type":"WebSite","@id":"https:\/\/kidsplay.lt\/#website","url":"https:\/\/kidsplay.lt\/","name":"B\u0113rnu sp\u0113les.lv","description":"\u012evairios prek\u0117s vaikams","publisher":{"@id":"https:\/\/kidsplay.lt\/#organization"},"alternateName":"Kidsplay","potentialAction":[{"@type":"SearchAction","target":{"@type":"EntryPoint","urlTemplate":"https:\/\/kidsplay.lt\/?s={search_term_string}"},"query-input":{"@type":"PropertyValueSpecification","valueRequired":true,"valueName":"search_term_string"}}],"inLanguage":"lv-LV"},{"@type":"Organization","@id":"https:\/\/kidsplay.lt\/#organization","name":"B\u0113rnu sp\u0113le","url":"https:\/\/kidsplay.lt\/","logo":{"@type":"ImageObject","inLanguage":"lv-LV","@id":"https:\/\/kidsplay.lt\/#\/schema\/logo\/image\/","url":"https:\/\/kidsplay.lt\/wp-content\/uploads\/2023\/07\/kidsplay-logo.png","contentUrl":"https:\/\/kidsplay.lt\/wp-content\/uploads\/2023\/07\/kidsplay-logo.png","width":451,"height":98,"caption":"KidsPlay"},"image":{"@id":"https:\/\/kidsplay.lt\/#\/schema\/logo\/image\/"},"sameAs":["https:\/\/www.facebook.com\/www.kidsplay.lt"]}]}},"_links":{"self":[{"href":"https:\/\/kidsplay.lt\/lv\/wp-json\/wp\/v2\/product\/80325","targetHints":{"allow":["GET"]}}],"collection":[{"href":"https:\/\/kidsplay.lt\/lv\/wp-json\/wp\/v2\/product"}],"about":[{"href":"https:\/\/kidsplay.lt\/lv\/wp-json\/wp\/v2\/types\/product"}],"version-history":[{"count":1,"href":"https:\/\/kidsplay.lt\/lv\/wp-json\/wp\/v2\/product\/80325\/revisions"}],"predecessor-version":[{"id":80326,"href":"https:\/\/kidsplay.lt\/lv\/wp-json\/wp\/v2\/product\/80325\/revisions\/80326"}],"wp:featuredmedia":[{"embeddable":true,"href":"https:\/\/kidsplay.lt\/lv\/wp-json\/wp\/v2\/media\/80327"}],"wp:attachment":[{"href":"https:\/\/kidsplay.lt\/lv\/wp-json\/wp\/v2\/media?parent=80325"}],"wp:term":[{"taxonomy":"product_brand","embeddable":true,"href":"https:\/\/kidsplay.lt\/lv\/wp-json\/wp\/v2\/product_brand?post=80325"},{"taxonomy":"product_cat","embeddable":true,"href":"https:\/\/kidsplay.lt\/lv\/wp-json\/wp\/v2\/product_cat?post=80325"},{"taxonomy":"product_tag","embeddable":true,"href":"https:\/\/kidsplay.lt\/lv\/wp-json\/wp\/v2\/product_tag?post=80325"}],"curies":[{"name":"wp","href":"https:\/\/api.w.org\/{rel}","templated":true}]}}